{"id":182529,"date":"2025-04-15T17:34:40","date_gmt":"2025-04-15T15:34:40","guid":{"rendered":"https:\/\/tourtravelandmore.com\/?post_type=product&#038;p=182529"},"modified":"2025-04-15T17:40:21","modified_gmt":"2025-04-15T15:40:21","slug":"tour-privado-a-los-castillos-de-alnwick-y-bamburgh-copy","status":"publish","type":"product","link":"https:\/\/tourtravelandmore.com\/es\/tours\/escocia-es\/edinburgo-es\/edinburgo-rutas-turisticas-privadas-es\/tour-privado-a-los-castillos-de-alnwick-y-bamburgh-copy\/","title":{"rendered":"Tour privado a Stirling desde Edimburgo"},"content":{"rendered":"<h2><strong>Tour privado a Stirling desde Edimburgo Descripci\u00f3n<\/strong><\/h2>\n<p>Descubra el coraz\u00f3n de la historia escocesa con nuestro <b>tour privado a Stirling desde Edimburgo<\/b>. Esta experiencia exclusiva de 8 horas, ofrecida por Tour Travel &amp; More, combina comodidad, cultura e historias cautivadoras, perfecta para los viajeros que buscan una comprensi\u00f3n m\u00e1s profunda del pasado de Escocia.<\/p>\n<p>Su d\u00eda comienza con una recogida privada en el lugar que desee de Edimburgo en un veh\u00edculo de lujo y con un ch\u00f3fer profesional. Disfrute de un recorrido panor\u00e1mico por las Tierras Bajas mientras se dirige a Stirling, a menudo llamada la \u00abPuerta de las Tierras Altas\u00bb.<\/p>\n<p>Este tour es la mezcla perfecta de historia, cultura y tradici\u00f3n, ideal para los viajeros que buscan una experiencia escocesa m\u00e1s profunda y aut\u00e9ntica.<\/p>\n<h2>Tour privado a Stirling desde Edimburgo | Puntos de inter\u00e9s y monumentos<\/h2>\n<p>A su llegada, conozca a su <b>experto gu\u00eda local<\/b> para una <b>visita guiada privada de 3 horas<\/b> por los lugares emblem\u00e1ticos de la ciudad. Explore el majestuoso <b>castillo de Stirling<\/b>, encaramado en lo alto de una roca volc\u00e1nica, y descubra historias de realeza, batallas e intrigas. Siga los pasos de leyendas escocesas como William Wallace y Robert the Bruce mientras se adentra en la rica historia de la regi\u00f3n.<\/p>\n<p>Despu\u00e9s de la visita guiada, disfrute de tiempo libre para explorar a su propio ritmo, tomar un almuerzo tradicional escoc\u00e9s o comprar artesan\u00edas locales antes de que su chofer le lleve de vuelta a Edimburgo con total comodidad.<\/p>\n<p>Se trata de una <b>experiencia privada totalmente personalizable<\/b>, dise\u00f1ada para darle la libertad y flexibilidad de disfrutar de Stirling a su manera, con la comodidad de un servicio de primera calidad de principio a fin.<\/p>\n<ul>\n<li>\ud83d\ude97 <b>Veh\u00edculo privado de lujo con chofer durante 8 horas<\/b><\/li>\n<li>\ud83c\udff0 Visita guiada privada de <b>3 horas en Stirling con un gu\u00eda profesional local<\/b><\/li>\n<li>\ud83c\udf04 Visite el <b>castillo de Stirling<\/b> y otros lugares hist\u00f3ricos clave<\/li>\n<li>\ud83d\udcdc Aprenda sobre momentos clave de la historia de Escocia, incluida la batalla del puente de Stirling<\/li>\n<li>\u23f3 Tiempo libre para explorar, cenar o ir de compras a su gusto<\/li>\n<li>\ud83d\udccd Recogida y regreso a su hotel o lugar preferido en Edimburgo<\/li>\n<li>\ud83d\udcbc Itinerario totalmente personalizado y servicio de alta calidad<\/li>\n<\/ul>\n<p>Este tour es perfecto para parejas, familias y grupos peque\u00f1os que buscan una experiencia personalizada y enriquecedora en Edimburgo.<\/p>\n<p><a href=\"https:\/\/tourtravelandmore.com\/es\/ciudad\/escocia-es\/edinburgh-en\/\">Eche un vistazo a todos nuestros tours privados en Edimburgo, \u00a1no se los pierda!<\/a><\/p>\n","protected":false},"excerpt":{"rendered":"<p>Descubra el coraz\u00f3n de la historia escocesa con nuestro <b>tour privado a Stirling desde Edimburgo<\/b>. Esta experiencia exclusiva de 8 horas, ofrecida por Tour Travel &amp; More, combina comodidad, cultura e historias cautivadoras, perfecta para los viajeros que buscan una comprensi\u00f3n m\u00e1s profunda del pasado de Escocia.<\/p>\n","protected":false},"featured_media":182554,"comment_status":"open","ping_status":"closed","template":"","meta":{"_acf_changed":false},"product_brand":[],"product_cat":[1762,1763,1774,1767,1603],"product_tag":[],"class_list":{"0":"post-182529","1":"product","2":"type-product","3":"status-publish","4":"has-post-thumbnail","6":"product_cat-escocia-es","7":"product_cat-edinburgo-es","8":"product_cat-edinburgo-actividades-es","9":"product_cat-edinburgo-rutas-turisticas-privadas-es","10":"product_cat-reino-unido-es","12":"first","13":"instock","14":"shipping-taxable","15":"purchasable","16":"product-type-simple"},"acf":[],"yoast_head":"<!-- This site is optimized with the Yoast SEO Premium plugin v25.3.1 (Yoast SEO v25.3.1) - https:\/\/yoast.com\/wordpress\/plugins\/seo\/ -->\n<title>\u27a1\ufe0f Tour privado a Stirling desde Edimburgo | Tour Travel &amp; More<\/title>\n<meta name=\"description\" content=\"Tour privado a Stirling desde Edimburgo. Disfrute Edimburgo desde la comodidad de un veh\u00edculo privado y conozca sus monumentos m\u00e1s emblem\u00e1ticos \u2705\" \/>\n<meta name=\"robots\" content=\"index, follow, max-snippet:-1, max-image-preview:large, max-video-preview:-1\" \/>\n<link rel=\"canonical\" href=\"https:\/\/tourtravelandmore.com\/es\/tours\/escocia-es\/edinburgo-es\/edinburgo-rutas-turisticas-privadas-es\/tour-privado-a-los-castillos-de-alnwick-y-bamburgh-copy\/\" \/>\n<meta property=\"og:locale\" content=\"es_ES\" \/>\n<meta property=\"og:type\" content=\"article\" \/>\n<meta property=\"og:title\" content=\"Tour privado a Stirling desde Edimburgo\" \/>\n<meta property=\"og:description\" content=\"Tour privado a Stirling desde Edimburgo. Disfrute Edimburgo desde la comodidad de un veh\u00edculo privado y conozca sus monumentos m\u00e1s emblem\u00e1ticos \u2705\" \/>\n<meta property=\"og:url\" content=\"https:\/\/tourtravelandmore.com\/es\/tours\/escocia-es\/edinburgo-es\/edinburgo-rutas-turisticas-privadas-es\/tour-privado-a-los-castillos-de-alnwick-y-bamburgh-copy\/\" \/>\n<meta property=\"og:site_name\" content=\"Tour Travel And More\" \/>\n<meta property=\"article:publisher\" content=\"https:\/\/www.facebook.com\/tourtravelandmore\/\" \/>\n<meta property=\"article:modified_time\" content=\"2025-04-15T15:40:21+00:00\" \/>\n<meta property=\"og:image\" content=\"https:\/\/tourtravelandmore.com\/wp-content\/uploads\/2025\/04\/stirling-1237542_1280.jpg\" \/>\n\t<meta property=\"og:image:width\" content=\"1280\" \/>\n\t<meta property=\"og:image:height\" content=\"941\" \/>\n\t<meta property=\"og:image:type\" content=\"image\/jpeg\" \/>\n<meta name=\"twitter:card\" content=\"summary_large_image\" \/>\n<meta name=\"twitter:site\" content=\"@TourTravel_More\" \/>\n<meta name=\"twitter:label1\" content=\"Tiempo de lectura\" \/>\n\t<meta name=\"twitter:data1\" content=\"2 minutos\" \/>\n<script type=\"application\/ld+json\" class=\"yoast-schema-graph\">{\"@context\":\"https:\/\/schema.org\",\"@graph\":[{\"@type\":\"WebPage\",\"@id\":\"https:\/\/tourtravelandmore.com\/es\/tours\/escocia-es\/edinburgo-es\/edinburgo-rutas-turisticas-privadas-es\/tour-privado-a-los-castillos-de-alnwick-y-bamburgh-copy\/\",\"url\":\"https:\/\/tourtravelandmore.com\/es\/tours\/escocia-es\/edinburgo-es\/edinburgo-rutas-turisticas-privadas-es\/tour-privado-a-los-castillos-de-alnwick-y-bamburgh-copy\/\",\"name\":\"\u27a1\ufe0f Tour privado a Stirling desde Edimburgo | Tour Travel & More\",\"isPartOf\":{\"@id\":\"https:\/\/tourtravelandmore.com\/es\/#website\"},\"primaryImageOfPage\":{\"@id\":\"https:\/\/tourtravelandmore.com\/es\/tours\/escocia-es\/edinburgo-es\/edinburgo-rutas-turisticas-privadas-es\/tour-privado-a-los-castillos-de-alnwick-y-bamburgh-copy\/#primaryimage\"},\"image\":{\"@id\":\"https:\/\/tourtravelandmore.com\/es\/tours\/escocia-es\/edinburgo-es\/edinburgo-rutas-turisticas-privadas-es\/tour-privado-a-los-castillos-de-alnwick-y-bamburgh-copy\/#primaryimage\"},\"thumbnailUrl\":\"https:\/\/tourtravelandmore.com\/wp-content\/uploads\/2025\/04\/stirling-1237542_1280.jpg\",\"datePublished\":\"2025-04-15T15:34:40+00:00\",\"dateModified\":\"2025-04-15T15:40:21+00:00\",\"description\":\"Tour privado a Stirling desde Edimburgo. Disfrute Edimburgo desde la comodidad de un veh\u00edculo privado y conozca sus monumentos m\u00e1s emblem\u00e1ticos \u2705\",\"breadcrumb\":{\"@id\":\"https:\/\/tourtravelandmore.com\/es\/tours\/escocia-es\/edinburgo-es\/edinburgo-rutas-turisticas-privadas-es\/tour-privado-a-los-castillos-de-alnwick-y-bamburgh-copy\/#breadcrumb\"},\"inLanguage\":\"es\",\"potentialAction\":[{\"@type\":\"ReadAction\",\"target\":[\"https:\/\/tourtravelandmore.com\/es\/tours\/escocia-es\/edinburgo-es\/edinburgo-rutas-turisticas-privadas-es\/tour-privado-a-los-castillos-de-alnwick-y-bamburgh-copy\/\"]}]},{\"@type\":\"ImageObject\",\"inLanguage\":\"es\",\"@id\":\"https:\/\/tourtravelandmore.com\/es\/tours\/escocia-es\/edinburgo-es\/edinburgo-rutas-turisticas-privadas-es\/tour-privado-a-los-castillos-de-alnwick-y-bamburgh-copy\/#primaryimage\",\"url\":\"https:\/\/tourtravelandmore.com\/wp-content\/uploads\/2025\/04\/stirling-1237542_1280.jpg\",\"contentUrl\":\"https:\/\/tourtravelandmore.com\/wp-content\/uploads\/2025\/04\/stirling-1237542_1280.jpg\",\"width\":1280,\"height\":941},{\"@type\":\"BreadcrumbList\",\"@id\":\"https:\/\/tourtravelandmore.com\/es\/tours\/escocia-es\/edinburgo-es\/edinburgo-rutas-turisticas-privadas-es\/tour-privado-a-los-castillos-de-alnwick-y-bamburgh-copy\/#breadcrumb\",\"itemListElement\":[{\"@type\":\"ListItem\",\"position\":1,\"name\":\"Home\",\"item\":\"https:\/\/tourtravelandmore.com\/es\/\"},{\"@type\":\"ListItem\",\"position\":2,\"name\":\"Tours\",\"item\":\"https:\/\/tourtravelandmore.com\/es\/tours\/\"},{\"@type\":\"ListItem\",\"position\":3,\"name\":\"Tour privado a Stirling desde Edimburgo\"}]},{\"@type\":\"WebSite\",\"@id\":\"https:\/\/tourtravelandmore.com\/es\/#website\",\"url\":\"https:\/\/tourtravelandmore.com\/es\/\",\"name\":\"Tour Travel And More\",\"description\":\"Private sightseeing tours and luxury transfers in Spain\",\"publisher\":{\"@id\":\"https:\/\/tourtravelandmore.com\/es\/#organization\"},\"potentialAction\":[{\"@type\":\"SearchAction\",\"target\":{\"@type\":\"EntryPoint\",\"urlTemplate\":\"https:\/\/tourtravelandmore.com\/es\/?s={search_term_string}\"},\"query-input\":{\"@type\":\"PropertyValueSpecification\",\"valueRequired\":true,\"valueName\":\"search_term_string\"}}],\"inLanguage\":\"es\"},{\"@type\":\"Organization\",\"@id\":\"https:\/\/tourtravelandmore.com\/es\/#organization\",\"name\":\"Tour Travel And More\",\"url\":\"https:\/\/tourtravelandmore.com\/es\/\",\"logo\":{\"@type\":\"ImageObject\",\"inLanguage\":\"es\",\"@id\":\"https:\/\/tourtravelandmore.com\/es\/#\/schema\/logo\/image\/\",\"url\":\"https:\/\/tourtravelandmore.com\/wp-content\/uploads\/2022\/12\/cropped-logo-cabecera-new.png\",\"contentUrl\":\"https:\/\/tourtravelandmore.com\/wp-content\/uploads\/2022\/12\/cropped-logo-cabecera-new.png\",\"width\":430,\"height\":61,\"caption\":\"Tour Travel And More\"},\"image\":{\"@id\":\"https:\/\/tourtravelandmore.com\/es\/#\/schema\/logo\/image\/\"},\"sameAs\":[\"https:\/\/www.facebook.com\/tourtravelandmore\/\",\"https:\/\/x.com\/TourTravel_More\"]}]}<\/script>\n<!-- \/ Yoast SEO Premium plugin. -->","yoast_head_json":{"title":"\u27a1\ufe0f Tour privado a Stirling desde Edimburgo | Tour Travel & More","description":"Tour privado a Stirling desde Edimburgo. Disfrute Edimburgo desde la comodidad de un veh\u00edculo privado y conozca sus monumentos m\u00e1s emblem\u00e1ticos \u2705","robots":{"index":"index","follow":"follow","max-snippet":"max-snippet:-1","max-image-preview":"max-image-preview:large","max-video-preview":"max-video-preview:-1"},"canonical":"https:\/\/tourtravelandmore.com\/es\/tours\/escocia-es\/edinburgo-es\/edinburgo-rutas-turisticas-privadas-es\/tour-privado-a-los-castillos-de-alnwick-y-bamburgh-copy\/","og_locale":"es_ES","og_type":"article","og_title":"Tour privado a Stirling desde Edimburgo","og_description":"Tour privado a Stirling desde Edimburgo. Disfrute Edimburgo desde la comodidad de un veh\u00edculo privado y conozca sus monumentos m\u00e1s emblem\u00e1ticos \u2705","og_url":"https:\/\/tourtravelandmore.com\/es\/tours\/escocia-es\/edinburgo-es\/edinburgo-rutas-turisticas-privadas-es\/tour-privado-a-los-castillos-de-alnwick-y-bamburgh-copy\/","og_site_name":"Tour Travel And More","article_publisher":"https:\/\/www.facebook.com\/tourtravelandmore\/","article_modified_time":"2025-04-15T15:40:21+00:00","og_image":[{"width":1280,"height":941,"url":"https:\/\/tourtravelandmore.com\/wp-content\/uploads\/2025\/04\/stirling-1237542_1280.jpg","type":"image\/jpeg"}],"twitter_card":"summary_large_image","twitter_site":"@TourTravel_More","twitter_misc":{"Tiempo de lectura":"2 minutos"},"schema":{"@context":"https:\/\/schema.org","@graph":[{"@type":"WebPage","@id":"https:\/\/tourtravelandmore.com\/es\/tours\/escocia-es\/edinburgo-es\/edinburgo-rutas-turisticas-privadas-es\/tour-privado-a-los-castillos-de-alnwick-y-bamburgh-copy\/","url":"https:\/\/tourtravelandmore.com\/es\/tours\/escocia-es\/edinburgo-es\/edinburgo-rutas-turisticas-privadas-es\/tour-privado-a-los-castillos-de-alnwick-y-bamburgh-copy\/","name":"\u27a1\ufe0f Tour privado a Stirling desde Edimburgo | Tour Travel & More","isPartOf":{"@id":"https:\/\/tourtravelandmore.com\/es\/#website"},"primaryImageOfPage":{"@id":"https:\/\/tourtravelandmore.com\/es\/tours\/escocia-es\/edinburgo-es\/edinburgo-rutas-turisticas-privadas-es\/tour-privado-a-los-castillos-de-alnwick-y-bamburgh-copy\/#primaryimage"},"image":{"@id":"https:\/\/tourtravelandmore.com\/es\/tours\/escocia-es\/edinburgo-es\/edinburgo-rutas-turisticas-privadas-es\/tour-privado-a-los-castillos-de-alnwick-y-bamburgh-copy\/#primaryimage"},"thumbnailUrl":"https:\/\/tourtravelandmore.com\/wp-content\/uploads\/2025\/04\/stirling-1237542_1280.jpg","datePublished":"2025-04-15T15:34:40+00:00","dateModified":"2025-04-15T15:40:21+00:00","description":"Tour privado a Stirling desde Edimburgo. Disfrute Edimburgo desde la comodidad de un veh\u00edculo privado y conozca sus monumentos m\u00e1s emblem\u00e1ticos \u2705","breadcrumb":{"@id":"https:\/\/tourtravelandmore.com\/es\/tours\/escocia-es\/edinburgo-es\/edinburgo-rutas-turisticas-privadas-es\/tour-privado-a-los-castillos-de-alnwick-y-bamburgh-copy\/#breadcrumb"},"inLanguage":"es","potentialAction":[{"@type":"ReadAction","target":["https:\/\/tourtravelandmore.com\/es\/tours\/escocia-es\/edinburgo-es\/edinburgo-rutas-turisticas-privadas-es\/tour-privado-a-los-castillos-de-alnwick-y-bamburgh-copy\/"]}]},{"@type":"ImageObject","inLanguage":"es","@id":"https:\/\/tourtravelandmore.com\/es\/tours\/escocia-es\/edinburgo-es\/edinburgo-rutas-turisticas-privadas-es\/tour-privado-a-los-castillos-de-alnwick-y-bamburgh-copy\/#primaryimage","url":"https:\/\/tourtravelandmore.com\/wp-content\/uploads\/2025\/04\/stirling-1237542_1280.jpg","contentUrl":"https:\/\/tourtravelandmore.com\/wp-content\/uploads\/2025\/04\/stirling-1237542_1280.jpg","width":1280,"height":941},{"@type":"BreadcrumbList","@id":"https:\/\/tourtravelandmore.com\/es\/tours\/escocia-es\/edinburgo-es\/edinburgo-rutas-turisticas-privadas-es\/tour-privado-a-los-castillos-de-alnwick-y-bamburgh-copy\/#breadcrumb","itemListElement":[{"@type":"ListItem","position":1,"name":"Home","item":"https:\/\/tourtravelandmore.com\/es\/"},{"@type":"ListItem","position":2,"name":"Tours","item":"https:\/\/tourtravelandmore.com\/es\/tours\/"},{"@type":"ListItem","position":3,"name":"Tour privado a Stirling desde Edimburgo"}]},{"@type":"WebSite","@id":"https:\/\/tourtravelandmore.com\/es\/#website","url":"https:\/\/tourtravelandmore.com\/es\/","name":"Tour Travel And More","description":"Private sightseeing tours and luxury transfers in Spain","publisher":{"@id":"https:\/\/tourtravelandmore.com\/es\/#organization"},"potentialAction":[{"@type":"SearchAction","target":{"@type":"EntryPoint","urlTemplate":"https:\/\/tourtravelandmore.com\/es\/?s={search_term_string}"},"query-input":{"@type":"PropertyValueSpecification","valueRequired":true,"valueName":"search_term_string"}}],"inLanguage":"es"},{"@type":"Organization","@id":"https:\/\/tourtravelandmore.com\/es\/#organization","name":"Tour Travel And More","url":"https:\/\/tourtravelandmore.com\/es\/","logo":{"@type":"ImageObject","inLanguage":"es","@id":"https:\/\/tourtravelandmore.com\/es\/#\/schema\/logo\/image\/","url":"https:\/\/tourtravelandmore.com\/wp-content\/uploads\/2022\/12\/cropped-logo-cabecera-new.png","contentUrl":"https:\/\/tourtravelandmore.com\/wp-content\/uploads\/2022\/12\/cropped-logo-cabecera-new.png","width":430,"height":61,"caption":"Tour Travel And More"},"image":{"@id":"https:\/\/tourtravelandmore.com\/es\/#\/schema\/logo\/image\/"},"sameAs":["https:\/\/www.facebook.com\/tourtravelandmore\/","https:\/\/x.com\/TourTravel_More"]}]}},"_links":{"self":[{"href":"https:\/\/tourtravelandmore.com\/es\/wp-json\/wp\/v2\/product\/182529","targetHints":{"allow":["GET"]}}],"collection":[{"href":"https:\/\/tourtravelandmore.com\/es\/wp-json\/wp\/v2\/product"}],"about":[{"href":"https:\/\/tourtravelandmore.com\/es\/wp-json\/wp\/v2\/types\/product"}],"replies":[{"embeddable":true,"href":"https:\/\/tourtravelandmore.com\/es\/wp-json\/wp\/v2\/comments?post=182529"}],"wp:featuredmedia":[{"embeddable":true,"href":"https:\/\/tourtravelandmore.com\/es\/wp-json\/wp\/v2\/media\/182554"}],"wp:attachment":[{"href":"https:\/\/tourtravelandmore.com\/es\/wp-json\/wp\/v2\/media?parent=182529"}],"wp:term":[{"taxonomy":"product_brand","embeddable":true,"href":"https:\/\/tourtravelandmore.com\/es\/wp-json\/wp\/v2\/product_brand?post=182529"},{"taxonomy":"product_cat","embeddable":true,"href":"https:\/\/tourtravelandmore.com\/es\/wp-json\/wp\/v2\/product_cat?post=182529"},{"taxonomy":"product_tag","embeddable":true,"href":"https:\/\/tourtravelandmore.com\/es\/wp-json\/wp\/v2\/product_tag?post=182529"}],"curies":[{"name":"wp","href":"https:\/\/api.w.org\/{rel}","templated":true}]}}