{"id":182402,"date":"2025-04-14T19:17:40","date_gmt":"2025-04-14T17:17:40","guid":{"rendered":"https:\/\/tourtravelandmore.com\/?post_type=product&#038;p=182402"},"modified":"2025-04-16T18:04:59","modified_gmt":"2025-04-16T16:04:59","slug":"tour-privado-a-stirling-queens-view-y-las-tierras-altas-copy","status":"publish","type":"product","link":"https:\/\/tourtravelandmore.com\/es\/tours\/escocia-es\/edinburgo-es\/edinburgo-rutas-turisticas-privadas-es\/tour-privado-a-stirling-queens-view-y-las-tierras-altas-copy\/","title":{"rendered":"Tour privado a St Andrews, las islas Orcadas y\u00a0Castillo de Dunnottar"},"content":{"rendered":"<h2><strong>Tour privado a St Andrews, las islas Orcadas y\u00a0 Dunnottar Descripci\u00f3n<\/strong><\/h2>\n<p>Emb\u00e1rquese en una experiencia privada de un d\u00eda completo a trav\u00e9s de algunos de los paisajes y lugares hist\u00f3ricos m\u00e1s emblem\u00e1ticos de Escocia. Este tour de 12 horas est\u00e1 dise\u00f1ado para aquellos que deseen explorar el encanto costero del pa\u00eds, el patrimonio real y los espectaculares acantilados, todo ello con total comodidad y con un gu\u00eda-chofer privado en ingl\u00e9s.<\/p>\n<p>Este tour es la mezcla perfecta de historia, cultura y tradici\u00f3n, ideal para los viajeros que buscan una experiencia escocesa m\u00e1s profunda y aut\u00e9ntica.<\/p>\n<h2><strong>Tour privado a St Andrews, las islas Orcadas y\u00a0 Dunnottar<\/strong> | Puntos de inter\u00e9s y lugares emblem\u00e1ticos<\/h2>\n<p>Comenzamos el viaje desde su alojamiento en Edimburgo y nos dirigimos hacia el norte a trav\u00e9s del pintoresco puente Forth Road Bridge hacia el Reino de Fife. Nuestra primera parada es <b>St Andrews<\/b>, la encantadora ciudad costera conocida como el \u00abHogar del Golf\u00bb, con su antigua universidad, las ruinas de la catedral y las pintorescas vistas al mar. Disfrute de un paseo por el casco antiguo o de una visita al Old Course, el campo de golf m\u00e1s antiguo del mundo.<\/p>\n<p>A continuaci\u00f3n, visitaremos <b>Falkland<\/b>, un pueblo bellamente conservado donde el tiempo parece haberse detenido. Descubra el <b>Palacio de Falkland<\/b>, que en su d\u00eda fue el refugio favorito de Mar\u00eda, reina de Escocia, y recorra sus pintorescas calles, que tambi\u00e9n sirvieron como lugares de rodaje para la serie <i>Outlander<\/i>.<\/p>\n<p>A continuaci\u00f3n, viajaremos a trav\u00e9s de la campi\u00f1a hasta los impresionantes <b>acantilados de Dunnottar<\/b>, que ofrecen unas vistas espectaculares del mar del Norte. El punto culminante del d\u00eda nos espera con la visita al <b>castillo de Dunnottar<\/b>, situado en un promontorio rocoso. La entrada est\u00e1 incluida, lo que le dar\u00e1 tiempo para explorar esta legendaria fortaleza, llena de historia y rodeada de un paisaje impresionante.<\/p>\n<p>Despu\u00e9s de un d\u00eda memorable, si\u00e9ntese y rel\u00e1jese mientras le llevamos de vuelta a Edimburgo c\u00f3modamente.<\/p>\n<p>Deje que <b>Tour Travel &amp; More<\/b> le lleve m\u00e1s all\u00e1 de las gu\u00edas tur\u00edsticas con esta aventura escocesa personalizada.<\/p>\n<p><a href=\"https:\/\/tourtravelandmore.com\/es\/ciudad\/escocia-es\/edinburgh-en\/\">Eche un vistazo a todos nuestros tours privados en Edimburgo, \u00a1no se los pierda!<\/a><\/p>\n","protected":false},"excerpt":{"rendered":"<p>Emb\u00e1rquese en una experiencia privada de un d\u00eda completo a trav\u00e9s de algunos de los paisajes y lugares hist\u00f3ricos m\u00e1s emblem\u00e1ticos de Escocia. Este tour de 12 horas est\u00e1 dise\u00f1ado para aquellos que deseen explorar el encanto costero del pa\u00eds, el patrimonio real y los espectaculares acantilados, todo ello con total comodidad y con un gu\u00eda-chofer privado en ingl\u00e9s.<\/p>\n","protected":false},"featured_media":182418,"comment_status":"open","ping_status":"closed","template":"","meta":{"_acf_changed":false},"product_brand":[],"product_cat":[1762,1763,1774,1767,1603],"product_tag":[],"class_list":{"0":"post-182402","1":"product","2":"type-product","3":"status-publish","4":"has-post-thumbnail","6":"product_cat-escocia-es","7":"product_cat-edinburgo-es","8":"product_cat-edinburgo-actividades-es","9":"product_cat-edinburgo-rutas-turisticas-privadas-es","10":"product_cat-reino-unido-es","12":"first","13":"instock","14":"shipping-taxable","15":"purchasable","16":"product-type-simple"},"acf":[],"yoast_head":"<!-- This site is optimized with the Yoast SEO Premium plugin v25.3.1 (Yoast SEO v25.3.1) - https:\/\/yoast.com\/wordpress\/plugins\/seo\/ -->\n<title>\u27a1\ufe0f Tour privado a St Andrews, las islas Orcadas y\u00a0Castillo de Dunnottar | Tour Travel &amp; More<\/title>\n<meta name=\"description\" content=\"Tour privado a St Andrews, las islas Orcadas y\u00a0Castillo de Dunnottar. Disfrute Edimburgo desde la comodidad de un veh\u00edculo privado y conozca sus monumentos m\u00e1s emblem\u00e1ticos \u2705\" \/>\n<meta name=\"robots\" content=\"index, follow, max-snippet:-1, max-image-preview:large, max-video-preview:-1\" \/>\n<link rel=\"canonical\" href=\"https:\/\/tourtravelandmore.com\/es\/tours\/escocia-es\/edinburgo-es\/edinburgo-rutas-turisticas-privadas-es\/tour-privado-a-stirling-queens-view-y-las-tierras-altas-copy\/\" \/>\n<meta property=\"og:locale\" content=\"es_ES\" \/>\n<meta property=\"og:type\" content=\"article\" \/>\n<meta property=\"og:title\" content=\"Tour privado a St Andrews, las islas Orcadas y\u00a0Castillo de Dunnottar\" \/>\n<meta property=\"og:description\" content=\"Tour privado a St Andrews, las islas Orcadas y\u00a0Castillo de Dunnottar. Disfrute Edimburgo desde la comodidad de un veh\u00edculo privado y conozca sus monumentos m\u00e1s emblem\u00e1ticos \u2705\" \/>\n<meta property=\"og:url\" content=\"https:\/\/tourtravelandmore.com\/es\/tours\/escocia-es\/edinburgo-es\/edinburgo-rutas-turisticas-privadas-es\/tour-privado-a-stirling-queens-view-y-las-tierras-altas-copy\/\" \/>\n<meta property=\"og:site_name\" content=\"Tour Travel And More\" \/>\n<meta property=\"article:publisher\" content=\"https:\/\/www.facebook.com\/tourtravelandmore\/\" \/>\n<meta property=\"article:modified_time\" content=\"2025-04-16T16:04:59+00:00\" \/>\n<meta property=\"og:image\" content=\"https:\/\/tourtravelandmore.com\/wp-content\/uploads\/2025\/04\/pexels-pille-kirsi-222198-1717356-1.jpg\" \/>\n\t<meta property=\"og:image:width\" content=\"1280\" \/>\n\t<meta property=\"og:image:height\" content=\"768\" \/>\n\t<meta property=\"og:image:type\" content=\"image\/jpeg\" \/>\n<meta name=\"twitter:card\" content=\"summary_large_image\" \/>\n<meta name=\"twitter:site\" content=\"@TourTravel_More\" \/>\n<meta name=\"twitter:label1\" content=\"Tiempo de lectura\" \/>\n\t<meta name=\"twitter:data1\" content=\"2 minutos\" \/>\n<script type=\"application\/ld+json\" class=\"yoast-schema-graph\">{\"@context\":\"https:\/\/schema.org\",\"@graph\":[{\"@type\":\"WebPage\",\"@id\":\"https:\/\/tourtravelandmore.com\/es\/tours\/escocia-es\/edinburgo-es\/edinburgo-rutas-turisticas-privadas-es\/tour-privado-a-stirling-queens-view-y-las-tierras-altas-copy\/\",\"url\":\"https:\/\/tourtravelandmore.com\/es\/tours\/escocia-es\/edinburgo-es\/edinburgo-rutas-turisticas-privadas-es\/tour-privado-a-stirling-queens-view-y-las-tierras-altas-copy\/\",\"name\":\"\u27a1\ufe0f Tour privado a St Andrews, las islas Orcadas y\u00a0Castillo de Dunnottar | Tour Travel & More\",\"isPartOf\":{\"@id\":\"https:\/\/tourtravelandmore.com\/es\/#website\"},\"primaryImageOfPage\":{\"@id\":\"https:\/\/tourtravelandmore.com\/es\/tours\/escocia-es\/edinburgo-es\/edinburgo-rutas-turisticas-privadas-es\/tour-privado-a-stirling-queens-view-y-las-tierras-altas-copy\/#primaryimage\"},\"image\":{\"@id\":\"https:\/\/tourtravelandmore.com\/es\/tours\/escocia-es\/edinburgo-es\/edinburgo-rutas-turisticas-privadas-es\/tour-privado-a-stirling-queens-view-y-las-tierras-altas-copy\/#primaryimage\"},\"thumbnailUrl\":\"https:\/\/tourtravelandmore.com\/wp-content\/uploads\/2025\/04\/pexels-pille-kirsi-222198-1717356-1.jpg\",\"datePublished\":\"2025-04-14T17:17:40+00:00\",\"dateModified\":\"2025-04-16T16:04:59+00:00\",\"description\":\"Tour privado a St Andrews, las islas Orcadas y\u00a0Castillo de Dunnottar. Disfrute Edimburgo desde la comodidad de un veh\u00edculo privado y conozca sus monumentos m\u00e1s emblem\u00e1ticos \u2705\",\"breadcrumb\":{\"@id\":\"https:\/\/tourtravelandmore.com\/es\/tours\/escocia-es\/edinburgo-es\/edinburgo-rutas-turisticas-privadas-es\/tour-privado-a-stirling-queens-view-y-las-tierras-altas-copy\/#breadcrumb\"},\"inLanguage\":\"es\",\"potentialAction\":[{\"@type\":\"ReadAction\",\"target\":[\"https:\/\/tourtravelandmore.com\/es\/tours\/escocia-es\/edinburgo-es\/edinburgo-rutas-turisticas-privadas-es\/tour-privado-a-stirling-queens-view-y-las-tierras-altas-copy\/\"]}]},{\"@type\":\"ImageObject\",\"inLanguage\":\"es\",\"@id\":\"https:\/\/tourtravelandmore.com\/es\/tours\/escocia-es\/edinburgo-es\/edinburgo-rutas-turisticas-privadas-es\/tour-privado-a-stirling-queens-view-y-las-tierras-altas-copy\/#primaryimage\",\"url\":\"https:\/\/tourtravelandmore.com\/wp-content\/uploads\/2025\/04\/pexels-pille-kirsi-222198-1717356-1.jpg\",\"contentUrl\":\"https:\/\/tourtravelandmore.com\/wp-content\/uploads\/2025\/04\/pexels-pille-kirsi-222198-1717356-1.jpg\",\"width\":1280,\"height\":768},{\"@type\":\"BreadcrumbList\",\"@id\":\"https:\/\/tourtravelandmore.com\/es\/tours\/escocia-es\/edinburgo-es\/edinburgo-rutas-turisticas-privadas-es\/tour-privado-a-stirling-queens-view-y-las-tierras-altas-copy\/#breadcrumb\",\"itemListElement\":[{\"@type\":\"ListItem\",\"position\":1,\"name\":\"Home\",\"item\":\"https:\/\/tourtravelandmore.com\/es\/\"},{\"@type\":\"ListItem\",\"position\":2,\"name\":\"Tours\",\"item\":\"https:\/\/tourtravelandmore.com\/es\/tours\/\"},{\"@type\":\"ListItem\",\"position\":3,\"name\":\"Tour privado a St Andrews, las islas Orcadas y\u00a0Castillo de Dunnottar\"}]},{\"@type\":\"WebSite\",\"@id\":\"https:\/\/tourtravelandmore.com\/es\/#website\",\"url\":\"https:\/\/tourtravelandmore.com\/es\/\",\"name\":\"Tour Travel And More\",\"description\":\"Private sightseeing tours and luxury transfers in Spain\",\"publisher\":{\"@id\":\"https:\/\/tourtravelandmore.com\/es\/#organization\"},\"potentialAction\":[{\"@type\":\"SearchAction\",\"target\":{\"@type\":\"EntryPoint\",\"urlTemplate\":\"https:\/\/tourtravelandmore.com\/es\/?s={search_term_string}\"},\"query-input\":{\"@type\":\"PropertyValueSpecification\",\"valueRequired\":true,\"valueName\":\"search_term_string\"}}],\"inLanguage\":\"es\"},{\"@type\":\"Organization\",\"@id\":\"https:\/\/tourtravelandmore.com\/es\/#organization\",\"name\":\"Tour Travel And More\",\"url\":\"https:\/\/tourtravelandmore.com\/es\/\",\"logo\":{\"@type\":\"ImageObject\",\"inLanguage\":\"es\",\"@id\":\"https:\/\/tourtravelandmore.com\/es\/#\/schema\/logo\/image\/\",\"url\":\"https:\/\/tourtravelandmore.com\/wp-content\/uploads\/2022\/12\/cropped-logo-cabecera-new.png\",\"contentUrl\":\"https:\/\/tourtravelandmore.com\/wp-content\/uploads\/2022\/12\/cropped-logo-cabecera-new.png\",\"width\":430,\"height\":61,\"caption\":\"Tour Travel And More\"},\"image\":{\"@id\":\"https:\/\/tourtravelandmore.com\/es\/#\/schema\/logo\/image\/\"},\"sameAs\":[\"https:\/\/www.facebook.com\/tourtravelandmore\/\",\"https:\/\/x.com\/TourTravel_More\"]}]}<\/script>\n<!-- \/ Yoast SEO Premium plugin. -->","yoast_head_json":{"title":"\u27a1\ufe0f Tour privado a St Andrews, las islas Orcadas y\u00a0Castillo de Dunnottar | Tour Travel & More","description":"Tour privado a St Andrews, las islas Orcadas y\u00a0Castillo de Dunnottar. Disfrute Edimburgo desde la comodidad de un veh\u00edculo privado y conozca sus monumentos m\u00e1s emblem\u00e1ticos \u2705","robots":{"index":"index","follow":"follow","max-snippet":"max-snippet:-1","max-image-preview":"max-image-preview:large","max-video-preview":"max-video-preview:-1"},"canonical":"https:\/\/tourtravelandmore.com\/es\/tours\/escocia-es\/edinburgo-es\/edinburgo-rutas-turisticas-privadas-es\/tour-privado-a-stirling-queens-view-y-las-tierras-altas-copy\/","og_locale":"es_ES","og_type":"article","og_title":"Tour privado a St Andrews, las islas Orcadas y\u00a0Castillo de Dunnottar","og_description":"Tour privado a St Andrews, las islas Orcadas y\u00a0Castillo de Dunnottar. Disfrute Edimburgo desde la comodidad de un veh\u00edculo privado y conozca sus monumentos m\u00e1s emblem\u00e1ticos \u2705","og_url":"https:\/\/tourtravelandmore.com\/es\/tours\/escocia-es\/edinburgo-es\/edinburgo-rutas-turisticas-privadas-es\/tour-privado-a-stirling-queens-view-y-las-tierras-altas-copy\/","og_site_name":"Tour Travel And More","article_publisher":"https:\/\/www.facebook.com\/tourtravelandmore\/","article_modified_time":"2025-04-16T16:04:59+00:00","og_image":[{"width":1280,"height":768,"url":"https:\/\/tourtravelandmore.com\/wp-content\/uploads\/2025\/04\/pexels-pille-kirsi-222198-1717356-1.jpg","type":"image\/jpeg"}],"twitter_card":"summary_large_image","twitter_site":"@TourTravel_More","twitter_misc":{"Tiempo de lectura":"2 minutos"},"schema":{"@context":"https:\/\/schema.org","@graph":[{"@type":"WebPage","@id":"https:\/\/tourtravelandmore.com\/es\/tours\/escocia-es\/edinburgo-es\/edinburgo-rutas-turisticas-privadas-es\/tour-privado-a-stirling-queens-view-y-las-tierras-altas-copy\/","url":"https:\/\/tourtravelandmore.com\/es\/tours\/escocia-es\/edinburgo-es\/edinburgo-rutas-turisticas-privadas-es\/tour-privado-a-stirling-queens-view-y-las-tierras-altas-copy\/","name":"\u27a1\ufe0f Tour privado a St Andrews, las islas Orcadas y\u00a0Castillo de Dunnottar | Tour Travel & More","isPartOf":{"@id":"https:\/\/tourtravelandmore.com\/es\/#website"},"primaryImageOfPage":{"@id":"https:\/\/tourtravelandmore.com\/es\/tours\/escocia-es\/edinburgo-es\/edinburgo-rutas-turisticas-privadas-es\/tour-privado-a-stirling-queens-view-y-las-tierras-altas-copy\/#primaryimage"},"image":{"@id":"https:\/\/tourtravelandmore.com\/es\/tours\/escocia-es\/edinburgo-es\/edinburgo-rutas-turisticas-privadas-es\/tour-privado-a-stirling-queens-view-y-las-tierras-altas-copy\/#primaryimage"},"thumbnailUrl":"https:\/\/tourtravelandmore.com\/wp-content\/uploads\/2025\/04\/pexels-pille-kirsi-222198-1717356-1.jpg","datePublished":"2025-04-14T17:17:40+00:00","dateModified":"2025-04-16T16:04:59+00:00","description":"Tour privado a St Andrews, las islas Orcadas y\u00a0Castillo de Dunnottar. Disfrute Edimburgo desde la comodidad de un veh\u00edculo privado y conozca sus monumentos m\u00e1s emblem\u00e1ticos \u2705","breadcrumb":{"@id":"https:\/\/tourtravelandmore.com\/es\/tours\/escocia-es\/edinburgo-es\/edinburgo-rutas-turisticas-privadas-es\/tour-privado-a-stirling-queens-view-y-las-tierras-altas-copy\/#breadcrumb"},"inLanguage":"es","potentialAction":[{"@type":"ReadAction","target":["https:\/\/tourtravelandmore.com\/es\/tours\/escocia-es\/edinburgo-es\/edinburgo-rutas-turisticas-privadas-es\/tour-privado-a-stirling-queens-view-y-las-tierras-altas-copy\/"]}]},{"@type":"ImageObject","inLanguage":"es","@id":"https:\/\/tourtravelandmore.com\/es\/tours\/escocia-es\/edinburgo-es\/edinburgo-rutas-turisticas-privadas-es\/tour-privado-a-stirling-queens-view-y-las-tierras-altas-copy\/#primaryimage","url":"https:\/\/tourtravelandmore.com\/wp-content\/uploads\/2025\/04\/pexels-pille-kirsi-222198-1717356-1.jpg","contentUrl":"https:\/\/tourtravelandmore.com\/wp-content\/uploads\/2025\/04\/pexels-pille-kirsi-222198-1717356-1.jpg","width":1280,"height":768},{"@type":"BreadcrumbList","@id":"https:\/\/tourtravelandmore.com\/es\/tours\/escocia-es\/edinburgo-es\/edinburgo-rutas-turisticas-privadas-es\/tour-privado-a-stirling-queens-view-y-las-tierras-altas-copy\/#breadcrumb","itemListElement":[{"@type":"ListItem","position":1,"name":"Home","item":"https:\/\/tourtravelandmore.com\/es\/"},{"@type":"ListItem","position":2,"name":"Tours","item":"https:\/\/tourtravelandmore.com\/es\/tours\/"},{"@type":"ListItem","position":3,"name":"Tour privado a St Andrews, las islas Orcadas y\u00a0Castillo de Dunnottar"}]},{"@type":"WebSite","@id":"https:\/\/tourtravelandmore.com\/es\/#website","url":"https:\/\/tourtravelandmore.com\/es\/","name":"Tour Travel And More","description":"Private sightseeing tours and luxury transfers in Spain","publisher":{"@id":"https:\/\/tourtravelandmore.com\/es\/#organization"},"potentialAction":[{"@type":"SearchAction","target":{"@type":"EntryPoint","urlTemplate":"https:\/\/tourtravelandmore.com\/es\/?s={search_term_string}"},"query-input":{"@type":"PropertyValueSpecification","valueRequired":true,"valueName":"search_term_string"}}],"inLanguage":"es"},{"@type":"Organization","@id":"https:\/\/tourtravelandmore.com\/es\/#organization","name":"Tour Travel And More","url":"https:\/\/tourtravelandmore.com\/es\/","logo":{"@type":"ImageObject","inLanguage":"es","@id":"https:\/\/tourtravelandmore.com\/es\/#\/schema\/logo\/image\/","url":"https:\/\/tourtravelandmore.com\/wp-content\/uploads\/2022\/12\/cropped-logo-cabecera-new.png","contentUrl":"https:\/\/tourtravelandmore.com\/wp-content\/uploads\/2022\/12\/cropped-logo-cabecera-new.png","width":430,"height":61,"caption":"Tour Travel And More"},"image":{"@id":"https:\/\/tourtravelandmore.com\/es\/#\/schema\/logo\/image\/"},"sameAs":["https:\/\/www.facebook.com\/tourtravelandmore\/","https:\/\/x.com\/TourTravel_More"]}]}},"_links":{"self":[{"href":"https:\/\/tourtravelandmore.com\/es\/wp-json\/wp\/v2\/product\/182402","targetHints":{"allow":["GET"]}}],"collection":[{"href":"https:\/\/tourtravelandmore.com\/es\/wp-json\/wp\/v2\/product"}],"about":[{"href":"https:\/\/tourtravelandmore.com\/es\/wp-json\/wp\/v2\/types\/product"}],"replies":[{"embeddable":true,"href":"https:\/\/tourtravelandmore.com\/es\/wp-json\/wp\/v2\/comments?post=182402"}],"wp:featuredmedia":[{"embeddable":true,"href":"https:\/\/tourtravelandmore.com\/es\/wp-json\/wp\/v2\/media\/182418"}],"wp:attachment":[{"href":"https:\/\/tourtravelandmore.com\/es\/wp-json\/wp\/v2\/media?parent=182402"}],"wp:term":[{"taxonomy":"product_brand","embeddable":true,"href":"https:\/\/tourtravelandmore.com\/es\/wp-json\/wp\/v2\/product_brand?post=182402"},{"taxonomy":"product_cat","embeddable":true,"href":"https:\/\/tourtravelandmore.com\/es\/wp-json\/wp\/v2\/product_cat?post=182402"},{"taxonomy":"product_tag","embeddable":true,"href":"https:\/\/tourtravelandmore.com\/es\/wp-json\/wp\/v2\/product_tag?post=182402"}],"curies":[{"name":"wp","href":"https:\/\/api.w.org\/{rel}","templated":true}]}}