{"id":182275,"date":"2025-04-11T18:34:20","date_gmt":"2025-04-11T16:34:21","guid":{"rendered":"https:\/\/tourtravelandmore.com\/?post_type=product&#038;p=182275"},"modified":"2025-04-11T18:54:35","modified_gmt":"2025-04-11T16:54:35","slug":"tour-privado-de-outlander-desde-edimburgo-copy","status":"publish","type":"product","link":"https:\/\/tourtravelandmore.com\/es\/tours\/escocia-es\/edinburgo-es\/edinburgo-rutas-turisticas-privadas-es\/tour-privado-de-outlander-desde-edimburgo-copy\/","title":{"rendered":"Tour privado de un d\u00eda a Glasgow desde Edimburgo"},"content":{"rendered":"<h2><b>Tour privado de un d\u00eda a Glasgow desde Edimburgo Descripci\u00f3n<\/b><\/h2>\n<p>Descubra la vibrante escena cultural y el rico patrimonio industrial de <b>Glasgow<\/b> con nuestro exclusivo <b>tour privado de un d\u00eda desde Edimburgo<\/b>. Disfrute de un c\u00f3modo viaje de 8 horas con su ch\u00f3fer privado, que le ofrecer\u00e1 una experiencia perfecta y relajante de principio a fin. A su llegada a Glasgow, conozca a su experto gu\u00eda local para realizar un fascinante recorrido a pie o panor\u00e1mico de 4 horas, en ingl\u00e9s, dise\u00f1ado para ofrecerle una visi\u00f3n profunda del pasado y el presente de la ciudad.<\/p>\n<p>Ya sea que est\u00e9 reviviendo escenas clave o descubriendo la belleza de Escocia por primera vez, este recorrido promete un d\u00eda inolvidable lleno de leyendas, romance e historia.<\/p>\n<p>Esta experiencia personalizada le permite explorar Glasgow a su propio ritmo, con la flexibilidad de adaptar el itinerario a sus intereses. Desde su gran arquitectura victoriana hasta centros de arte contempor\u00e1neo y monumentos hist\u00f3ricos, este recorrido privado es la introducci\u00f3n perfecta a la ciudad m\u00e1s grande de Escocia.<\/p>\n<h2>Tour privado de un d\u00eda a Glasgow desde Edimburgo | Puntos de inter\u00e9s y lugares de inter\u00e9s<\/h2>\n<p>Despu\u00e9s de una c\u00f3moda y f\u00e1cil recogida, comencemos este tour privado por Edimburgo. Es una experiencia perfecta para conocer lo mejor de la ciudad.<\/p>\n<p>Le llevaremos a los lugares m\u00e1s emblem\u00e1ticos de la ciudad. Esto incluir\u00e1:<\/p>\n<ul>\n<li><b>Traslado privado desde Edimburgo<\/b>: Viaje con comodidad y estilo con su ch\u00f3fer privado, disfrutando del pintoresco viaje entre las dos principales ciudades de Escocia.<\/li>\n<li>Gu\u00eda local<b> experto en Glasgow (4 horas)<\/b>: Descubra las historias que se esconden tras los lugares emblem\u00e1ticos de Glasgow con un gu\u00eda profesional de habla inglesa.<\/li>\n<li>George Square y City Chambers: Comience su visita guiada en el coraz\u00f3n de Glasgow, rodeado de una impresionante arquitectura del siglo XIX.<\/li>\n<li>Catedral y Necr\u00f3polis de Glasgow (visita exterior): Visite esta magn\u00edfica catedral medieval y explore el cementerio de la \u00e9poca victoriana con vistas panor\u00e1micas de la ciudad.<\/li>\n<li><b>Merchant City<\/b>: Pasee por uno de los barrios m\u00e1s de moda de Glasgow, repleto de boutiques, cafeter\u00edas y un rico patrimonio arquitect\u00f3nico.<\/li>\n<li><b>Itinerario flexible<\/b>: Personalice la experiencia para que se adapte a sus intereses, ya sea que prefiera la historia, el arte, las compras o la arquitectura.<\/li>\n<\/ul>\n<p>Este tour es ideal para viajeros que buscan una excursi\u00f3n de un d\u00eda c\u00f3moda y profunda con atenci\u00f3n personalizada y experiencia local. Regrese a Edimburgo al final de la tarde, con recuerdos inolvidables de la energ\u00eda, la historia y el encanto de Glasgow.<\/p>\n<p><a href=\"https:\/\/tourtravelandmore.com\/es\/ciudad\/escocia-es\/edinburgh-en\/\">Eche un vistazo a todos nuestros tours privados en Edimburgo, \u00a1no se los pierda!<\/a><\/p>\n","protected":false},"excerpt":{"rendered":"<p>Descubra la vibrante escena cultural y el rico patrimonio industrial de <b>Glasgow<\/b> con nuestro exclusivo <b>tour privado de un d\u00eda desde Edimburgo<\/b>. Disfrute de un c\u00f3modo viaje de 8 horas con su ch\u00f3fer privado, que le ofrecer\u00e1 una experiencia perfecta y relajante de principio a fin. A su llegada a Glasgow, conozca a su experto gu\u00eda local para realizar un fascinante recorrido a pie o panor\u00e1mico de 4 horas, en ingl\u00e9s, dise\u00f1ado para ofrecerle una visi\u00f3n profunda del pasado y el presente de la ciudad.<\/p>\n","protected":false},"featured_media":182291,"comment_status":"open","ping_status":"closed","template":"","meta":{"_acf_changed":false},"product_brand":[],"product_cat":[1762,1763,1774,1767,1603],"product_tag":[],"class_list":{"0":"post-182275","1":"product","2":"type-product","3":"status-publish","4":"has-post-thumbnail","6":"product_cat-escocia-es","7":"product_cat-edinburgo-es","8":"product_cat-edinburgo-actividades-es","9":"product_cat-edinburgo-rutas-turisticas-privadas-es","10":"product_cat-reino-unido-es","12":"first","13":"instock","14":"shipping-taxable","15":"purchasable","16":"product-type-simple"},"acf":[],"yoast_head":"<!-- This site is optimized with the Yoast SEO Premium plugin v25.3.1 (Yoast SEO v25.3.1) - https:\/\/yoast.com\/wordpress\/plugins\/seo\/ -->\n<title>\u27a1\ufe0f Tour privado de un d\u00eda a Glasgow desde Edimburgo | Tour Travel &amp; More<\/title>\n<meta name=\"description\" content=\"Tour privado de un d\u00eda a Glasgow desde Edimburgo. Disfrute Edimburgo desde la comodidad de un veh\u00edculo privado y conozca sus monumentos m\u00e1s emblem\u00e1ticos \u2705\" \/>\n<meta name=\"robots\" content=\"index, follow, max-snippet:-1, max-image-preview:large, max-video-preview:-1\" \/>\n<link rel=\"canonical\" href=\"https:\/\/tourtravelandmore.com\/es\/tours\/escocia-es\/edinburgo-es\/edinburgo-rutas-turisticas-privadas-es\/tour-privado-de-outlander-desde-edimburgo-copy\/\" \/>\n<meta property=\"og:locale\" content=\"es_ES\" \/>\n<meta property=\"og:type\" content=\"article\" \/>\n<meta property=\"og:title\" content=\"Tour privado de un d\u00eda a Glasgow desde Edimburgo\" \/>\n<meta property=\"og:description\" content=\"Tour privado de un d\u00eda a Glasgow desde Edimburgo. Disfrute Edimburgo desde la comodidad de un veh\u00edculo privado y conozca sus monumentos m\u00e1s emblem\u00e1ticos \u2705\" \/>\n<meta property=\"og:url\" content=\"https:\/\/tourtravelandmore.com\/es\/tours\/escocia-es\/edinburgo-es\/edinburgo-rutas-turisticas-privadas-es\/tour-privado-de-outlander-desde-edimburgo-copy\/\" \/>\n<meta property=\"og:site_name\" content=\"Tour Travel And More\" \/>\n<meta property=\"article:publisher\" content=\"https:\/\/www.facebook.com\/tourtravelandmore\/\" \/>\n<meta property=\"article:modified_time\" content=\"2025-04-11T16:54:35+00:00\" \/>\n<meta property=\"og:image\" content=\"https:\/\/tourtravelandmore.com\/wp-content\/uploads\/2025\/04\/pexels-urlapovaanna-3061345-1.jpg\" \/>\n\t<meta property=\"og:image:width\" content=\"1280\" \/>\n\t<meta property=\"og:image:height\" content=\"853\" \/>\n\t<meta property=\"og:image:type\" content=\"image\/jpeg\" \/>\n<meta name=\"twitter:card\" content=\"summary_large_image\" \/>\n<meta name=\"twitter:site\" content=\"@TourTravel_More\" \/>\n<meta name=\"twitter:label1\" content=\"Tiempo de lectura\" \/>\n\t<meta name=\"twitter:data1\" content=\"2 minutos\" \/>\n<script type=\"application\/ld+json\" class=\"yoast-schema-graph\">{\"@context\":\"https:\/\/schema.org\",\"@graph\":[{\"@type\":\"WebPage\",\"@id\":\"https:\/\/tourtravelandmore.com\/es\/tours\/escocia-es\/edinburgo-es\/edinburgo-rutas-turisticas-privadas-es\/tour-privado-de-outlander-desde-edimburgo-copy\/\",\"url\":\"https:\/\/tourtravelandmore.com\/es\/tours\/escocia-es\/edinburgo-es\/edinburgo-rutas-turisticas-privadas-es\/tour-privado-de-outlander-desde-edimburgo-copy\/\",\"name\":\"\u27a1\ufe0f Tour privado de un d\u00eda a Glasgow desde Edimburgo | Tour Travel & More\",\"isPartOf\":{\"@id\":\"https:\/\/tourtravelandmore.com\/es\/#website\"},\"primaryImageOfPage\":{\"@id\":\"https:\/\/tourtravelandmore.com\/es\/tours\/escocia-es\/edinburgo-es\/edinburgo-rutas-turisticas-privadas-es\/tour-privado-de-outlander-desde-edimburgo-copy\/#primaryimage\"},\"image\":{\"@id\":\"https:\/\/tourtravelandmore.com\/es\/tours\/escocia-es\/edinburgo-es\/edinburgo-rutas-turisticas-privadas-es\/tour-privado-de-outlander-desde-edimburgo-copy\/#primaryimage\"},\"thumbnailUrl\":\"https:\/\/tourtravelandmore.com\/wp-content\/uploads\/2025\/04\/pexels-urlapovaanna-3061345-1.jpg\",\"datePublished\":\"2025-04-11T16:34:21+00:00\",\"dateModified\":\"2025-04-11T16:54:35+00:00\",\"description\":\"Tour privado de un d\u00eda a Glasgow desde Edimburgo. Disfrute Edimburgo desde la comodidad de un veh\u00edculo privado y conozca sus monumentos m\u00e1s emblem\u00e1ticos \u2705\",\"breadcrumb\":{\"@id\":\"https:\/\/tourtravelandmore.com\/es\/tours\/escocia-es\/edinburgo-es\/edinburgo-rutas-turisticas-privadas-es\/tour-privado-de-outlander-desde-edimburgo-copy\/#breadcrumb\"},\"inLanguage\":\"es\",\"potentialAction\":[{\"@type\":\"ReadAction\",\"target\":[\"https:\/\/tourtravelandmore.com\/es\/tours\/escocia-es\/edinburgo-es\/edinburgo-rutas-turisticas-privadas-es\/tour-privado-de-outlander-desde-edimburgo-copy\/\"]}]},{\"@type\":\"ImageObject\",\"inLanguage\":\"es\",\"@id\":\"https:\/\/tourtravelandmore.com\/es\/tours\/escocia-es\/edinburgo-es\/edinburgo-rutas-turisticas-privadas-es\/tour-privado-de-outlander-desde-edimburgo-copy\/#primaryimage\",\"url\":\"https:\/\/tourtravelandmore.com\/wp-content\/uploads\/2025\/04\/pexels-urlapovaanna-3061345-1.jpg\",\"contentUrl\":\"https:\/\/tourtravelandmore.com\/wp-content\/uploads\/2025\/04\/pexels-urlapovaanna-3061345-1.jpg\",\"width\":1280,\"height\":853},{\"@type\":\"BreadcrumbList\",\"@id\":\"https:\/\/tourtravelandmore.com\/es\/tours\/escocia-es\/edinburgo-es\/edinburgo-rutas-turisticas-privadas-es\/tour-privado-de-outlander-desde-edimburgo-copy\/#breadcrumb\",\"itemListElement\":[{\"@type\":\"ListItem\",\"position\":1,\"name\":\"Home\",\"item\":\"https:\/\/tourtravelandmore.com\/es\/\"},{\"@type\":\"ListItem\",\"position\":2,\"name\":\"Tours\",\"item\":\"https:\/\/tourtravelandmore.com\/es\/tours\/\"},{\"@type\":\"ListItem\",\"position\":3,\"name\":\"Tour privado de un d\u00eda a Glasgow desde Edimburgo\"}]},{\"@type\":\"WebSite\",\"@id\":\"https:\/\/tourtravelandmore.com\/es\/#website\",\"url\":\"https:\/\/tourtravelandmore.com\/es\/\",\"name\":\"Tour Travel And More\",\"description\":\"Private sightseeing tours and luxury transfers in Spain\",\"publisher\":{\"@id\":\"https:\/\/tourtravelandmore.com\/es\/#organization\"},\"potentialAction\":[{\"@type\":\"SearchAction\",\"target\":{\"@type\":\"EntryPoint\",\"urlTemplate\":\"https:\/\/tourtravelandmore.com\/es\/?s={search_term_string}\"},\"query-input\":{\"@type\":\"PropertyValueSpecification\",\"valueRequired\":true,\"valueName\":\"search_term_string\"}}],\"inLanguage\":\"es\"},{\"@type\":\"Organization\",\"@id\":\"https:\/\/tourtravelandmore.com\/es\/#organization\",\"name\":\"Tour Travel And More\",\"url\":\"https:\/\/tourtravelandmore.com\/es\/\",\"logo\":{\"@type\":\"ImageObject\",\"inLanguage\":\"es\",\"@id\":\"https:\/\/tourtravelandmore.com\/es\/#\/schema\/logo\/image\/\",\"url\":\"https:\/\/tourtravelandmore.com\/wp-content\/uploads\/2022\/12\/cropped-logo-cabecera-new.png\",\"contentUrl\":\"https:\/\/tourtravelandmore.com\/wp-content\/uploads\/2022\/12\/cropped-logo-cabecera-new.png\",\"width\":430,\"height\":61,\"caption\":\"Tour Travel And More\"},\"image\":{\"@id\":\"https:\/\/tourtravelandmore.com\/es\/#\/schema\/logo\/image\/\"},\"sameAs\":[\"https:\/\/www.facebook.com\/tourtravelandmore\/\",\"https:\/\/x.com\/TourTravel_More\"]}]}<\/script>\n<!-- \/ Yoast SEO Premium plugin. -->","yoast_head_json":{"title":"\u27a1\ufe0f Tour privado de un d\u00eda a Glasgow desde Edimburgo | Tour Travel & More","description":"Tour privado de un d\u00eda a Glasgow desde Edimburgo. Disfrute Edimburgo desde la comodidad de un veh\u00edculo privado y conozca sus monumentos m\u00e1s emblem\u00e1ticos \u2705","robots":{"index":"index","follow":"follow","max-snippet":"max-snippet:-1","max-image-preview":"max-image-preview:large","max-video-preview":"max-video-preview:-1"},"canonical":"https:\/\/tourtravelandmore.com\/es\/tours\/escocia-es\/edinburgo-es\/edinburgo-rutas-turisticas-privadas-es\/tour-privado-de-outlander-desde-edimburgo-copy\/","og_locale":"es_ES","og_type":"article","og_title":"Tour privado de un d\u00eda a Glasgow desde Edimburgo","og_description":"Tour privado de un d\u00eda a Glasgow desde Edimburgo. Disfrute Edimburgo desde la comodidad de un veh\u00edculo privado y conozca sus monumentos m\u00e1s emblem\u00e1ticos \u2705","og_url":"https:\/\/tourtravelandmore.com\/es\/tours\/escocia-es\/edinburgo-es\/edinburgo-rutas-turisticas-privadas-es\/tour-privado-de-outlander-desde-edimburgo-copy\/","og_site_name":"Tour Travel And More","article_publisher":"https:\/\/www.facebook.com\/tourtravelandmore\/","article_modified_time":"2025-04-11T16:54:35+00:00","og_image":[{"width":1280,"height":853,"url":"https:\/\/tourtravelandmore.com\/wp-content\/uploads\/2025\/04\/pexels-urlapovaanna-3061345-1.jpg","type":"image\/jpeg"}],"twitter_card":"summary_large_image","twitter_site":"@TourTravel_More","twitter_misc":{"Tiempo de lectura":"2 minutos"},"schema":{"@context":"https:\/\/schema.org","@graph":[{"@type":"WebPage","@id":"https:\/\/tourtravelandmore.com\/es\/tours\/escocia-es\/edinburgo-es\/edinburgo-rutas-turisticas-privadas-es\/tour-privado-de-outlander-desde-edimburgo-copy\/","url":"https:\/\/tourtravelandmore.com\/es\/tours\/escocia-es\/edinburgo-es\/edinburgo-rutas-turisticas-privadas-es\/tour-privado-de-outlander-desde-edimburgo-copy\/","name":"\u27a1\ufe0f Tour privado de un d\u00eda a Glasgow desde Edimburgo | Tour Travel & More","isPartOf":{"@id":"https:\/\/tourtravelandmore.com\/es\/#website"},"primaryImageOfPage":{"@id":"https:\/\/tourtravelandmore.com\/es\/tours\/escocia-es\/edinburgo-es\/edinburgo-rutas-turisticas-privadas-es\/tour-privado-de-outlander-desde-edimburgo-copy\/#primaryimage"},"image":{"@id":"https:\/\/tourtravelandmore.com\/es\/tours\/escocia-es\/edinburgo-es\/edinburgo-rutas-turisticas-privadas-es\/tour-privado-de-outlander-desde-edimburgo-copy\/#primaryimage"},"thumbnailUrl":"https:\/\/tourtravelandmore.com\/wp-content\/uploads\/2025\/04\/pexels-urlapovaanna-3061345-1.jpg","datePublished":"2025-04-11T16:34:21+00:00","dateModified":"2025-04-11T16:54:35+00:00","description":"Tour privado de un d\u00eda a Glasgow desde Edimburgo. Disfrute Edimburgo desde la comodidad de un veh\u00edculo privado y conozca sus monumentos m\u00e1s emblem\u00e1ticos \u2705","breadcrumb":{"@id":"https:\/\/tourtravelandmore.com\/es\/tours\/escocia-es\/edinburgo-es\/edinburgo-rutas-turisticas-privadas-es\/tour-privado-de-outlander-desde-edimburgo-copy\/#breadcrumb"},"inLanguage":"es","potentialAction":[{"@type":"ReadAction","target":["https:\/\/tourtravelandmore.com\/es\/tours\/escocia-es\/edinburgo-es\/edinburgo-rutas-turisticas-privadas-es\/tour-privado-de-outlander-desde-edimburgo-copy\/"]}]},{"@type":"ImageObject","inLanguage":"es","@id":"https:\/\/tourtravelandmore.com\/es\/tours\/escocia-es\/edinburgo-es\/edinburgo-rutas-turisticas-privadas-es\/tour-privado-de-outlander-desde-edimburgo-copy\/#primaryimage","url":"https:\/\/tourtravelandmore.com\/wp-content\/uploads\/2025\/04\/pexels-urlapovaanna-3061345-1.jpg","contentUrl":"https:\/\/tourtravelandmore.com\/wp-content\/uploads\/2025\/04\/pexels-urlapovaanna-3061345-1.jpg","width":1280,"height":853},{"@type":"BreadcrumbList","@id":"https:\/\/tourtravelandmore.com\/es\/tours\/escocia-es\/edinburgo-es\/edinburgo-rutas-turisticas-privadas-es\/tour-privado-de-outlander-desde-edimburgo-copy\/#breadcrumb","itemListElement":[{"@type":"ListItem","position":1,"name":"Home","item":"https:\/\/tourtravelandmore.com\/es\/"},{"@type":"ListItem","position":2,"name":"Tours","item":"https:\/\/tourtravelandmore.com\/es\/tours\/"},{"@type":"ListItem","position":3,"name":"Tour privado de un d\u00eda a Glasgow desde Edimburgo"}]},{"@type":"WebSite","@id":"https:\/\/tourtravelandmore.com\/es\/#website","url":"https:\/\/tourtravelandmore.com\/es\/","name":"Tour Travel And More","description":"Private sightseeing tours and luxury transfers in Spain","publisher":{"@id":"https:\/\/tourtravelandmore.com\/es\/#organization"},"potentialAction":[{"@type":"SearchAction","target":{"@type":"EntryPoint","urlTemplate":"https:\/\/tourtravelandmore.com\/es\/?s={search_term_string}"},"query-input":{"@type":"PropertyValueSpecification","valueRequired":true,"valueName":"search_term_string"}}],"inLanguage":"es"},{"@type":"Organization","@id":"https:\/\/tourtravelandmore.com\/es\/#organization","name":"Tour Travel And More","url":"https:\/\/tourtravelandmore.com\/es\/","logo":{"@type":"ImageObject","inLanguage":"es","@id":"https:\/\/tourtravelandmore.com\/es\/#\/schema\/logo\/image\/","url":"https:\/\/tourtravelandmore.com\/wp-content\/uploads\/2022\/12\/cropped-logo-cabecera-new.png","contentUrl":"https:\/\/tourtravelandmore.com\/wp-content\/uploads\/2022\/12\/cropped-logo-cabecera-new.png","width":430,"height":61,"caption":"Tour Travel And More"},"image":{"@id":"https:\/\/tourtravelandmore.com\/es\/#\/schema\/logo\/image\/"},"sameAs":["https:\/\/www.facebook.com\/tourtravelandmore\/","https:\/\/x.com\/TourTravel_More"]}]}},"_links":{"self":[{"href":"https:\/\/tourtravelandmore.com\/es\/wp-json\/wp\/v2\/product\/182275","targetHints":{"allow":["GET"]}}],"collection":[{"href":"https:\/\/tourtravelandmore.com\/es\/wp-json\/wp\/v2\/product"}],"about":[{"href":"https:\/\/tourtravelandmore.com\/es\/wp-json\/wp\/v2\/types\/product"}],"replies":[{"embeddable":true,"href":"https:\/\/tourtravelandmore.com\/es\/wp-json\/wp\/v2\/comments?post=182275"}],"wp:featuredmedia":[{"embeddable":true,"href":"https:\/\/tourtravelandmore.com\/es\/wp-json\/wp\/v2\/media\/182291"}],"wp:attachment":[{"href":"https:\/\/tourtravelandmore.com\/es\/wp-json\/wp\/v2\/media?parent=182275"}],"wp:term":[{"taxonomy":"product_brand","embeddable":true,"href":"https:\/\/tourtravelandmore.com\/es\/wp-json\/wp\/v2\/product_brand?post=182275"},{"taxonomy":"product_cat","embeddable":true,"href":"https:\/\/tourtravelandmore.com\/es\/wp-json\/wp\/v2\/product_cat?post=182275"},{"taxonomy":"product_tag","embeddable":true,"href":"https:\/\/tourtravelandmore.com\/es\/wp-json\/wp\/v2\/product_tag?post=182275"}],"curies":[{"name":"wp","href":"https:\/\/api.w.org\/{rel}","templated":true}]}}