{"id":182248,"date":"2025-04-11T17:07:30","date_gmt":"2025-04-11T15:07:31","guid":{"rendered":"https:\/\/tourtravelandmore.com\/?post_type=product&#038;p=182248"},"modified":"2025-04-11T18:15:55","modified_gmt":"2025-04-11T16:15:55","slug":"tour-privado-por-edimburgo-copy","status":"publish","type":"product","link":"https:\/\/tourtravelandmore.com\/es\/tours\/escocia-es\/edinburgo-es\/edinburgo-rutas-turisticas-privadas-es\/tour-privado-por-edimburgo-copy\/","title":{"rendered":"Tour privado de Outlander desde Edimburgo"},"content":{"rendered":"<h2><b><strong>Tour privado de Outlander desde Edimburgo Descripci\u00f3n<\/strong><\/b><\/h2>\n<p>Ad\u00e9ntrese en el mundo de <i>Outlander<\/i>\u00a0en este exclusivo tour privado de 10 horas con salida desde Edimburgo. Dise\u00f1ado tanto para los fans de la serie como para los amantes de la historia escocesa, este viaje inmersivo le llevar\u00e1 a trav\u00e9s de los impresionantes paisajes y lugares hist\u00f3ricos que inspiraron el mundo de Claire y Jamie Fraser.<\/p>\n<p>Con un conductor-gu\u00eda privado que habla ingl\u00e9s con fluidez, disfrute de una experiencia perfecta y enriquecedora mientras visita lugares emblem\u00e1ticos de rodaje que dan vida a la querida serie. Viaje c\u00f3modamente y a su propio ritmo, con comentarios personalizados y tiempo para explorar cada lugar. Desde antiguos castillos hasta encantadores pueblos, este tour combina la magia cinematogr\u00e1fica con el patrimonio escoc\u00e9s real.<\/p>\n<p>Tanto si est\u00e1 reviviendo escenas clave como si est\u00e1 descubriendo la belleza de Escocia por primera vez, este tour promete un d\u00eda inolvidable lleno de leyendas, romance e historia.<\/p>\n<h2>Tour privado por Edimburgo | Puntos de inter\u00e9s y monumentos<\/h2>\n<p>Despu\u00e9s de una c\u00f3moda y f\u00e1cil recogida, comencemos este tour privado por Edimburgo. Es una experiencia perfecta para conocer lo mejor de la ciudad.<\/p>\n<p>Le llevaremos a los lugares m\u00e1s emblem\u00e1ticos de la ciudad. Esto incluir\u00e1:<\/p>\n<ul>\n<li><b>Explore Culross<\/b>: recorra las calles del verdadero Cranesmuir y si\u00e9ntase transportado al siglo XVIII.<\/li>\n<li><b>Descubra el Palacio de Linlithgow<\/b>: vea las ruinas que sirvieron como prisi\u00f3n de Wentworth.<\/li>\n<li><b>Falkland Village<\/b>: camine por el lugar que sirvi\u00f3 como prisi\u00f3n de Inverness en la d\u00e9cada de 1940.<\/li>\n<li><b>Castillo de Midhope (visita externa)<\/b>: tome fotos de la ic\u00f3nica Lallybroch, la casa familiar de Jamie Fraser.<\/li>\n<li><b>Castillo de Blackness (visita externa)<\/b>: explore la formidable fortaleza utilizada como Fort William.<\/li>\n<li><b>Conductor-gu\u00eda privado en ingl\u00e9s<\/b>: obtenga informaci\u00f3n detallada y an\u00e9cdotas entre bastidores de su experto gu\u00eda.<\/li>\n<li><b>Itinerario flexible<\/b>: ajuste el ritmo y las paradas para adaptarse a sus intereses y preferencias.<\/li>\n<li><b>Recogida y regreso en veh\u00edculo de lujo<\/b>: comience y termine el d\u00eda con transporte privado desde su alojamiento en Edimburgo.<\/li>\n<\/ul>\n<p>Disfrute de lo mejor de la ciudad con nuestro ch\u00f3fer y un gu\u00eda tur\u00edstico independiente. Le llevaremos de vuelta a su hotel o lugar de elecci\u00f3n y le dejaremos c\u00f3modamente.<\/p>\n<p><a href=\"https:\/\/tourtravelandmore.com\/es\/ciudad\/escocia-es\/edinburgh-en\/\">Eche un vistazo a todos nuestros tours privados en Edimburgo, \u00a1no se los pierda!<\/a><\/p>\n","protected":false},"excerpt":{"rendered":"<p>Ad\u00e9ntrese en el mundo de <i>Outlander <\/i>en este exclusivo tour privado de 10 horas con salida desde Edimburgo. Dise\u00f1ado tanto para los fans de la serie como para los amantes de la historia escocesa, este viaje inmersivo le llevar\u00e1 a trav\u00e9s de los impresionantes paisajes y lugares hist\u00f3ricos que inspiraron el mundo de Claire y Jamie Fraser.<\/p>\n","protected":false},"featured_media":182265,"comment_status":"open","ping_status":"closed","template":"","meta":{"_acf_changed":false},"product_brand":[],"product_cat":[1762,1763,1774,1767,1603],"product_tag":[],"class_list":{"0":"post-182248","1":"product","2":"type-product","3":"status-publish","4":"has-post-thumbnail","6":"product_cat-escocia-es","7":"product_cat-edinburgo-es","8":"product_cat-edinburgo-actividades-es","9":"product_cat-edinburgo-rutas-turisticas-privadas-es","10":"product_cat-reino-unido-es","12":"first","13":"instock","14":"shipping-taxable","15":"purchasable","16":"product-type-simple"},"acf":[],"yoast_head":"<!-- This site is optimized with the Yoast SEO Premium plugin v25.3.1 (Yoast SEO v25.3.1) - https:\/\/yoast.com\/wordpress\/plugins\/seo\/ -->\n<title>\u27a1\ufe0f Tour privado de Outlander desde Edimburgo | Tour Travel &amp; More<\/title>\n<meta name=\"description\" content=\"Tour privado de Outlander desde Edimburgo. Disfrute Edimburgo desde la comodidad de un veh\u00edculo privado y conozca sus monumentos m\u00e1s emblem\u00e1ticos \u2705\" \/>\n<meta name=\"robots\" content=\"index, follow, max-snippet:-1, max-image-preview:large, max-video-preview:-1\" \/>\n<link rel=\"canonical\" href=\"https:\/\/tourtravelandmore.com\/es\/tours\/escocia-es\/edinburgo-es\/edinburgo-rutas-turisticas-privadas-es\/tour-privado-por-edimburgo-copy\/\" \/>\n<meta property=\"og:locale\" content=\"es_ES\" \/>\n<meta property=\"og:type\" content=\"article\" \/>\n<meta property=\"og:title\" content=\"Tour privado de Outlander desde Edimburgo\" \/>\n<meta property=\"og:description\" content=\"Tour privado de Outlander desde Edimburgo. Disfrute Edimburgo desde la comodidad de un veh\u00edculo privado y conozca sus monumentos m\u00e1s emblem\u00e1ticos \u2705\" \/>\n<meta property=\"og:url\" content=\"https:\/\/tourtravelandmore.com\/es\/tours\/escocia-es\/edinburgo-es\/edinburgo-rutas-turisticas-privadas-es\/tour-privado-por-edimburgo-copy\/\" \/>\n<meta property=\"og:site_name\" content=\"Tour Travel And More\" \/>\n<meta property=\"article:publisher\" content=\"https:\/\/www.facebook.com\/tourtravelandmore\/\" \/>\n<meta property=\"article:modified_time\" content=\"2025-04-11T16:15:55+00:00\" \/>\n<meta property=\"og:image\" content=\"https:\/\/tourtravelandmore.com\/wp-content\/uploads\/2025\/04\/Ruta-escenarios-Outlander-Edimburgo-15002-1.jpg\" \/>\n\t<meta property=\"og:image:width\" content=\"1500\" \/>\n\t<meta property=\"og:image:height\" content=\"1000\" \/>\n\t<meta property=\"og:image:type\" content=\"image\/jpeg\" \/>\n<meta name=\"twitter:card\" content=\"summary_large_image\" \/>\n<meta name=\"twitter:site\" content=\"@TourTravel_More\" \/>\n<meta name=\"twitter:label1\" content=\"Tiempo de lectura\" \/>\n\t<meta name=\"twitter:data1\" content=\"2 minutos\" \/>\n<script type=\"application\/ld+json\" class=\"yoast-schema-graph\">{\"@context\":\"https:\/\/schema.org\",\"@graph\":[{\"@type\":\"WebPage\",\"@id\":\"https:\/\/tourtravelandmore.com\/es\/tours\/escocia-es\/edinburgo-es\/edinburgo-rutas-turisticas-privadas-es\/tour-privado-por-edimburgo-copy\/\",\"url\":\"https:\/\/tourtravelandmore.com\/es\/tours\/escocia-es\/edinburgo-es\/edinburgo-rutas-turisticas-privadas-es\/tour-privado-por-edimburgo-copy\/\",\"name\":\"\u27a1\ufe0f Tour privado de Outlander desde Edimburgo | Tour Travel & More\",\"isPartOf\":{\"@id\":\"https:\/\/tourtravelandmore.com\/es\/#website\"},\"primaryImageOfPage\":{\"@id\":\"https:\/\/tourtravelandmore.com\/es\/tours\/escocia-es\/edinburgo-es\/edinburgo-rutas-turisticas-privadas-es\/tour-privado-por-edimburgo-copy\/#primaryimage\"},\"image\":{\"@id\":\"https:\/\/tourtravelandmore.com\/es\/tours\/escocia-es\/edinburgo-es\/edinburgo-rutas-turisticas-privadas-es\/tour-privado-por-edimburgo-copy\/#primaryimage\"},\"thumbnailUrl\":\"https:\/\/tourtravelandmore.com\/wp-content\/uploads\/2025\/04\/Ruta-escenarios-Outlander-Edimburgo-15002-1.jpg\",\"datePublished\":\"2025-04-11T15:07:31+00:00\",\"dateModified\":\"2025-04-11T16:15:55+00:00\",\"description\":\"Tour privado de Outlander desde Edimburgo. Disfrute Edimburgo desde la comodidad de un veh\u00edculo privado y conozca sus monumentos m\u00e1s emblem\u00e1ticos \u2705\",\"breadcrumb\":{\"@id\":\"https:\/\/tourtravelandmore.com\/es\/tours\/escocia-es\/edinburgo-es\/edinburgo-rutas-turisticas-privadas-es\/tour-privado-por-edimburgo-copy\/#breadcrumb\"},\"inLanguage\":\"es\",\"potentialAction\":[{\"@type\":\"ReadAction\",\"target\":[\"https:\/\/tourtravelandmore.com\/es\/tours\/escocia-es\/edinburgo-es\/edinburgo-rutas-turisticas-privadas-es\/tour-privado-por-edimburgo-copy\/\"]}]},{\"@type\":\"ImageObject\",\"inLanguage\":\"es\",\"@id\":\"https:\/\/tourtravelandmore.com\/es\/tours\/escocia-es\/edinburgo-es\/edinburgo-rutas-turisticas-privadas-es\/tour-privado-por-edimburgo-copy\/#primaryimage\",\"url\":\"https:\/\/tourtravelandmore.com\/wp-content\/uploads\/2025\/04\/Ruta-escenarios-Outlander-Edimburgo-15002-1.jpg\",\"contentUrl\":\"https:\/\/tourtravelandmore.com\/wp-content\/uploads\/2025\/04\/Ruta-escenarios-Outlander-Edimburgo-15002-1.jpg\",\"width\":1500,\"height\":1000},{\"@type\":\"BreadcrumbList\",\"@id\":\"https:\/\/tourtravelandmore.com\/es\/tours\/escocia-es\/edinburgo-es\/edinburgo-rutas-turisticas-privadas-es\/tour-privado-por-edimburgo-copy\/#breadcrumb\",\"itemListElement\":[{\"@type\":\"ListItem\",\"position\":1,\"name\":\"Home\",\"item\":\"https:\/\/tourtravelandmore.com\/es\/\"},{\"@type\":\"ListItem\",\"position\":2,\"name\":\"Tours\",\"item\":\"https:\/\/tourtravelandmore.com\/es\/tours\/\"},{\"@type\":\"ListItem\",\"position\":3,\"name\":\"Tour privado de Outlander desde Edimburgo\"}]},{\"@type\":\"WebSite\",\"@id\":\"https:\/\/tourtravelandmore.com\/es\/#website\",\"url\":\"https:\/\/tourtravelandmore.com\/es\/\",\"name\":\"Tour Travel And More\",\"description\":\"Private sightseeing tours and luxury transfers in Spain\",\"publisher\":{\"@id\":\"https:\/\/tourtravelandmore.com\/es\/#organization\"},\"potentialAction\":[{\"@type\":\"SearchAction\",\"target\":{\"@type\":\"EntryPoint\",\"urlTemplate\":\"https:\/\/tourtravelandmore.com\/es\/?s={search_term_string}\"},\"query-input\":{\"@type\":\"PropertyValueSpecification\",\"valueRequired\":true,\"valueName\":\"search_term_string\"}}],\"inLanguage\":\"es\"},{\"@type\":\"Organization\",\"@id\":\"https:\/\/tourtravelandmore.com\/es\/#organization\",\"name\":\"Tour Travel And More\",\"url\":\"https:\/\/tourtravelandmore.com\/es\/\",\"logo\":{\"@type\":\"ImageObject\",\"inLanguage\":\"es\",\"@id\":\"https:\/\/tourtravelandmore.com\/es\/#\/schema\/logo\/image\/\",\"url\":\"https:\/\/tourtravelandmore.com\/wp-content\/uploads\/2022\/12\/cropped-logo-cabecera-new.png\",\"contentUrl\":\"https:\/\/tourtravelandmore.com\/wp-content\/uploads\/2022\/12\/cropped-logo-cabecera-new.png\",\"width\":430,\"height\":61,\"caption\":\"Tour Travel And More\"},\"image\":{\"@id\":\"https:\/\/tourtravelandmore.com\/es\/#\/schema\/logo\/image\/\"},\"sameAs\":[\"https:\/\/www.facebook.com\/tourtravelandmore\/\",\"https:\/\/x.com\/TourTravel_More\"]}]}<\/script>\n<!-- \/ Yoast SEO Premium plugin. -->","yoast_head_json":{"title":"\u27a1\ufe0f Tour privado de Outlander desde Edimburgo | Tour Travel & More","description":"Tour privado de Outlander desde Edimburgo. Disfrute Edimburgo desde la comodidad de un veh\u00edculo privado y conozca sus monumentos m\u00e1s emblem\u00e1ticos \u2705","robots":{"index":"index","follow":"follow","max-snippet":"max-snippet:-1","max-image-preview":"max-image-preview:large","max-video-preview":"max-video-preview:-1"},"canonical":"https:\/\/tourtravelandmore.com\/es\/tours\/escocia-es\/edinburgo-es\/edinburgo-rutas-turisticas-privadas-es\/tour-privado-por-edimburgo-copy\/","og_locale":"es_ES","og_type":"article","og_title":"Tour privado de Outlander desde Edimburgo","og_description":"Tour privado de Outlander desde Edimburgo. Disfrute Edimburgo desde la comodidad de un veh\u00edculo privado y conozca sus monumentos m\u00e1s emblem\u00e1ticos \u2705","og_url":"https:\/\/tourtravelandmore.com\/es\/tours\/escocia-es\/edinburgo-es\/edinburgo-rutas-turisticas-privadas-es\/tour-privado-por-edimburgo-copy\/","og_site_name":"Tour Travel And More","article_publisher":"https:\/\/www.facebook.com\/tourtravelandmore\/","article_modified_time":"2025-04-11T16:15:55+00:00","og_image":[{"width":1500,"height":1000,"url":"https:\/\/tourtravelandmore.com\/wp-content\/uploads\/2025\/04\/Ruta-escenarios-Outlander-Edimburgo-15002-1.jpg","type":"image\/jpeg"}],"twitter_card":"summary_large_image","twitter_site":"@TourTravel_More","twitter_misc":{"Tiempo de lectura":"2 minutos"},"schema":{"@context":"https:\/\/schema.org","@graph":[{"@type":"WebPage","@id":"https:\/\/tourtravelandmore.com\/es\/tours\/escocia-es\/edinburgo-es\/edinburgo-rutas-turisticas-privadas-es\/tour-privado-por-edimburgo-copy\/","url":"https:\/\/tourtravelandmore.com\/es\/tours\/escocia-es\/edinburgo-es\/edinburgo-rutas-turisticas-privadas-es\/tour-privado-por-edimburgo-copy\/","name":"\u27a1\ufe0f Tour privado de Outlander desde Edimburgo | Tour Travel & More","isPartOf":{"@id":"https:\/\/tourtravelandmore.com\/es\/#website"},"primaryImageOfPage":{"@id":"https:\/\/tourtravelandmore.com\/es\/tours\/escocia-es\/edinburgo-es\/edinburgo-rutas-turisticas-privadas-es\/tour-privado-por-edimburgo-copy\/#primaryimage"},"image":{"@id":"https:\/\/tourtravelandmore.com\/es\/tours\/escocia-es\/edinburgo-es\/edinburgo-rutas-turisticas-privadas-es\/tour-privado-por-edimburgo-copy\/#primaryimage"},"thumbnailUrl":"https:\/\/tourtravelandmore.com\/wp-content\/uploads\/2025\/04\/Ruta-escenarios-Outlander-Edimburgo-15002-1.jpg","datePublished":"2025-04-11T15:07:31+00:00","dateModified":"2025-04-11T16:15:55+00:00","description":"Tour privado de Outlander desde Edimburgo. Disfrute Edimburgo desde la comodidad de un veh\u00edculo privado y conozca sus monumentos m\u00e1s emblem\u00e1ticos \u2705","breadcrumb":{"@id":"https:\/\/tourtravelandmore.com\/es\/tours\/escocia-es\/edinburgo-es\/edinburgo-rutas-turisticas-privadas-es\/tour-privado-por-edimburgo-copy\/#breadcrumb"},"inLanguage":"es","potentialAction":[{"@type":"ReadAction","target":["https:\/\/tourtravelandmore.com\/es\/tours\/escocia-es\/edinburgo-es\/edinburgo-rutas-turisticas-privadas-es\/tour-privado-por-edimburgo-copy\/"]}]},{"@type":"ImageObject","inLanguage":"es","@id":"https:\/\/tourtravelandmore.com\/es\/tours\/escocia-es\/edinburgo-es\/edinburgo-rutas-turisticas-privadas-es\/tour-privado-por-edimburgo-copy\/#primaryimage","url":"https:\/\/tourtravelandmore.com\/wp-content\/uploads\/2025\/04\/Ruta-escenarios-Outlander-Edimburgo-15002-1.jpg","contentUrl":"https:\/\/tourtravelandmore.com\/wp-content\/uploads\/2025\/04\/Ruta-escenarios-Outlander-Edimburgo-15002-1.jpg","width":1500,"height":1000},{"@type":"BreadcrumbList","@id":"https:\/\/tourtravelandmore.com\/es\/tours\/escocia-es\/edinburgo-es\/edinburgo-rutas-turisticas-privadas-es\/tour-privado-por-edimburgo-copy\/#breadcrumb","itemListElement":[{"@type":"ListItem","position":1,"name":"Home","item":"https:\/\/tourtravelandmore.com\/es\/"},{"@type":"ListItem","position":2,"name":"Tours","item":"https:\/\/tourtravelandmore.com\/es\/tours\/"},{"@type":"ListItem","position":3,"name":"Tour privado de Outlander desde Edimburgo"}]},{"@type":"WebSite","@id":"https:\/\/tourtravelandmore.com\/es\/#website","url":"https:\/\/tourtravelandmore.com\/es\/","name":"Tour Travel And More","description":"Private sightseeing tours and luxury transfers in Spain","publisher":{"@id":"https:\/\/tourtravelandmore.com\/es\/#organization"},"potentialAction":[{"@type":"SearchAction","target":{"@type":"EntryPoint","urlTemplate":"https:\/\/tourtravelandmore.com\/es\/?s={search_term_string}"},"query-input":{"@type":"PropertyValueSpecification","valueRequired":true,"valueName":"search_term_string"}}],"inLanguage":"es"},{"@type":"Organization","@id":"https:\/\/tourtravelandmore.com\/es\/#organization","name":"Tour Travel And More","url":"https:\/\/tourtravelandmore.com\/es\/","logo":{"@type":"ImageObject","inLanguage":"es","@id":"https:\/\/tourtravelandmore.com\/es\/#\/schema\/logo\/image\/","url":"https:\/\/tourtravelandmore.com\/wp-content\/uploads\/2022\/12\/cropped-logo-cabecera-new.png","contentUrl":"https:\/\/tourtravelandmore.com\/wp-content\/uploads\/2022\/12\/cropped-logo-cabecera-new.png","width":430,"height":61,"caption":"Tour Travel And More"},"image":{"@id":"https:\/\/tourtravelandmore.com\/es\/#\/schema\/logo\/image\/"},"sameAs":["https:\/\/www.facebook.com\/tourtravelandmore\/","https:\/\/x.com\/TourTravel_More"]}]}},"_links":{"self":[{"href":"https:\/\/tourtravelandmore.com\/es\/wp-json\/wp\/v2\/product\/182248","targetHints":{"allow":["GET"]}}],"collection":[{"href":"https:\/\/tourtravelandmore.com\/es\/wp-json\/wp\/v2\/product"}],"about":[{"href":"https:\/\/tourtravelandmore.com\/es\/wp-json\/wp\/v2\/types\/product"}],"replies":[{"embeddable":true,"href":"https:\/\/tourtravelandmore.com\/es\/wp-json\/wp\/v2\/comments?post=182248"}],"wp:featuredmedia":[{"embeddable":true,"href":"https:\/\/tourtravelandmore.com\/es\/wp-json\/wp\/v2\/media\/182265"}],"wp:attachment":[{"href":"https:\/\/tourtravelandmore.com\/es\/wp-json\/wp\/v2\/media?parent=182248"}],"wp:term":[{"taxonomy":"product_brand","embeddable":true,"href":"https:\/\/tourtravelandmore.com\/es\/wp-json\/wp\/v2\/product_brand?post=182248"},{"taxonomy":"product_cat","embeddable":true,"href":"https:\/\/tourtravelandmore.com\/es\/wp-json\/wp\/v2\/product_cat?post=182248"},{"taxonomy":"product_tag","embeddable":true,"href":"https:\/\/tourtravelandmore.com\/es\/wp-json\/wp\/v2\/product_tag?post=182248"}],"curies":[{"name":"wp","href":"https:\/\/api.w.org\/{rel}","templated":true}]}}