{"id":182208,"date":"2025-04-09T17:44:32","date_gmt":"2025-04-09T16:17:10","guid":{"rendered":"https:\/\/tourtravelandmore.com\/tours\/uncategorized\/tour-privado-a-lago-ness-tierras-altas-de-escocia-e-inverness\/"},"modified":"2025-04-22T16:51:20","modified_gmt":"2025-04-22T14:51:20","slug":"tour-privado-a-lago-ness-tierras-altas-de-escocia-e-inverness","status":"publish","type":"product","link":"https:\/\/tourtravelandmore.com\/es\/tours\/escocia-es\/edinburgo-es\/edinburgo-rutas-turisticas-privadas-es\/tour-privado-a-lago-ness-tierras-altas-de-escocia-e-inverness\/","title":{"rendered":"Tour privado a Lago Ness, Tierras Altas de Escocia e Inverness"},"content":{"rendered":"<h2><b>Tour privado a Lago Ness, Tierras Altas de Escocia e Inverness Descripci\u00f3n<\/b><\/h2>\n<p>Descubra la legendaria belleza y el misterio de Escocia en este inolvidable tour privado de 12 horas desde Edimburgo. Dise\u00f1ado para viajeros que buscan una experiencia personalizada, este viaje le llevar\u00e1 al coraz\u00f3n de las Tierras Altas de Escocia, a trav\u00e9s de paisajes espectaculares, pueblos encantadores y siglos de rica historia.<\/p>\n<p>Aproveche esta oportunidad para conocer la historia y la cultura de esta maravillosa ciudad con este tour privado. Este tour tambi\u00e9n se puede hacer a pie solo con su gu\u00eda tur\u00edstico oficial. Eche un vistazo a nuestro <a href=\"https:\/\/tourtravelandmore.com\/tours\/croatia-en\/zagreb-en\/private-walking-tour-of-zagreb\/\">tour privado a pie por Zagreb<\/a>.<\/p>\n<h2><b>Tour privado a Lago Ness, Tierras Altas de Escocia e Inverness | Puntos de inter\u00e9s y lugares emblem\u00e1ticos<\/b><\/h2>\n<p>Viaje c\u00f3modamente con su conductor\/gu\u00eda privado en un veh\u00edculo de lujo mientras se dirige al emblem\u00e1tico <b>Lago Ness<\/b>, donde los cuentos del escurridizo \u00abNessie\u00bb han capturado la imaginaci\u00f3n de generaciones.<\/p>\n<p>La aventura contin\u00faa por las <b>Tierras Altas<\/b>, donde podr\u00e1 contemplar algunos de los paisajes naturales m\u00e1s impresionantes de Escocia. Por el camino, disfrute de paradas en pintorescos pueblos, ca\u00f1adas y valles que ofrecen una visi\u00f3n de la vida tradicional de las Tierras Altas.<\/p>\n<p>Finalmente, llegar\u00e1 a <b>Inverness<\/b>, la encantadora capital de las Tierras Altas. Aqu\u00ed, disfrutar\u00e1 de tiempo libre para pasear por el r\u00edo Ness, admirar el castillo de Inverness desde el exterior y descubrir las tiendas y cafeter\u00edas locales antes de regresar a Edimburgo.<\/p>\n<p>Perfecto para parejas, familias o grupos peque\u00f1os, este tour privado ofrece la flexibilidad de adaptar el d\u00eda a sus intereses, todo ello con la ayuda de un gu\u00eda experto de habla inglesa.<\/p>\n<ul>\n<li>Veh\u00edculo privado de lujo con conductor\/gu\u00eda de habla inglesa<\/li>\n<li>Visite el hist\u00f3rico <b>castillo de Urquhart<\/b>, con vistas al lago Ness<\/li>\n<li>Crucero opcional en barco por el <b>lago Ness<\/b> (entradas no incluidas)<\/li>\n<li>Paseo panor\u00e1mico por las espectaculares <b>Tierras Altas de Escocia<\/b><\/li>\n<li>Parada en pueblos y ca\u00f1adas tradicionales de las Tierras Altas<\/li>\n<li>Explore <b>la ciudad de Inverness<\/b>, capital de las Tierras Altas.<\/li>\n<li>Paradas m\u00faltiples para hacer fotos en los principales lugares de inter\u00e9s natural.<\/li>\n<li>Duraci\u00f3n total: 12 horas. Totalmente privado y personalizable.<\/li>\n<\/ul>\n<p>Finalmente, su ch\u00f3fer privado y su gu\u00eda tur\u00edstico oficial le llevar\u00e1n de vuelta a su hotel o al lugar que elija en Edimburgo.<\/p>\n","protected":false},"excerpt":{"rendered":"<p>Descubra la legendaria belleza y el misterio de Escocia en este inolvidable tour privado de 12 horas desde Edimburgo. Dise\u00f1ado para viajeros que buscan una experiencia personalizada, este viaje le llevar\u00e1 al coraz\u00f3n de las Tierras Altas de Escocia, a trav\u00e9s de paisajes espectaculares, pueblos encantadores y siglos de rica historia.<\/p>\n","protected":false},"featured_media":182201,"comment_status":"open","ping_status":"closed","template":"","meta":{"_acf_changed":false},"product_brand":[],"product_cat":[1762,1763,1774,1767],"product_tag":[],"class_list":{"0":"post-182208","1":"product","2":"type-product","3":"status-publish","4":"has-post-thumbnail","6":"product_cat-escocia-es","7":"product_cat-edinburgo-es","8":"product_cat-edinburgo-actividades-es","9":"product_cat-edinburgo-rutas-turisticas-privadas-es","11":"first","12":"instock","13":"shipping-taxable","14":"purchasable","15":"product-type-simple"},"acf":[],"yoast_head":"<!-- This site is optimized with the Yoast SEO Premium plugin v25.3.1 (Yoast SEO v25.3.1) - https:\/\/yoast.com\/wordpress\/plugins\/seo\/ -->\n<title>\u27a1\ufe0fTour privado a Lago Ness, Tierras Altas de Escocia e Inverness<\/title>\n<meta name=\"description\" content=\"Disfrute de esta excursi\u00f3n privada a Loch Ness, las Tierras Altas de Escocia e Inverness c\u00f3modamente en su veh\u00edculo privado de lujo con su conductor\/gu\u00eda \u2705\" \/>\n<meta name=\"robots\" content=\"index, follow, max-snippet:-1, max-image-preview:large, max-video-preview:-1\" \/>\n<link rel=\"canonical\" href=\"https:\/\/tourtravelandmore.com\/es\/tours\/escocia-es\/edinburgo-es\/edinburgo-rutas-turisticas-privadas-es\/tour-privado-a-lago-ness-tierras-altas-de-escocia-e-inverness\/\" \/>\n<meta property=\"og:locale\" content=\"es_ES\" \/>\n<meta property=\"og:type\" content=\"article\" \/>\n<meta property=\"og:title\" content=\"Tour privado a Lago Ness, Tierras Altas de Escocia e Inverness\" \/>\n<meta property=\"og:description\" content=\"Disfrute de esta excursi\u00f3n privada a Loch Ness, las Tierras Altas de Escocia e Inverness c\u00f3modamente en su veh\u00edculo privado de lujo con su conductor\/gu\u00eda \u2705\" \/>\n<meta property=\"og:url\" content=\"https:\/\/tourtravelandmore.com\/es\/tours\/escocia-es\/edinburgo-es\/edinburgo-rutas-turisticas-privadas-es\/tour-privado-a-lago-ness-tierras-altas-de-escocia-e-inverness\/\" \/>\n<meta property=\"og:site_name\" content=\"Tour Travel And More\" \/>\n<meta property=\"article:publisher\" content=\"https:\/\/www.facebook.com\/tourtravelandmore\/\" \/>\n<meta property=\"article:modified_time\" content=\"2025-04-22T14:51:20+00:00\" \/>\n<meta property=\"og:image\" content=\"https:\/\/tourtravelandmore.com\/wp-content\/uploads\/2025\/04\/lake-5018609_1280.jpg\" \/>\n\t<meta property=\"og:image:width\" content=\"1280\" \/>\n\t<meta property=\"og:image:height\" content=\"853\" \/>\n\t<meta property=\"og:image:type\" content=\"image\/jpeg\" \/>\n<meta name=\"twitter:card\" content=\"summary_large_image\" \/>\n<meta name=\"twitter:site\" content=\"@TourTravel_More\" \/>\n<meta name=\"twitter:label1\" content=\"Tiempo de lectura\" \/>\n\t<meta name=\"twitter:data1\" content=\"2 minutos\" \/>\n<script type=\"application\/ld+json\" class=\"yoast-schema-graph\">{\"@context\":\"https:\/\/schema.org\",\"@graph\":[{\"@type\":\"WebPage\",\"@id\":\"https:\/\/tourtravelandmore.com\/es\/tours\/escocia-es\/edinburgo-es\/edinburgo-rutas-turisticas-privadas-es\/tour-privado-a-lago-ness-tierras-altas-de-escocia-e-inverness\/\",\"url\":\"https:\/\/tourtravelandmore.com\/es\/tours\/escocia-es\/edinburgo-es\/edinburgo-rutas-turisticas-privadas-es\/tour-privado-a-lago-ness-tierras-altas-de-escocia-e-inverness\/\",\"name\":\"\u27a1\ufe0fTour privado a Lago Ness, Tierras Altas de Escocia e Inverness\",\"isPartOf\":{\"@id\":\"https:\/\/tourtravelandmore.com\/es\/#website\"},\"primaryImageOfPage\":{\"@id\":\"https:\/\/tourtravelandmore.com\/es\/tours\/escocia-es\/edinburgo-es\/edinburgo-rutas-turisticas-privadas-es\/tour-privado-a-lago-ness-tierras-altas-de-escocia-e-inverness\/#primaryimage\"},\"image\":{\"@id\":\"https:\/\/tourtravelandmore.com\/es\/tours\/escocia-es\/edinburgo-es\/edinburgo-rutas-turisticas-privadas-es\/tour-privado-a-lago-ness-tierras-altas-de-escocia-e-inverness\/#primaryimage\"},\"thumbnailUrl\":\"https:\/\/tourtravelandmore.com\/wp-content\/uploads\/2025\/04\/lake-5018609_1280.jpg\",\"datePublished\":\"2025-04-09T16:17:10+00:00\",\"dateModified\":\"2025-04-22T14:51:20+00:00\",\"description\":\"Disfrute de esta excursi\u00f3n privada a Loch Ness, las Tierras Altas de Escocia e Inverness c\u00f3modamente en su veh\u00edculo privado de lujo con su conductor\/gu\u00eda \u2705\",\"breadcrumb\":{\"@id\":\"https:\/\/tourtravelandmore.com\/es\/tours\/escocia-es\/edinburgo-es\/edinburgo-rutas-turisticas-privadas-es\/tour-privado-a-lago-ness-tierras-altas-de-escocia-e-inverness\/#breadcrumb\"},\"inLanguage\":\"es\",\"potentialAction\":[{\"@type\":\"ReadAction\",\"target\":[\"https:\/\/tourtravelandmore.com\/es\/tours\/escocia-es\/edinburgo-es\/edinburgo-rutas-turisticas-privadas-es\/tour-privado-a-lago-ness-tierras-altas-de-escocia-e-inverness\/\"]}]},{\"@type\":\"ImageObject\",\"inLanguage\":\"es\",\"@id\":\"https:\/\/tourtravelandmore.com\/es\/tours\/escocia-es\/edinburgo-es\/edinburgo-rutas-turisticas-privadas-es\/tour-privado-a-lago-ness-tierras-altas-de-escocia-e-inverness\/#primaryimage\",\"url\":\"https:\/\/tourtravelandmore.com\/wp-content\/uploads\/2025\/04\/lake-5018609_1280.jpg\",\"contentUrl\":\"https:\/\/tourtravelandmore.com\/wp-content\/uploads\/2025\/04\/lake-5018609_1280.jpg\",\"width\":1280,\"height\":853},{\"@type\":\"BreadcrumbList\",\"@id\":\"https:\/\/tourtravelandmore.com\/es\/tours\/escocia-es\/edinburgo-es\/edinburgo-rutas-turisticas-privadas-es\/tour-privado-a-lago-ness-tierras-altas-de-escocia-e-inverness\/#breadcrumb\",\"itemListElement\":[{\"@type\":\"ListItem\",\"position\":1,\"name\":\"Home\",\"item\":\"https:\/\/tourtravelandmore.com\/es\/\"},{\"@type\":\"ListItem\",\"position\":2,\"name\":\"Tours\",\"item\":\"https:\/\/tourtravelandmore.com\/es\/tours\/\"},{\"@type\":\"ListItem\",\"position\":3,\"name\":\"Tour privado a Lago Ness, Tierras Altas de Escocia e Inverness\"}]},{\"@type\":\"WebSite\",\"@id\":\"https:\/\/tourtravelandmore.com\/es\/#website\",\"url\":\"https:\/\/tourtravelandmore.com\/es\/\",\"name\":\"Tour Travel And More\",\"description\":\"Private sightseeing tours and luxury transfers in Spain\",\"publisher\":{\"@id\":\"https:\/\/tourtravelandmore.com\/es\/#organization\"},\"potentialAction\":[{\"@type\":\"SearchAction\",\"target\":{\"@type\":\"EntryPoint\",\"urlTemplate\":\"https:\/\/tourtravelandmore.com\/es\/?s={search_term_string}\"},\"query-input\":{\"@type\":\"PropertyValueSpecification\",\"valueRequired\":true,\"valueName\":\"search_term_string\"}}],\"inLanguage\":\"es\"},{\"@type\":\"Organization\",\"@id\":\"https:\/\/tourtravelandmore.com\/es\/#organization\",\"name\":\"Tour Travel And More\",\"url\":\"https:\/\/tourtravelandmore.com\/es\/\",\"logo\":{\"@type\":\"ImageObject\",\"inLanguage\":\"es\",\"@id\":\"https:\/\/tourtravelandmore.com\/es\/#\/schema\/logo\/image\/\",\"url\":\"https:\/\/tourtravelandmore.com\/wp-content\/uploads\/2022\/12\/cropped-logo-cabecera-new.png\",\"contentUrl\":\"https:\/\/tourtravelandmore.com\/wp-content\/uploads\/2022\/12\/cropped-logo-cabecera-new.png\",\"width\":430,\"height\":61,\"caption\":\"Tour Travel And More\"},\"image\":{\"@id\":\"https:\/\/tourtravelandmore.com\/es\/#\/schema\/logo\/image\/\"},\"sameAs\":[\"https:\/\/www.facebook.com\/tourtravelandmore\/\",\"https:\/\/x.com\/TourTravel_More\"]}]}<\/script>\n<!-- \/ Yoast SEO Premium plugin. -->","yoast_head_json":{"title":"\u27a1\ufe0fTour privado a Lago Ness, Tierras Altas de Escocia e Inverness","description":"Disfrute de esta excursi\u00f3n privada a Loch Ness, las Tierras Altas de Escocia e Inverness c\u00f3modamente en su veh\u00edculo privado de lujo con su conductor\/gu\u00eda \u2705","robots":{"index":"index","follow":"follow","max-snippet":"max-snippet:-1","max-image-preview":"max-image-preview:large","max-video-preview":"max-video-preview:-1"},"canonical":"https:\/\/tourtravelandmore.com\/es\/tours\/escocia-es\/edinburgo-es\/edinburgo-rutas-turisticas-privadas-es\/tour-privado-a-lago-ness-tierras-altas-de-escocia-e-inverness\/","og_locale":"es_ES","og_type":"article","og_title":"Tour privado a Lago Ness, Tierras Altas de Escocia e Inverness","og_description":"Disfrute de esta excursi\u00f3n privada a Loch Ness, las Tierras Altas de Escocia e Inverness c\u00f3modamente en su veh\u00edculo privado de lujo con su conductor\/gu\u00eda \u2705","og_url":"https:\/\/tourtravelandmore.com\/es\/tours\/escocia-es\/edinburgo-es\/edinburgo-rutas-turisticas-privadas-es\/tour-privado-a-lago-ness-tierras-altas-de-escocia-e-inverness\/","og_site_name":"Tour Travel And More","article_publisher":"https:\/\/www.facebook.com\/tourtravelandmore\/","article_modified_time":"2025-04-22T14:51:20+00:00","og_image":[{"width":1280,"height":853,"url":"https:\/\/tourtravelandmore.com\/wp-content\/uploads\/2025\/04\/lake-5018609_1280.jpg","type":"image\/jpeg"}],"twitter_card":"summary_large_image","twitter_site":"@TourTravel_More","twitter_misc":{"Tiempo de lectura":"2 minutos"},"schema":{"@context":"https:\/\/schema.org","@graph":[{"@type":"WebPage","@id":"https:\/\/tourtravelandmore.com\/es\/tours\/escocia-es\/edinburgo-es\/edinburgo-rutas-turisticas-privadas-es\/tour-privado-a-lago-ness-tierras-altas-de-escocia-e-inverness\/","url":"https:\/\/tourtravelandmore.com\/es\/tours\/escocia-es\/edinburgo-es\/edinburgo-rutas-turisticas-privadas-es\/tour-privado-a-lago-ness-tierras-altas-de-escocia-e-inverness\/","name":"\u27a1\ufe0fTour privado a Lago Ness, Tierras Altas de Escocia e Inverness","isPartOf":{"@id":"https:\/\/tourtravelandmore.com\/es\/#website"},"primaryImageOfPage":{"@id":"https:\/\/tourtravelandmore.com\/es\/tours\/escocia-es\/edinburgo-es\/edinburgo-rutas-turisticas-privadas-es\/tour-privado-a-lago-ness-tierras-altas-de-escocia-e-inverness\/#primaryimage"},"image":{"@id":"https:\/\/tourtravelandmore.com\/es\/tours\/escocia-es\/edinburgo-es\/edinburgo-rutas-turisticas-privadas-es\/tour-privado-a-lago-ness-tierras-altas-de-escocia-e-inverness\/#primaryimage"},"thumbnailUrl":"https:\/\/tourtravelandmore.com\/wp-content\/uploads\/2025\/04\/lake-5018609_1280.jpg","datePublished":"2025-04-09T16:17:10+00:00","dateModified":"2025-04-22T14:51:20+00:00","description":"Disfrute de esta excursi\u00f3n privada a Loch Ness, las Tierras Altas de Escocia e Inverness c\u00f3modamente en su veh\u00edculo privado de lujo con su conductor\/gu\u00eda \u2705","breadcrumb":{"@id":"https:\/\/tourtravelandmore.com\/es\/tours\/escocia-es\/edinburgo-es\/edinburgo-rutas-turisticas-privadas-es\/tour-privado-a-lago-ness-tierras-altas-de-escocia-e-inverness\/#breadcrumb"},"inLanguage":"es","potentialAction":[{"@type":"ReadAction","target":["https:\/\/tourtravelandmore.com\/es\/tours\/escocia-es\/edinburgo-es\/edinburgo-rutas-turisticas-privadas-es\/tour-privado-a-lago-ness-tierras-altas-de-escocia-e-inverness\/"]}]},{"@type":"ImageObject","inLanguage":"es","@id":"https:\/\/tourtravelandmore.com\/es\/tours\/escocia-es\/edinburgo-es\/edinburgo-rutas-turisticas-privadas-es\/tour-privado-a-lago-ness-tierras-altas-de-escocia-e-inverness\/#primaryimage","url":"https:\/\/tourtravelandmore.com\/wp-content\/uploads\/2025\/04\/lake-5018609_1280.jpg","contentUrl":"https:\/\/tourtravelandmore.com\/wp-content\/uploads\/2025\/04\/lake-5018609_1280.jpg","width":1280,"height":853},{"@type":"BreadcrumbList","@id":"https:\/\/tourtravelandmore.com\/es\/tours\/escocia-es\/edinburgo-es\/edinburgo-rutas-turisticas-privadas-es\/tour-privado-a-lago-ness-tierras-altas-de-escocia-e-inverness\/#breadcrumb","itemListElement":[{"@type":"ListItem","position":1,"name":"Home","item":"https:\/\/tourtravelandmore.com\/es\/"},{"@type":"ListItem","position":2,"name":"Tours","item":"https:\/\/tourtravelandmore.com\/es\/tours\/"},{"@type":"ListItem","position":3,"name":"Tour privado a Lago Ness, Tierras Altas de Escocia e Inverness"}]},{"@type":"WebSite","@id":"https:\/\/tourtravelandmore.com\/es\/#website","url":"https:\/\/tourtravelandmore.com\/es\/","name":"Tour Travel And More","description":"Private sightseeing tours and luxury transfers in Spain","publisher":{"@id":"https:\/\/tourtravelandmore.com\/es\/#organization"},"potentialAction":[{"@type":"SearchAction","target":{"@type":"EntryPoint","urlTemplate":"https:\/\/tourtravelandmore.com\/es\/?s={search_term_string}"},"query-input":{"@type":"PropertyValueSpecification","valueRequired":true,"valueName":"search_term_string"}}],"inLanguage":"es"},{"@type":"Organization","@id":"https:\/\/tourtravelandmore.com\/es\/#organization","name":"Tour Travel And More","url":"https:\/\/tourtravelandmore.com\/es\/","logo":{"@type":"ImageObject","inLanguage":"es","@id":"https:\/\/tourtravelandmore.com\/es\/#\/schema\/logo\/image\/","url":"https:\/\/tourtravelandmore.com\/wp-content\/uploads\/2022\/12\/cropped-logo-cabecera-new.png","contentUrl":"https:\/\/tourtravelandmore.com\/wp-content\/uploads\/2022\/12\/cropped-logo-cabecera-new.png","width":430,"height":61,"caption":"Tour Travel And More"},"image":{"@id":"https:\/\/tourtravelandmore.com\/es\/#\/schema\/logo\/image\/"},"sameAs":["https:\/\/www.facebook.com\/tourtravelandmore\/","https:\/\/x.com\/TourTravel_More"]}]}},"_links":{"self":[{"href":"https:\/\/tourtravelandmore.com\/es\/wp-json\/wp\/v2\/product\/182208","targetHints":{"allow":["GET"]}}],"collection":[{"href":"https:\/\/tourtravelandmore.com\/es\/wp-json\/wp\/v2\/product"}],"about":[{"href":"https:\/\/tourtravelandmore.com\/es\/wp-json\/wp\/v2\/types\/product"}],"replies":[{"embeddable":true,"href":"https:\/\/tourtravelandmore.com\/es\/wp-json\/wp\/v2\/comments?post=182208"}],"wp:featuredmedia":[{"embeddable":true,"href":"https:\/\/tourtravelandmore.com\/es\/wp-json\/wp\/v2\/media\/182201"}],"wp:attachment":[{"href":"https:\/\/tourtravelandmore.com\/es\/wp-json\/wp\/v2\/media?parent=182208"}],"wp:term":[{"taxonomy":"product_brand","embeddable":true,"href":"https:\/\/tourtravelandmore.com\/es\/wp-json\/wp\/v2\/product_brand?post=182208"},{"taxonomy":"product_cat","embeddable":true,"href":"https:\/\/tourtravelandmore.com\/es\/wp-json\/wp\/v2\/product_cat?post=182208"},{"taxonomy":"product_tag","embeddable":true,"href":"https:\/\/tourtravelandmore.com\/es\/wp-json\/wp\/v2\/product_tag?post=182208"}],"curies":[{"name":"wp","href":"https:\/\/api.w.org\/{rel}","templated":true}]}}