{"id":182099,"date":"2025-03-31T21:40:29","date_gmt":"2025-03-31T19:40:30","guid":{"rendered":"https:\/\/tourtravelandmore.com\/?post_type=product&#038;p=182099"},"modified":"2025-04-01T16:23:00","modified_gmt":"2025-04-01T14:23:00","slug":"tour-privado-por-zagreb-copy-copy","status":"publish","type":"product","link":"https:\/\/tourtravelandmore.com\/es\/tours\/croacia-es\/zagreb-es\/zagreb-actividades-es\/tour-privado-por-zagreb-copy-copy\/","title":{"rendered":"Tour privado al castillo de Trako\u0161\u0107an y Vara\u017edin desde Zagreb"},"content":{"rendered":"<h2><b>Tour privado al castillo de Trako\u0161\u0107an y Vara\u017edin desde Zagreb Descripci\u00f3n<\/b><\/h2>\n<p>Descubra la rica historia y los impresionantes paisajes del norte de Croacia con nuestro tour <b>privado al castillo de Trako\u0161\u0107an y Vara\u017edin desde Zagreb<\/b>. Esta experiencia exclusiva combina la arquitectura medieval, la elegancia barroca y un paisaje natural impresionante, todo ello en la comodidad de un veh\u00edculo privado con un gu\u00eda experto.<\/p>\n<p>Aproveche esta oportunidad para conocer la historia y la cultura de esta maravillosa ciudad con este tour privado por la ciudad de Zagreb. Este tour tambi\u00e9n se puede hacer a pie solo con su gu\u00eda tur\u00edstico oficial. Eche un vistazo a nuestro <a href=\"https:\/\/tourtravelandmore.com\/tours\/croatia-en\/zagreb-en\/private-walking-tour-of-zagreb\/\">tour privado a pie por Zagreb<\/a>.<\/p>\n<h2><b><strong>Tour privado al castillo de Trako\u0161\u0107an y Vara\u017edin desde Zagreb | Puntos de inter\u00e9s y lugares emblem\u00e1ticos<\/strong><\/b><\/h2>\n<p>Su viaje comienza con un recorrido panor\u00e1mico por la pintoresca campi\u00f1a croata, que le llevar\u00e1 al <b>castillo de Trako\u0161\u0107an<\/b>, uno de los castillos m\u00e1s bellos y mejor conservados de Croacia. Encaramada en una colina y rodeada por un tranquilo lago y un frondoso bosque, esta fortaleza del siglo XIII ofrece una visi\u00f3n fascinante de la vida de la nobleza croata. Explore sus habitaciones profusamente decoradas, sus objetos hist\u00f3ricos y sus impresionantes vistas antes de continuar hacia su pr\u00f3ximo destino.<\/p>\n<p>A continuaci\u00f3n, visite <b>Vara\u017edin<\/b>, la antigua capital de Croacia y una de las ciudades barrocas con m\u00e1s encanto del pa\u00eds. Pasee por su centro hist\u00f3rico, bien conservado, y admire sus elegantes palacios, sus iglesias ornamentadas y sus animadas plazas. Su gu\u00eda le llevar\u00e1 a lugares emblem\u00e1ticos como el <b>castillo de Vara\u017edin<\/b>, la catedral de la Asunci\u00f3n y el famoso ayuntamiento antiguo. Disfrute del animado ambiente de la ciudad, descubra las tradiciones locales o rel\u00e1jese en una de sus acogedoras cafeter\u00edas.<\/p>\n<p>Con un <b>c\u00f3modo transporte privado, un gu\u00eda experto durante cuatro horas y la entrada al castillo de Trako\u0161\u0107an incluida<\/b>, este tour ofrece la combinaci\u00f3n perfecta de historia, cultura y belleza paisaj\u00edstica.<\/p>\n<ul>\n<li><b>Tour privado de d\u00eda completo<\/b> (8 horas) desde Zagreb con servicio personalizado<\/li>\n<li><b>Visite el castillo de Trako\u0161\u0107an<\/b>, uno de los castillos m\u00e1s pintorescos de Croacia (entrada incluida)<\/li>\n<li><b>Explore Vara\u017edin<\/b>, conocida por su impresionante arquitectura barroca y su vibrante historia.<\/li>\n<li><b><strong>Disfrute de una visita guiada (4 horas) con un experto local.<\/strong><\/b><\/li>\n<li><b>Viaje c\u00f3modamente en un veh\u00edculo privado<\/b> con recogida y regreso a su hotel.<\/li>\n<\/ul>\n<p>Finalmente, su conductor privado y gu\u00eda tur\u00edstico oficial le llevar\u00e1n de vuelta a su hotel o al lugar que elija en Zagreb.<\/p>\n","protected":false},"excerpt":{"rendered":"<p>Descubra la rica historia y los impresionantes paisajes del norte de Croacia con nuestro tour <b>privado al castillo de Trako\u0161\u0107an y Vara\u017edin desde Zagreb<\/b>. Esta experiencia exclusiva combina la arquitectura medieval, la elegancia barroca y un paisaje natural impresionante, todo ello en la comodidad de un veh\u00edculo privado con un gu\u00eda experto.<\/p>\n","protected":false},"featured_media":182116,"comment_status":"open","ping_status":"closed","template":"","meta":{"_acf_changed":false},"product_brand":[],"product_cat":[2476,2478,2482],"product_tag":[],"class_list":{"0":"post-182099","1":"product","2":"type-product","3":"status-publish","4":"has-post-thumbnail","6":"product_cat-zagreb-es","7":"product_cat-zagreb-actividades-es","8":"product_cat-zagreb-excursiones-es","10":"first","11":"instock","12":"shipping-taxable","13":"purchasable","14":"product-type-simple"},"acf":[],"yoast_head":"<!-- This site is optimized with the Yoast SEO Premium plugin v25.3.1 (Yoast SEO v25.3.1) - https:\/\/yoast.com\/wordpress\/plugins\/seo\/ -->\n<title>\u27a1\ufe0f Tour Privado por Zagreb con gu\u00eda oficial local y chofer privado | Tour Travel &amp; More<\/title>\n<meta name=\"description\" content=\"Disfrute de este Tour Privado por Zagreb junto a su g\u00fa\u00eda oficial privado quien lo llevara a recorrer todos los lugares mas importantes de esta ciudad \u2705\" \/>\n<meta name=\"robots\" content=\"index, follow, max-snippet:-1, max-image-preview:large, max-video-preview:-1\" \/>\n<link rel=\"canonical\" href=\"https:\/\/tourtravelandmore.com\/es\/tours\/croacia-es\/zagreb-es\/zagreb-actividades-es\/tour-privado-por-zagreb-copy-copy\/\" \/>\n<meta property=\"og:locale\" content=\"es_ES\" \/>\n<meta property=\"og:type\" content=\"article\" \/>\n<meta property=\"og:title\" content=\"Tour privado al castillo de Trako\u0161\u0107an y Vara\u017edin desde Zagreb\" \/>\n<meta property=\"og:description\" content=\"Disfrute de este Tour Privado por Zagreb junto a su g\u00fa\u00eda oficial privado quien lo llevara a recorrer todos los lugares mas importantes de esta ciudad \u2705\" \/>\n<meta property=\"og:url\" content=\"https:\/\/tourtravelandmore.com\/es\/tours\/croacia-es\/zagreb-es\/zagreb-actividades-es\/tour-privado-por-zagreb-copy-copy\/\" \/>\n<meta property=\"og:site_name\" content=\"Tour Travel And More\" \/>\n<meta property=\"article:publisher\" content=\"https:\/\/www.facebook.com\/tourtravelandmore\/\" \/>\n<meta property=\"article:modified_time\" content=\"2025-04-01T14:23:00+00:00\" \/>\n<meta property=\"og:image\" content=\"https:\/\/tourtravelandmore.com\/wp-content\/uploads\/2025\/03\/pexels-janeth-portezo-druzinec-2150618011-31359856.jpg\" \/>\n\t<meta property=\"og:image:width\" content=\"1280\" \/>\n\t<meta property=\"og:image:height\" content=\"960\" \/>\n\t<meta property=\"og:image:type\" content=\"image\/jpeg\" \/>\n<meta name=\"twitter:card\" content=\"summary_large_image\" \/>\n<meta name=\"twitter:site\" content=\"@TourTravel_More\" \/>\n<meta name=\"twitter:label1\" content=\"Tiempo de lectura\" \/>\n\t<meta name=\"twitter:data1\" content=\"2 minutos\" \/>\n<script type=\"application\/ld+json\" class=\"yoast-schema-graph\">{\"@context\":\"https:\/\/schema.org\",\"@graph\":[{\"@type\":\"WebPage\",\"@id\":\"https:\/\/tourtravelandmore.com\/es\/tours\/croacia-es\/zagreb-es\/zagreb-actividades-es\/tour-privado-por-zagreb-copy-copy\/\",\"url\":\"https:\/\/tourtravelandmore.com\/es\/tours\/croacia-es\/zagreb-es\/zagreb-actividades-es\/tour-privado-por-zagreb-copy-copy\/\",\"name\":\"\u27a1\ufe0f Tour Privado por Zagreb con gu\u00eda oficial local y chofer privado | Tour Travel & More\",\"isPartOf\":{\"@id\":\"https:\/\/tourtravelandmore.com\/es\/#website\"},\"primaryImageOfPage\":{\"@id\":\"https:\/\/tourtravelandmore.com\/es\/tours\/croacia-es\/zagreb-es\/zagreb-actividades-es\/tour-privado-por-zagreb-copy-copy\/#primaryimage\"},\"image\":{\"@id\":\"https:\/\/tourtravelandmore.com\/es\/tours\/croacia-es\/zagreb-es\/zagreb-actividades-es\/tour-privado-por-zagreb-copy-copy\/#primaryimage\"},\"thumbnailUrl\":\"https:\/\/tourtravelandmore.com\/wp-content\/uploads\/2025\/03\/pexels-janeth-portezo-druzinec-2150618011-31359856.jpg\",\"datePublished\":\"2025-03-31T19:40:30+00:00\",\"dateModified\":\"2025-04-01T14:23:00+00:00\",\"description\":\"Disfrute de este Tour Privado por Zagreb junto a su g\u00fa\u00eda oficial privado quien lo llevara a recorrer todos los lugares mas importantes de esta ciudad \u2705\",\"breadcrumb\":{\"@id\":\"https:\/\/tourtravelandmore.com\/es\/tours\/croacia-es\/zagreb-es\/zagreb-actividades-es\/tour-privado-por-zagreb-copy-copy\/#breadcrumb\"},\"inLanguage\":\"es\",\"potentialAction\":[{\"@type\":\"ReadAction\",\"target\":[\"https:\/\/tourtravelandmore.com\/es\/tours\/croacia-es\/zagreb-es\/zagreb-actividades-es\/tour-privado-por-zagreb-copy-copy\/\"]}]},{\"@type\":\"ImageObject\",\"inLanguage\":\"es\",\"@id\":\"https:\/\/tourtravelandmore.com\/es\/tours\/croacia-es\/zagreb-es\/zagreb-actividades-es\/tour-privado-por-zagreb-copy-copy\/#primaryimage\",\"url\":\"https:\/\/tourtravelandmore.com\/wp-content\/uploads\/2025\/03\/pexels-janeth-portezo-druzinec-2150618011-31359856.jpg\",\"contentUrl\":\"https:\/\/tourtravelandmore.com\/wp-content\/uploads\/2025\/03\/pexels-janeth-portezo-druzinec-2150618011-31359856.jpg\",\"width\":1280,\"height\":960},{\"@type\":\"BreadcrumbList\",\"@id\":\"https:\/\/tourtravelandmore.com\/es\/tours\/croacia-es\/zagreb-es\/zagreb-actividades-es\/tour-privado-por-zagreb-copy-copy\/#breadcrumb\",\"itemListElement\":[{\"@type\":\"ListItem\",\"position\":1,\"name\":\"Home\",\"item\":\"https:\/\/tourtravelandmore.com\/es\/\"},{\"@type\":\"ListItem\",\"position\":2,\"name\":\"Tours\",\"item\":\"https:\/\/tourtravelandmore.com\/es\/tours\/\"},{\"@type\":\"ListItem\",\"position\":3,\"name\":\"Tour privado al castillo de Trako\u0161\u0107an y Vara\u017edin desde Zagreb\"}]},{\"@type\":\"WebSite\",\"@id\":\"https:\/\/tourtravelandmore.com\/es\/#website\",\"url\":\"https:\/\/tourtravelandmore.com\/es\/\",\"name\":\"Tour Travel And More\",\"description\":\"Private sightseeing tours and luxury transfers in Spain\",\"publisher\":{\"@id\":\"https:\/\/tourtravelandmore.com\/es\/#organization\"},\"potentialAction\":[{\"@type\":\"SearchAction\",\"target\":{\"@type\":\"EntryPoint\",\"urlTemplate\":\"https:\/\/tourtravelandmore.com\/es\/?s={search_term_string}\"},\"query-input\":{\"@type\":\"PropertyValueSpecification\",\"valueRequired\":true,\"valueName\":\"search_term_string\"}}],\"inLanguage\":\"es\"},{\"@type\":\"Organization\",\"@id\":\"https:\/\/tourtravelandmore.com\/es\/#organization\",\"name\":\"Tour Travel And More\",\"url\":\"https:\/\/tourtravelandmore.com\/es\/\",\"logo\":{\"@type\":\"ImageObject\",\"inLanguage\":\"es\",\"@id\":\"https:\/\/tourtravelandmore.com\/es\/#\/schema\/logo\/image\/\",\"url\":\"https:\/\/tourtravelandmore.com\/wp-content\/uploads\/2022\/12\/cropped-logo-cabecera-new.png\",\"contentUrl\":\"https:\/\/tourtravelandmore.com\/wp-content\/uploads\/2022\/12\/cropped-logo-cabecera-new.png\",\"width\":430,\"height\":61,\"caption\":\"Tour Travel And More\"},\"image\":{\"@id\":\"https:\/\/tourtravelandmore.com\/es\/#\/schema\/logo\/image\/\"},\"sameAs\":[\"https:\/\/www.facebook.com\/tourtravelandmore\/\",\"https:\/\/x.com\/TourTravel_More\"]}]}<\/script>\n<!-- \/ Yoast SEO Premium plugin. -->","yoast_head_json":{"title":"\u27a1\ufe0f Tour Privado por Zagreb con gu\u00eda oficial local y chofer privado | Tour Travel & More","description":"Disfrute de este Tour Privado por Zagreb junto a su g\u00fa\u00eda oficial privado quien lo llevara a recorrer todos los lugares mas importantes de esta ciudad \u2705","robots":{"index":"index","follow":"follow","max-snippet":"max-snippet:-1","max-image-preview":"max-image-preview:large","max-video-preview":"max-video-preview:-1"},"canonical":"https:\/\/tourtravelandmore.com\/es\/tours\/croacia-es\/zagreb-es\/zagreb-actividades-es\/tour-privado-por-zagreb-copy-copy\/","og_locale":"es_ES","og_type":"article","og_title":"Tour privado al castillo de Trako\u0161\u0107an y Vara\u017edin desde Zagreb","og_description":"Disfrute de este Tour Privado por Zagreb junto a su g\u00fa\u00eda oficial privado quien lo llevara a recorrer todos los lugares mas importantes de esta ciudad \u2705","og_url":"https:\/\/tourtravelandmore.com\/es\/tours\/croacia-es\/zagreb-es\/zagreb-actividades-es\/tour-privado-por-zagreb-copy-copy\/","og_site_name":"Tour Travel And More","article_publisher":"https:\/\/www.facebook.com\/tourtravelandmore\/","article_modified_time":"2025-04-01T14:23:00+00:00","og_image":[{"width":1280,"height":960,"url":"https:\/\/tourtravelandmore.com\/wp-content\/uploads\/2025\/03\/pexels-janeth-portezo-druzinec-2150618011-31359856.jpg","type":"image\/jpeg"}],"twitter_card":"summary_large_image","twitter_site":"@TourTravel_More","twitter_misc":{"Tiempo de lectura":"2 minutos"},"schema":{"@context":"https:\/\/schema.org","@graph":[{"@type":"WebPage","@id":"https:\/\/tourtravelandmore.com\/es\/tours\/croacia-es\/zagreb-es\/zagreb-actividades-es\/tour-privado-por-zagreb-copy-copy\/","url":"https:\/\/tourtravelandmore.com\/es\/tours\/croacia-es\/zagreb-es\/zagreb-actividades-es\/tour-privado-por-zagreb-copy-copy\/","name":"\u27a1\ufe0f Tour Privado por Zagreb con gu\u00eda oficial local y chofer privado | Tour Travel & More","isPartOf":{"@id":"https:\/\/tourtravelandmore.com\/es\/#website"},"primaryImageOfPage":{"@id":"https:\/\/tourtravelandmore.com\/es\/tours\/croacia-es\/zagreb-es\/zagreb-actividades-es\/tour-privado-por-zagreb-copy-copy\/#primaryimage"},"image":{"@id":"https:\/\/tourtravelandmore.com\/es\/tours\/croacia-es\/zagreb-es\/zagreb-actividades-es\/tour-privado-por-zagreb-copy-copy\/#primaryimage"},"thumbnailUrl":"https:\/\/tourtravelandmore.com\/wp-content\/uploads\/2025\/03\/pexels-janeth-portezo-druzinec-2150618011-31359856.jpg","datePublished":"2025-03-31T19:40:30+00:00","dateModified":"2025-04-01T14:23:00+00:00","description":"Disfrute de este Tour Privado por Zagreb junto a su g\u00fa\u00eda oficial privado quien lo llevara a recorrer todos los lugares mas importantes de esta ciudad \u2705","breadcrumb":{"@id":"https:\/\/tourtravelandmore.com\/es\/tours\/croacia-es\/zagreb-es\/zagreb-actividades-es\/tour-privado-por-zagreb-copy-copy\/#breadcrumb"},"inLanguage":"es","potentialAction":[{"@type":"ReadAction","target":["https:\/\/tourtravelandmore.com\/es\/tours\/croacia-es\/zagreb-es\/zagreb-actividades-es\/tour-privado-por-zagreb-copy-copy\/"]}]},{"@type":"ImageObject","inLanguage":"es","@id":"https:\/\/tourtravelandmore.com\/es\/tours\/croacia-es\/zagreb-es\/zagreb-actividades-es\/tour-privado-por-zagreb-copy-copy\/#primaryimage","url":"https:\/\/tourtravelandmore.com\/wp-content\/uploads\/2025\/03\/pexels-janeth-portezo-druzinec-2150618011-31359856.jpg","contentUrl":"https:\/\/tourtravelandmore.com\/wp-content\/uploads\/2025\/03\/pexels-janeth-portezo-druzinec-2150618011-31359856.jpg","width":1280,"height":960},{"@type":"BreadcrumbList","@id":"https:\/\/tourtravelandmore.com\/es\/tours\/croacia-es\/zagreb-es\/zagreb-actividades-es\/tour-privado-por-zagreb-copy-copy\/#breadcrumb","itemListElement":[{"@type":"ListItem","position":1,"name":"Home","item":"https:\/\/tourtravelandmore.com\/es\/"},{"@type":"ListItem","position":2,"name":"Tours","item":"https:\/\/tourtravelandmore.com\/es\/tours\/"},{"@type":"ListItem","position":3,"name":"Tour privado al castillo de Trako\u0161\u0107an y Vara\u017edin desde Zagreb"}]},{"@type":"WebSite","@id":"https:\/\/tourtravelandmore.com\/es\/#website","url":"https:\/\/tourtravelandmore.com\/es\/","name":"Tour Travel And More","description":"Private sightseeing tours and luxury transfers in Spain","publisher":{"@id":"https:\/\/tourtravelandmore.com\/es\/#organization"},"potentialAction":[{"@type":"SearchAction","target":{"@type":"EntryPoint","urlTemplate":"https:\/\/tourtravelandmore.com\/es\/?s={search_term_string}"},"query-input":{"@type":"PropertyValueSpecification","valueRequired":true,"valueName":"search_term_string"}}],"inLanguage":"es"},{"@type":"Organization","@id":"https:\/\/tourtravelandmore.com\/es\/#organization","name":"Tour Travel And More","url":"https:\/\/tourtravelandmore.com\/es\/","logo":{"@type":"ImageObject","inLanguage":"es","@id":"https:\/\/tourtravelandmore.com\/es\/#\/schema\/logo\/image\/","url":"https:\/\/tourtravelandmore.com\/wp-content\/uploads\/2022\/12\/cropped-logo-cabecera-new.png","contentUrl":"https:\/\/tourtravelandmore.com\/wp-content\/uploads\/2022\/12\/cropped-logo-cabecera-new.png","width":430,"height":61,"caption":"Tour Travel And More"},"image":{"@id":"https:\/\/tourtravelandmore.com\/es\/#\/schema\/logo\/image\/"},"sameAs":["https:\/\/www.facebook.com\/tourtravelandmore\/","https:\/\/x.com\/TourTravel_More"]}]}},"_links":{"self":[{"href":"https:\/\/tourtravelandmore.com\/es\/wp-json\/wp\/v2\/product\/182099","targetHints":{"allow":["GET"]}}],"collection":[{"href":"https:\/\/tourtravelandmore.com\/es\/wp-json\/wp\/v2\/product"}],"about":[{"href":"https:\/\/tourtravelandmore.com\/es\/wp-json\/wp\/v2\/types\/product"}],"replies":[{"embeddable":true,"href":"https:\/\/tourtravelandmore.com\/es\/wp-json\/wp\/v2\/comments?post=182099"}],"wp:featuredmedia":[{"embeddable":true,"href":"https:\/\/tourtravelandmore.com\/es\/wp-json\/wp\/v2\/media\/182116"}],"wp:attachment":[{"href":"https:\/\/tourtravelandmore.com\/es\/wp-json\/wp\/v2\/media?parent=182099"}],"wp:term":[{"taxonomy":"product_brand","embeddable":true,"href":"https:\/\/tourtravelandmore.com\/es\/wp-json\/wp\/v2\/product_brand?post=182099"},{"taxonomy":"product_cat","embeddable":true,"href":"https:\/\/tourtravelandmore.com\/es\/wp-json\/wp\/v2\/product_cat?post=182099"},{"taxonomy":"product_tag","embeddable":true,"href":"https:\/\/tourtravelandmore.com\/es\/wp-json\/wp\/v2\/product_tag?post=182099"}],"curies":[{"name":"wp","href":"https:\/\/api.w.org\/{rel}","templated":true}]}}