{"id":182081,"date":"2025-03-31T20:46:09","date_gmt":"2025-03-31T18:46:09","guid":{"rendered":"https:\/\/tourtravelandmore.com\/?post_type=product&#038;p=182081"},"modified":"2025-04-01T22:41:29","modified_gmt":"2025-04-01T20:41:29","slug":"tour-privado-por-zagreb-copy","status":"publish","type":"product","link":"https:\/\/tourtravelandmore.com\/es\/tours\/croacia-es\/zagreb-es\/zagreb-actividades-es\/tour-privado-por-zagreb-copy\/","title":{"rendered":"Tour privado a Pula y Rovinj desde Zagreb"},"content":{"rendered":"<h2><b><strong>Tour privado a Pula y Rovinj desde Zagreb Descripci\u00f3n<\/strong><\/b><\/h2>\n<p>Descubra la belleza de la pen\u00ednsula de Istria con este tour privado a Pula y Rovinj desde Zagreb. Disfrute de un c\u00f3modo viaje de 11 horas en veh\u00edculo privado con conductor, acompa\u00f1ado por un gu\u00eda experto durante cuatro horas. Sum\u00e9rjase en la rica historia de la regi\u00f3n y en el impresionante paisaje costero, con una visita especial al emblem\u00e1tico anfiteatro romano de Pula.<\/p>\n<p>Aproveche esta oportunidad para conocer la historia y la cultura de esta maravillosa ciudad con este tour privado por la ciudad de Zagreb. Este tour tambi\u00e9n se puede hacer a pie solo con su gu\u00eda tur\u00edstico oficial. Eche un vistazo a nuestro <a href=\"https:\/\/tourtravelandmore.com\/tours\/croatia-en\/zagreb-en\/private-walking-tour-of-zagreb\/\">tour privado a pie por Zagreb<\/a>.<\/p>\n<h2><b><strong>Tour privado a Pula y Rovinj desde Zagreb | Puntos de inter\u00e9s y monumentos<\/strong><\/b><\/h2>\n<p>Su d\u00eda comienza con un recorrido panor\u00e1mico desde Zagreb a Pula, una de las ciudades m\u00e1s importantes de Croacia desde el punto de vista hist\u00f3rico. Aqu\u00ed, explorar\u00e1 el bien conservado Anfiteatro Romano, una impresionante reliquia del Imperio Romano que en su d\u00eda alberg\u00f3 batallas de gladiadores. Su gu\u00eda le proporcionar\u00e1 fascinantes conocimientos sobre su historia y el patrimonio antiguo de la ciudad.<\/p>\n<p>A continuaci\u00f3n, continuar\u00e1 hacia Rovinj, una pintoresca ciudad costera a menudo conocida como la \u00abperla de Istria\u00bb. Pasee por su encantador casco antiguo, admire las coloridas casas de estilo veneciano y disfrute de las impresionantes vistas del mar Adri\u00e1tico. Tendr\u00e1 tiempo libre para explorar sus pintorescas calles, relajarse junto al mar o disfrutar de la cocina local de Istria antes de regresar a Zagreb.<\/p>\n<p>Este exclusivo recorrido garantiza una experiencia enriquecedora y sin contratiempos, perfecta para los entusiastas de la historia y los viajeros que buscan explorar Croacia m\u00e1s all\u00e1 de la capital.<\/p>\n<p>Entre otros monumentos y lugares que podr\u00e1 visitar:<\/p>\n<ul>\n<li><b>Recorrido privado<\/b> con un c\u00f3modo veh\u00edculo y conductor durante 11 horas<\/li>\n<li><b>Visita guiada (4 horas)<\/b> con un gu\u00eda local experto<\/li>\n<li><b>Entrada al anfiteatro romano de Pula<\/b>, uno de los mejor conservados del mundo<\/li>\n<li>Explore <b>Pula,<\/b> una ciudad con una rica historia romana y una arquitectura impresionante.<\/li>\n<li>Descubra <b>Rovinj,<\/b> una encantadora ciudad costera con influencias venecianas.<\/li>\n<li>Disfrute de tiempo libre para disfrutar del animado ambiente de Rovinj y de las vistas al mar.<\/li>\n<li>Experiencia personalizada con opciones de itinerario flexibles.<\/li>\n<\/ul>\n<p>Finalmente, su conductor privado y su gu\u00eda tur\u00edstico oficial le llevar\u00e1n de vuelta a su hotel o al lugar que elija en Zagreb.<\/p>\n","protected":false},"excerpt":{"rendered":"<p>Descubra la belleza de la pen\u00ednsula de Istria con este tour privado a Pula y Rovinj desde Zagreb. Disfrute de un c\u00f3modo viaje de 11 horas en veh\u00edculo privado con conductor, acompa\u00f1ado por un gu\u00eda experto durante cuatro horas. Sum\u00e9rjase en la rica historia de la regi\u00f3n y en el impresionante paisaje costero, con una visita especial al emblem\u00e1tico anfiteatro romano de Pula.<\/p>\n","protected":false},"featured_media":182097,"comment_status":"open","ping_status":"closed","template":"","meta":{"_acf_changed":false},"product_brand":[],"product_cat":[2476,2478,2482],"product_tag":[],"class_list":{"0":"post-182081","1":"product","2":"type-product","3":"status-publish","4":"has-post-thumbnail","6":"product_cat-zagreb-es","7":"product_cat-zagreb-actividades-es","8":"product_cat-zagreb-excursiones-es","10":"first","11":"instock","12":"shipping-taxable","13":"purchasable","14":"product-type-simple"},"acf":[],"yoast_head":"<!-- This site is optimized with the Yoast SEO Premium plugin v25.3.1 (Yoast SEO v25.3.1) - https:\/\/yoast.com\/wordpress\/plugins\/seo\/ -->\n<title>\u27a1\ufe0f Tour Privado por Zagreb con gu\u00eda oficial local y chofer privado | Tour Travel &amp; More<\/title>\n<meta name=\"description\" content=\"Disfrute de este Tour Privado por Zagreb junto a su g\u00fa\u00eda oficial privado quien lo llevara a recorrer todos los lugares mas importantes de esta ciudad \u2705\" \/>\n<meta name=\"robots\" content=\"index, follow, max-snippet:-1, max-image-preview:large, max-video-preview:-1\" \/>\n<link rel=\"canonical\" href=\"https:\/\/tourtravelandmore.com\/es\/tours\/croacia-es\/zagreb-es\/zagreb-actividades-es\/tour-privado-por-zagreb-copy\/\" \/>\n<meta property=\"og:locale\" content=\"es_ES\" \/>\n<meta property=\"og:type\" content=\"article\" \/>\n<meta property=\"og:title\" content=\"Tour privado a Pula y Rovinj desde Zagreb\" \/>\n<meta property=\"og:description\" content=\"Disfrute de este Tour Privado por Zagreb junto a su g\u00fa\u00eda oficial privado quien lo llevara a recorrer todos los lugares mas importantes de esta ciudad \u2705\" \/>\n<meta property=\"og:url\" content=\"https:\/\/tourtravelandmore.com\/es\/tours\/croacia-es\/zagreb-es\/zagreb-actividades-es\/tour-privado-por-zagreb-copy\/\" \/>\n<meta property=\"og:site_name\" content=\"Tour Travel And More\" \/>\n<meta property=\"article:publisher\" content=\"https:\/\/www.facebook.com\/tourtravelandmore\/\" \/>\n<meta property=\"article:modified_time\" content=\"2025-04-01T20:41:29+00:00\" \/>\n<meta property=\"og:image\" content=\"https:\/\/tourtravelandmore.com\/wp-content\/uploads\/2025\/03\/pexels-pixabay-248181-scaled.jpg\" \/>\n\t<meta property=\"og:image:width\" content=\"2560\" \/>\n\t<meta property=\"og:image:height\" content=\"1714\" \/>\n\t<meta property=\"og:image:type\" content=\"image\/jpeg\" \/>\n<meta name=\"twitter:card\" content=\"summary_large_image\" \/>\n<meta name=\"twitter:site\" content=\"@TourTravel_More\" \/>\n<meta name=\"twitter:label1\" content=\"Tiempo de lectura\" \/>\n\t<meta name=\"twitter:data1\" content=\"2 minutos\" \/>\n<script type=\"application\/ld+json\" class=\"yoast-schema-graph\">{\"@context\":\"https:\/\/schema.org\",\"@graph\":[{\"@type\":\"WebPage\",\"@id\":\"https:\/\/tourtravelandmore.com\/es\/tours\/croacia-es\/zagreb-es\/zagreb-actividades-es\/tour-privado-por-zagreb-copy\/\",\"url\":\"https:\/\/tourtravelandmore.com\/es\/tours\/croacia-es\/zagreb-es\/zagreb-actividades-es\/tour-privado-por-zagreb-copy\/\",\"name\":\"\u27a1\ufe0f Tour Privado por Zagreb con gu\u00eda oficial local y chofer privado | Tour Travel & More\",\"isPartOf\":{\"@id\":\"https:\/\/tourtravelandmore.com\/es\/#website\"},\"primaryImageOfPage\":{\"@id\":\"https:\/\/tourtravelandmore.com\/es\/tours\/croacia-es\/zagreb-es\/zagreb-actividades-es\/tour-privado-por-zagreb-copy\/#primaryimage\"},\"image\":{\"@id\":\"https:\/\/tourtravelandmore.com\/es\/tours\/croacia-es\/zagreb-es\/zagreb-actividades-es\/tour-privado-por-zagreb-copy\/#primaryimage\"},\"thumbnailUrl\":\"https:\/\/tourtravelandmore.com\/wp-content\/uploads\/2025\/03\/pexels-pixabay-248181-scaled.jpg\",\"datePublished\":\"2025-03-31T18:46:09+00:00\",\"dateModified\":\"2025-04-01T20:41:29+00:00\",\"description\":\"Disfrute de este Tour Privado por Zagreb junto a su g\u00fa\u00eda oficial privado quien lo llevara a recorrer todos los lugares mas importantes de esta ciudad \u2705\",\"breadcrumb\":{\"@id\":\"https:\/\/tourtravelandmore.com\/es\/tours\/croacia-es\/zagreb-es\/zagreb-actividades-es\/tour-privado-por-zagreb-copy\/#breadcrumb\"},\"inLanguage\":\"es\",\"potentialAction\":[{\"@type\":\"ReadAction\",\"target\":[\"https:\/\/tourtravelandmore.com\/es\/tours\/croacia-es\/zagreb-es\/zagreb-actividades-es\/tour-privado-por-zagreb-copy\/\"]}]},{\"@type\":\"ImageObject\",\"inLanguage\":\"es\",\"@id\":\"https:\/\/tourtravelandmore.com\/es\/tours\/croacia-es\/zagreb-es\/zagreb-actividades-es\/tour-privado-por-zagreb-copy\/#primaryimage\",\"url\":\"https:\/\/tourtravelandmore.com\/wp-content\/uploads\/2025\/03\/pexels-pixabay-248181-scaled.jpg\",\"contentUrl\":\"https:\/\/tourtravelandmore.com\/wp-content\/uploads\/2025\/03\/pexels-pixabay-248181-scaled.jpg\",\"width\":2560,\"height\":1714},{\"@type\":\"BreadcrumbList\",\"@id\":\"https:\/\/tourtravelandmore.com\/es\/tours\/croacia-es\/zagreb-es\/zagreb-actividades-es\/tour-privado-por-zagreb-copy\/#breadcrumb\",\"itemListElement\":[{\"@type\":\"ListItem\",\"position\":1,\"name\":\"Home\",\"item\":\"https:\/\/tourtravelandmore.com\/es\/\"},{\"@type\":\"ListItem\",\"position\":2,\"name\":\"Tours\",\"item\":\"https:\/\/tourtravelandmore.com\/es\/tours\/\"},{\"@type\":\"ListItem\",\"position\":3,\"name\":\"Tour privado a Pula y Rovinj desde Zagreb\"}]},{\"@type\":\"WebSite\",\"@id\":\"https:\/\/tourtravelandmore.com\/es\/#website\",\"url\":\"https:\/\/tourtravelandmore.com\/es\/\",\"name\":\"Tour Travel And More\",\"description\":\"Private sightseeing tours and luxury transfers in Spain\",\"publisher\":{\"@id\":\"https:\/\/tourtravelandmore.com\/es\/#organization\"},\"potentialAction\":[{\"@type\":\"SearchAction\",\"target\":{\"@type\":\"EntryPoint\",\"urlTemplate\":\"https:\/\/tourtravelandmore.com\/es\/?s={search_term_string}\"},\"query-input\":{\"@type\":\"PropertyValueSpecification\",\"valueRequired\":true,\"valueName\":\"search_term_string\"}}],\"inLanguage\":\"es\"},{\"@type\":\"Organization\",\"@id\":\"https:\/\/tourtravelandmore.com\/es\/#organization\",\"name\":\"Tour Travel And More\",\"url\":\"https:\/\/tourtravelandmore.com\/es\/\",\"logo\":{\"@type\":\"ImageObject\",\"inLanguage\":\"es\",\"@id\":\"https:\/\/tourtravelandmore.com\/es\/#\/schema\/logo\/image\/\",\"url\":\"https:\/\/tourtravelandmore.com\/wp-content\/uploads\/2022\/12\/cropped-logo-cabecera-new.png\",\"contentUrl\":\"https:\/\/tourtravelandmore.com\/wp-content\/uploads\/2022\/12\/cropped-logo-cabecera-new.png\",\"width\":430,\"height\":61,\"caption\":\"Tour Travel And More\"},\"image\":{\"@id\":\"https:\/\/tourtravelandmore.com\/es\/#\/schema\/logo\/image\/\"},\"sameAs\":[\"https:\/\/www.facebook.com\/tourtravelandmore\/\",\"https:\/\/x.com\/TourTravel_More\"]}]}<\/script>\n<!-- \/ Yoast SEO Premium plugin. -->","yoast_head_json":{"title":"\u27a1\ufe0f Tour Privado por Zagreb con gu\u00eda oficial local y chofer privado | Tour Travel & More","description":"Disfrute de este Tour Privado por Zagreb junto a su g\u00fa\u00eda oficial privado quien lo llevara a recorrer todos los lugares mas importantes de esta ciudad \u2705","robots":{"index":"index","follow":"follow","max-snippet":"max-snippet:-1","max-image-preview":"max-image-preview:large","max-video-preview":"max-video-preview:-1"},"canonical":"https:\/\/tourtravelandmore.com\/es\/tours\/croacia-es\/zagreb-es\/zagreb-actividades-es\/tour-privado-por-zagreb-copy\/","og_locale":"es_ES","og_type":"article","og_title":"Tour privado a Pula y Rovinj desde Zagreb","og_description":"Disfrute de este Tour Privado por Zagreb junto a su g\u00fa\u00eda oficial privado quien lo llevara a recorrer todos los lugares mas importantes de esta ciudad \u2705","og_url":"https:\/\/tourtravelandmore.com\/es\/tours\/croacia-es\/zagreb-es\/zagreb-actividades-es\/tour-privado-por-zagreb-copy\/","og_site_name":"Tour Travel And More","article_publisher":"https:\/\/www.facebook.com\/tourtravelandmore\/","article_modified_time":"2025-04-01T20:41:29+00:00","og_image":[{"width":2560,"height":1714,"url":"https:\/\/tourtravelandmore.com\/wp-content\/uploads\/2025\/03\/pexels-pixabay-248181-scaled.jpg","type":"image\/jpeg"}],"twitter_card":"summary_large_image","twitter_site":"@TourTravel_More","twitter_misc":{"Tiempo de lectura":"2 minutos"},"schema":{"@context":"https:\/\/schema.org","@graph":[{"@type":"WebPage","@id":"https:\/\/tourtravelandmore.com\/es\/tours\/croacia-es\/zagreb-es\/zagreb-actividades-es\/tour-privado-por-zagreb-copy\/","url":"https:\/\/tourtravelandmore.com\/es\/tours\/croacia-es\/zagreb-es\/zagreb-actividades-es\/tour-privado-por-zagreb-copy\/","name":"\u27a1\ufe0f Tour Privado por Zagreb con gu\u00eda oficial local y chofer privado | Tour Travel & More","isPartOf":{"@id":"https:\/\/tourtravelandmore.com\/es\/#website"},"primaryImageOfPage":{"@id":"https:\/\/tourtravelandmore.com\/es\/tours\/croacia-es\/zagreb-es\/zagreb-actividades-es\/tour-privado-por-zagreb-copy\/#primaryimage"},"image":{"@id":"https:\/\/tourtravelandmore.com\/es\/tours\/croacia-es\/zagreb-es\/zagreb-actividades-es\/tour-privado-por-zagreb-copy\/#primaryimage"},"thumbnailUrl":"https:\/\/tourtravelandmore.com\/wp-content\/uploads\/2025\/03\/pexels-pixabay-248181-scaled.jpg","datePublished":"2025-03-31T18:46:09+00:00","dateModified":"2025-04-01T20:41:29+00:00","description":"Disfrute de este Tour Privado por Zagreb junto a su g\u00fa\u00eda oficial privado quien lo llevara a recorrer todos los lugares mas importantes de esta ciudad \u2705","breadcrumb":{"@id":"https:\/\/tourtravelandmore.com\/es\/tours\/croacia-es\/zagreb-es\/zagreb-actividades-es\/tour-privado-por-zagreb-copy\/#breadcrumb"},"inLanguage":"es","potentialAction":[{"@type":"ReadAction","target":["https:\/\/tourtravelandmore.com\/es\/tours\/croacia-es\/zagreb-es\/zagreb-actividades-es\/tour-privado-por-zagreb-copy\/"]}]},{"@type":"ImageObject","inLanguage":"es","@id":"https:\/\/tourtravelandmore.com\/es\/tours\/croacia-es\/zagreb-es\/zagreb-actividades-es\/tour-privado-por-zagreb-copy\/#primaryimage","url":"https:\/\/tourtravelandmore.com\/wp-content\/uploads\/2025\/03\/pexels-pixabay-248181-scaled.jpg","contentUrl":"https:\/\/tourtravelandmore.com\/wp-content\/uploads\/2025\/03\/pexels-pixabay-248181-scaled.jpg","width":2560,"height":1714},{"@type":"BreadcrumbList","@id":"https:\/\/tourtravelandmore.com\/es\/tours\/croacia-es\/zagreb-es\/zagreb-actividades-es\/tour-privado-por-zagreb-copy\/#breadcrumb","itemListElement":[{"@type":"ListItem","position":1,"name":"Home","item":"https:\/\/tourtravelandmore.com\/es\/"},{"@type":"ListItem","position":2,"name":"Tours","item":"https:\/\/tourtravelandmore.com\/es\/tours\/"},{"@type":"ListItem","position":3,"name":"Tour privado a Pula y Rovinj desde Zagreb"}]},{"@type":"WebSite","@id":"https:\/\/tourtravelandmore.com\/es\/#website","url":"https:\/\/tourtravelandmore.com\/es\/","name":"Tour Travel And More","description":"Private sightseeing tours and luxury transfers in Spain","publisher":{"@id":"https:\/\/tourtravelandmore.com\/es\/#organization"},"potentialAction":[{"@type":"SearchAction","target":{"@type":"EntryPoint","urlTemplate":"https:\/\/tourtravelandmore.com\/es\/?s={search_term_string}"},"query-input":{"@type":"PropertyValueSpecification","valueRequired":true,"valueName":"search_term_string"}}],"inLanguage":"es"},{"@type":"Organization","@id":"https:\/\/tourtravelandmore.com\/es\/#organization","name":"Tour Travel And More","url":"https:\/\/tourtravelandmore.com\/es\/","logo":{"@type":"ImageObject","inLanguage":"es","@id":"https:\/\/tourtravelandmore.com\/es\/#\/schema\/logo\/image\/","url":"https:\/\/tourtravelandmore.com\/wp-content\/uploads\/2022\/12\/cropped-logo-cabecera-new.png","contentUrl":"https:\/\/tourtravelandmore.com\/wp-content\/uploads\/2022\/12\/cropped-logo-cabecera-new.png","width":430,"height":61,"caption":"Tour Travel And More"},"image":{"@id":"https:\/\/tourtravelandmore.com\/es\/#\/schema\/logo\/image\/"},"sameAs":["https:\/\/www.facebook.com\/tourtravelandmore\/","https:\/\/x.com\/TourTravel_More"]}]}},"_links":{"self":[{"href":"https:\/\/tourtravelandmore.com\/es\/wp-json\/wp\/v2\/product\/182081","targetHints":{"allow":["GET"]}}],"collection":[{"href":"https:\/\/tourtravelandmore.com\/es\/wp-json\/wp\/v2\/product"}],"about":[{"href":"https:\/\/tourtravelandmore.com\/es\/wp-json\/wp\/v2\/types\/product"}],"replies":[{"embeddable":true,"href":"https:\/\/tourtravelandmore.com\/es\/wp-json\/wp\/v2\/comments?post=182081"}],"wp:featuredmedia":[{"embeddable":true,"href":"https:\/\/tourtravelandmore.com\/es\/wp-json\/wp\/v2\/media\/182097"}],"wp:attachment":[{"href":"https:\/\/tourtravelandmore.com\/es\/wp-json\/wp\/v2\/media?parent=182081"}],"wp:term":[{"taxonomy":"product_brand","embeddable":true,"href":"https:\/\/tourtravelandmore.com\/es\/wp-json\/wp\/v2\/product_brand?post=182081"},{"taxonomy":"product_cat","embeddable":true,"href":"https:\/\/tourtravelandmore.com\/es\/wp-json\/wp\/v2\/product_cat?post=182081"},{"taxonomy":"product_tag","embeddable":true,"href":"https:\/\/tourtravelandmore.com\/es\/wp-json\/wp\/v2\/product_tag?post=182081"}],"curies":[{"name":"wp","href":"https:\/\/api.w.org\/{rel}","templated":true}]}}