{"id":18108,"date":"2018-02-16T14:40:18","date_gmt":"2018-02-16T14:00:22","guid":{"rendered":"http:\/\/tourtravelandmore.com\/es\/?post_type=product&#038;p=18108"},"modified":"2022-04-29T09:22:09","modified_gmt":"2022-04-29T07:22:09","slug":"tour-privado-a-pisa-y-lucca-desde-la-terminal-de-cruceros-de-livorno","status":"publish","type":"product","link":"https:\/\/tourtravelandmore.com\/es\/tours\/italia-es\/livorno-es\/tour-privado-a-pisa-y-lucca-desde-la-terminal-de-cruceros-de-livorno\/","title":{"rendered":"Tour Privado a Pisa y Lucca desde Livorno"},"content":{"rendered":"<h2><strong>Descripci\u00f3n del Tour Privado a Pisa y Lucca desde Livorno<\/strong><\/h2>\n<p><strong>Livorno<\/strong> te da la oportunidad de visitar muchas ciudades italianas desde all\u00ed. Disfrute de este tour<strong>\u00a0privado a Pisa y Lucca desde Livorno<\/strong> c\u00f3modamente en su <strong>veh\u00edculo privado de lujo con chofer\/gu\u00eda<\/strong>.<\/p>\n<p><strong>Toscana<\/strong> es uno de los lugares m\u00e1s bonitos y exclusivos de toda Europa. Aqu\u00ed, puedes admirar los hermosos paisajes, el arte, la arquitectura y probar la mejor comida.<\/p>\n<p><strong>Pisa<\/strong>, es otra ciudad importante en la regi\u00f3n de la Toscana. Se desconoce qui\u00e9n construy\u00f3 la ciudad de Pisa, pero se confirma que existe desde el siglo VII a. C. Por otro lado, <strong>Lucca<\/strong> es una de las pocas ciudades de la Toscana que ha conservado sus muros romanos en su totalidad. Es considerada como una de las ciudades m\u00e1s bellas de la Toscana.<\/p>\n<p>Su conductor\/gu\u00eda profesional estar\u00e1 a su disposici\u00f3n durante todo el recorrido. En caso de que prefiera, podemos incluir un gu\u00eda oficial local en Pisa durante 2.5 horas.<\/p>\n<p>Este tour privado a Pisa y Lucca desde Livorno tiene una duraci\u00f3n total de 8 horas. Como se trata de un tour privado, podr\u00e1 personalizar su recorrido seg\u00fan sus propios deseos.<\/p>\n<p>Otra posible opci\u00f3n de tour privado de d\u00eda completo desde Livorno es nuestro <a href=\"https:\/\/tourtravelandmore.com\/es\/tours\/italia-es\/livorno-es\/tour-privado-siena-san-gimignano-desde-puerto-de-livorno\/\">tour privado a Siena y San Gimignano<\/a>, \u00a1eche un vistazo!.<\/p>\n<h2><strong>Puntos de inter\u00e9s en el Tour Privado a Pisa y Lucca desde Livorno<\/strong><\/h2>\n<p>El recorrido comenzar\u00e1 en fuera de su crucero en Livorno, donde su conductor\/gu\u00eda privado lo pasar\u00e1 a recoger. Usted elegir\u00e1 la hora de inicio del tour.<\/p>\n<p>Pisa y Lucca son dos de las ciudades m\u00e1s bellas e hist\u00f3ricas de la Toscana. Podr\u00e1s admirar sus lugares m\u00e1s importantes con este tour privado de d\u00eda completo.<\/p>\n<p>En primer lugar, visitar\u00e1s la ciudad de <strong>Pisa<\/strong>. Conocer\u00e1s la <strong>Plaza dei Miracoli<\/strong>, <strong>declarada Patrimonio de la Humanidad por la UNESCO<\/strong>, donde se encuentran la <strong>torre inclinada de Pisa<\/strong>, la <strong>catedral<\/strong> y el <strong>baptisterio<\/strong>. Si est\u00e1 interesado, es posible <a href=\"https:\/\/www.opapisa.it\/en\/tickets\/buy\/\">subir a la torre<\/a> y admirar la vista panor\u00e1mica desde la cima. Podemos incluir entradas de entrada al monumento y museo de su preferencia.<\/p>\n<p>En segundo lugar, continuar\u00e1s hasta <strong>Lucca<\/strong>. Podr\u00e1 visitar el <strong>anfiteatro romano<\/strong>, visitar la <strong>Plaza San Michelle<\/strong> con su hermosa iglesia del siglo XII <strong>San Michele in Foro<\/strong>. Tendr\u00e1 la oportunidad de caminar por las murallas de la ciudad, que ahora son un paseo peatonal verde donde las bicicletas y las personas disfrutan todos los d\u00edas.<\/p>\n<p>Mientras visita ambas ciudades, disfrutar\u00e1 el camino a trav\u00e9s de la impresionante regi\u00f3n de la Toscana, donde pasar\u00e1 por hermosas villas, bodegas y peque\u00f1os pueblos toscanos.<\/p>\n<p><strong>Finalmente, su conductor\/gu\u00eda privado lo llevar\u00e1 de regreso a su crucero en Livorno. Antes de regresar, tendr\u00e1 tiempo libre para disfrutar de una t\u00edpica comida de la Toscana.<\/strong><\/p>\n","protected":false},"excerpt":{"rendered":"<p>Aproveche sus vacaciones en un crucero y disfrute de esta <strong>excursi\u00f3n privada a Pisa y Lucca<\/strong> desde la terminal de cruceros de Livorno. Esta es una gran oportunidad para visitar dos incre\u00edbles ciudades de la regi\u00f3n de la Toscana c\u00f3modamente en su veh\u00edculo privado de lujo con conductor.<\/p>\n","protected":false},"featured_media":83732,"comment_status":"open","ping_status":"closed","template":"","meta":{"_acf_changed":false},"product_brand":[],"product_cat":[733,744,743,814],"product_tag":[],"class_list":{"0":"post-18108","1":"product","2":"type-product","3":"status-publish","4":"has-post-thumbnail","6":"product_cat-livorno-es","7":"product_cat-livorno-actividades-es","8":"product_cat-livorno-excursiones-es","9":"product_cat-livorno-excursiones-privadas-cruceros-es","11":"first","12":"instock","13":"shipping-taxable","14":"purchasable","15":"product-type-simple"},"acf":[],"yoast_head":"<!-- This site is optimized with the Yoast SEO Premium plugin v25.3.1 (Yoast SEO v25.3.1) - https:\/\/yoast.com\/wordpress\/plugins\/seo\/ -->\n<title>Tour Privado a Pisa y Lucca desde Livorno en veh\u00edculo privado | TTM<\/title>\n<meta name=\"description\" content=\"Aproveche la parada de su crucero en Livorno para conocer dos de las ciudades m\u00e1s bonitas de la Toscana Italiana en veh\u00edculo de lujo privado con chofer\/guia \u2705\" \/>\n<meta name=\"robots\" content=\"index, follow, max-snippet:-1, max-image-preview:large, max-video-preview:-1\" \/>\n<link rel=\"canonical\" href=\"https:\/\/tourtravelandmore.com\/es\/tours\/italia-es\/livorno-es\/tour-privado-a-pisa-y-lucca-desde-la-terminal-de-cruceros-de-livorno\/\" \/>\n<meta property=\"og:locale\" content=\"es_ES\" \/>\n<meta property=\"og:type\" content=\"article\" \/>\n<meta property=\"og:title\" content=\"Tour Privado a Pisa y Lucca desde Livorno\" \/>\n<meta property=\"og:description\" content=\"Aproveche la parada de su crucero en Livorno para conocer dos de las ciudades m\u00e1s bonitas de la Toscana Italiana en veh\u00edculo de lujo privado con chofer\/guia \u2705\" \/>\n<meta property=\"og:url\" content=\"https:\/\/tourtravelandmore.com\/es\/tours\/italia-es\/livorno-es\/tour-privado-a-pisa-y-lucca-desde-la-terminal-de-cruceros-de-livorno\/\" \/>\n<meta property=\"og:site_name\" content=\"Tour Travel And More\" \/>\n<meta property=\"article:publisher\" content=\"https:\/\/www.facebook.com\/tourtravelandmore\/\" \/>\n<meta property=\"article:modified_time\" content=\"2022-04-29T07:22:09+00:00\" \/>\n<meta property=\"og:image\" content=\"https:\/\/tourtravelandmore.com\/wp-content\/uploads\/2018\/02\/pisa-2.jpg\" \/>\n\t<meta property=\"og:image:width\" content=\"1920\" \/>\n\t<meta property=\"og:image:height\" content=\"1271\" \/>\n\t<meta property=\"og:image:type\" content=\"image\/jpeg\" \/>\n<meta name=\"twitter:card\" content=\"summary_large_image\" \/>\n<meta name=\"twitter:site\" content=\"@TourTravel_More\" \/>\n<meta name=\"twitter:label1\" content=\"Tiempo de lectura\" \/>\n\t<meta name=\"twitter:data1\" content=\"2 minutos\" \/>\n<script type=\"application\/ld+json\" class=\"yoast-schema-graph\">{\"@context\":\"https:\/\/schema.org\",\"@graph\":[{\"@type\":\"WebPage\",\"@id\":\"https:\/\/tourtravelandmore.com\/es\/tours\/italia-es\/livorno-es\/tour-privado-a-pisa-y-lucca-desde-la-terminal-de-cruceros-de-livorno\/\",\"url\":\"https:\/\/tourtravelandmore.com\/es\/tours\/italia-es\/livorno-es\/tour-privado-a-pisa-y-lucca-desde-la-terminal-de-cruceros-de-livorno\/\",\"name\":\"Tour Privado a Pisa y Lucca desde Livorno en veh\u00edculo privado | TTM\",\"isPartOf\":{\"@id\":\"https:\/\/tourtravelandmore.com\/es\/#website\"},\"primaryImageOfPage\":{\"@id\":\"https:\/\/tourtravelandmore.com\/es\/tours\/italia-es\/livorno-es\/tour-privado-a-pisa-y-lucca-desde-la-terminal-de-cruceros-de-livorno\/#primaryimage\"},\"image\":{\"@id\":\"https:\/\/tourtravelandmore.com\/es\/tours\/italia-es\/livorno-es\/tour-privado-a-pisa-y-lucca-desde-la-terminal-de-cruceros-de-livorno\/#primaryimage\"},\"thumbnailUrl\":\"https:\/\/tourtravelandmore.com\/wp-content\/uploads\/2018\/02\/pisa-2.jpg\",\"datePublished\":\"2018-02-16T14:00:22+00:00\",\"dateModified\":\"2022-04-29T07:22:09+00:00\",\"description\":\"Aproveche la parada de su crucero en Livorno para conocer dos de las ciudades m\u00e1s bonitas de la Toscana Italiana en veh\u00edculo de lujo privado con chofer\/guia \u2705\",\"breadcrumb\":{\"@id\":\"https:\/\/tourtravelandmore.com\/es\/tours\/italia-es\/livorno-es\/tour-privado-a-pisa-y-lucca-desde-la-terminal-de-cruceros-de-livorno\/#breadcrumb\"},\"inLanguage\":\"es\",\"potentialAction\":[{\"@type\":\"ReadAction\",\"target\":[\"https:\/\/tourtravelandmore.com\/es\/tours\/italia-es\/livorno-es\/tour-privado-a-pisa-y-lucca-desde-la-terminal-de-cruceros-de-livorno\/\"]}]},{\"@type\":\"ImageObject\",\"inLanguage\":\"es\",\"@id\":\"https:\/\/tourtravelandmore.com\/es\/tours\/italia-es\/livorno-es\/tour-privado-a-pisa-y-lucca-desde-la-terminal-de-cruceros-de-livorno\/#primaryimage\",\"url\":\"https:\/\/tourtravelandmore.com\/wp-content\/uploads\/2018\/02\/pisa-2.jpg\",\"contentUrl\":\"https:\/\/tourtravelandmore.com\/wp-content\/uploads\/2018\/02\/pisa-2.jpg\",\"width\":1920,\"height\":1271},{\"@type\":\"BreadcrumbList\",\"@id\":\"https:\/\/tourtravelandmore.com\/es\/tours\/italia-es\/livorno-es\/tour-privado-a-pisa-y-lucca-desde-la-terminal-de-cruceros-de-livorno\/#breadcrumb\",\"itemListElement\":[{\"@type\":\"ListItem\",\"position\":1,\"name\":\"Home\",\"item\":\"https:\/\/tourtravelandmore.com\/es\/\"},{\"@type\":\"ListItem\",\"position\":2,\"name\":\"Tours\",\"item\":\"https:\/\/tourtravelandmore.com\/es\/tours\/\"},{\"@type\":\"ListItem\",\"position\":3,\"name\":\"Tour Privado a Pisa y Lucca desde Livorno\"}]},{\"@type\":\"WebSite\",\"@id\":\"https:\/\/tourtravelandmore.com\/es\/#website\",\"url\":\"https:\/\/tourtravelandmore.com\/es\/\",\"name\":\"Tour Travel And More\",\"description\":\"Private sightseeing tours and luxury transfers in Spain\",\"publisher\":{\"@id\":\"https:\/\/tourtravelandmore.com\/es\/#organization\"},\"potentialAction\":[{\"@type\":\"SearchAction\",\"target\":{\"@type\":\"EntryPoint\",\"urlTemplate\":\"https:\/\/tourtravelandmore.com\/es\/?s={search_term_string}\"},\"query-input\":{\"@type\":\"PropertyValueSpecification\",\"valueRequired\":true,\"valueName\":\"search_term_string\"}}],\"inLanguage\":\"es\"},{\"@type\":\"Organization\",\"@id\":\"https:\/\/tourtravelandmore.com\/es\/#organization\",\"name\":\"Tour Travel And More\",\"url\":\"https:\/\/tourtravelandmore.com\/es\/\",\"logo\":{\"@type\":\"ImageObject\",\"inLanguage\":\"es\",\"@id\":\"https:\/\/tourtravelandmore.com\/es\/#\/schema\/logo\/image\/\",\"url\":\"https:\/\/tourtravelandmore.com\/wp-content\/uploads\/2022\/12\/cropped-logo-cabecera-new.png\",\"contentUrl\":\"https:\/\/tourtravelandmore.com\/wp-content\/uploads\/2022\/12\/cropped-logo-cabecera-new.png\",\"width\":430,\"height\":61,\"caption\":\"Tour Travel And More\"},\"image\":{\"@id\":\"https:\/\/tourtravelandmore.com\/es\/#\/schema\/logo\/image\/\"},\"sameAs\":[\"https:\/\/www.facebook.com\/tourtravelandmore\/\",\"https:\/\/x.com\/TourTravel_More\"]}]}<\/script>\n<!-- \/ Yoast SEO Premium plugin. -->","yoast_head_json":{"title":"Tour Privado a Pisa y Lucca desde Livorno en veh\u00edculo privado | TTM","description":"Aproveche la parada de su crucero en Livorno para conocer dos de las ciudades m\u00e1s bonitas de la Toscana Italiana en veh\u00edculo de lujo privado con chofer\/guia \u2705","robots":{"index":"index","follow":"follow","max-snippet":"max-snippet:-1","max-image-preview":"max-image-preview:large","max-video-preview":"max-video-preview:-1"},"canonical":"https:\/\/tourtravelandmore.com\/es\/tours\/italia-es\/livorno-es\/tour-privado-a-pisa-y-lucca-desde-la-terminal-de-cruceros-de-livorno\/","og_locale":"es_ES","og_type":"article","og_title":"Tour Privado a Pisa y Lucca desde Livorno","og_description":"Aproveche la parada de su crucero en Livorno para conocer dos de las ciudades m\u00e1s bonitas de la Toscana Italiana en veh\u00edculo de lujo privado con chofer\/guia \u2705","og_url":"https:\/\/tourtravelandmore.com\/es\/tours\/italia-es\/livorno-es\/tour-privado-a-pisa-y-lucca-desde-la-terminal-de-cruceros-de-livorno\/","og_site_name":"Tour Travel And More","article_publisher":"https:\/\/www.facebook.com\/tourtravelandmore\/","article_modified_time":"2022-04-29T07:22:09+00:00","og_image":[{"width":1920,"height":1271,"url":"https:\/\/tourtravelandmore.com\/wp-content\/uploads\/2018\/02\/pisa-2.jpg","type":"image\/jpeg"}],"twitter_card":"summary_large_image","twitter_site":"@TourTravel_More","twitter_misc":{"Tiempo de lectura":"2 minutos"},"schema":{"@context":"https:\/\/schema.org","@graph":[{"@type":"WebPage","@id":"https:\/\/tourtravelandmore.com\/es\/tours\/italia-es\/livorno-es\/tour-privado-a-pisa-y-lucca-desde-la-terminal-de-cruceros-de-livorno\/","url":"https:\/\/tourtravelandmore.com\/es\/tours\/italia-es\/livorno-es\/tour-privado-a-pisa-y-lucca-desde-la-terminal-de-cruceros-de-livorno\/","name":"Tour Privado a Pisa y Lucca desde Livorno en veh\u00edculo privado | TTM","isPartOf":{"@id":"https:\/\/tourtravelandmore.com\/es\/#website"},"primaryImageOfPage":{"@id":"https:\/\/tourtravelandmore.com\/es\/tours\/italia-es\/livorno-es\/tour-privado-a-pisa-y-lucca-desde-la-terminal-de-cruceros-de-livorno\/#primaryimage"},"image":{"@id":"https:\/\/tourtravelandmore.com\/es\/tours\/italia-es\/livorno-es\/tour-privado-a-pisa-y-lucca-desde-la-terminal-de-cruceros-de-livorno\/#primaryimage"},"thumbnailUrl":"https:\/\/tourtravelandmore.com\/wp-content\/uploads\/2018\/02\/pisa-2.jpg","datePublished":"2018-02-16T14:00:22+00:00","dateModified":"2022-04-29T07:22:09+00:00","description":"Aproveche la parada de su crucero en Livorno para conocer dos de las ciudades m\u00e1s bonitas de la Toscana Italiana en veh\u00edculo de lujo privado con chofer\/guia \u2705","breadcrumb":{"@id":"https:\/\/tourtravelandmore.com\/es\/tours\/italia-es\/livorno-es\/tour-privado-a-pisa-y-lucca-desde-la-terminal-de-cruceros-de-livorno\/#breadcrumb"},"inLanguage":"es","potentialAction":[{"@type":"ReadAction","target":["https:\/\/tourtravelandmore.com\/es\/tours\/italia-es\/livorno-es\/tour-privado-a-pisa-y-lucca-desde-la-terminal-de-cruceros-de-livorno\/"]}]},{"@type":"ImageObject","inLanguage":"es","@id":"https:\/\/tourtravelandmore.com\/es\/tours\/italia-es\/livorno-es\/tour-privado-a-pisa-y-lucca-desde-la-terminal-de-cruceros-de-livorno\/#primaryimage","url":"https:\/\/tourtravelandmore.com\/wp-content\/uploads\/2018\/02\/pisa-2.jpg","contentUrl":"https:\/\/tourtravelandmore.com\/wp-content\/uploads\/2018\/02\/pisa-2.jpg","width":1920,"height":1271},{"@type":"BreadcrumbList","@id":"https:\/\/tourtravelandmore.com\/es\/tours\/italia-es\/livorno-es\/tour-privado-a-pisa-y-lucca-desde-la-terminal-de-cruceros-de-livorno\/#breadcrumb","itemListElement":[{"@type":"ListItem","position":1,"name":"Home","item":"https:\/\/tourtravelandmore.com\/es\/"},{"@type":"ListItem","position":2,"name":"Tours","item":"https:\/\/tourtravelandmore.com\/es\/tours\/"},{"@type":"ListItem","position":3,"name":"Tour Privado a Pisa y Lucca desde Livorno"}]},{"@type":"WebSite","@id":"https:\/\/tourtravelandmore.com\/es\/#website","url":"https:\/\/tourtravelandmore.com\/es\/","name":"Tour Travel And More","description":"Private sightseeing tours and luxury transfers in Spain","publisher":{"@id":"https:\/\/tourtravelandmore.com\/es\/#organization"},"potentialAction":[{"@type":"SearchAction","target":{"@type":"EntryPoint","urlTemplate":"https:\/\/tourtravelandmore.com\/es\/?s={search_term_string}"},"query-input":{"@type":"PropertyValueSpecification","valueRequired":true,"valueName":"search_term_string"}}],"inLanguage":"es"},{"@type":"Organization","@id":"https:\/\/tourtravelandmore.com\/es\/#organization","name":"Tour Travel And More","url":"https:\/\/tourtravelandmore.com\/es\/","logo":{"@type":"ImageObject","inLanguage":"es","@id":"https:\/\/tourtravelandmore.com\/es\/#\/schema\/logo\/image\/","url":"https:\/\/tourtravelandmore.com\/wp-content\/uploads\/2022\/12\/cropped-logo-cabecera-new.png","contentUrl":"https:\/\/tourtravelandmore.com\/wp-content\/uploads\/2022\/12\/cropped-logo-cabecera-new.png","width":430,"height":61,"caption":"Tour Travel And More"},"image":{"@id":"https:\/\/tourtravelandmore.com\/es\/#\/schema\/logo\/image\/"},"sameAs":["https:\/\/www.facebook.com\/tourtravelandmore\/","https:\/\/x.com\/TourTravel_More"]}]}},"_links":{"self":[{"href":"https:\/\/tourtravelandmore.com\/es\/wp-json\/wp\/v2\/product\/18108","targetHints":{"allow":["GET"]}}],"collection":[{"href":"https:\/\/tourtravelandmore.com\/es\/wp-json\/wp\/v2\/product"}],"about":[{"href":"https:\/\/tourtravelandmore.com\/es\/wp-json\/wp\/v2\/types\/product"}],"replies":[{"embeddable":true,"href":"https:\/\/tourtravelandmore.com\/es\/wp-json\/wp\/v2\/comments?post=18108"}],"wp:featuredmedia":[{"embeddable":true,"href":"https:\/\/tourtravelandmore.com\/es\/wp-json\/wp\/v2\/media\/83732"}],"wp:attachment":[{"href":"https:\/\/tourtravelandmore.com\/es\/wp-json\/wp\/v2\/media?parent=18108"}],"wp:term":[{"taxonomy":"product_brand","embeddable":true,"href":"https:\/\/tourtravelandmore.com\/es\/wp-json\/wp\/v2\/product_brand?post=18108"},{"taxonomy":"product_cat","embeddable":true,"href":"https:\/\/tourtravelandmore.com\/es\/wp-json\/wp\/v2\/product_cat?post=18108"},{"taxonomy":"product_tag","embeddable":true,"href":"https:\/\/tourtravelandmore.com\/es\/wp-json\/wp\/v2\/product_tag?post=18108"}],"curies":[{"name":"wp","href":"https:\/\/api.w.org\/{rel}","templated":true}]}}