{"id":18093,"date":"2018-02-16T13:41:35","date_gmt":"2018-02-16T13:05:25","guid":{"rendered":"http:\/\/tourtravelandmore.com\/es\/?post_type=product&#038;p=18093"},"modified":"2022-11-26T00:55:32","modified_gmt":"2022-11-25T23:55:32","slug":"tour-privado-girona-juego-de-tronos-desde-barcelona","status":"publish","type":"product","link":"https:\/\/tourtravelandmore.com\/es\/tours\/espana-es\/barcelona-es\/tour-privado-girona-juego-de-tronos-desde-barcelona\/","title":{"rendered":"Tour Juego de Tronos Girona- Tour Privado desde Barcelona"},"content":{"rendered":"<h2>Descripci\u00f3n del Tour Juego de Tronos Girona &#8211; Tour Privado desde Barcelona<\/h2>\n<p>Nuestro conductor le recoger\u00e1 desde el lugar seleccionado de Barcelona, en su Hotel, Apartamento o Terminal de Cruceros, desde ah\u00ed nos dirigiremos a Girona, d\u00f3nde estar\u00e1 esperando nuestro gu\u00eda oficial para empezar el<strong> tour juego de tronos Girona. <\/strong><\/p>\n<p><strong>Girona<\/strong>, la segunda provincia m\u00e1s importante de <strong>Catalu\u00f1a y hogar de la<a href=\"https:\/\/es.wikipedia.org\/wiki\/Game_of_Thrones\"> serie Juego de Tronos<\/a><\/strong>, situada a tan solo 1 hora y 30 minutos de Barcelona.<\/p>\n<p>La duraci\u00f3n del Tour son 6 horas desde que salimos de la ciudad hasta su vuelta. El gu\u00eda esperar\u00e1 en Girona para realizar un recorrido a pie por los lugares m\u00e1s importantes d\u00f3nde se rod\u00f3 la serie. Una vez finalicemos el recorrido a pie del tour juego de tronos Girona, disfrutaremos de tiempo libre y podr\u00e1n comer en un lugar t\u00edpico de Girona, antes de volver a Barcelona.<\/p>\n<p>Pueden escoger la hora de salida y vuestro lugar de recogida en <strong>Barcelona<\/strong>. Hotel, apartamento, puerto o aeropuerto.<\/p>\n<p>Este tour privado es completamente personalizable y pod\u00e9is organizarlo como quer\u00e1is y lo que busc\u00e1is.<\/p>\n<h2>Punto de Inter\u00e9s en el Tour Juego de Tronos Girona- Tour Privado desde Barcelona<\/h2>\n<p>Girona es la ciudad conocida como \u00a8la ciudad de los mil ataques\u00a8, ya que fue atacada 13 veces entre el 1300 y el 1800. Resisti\u00f3 tres ataques napole\u00f3nicos, por eso tambi\u00e9n llamada \u00a8tres veces inmortal\u00a8.<\/p>\n<p>Girona una ciudad convertida en tres: Bravoos , Kingslanding y Antigua.<br \/>\nJunto a su gu\u00eda oficial privado, especializado en Juego de Tronos, descubriran las localizaciones donde se film\u00f3 Juego de Tronos y se enamoraran de los rincones secretos, las piedras antiguas y la atmosfera medieval.<\/p>\n<p>Estas son las 8 localizaciones m\u00e1s importantes del rodaje de juego de tronos en Girona, que junto a nuestro gu\u00eda oficial conoceremos con todo detalle gracias al tour de juego de tronos de Girona, con nuestro gu\u00eda y conductor privado.<\/p>\n<ol>\n<li><strong>La Biblioteca Antigua: <\/strong>\u00bfOs acorda\u00eds de Sam?, realizo un largo camino hasta llegar a la Biblioteca antigua, para convertirse en maestre, esa biblioteca se grava en Girona, concretamente en el<strong> Museo de Arquitectura de Catalu\u00f1a.<\/strong><\/li>\n<li><strong>Puente de Braavos: <\/strong>Esta escena se grav\u00f3 en Girona, en el <strong>puente de los Galligant, <\/strong>ah\u00ed Arya es apu\u00f1alada por la ni\u00f1a abandonada.<\/li>\n<li><strong>Teatro de Braavos: <\/strong>Se representaban ahi en la serie las obras de treatro sobre los Lannister, la plaza se llama <strong>plaza dels Jurats<\/strong>.<\/li>\n<li><strong>Ba\u00f1os Arabes:<\/strong> Lugar donde Arya embalsama los cad\u00e1veres.<\/li>\n<li><strong>Mercado:<\/strong> En la serie aparece Arya intentando comprar unos billetes de barco, esto sucede en <strong>el paseo de la Reina Joana.<\/strong><\/li>\n<li><strong>Escaleras: <\/strong>Es d\u00f3nde Arya completamente ciega mendigaba, estas escaleras se encuentran <strong>en la calle del Bisbe Josep Carta\u00f1\u00e0.<\/strong><\/li>\n<li><strong>El Gran Septo: <\/strong>Se rod\u00f3 en <strong>la Catedral de Girona.<\/strong><\/li>\n<li><strong>Mercado y puerta azul: Se rod\u00f3<\/strong>\u00a0una persecuci\u00f3n en Arya y la ni\u00f1a abandonada, esta escena se ha rodado en la <strong>Iglesia de Sant Mart\u00ed Sacosta.<\/strong><\/li>\n<\/ol>\n<p>Si desea conocer m\u00e1s <a href=\"https:\/\/tourtravelandmore.com\/es\/ciudad\/espana-es\/barcelona-es\/\">tours privado de Barcelona<\/a> pueda consultar todos los tours que ofrecemos.<\/p>\n<p>No dude en contactar a trav\u00e9s del formulario de contacto del tour de Juego de Tronos desde Girona para que le pasamos toda la informaci\u00f3n detallada.<\/p>\n","protected":false},"excerpt":{"rendered":"<p>Disfruta de este <strong>Tour Privado basado en Juego de Tronos en Girona desde Barcelona<\/strong>. Este tour es una excelente manera de conocer Girona de una manera sencilla y \u00fanica, explorando hechos sobre el pasado y el presente del lugar, combinados con historias del universo de Juego de Tronos. Gu\u00eda tur\u00edstico oficial privado una vez en Girona y veh\u00edculo privado de lujo con ch\u00f3fer durante todo el viaje.<\/p>\n","protected":false},"featured_media":18092,"comment_status":"open","ping_status":"closed","template":"","meta":{"_acf_changed":false},"product_brand":[],"product_cat":[69,266,267,547],"product_tag":[],"class_list":{"0":"post-18093","1":"product","2":"type-product","3":"status-publish","4":"has-post-thumbnail","6":"product_cat-barcelona-es","7":"product_cat-barcelona-actividades-es","8":"product_cat-barcelona-excursiones-es","9":"product_cat-barcelona-excursiones-privadas-cruceros-es","11":"first","12":"instock","13":"shipping-taxable","14":"purchasable","15":"product-type-simple"},"acf":[],"yoast_head":"<!-- This site is optimized with the Yoast SEO Premium plugin v25.3.1 (Yoast SEO v25.3.1) - https:\/\/yoast.com\/wordpress\/plugins\/seo\/ -->\n<title>\u27a1\ufe0f Tour Juego de Tronos Girona | Tour Travel &amp; More<\/title>\n<meta name=\"description\" content=\"C\u00f3noce los lugares de Girona donde se filmo la serie de Juego de Tronos con su gu\u00eda oficial especializado gracias a este Tour Juego de Tronos Girona \u2705\" \/>\n<meta name=\"robots\" content=\"index, follow, max-snippet:-1, max-image-preview:large, max-video-preview:-1\" \/>\n<link rel=\"canonical\" href=\"https:\/\/tourtravelandmore.com\/es\/tours\/espana-es\/barcelona-es\/tour-privado-girona-juego-de-tronos-desde-barcelona\/\" \/>\n<meta property=\"og:locale\" content=\"es_ES\" \/>\n<meta property=\"og:type\" content=\"article\" \/>\n<meta property=\"og:title\" content=\"Tour Juego de Tronos Girona- Tour Privado desde Barcelona\" \/>\n<meta property=\"og:description\" content=\"C\u00f3noce los lugares de Girona donde se filmo la serie de Juego de Tronos con su gu\u00eda oficial especializado gracias a este Tour Juego de Tronos Girona \u2705\" \/>\n<meta property=\"og:url\" content=\"https:\/\/tourtravelandmore.com\/es\/tours\/espana-es\/barcelona-es\/tour-privado-girona-juego-de-tronos-desde-barcelona\/\" \/>\n<meta property=\"og:site_name\" content=\"Tour Travel And More\" \/>\n<meta property=\"article:publisher\" content=\"https:\/\/www.facebook.com\/tourtravelandmore\/\" \/>\n<meta property=\"article:modified_time\" content=\"2022-11-25T23:55:32+00:00\" \/>\n<meta property=\"og:image\" content=\"https:\/\/tourtravelandmore.com\/wp-content\/uploads\/2018\/02\/girona-game.jpg\" \/>\n\t<meta property=\"og:image:width\" content=\"1280\" \/>\n\t<meta property=\"og:image:height\" content=\"720\" \/>\n\t<meta property=\"og:image:type\" content=\"image\/jpeg\" \/>\n<meta name=\"twitter:card\" content=\"summary_large_image\" \/>\n<meta name=\"twitter:site\" content=\"@TourTravel_More\" \/>\n<meta name=\"twitter:label1\" content=\"Tiempo de lectura\" \/>\n\t<meta name=\"twitter:data1\" content=\"3 minutos\" \/>\n<script type=\"application\/ld+json\" class=\"yoast-schema-graph\">{\"@context\":\"https:\/\/schema.org\",\"@graph\":[{\"@type\":\"WebPage\",\"@id\":\"https:\/\/tourtravelandmore.com\/es\/tours\/espana-es\/barcelona-es\/tour-privado-girona-juego-de-tronos-desde-barcelona\/\",\"url\":\"https:\/\/tourtravelandmore.com\/es\/tours\/espana-es\/barcelona-es\/tour-privado-girona-juego-de-tronos-desde-barcelona\/\",\"name\":\"\u27a1\ufe0f Tour Juego de Tronos Girona | Tour Travel & More\",\"isPartOf\":{\"@id\":\"https:\/\/tourtravelandmore.com\/es\/#website\"},\"primaryImageOfPage\":{\"@id\":\"https:\/\/tourtravelandmore.com\/es\/tours\/espana-es\/barcelona-es\/tour-privado-girona-juego-de-tronos-desde-barcelona\/#primaryimage\"},\"image\":{\"@id\":\"https:\/\/tourtravelandmore.com\/es\/tours\/espana-es\/barcelona-es\/tour-privado-girona-juego-de-tronos-desde-barcelona\/#primaryimage\"},\"thumbnailUrl\":\"https:\/\/tourtravelandmore.com\/wp-content\/uploads\/2018\/02\/girona-game.jpg\",\"datePublished\":\"2018-02-16T13:05:25+00:00\",\"dateModified\":\"2022-11-25T23:55:32+00:00\",\"description\":\"C\u00f3noce los lugares de Girona donde se filmo la serie de Juego de Tronos con su gu\u00eda oficial especializado gracias a este Tour Juego de Tronos Girona \u2705\",\"breadcrumb\":{\"@id\":\"https:\/\/tourtravelandmore.com\/es\/tours\/espana-es\/barcelona-es\/tour-privado-girona-juego-de-tronos-desde-barcelona\/#breadcrumb\"},\"inLanguage\":\"es\",\"potentialAction\":[{\"@type\":\"ReadAction\",\"target\":[\"https:\/\/tourtravelandmore.com\/es\/tours\/espana-es\/barcelona-es\/tour-privado-girona-juego-de-tronos-desde-barcelona\/\"]}]},{\"@type\":\"ImageObject\",\"inLanguage\":\"es\",\"@id\":\"https:\/\/tourtravelandmore.com\/es\/tours\/espana-es\/barcelona-es\/tour-privado-girona-juego-de-tronos-desde-barcelona\/#primaryimage\",\"url\":\"https:\/\/tourtravelandmore.com\/wp-content\/uploads\/2018\/02\/girona-game.jpg\",\"contentUrl\":\"https:\/\/tourtravelandmore.com\/wp-content\/uploads\/2018\/02\/girona-game.jpg\",\"width\":1280,\"height\":720},{\"@type\":\"BreadcrumbList\",\"@id\":\"https:\/\/tourtravelandmore.com\/es\/tours\/espana-es\/barcelona-es\/tour-privado-girona-juego-de-tronos-desde-barcelona\/#breadcrumb\",\"itemListElement\":[{\"@type\":\"ListItem\",\"position\":1,\"name\":\"Home\",\"item\":\"https:\/\/tourtravelandmore.com\/es\/\"},{\"@type\":\"ListItem\",\"position\":2,\"name\":\"Tours\",\"item\":\"https:\/\/tourtravelandmore.com\/es\/tours\/\"},{\"@type\":\"ListItem\",\"position\":3,\"name\":\"Tour Juego de Tronos Girona- Tour Privado desde Barcelona\"}]},{\"@type\":\"WebSite\",\"@id\":\"https:\/\/tourtravelandmore.com\/es\/#website\",\"url\":\"https:\/\/tourtravelandmore.com\/es\/\",\"name\":\"Tour Travel And More\",\"description\":\"Private sightseeing tours and luxury transfers in Spain\",\"publisher\":{\"@id\":\"https:\/\/tourtravelandmore.com\/es\/#organization\"},\"potentialAction\":[{\"@type\":\"SearchAction\",\"target\":{\"@type\":\"EntryPoint\",\"urlTemplate\":\"https:\/\/tourtravelandmore.com\/es\/?s={search_term_string}\"},\"query-input\":{\"@type\":\"PropertyValueSpecification\",\"valueRequired\":true,\"valueName\":\"search_term_string\"}}],\"inLanguage\":\"es\"},{\"@type\":\"Organization\",\"@id\":\"https:\/\/tourtravelandmore.com\/es\/#organization\",\"name\":\"Tour Travel And More\",\"url\":\"https:\/\/tourtravelandmore.com\/es\/\",\"logo\":{\"@type\":\"ImageObject\",\"inLanguage\":\"es\",\"@id\":\"https:\/\/tourtravelandmore.com\/es\/#\/schema\/logo\/image\/\",\"url\":\"https:\/\/tourtravelandmore.com\/wp-content\/uploads\/2022\/12\/cropped-logo-cabecera-new.png\",\"contentUrl\":\"https:\/\/tourtravelandmore.com\/wp-content\/uploads\/2022\/12\/cropped-logo-cabecera-new.png\",\"width\":430,\"height\":61,\"caption\":\"Tour Travel And More\"},\"image\":{\"@id\":\"https:\/\/tourtravelandmore.com\/es\/#\/schema\/logo\/image\/\"},\"sameAs\":[\"https:\/\/www.facebook.com\/tourtravelandmore\/\",\"https:\/\/x.com\/TourTravel_More\"]}]}<\/script>\n<!-- \/ Yoast SEO Premium plugin. -->","yoast_head_json":{"title":"\u27a1\ufe0f Tour Juego de Tronos Girona | Tour Travel & More","description":"C\u00f3noce los lugares de Girona donde se filmo la serie de Juego de Tronos con su gu\u00eda oficial especializado gracias a este Tour Juego de Tronos Girona \u2705","robots":{"index":"index","follow":"follow","max-snippet":"max-snippet:-1","max-image-preview":"max-image-preview:large","max-video-preview":"max-video-preview:-1"},"canonical":"https:\/\/tourtravelandmore.com\/es\/tours\/espana-es\/barcelona-es\/tour-privado-girona-juego-de-tronos-desde-barcelona\/","og_locale":"es_ES","og_type":"article","og_title":"Tour Juego de Tronos Girona- Tour Privado desde Barcelona","og_description":"C\u00f3noce los lugares de Girona donde se filmo la serie de Juego de Tronos con su gu\u00eda oficial especializado gracias a este Tour Juego de Tronos Girona \u2705","og_url":"https:\/\/tourtravelandmore.com\/es\/tours\/espana-es\/barcelona-es\/tour-privado-girona-juego-de-tronos-desde-barcelona\/","og_site_name":"Tour Travel And More","article_publisher":"https:\/\/www.facebook.com\/tourtravelandmore\/","article_modified_time":"2022-11-25T23:55:32+00:00","og_image":[{"width":1280,"height":720,"url":"https:\/\/tourtravelandmore.com\/wp-content\/uploads\/2018\/02\/girona-game.jpg","type":"image\/jpeg"}],"twitter_card":"summary_large_image","twitter_site":"@TourTravel_More","twitter_misc":{"Tiempo de lectura":"3 minutos"},"schema":{"@context":"https:\/\/schema.org","@graph":[{"@type":"WebPage","@id":"https:\/\/tourtravelandmore.com\/es\/tours\/espana-es\/barcelona-es\/tour-privado-girona-juego-de-tronos-desde-barcelona\/","url":"https:\/\/tourtravelandmore.com\/es\/tours\/espana-es\/barcelona-es\/tour-privado-girona-juego-de-tronos-desde-barcelona\/","name":"\u27a1\ufe0f Tour Juego de Tronos Girona | Tour Travel & More","isPartOf":{"@id":"https:\/\/tourtravelandmore.com\/es\/#website"},"primaryImageOfPage":{"@id":"https:\/\/tourtravelandmore.com\/es\/tours\/espana-es\/barcelona-es\/tour-privado-girona-juego-de-tronos-desde-barcelona\/#primaryimage"},"image":{"@id":"https:\/\/tourtravelandmore.com\/es\/tours\/espana-es\/barcelona-es\/tour-privado-girona-juego-de-tronos-desde-barcelona\/#primaryimage"},"thumbnailUrl":"https:\/\/tourtravelandmore.com\/wp-content\/uploads\/2018\/02\/girona-game.jpg","datePublished":"2018-02-16T13:05:25+00:00","dateModified":"2022-11-25T23:55:32+00:00","description":"C\u00f3noce los lugares de Girona donde se filmo la serie de Juego de Tronos con su gu\u00eda oficial especializado gracias a este Tour Juego de Tronos Girona \u2705","breadcrumb":{"@id":"https:\/\/tourtravelandmore.com\/es\/tours\/espana-es\/barcelona-es\/tour-privado-girona-juego-de-tronos-desde-barcelona\/#breadcrumb"},"inLanguage":"es","potentialAction":[{"@type":"ReadAction","target":["https:\/\/tourtravelandmore.com\/es\/tours\/espana-es\/barcelona-es\/tour-privado-girona-juego-de-tronos-desde-barcelona\/"]}]},{"@type":"ImageObject","inLanguage":"es","@id":"https:\/\/tourtravelandmore.com\/es\/tours\/espana-es\/barcelona-es\/tour-privado-girona-juego-de-tronos-desde-barcelona\/#primaryimage","url":"https:\/\/tourtravelandmore.com\/wp-content\/uploads\/2018\/02\/girona-game.jpg","contentUrl":"https:\/\/tourtravelandmore.com\/wp-content\/uploads\/2018\/02\/girona-game.jpg","width":1280,"height":720},{"@type":"BreadcrumbList","@id":"https:\/\/tourtravelandmore.com\/es\/tours\/espana-es\/barcelona-es\/tour-privado-girona-juego-de-tronos-desde-barcelona\/#breadcrumb","itemListElement":[{"@type":"ListItem","position":1,"name":"Home","item":"https:\/\/tourtravelandmore.com\/es\/"},{"@type":"ListItem","position":2,"name":"Tours","item":"https:\/\/tourtravelandmore.com\/es\/tours\/"},{"@type":"ListItem","position":3,"name":"Tour Juego de Tronos Girona- Tour Privado desde Barcelona"}]},{"@type":"WebSite","@id":"https:\/\/tourtravelandmore.com\/es\/#website","url":"https:\/\/tourtravelandmore.com\/es\/","name":"Tour Travel And More","description":"Private sightseeing tours and luxury transfers in Spain","publisher":{"@id":"https:\/\/tourtravelandmore.com\/es\/#organization"},"potentialAction":[{"@type":"SearchAction","target":{"@type":"EntryPoint","urlTemplate":"https:\/\/tourtravelandmore.com\/es\/?s={search_term_string}"},"query-input":{"@type":"PropertyValueSpecification","valueRequired":true,"valueName":"search_term_string"}}],"inLanguage":"es"},{"@type":"Organization","@id":"https:\/\/tourtravelandmore.com\/es\/#organization","name":"Tour Travel And More","url":"https:\/\/tourtravelandmore.com\/es\/","logo":{"@type":"ImageObject","inLanguage":"es","@id":"https:\/\/tourtravelandmore.com\/es\/#\/schema\/logo\/image\/","url":"https:\/\/tourtravelandmore.com\/wp-content\/uploads\/2022\/12\/cropped-logo-cabecera-new.png","contentUrl":"https:\/\/tourtravelandmore.com\/wp-content\/uploads\/2022\/12\/cropped-logo-cabecera-new.png","width":430,"height":61,"caption":"Tour Travel And More"},"image":{"@id":"https:\/\/tourtravelandmore.com\/es\/#\/schema\/logo\/image\/"},"sameAs":["https:\/\/www.facebook.com\/tourtravelandmore\/","https:\/\/x.com\/TourTravel_More"]}]}},"_links":{"self":[{"href":"https:\/\/tourtravelandmore.com\/es\/wp-json\/wp\/v2\/product\/18093","targetHints":{"allow":["GET"]}}],"collection":[{"href":"https:\/\/tourtravelandmore.com\/es\/wp-json\/wp\/v2\/product"}],"about":[{"href":"https:\/\/tourtravelandmore.com\/es\/wp-json\/wp\/v2\/types\/product"}],"replies":[{"embeddable":true,"href":"https:\/\/tourtravelandmore.com\/es\/wp-json\/wp\/v2\/comments?post=18093"}],"wp:featuredmedia":[{"embeddable":true,"href":"https:\/\/tourtravelandmore.com\/es\/wp-json\/wp\/v2\/media\/18092"}],"wp:attachment":[{"href":"https:\/\/tourtravelandmore.com\/es\/wp-json\/wp\/v2\/media?parent=18093"}],"wp:term":[{"taxonomy":"product_brand","embeddable":true,"href":"https:\/\/tourtravelandmore.com\/es\/wp-json\/wp\/v2\/product_brand?post=18093"},{"taxonomy":"product_cat","embeddable":true,"href":"https:\/\/tourtravelandmore.com\/es\/wp-json\/wp\/v2\/product_cat?post=18093"},{"taxonomy":"product_tag","embeddable":true,"href":"https:\/\/tourtravelandmore.com\/es\/wp-json\/wp\/v2\/product_tag?post=18093"}],"curies":[{"name":"wp","href":"https:\/\/api.w.org\/{rel}","templated":true}]}}