{"id":180909,"date":"2025-02-26T20:24:01","date_gmt":"2025-02-26T19:24:01","guid":{"rendered":"https:\/\/tourtravelandmore.com\/?post_type=product&#038;p=180909"},"modified":"2025-02-26T20:32:04","modified_gmt":"2025-02-26T19:32:04","slug":"tour-privado-a-pompeya-y-herculano-desde-amalfi-copy","status":"publish","type":"product","link":"https:\/\/tourtravelandmore.com\/es\/tours\/italia-es\/salerno-es-2\/tour-privado-a-pompeya-y-herculano-desde-amalfi-copy\/","title":{"rendered":"Tour Privado a Pompeya y Herculano desde Salerno"},"content":{"rendered":"<h2><b>Descripci\u00f3n del tour privado a Pompeya y Herculano desde Salerno<\/b><\/h2>\n<p>Emb\u00e1rquese en un fascinante viaje en el tiempo con nuestro tour privado a Pompeya y Herculano desde Salerno. Esta experiencia inmersiva de 8 horas le transportar\u00e1 a dos de los yacimientos arqueol\u00f3gicos m\u00e1s emblem\u00e1ticos de Italia, permiti\u00e9ndole adentrarse en su historia y sus misterios.<\/p>\n<p>Pompeya y Herculano, ambas tr\u00e1gicamente destruidas por la catastr\u00f3fica erupci\u00f3n del monte Vesubio en el a\u00f1o 79 d. C., ofrecen una visi\u00f3n \u00fanica de la antigua vida romana. Su aventura comienza cuando nuestro gu\u00eda experto, con 4 horas de amplios conocimientos, le acompa\u00f1a a trav\u00e9s de las fascinantes ruinas de Pompeya, donde las calles, casas y espacios p\u00fablicos bien conservados desvelan la existencia cotidiana de esta antigua ciudad.<\/p>\n<p>Herculano, otra v\u00edctima del Vesubio, espera su exploraci\u00f3n. Con su impresionante ubicaci\u00f3n frente al mar, este sitio m\u00e1s peque\u00f1o pero igualmente cautivador ofrece una visi\u00f3n de la vida de los antiguos romanos. Recorra casas bien conservadas, admire intrincados mosaicos y contemple las ruinas de templos y ba\u00f1os p\u00fablicos.<\/p>\n<p>Durante su recorrido de 6 horas, estar\u00e1 acompa\u00f1ado por un ch\u00f3fer dedicado para su m\u00e1xima comodidad y conveniencia. Adem\u00e1s, se incluyen las entradas tanto a Pompeya como a Herculano, lo que garantiza una experiencia perfecta y enriquecedora.<\/p>\n<p>Mientras pasea por estas maravillas arqueol\u00f3gicas, imagine las bulliciosas calles, las personas que vivieron aqu\u00ed y el repentino y tr\u00e1gico final al que se enfrentaron. Nuestro gu\u00eda experto le pintar\u00e1 una v\u00edvida imagen de sus vidas, haciendo de este viaje una experiencia educativa y emocionalmente impactante.<\/p>\n<h2><b>Visita privada a Pompeya y Herculano desde Salerno Puntos de inter\u00e9s<\/b><\/h2>\n<p>Descubra las cautivadoras vistas e historias de Pompeya y Herculano:<\/p>\n<h3>Pompeya: Las ruinas de una ciudad perdida<\/h3>\n<p>Pompeya, que en su d\u00eda fue una pr\u00f3spera ciudad romana, qued\u00f3 sepultada bajo capas de ceniza y piedra p\u00f3mez por la erupci\u00f3n del monte Vesubio. Explore sus ruinas, extraordinariamente bien conservadas, como el Foro, las termas y la famosa Casa del Fauno. Estos tesoros arqueol\u00f3gicos ofrecen una visi\u00f3n fascinante de la vida cotidiana, la arquitectura y el arte de la antigua Pompeya.<\/p>\n<h3>Herculano: una joya junto al mar<\/h3>\n<p>Herculano, enclavado a lo largo de la bah\u00eda de N\u00e1poles, ofrece una perspectiva \u00fanica de la vida romana. Marav\u00edllese con la Villa de los Papiros, bellamente conservada, la Casa del Atrio Mosaico y la antigua costa. La proximidad de la ciudad al mar permite conocer las actividades mar\u00edtimas y el comercio durante la \u00e9poca romana, lo que la convierte en una joya costera de importancia hist\u00f3rica.<\/p>\n<h3>Templos y teatros<\/h3>\n<p>Tanto Pompeya como Herculano cuentan con impresionantes templos y teatros que ofrecen una visi\u00f3n de los aspectos religiosos y culturales de la sociedad romana. Sea testigo de la grandeza del Templo de J\u00fapiter en Pompeya, donde se celebraban ceremonias religiosas. En Herculano, explore las Termas Suburbanas, testimonio de la importancia de los ba\u00f1os comunitarios en la cultura romana. Estas maravillas arquitect\u00f3nicas muestran la dedicaci\u00f3n de los romanos tanto a la vida divina como a la comunitaria.<\/p>\n<h3>Residencias antiguas<\/h3>\n<p>Explore las antiguas casas de Pompeya y Herculano, que van desde grandes villas hasta modestas viviendas. Adornadas con exquisitos frescos y complejos mosaicos, estas residencias ofrecen una visi\u00f3n de la est\u00e9tica y la vida cotidiana de los pompeyanos y los herculanos. Descubra el arte y la artesan\u00eda que adornaban estas casas, reflejando el gusto y el estatus social de sus ocupantes.<\/p>\n<h3>Historias tr\u00e1gicas reveladas<\/h3>\n<p>Su gu\u00eda compartir\u00e1 las tr\u00e1gicas historias de las personas que perecieron durante la erupci\u00f3n, cuyos restos quedaron capturados para siempre en moldes de yeso. Estos conmovedores recordatorios del pasado ofrecen una sombr\u00eda reflexi\u00f3n sobre el coste humano de la furia del Vesubio. Cada molde representa una vida que termin\u00f3 abruptamente por el cataclismo, lo que hace de esta parte del recorrido un emotivo homenaje a las personas que una vez prosperaron en estas antiguas ciudades.<\/p>\n<p>No pierda la oportunidad de explorar Pompeya y Herculano en nuestro tour privado desde Salerno. Visite nuestro sitio web Tour Travel and More para descubrir m\u00e1s tours exclusivos en Salerno y m\u00e1s all\u00e1. <a href=\"https:\/\/tourtravelandmore.com\/es\/ciudad\/italia-es\/napoles-pompeya-es\/\">Reserve hoy mismo su aventura hist\u00f3rica y experimente de primera mano las maravillas de la antigua Roma.<\/a><\/p>\n","protected":false},"excerpt":{"rendered":"<p>Emb\u00e1rquese en un fascinante viaje en el tiempo con nuestro tour privado a Pompeya y Herculano desde Salerno. Esta experiencia inmersiva de 8 horas le transportar\u00e1 a dos de los yacimientos arqueol\u00f3gicos m\u00e1s emblem\u00e1ticos de Italia, permiti\u00e9ndole adentrarse en su historia y sus misterios.<\/p>\n","protected":false},"featured_media":172249,"comment_status":"open","ping_status":"closed","template":"","meta":{"_acf_changed":false},"product_brand":[],"product_cat":[5487,5486],"product_tag":[],"class_list":{"0":"post-180909","1":"product","2":"type-product","3":"status-publish","4":"has-post-thumbnail","6":"product_cat-all-private-tours-es-7","7":"product_cat-salerno-es-2","9":"first","10":"instock","11":"shipping-taxable","12":"purchasable","13":"product-type-simple"},"acf":[],"yoast_head":"<!-- This site is optimized with the Yoast SEO Premium plugin v25.3.1 (Yoast SEO v25.3.1) - https:\/\/yoast.com\/wordpress\/plugins\/seo\/ -->\n<title>\u27a1\ufe0f Descubra Pompeya y Herculano en un tour privado desde Salerno<\/title>\n<meta name=\"description\" content=\"Explore las antiguas ruinas de Pompeya y Herculano en un tour privado con Excerpt: Tour Travel and More. \u00a1Te esperan experiencias inolvidables! \u2705\" \/>\n<meta name=\"robots\" content=\"index, follow, max-snippet:-1, max-image-preview:large, max-video-preview:-1\" \/>\n<link rel=\"canonical\" href=\"https:\/\/tourtravelandmore.com\/es\/tours\/italia-es\/salerno-es-2\/tour-privado-a-pompeya-y-herculano-desde-amalfi-copy\/\" \/>\n<meta property=\"og:locale\" content=\"es_ES\" \/>\n<meta property=\"og:type\" content=\"article\" \/>\n<meta property=\"og:title\" content=\"Tour Privado a Pompeya y Herculano desde Salerno\" \/>\n<meta property=\"og:description\" content=\"Explore las antiguas ruinas de Pompeya y Herculano en un tour privado con Excerpt: Tour Travel and More. \u00a1Te esperan experiencias inolvidables! \u2705\" \/>\n<meta property=\"og:url\" content=\"https:\/\/tourtravelandmore.com\/es\/tours\/italia-es\/salerno-es-2\/tour-privado-a-pompeya-y-herculano-desde-amalfi-copy\/\" \/>\n<meta property=\"og:site_name\" content=\"Tour Travel And More\" \/>\n<meta property=\"article:publisher\" content=\"https:\/\/www.facebook.com\/tourtravelandmore\/\" \/>\n<meta property=\"article:modified_time\" content=\"2025-02-26T19:32:04+00:00\" \/>\n<meta property=\"og:image\" content=\"https:\/\/tourtravelandmore.com\/wp-content\/uploads\/2024\/02\/image4.jpg\" \/>\n\t<meta property=\"og:image:width\" content=\"950\" \/>\n\t<meta property=\"og:image:height\" content=\"750\" \/>\n\t<meta property=\"og:image:type\" content=\"image\/jpeg\" \/>\n<meta name=\"twitter:card\" content=\"summary_large_image\" \/>\n<meta name=\"twitter:site\" content=\"@TourTravel_More\" \/>\n<meta name=\"twitter:label1\" content=\"Tiempo de lectura\" \/>\n\t<meta name=\"twitter:data1\" content=\"4 minutos\" \/>\n<script type=\"application\/ld+json\" class=\"yoast-schema-graph\">{\"@context\":\"https:\/\/schema.org\",\"@graph\":[{\"@type\":\"WebPage\",\"@id\":\"https:\/\/tourtravelandmore.com\/es\/tours\/italia-es\/salerno-es-2\/tour-privado-a-pompeya-y-herculano-desde-amalfi-copy\/\",\"url\":\"https:\/\/tourtravelandmore.com\/es\/tours\/italia-es\/salerno-es-2\/tour-privado-a-pompeya-y-herculano-desde-amalfi-copy\/\",\"name\":\"\u27a1\ufe0f Descubra Pompeya y Herculano en un tour privado desde Salerno\",\"isPartOf\":{\"@id\":\"https:\/\/tourtravelandmore.com\/es\/#website\"},\"primaryImageOfPage\":{\"@id\":\"https:\/\/tourtravelandmore.com\/es\/tours\/italia-es\/salerno-es-2\/tour-privado-a-pompeya-y-herculano-desde-amalfi-copy\/#primaryimage\"},\"image\":{\"@id\":\"https:\/\/tourtravelandmore.com\/es\/tours\/italia-es\/salerno-es-2\/tour-privado-a-pompeya-y-herculano-desde-amalfi-copy\/#primaryimage\"},\"thumbnailUrl\":\"https:\/\/tourtravelandmore.com\/wp-content\/uploads\/2024\/02\/image4.jpg\",\"datePublished\":\"2025-02-26T19:24:01+00:00\",\"dateModified\":\"2025-02-26T19:32:04+00:00\",\"description\":\"Explore las antiguas ruinas de Pompeya y Herculano en un tour privado con Excerpt: Tour Travel and More. \u00a1Te esperan experiencias inolvidables! \u2705\",\"breadcrumb\":{\"@id\":\"https:\/\/tourtravelandmore.com\/es\/tours\/italia-es\/salerno-es-2\/tour-privado-a-pompeya-y-herculano-desde-amalfi-copy\/#breadcrumb\"},\"inLanguage\":\"es\",\"potentialAction\":[{\"@type\":\"ReadAction\",\"target\":[\"https:\/\/tourtravelandmore.com\/es\/tours\/italia-es\/salerno-es-2\/tour-privado-a-pompeya-y-herculano-desde-amalfi-copy\/\"]}]},{\"@type\":\"ImageObject\",\"inLanguage\":\"es\",\"@id\":\"https:\/\/tourtravelandmore.com\/es\/tours\/italia-es\/salerno-es-2\/tour-privado-a-pompeya-y-herculano-desde-amalfi-copy\/#primaryimage\",\"url\":\"https:\/\/tourtravelandmore.com\/wp-content\/uploads\/2024\/02\/image4.jpg\",\"contentUrl\":\"https:\/\/tourtravelandmore.com\/wp-content\/uploads\/2024\/02\/image4.jpg\",\"width\":950,\"height\":750},{\"@type\":\"BreadcrumbList\",\"@id\":\"https:\/\/tourtravelandmore.com\/es\/tours\/italia-es\/salerno-es-2\/tour-privado-a-pompeya-y-herculano-desde-amalfi-copy\/#breadcrumb\",\"itemListElement\":[{\"@type\":\"ListItem\",\"position\":1,\"name\":\"Home\",\"item\":\"https:\/\/tourtravelandmore.com\/es\/\"},{\"@type\":\"ListItem\",\"position\":2,\"name\":\"Tours\",\"item\":\"https:\/\/tourtravelandmore.com\/es\/tours\/\"},{\"@type\":\"ListItem\",\"position\":3,\"name\":\"Tour Privado a Pompeya y Herculano desde Salerno\"}]},{\"@type\":\"WebSite\",\"@id\":\"https:\/\/tourtravelandmore.com\/es\/#website\",\"url\":\"https:\/\/tourtravelandmore.com\/es\/\",\"name\":\"Tour Travel And More\",\"description\":\"Private sightseeing tours and luxury transfers in Spain\",\"publisher\":{\"@id\":\"https:\/\/tourtravelandmore.com\/es\/#organization\"},\"potentialAction\":[{\"@type\":\"SearchAction\",\"target\":{\"@type\":\"EntryPoint\",\"urlTemplate\":\"https:\/\/tourtravelandmore.com\/es\/?s={search_term_string}\"},\"query-input\":{\"@type\":\"PropertyValueSpecification\",\"valueRequired\":true,\"valueName\":\"search_term_string\"}}],\"inLanguage\":\"es\"},{\"@type\":\"Organization\",\"@id\":\"https:\/\/tourtravelandmore.com\/es\/#organization\",\"name\":\"Tour Travel And More\",\"url\":\"https:\/\/tourtravelandmore.com\/es\/\",\"logo\":{\"@type\":\"ImageObject\",\"inLanguage\":\"es\",\"@id\":\"https:\/\/tourtravelandmore.com\/es\/#\/schema\/logo\/image\/\",\"url\":\"https:\/\/tourtravelandmore.com\/wp-content\/uploads\/2022\/12\/cropped-logo-cabecera-new.png\",\"contentUrl\":\"https:\/\/tourtravelandmore.com\/wp-content\/uploads\/2022\/12\/cropped-logo-cabecera-new.png\",\"width\":430,\"height\":61,\"caption\":\"Tour Travel And More\"},\"image\":{\"@id\":\"https:\/\/tourtravelandmore.com\/es\/#\/schema\/logo\/image\/\"},\"sameAs\":[\"https:\/\/www.facebook.com\/tourtravelandmore\/\",\"https:\/\/x.com\/TourTravel_More\"]}]}<\/script>\n<!-- \/ Yoast SEO Premium plugin. -->","yoast_head_json":{"title":"\u27a1\ufe0f Descubra Pompeya y Herculano en un tour privado desde Salerno","description":"Explore las antiguas ruinas de Pompeya y Herculano en un tour privado con Excerpt: Tour Travel and More. \u00a1Te esperan experiencias inolvidables! \u2705","robots":{"index":"index","follow":"follow","max-snippet":"max-snippet:-1","max-image-preview":"max-image-preview:large","max-video-preview":"max-video-preview:-1"},"canonical":"https:\/\/tourtravelandmore.com\/es\/tours\/italia-es\/salerno-es-2\/tour-privado-a-pompeya-y-herculano-desde-amalfi-copy\/","og_locale":"es_ES","og_type":"article","og_title":"Tour Privado a Pompeya y Herculano desde Salerno","og_description":"Explore las antiguas ruinas de Pompeya y Herculano en un tour privado con Excerpt: Tour Travel and More. \u00a1Te esperan experiencias inolvidables! \u2705","og_url":"https:\/\/tourtravelandmore.com\/es\/tours\/italia-es\/salerno-es-2\/tour-privado-a-pompeya-y-herculano-desde-amalfi-copy\/","og_site_name":"Tour Travel And More","article_publisher":"https:\/\/www.facebook.com\/tourtravelandmore\/","article_modified_time":"2025-02-26T19:32:04+00:00","og_image":[{"width":950,"height":750,"url":"https:\/\/tourtravelandmore.com\/wp-content\/uploads\/2024\/02\/image4.jpg","type":"image\/jpeg"}],"twitter_card":"summary_large_image","twitter_site":"@TourTravel_More","twitter_misc":{"Tiempo de lectura":"4 minutos"},"schema":{"@context":"https:\/\/schema.org","@graph":[{"@type":"WebPage","@id":"https:\/\/tourtravelandmore.com\/es\/tours\/italia-es\/salerno-es-2\/tour-privado-a-pompeya-y-herculano-desde-amalfi-copy\/","url":"https:\/\/tourtravelandmore.com\/es\/tours\/italia-es\/salerno-es-2\/tour-privado-a-pompeya-y-herculano-desde-amalfi-copy\/","name":"\u27a1\ufe0f Descubra Pompeya y Herculano en un tour privado desde Salerno","isPartOf":{"@id":"https:\/\/tourtravelandmore.com\/es\/#website"},"primaryImageOfPage":{"@id":"https:\/\/tourtravelandmore.com\/es\/tours\/italia-es\/salerno-es-2\/tour-privado-a-pompeya-y-herculano-desde-amalfi-copy\/#primaryimage"},"image":{"@id":"https:\/\/tourtravelandmore.com\/es\/tours\/italia-es\/salerno-es-2\/tour-privado-a-pompeya-y-herculano-desde-amalfi-copy\/#primaryimage"},"thumbnailUrl":"https:\/\/tourtravelandmore.com\/wp-content\/uploads\/2024\/02\/image4.jpg","datePublished":"2025-02-26T19:24:01+00:00","dateModified":"2025-02-26T19:32:04+00:00","description":"Explore las antiguas ruinas de Pompeya y Herculano en un tour privado con Excerpt: Tour Travel and More. \u00a1Te esperan experiencias inolvidables! \u2705","breadcrumb":{"@id":"https:\/\/tourtravelandmore.com\/es\/tours\/italia-es\/salerno-es-2\/tour-privado-a-pompeya-y-herculano-desde-amalfi-copy\/#breadcrumb"},"inLanguage":"es","potentialAction":[{"@type":"ReadAction","target":["https:\/\/tourtravelandmore.com\/es\/tours\/italia-es\/salerno-es-2\/tour-privado-a-pompeya-y-herculano-desde-amalfi-copy\/"]}]},{"@type":"ImageObject","inLanguage":"es","@id":"https:\/\/tourtravelandmore.com\/es\/tours\/italia-es\/salerno-es-2\/tour-privado-a-pompeya-y-herculano-desde-amalfi-copy\/#primaryimage","url":"https:\/\/tourtravelandmore.com\/wp-content\/uploads\/2024\/02\/image4.jpg","contentUrl":"https:\/\/tourtravelandmore.com\/wp-content\/uploads\/2024\/02\/image4.jpg","width":950,"height":750},{"@type":"BreadcrumbList","@id":"https:\/\/tourtravelandmore.com\/es\/tours\/italia-es\/salerno-es-2\/tour-privado-a-pompeya-y-herculano-desde-amalfi-copy\/#breadcrumb","itemListElement":[{"@type":"ListItem","position":1,"name":"Home","item":"https:\/\/tourtravelandmore.com\/es\/"},{"@type":"ListItem","position":2,"name":"Tours","item":"https:\/\/tourtravelandmore.com\/es\/tours\/"},{"@type":"ListItem","position":3,"name":"Tour Privado a Pompeya y Herculano desde Salerno"}]},{"@type":"WebSite","@id":"https:\/\/tourtravelandmore.com\/es\/#website","url":"https:\/\/tourtravelandmore.com\/es\/","name":"Tour Travel And More","description":"Private sightseeing tours and luxury transfers in Spain","publisher":{"@id":"https:\/\/tourtravelandmore.com\/es\/#organization"},"potentialAction":[{"@type":"SearchAction","target":{"@type":"EntryPoint","urlTemplate":"https:\/\/tourtravelandmore.com\/es\/?s={search_term_string}"},"query-input":{"@type":"PropertyValueSpecification","valueRequired":true,"valueName":"search_term_string"}}],"inLanguage":"es"},{"@type":"Organization","@id":"https:\/\/tourtravelandmore.com\/es\/#organization","name":"Tour Travel And More","url":"https:\/\/tourtravelandmore.com\/es\/","logo":{"@type":"ImageObject","inLanguage":"es","@id":"https:\/\/tourtravelandmore.com\/es\/#\/schema\/logo\/image\/","url":"https:\/\/tourtravelandmore.com\/wp-content\/uploads\/2022\/12\/cropped-logo-cabecera-new.png","contentUrl":"https:\/\/tourtravelandmore.com\/wp-content\/uploads\/2022\/12\/cropped-logo-cabecera-new.png","width":430,"height":61,"caption":"Tour Travel And More"},"image":{"@id":"https:\/\/tourtravelandmore.com\/es\/#\/schema\/logo\/image\/"},"sameAs":["https:\/\/www.facebook.com\/tourtravelandmore\/","https:\/\/x.com\/TourTravel_More"]}]}},"_links":{"self":[{"href":"https:\/\/tourtravelandmore.com\/es\/wp-json\/wp\/v2\/product\/180909","targetHints":{"allow":["GET"]}}],"collection":[{"href":"https:\/\/tourtravelandmore.com\/es\/wp-json\/wp\/v2\/product"}],"about":[{"href":"https:\/\/tourtravelandmore.com\/es\/wp-json\/wp\/v2\/types\/product"}],"replies":[{"embeddable":true,"href":"https:\/\/tourtravelandmore.com\/es\/wp-json\/wp\/v2\/comments?post=180909"}],"wp:featuredmedia":[{"embeddable":true,"href":"https:\/\/tourtravelandmore.com\/es\/wp-json\/wp\/v2\/media\/172249"}],"wp:attachment":[{"href":"https:\/\/tourtravelandmore.com\/es\/wp-json\/wp\/v2\/media?parent=180909"}],"wp:term":[{"taxonomy":"product_brand","embeddable":true,"href":"https:\/\/tourtravelandmore.com\/es\/wp-json\/wp\/v2\/product_brand?post=180909"},{"taxonomy":"product_cat","embeddable":true,"href":"https:\/\/tourtravelandmore.com\/es\/wp-json\/wp\/v2\/product_cat?post=180909"},{"taxonomy":"product_tag","embeddable":true,"href":"https:\/\/tourtravelandmore.com\/es\/wp-json\/wp\/v2\/product_tag?post=180909"}],"curies":[{"name":"wp","href":"https:\/\/api.w.org\/{rel}","templated":true}]}}