{"id":180894,"date":"2025-02-26T20:23:51","date_gmt":"2025-02-26T19:23:51","guid":{"rendered":"https:\/\/tourtravelandmore.com\/?post_type=product&#038;p=180894"},"modified":"2025-02-26T20:38:30","modified_gmt":"2025-02-26T19:38:30","slug":"tour-privado-a-la-costa-amalfitana-desde-amalfi-copy","status":"publish","type":"product","link":"https:\/\/tourtravelandmore.com\/es\/tours\/italia-es\/salerno-es-2\/tour-privado-a-la-costa-amalfitana-desde-amalfi-copy\/","title":{"rendered":"Tour Privado a la Costa Amalfitana desde Salerno"},"content":{"rendered":"<h2><b>Tour de un d\u00eda a la costa de Amalfi desde Salerno Descripci\u00f3n:<\/b><\/h2>\n<p>Disfrute de la belleza incomparable de la costa de Amalfi en este exclusivo tour privado de un d\u00eda completo desde Amalfi, su puerta de entrada a las maravillas de este lugar declarado Patrimonio de la Humanidad por la UNESCO. Este tour le ofrece la comodidad y el lujo de viajar en un veh\u00edculo privado, conducido por un ch\u00f3fer experto que conoce todas las rutas panor\u00e1micas y las joyas ocultas a lo largo de la costa.<\/p>\n<p>N\u00e1poles, la vibrante capital regional de Campania y Patrimonio de la Humanidad de la UNESCO, prepara el escenario para su viaje a la costa Amalfitana. La costa, famosa por su deslumbrante variedad de colores, fragantes limoneros y pintorescos pueblos, comprende 13 ciudades \u00fanicas, cada una con su car\u00e1cter y encanto distintivos.<\/p>\n<p>Mientras se embarca en este recorrido, prep\u00e1rese para quedar cautivado por las vistas panor\u00e1micas m\u00e1s impresionantes de la costa de Amalfi, sus playas v\u00edrgenes y sus pintorescos pueblos. Tanto si busca una escapada rom\u00e1ntica, una exploraci\u00f3n cultural o simplemente disfrutar de la belleza de una de las costas m\u00e1s famosas de Italia, este recorrido es perfecto para usted.<\/p>\n<p>Ofrecemos la opci\u00f3n de incluir un gu\u00eda tur\u00edstico privado oficial durante toda la excursi\u00f3n. Nuestros gu\u00edas son expertos multiling\u00fces deseosos de compartir sus amplios conocimientos y garantizar que su experiencia sea informativa y atractiva.<\/p>\n<p>Se puede organizar la recogida y el regreso a su hotel en Amalfi, al puerto de cruceros o incluso al aeropuerto, adapt\u00e1ndonos a sus necesidades y horarios personales. Deje que nos ocupemos de los detalles mientras usted se relaja y disfruta del impresionante paisaje de la costa de Amalfi.<\/p>\n<h2><b>Excursi\u00f3n de un d\u00eda a la costa de Amalfi desde Salerno| Puntos de inter\u00e9s y lugares emblem\u00e1ticos:<\/b><\/h2>\n<p>Su d\u00eda comienza con la recogida personal por parte de su conductor privado y, si lo desea, de su gu\u00eda tur\u00edstico oficial, en el lugar que usted elija de N\u00e1poles.<\/p>\n<ul>\n<li><b>Positano:<\/b> La primera parada es Positano, un impresionante pueblo situado en un acantilado conocido por su vibrante arquitectura y sus pintorescas calles. Aqu\u00ed podr\u00e1 recorrer el famoso Sendero de los Dioses, que ofrece unas vistas incre\u00edbles de la costa.<\/li>\n<li><b>Amalfi: <\/b>A continuaci\u00f3n, visite Amalfi, el coraz\u00f3n de la costa. Explore sus lugares hist\u00f3ricos, incluida la magn\u00edfica catedral de Amalfi, y disfrute del animado ambiente de esta encantadora ciudad.<\/li>\n<li><b>Ravello:<\/b> Termine su recorrido en Ravello, una exclusiva y serena ciudad en lo alto de una colina. Ravello es famosa por sus jardines, sus impresionantes vistas y sus eventos culturales, lo que la convierte en un destino de visita obligada en la costa.<\/li>\n<\/ul>\n<p>Al final de su recorrido, su conductor le garantizar\u00e1 un c\u00f3modo regreso a N\u00e1poles. Esta excursi\u00f3n de un d\u00eda ofrece tiempo suficiente para disfrutar de un delicioso almuerzo en un restaurante costero, donde podr\u00e1 degustar las especialidades culinarias de la regi\u00f3n.<\/p>\n<p>\u00bf<a href=\"https:\/\/tourtravelandmore.com\/es\/ciudad\/italia-es\/napoles-pompeya-es\/\">Listo para descubrir los esplendores de la costa de Amalfi?<\/a> Reserve hoy mismo su excursi\u00f3n de un d\u00eda desde N\u00e1poles y sum\u00e9rjase en la impresionante belleza y la rica historia de esta legendaria costa. Desde las pintorescas calles de Positano hasta las maravillas hist\u00f3ricas de Amalfi y la serena elegancia de Ravello, su viaje promete ser tan inolvidable como encantador.<\/p>\n<h3>Opci\u00f3n 1: Solo chofer de habla inglesa<\/h3>\n<p>Para aquellos que prefieren una exploraci\u00f3n m\u00e1s independiente, elijan nuestro servicio de ch\u00f3fer de habla inglesa. Esta opci\u00f3n ofrece la flexibilidad de descubrir la costa de Amalfi a su propio ritmo, con la comodidad de un conductor experto que puede sugerir los mejores lugares y rutas, mejorando su experiencia con conocimientos locales.<\/p>\n<h3>Opci\u00f3n 2: Veh\u00edculo con ch\u00f3fer y gu\u00eda durante 8 horas<\/h3>\n<p>Opte por una experiencia completa con nuestro veh\u00edculo, ch\u00f3fer y gu\u00eda privado durante el recorrido completo de 8 horas. Esta opci\u00f3n ofrece un viaje enriquecido, en el que su gu\u00eda profundizar\u00e1 en la historia, la cultura y las historias ocultas de la costa de Amalfi, haciendo que cada sitio cobre vida con fascinantes narraciones.<\/p>\n","protected":false},"excerpt":{"rendered":"<p><span style=\"font-weight: 400;\">Experimente la magia de la Costa Amalfitana en una excursi\u00f3n privada de un d\u00eda completo desde N\u00e1poles. Visite las encantadoras ciudades de Positano, Amalfi y Ravello, con la comodidad de un veh\u00edculo privado y la opci\u00f3n de un gu\u00eda experto.<\/span><\/p>\n","protected":false},"featured_media":18366,"comment_status":"open","ping_status":"closed","template":"","meta":{"_acf_changed":false},"product_brand":[],"product_cat":[5487,5486],"product_tag":[],"class_list":{"0":"post-180894","1":"product","2":"type-product","3":"status-publish","4":"has-post-thumbnail","6":"product_cat-all-private-tours-es-7","7":"product_cat-salerno-es-2","9":"first","10":"instock","11":"shipping-taxable","12":"purchasable","13":"product-type-simple"},"acf":[],"yoast_head":"<!-- This site is optimized with the Yoast SEO Premium plugin v25.3.1 (Yoast SEO v25.3.1) - https:\/\/yoast.com\/wordpress\/plugins\/seo\/ -->\n<title>\u27a1\ufe0f Tour Privado a la Costa Amalfitana desde Salerno<\/title>\n<meta name=\"description\" content=\"&quot;Emb\u00e1rquese en una lujosa excursi\u00f3n privada de un d\u00eda a la Costa Amalfitana desde Amalfi. Descubra Positano, Amalfi y Ravello con la opci\u00f3n de un gu\u00eda personal. \u2705\" \/>\n<meta name=\"robots\" content=\"index, follow, max-snippet:-1, max-image-preview:large, max-video-preview:-1\" \/>\n<link rel=\"canonical\" href=\"https:\/\/tourtravelandmore.com\/es\/tours\/italia-es\/salerno-es-2\/tour-privado-a-la-costa-amalfitana-desde-amalfi-copy\/\" \/>\n<meta property=\"og:locale\" content=\"es_ES\" \/>\n<meta property=\"og:type\" content=\"article\" \/>\n<meta property=\"og:title\" content=\"Tour Privado a la Costa Amalfitana desde Salerno\" \/>\n<meta property=\"og:description\" content=\"&quot;Emb\u00e1rquese en una lujosa excursi\u00f3n privada de un d\u00eda a la Costa Amalfitana desde Amalfi. Descubra Positano, Amalfi y Ravello con la opci\u00f3n de un gu\u00eda personal. \u2705\" \/>\n<meta property=\"og:url\" content=\"https:\/\/tourtravelandmore.com\/es\/tours\/italia-es\/salerno-es-2\/tour-privado-a-la-costa-amalfitana-desde-amalfi-copy\/\" \/>\n<meta property=\"og:site_name\" content=\"Tour Travel And More\" \/>\n<meta property=\"article:publisher\" content=\"https:\/\/www.facebook.com\/tourtravelandmore\/\" \/>\n<meta property=\"article:modified_time\" content=\"2025-02-26T19:38:30+00:00\" \/>\n<meta property=\"og:image\" content=\"https:\/\/tourtravelandmore.com\/wp-content\/uploads\/2018\/02\/ravello-amalfi.jpg\" \/>\n\t<meta property=\"og:image:width\" content=\"2000\" \/>\n\t<meta property=\"og:image:height\" content=\"1200\" \/>\n\t<meta property=\"og:image:type\" content=\"image\/jpeg\" \/>\n<meta name=\"twitter:card\" content=\"summary_large_image\" \/>\n<meta name=\"twitter:site\" content=\"@TourTravel_More\" \/>\n<meta name=\"twitter:label1\" content=\"Tiempo de lectura\" \/>\n\t<meta name=\"twitter:data1\" content=\"4 minutos\" \/>\n<script type=\"application\/ld+json\" class=\"yoast-schema-graph\">{\"@context\":\"https:\/\/schema.org\",\"@graph\":[{\"@type\":\"WebPage\",\"@id\":\"https:\/\/tourtravelandmore.com\/es\/tours\/italia-es\/salerno-es-2\/tour-privado-a-la-costa-amalfitana-desde-amalfi-copy\/\",\"url\":\"https:\/\/tourtravelandmore.com\/es\/tours\/italia-es\/salerno-es-2\/tour-privado-a-la-costa-amalfitana-desde-amalfi-copy\/\",\"name\":\"\u27a1\ufe0f Tour Privado a la Costa Amalfitana desde Salerno\",\"isPartOf\":{\"@id\":\"https:\/\/tourtravelandmore.com\/es\/#website\"},\"primaryImageOfPage\":{\"@id\":\"https:\/\/tourtravelandmore.com\/es\/tours\/italia-es\/salerno-es-2\/tour-privado-a-la-costa-amalfitana-desde-amalfi-copy\/#primaryimage\"},\"image\":{\"@id\":\"https:\/\/tourtravelandmore.com\/es\/tours\/italia-es\/salerno-es-2\/tour-privado-a-la-costa-amalfitana-desde-amalfi-copy\/#primaryimage\"},\"thumbnailUrl\":\"https:\/\/tourtravelandmore.com\/wp-content\/uploads\/2018\/02\/ravello-amalfi.jpg\",\"datePublished\":\"2025-02-26T19:23:51+00:00\",\"dateModified\":\"2025-02-26T19:38:30+00:00\",\"description\":\"\\\"Emb\u00e1rquese en una lujosa excursi\u00f3n privada de un d\u00eda a la Costa Amalfitana desde Amalfi. Descubra Positano, Amalfi y Ravello con la opci\u00f3n de un gu\u00eda personal. \u2705\",\"breadcrumb\":{\"@id\":\"https:\/\/tourtravelandmore.com\/es\/tours\/italia-es\/salerno-es-2\/tour-privado-a-la-costa-amalfitana-desde-amalfi-copy\/#breadcrumb\"},\"inLanguage\":\"es\",\"potentialAction\":[{\"@type\":\"ReadAction\",\"target\":[\"https:\/\/tourtravelandmore.com\/es\/tours\/italia-es\/salerno-es-2\/tour-privado-a-la-costa-amalfitana-desde-amalfi-copy\/\"]}]},{\"@type\":\"ImageObject\",\"inLanguage\":\"es\",\"@id\":\"https:\/\/tourtravelandmore.com\/es\/tours\/italia-es\/salerno-es-2\/tour-privado-a-la-costa-amalfitana-desde-amalfi-copy\/#primaryimage\",\"url\":\"https:\/\/tourtravelandmore.com\/wp-content\/uploads\/2018\/02\/ravello-amalfi.jpg\",\"contentUrl\":\"https:\/\/tourtravelandmore.com\/wp-content\/uploads\/2018\/02\/ravello-amalfi.jpg\",\"width\":2000,\"height\":1200},{\"@type\":\"BreadcrumbList\",\"@id\":\"https:\/\/tourtravelandmore.com\/es\/tours\/italia-es\/salerno-es-2\/tour-privado-a-la-costa-amalfitana-desde-amalfi-copy\/#breadcrumb\",\"itemListElement\":[{\"@type\":\"ListItem\",\"position\":1,\"name\":\"Home\",\"item\":\"https:\/\/tourtravelandmore.com\/es\/\"},{\"@type\":\"ListItem\",\"position\":2,\"name\":\"Tours\",\"item\":\"https:\/\/tourtravelandmore.com\/es\/tours\/\"},{\"@type\":\"ListItem\",\"position\":3,\"name\":\"Tour Privado a la Costa Amalfitana desde Salerno\"}]},{\"@type\":\"WebSite\",\"@id\":\"https:\/\/tourtravelandmore.com\/es\/#website\",\"url\":\"https:\/\/tourtravelandmore.com\/es\/\",\"name\":\"Tour Travel And More\",\"description\":\"Private sightseeing tours and luxury transfers in Spain\",\"publisher\":{\"@id\":\"https:\/\/tourtravelandmore.com\/es\/#organization\"},\"potentialAction\":[{\"@type\":\"SearchAction\",\"target\":{\"@type\":\"EntryPoint\",\"urlTemplate\":\"https:\/\/tourtravelandmore.com\/es\/?s={search_term_string}\"},\"query-input\":{\"@type\":\"PropertyValueSpecification\",\"valueRequired\":true,\"valueName\":\"search_term_string\"}}],\"inLanguage\":\"es\"},{\"@type\":\"Organization\",\"@id\":\"https:\/\/tourtravelandmore.com\/es\/#organization\",\"name\":\"Tour Travel And More\",\"url\":\"https:\/\/tourtravelandmore.com\/es\/\",\"logo\":{\"@type\":\"ImageObject\",\"inLanguage\":\"es\",\"@id\":\"https:\/\/tourtravelandmore.com\/es\/#\/schema\/logo\/image\/\",\"url\":\"https:\/\/tourtravelandmore.com\/wp-content\/uploads\/2022\/12\/cropped-logo-cabecera-new.png\",\"contentUrl\":\"https:\/\/tourtravelandmore.com\/wp-content\/uploads\/2022\/12\/cropped-logo-cabecera-new.png\",\"width\":430,\"height\":61,\"caption\":\"Tour Travel And More\"},\"image\":{\"@id\":\"https:\/\/tourtravelandmore.com\/es\/#\/schema\/logo\/image\/\"},\"sameAs\":[\"https:\/\/www.facebook.com\/tourtravelandmore\/\",\"https:\/\/x.com\/TourTravel_More\"]}]}<\/script>\n<!-- \/ Yoast SEO Premium plugin. -->","yoast_head_json":{"title":"\u27a1\ufe0f Tour Privado a la Costa Amalfitana desde Salerno","description":"\"Emb\u00e1rquese en una lujosa excursi\u00f3n privada de un d\u00eda a la Costa Amalfitana desde Amalfi. Descubra Positano, Amalfi y Ravello con la opci\u00f3n de un gu\u00eda personal. \u2705","robots":{"index":"index","follow":"follow","max-snippet":"max-snippet:-1","max-image-preview":"max-image-preview:large","max-video-preview":"max-video-preview:-1"},"canonical":"https:\/\/tourtravelandmore.com\/es\/tours\/italia-es\/salerno-es-2\/tour-privado-a-la-costa-amalfitana-desde-amalfi-copy\/","og_locale":"es_ES","og_type":"article","og_title":"Tour Privado a la Costa Amalfitana desde Salerno","og_description":"\"Emb\u00e1rquese en una lujosa excursi\u00f3n privada de un d\u00eda a la Costa Amalfitana desde Amalfi. Descubra Positano, Amalfi y Ravello con la opci\u00f3n de un gu\u00eda personal. \u2705","og_url":"https:\/\/tourtravelandmore.com\/es\/tours\/italia-es\/salerno-es-2\/tour-privado-a-la-costa-amalfitana-desde-amalfi-copy\/","og_site_name":"Tour Travel And More","article_publisher":"https:\/\/www.facebook.com\/tourtravelandmore\/","article_modified_time":"2025-02-26T19:38:30+00:00","og_image":[{"width":2000,"height":1200,"url":"https:\/\/tourtravelandmore.com\/wp-content\/uploads\/2018\/02\/ravello-amalfi.jpg","type":"image\/jpeg"}],"twitter_card":"summary_large_image","twitter_site":"@TourTravel_More","twitter_misc":{"Tiempo de lectura":"4 minutos"},"schema":{"@context":"https:\/\/schema.org","@graph":[{"@type":"WebPage","@id":"https:\/\/tourtravelandmore.com\/es\/tours\/italia-es\/salerno-es-2\/tour-privado-a-la-costa-amalfitana-desde-amalfi-copy\/","url":"https:\/\/tourtravelandmore.com\/es\/tours\/italia-es\/salerno-es-2\/tour-privado-a-la-costa-amalfitana-desde-amalfi-copy\/","name":"\u27a1\ufe0f Tour Privado a la Costa Amalfitana desde Salerno","isPartOf":{"@id":"https:\/\/tourtravelandmore.com\/es\/#website"},"primaryImageOfPage":{"@id":"https:\/\/tourtravelandmore.com\/es\/tours\/italia-es\/salerno-es-2\/tour-privado-a-la-costa-amalfitana-desde-amalfi-copy\/#primaryimage"},"image":{"@id":"https:\/\/tourtravelandmore.com\/es\/tours\/italia-es\/salerno-es-2\/tour-privado-a-la-costa-amalfitana-desde-amalfi-copy\/#primaryimage"},"thumbnailUrl":"https:\/\/tourtravelandmore.com\/wp-content\/uploads\/2018\/02\/ravello-amalfi.jpg","datePublished":"2025-02-26T19:23:51+00:00","dateModified":"2025-02-26T19:38:30+00:00","description":"\"Emb\u00e1rquese en una lujosa excursi\u00f3n privada de un d\u00eda a la Costa Amalfitana desde Amalfi. Descubra Positano, Amalfi y Ravello con la opci\u00f3n de un gu\u00eda personal. \u2705","breadcrumb":{"@id":"https:\/\/tourtravelandmore.com\/es\/tours\/italia-es\/salerno-es-2\/tour-privado-a-la-costa-amalfitana-desde-amalfi-copy\/#breadcrumb"},"inLanguage":"es","potentialAction":[{"@type":"ReadAction","target":["https:\/\/tourtravelandmore.com\/es\/tours\/italia-es\/salerno-es-2\/tour-privado-a-la-costa-amalfitana-desde-amalfi-copy\/"]}]},{"@type":"ImageObject","inLanguage":"es","@id":"https:\/\/tourtravelandmore.com\/es\/tours\/italia-es\/salerno-es-2\/tour-privado-a-la-costa-amalfitana-desde-amalfi-copy\/#primaryimage","url":"https:\/\/tourtravelandmore.com\/wp-content\/uploads\/2018\/02\/ravello-amalfi.jpg","contentUrl":"https:\/\/tourtravelandmore.com\/wp-content\/uploads\/2018\/02\/ravello-amalfi.jpg","width":2000,"height":1200},{"@type":"BreadcrumbList","@id":"https:\/\/tourtravelandmore.com\/es\/tours\/italia-es\/salerno-es-2\/tour-privado-a-la-costa-amalfitana-desde-amalfi-copy\/#breadcrumb","itemListElement":[{"@type":"ListItem","position":1,"name":"Home","item":"https:\/\/tourtravelandmore.com\/es\/"},{"@type":"ListItem","position":2,"name":"Tours","item":"https:\/\/tourtravelandmore.com\/es\/tours\/"},{"@type":"ListItem","position":3,"name":"Tour Privado a la Costa Amalfitana desde Salerno"}]},{"@type":"WebSite","@id":"https:\/\/tourtravelandmore.com\/es\/#website","url":"https:\/\/tourtravelandmore.com\/es\/","name":"Tour Travel And More","description":"Private sightseeing tours and luxury transfers in Spain","publisher":{"@id":"https:\/\/tourtravelandmore.com\/es\/#organization"},"potentialAction":[{"@type":"SearchAction","target":{"@type":"EntryPoint","urlTemplate":"https:\/\/tourtravelandmore.com\/es\/?s={search_term_string}"},"query-input":{"@type":"PropertyValueSpecification","valueRequired":true,"valueName":"search_term_string"}}],"inLanguage":"es"},{"@type":"Organization","@id":"https:\/\/tourtravelandmore.com\/es\/#organization","name":"Tour Travel And More","url":"https:\/\/tourtravelandmore.com\/es\/","logo":{"@type":"ImageObject","inLanguage":"es","@id":"https:\/\/tourtravelandmore.com\/es\/#\/schema\/logo\/image\/","url":"https:\/\/tourtravelandmore.com\/wp-content\/uploads\/2022\/12\/cropped-logo-cabecera-new.png","contentUrl":"https:\/\/tourtravelandmore.com\/wp-content\/uploads\/2022\/12\/cropped-logo-cabecera-new.png","width":430,"height":61,"caption":"Tour Travel And More"},"image":{"@id":"https:\/\/tourtravelandmore.com\/es\/#\/schema\/logo\/image\/"},"sameAs":["https:\/\/www.facebook.com\/tourtravelandmore\/","https:\/\/x.com\/TourTravel_More"]}]}},"_links":{"self":[{"href":"https:\/\/tourtravelandmore.com\/es\/wp-json\/wp\/v2\/product\/180894","targetHints":{"allow":["GET"]}}],"collection":[{"href":"https:\/\/tourtravelandmore.com\/es\/wp-json\/wp\/v2\/product"}],"about":[{"href":"https:\/\/tourtravelandmore.com\/es\/wp-json\/wp\/v2\/types\/product"}],"replies":[{"embeddable":true,"href":"https:\/\/tourtravelandmore.com\/es\/wp-json\/wp\/v2\/comments?post=180894"}],"wp:featuredmedia":[{"embeddable":true,"href":"https:\/\/tourtravelandmore.com\/es\/wp-json\/wp\/v2\/media\/18366"}],"wp:attachment":[{"href":"https:\/\/tourtravelandmore.com\/es\/wp-json\/wp\/v2\/media?parent=180894"}],"wp:term":[{"taxonomy":"product_brand","embeddable":true,"href":"https:\/\/tourtravelandmore.com\/es\/wp-json\/wp\/v2\/product_brand?post=180894"},{"taxonomy":"product_cat","embeddable":true,"href":"https:\/\/tourtravelandmore.com\/es\/wp-json\/wp\/v2\/product_cat?post=180894"},{"taxonomy":"product_tag","embeddable":true,"href":"https:\/\/tourtravelandmore.com\/es\/wp-json\/wp\/v2\/product_tag?post=180894"}],"curies":[{"name":"wp","href":"https:\/\/api.w.org\/{rel}","templated":true}]}}