{"id":180870,"date":"2025-02-26T18:40:02","date_gmt":"2025-02-26T17:40:02","guid":{"rendered":"https:\/\/tourtravelandmore.com\/?post_type=product&#038;p=180870"},"modified":"2025-02-26T20:18:09","modified_gmt":"2025-02-26T19:18:09","slug":"tour-privado-de-pompeya-desde-amalfi-copy","status":"publish","type":"product","link":"https:\/\/tourtravelandmore.com\/es\/tours\/italia-es\/salerno-es-2\/tour-privado-de-pompeya-desde-amalfi-copy\/","title":{"rendered":"Tour Privado de Pompeya desde Sorrento"},"content":{"rendered":"<h2><strong>Descripci\u00f3n del Tour Privado de Pompeya desde Sorrento<\/strong><\/h2>\n<p>Una vez que llegue a Sorrento, disfrute de esta <strong>Excursi\u00f3n a Pompeya desde Sorrento <\/strong>c\u00f3modo en un <strong>veh\u00edculo privado de lujo<\/strong>. Su <strong>gu\u00eda oficial privado<\/strong>\u00a0lo estar\u00e1 esperando en la entrada principal de Pompeya para comenzar su tour privado.<\/p>\n<p>En el a\u00f1o 79 d. C., el <strong>monte Vesubio<\/strong>, un volc\u00e1n ubicado cerca de N\u00e1poles, hizo erupci\u00f3n y cubri\u00f3 toda la ciudad de Pompeya con cenizas, siendo una de las erupciones m\u00e1s catastr\u00f3ficas de la historia europea. Un grupo de exploradores descubri\u00f3 el sitio nuevamente en 1748 y vio que detr\u00e1s de las cenizas, la antigua ciudad romana de Pompeya estaba casi intacta.<\/p>\n<p>Durante este recorrido privado, podr\u00e1 disfrutar de los lugares m\u00e1s emblem\u00e1ticos de Pompeya y su gran arquitectura, as\u00ed como sus monumentos m\u00e1s conocidos.<\/p>\n<p>Como todos nuestros tours, este tour privado es un recorrido completamente personalizado. Podemos organizarlo para satisfacer sus propias necesidades y deseos personales. Si tiene algo en mente, h\u00e1ganoslo saber y haremos todo lo posible para organizarlo durante su recorrido privado.<\/p>\n<p>A continuaci\u00f3n se muestra nuestra excursi\u00f3n a Pompeya desde Sorrento por 5 horas, pero podemos organizar la duraci\u00f3n del recorrido exactamente como lo desee.<\/p>\n<h2><strong>Puntos de inter\u00e9s | Tour Privado de Pompeya desde Sorrento<\/strong><\/h2>\n<p>En primer lugar, su <strong>conductor privado<\/strong> lo recoger\u00e1 de su hotel, apartamento o terminal de cruceros en N\u00e1poles a la hora deseada.<\/p>\n<p>En segundo lugar, se encontrar\u00e1 con su gu\u00eda oficial en <strong>Porta Marina Superiore<\/strong> para comenzar una visita guiada de 2.5 horas al sitio arqueol\u00f3gico. <a href=\"https:\/\/www.ticketone.it\/biglietti-scavi-di-pompei.html?affiliate=ITT&amp;amp;doc=artistPages%2Ftickets&amp;amp;fun=artist&amp;amp;action=tickets&amp;amp;erid=988882\">La entrada al sitio arqueol\u00f3gico de Pompeya<\/a> est\u00e1 incluida en el precio del tour.<\/p>\n<p>Durante este recorrido privado, conocer\u00e1 la historia arqueol\u00f3gica de Pompeya.\u00a0Entre otros lugares que podr\u00e1s visitar:<\/p>\n<ul>\n<li><strong>Anfiteatro Romano<\/strong><\/li>\n<li><strong>El Santuario de Pompeya<\/strong><\/li>\n<li><strong>El Foro<\/strong><\/li>\n<li><a href=\"https:\/\/tourtravelandmore.com\/es\/visitar-pompeya-los-moldes-de-yeso\/\">Los Moldes de Yeso<\/a><\/li>\n<li><strong>Antiquarium<\/strong><\/li>\n<li><strong>Therme Stabiane<\/strong><\/li>\n<li><strong>Casa de meandro<\/strong><\/li>\n<li><strong>Teatros<\/strong><\/li>\n<li>\u00a1y mucho m\u00e1s!<\/li>\n<\/ul>\n<p>Finalmente, al final del recorrido, su conductor privado lo llevar\u00e1 de regreso a su punto de partida en N\u00e1poles. El recorrido tiene una duraci\u00f3n de 4 horas desde el momento de la recogida hasta el momento de devoluci\u00f3n en N\u00e1poles.<\/p>\n<p>Cada uno de nuestros gu\u00edas son gu\u00edas tur\u00edsticos oficiales y no solo tienen licencia, sino que adem\u00e1s, gu\u00edas profesionales con un gran conocimiento de la ciudad y su historia.<\/p>\n<p>Este es un gran recorrido para aquellos que aman la historia y la arqueolog\u00eda de Italia, en conclusi\u00f3n, aprender\u00e1n bastante mientras disfrutan de N\u00e1poles.<\/p>\n<p><em>nota: el gu\u00eda le espera en Porta Marina superiore (Pompeya)<\/em><\/p>\n","protected":false},"excerpt":{"rendered":"<p>Aprovecha tus d\u00edas en N\u00e1poles y disfruta de este <strong>tour privado de medio d\u00eda a Pompeya<\/strong> y disfruta de sus monumentos m\u00e1s importantes. No pierda la oportunidad de conocer el <strong>sitio arqueol\u00f3gico de Pompeya<\/strong> y todo lo que tiene para ofrecer junto a su gu\u00eda tur\u00edstico oficial privado y c\u00f3modamente en su veh\u00edculo privado de lujo con ch\u00f3fer independiente. Admire uno de los sitios arqueol\u00f3gicos mejor conservados del mundo con un gu\u00eda tur\u00edstico privado especializado.<\/p>\n","protected":false},"featured_media":17349,"comment_status":"open","ping_status":"closed","template":"","meta":{"_acf_changed":false},"product_brand":[],"product_cat":[5487,5486],"product_tag":[],"class_list":{"0":"post-180870","1":"product","2":"type-product","3":"status-publish","4":"has-post-thumbnail","6":"product_cat-all-private-tours-es-7","7":"product_cat-salerno-es-2","9":"first","10":"instock","11":"shipping-taxable","12":"purchasable","13":"product-type-simple"},"acf":[],"yoast_head":"<!-- This site is optimized with the Yoast SEO Premium plugin v25.3.1 (Yoast SEO v25.3.1) - https:\/\/yoast.com\/wordpress\/plugins\/seo\/ -->\n<title>Excursi\u00f3n a Pompeya desde Sorrento con guia oficial y chofer privado | TTM<\/title>\n<meta name=\"description\" content=\"Disfrute de esta Excursion Privada a Pompeya desde Sorrento junto a su guia oficial y chofer privado. Descubra la fascinante historia de Pompeya \u2705\" \/>\n<meta name=\"robots\" content=\"index, follow, max-snippet:-1, max-image-preview:large, max-video-preview:-1\" \/>\n<link rel=\"canonical\" href=\"https:\/\/tourtravelandmore.com\/es\/tours\/italia-es\/salerno-es-2\/tour-privado-de-pompeya-desde-amalfi-copy\/\" \/>\n<meta property=\"og:locale\" content=\"es_ES\" \/>\n<meta property=\"og:type\" content=\"article\" \/>\n<meta property=\"og:title\" content=\"Tour Privado de Pompeya desde Sorrento\" \/>\n<meta property=\"og:description\" content=\"Disfrute de esta Excursion Privada a Pompeya desde Sorrento junto a su guia oficial y chofer privado. Descubra la fascinante historia de Pompeya \u2705\" \/>\n<meta property=\"og:url\" content=\"https:\/\/tourtravelandmore.com\/es\/tours\/italia-es\/salerno-es-2\/tour-privado-de-pompeya-desde-amalfi-copy\/\" \/>\n<meta property=\"og:site_name\" content=\"Tour Travel And More\" \/>\n<meta property=\"article:publisher\" content=\"https:\/\/www.facebook.com\/tourtravelandmore\/\" \/>\n<meta property=\"article:modified_time\" content=\"2025-02-26T19:18:09+00:00\" \/>\n<meta property=\"og:image\" content=\"https:\/\/tourtravelandmore.com\/wp-content\/uploads\/2017\/01\/pompeii-and-vesuvius.jpg\" \/>\n\t<meta property=\"og:image:width\" content=\"900\" \/>\n\t<meta property=\"og:image:height\" content=\"598\" \/>\n\t<meta property=\"og:image:type\" content=\"image\/jpeg\" \/>\n<meta name=\"twitter:card\" content=\"summary_large_image\" \/>\n<meta name=\"twitter:site\" content=\"@TourTravel_More\" \/>\n<meta name=\"twitter:label1\" content=\"Tiempo de lectura\" \/>\n\t<meta name=\"twitter:data1\" content=\"3 minutos\" \/>\n<script type=\"application\/ld+json\" class=\"yoast-schema-graph\">{\"@context\":\"https:\/\/schema.org\",\"@graph\":[{\"@type\":\"WebPage\",\"@id\":\"https:\/\/tourtravelandmore.com\/es\/tours\/italia-es\/salerno-es-2\/tour-privado-de-pompeya-desde-amalfi-copy\/\",\"url\":\"https:\/\/tourtravelandmore.com\/es\/tours\/italia-es\/salerno-es-2\/tour-privado-de-pompeya-desde-amalfi-copy\/\",\"name\":\"Excursi\u00f3n a Pompeya desde Sorrento con guia oficial y chofer privado | TTM\",\"isPartOf\":{\"@id\":\"https:\/\/tourtravelandmore.com\/es\/#website\"},\"primaryImageOfPage\":{\"@id\":\"https:\/\/tourtravelandmore.com\/es\/tours\/italia-es\/salerno-es-2\/tour-privado-de-pompeya-desde-amalfi-copy\/#primaryimage\"},\"image\":{\"@id\":\"https:\/\/tourtravelandmore.com\/es\/tours\/italia-es\/salerno-es-2\/tour-privado-de-pompeya-desde-amalfi-copy\/#primaryimage\"},\"thumbnailUrl\":\"https:\/\/tourtravelandmore.com\/wp-content\/uploads\/2017\/01\/pompeii-and-vesuvius.jpg\",\"datePublished\":\"2025-02-26T17:40:02+00:00\",\"dateModified\":\"2025-02-26T19:18:09+00:00\",\"description\":\"Disfrute de esta Excursion Privada a Pompeya desde Sorrento junto a su guia oficial y chofer privado. Descubra la fascinante historia de Pompeya \u2705\",\"breadcrumb\":{\"@id\":\"https:\/\/tourtravelandmore.com\/es\/tours\/italia-es\/salerno-es-2\/tour-privado-de-pompeya-desde-amalfi-copy\/#breadcrumb\"},\"inLanguage\":\"es\",\"potentialAction\":[{\"@type\":\"ReadAction\",\"target\":[\"https:\/\/tourtravelandmore.com\/es\/tours\/italia-es\/salerno-es-2\/tour-privado-de-pompeya-desde-amalfi-copy\/\"]}]},{\"@type\":\"ImageObject\",\"inLanguage\":\"es\",\"@id\":\"https:\/\/tourtravelandmore.com\/es\/tours\/italia-es\/salerno-es-2\/tour-privado-de-pompeya-desde-amalfi-copy\/#primaryimage\",\"url\":\"https:\/\/tourtravelandmore.com\/wp-content\/uploads\/2017\/01\/pompeii-and-vesuvius.jpg\",\"contentUrl\":\"https:\/\/tourtravelandmore.com\/wp-content\/uploads\/2017\/01\/pompeii-and-vesuvius.jpg\",\"width\":900,\"height\":598},{\"@type\":\"BreadcrumbList\",\"@id\":\"https:\/\/tourtravelandmore.com\/es\/tours\/italia-es\/salerno-es-2\/tour-privado-de-pompeya-desde-amalfi-copy\/#breadcrumb\",\"itemListElement\":[{\"@type\":\"ListItem\",\"position\":1,\"name\":\"Home\",\"item\":\"https:\/\/tourtravelandmore.com\/es\/\"},{\"@type\":\"ListItem\",\"position\":2,\"name\":\"Tours\",\"item\":\"https:\/\/tourtravelandmore.com\/es\/tours\/\"},{\"@type\":\"ListItem\",\"position\":3,\"name\":\"Tour Privado de Pompeya desde Sorrento\"}]},{\"@type\":\"WebSite\",\"@id\":\"https:\/\/tourtravelandmore.com\/es\/#website\",\"url\":\"https:\/\/tourtravelandmore.com\/es\/\",\"name\":\"Tour Travel And More\",\"description\":\"Private sightseeing tours and luxury transfers in Spain\",\"publisher\":{\"@id\":\"https:\/\/tourtravelandmore.com\/es\/#organization\"},\"potentialAction\":[{\"@type\":\"SearchAction\",\"target\":{\"@type\":\"EntryPoint\",\"urlTemplate\":\"https:\/\/tourtravelandmore.com\/es\/?s={search_term_string}\"},\"query-input\":{\"@type\":\"PropertyValueSpecification\",\"valueRequired\":true,\"valueName\":\"search_term_string\"}}],\"inLanguage\":\"es\"},{\"@type\":\"Organization\",\"@id\":\"https:\/\/tourtravelandmore.com\/es\/#organization\",\"name\":\"Tour Travel And More\",\"url\":\"https:\/\/tourtravelandmore.com\/es\/\",\"logo\":{\"@type\":\"ImageObject\",\"inLanguage\":\"es\",\"@id\":\"https:\/\/tourtravelandmore.com\/es\/#\/schema\/logo\/image\/\",\"url\":\"https:\/\/tourtravelandmore.com\/wp-content\/uploads\/2022\/12\/cropped-logo-cabecera-new.png\",\"contentUrl\":\"https:\/\/tourtravelandmore.com\/wp-content\/uploads\/2022\/12\/cropped-logo-cabecera-new.png\",\"width\":430,\"height\":61,\"caption\":\"Tour Travel And More\"},\"image\":{\"@id\":\"https:\/\/tourtravelandmore.com\/es\/#\/schema\/logo\/image\/\"},\"sameAs\":[\"https:\/\/www.facebook.com\/tourtravelandmore\/\",\"https:\/\/x.com\/TourTravel_More\"]}]}<\/script>\n<!-- \/ Yoast SEO Premium plugin. -->","yoast_head_json":{"title":"Excursi\u00f3n a Pompeya desde Sorrento con guia oficial y chofer privado | TTM","description":"Disfrute de esta Excursion Privada a Pompeya desde Sorrento junto a su guia oficial y chofer privado. Descubra la fascinante historia de Pompeya \u2705","robots":{"index":"index","follow":"follow","max-snippet":"max-snippet:-1","max-image-preview":"max-image-preview:large","max-video-preview":"max-video-preview:-1"},"canonical":"https:\/\/tourtravelandmore.com\/es\/tours\/italia-es\/salerno-es-2\/tour-privado-de-pompeya-desde-amalfi-copy\/","og_locale":"es_ES","og_type":"article","og_title":"Tour Privado de Pompeya desde Sorrento","og_description":"Disfrute de esta Excursion Privada a Pompeya desde Sorrento junto a su guia oficial y chofer privado. Descubra la fascinante historia de Pompeya \u2705","og_url":"https:\/\/tourtravelandmore.com\/es\/tours\/italia-es\/salerno-es-2\/tour-privado-de-pompeya-desde-amalfi-copy\/","og_site_name":"Tour Travel And More","article_publisher":"https:\/\/www.facebook.com\/tourtravelandmore\/","article_modified_time":"2025-02-26T19:18:09+00:00","og_image":[{"width":900,"height":598,"url":"https:\/\/tourtravelandmore.com\/wp-content\/uploads\/2017\/01\/pompeii-and-vesuvius.jpg","type":"image\/jpeg"}],"twitter_card":"summary_large_image","twitter_site":"@TourTravel_More","twitter_misc":{"Tiempo de lectura":"3 minutos"},"schema":{"@context":"https:\/\/schema.org","@graph":[{"@type":"WebPage","@id":"https:\/\/tourtravelandmore.com\/es\/tours\/italia-es\/salerno-es-2\/tour-privado-de-pompeya-desde-amalfi-copy\/","url":"https:\/\/tourtravelandmore.com\/es\/tours\/italia-es\/salerno-es-2\/tour-privado-de-pompeya-desde-amalfi-copy\/","name":"Excursi\u00f3n a Pompeya desde Sorrento con guia oficial y chofer privado | TTM","isPartOf":{"@id":"https:\/\/tourtravelandmore.com\/es\/#website"},"primaryImageOfPage":{"@id":"https:\/\/tourtravelandmore.com\/es\/tours\/italia-es\/salerno-es-2\/tour-privado-de-pompeya-desde-amalfi-copy\/#primaryimage"},"image":{"@id":"https:\/\/tourtravelandmore.com\/es\/tours\/italia-es\/salerno-es-2\/tour-privado-de-pompeya-desde-amalfi-copy\/#primaryimage"},"thumbnailUrl":"https:\/\/tourtravelandmore.com\/wp-content\/uploads\/2017\/01\/pompeii-and-vesuvius.jpg","datePublished":"2025-02-26T17:40:02+00:00","dateModified":"2025-02-26T19:18:09+00:00","description":"Disfrute de esta Excursion Privada a Pompeya desde Sorrento junto a su guia oficial y chofer privado. Descubra la fascinante historia de Pompeya \u2705","breadcrumb":{"@id":"https:\/\/tourtravelandmore.com\/es\/tours\/italia-es\/salerno-es-2\/tour-privado-de-pompeya-desde-amalfi-copy\/#breadcrumb"},"inLanguage":"es","potentialAction":[{"@type":"ReadAction","target":["https:\/\/tourtravelandmore.com\/es\/tours\/italia-es\/salerno-es-2\/tour-privado-de-pompeya-desde-amalfi-copy\/"]}]},{"@type":"ImageObject","inLanguage":"es","@id":"https:\/\/tourtravelandmore.com\/es\/tours\/italia-es\/salerno-es-2\/tour-privado-de-pompeya-desde-amalfi-copy\/#primaryimage","url":"https:\/\/tourtravelandmore.com\/wp-content\/uploads\/2017\/01\/pompeii-and-vesuvius.jpg","contentUrl":"https:\/\/tourtravelandmore.com\/wp-content\/uploads\/2017\/01\/pompeii-and-vesuvius.jpg","width":900,"height":598},{"@type":"BreadcrumbList","@id":"https:\/\/tourtravelandmore.com\/es\/tours\/italia-es\/salerno-es-2\/tour-privado-de-pompeya-desde-amalfi-copy\/#breadcrumb","itemListElement":[{"@type":"ListItem","position":1,"name":"Home","item":"https:\/\/tourtravelandmore.com\/es\/"},{"@type":"ListItem","position":2,"name":"Tours","item":"https:\/\/tourtravelandmore.com\/es\/tours\/"},{"@type":"ListItem","position":3,"name":"Tour Privado de Pompeya desde Sorrento"}]},{"@type":"WebSite","@id":"https:\/\/tourtravelandmore.com\/es\/#website","url":"https:\/\/tourtravelandmore.com\/es\/","name":"Tour Travel And More","description":"Private sightseeing tours and luxury transfers in Spain","publisher":{"@id":"https:\/\/tourtravelandmore.com\/es\/#organization"},"potentialAction":[{"@type":"SearchAction","target":{"@type":"EntryPoint","urlTemplate":"https:\/\/tourtravelandmore.com\/es\/?s={search_term_string}"},"query-input":{"@type":"PropertyValueSpecification","valueRequired":true,"valueName":"search_term_string"}}],"inLanguage":"es"},{"@type":"Organization","@id":"https:\/\/tourtravelandmore.com\/es\/#organization","name":"Tour Travel And More","url":"https:\/\/tourtravelandmore.com\/es\/","logo":{"@type":"ImageObject","inLanguage":"es","@id":"https:\/\/tourtravelandmore.com\/es\/#\/schema\/logo\/image\/","url":"https:\/\/tourtravelandmore.com\/wp-content\/uploads\/2022\/12\/cropped-logo-cabecera-new.png","contentUrl":"https:\/\/tourtravelandmore.com\/wp-content\/uploads\/2022\/12\/cropped-logo-cabecera-new.png","width":430,"height":61,"caption":"Tour Travel And More"},"image":{"@id":"https:\/\/tourtravelandmore.com\/es\/#\/schema\/logo\/image\/"},"sameAs":["https:\/\/www.facebook.com\/tourtravelandmore\/","https:\/\/x.com\/TourTravel_More"]}]}},"_links":{"self":[{"href":"https:\/\/tourtravelandmore.com\/es\/wp-json\/wp\/v2\/product\/180870","targetHints":{"allow":["GET"]}}],"collection":[{"href":"https:\/\/tourtravelandmore.com\/es\/wp-json\/wp\/v2\/product"}],"about":[{"href":"https:\/\/tourtravelandmore.com\/es\/wp-json\/wp\/v2\/types\/product"}],"replies":[{"embeddable":true,"href":"https:\/\/tourtravelandmore.com\/es\/wp-json\/wp\/v2\/comments?post=180870"}],"wp:featuredmedia":[{"embeddable":true,"href":"https:\/\/tourtravelandmore.com\/es\/wp-json\/wp\/v2\/media\/17349"}],"wp:attachment":[{"href":"https:\/\/tourtravelandmore.com\/es\/wp-json\/wp\/v2\/media?parent=180870"}],"wp:term":[{"taxonomy":"product_brand","embeddable":true,"href":"https:\/\/tourtravelandmore.com\/es\/wp-json\/wp\/v2\/product_brand?post=180870"},{"taxonomy":"product_cat","embeddable":true,"href":"https:\/\/tourtravelandmore.com\/es\/wp-json\/wp\/v2\/product_cat?post=180870"},{"taxonomy":"product_tag","embeddable":true,"href":"https:\/\/tourtravelandmore.com\/es\/wp-json\/wp\/v2\/product_tag?post=180870"}],"curies":[{"name":"wp","href":"https:\/\/api.w.org\/{rel}","templated":true}]}}