{"id":180855,"date":"2025-02-26T18:03:56","date_gmt":"2025-02-26T17:03:56","guid":{"rendered":"https:\/\/tourtravelandmore.com\/?post_type=product&#038;p=180855"},"modified":"2025-02-26T18:31:20","modified_gmt":"2025-02-26T17:31:20","slug":"traslado-privado-de-napoles-aeropuerto-estacion-a-salerno","status":"publish","type":"product","link":"https:\/\/tourtravelandmore.com\/es\/tours\/italia-es\/salerno-es-2\/traslado-privado-de-napoles-aeropuerto-estacion-a-salerno\/","title":{"rendered":"Traslado privado de N\u00e1poles Aeropuerto\/Estaci\u00f3n a Salerno"},"content":{"rendered":"<h2><b>Traslado privado desde el Aeropuerto de N\u00e1poles \/ Estaci\u00f3n a Salerno Descripci\u00f3n:<\/b><\/h2>\n<p><span style=\"font-weight: 400;\">Emb\u00e1rquese en un viaje fluido y lujoso con nuestro servicio de traslado privado desde el Aeropuerto o Estaci\u00f3n de N\u00e1poles directamente al coraz\u00f3n de Salerno. Nuestro servicio est\u00e1 dise\u00f1ado para proporcionar el m\u00e1ximo confort y comodidad, garantizando una transici\u00f3n sin estr\u00e9s desde su punto de llegada a la pintoresca ciudad de Salerno. A su llegada, ser\u00e1 recibido por nuestro profesional y cort\u00e9s conductor, que le estar\u00e1 esperando con un cartel personalizado, listo para ayudarle con su equipaje. Mientras se acomoda en nuestro veh\u00edculo de lujo, prep\u00e1rese para un viaje tranquilo y pintoresco de una hora, en el que podr\u00e1 relajarse y disfrutar de los bellos paisajes del sur de Italia.<\/span><\/p>\n<p><span style=\"font-weight: 400;\">Experimente la tranquilidad de saber que su transporte se gestiona de forma profesional. Nuestra flota de veh\u00edculos est\u00e1 meticulosamente mantenida y equipada con modernas comodidades para asegurar que su viaje sea tan agradable como confortable. Tanto si viaja solo, en pareja o en grupo, nuestro servicio se adapta a sus necesidades espec\u00edficas, ofreci\u00e9ndole una gama de veh\u00edculos que se adaptan a grupos de diferentes tama\u00f1os y preferencias.<\/span><\/p>\n<h2><b>Aspectos destacados del traslado privado desde el aeropuerto\/estaci\u00f3n de N\u00e1poles a Salerno:<\/b><\/h2>\n<ul>\n<li style=\"font-weight: 400;\" aria-level=\"1\"><b>Llegada sin esfuerzo:<\/b><span style=\"font-weight: 400;\"> Disfrute de la comodidad de un traslado sin estr\u00e9s directamente desde el aeropuerto o estaci\u00f3n de N\u00e1poles. Nuestro servicio elimina las complejidades del transporte p\u00fablico, permiti\u00e9ndole relajarse desde el momento en que aterriza o desembarca.<\/span><\/li>\n<li style=\"font-weight: 400;\" aria-level=\"1\"><b>Servicio profesional: <\/b><span style=\"font-weight: 400;\">Nuestros experimentados y amables conductores dan prioridad a su comodidad y seguridad. Ellos son conocedores de la zona, ofreciendo ideas y consejos para mejorar su estancia en Salerno.<\/span><\/li>\n<li style=\"font-weight: 400;\" aria-level=\"1\"><b>Comodidad de lujo: <\/b><span style=\"font-weight: 400;\">Viaje en el regazo del lujo. Nuestra flota de veh\u00edculos de alta gama est\u00e1 equipada con las \u00faltimas comodidades, lo que garantiza un viaje c\u00f3modo y elegante a su destino.<\/span><\/li>\n<li style=\"font-weight: 400;\" aria-level=\"1\"><b>Horarios flexibles:<\/b><span style=\"font-weight: 400;\"> Adaptamos nuestros servicios a su horario. Si usted est\u00e1 llegando tarde en la noche o temprano en la ma\u00f1ana, nuestro servicio de traslado est\u00e1 disponible para satisfacer sus necesidades.<\/span><\/li>\n<li style=\"font-weight: 400;\" aria-level=\"1\"><b>Informaci\u00f3n local: <\/b><span style=\"font-weight: 400;\">Nuestros conductores, al ser lugare\u00f1os, pueden ofrecerle valiosas sugerencias y conocimientos sobre Salerno y sus alrededores, mejorando su experiencia de viaje en general.<\/span><\/li>\n<li style=\"font-weight: 400;\" aria-level=\"1\"><b>Adaptado a sus necesidades: <\/b><span style=\"font-weight: 400;\">Si usted necesita un asiento para ni\u00f1os, espacio extra para el equipaje, o cualquier otro requisito especial, nuestro servicio es flexible para adaptarse a sus necesidades espec\u00edficas para una experiencia m\u00e1s personalizada.<\/span><\/li>\n<\/ul>\n<p><span style=\"font-weight: 400;\">Optar por nuestro servicio de traslado privado desde el aeropuerto o estaci\u00f3n de N\u00e1poles a Salerno no es s\u00f3lo una cuesti\u00f3n de comodidad; es una elecci\u00f3n para una experiencia de viaje superior y personalizada. Nuestro servicio garantiza que su llegada a Salernono s\u00f3lo sea libre de estr\u00e9s, sino tambi\u00e9n un anticipo de la relajaci\u00f3n y la belleza que le esperan en esta pintoresca ciudad. Le ofrecemos un viaje elegante y c\u00f3modo, con asistencia profesional, que le permitir\u00e1 relajarse y disfrutar de la belleza paisaj\u00edstica del sur de Italia. <\/span><a href=\"https:\/\/tourtravelandmore.com\/es\/ciudad\/italia-es\/sorrento-es\/\"><span style=\"font-weight: 400;\">Reserve ahora para un servicio que personifica el lujo,<\/span><\/a><span style=\"font-weight: 400;\"> la atenci\u00f3n al detalle, y un compromiso con la atenci\u00f3n al cliente excepcional, preparando el escenario para una estancia inolvidable en Salerno.<\/span><\/p>\n","protected":false},"excerpt":{"rendered":"<p><span style=\"font-weight: 400;\">Comience su escapada a Salerno con elegancia y facilidad. Nuestro traslado privado desde N\u00e1poles ofrece un viaje lujoso, c\u00f3modo y directo al coraz\u00f3n de Salerno, asegurando un comienzo perfecto para sus vacaciones.<\/span><\/p>\n","protected":false},"featured_media":16060,"comment_status":"open","ping_status":"closed","template":"","meta":{"_acf_changed":false},"product_brand":[],"product_cat":[5487,5486],"product_tag":[],"class_list":{"0":"post-180855","1":"product","2":"type-product","3":"status-publish","4":"has-post-thumbnail","6":"product_cat-all-private-tours-es-7","7":"product_cat-salerno-es-2","9":"first","10":"instock","11":"shipping-taxable","12":"purchasable","13":"product-type-simple"},"acf":[],"yoast_head":"<!-- This site is optimized with the Yoast SEO Premium plugin v25.3.1 (Yoast SEO v25.3.1) - https:\/\/yoast.com\/wordpress\/plugins\/seo\/ -->\n<title>\u27a1\ufe0f Traslado privado de N\u00e1poles Aeropuerto\/Estaci\u00f3n a Salerno | Tour Travel &amp; More<\/title>\n<meta name=\"description\" content=\"Reserve ya un traslado privado desde N\u00e1poles hacia su estaci\u00f3n en Salerno, olv\u00eddese del tr\u00e1fico y relaje que nosotros nos haremos cargo del resto \u2705\" \/>\n<meta name=\"robots\" content=\"index, follow, max-snippet:-1, max-image-preview:large, max-video-preview:-1\" \/>\n<link rel=\"canonical\" href=\"https:\/\/tourtravelandmore.com\/es\/tours\/italia-es\/salerno-es-2\/traslado-privado-de-napoles-aeropuerto-estacion-a-salerno\/\" \/>\n<meta property=\"og:locale\" content=\"es_ES\" \/>\n<meta property=\"og:type\" content=\"article\" \/>\n<meta property=\"og:title\" content=\"Traslado privado de N\u00e1poles Aeropuerto\/Estaci\u00f3n a Salerno\" \/>\n<meta property=\"og:description\" content=\"Reserve ya un traslado privado desde N\u00e1poles hacia su estaci\u00f3n en Salerno, olv\u00eddese del tr\u00e1fico y relaje que nosotros nos haremos cargo del resto \u2705\" \/>\n<meta property=\"og:url\" content=\"https:\/\/tourtravelandmore.com\/es\/tours\/italia-es\/salerno-es-2\/traslado-privado-de-napoles-aeropuerto-estacion-a-salerno\/\" \/>\n<meta property=\"og:site_name\" content=\"Tour Travel And More\" \/>\n<meta property=\"article:publisher\" content=\"https:\/\/www.facebook.com\/tourtravelandmore\/\" \/>\n<meta property=\"article:modified_time\" content=\"2025-02-26T17:31:20+00:00\" \/>\n<meta property=\"og:image\" content=\"https:\/\/tourtravelandmore.com\/wp-content\/uploads\/2016\/03\/cars.jpg\" \/>\n\t<meta property=\"og:image:width\" content=\"400\" \/>\n\t<meta property=\"og:image:height\" content=\"257\" \/>\n\t<meta property=\"og:image:type\" content=\"image\/jpeg\" \/>\n<meta name=\"twitter:card\" content=\"summary_large_image\" \/>\n<meta name=\"twitter:site\" content=\"@TourTravel_More\" \/>\n<meta name=\"twitter:label1\" content=\"Tiempo de lectura\" \/>\n\t<meta name=\"twitter:data1\" content=\"3 minutos\" \/>\n<script type=\"application\/ld+json\" class=\"yoast-schema-graph\">{\"@context\":\"https:\/\/schema.org\",\"@graph\":[{\"@type\":\"WebPage\",\"@id\":\"https:\/\/tourtravelandmore.com\/es\/tours\/italia-es\/salerno-es-2\/traslado-privado-de-napoles-aeropuerto-estacion-a-salerno\/\",\"url\":\"https:\/\/tourtravelandmore.com\/es\/tours\/italia-es\/salerno-es-2\/traslado-privado-de-napoles-aeropuerto-estacion-a-salerno\/\",\"name\":\"\u27a1\ufe0f Traslado privado de N\u00e1poles Aeropuerto\/Estaci\u00f3n a Salerno | Tour Travel & More\",\"isPartOf\":{\"@id\":\"https:\/\/tourtravelandmore.com\/es\/#website\"},\"primaryImageOfPage\":{\"@id\":\"https:\/\/tourtravelandmore.com\/es\/tours\/italia-es\/salerno-es-2\/traslado-privado-de-napoles-aeropuerto-estacion-a-salerno\/#primaryimage\"},\"image\":{\"@id\":\"https:\/\/tourtravelandmore.com\/es\/tours\/italia-es\/salerno-es-2\/traslado-privado-de-napoles-aeropuerto-estacion-a-salerno\/#primaryimage\"},\"thumbnailUrl\":\"https:\/\/tourtravelandmore.com\/wp-content\/uploads\/2016\/03\/cars.jpg\",\"datePublished\":\"2025-02-26T17:03:56+00:00\",\"dateModified\":\"2025-02-26T17:31:20+00:00\",\"description\":\"Reserve ya un traslado privado desde N\u00e1poles hacia su estaci\u00f3n en Salerno, olv\u00eddese del tr\u00e1fico y relaje que nosotros nos haremos cargo del resto \u2705\",\"breadcrumb\":{\"@id\":\"https:\/\/tourtravelandmore.com\/es\/tours\/italia-es\/salerno-es-2\/traslado-privado-de-napoles-aeropuerto-estacion-a-salerno\/#breadcrumb\"},\"inLanguage\":\"es\",\"potentialAction\":[{\"@type\":\"ReadAction\",\"target\":[\"https:\/\/tourtravelandmore.com\/es\/tours\/italia-es\/salerno-es-2\/traslado-privado-de-napoles-aeropuerto-estacion-a-salerno\/\"]}]},{\"@type\":\"ImageObject\",\"inLanguage\":\"es\",\"@id\":\"https:\/\/tourtravelandmore.com\/es\/tours\/italia-es\/salerno-es-2\/traslado-privado-de-napoles-aeropuerto-estacion-a-salerno\/#primaryimage\",\"url\":\"https:\/\/tourtravelandmore.com\/wp-content\/uploads\/2016\/03\/cars.jpg\",\"contentUrl\":\"https:\/\/tourtravelandmore.com\/wp-content\/uploads\/2016\/03\/cars.jpg\",\"width\":400,\"height\":257},{\"@type\":\"BreadcrumbList\",\"@id\":\"https:\/\/tourtravelandmore.com\/es\/tours\/italia-es\/salerno-es-2\/traslado-privado-de-napoles-aeropuerto-estacion-a-salerno\/#breadcrumb\",\"itemListElement\":[{\"@type\":\"ListItem\",\"position\":1,\"name\":\"Home\",\"item\":\"https:\/\/tourtravelandmore.com\/es\/\"},{\"@type\":\"ListItem\",\"position\":2,\"name\":\"Tours\",\"item\":\"https:\/\/tourtravelandmore.com\/es\/tours\/\"},{\"@type\":\"ListItem\",\"position\":3,\"name\":\"Traslado privado de N\u00e1poles Aeropuerto\/Estaci\u00f3n a Salerno\"}]},{\"@type\":\"WebSite\",\"@id\":\"https:\/\/tourtravelandmore.com\/es\/#website\",\"url\":\"https:\/\/tourtravelandmore.com\/es\/\",\"name\":\"Tour Travel And More\",\"description\":\"Private sightseeing tours and luxury transfers in Spain\",\"publisher\":{\"@id\":\"https:\/\/tourtravelandmore.com\/es\/#organization\"},\"potentialAction\":[{\"@type\":\"SearchAction\",\"target\":{\"@type\":\"EntryPoint\",\"urlTemplate\":\"https:\/\/tourtravelandmore.com\/es\/?s={search_term_string}\"},\"query-input\":{\"@type\":\"PropertyValueSpecification\",\"valueRequired\":true,\"valueName\":\"search_term_string\"}}],\"inLanguage\":\"es\"},{\"@type\":\"Organization\",\"@id\":\"https:\/\/tourtravelandmore.com\/es\/#organization\",\"name\":\"Tour Travel And More\",\"url\":\"https:\/\/tourtravelandmore.com\/es\/\",\"logo\":{\"@type\":\"ImageObject\",\"inLanguage\":\"es\",\"@id\":\"https:\/\/tourtravelandmore.com\/es\/#\/schema\/logo\/image\/\",\"url\":\"https:\/\/tourtravelandmore.com\/wp-content\/uploads\/2022\/12\/cropped-logo-cabecera-new.png\",\"contentUrl\":\"https:\/\/tourtravelandmore.com\/wp-content\/uploads\/2022\/12\/cropped-logo-cabecera-new.png\",\"width\":430,\"height\":61,\"caption\":\"Tour Travel And More\"},\"image\":{\"@id\":\"https:\/\/tourtravelandmore.com\/es\/#\/schema\/logo\/image\/\"},\"sameAs\":[\"https:\/\/www.facebook.com\/tourtravelandmore\/\",\"https:\/\/x.com\/TourTravel_More\"]}]}<\/script>\n<!-- \/ Yoast SEO Premium plugin. -->","yoast_head_json":{"title":"\u27a1\ufe0f Traslado privado de N\u00e1poles Aeropuerto\/Estaci\u00f3n a Salerno | Tour Travel & More","description":"Reserve ya un traslado privado desde N\u00e1poles hacia su estaci\u00f3n en Salerno, olv\u00eddese del tr\u00e1fico y relaje que nosotros nos haremos cargo del resto \u2705","robots":{"index":"index","follow":"follow","max-snippet":"max-snippet:-1","max-image-preview":"max-image-preview:large","max-video-preview":"max-video-preview:-1"},"canonical":"https:\/\/tourtravelandmore.com\/es\/tours\/italia-es\/salerno-es-2\/traslado-privado-de-napoles-aeropuerto-estacion-a-salerno\/","og_locale":"es_ES","og_type":"article","og_title":"Traslado privado de N\u00e1poles Aeropuerto\/Estaci\u00f3n a Salerno","og_description":"Reserve ya un traslado privado desde N\u00e1poles hacia su estaci\u00f3n en Salerno, olv\u00eddese del tr\u00e1fico y relaje que nosotros nos haremos cargo del resto \u2705","og_url":"https:\/\/tourtravelandmore.com\/es\/tours\/italia-es\/salerno-es-2\/traslado-privado-de-napoles-aeropuerto-estacion-a-salerno\/","og_site_name":"Tour Travel And More","article_publisher":"https:\/\/www.facebook.com\/tourtravelandmore\/","article_modified_time":"2025-02-26T17:31:20+00:00","og_image":[{"width":400,"height":257,"url":"https:\/\/tourtravelandmore.com\/wp-content\/uploads\/2016\/03\/cars.jpg","type":"image\/jpeg"}],"twitter_card":"summary_large_image","twitter_site":"@TourTravel_More","twitter_misc":{"Tiempo de lectura":"3 minutos"},"schema":{"@context":"https:\/\/schema.org","@graph":[{"@type":"WebPage","@id":"https:\/\/tourtravelandmore.com\/es\/tours\/italia-es\/salerno-es-2\/traslado-privado-de-napoles-aeropuerto-estacion-a-salerno\/","url":"https:\/\/tourtravelandmore.com\/es\/tours\/italia-es\/salerno-es-2\/traslado-privado-de-napoles-aeropuerto-estacion-a-salerno\/","name":"\u27a1\ufe0f Traslado privado de N\u00e1poles Aeropuerto\/Estaci\u00f3n a Salerno | Tour Travel & More","isPartOf":{"@id":"https:\/\/tourtravelandmore.com\/es\/#website"},"primaryImageOfPage":{"@id":"https:\/\/tourtravelandmore.com\/es\/tours\/italia-es\/salerno-es-2\/traslado-privado-de-napoles-aeropuerto-estacion-a-salerno\/#primaryimage"},"image":{"@id":"https:\/\/tourtravelandmore.com\/es\/tours\/italia-es\/salerno-es-2\/traslado-privado-de-napoles-aeropuerto-estacion-a-salerno\/#primaryimage"},"thumbnailUrl":"https:\/\/tourtravelandmore.com\/wp-content\/uploads\/2016\/03\/cars.jpg","datePublished":"2025-02-26T17:03:56+00:00","dateModified":"2025-02-26T17:31:20+00:00","description":"Reserve ya un traslado privado desde N\u00e1poles hacia su estaci\u00f3n en Salerno, olv\u00eddese del tr\u00e1fico y relaje que nosotros nos haremos cargo del resto \u2705","breadcrumb":{"@id":"https:\/\/tourtravelandmore.com\/es\/tours\/italia-es\/salerno-es-2\/traslado-privado-de-napoles-aeropuerto-estacion-a-salerno\/#breadcrumb"},"inLanguage":"es","potentialAction":[{"@type":"ReadAction","target":["https:\/\/tourtravelandmore.com\/es\/tours\/italia-es\/salerno-es-2\/traslado-privado-de-napoles-aeropuerto-estacion-a-salerno\/"]}]},{"@type":"ImageObject","inLanguage":"es","@id":"https:\/\/tourtravelandmore.com\/es\/tours\/italia-es\/salerno-es-2\/traslado-privado-de-napoles-aeropuerto-estacion-a-salerno\/#primaryimage","url":"https:\/\/tourtravelandmore.com\/wp-content\/uploads\/2016\/03\/cars.jpg","contentUrl":"https:\/\/tourtravelandmore.com\/wp-content\/uploads\/2016\/03\/cars.jpg","width":400,"height":257},{"@type":"BreadcrumbList","@id":"https:\/\/tourtravelandmore.com\/es\/tours\/italia-es\/salerno-es-2\/traslado-privado-de-napoles-aeropuerto-estacion-a-salerno\/#breadcrumb","itemListElement":[{"@type":"ListItem","position":1,"name":"Home","item":"https:\/\/tourtravelandmore.com\/es\/"},{"@type":"ListItem","position":2,"name":"Tours","item":"https:\/\/tourtravelandmore.com\/es\/tours\/"},{"@type":"ListItem","position":3,"name":"Traslado privado de N\u00e1poles Aeropuerto\/Estaci\u00f3n a Salerno"}]},{"@type":"WebSite","@id":"https:\/\/tourtravelandmore.com\/es\/#website","url":"https:\/\/tourtravelandmore.com\/es\/","name":"Tour Travel And More","description":"Private sightseeing tours and luxury transfers in Spain","publisher":{"@id":"https:\/\/tourtravelandmore.com\/es\/#organization"},"potentialAction":[{"@type":"SearchAction","target":{"@type":"EntryPoint","urlTemplate":"https:\/\/tourtravelandmore.com\/es\/?s={search_term_string}"},"query-input":{"@type":"PropertyValueSpecification","valueRequired":true,"valueName":"search_term_string"}}],"inLanguage":"es"},{"@type":"Organization","@id":"https:\/\/tourtravelandmore.com\/es\/#organization","name":"Tour Travel And More","url":"https:\/\/tourtravelandmore.com\/es\/","logo":{"@type":"ImageObject","inLanguage":"es","@id":"https:\/\/tourtravelandmore.com\/es\/#\/schema\/logo\/image\/","url":"https:\/\/tourtravelandmore.com\/wp-content\/uploads\/2022\/12\/cropped-logo-cabecera-new.png","contentUrl":"https:\/\/tourtravelandmore.com\/wp-content\/uploads\/2022\/12\/cropped-logo-cabecera-new.png","width":430,"height":61,"caption":"Tour Travel And More"},"image":{"@id":"https:\/\/tourtravelandmore.com\/es\/#\/schema\/logo\/image\/"},"sameAs":["https:\/\/www.facebook.com\/tourtravelandmore\/","https:\/\/x.com\/TourTravel_More"]}]}},"_links":{"self":[{"href":"https:\/\/tourtravelandmore.com\/es\/wp-json\/wp\/v2\/product\/180855","targetHints":{"allow":["GET"]}}],"collection":[{"href":"https:\/\/tourtravelandmore.com\/es\/wp-json\/wp\/v2\/product"}],"about":[{"href":"https:\/\/tourtravelandmore.com\/es\/wp-json\/wp\/v2\/types\/product"}],"replies":[{"embeddable":true,"href":"https:\/\/tourtravelandmore.com\/es\/wp-json\/wp\/v2\/comments?post=180855"}],"wp:featuredmedia":[{"embeddable":true,"href":"https:\/\/tourtravelandmore.com\/es\/wp-json\/wp\/v2\/media\/16060"}],"wp:attachment":[{"href":"https:\/\/tourtravelandmore.com\/es\/wp-json\/wp\/v2\/media?parent=180855"}],"wp:term":[{"taxonomy":"product_brand","embeddable":true,"href":"https:\/\/tourtravelandmore.com\/es\/wp-json\/wp\/v2\/product_brand?post=180855"},{"taxonomy":"product_cat","embeddable":true,"href":"https:\/\/tourtravelandmore.com\/es\/wp-json\/wp\/v2\/product_cat?post=180855"},{"taxonomy":"product_tag","embeddable":true,"href":"https:\/\/tourtravelandmore.com\/es\/wp-json\/wp\/v2\/product_tag?post=180855"}],"curies":[{"name":"wp","href":"https:\/\/api.w.org\/{rel}","templated":true}]}}