{"id":180819,"date":"2025-02-26T16:59:46","date_gmt":"2025-02-26T15:59:46","guid":{"rendered":"https:\/\/tourtravelandmore.com\/?post_type=product&#038;p=180819"},"modified":"2025-02-26T17:22:02","modified_gmt":"2025-02-26T16:22:02","slug":"tour-privado-de-napoles-y-pompeya-desde-amalfi-copy","status":"publish","type":"product","link":"https:\/\/tourtravelandmore.com\/es\/tours\/italia-es\/salerno-es-2\/tour-privado-de-napoles-y-pompeya-desde-amalfi-copy\/","title":{"rendered":"Tour Privado de N\u00e1poles y Pompeya desde Salerno"},"content":{"rendered":"<h2><b>Tour Privado de N\u00e1poles y Pompeya desde Salerno Descripci\u00f3n<\/b><\/h2>\n<p><span style=\"font-weight: 400;\">Prep\u00e1rese para un viaje enriquecedor al embarcarse en nuestro tour privado de N\u00e1poles y Pompeya, guiado por nuestro gu\u00eda tur\u00edstico certificado y ch\u00f3fer. Sum\u00e9rjase en el esplendor de la extraordinaria arquitectura de N\u00e1poles y profundice en la cautivadora historia de la legendaria ciudad de Pompeya. Esta experiencia exclusiva promete desvelar los tesoros de dos destinos emblem\u00e1ticos de Italia.<\/span><\/p>\n<p><span style=\"font-weight: 400;\">N\u00e1poles, la tercera ciudad m\u00e1s grande de Italia, es una antigua metr\u00f3polis cargada de historia y cultura. Su casco antiguo, declarado Patrimonio de la Humanidad por la UNESCO, cuenta con una impresionante colecci\u00f3n de monumentos hist\u00f3ricos y un encanto \u00fanico que cautivar\u00e1 sus sentidos. Enclavada en la pintoresca bah\u00eda de N\u00e1poles, la ciudad promete vistas impresionantes y experiencias enriquecedoras.<\/span><\/p>\n<p><span style=\"font-weight: 400;\">En el a\u00f1o 79 d.C., el imponente Monte Vesubio, situado muy cerca de N\u00e1poles, entr\u00f3 en erupci\u00f3n, cubriendo la ciudad de Pompeya de ceniza volc\u00e1nica. Siglos m\u00e1s tarde, en 1748, intr\u00e9pidos exploradores redescubrieron el lugar y descubrieron las ruinas de la antigua ciudad romana de Pompeya, extraordinariamente bien conservadas.<\/span><\/p>\n<p><span style=\"font-weight: 400;\">N\u00e1poles tambi\u00e9n es famosa por sus proezas culinarias, en especial por su deliciosa &#8220;Pizza Napolitana&#8221;. Durante su visita privada a N\u00e1poles y Pompeya, saboree esta emblem\u00e1tica pizza en un encantador restaurante, a\u00f1adiendo un toque de autenticidad a su aventura.<\/span><\/p>\n<p><span style=\"font-weight: 400;\">Aunque la duraci\u00f3n est\u00e1ndar de este tour es de 8 horas, entendemos que las preferencias e intereses de cada viajero var\u00edan. Tenga la seguridad de que podemos adaptar la duraci\u00f3n de la excursi\u00f3n a sus deseos espec\u00edficos, asegur\u00e1ndonos de que su exploraci\u00f3n de N\u00e1poles y Pompeya se ajuste perfectamente a su horario.<\/span><\/p>\n<p><span style=\"font-weight: 400;\">Para aquellos interesados exclusivamente en explorar N\u00e1poles, ofrecemos una visita condensada de la ciudad de 4 horas, que proporciona una introducci\u00f3n completa a esta encantadora ciudad que le dejar\u00e1 enamorado.<\/span><\/p>\n<h2><b>Tour Privado de N\u00e1poles y Pompeya desde Salerno | Puntos de inter\u00e9s y lugares emblem\u00e1ticos<\/b><\/h2>\n<p><span style=\"font-weight: 400;\">Su ch\u00f3fer privado, acompa\u00f1ado por un gu\u00eda tur\u00edstico oficial, le recoger\u00e1 puntualmente en su hotel o en el lugar de su elecci\u00f3n en Salerno. Al tratarse de una excursi\u00f3n personalizada, comenzar\u00e1 a la hora que usted prefiera, lo que garantiza una experiencia c\u00f3moda y sin contratiempos.<\/span><\/p>\n<p><span style=\"font-weight: 400;\">La excursi\u00f3n comienza con una visita al impresionante yacimiento arqueol\u00f3gico de Pompeya, a tan s\u00f3lo media hora de N\u00e1poles. Aqu\u00ed tendr\u00e1 la oportunidad de explorar el Anfiteatro Romano, el Santuario de Pompeya y el Antiquarium, y conocer el antiguo pasado de la ciudad. El precio de la excursi\u00f3n incluye la entrada al yacimiento arqueol\u00f3gico de Pompeya.<\/span><\/p>\n<p><span style=\"font-weight: 400;\">Posteriormente, regresaremos a N\u00e1poles para embarcarnos en una exploraci\u00f3n de los tesoros culturales de la ciudad. Entre la mir\u00edada de monumentos y lugares emblem\u00e1ticos que encontrar\u00e1 se encuentran:<\/span><\/p>\n<ul>\n<li style=\"font-weight: 400;\" aria-level=\"1\"><b>Museo Arqueol\u00f3gico:<\/b><span style=\"font-weight: 400;\"> Sum\u00e9rjase en la rica historia y el arte de N\u00e1poles con una visita a su museo arqueol\u00f3gico de fama mundial.<\/span><\/li>\n<li style=\"font-weight: 400;\" aria-level=\"1\"><b>Capilla de San Severo:<\/b><span style=\"font-weight: 400;\"> Admire la incre\u00edble escultura del Cristo Velado y las maravillas del arte barroco dentro de esta hist\u00f3rica capilla.<\/span><\/li>\n<li style=\"font-weight: 400;\" aria-level=\"1\"><b>Teatro di San Carlo:<\/b><span style=\"font-weight: 400;\"> sea testigo de la opulencia y grandeza de uno de los teatros de \u00f3pera m\u00e1s antiguos de Europa.<\/span><\/li>\n<li style=\"font-weight: 400;\" aria-level=\"1\"><b>Castel dell&#8217;Ovo<\/b><span style=\"font-weight: 400;\">: Explore el hist\u00f3rico &#8220;Castillo del Huevo&#8221; y disfrute de las vistas panor\u00e1micas del Golfo de N\u00e1poles.<\/span><\/li>\n<li style=\"font-weight: 400;\" aria-level=\"1\"><b>Catedral de N\u00e1poles: <\/b><span style=\"font-weight: 400;\">Descubra la grandeza de esta catedral centenaria, obra maestra de la arquitectura g\u00f3tica y barroca.<\/span><\/li>\n<li style=\"font-weight: 400;\" aria-level=\"1\"><b>Palacio Real de N\u00e1poles:<\/b><span style=\"font-weight: 400;\"> Ad\u00e9ntrese en el esplendor del palacio real, testigo de siglos de historia italiana.<\/span><\/li>\n<li style=\"font-weight: 400;\" aria-level=\"1\"><b>Castel Nuovo:<\/b><span style=\"font-weight: 400;\"> Descubra los secretos del &#8220;Castillo Nuevo&#8221; y su importancia en el patrimonio de N\u00e1poles.<\/span><\/li>\n<li style=\"font-weight: 400;\" aria-level=\"1\"><b>Santa Chiara:<\/b><span style=\"font-weight: 400;\"> Admire la belleza del complejo de Santa Chiara, incluido su impresionante claustro adornado con coloridos azulejos de cer\u00e1mica.<\/span><\/li>\n<li style=\"font-weight: 400;\" aria-level=\"1\"><b>Casa del Fauno:<\/b><span style=\"font-weight: 400;\"> Viaje en el tiempo mientras explora la opulenta Casa del Fauno, una de las mejores residencias de Pompeya.<\/span><\/li>\n<li style=\"font-weight: 400;\" aria-level=\"1\"><b>Templo de Apolo<\/b><span style=\"font-weight: 400;\">: Rinde homenaje al dios de la m\u00fasica, la poes\u00eda y el arte en este antiguo templo.<\/span><\/li>\n<\/ul>\n<p><span style=\"font-weight: 400;\">Adem\u00e1s, tendr\u00e1 acceso exclusivo a un veh\u00edculo privado de lujo con un ch\u00f3fer dedicado, que garantizar\u00e1 su comodidad y conveniencia durante todo el viaje. Las entradas a los monumentos o museos que desee explorar durante el recorrido tambi\u00e9n pueden incluirse previa solicitud.<\/span><\/p>\n<p><a href=\"https:\/\/tourtravelandmore.com\/es\/ciudad\/italia-es\/napoles-pompeya-es\/\"><span style=\"font-weight: 400;\">Emb\u00e1rquese en una extraordinaria expedici\u00f3n por N\u00e1poles<\/span><\/a><span style=\"font-weight: 400;\"> y Pompeya, donde la historia, la cultura y la gastronom\u00eda convergen para crear un tapiz inolvidable de experiencias. Nuestro compromiso de ofrecer un viaje excepcional garantiza que cada momento de su aventura se enriquezca con conocimientos, comodidad y recuerdos duraderos.<\/span><\/p>\n","protected":false},"excerpt":{"rendered":"<p><span style=\"font-weight: 400;\">Ad\u00e9ntrese en la cautivadora historia de N\u00e1poles y Pompeya con nuestra expedici\u00f3n cultural privada de d\u00eda completo. Desde las antiguas ruinas de Pompeya hasta las joyas culturales de N\u00e1poles, conozca el rico patrimonio de Italia y saboree sus delicias culinarias en este exclusivo recorrido.<\/span><\/p>\n<p>&nbsp;<\/p>\n","protected":false},"featured_media":81294,"comment_status":"open","ping_status":"closed","template":"","meta":{"_acf_changed":false},"product_brand":[],"product_cat":[5487,5486],"product_tag":[],"class_list":{"0":"post-180819","1":"product","2":"type-product","3":"status-publish","4":"has-post-thumbnail","6":"product_cat-all-private-tours-es-7","7":"product_cat-salerno-es-2","9":"first","10":"instock","11":"shipping-taxable","12":"purchasable","13":"product-type-simple"},"acf":[],"yoast_head":"<!-- This site is optimized with the Yoast SEO Premium plugin v25.3.1 (Yoast SEO v25.3.1) - https:\/\/yoast.com\/wordpress\/plugins\/seo\/ -->\n<title>\u27a1\ufe0f Explore N\u00e1poles y Pompeya - Expedici\u00f3n cultural privada de d\u00eda completo desde N\u00e1poles<\/title>\n<meta name=\"description\" content=\"Emb\u00e1rquese en una excursi\u00f3n privada de d\u00eda completo por N\u00e1poles y Pompeya para descubrir los tesoros de estos destinos hist\u00f3ricos \u2705\" \/>\n<meta name=\"robots\" content=\"index, follow, max-snippet:-1, max-image-preview:large, max-video-preview:-1\" \/>\n<link rel=\"canonical\" href=\"https:\/\/tourtravelandmore.com\/es\/tours\/italia-es\/salerno-es-2\/tour-privado-de-napoles-y-pompeya-desde-amalfi-copy\/\" \/>\n<meta property=\"og:locale\" content=\"es_ES\" \/>\n<meta property=\"og:type\" content=\"article\" \/>\n<meta property=\"og:title\" content=\"Tour Privado de N\u00e1poles y Pompeya desde Salerno\" \/>\n<meta property=\"og:description\" content=\"Emb\u00e1rquese en una excursi\u00f3n privada de d\u00eda completo por N\u00e1poles y Pompeya para descubrir los tesoros de estos destinos hist\u00f3ricos \u2705\" \/>\n<meta property=\"og:url\" content=\"https:\/\/tourtravelandmore.com\/es\/tours\/italia-es\/salerno-es-2\/tour-privado-de-napoles-y-pompeya-desde-amalfi-copy\/\" \/>\n<meta property=\"og:site_name\" content=\"Tour Travel And More\" \/>\n<meta property=\"article:publisher\" content=\"https:\/\/www.facebook.com\/tourtravelandmore\/\" \/>\n<meta property=\"article:modified_time\" content=\"2025-02-26T16:22:02+00:00\" \/>\n<meta property=\"og:image\" content=\"https:\/\/tourtravelandmore.com\/wp-content\/uploads\/2017\/04\/napoles-3.jpg\" \/>\n\t<meta property=\"og:image:width\" content=\"1024\" \/>\n\t<meta property=\"og:image:height\" content=\"681\" \/>\n\t<meta property=\"og:image:type\" content=\"image\/jpeg\" \/>\n<meta name=\"twitter:card\" content=\"summary_large_image\" \/>\n<meta name=\"twitter:site\" content=\"@TourTravel_More\" \/>\n<meta name=\"twitter:label1\" content=\"Tiempo de lectura\" \/>\n\t<meta name=\"twitter:data1\" content=\"4 minutos\" \/>\n<script type=\"application\/ld+json\" class=\"yoast-schema-graph\">{\"@context\":\"https:\/\/schema.org\",\"@graph\":[{\"@type\":\"WebPage\",\"@id\":\"https:\/\/tourtravelandmore.com\/es\/tours\/italia-es\/salerno-es-2\/tour-privado-de-napoles-y-pompeya-desde-amalfi-copy\/\",\"url\":\"https:\/\/tourtravelandmore.com\/es\/tours\/italia-es\/salerno-es-2\/tour-privado-de-napoles-y-pompeya-desde-amalfi-copy\/\",\"name\":\"\u27a1\ufe0f Explore N\u00e1poles y Pompeya - Expedici\u00f3n cultural privada de d\u00eda completo desde N\u00e1poles\",\"isPartOf\":{\"@id\":\"https:\/\/tourtravelandmore.com\/es\/#website\"},\"primaryImageOfPage\":{\"@id\":\"https:\/\/tourtravelandmore.com\/es\/tours\/italia-es\/salerno-es-2\/tour-privado-de-napoles-y-pompeya-desde-amalfi-copy\/#primaryimage\"},\"image\":{\"@id\":\"https:\/\/tourtravelandmore.com\/es\/tours\/italia-es\/salerno-es-2\/tour-privado-de-napoles-y-pompeya-desde-amalfi-copy\/#primaryimage\"},\"thumbnailUrl\":\"https:\/\/tourtravelandmore.com\/wp-content\/uploads\/2017\/04\/napoles-3.jpg\",\"datePublished\":\"2025-02-26T15:59:46+00:00\",\"dateModified\":\"2025-02-26T16:22:02+00:00\",\"description\":\"Emb\u00e1rquese en una excursi\u00f3n privada de d\u00eda completo por N\u00e1poles y Pompeya para descubrir los tesoros de estos destinos hist\u00f3ricos \u2705\",\"breadcrumb\":{\"@id\":\"https:\/\/tourtravelandmore.com\/es\/tours\/italia-es\/salerno-es-2\/tour-privado-de-napoles-y-pompeya-desde-amalfi-copy\/#breadcrumb\"},\"inLanguage\":\"es\",\"potentialAction\":[{\"@type\":\"ReadAction\",\"target\":[\"https:\/\/tourtravelandmore.com\/es\/tours\/italia-es\/salerno-es-2\/tour-privado-de-napoles-y-pompeya-desde-amalfi-copy\/\"]}]},{\"@type\":\"ImageObject\",\"inLanguage\":\"es\",\"@id\":\"https:\/\/tourtravelandmore.com\/es\/tours\/italia-es\/salerno-es-2\/tour-privado-de-napoles-y-pompeya-desde-amalfi-copy\/#primaryimage\",\"url\":\"https:\/\/tourtravelandmore.com\/wp-content\/uploads\/2017\/04\/napoles-3.jpg\",\"contentUrl\":\"https:\/\/tourtravelandmore.com\/wp-content\/uploads\/2017\/04\/napoles-3.jpg\",\"width\":1024,\"height\":681},{\"@type\":\"BreadcrumbList\",\"@id\":\"https:\/\/tourtravelandmore.com\/es\/tours\/italia-es\/salerno-es-2\/tour-privado-de-napoles-y-pompeya-desde-amalfi-copy\/#breadcrumb\",\"itemListElement\":[{\"@type\":\"ListItem\",\"position\":1,\"name\":\"Home\",\"item\":\"https:\/\/tourtravelandmore.com\/es\/\"},{\"@type\":\"ListItem\",\"position\":2,\"name\":\"Tours\",\"item\":\"https:\/\/tourtravelandmore.com\/es\/tours\/\"},{\"@type\":\"ListItem\",\"position\":3,\"name\":\"Tour Privado de N\u00e1poles y Pompeya desde Salerno\"}]},{\"@type\":\"WebSite\",\"@id\":\"https:\/\/tourtravelandmore.com\/es\/#website\",\"url\":\"https:\/\/tourtravelandmore.com\/es\/\",\"name\":\"Tour Travel And More\",\"description\":\"Private sightseeing tours and luxury transfers in Spain\",\"publisher\":{\"@id\":\"https:\/\/tourtravelandmore.com\/es\/#organization\"},\"potentialAction\":[{\"@type\":\"SearchAction\",\"target\":{\"@type\":\"EntryPoint\",\"urlTemplate\":\"https:\/\/tourtravelandmore.com\/es\/?s={search_term_string}\"},\"query-input\":{\"@type\":\"PropertyValueSpecification\",\"valueRequired\":true,\"valueName\":\"search_term_string\"}}],\"inLanguage\":\"es\"},{\"@type\":\"Organization\",\"@id\":\"https:\/\/tourtravelandmore.com\/es\/#organization\",\"name\":\"Tour Travel And More\",\"url\":\"https:\/\/tourtravelandmore.com\/es\/\",\"logo\":{\"@type\":\"ImageObject\",\"inLanguage\":\"es\",\"@id\":\"https:\/\/tourtravelandmore.com\/es\/#\/schema\/logo\/image\/\",\"url\":\"https:\/\/tourtravelandmore.com\/wp-content\/uploads\/2022\/12\/cropped-logo-cabecera-new.png\",\"contentUrl\":\"https:\/\/tourtravelandmore.com\/wp-content\/uploads\/2022\/12\/cropped-logo-cabecera-new.png\",\"width\":430,\"height\":61,\"caption\":\"Tour Travel And More\"},\"image\":{\"@id\":\"https:\/\/tourtravelandmore.com\/es\/#\/schema\/logo\/image\/\"},\"sameAs\":[\"https:\/\/www.facebook.com\/tourtravelandmore\/\",\"https:\/\/x.com\/TourTravel_More\"]}]}<\/script>\n<!-- \/ Yoast SEO Premium plugin. -->","yoast_head_json":{"title":"\u27a1\ufe0f Explore N\u00e1poles y Pompeya - Expedici\u00f3n cultural privada de d\u00eda completo desde N\u00e1poles","description":"Emb\u00e1rquese en una excursi\u00f3n privada de d\u00eda completo por N\u00e1poles y Pompeya para descubrir los tesoros de estos destinos hist\u00f3ricos \u2705","robots":{"index":"index","follow":"follow","max-snippet":"max-snippet:-1","max-image-preview":"max-image-preview:large","max-video-preview":"max-video-preview:-1"},"canonical":"https:\/\/tourtravelandmore.com\/es\/tours\/italia-es\/salerno-es-2\/tour-privado-de-napoles-y-pompeya-desde-amalfi-copy\/","og_locale":"es_ES","og_type":"article","og_title":"Tour Privado de N\u00e1poles y Pompeya desde Salerno","og_description":"Emb\u00e1rquese en una excursi\u00f3n privada de d\u00eda completo por N\u00e1poles y Pompeya para descubrir los tesoros de estos destinos hist\u00f3ricos \u2705","og_url":"https:\/\/tourtravelandmore.com\/es\/tours\/italia-es\/salerno-es-2\/tour-privado-de-napoles-y-pompeya-desde-amalfi-copy\/","og_site_name":"Tour Travel And More","article_publisher":"https:\/\/www.facebook.com\/tourtravelandmore\/","article_modified_time":"2025-02-26T16:22:02+00:00","og_image":[{"width":1024,"height":681,"url":"https:\/\/tourtravelandmore.com\/wp-content\/uploads\/2017\/04\/napoles-3.jpg","type":"image\/jpeg"}],"twitter_card":"summary_large_image","twitter_site":"@TourTravel_More","twitter_misc":{"Tiempo de lectura":"4 minutos"},"schema":{"@context":"https:\/\/schema.org","@graph":[{"@type":"WebPage","@id":"https:\/\/tourtravelandmore.com\/es\/tours\/italia-es\/salerno-es-2\/tour-privado-de-napoles-y-pompeya-desde-amalfi-copy\/","url":"https:\/\/tourtravelandmore.com\/es\/tours\/italia-es\/salerno-es-2\/tour-privado-de-napoles-y-pompeya-desde-amalfi-copy\/","name":"\u27a1\ufe0f Explore N\u00e1poles y Pompeya - Expedici\u00f3n cultural privada de d\u00eda completo desde N\u00e1poles","isPartOf":{"@id":"https:\/\/tourtravelandmore.com\/es\/#website"},"primaryImageOfPage":{"@id":"https:\/\/tourtravelandmore.com\/es\/tours\/italia-es\/salerno-es-2\/tour-privado-de-napoles-y-pompeya-desde-amalfi-copy\/#primaryimage"},"image":{"@id":"https:\/\/tourtravelandmore.com\/es\/tours\/italia-es\/salerno-es-2\/tour-privado-de-napoles-y-pompeya-desde-amalfi-copy\/#primaryimage"},"thumbnailUrl":"https:\/\/tourtravelandmore.com\/wp-content\/uploads\/2017\/04\/napoles-3.jpg","datePublished":"2025-02-26T15:59:46+00:00","dateModified":"2025-02-26T16:22:02+00:00","description":"Emb\u00e1rquese en una excursi\u00f3n privada de d\u00eda completo por N\u00e1poles y Pompeya para descubrir los tesoros de estos destinos hist\u00f3ricos \u2705","breadcrumb":{"@id":"https:\/\/tourtravelandmore.com\/es\/tours\/italia-es\/salerno-es-2\/tour-privado-de-napoles-y-pompeya-desde-amalfi-copy\/#breadcrumb"},"inLanguage":"es","potentialAction":[{"@type":"ReadAction","target":["https:\/\/tourtravelandmore.com\/es\/tours\/italia-es\/salerno-es-2\/tour-privado-de-napoles-y-pompeya-desde-amalfi-copy\/"]}]},{"@type":"ImageObject","inLanguage":"es","@id":"https:\/\/tourtravelandmore.com\/es\/tours\/italia-es\/salerno-es-2\/tour-privado-de-napoles-y-pompeya-desde-amalfi-copy\/#primaryimage","url":"https:\/\/tourtravelandmore.com\/wp-content\/uploads\/2017\/04\/napoles-3.jpg","contentUrl":"https:\/\/tourtravelandmore.com\/wp-content\/uploads\/2017\/04\/napoles-3.jpg","width":1024,"height":681},{"@type":"BreadcrumbList","@id":"https:\/\/tourtravelandmore.com\/es\/tours\/italia-es\/salerno-es-2\/tour-privado-de-napoles-y-pompeya-desde-amalfi-copy\/#breadcrumb","itemListElement":[{"@type":"ListItem","position":1,"name":"Home","item":"https:\/\/tourtravelandmore.com\/es\/"},{"@type":"ListItem","position":2,"name":"Tours","item":"https:\/\/tourtravelandmore.com\/es\/tours\/"},{"@type":"ListItem","position":3,"name":"Tour Privado de N\u00e1poles y Pompeya desde Salerno"}]},{"@type":"WebSite","@id":"https:\/\/tourtravelandmore.com\/es\/#website","url":"https:\/\/tourtravelandmore.com\/es\/","name":"Tour Travel And More","description":"Private sightseeing tours and luxury transfers in Spain","publisher":{"@id":"https:\/\/tourtravelandmore.com\/es\/#organization"},"potentialAction":[{"@type":"SearchAction","target":{"@type":"EntryPoint","urlTemplate":"https:\/\/tourtravelandmore.com\/es\/?s={search_term_string}"},"query-input":{"@type":"PropertyValueSpecification","valueRequired":true,"valueName":"search_term_string"}}],"inLanguage":"es"},{"@type":"Organization","@id":"https:\/\/tourtravelandmore.com\/es\/#organization","name":"Tour Travel And More","url":"https:\/\/tourtravelandmore.com\/es\/","logo":{"@type":"ImageObject","inLanguage":"es","@id":"https:\/\/tourtravelandmore.com\/es\/#\/schema\/logo\/image\/","url":"https:\/\/tourtravelandmore.com\/wp-content\/uploads\/2022\/12\/cropped-logo-cabecera-new.png","contentUrl":"https:\/\/tourtravelandmore.com\/wp-content\/uploads\/2022\/12\/cropped-logo-cabecera-new.png","width":430,"height":61,"caption":"Tour Travel And More"},"image":{"@id":"https:\/\/tourtravelandmore.com\/es\/#\/schema\/logo\/image\/"},"sameAs":["https:\/\/www.facebook.com\/tourtravelandmore\/","https:\/\/x.com\/TourTravel_More"]}]}},"_links":{"self":[{"href":"https:\/\/tourtravelandmore.com\/es\/wp-json\/wp\/v2\/product\/180819","targetHints":{"allow":["GET"]}}],"collection":[{"href":"https:\/\/tourtravelandmore.com\/es\/wp-json\/wp\/v2\/product"}],"about":[{"href":"https:\/\/tourtravelandmore.com\/es\/wp-json\/wp\/v2\/types\/product"}],"replies":[{"embeddable":true,"href":"https:\/\/tourtravelandmore.com\/es\/wp-json\/wp\/v2\/comments?post=180819"}],"wp:featuredmedia":[{"embeddable":true,"href":"https:\/\/tourtravelandmore.com\/es\/wp-json\/wp\/v2\/media\/81294"}],"wp:attachment":[{"href":"https:\/\/tourtravelandmore.com\/es\/wp-json\/wp\/v2\/media?parent=180819"}],"wp:term":[{"taxonomy":"product_brand","embeddable":true,"href":"https:\/\/tourtravelandmore.com\/es\/wp-json\/wp\/v2\/product_brand?post=180819"},{"taxonomy":"product_cat","embeddable":true,"href":"https:\/\/tourtravelandmore.com\/es\/wp-json\/wp\/v2\/product_cat?post=180819"},{"taxonomy":"product_tag","embeddable":true,"href":"https:\/\/tourtravelandmore.com\/es\/wp-json\/wp\/v2\/product_tag?post=180819"}],"curies":[{"name":"wp","href":"https:\/\/api.w.org\/{rel}","templated":true}]}}