{"id":180706,"date":"2025-02-24T15:39:45","date_gmt":"2025-02-24T14:39:45","guid":{"rendered":"https:\/\/tourtravelandmore.com\/?post_type=product&#038;p=180706"},"modified":"2025-02-24T15:57:46","modified_gmt":"2025-02-24T14:57:46","slug":"tour-privado-a-pompeya-y-el-vesubio-desde-sorrento-copy","status":"publish","type":"product","link":"https:\/\/tourtravelandmore.com\/es\/tours\/italia-es\/amalfi-es\/tour-privado-a-pompeya-y-el-vesubio-desde-sorrento-copy\/","title":{"rendered":"Tour privado a Pompeya y el Vesubio desde Amalfi"},"content":{"rendered":"<h2><b>Descripci\u00f3n del tour privado a Pompeya y al Vesubio desde Amalfi<\/b><\/h2>\n<p>Experimente el encanto de la antig\u00fcedad y el poder de la naturaleza en este exclusivo tour privado de 8 horas a Pompeya y el Vesubio desde Amalfi. El tour ofrece una mezcla \u00fanica de exploraci\u00f3n hist\u00f3rica y maravillas naturales. Ser\u00e1 transportado c\u00f3modamente desde Amalfi en un veh\u00edculo privado, acompa\u00f1ado por un gu\u00eda experto. El viaje comienza con la antigua ciudad de Pompeya, donde retroceder\u00e1 en el tiempo, caminando por calles congeladas en la historia.<\/p>\n<p>Sea testigo de la asombrosa conservaci\u00f3n de la vida romana bajo las cenizas del Vesubio. Su gu\u00eda le proporcionar\u00e1 interesantes relatos sobre el pasado de la ciudad, su arquitectura y el fat\u00eddico d\u00eda de la erupci\u00f3n. A continuaci\u00f3n, el recorrido asciende hasta la cima del monte Vesubio. Mientras camina por el sendero que conduce al cr\u00e1ter, el gu\u00eda le explicar\u00e1 la geolog\u00eda del volc\u00e1n y su impacto en la regi\u00f3n. Las vistas panor\u00e1micas desde la cima son inigualables, ofreciendo una vista de la bah\u00eda de N\u00e1poles y el campo circundante.<\/p>\n<p>En este exclusivo tour privado a Pompeya y el Vesubio desde Amalfi, sum\u00e9rjase en un cuadro v\u00edvido de historia y naturaleza. Las ruinas de Pompeya ofrecen una visi\u00f3n inquietantemente hermosa de la antigua vida romana, donde cada piedra y cada artefacto cuentan una historia.<\/p>\n<p>Tendr\u00e1 un gu\u00eda tur\u00edstico local para una visita guiada de 2,5 horas en Pompeya. Luego, continuar\u00e1 su viaje hasta el Vesubio, donde disfrutar\u00e1 de una visita en grupo con un gu\u00eda proporcionado por el lugar (no se permiten gu\u00edas externos).<\/p>\n<h2><b>Lo m\u00e1s destacado de la visita privada a Pompeya y el Vesubio desde Amalfi<\/b><\/h2>\n<ul>\n<li><b>Yacimiento arqueol\u00f3gico de Pompeya:<\/b> ad\u00e9ntrese en la extraordinaria historia que encierran las ruinas de Pompeya. Mientras recorre las antiguas calles, su gu\u00eda le contar\u00e1 historias de los \u00faltimos d\u00edas de la ciudad, destacando las casas, los mercados y los espacios p\u00fablicos capturados para siempre en el tiempo por la ceniza volc\u00e1nica. Contemple frescos, mosaicos y artefactos que pintan una v\u00edvida imagen de la vida romana.<\/li>\n<li><b>Monte Vesubio:<\/b> Experimente la emoci\u00f3n de ascender al volc\u00e1n responsable del destino de Pompeya. La caminata hasta el cr\u00e1ter del Vesubio no es solo un viaje f\u00edsico, sino un viaje a trav\u00e9s del tiempo geol\u00f3gico. Desde la cima, las vistas panor\u00e1micas son incomparables, ofreciendo una perspectiva impresionante de la bah\u00eda de N\u00e1poles y el paisaje circundante.<\/li>\n<li><b>Antiguos templos y bas\u00edlicas:<\/b> Explore los restos de edificios religiosos en Pompeya. Estas estructuras, desde grandes templos hasta \u00edntimas bas\u00edlicas, revelan las pr\u00e1cticas religiosas y las creencias de los antiguos romanos. Su gu\u00eda le explicar\u00e1 su importancia y el papel que desempe\u00f1aron en la sociedad de Pompeya.<\/li>\n<li><b>Foro de Pompeya: <\/b>Visite el bullicioso coraz\u00f3n de Pompeya: el Foro. Antiguamente un vibrante centro de comercio, pol\u00edtica y reuniones sociales, esta zona es ahora un testimonio del otrora gran estatus de la ciudad. Camine por este centro hist\u00f3rico e imagine la vida cotidiana de sus antiguos habitantes.<\/li>\n<li><b>Termas:<\/b> Las termas romanas son un escaparate de la ingenier\u00eda y la cultura social antiguas. Descubra el sofisticado sistema de calefacci\u00f3n y conozca las costumbres romanas de ba\u00f1o y relajaci\u00f3n. Estas termas son una visi\u00f3n fascinante del lujoso estilo de vida de los romanos.<\/li>\n<\/ul>\n<p>Emb\u00e1rquese en un viaje de descubrimiento y aventura con nuestro tour privado a Pompeya y el Vesubio desde Amalfi. Este tour de 8 horas ofrece una exploraci\u00f3n sin igual de la historia y la naturaleza. Pasee por las ruinas conservadas de Pompeya, marav\u00edllese con las vistas panor\u00e1micas desde el cr\u00e1ter del monte Vesubio y ad\u00e9ntrese en los intrigantes templos y bas\u00edlicas antiguas. Acompa\u00f1ado por nuestro gu\u00eda experto, viajar\u00e1 en el tiempo y obtendr\u00e1 una visi\u00f3n \u00fanica de la vida de los romanos. Este tour promete no solo vistas, sino una profunda conexi\u00f3n con el pasado. No pierda la oportunidad de contemplar los impresionantes vestigios de la historia y la belleza de los emblem\u00e1ticos paisajes de Italia. <a href=\"https:\/\/tourtravelandmore.com\/es\/ciudad\/italia-es\/sorrento-es\/\">P\u00f3ngase en contacto con nosotros hoy mismo para reservar su tour privado y crear recuerdos inolvidables.<\/a><\/p>\n","protected":false},"excerpt":{"rendered":"<p><span style=\"font-weight: 400;\">Emb\u00e1rquese en un viaje al coraz\u00f3n de la historia antigua con nuestra Excursi\u00f3n Privada a Pompeya y el Vesubio desde Amalfi. Explore la ciudad congelada en el tiempo de Pompeya y camine hasta la cima del imponente Vesubio para vivir una experiencia inolvidable.<\/span><\/p>\n","protected":false},"featured_media":129235,"comment_status":"open","ping_status":"closed","template":"","meta":{"_acf_changed":false},"product_brand":[],"product_cat":[5472,5468,1608],"product_tag":[],"class_list":{"0":"post-180706","1":"product","2":"type-product","3":"status-publish","4":"has-post-thumbnail","6":"product_cat-all-private-tours-es-5","7":"product_cat-amalfi-es","8":"product_cat-italia-es","10":"first","11":"instock","12":"shipping-taxable","13":"purchasable","14":"product-type-simple"},"acf":[],"yoast_head":"<!-- This site is optimized with the Yoast SEO Premium plugin v25.3.1 (Yoast SEO v25.3.1) - https:\/\/yoast.com\/wordpress\/plugins\/seo\/ -->\n<title>\u27a1\ufe0f Tour privado a Pompeya y el Vesubio desde Amalfi| Tour Travel &amp; More<\/title>\n<meta name=\"description\" content=\"Reserva un tour privado a Pompeya y el Vesubio desde Amalfi. Este es el tour privado perfecto para una familia o un peque\u00f1o grupo de personas \u2705\" \/>\n<meta name=\"robots\" content=\"index, follow, max-snippet:-1, max-image-preview:large, max-video-preview:-1\" \/>\n<link rel=\"canonical\" href=\"https:\/\/tourtravelandmore.com\/es\/tours\/italia-es\/amalfi-es\/tour-privado-a-pompeya-y-el-vesubio-desde-sorrento-copy\/\" \/>\n<meta property=\"og:locale\" content=\"es_ES\" \/>\n<meta property=\"og:type\" content=\"article\" \/>\n<meta property=\"og:title\" content=\"Tour privado a Pompeya y el Vesubio desde Amalfi\" \/>\n<meta property=\"og:description\" content=\"Reserva un tour privado a Pompeya y el Vesubio desde Amalfi. Este es el tour privado perfecto para una familia o un peque\u00f1o grupo de personas \u2705\" \/>\n<meta property=\"og:url\" content=\"https:\/\/tourtravelandmore.com\/es\/tours\/italia-es\/amalfi-es\/tour-privado-a-pompeya-y-el-vesubio-desde-sorrento-copy\/\" \/>\n<meta property=\"og:site_name\" content=\"Tour Travel And More\" \/>\n<meta property=\"article:publisher\" content=\"https:\/\/www.facebook.com\/tourtravelandmore\/\" \/>\n<meta property=\"article:modified_time\" content=\"2025-02-24T14:57:46+00:00\" \/>\n<meta property=\"og:image\" content=\"https:\/\/tourtravelandmore.com\/wp-content\/uploads\/2022\/06\/image4-8.jpg\" \/>\n\t<meta property=\"og:image:width\" content=\"900\" \/>\n\t<meta property=\"og:image:height\" content=\"700\" \/>\n\t<meta property=\"og:image:type\" content=\"image\/jpeg\" \/>\n<meta name=\"twitter:card\" content=\"summary_large_image\" \/>\n<meta name=\"twitter:site\" content=\"@TourTravel_More\" \/>\n<meta name=\"twitter:label1\" content=\"Tiempo de lectura\" \/>\n\t<meta name=\"twitter:data1\" content=\"4 minutos\" \/>\n<script type=\"application\/ld+json\" class=\"yoast-schema-graph\">{\"@context\":\"https:\/\/schema.org\",\"@graph\":[{\"@type\":\"WebPage\",\"@id\":\"https:\/\/tourtravelandmore.com\/es\/tours\/italia-es\/amalfi-es\/tour-privado-a-pompeya-y-el-vesubio-desde-sorrento-copy\/\",\"url\":\"https:\/\/tourtravelandmore.com\/es\/tours\/italia-es\/amalfi-es\/tour-privado-a-pompeya-y-el-vesubio-desde-sorrento-copy\/\",\"name\":\"\u27a1\ufe0f Tour privado a Pompeya y el Vesubio desde Amalfi| Tour Travel & More\",\"isPartOf\":{\"@id\":\"https:\/\/tourtravelandmore.com\/es\/#website\"},\"primaryImageOfPage\":{\"@id\":\"https:\/\/tourtravelandmore.com\/es\/tours\/italia-es\/amalfi-es\/tour-privado-a-pompeya-y-el-vesubio-desde-sorrento-copy\/#primaryimage\"},\"image\":{\"@id\":\"https:\/\/tourtravelandmore.com\/es\/tours\/italia-es\/amalfi-es\/tour-privado-a-pompeya-y-el-vesubio-desde-sorrento-copy\/#primaryimage\"},\"thumbnailUrl\":\"https:\/\/tourtravelandmore.com\/wp-content\/uploads\/2022\/06\/image4-8.jpg\",\"datePublished\":\"2025-02-24T14:39:45+00:00\",\"dateModified\":\"2025-02-24T14:57:46+00:00\",\"description\":\"Reserva un tour privado a Pompeya y el Vesubio desde Amalfi. Este es el tour privado perfecto para una familia o un peque\u00f1o grupo de personas \u2705\",\"breadcrumb\":{\"@id\":\"https:\/\/tourtravelandmore.com\/es\/tours\/italia-es\/amalfi-es\/tour-privado-a-pompeya-y-el-vesubio-desde-sorrento-copy\/#breadcrumb\"},\"inLanguage\":\"es\",\"potentialAction\":[{\"@type\":\"ReadAction\",\"target\":[\"https:\/\/tourtravelandmore.com\/es\/tours\/italia-es\/amalfi-es\/tour-privado-a-pompeya-y-el-vesubio-desde-sorrento-copy\/\"]}]},{\"@type\":\"ImageObject\",\"inLanguage\":\"es\",\"@id\":\"https:\/\/tourtravelandmore.com\/es\/tours\/italia-es\/amalfi-es\/tour-privado-a-pompeya-y-el-vesubio-desde-sorrento-copy\/#primaryimage\",\"url\":\"https:\/\/tourtravelandmore.com\/wp-content\/uploads\/2022\/06\/image4-8.jpg\",\"contentUrl\":\"https:\/\/tourtravelandmore.com\/wp-content\/uploads\/2022\/06\/image4-8.jpg\",\"width\":900,\"height\":700},{\"@type\":\"BreadcrumbList\",\"@id\":\"https:\/\/tourtravelandmore.com\/es\/tours\/italia-es\/amalfi-es\/tour-privado-a-pompeya-y-el-vesubio-desde-sorrento-copy\/#breadcrumb\",\"itemListElement\":[{\"@type\":\"ListItem\",\"position\":1,\"name\":\"Home\",\"item\":\"https:\/\/tourtravelandmore.com\/es\/\"},{\"@type\":\"ListItem\",\"position\":2,\"name\":\"Tours\",\"item\":\"https:\/\/tourtravelandmore.com\/es\/tours\/\"},{\"@type\":\"ListItem\",\"position\":3,\"name\":\"Tour privado a Pompeya y el Vesubio desde Amalfi\"}]},{\"@type\":\"WebSite\",\"@id\":\"https:\/\/tourtravelandmore.com\/es\/#website\",\"url\":\"https:\/\/tourtravelandmore.com\/es\/\",\"name\":\"Tour Travel And More\",\"description\":\"Private sightseeing tours and luxury transfers in Spain\",\"publisher\":{\"@id\":\"https:\/\/tourtravelandmore.com\/es\/#organization\"},\"potentialAction\":[{\"@type\":\"SearchAction\",\"target\":{\"@type\":\"EntryPoint\",\"urlTemplate\":\"https:\/\/tourtravelandmore.com\/es\/?s={search_term_string}\"},\"query-input\":{\"@type\":\"PropertyValueSpecification\",\"valueRequired\":true,\"valueName\":\"search_term_string\"}}],\"inLanguage\":\"es\"},{\"@type\":\"Organization\",\"@id\":\"https:\/\/tourtravelandmore.com\/es\/#organization\",\"name\":\"Tour Travel And More\",\"url\":\"https:\/\/tourtravelandmore.com\/es\/\",\"logo\":{\"@type\":\"ImageObject\",\"inLanguage\":\"es\",\"@id\":\"https:\/\/tourtravelandmore.com\/es\/#\/schema\/logo\/image\/\",\"url\":\"https:\/\/tourtravelandmore.com\/wp-content\/uploads\/2022\/12\/cropped-logo-cabecera-new.png\",\"contentUrl\":\"https:\/\/tourtravelandmore.com\/wp-content\/uploads\/2022\/12\/cropped-logo-cabecera-new.png\",\"width\":430,\"height\":61,\"caption\":\"Tour Travel And More\"},\"image\":{\"@id\":\"https:\/\/tourtravelandmore.com\/es\/#\/schema\/logo\/image\/\"},\"sameAs\":[\"https:\/\/www.facebook.com\/tourtravelandmore\/\",\"https:\/\/x.com\/TourTravel_More\"]}]}<\/script>\n<!-- \/ Yoast SEO Premium plugin. -->","yoast_head_json":{"title":"\u27a1\ufe0f Tour privado a Pompeya y el Vesubio desde Amalfi| Tour Travel & More","description":"Reserva un tour privado a Pompeya y el Vesubio desde Amalfi. Este es el tour privado perfecto para una familia o un peque\u00f1o grupo de personas \u2705","robots":{"index":"index","follow":"follow","max-snippet":"max-snippet:-1","max-image-preview":"max-image-preview:large","max-video-preview":"max-video-preview:-1"},"canonical":"https:\/\/tourtravelandmore.com\/es\/tours\/italia-es\/amalfi-es\/tour-privado-a-pompeya-y-el-vesubio-desde-sorrento-copy\/","og_locale":"es_ES","og_type":"article","og_title":"Tour privado a Pompeya y el Vesubio desde Amalfi","og_description":"Reserva un tour privado a Pompeya y el Vesubio desde Amalfi. Este es el tour privado perfecto para una familia o un peque\u00f1o grupo de personas \u2705","og_url":"https:\/\/tourtravelandmore.com\/es\/tours\/italia-es\/amalfi-es\/tour-privado-a-pompeya-y-el-vesubio-desde-sorrento-copy\/","og_site_name":"Tour Travel And More","article_publisher":"https:\/\/www.facebook.com\/tourtravelandmore\/","article_modified_time":"2025-02-24T14:57:46+00:00","og_image":[{"width":900,"height":700,"url":"https:\/\/tourtravelandmore.com\/wp-content\/uploads\/2022\/06\/image4-8.jpg","type":"image\/jpeg"}],"twitter_card":"summary_large_image","twitter_site":"@TourTravel_More","twitter_misc":{"Tiempo de lectura":"4 minutos"},"schema":{"@context":"https:\/\/schema.org","@graph":[{"@type":"WebPage","@id":"https:\/\/tourtravelandmore.com\/es\/tours\/italia-es\/amalfi-es\/tour-privado-a-pompeya-y-el-vesubio-desde-sorrento-copy\/","url":"https:\/\/tourtravelandmore.com\/es\/tours\/italia-es\/amalfi-es\/tour-privado-a-pompeya-y-el-vesubio-desde-sorrento-copy\/","name":"\u27a1\ufe0f Tour privado a Pompeya y el Vesubio desde Amalfi| Tour Travel & More","isPartOf":{"@id":"https:\/\/tourtravelandmore.com\/es\/#website"},"primaryImageOfPage":{"@id":"https:\/\/tourtravelandmore.com\/es\/tours\/italia-es\/amalfi-es\/tour-privado-a-pompeya-y-el-vesubio-desde-sorrento-copy\/#primaryimage"},"image":{"@id":"https:\/\/tourtravelandmore.com\/es\/tours\/italia-es\/amalfi-es\/tour-privado-a-pompeya-y-el-vesubio-desde-sorrento-copy\/#primaryimage"},"thumbnailUrl":"https:\/\/tourtravelandmore.com\/wp-content\/uploads\/2022\/06\/image4-8.jpg","datePublished":"2025-02-24T14:39:45+00:00","dateModified":"2025-02-24T14:57:46+00:00","description":"Reserva un tour privado a Pompeya y el Vesubio desde Amalfi. Este es el tour privado perfecto para una familia o un peque\u00f1o grupo de personas \u2705","breadcrumb":{"@id":"https:\/\/tourtravelandmore.com\/es\/tours\/italia-es\/amalfi-es\/tour-privado-a-pompeya-y-el-vesubio-desde-sorrento-copy\/#breadcrumb"},"inLanguage":"es","potentialAction":[{"@type":"ReadAction","target":["https:\/\/tourtravelandmore.com\/es\/tours\/italia-es\/amalfi-es\/tour-privado-a-pompeya-y-el-vesubio-desde-sorrento-copy\/"]}]},{"@type":"ImageObject","inLanguage":"es","@id":"https:\/\/tourtravelandmore.com\/es\/tours\/italia-es\/amalfi-es\/tour-privado-a-pompeya-y-el-vesubio-desde-sorrento-copy\/#primaryimage","url":"https:\/\/tourtravelandmore.com\/wp-content\/uploads\/2022\/06\/image4-8.jpg","contentUrl":"https:\/\/tourtravelandmore.com\/wp-content\/uploads\/2022\/06\/image4-8.jpg","width":900,"height":700},{"@type":"BreadcrumbList","@id":"https:\/\/tourtravelandmore.com\/es\/tours\/italia-es\/amalfi-es\/tour-privado-a-pompeya-y-el-vesubio-desde-sorrento-copy\/#breadcrumb","itemListElement":[{"@type":"ListItem","position":1,"name":"Home","item":"https:\/\/tourtravelandmore.com\/es\/"},{"@type":"ListItem","position":2,"name":"Tours","item":"https:\/\/tourtravelandmore.com\/es\/tours\/"},{"@type":"ListItem","position":3,"name":"Tour privado a Pompeya y el Vesubio desde Amalfi"}]},{"@type":"WebSite","@id":"https:\/\/tourtravelandmore.com\/es\/#website","url":"https:\/\/tourtravelandmore.com\/es\/","name":"Tour Travel And More","description":"Private sightseeing tours and luxury transfers in Spain","publisher":{"@id":"https:\/\/tourtravelandmore.com\/es\/#organization"},"potentialAction":[{"@type":"SearchAction","target":{"@type":"EntryPoint","urlTemplate":"https:\/\/tourtravelandmore.com\/es\/?s={search_term_string}"},"query-input":{"@type":"PropertyValueSpecification","valueRequired":true,"valueName":"search_term_string"}}],"inLanguage":"es"},{"@type":"Organization","@id":"https:\/\/tourtravelandmore.com\/es\/#organization","name":"Tour Travel And More","url":"https:\/\/tourtravelandmore.com\/es\/","logo":{"@type":"ImageObject","inLanguage":"es","@id":"https:\/\/tourtravelandmore.com\/es\/#\/schema\/logo\/image\/","url":"https:\/\/tourtravelandmore.com\/wp-content\/uploads\/2022\/12\/cropped-logo-cabecera-new.png","contentUrl":"https:\/\/tourtravelandmore.com\/wp-content\/uploads\/2022\/12\/cropped-logo-cabecera-new.png","width":430,"height":61,"caption":"Tour Travel And More"},"image":{"@id":"https:\/\/tourtravelandmore.com\/es\/#\/schema\/logo\/image\/"},"sameAs":["https:\/\/www.facebook.com\/tourtravelandmore\/","https:\/\/x.com\/TourTravel_More"]}]}},"_links":{"self":[{"href":"https:\/\/tourtravelandmore.com\/es\/wp-json\/wp\/v2\/product\/180706","targetHints":{"allow":["GET"]}}],"collection":[{"href":"https:\/\/tourtravelandmore.com\/es\/wp-json\/wp\/v2\/product"}],"about":[{"href":"https:\/\/tourtravelandmore.com\/es\/wp-json\/wp\/v2\/types\/product"}],"replies":[{"embeddable":true,"href":"https:\/\/tourtravelandmore.com\/es\/wp-json\/wp\/v2\/comments?post=180706"}],"wp:featuredmedia":[{"embeddable":true,"href":"https:\/\/tourtravelandmore.com\/es\/wp-json\/wp\/v2\/media\/129235"}],"wp:attachment":[{"href":"https:\/\/tourtravelandmore.com\/es\/wp-json\/wp\/v2\/media?parent=180706"}],"wp:term":[{"taxonomy":"product_brand","embeddable":true,"href":"https:\/\/tourtravelandmore.com\/es\/wp-json\/wp\/v2\/product_brand?post=180706"},{"taxonomy":"product_cat","embeddable":true,"href":"https:\/\/tourtravelandmore.com\/es\/wp-json\/wp\/v2\/product_cat?post=180706"},{"taxonomy":"product_tag","embeddable":true,"href":"https:\/\/tourtravelandmore.com\/es\/wp-json\/wp\/v2\/product_tag?post=180706"}],"curies":[{"name":"wp","href":"https:\/\/api.w.org\/{rel}","templated":true}]}}