{"id":18066,"date":"2018-02-16T11:11:37","date_gmt":"2018-02-16T11:01:51","guid":{"rendered":"http:\/\/tourtravelandmore.com\/es\/?post_type=product&#038;p=18066"},"modified":"2023-08-21T14:16:29","modified_gmt":"2023-08-21T12:16:29","slug":"excursion-privada-a-chianti-classico-desde-livorno","status":"publish","type":"product","link":"https:\/\/tourtravelandmore.com\/es\/tours\/italia-es\/livorno-es\/excursion-privada-a-chianti-classico-desde-livorno\/","title":{"rendered":"Tour Privado a Chianti Classico desde Livorno"},"content":{"rendered":"<h2><strong>Descripci\u00f3n del Tour Privado a Chianti Classico desde Livorno<\/strong><\/h2>\n<p>Disfrute de este <strong>tour privado a Chianti Classico desde Livorno<\/strong> c\u00f3modamente en su <strong>veh\u00edculo de lujo privado con un chofer\/gu\u00eda profesional<\/strong>.<\/p>\n<p>Con este tour privado te sumergir\u00e1s en el encanto de la regi\u00f3n de la <strong>Toscana<\/strong>. Visitar\u00e1 el \u00e1rea de <strong>Chianti Classico<\/strong>, que se encuentra entre Florencia y Siena. La zona de Chianti es muy famosa por sus vinos.<\/p>\n<p>El recorrido tiene una duraci\u00f3n de 8 horas desde el momento de la recogida hasta el regreso al puerto de cruceros de Livorno. En este recorrido podr\u00e1s visitar dos bodegas de la zona y degustar algunos de sus mejores vinos.<\/p>\n<p>Su conductor\/gu\u00eda profesional lo estar\u00e1 esperando fuera de su crucero con un cartel con su nombre. Comenzar\u00e1 a conducirlo hacia el este, pasando por la hermosa regi\u00f3n de la Toscana.<\/p>\n<p>Como se trata de un tour privado y personalizado, tiene la opci\u00f3n de realizar algunos cambios seg\u00fan sus deseos. Adem\u00e1s de este, tambi\u00e9n tenemos un <a href=\"https:\/\/tourtravelandmore.com\/es\/tours\/italia-es\/livorno-es\/tour-privado-florencia-pisa-desde-livorno-terminal-cruceros\/\">tour privado de un d\u00eda completo solo a Florencia desde Livorno<\/a>, \u00a1eche un vistazo!<\/p>\n<h2><strong>Puntos de inter\u00e9s en el Tour Privado a Chianti Classico desde Livorno<\/strong><\/h2>\n<p>En primer lugar, su conductor\/gu\u00eda privado lo recoger\u00e1 fuera de su crucero en Livorno a la hora de desembarco.<\/p>\n<p>Durante este recorrido privado descubrir\u00e1 el magn\u00edfico paisaje que ofrece la zona. Admire sus vi\u00f1edos perfectamente sim\u00e9tricos, olivos y su hermoso paisaje. Podr\u00e1 probar el vino local de una de las mejores regiones vin\u00edcolas del mundo. Visite algunos de sus pueblos de monta\u00f1a m\u00e1s bellos.<\/p>\n<p>En segundo lugar, su conductor\/gu\u00eda lo llevar\u00e1 a trav\u00e9s de la carretera <strong>Chiantigiana<\/strong>, hasta que llegue al capitolio del Chianti cl\u00e1sico, <strong>Greve<\/strong> in Chianti. Visite su plaza principal y el encantador <strong>castillo de Montefioralle<\/strong>.<\/p>\n<p>En tercer lugar, visitar\u00e1 una bodega en un distrito llamado Montagliari, donde tambi\u00e9n podr\u00e1 almorzar mientras disfruta de un paisaje impresionante. Dependiendo de la duraci\u00f3n del recorrido, continuar\u00e1s descubriendo m\u00e1s ciudades medievales como <strong>Castellina<\/strong>, <strong>Passignano<\/strong> y m\u00e1s.<\/p>\n<p>Es posible gestionar un gu\u00eda tur\u00edstico privado a la visita si est\u00e1 interesado en una explicaci\u00f3n m\u00e1s hist\u00f3rica y profunda de la zona.<\/p>\n<p>Durante este tour privado a Chianti Classico desde Livorno, podr\u00e1 disfrutar de sus lugares m\u00e1s emblem\u00e1ticos y sus paisajes mas impresionantes.<\/p>\n<p><strong>Finalmente, su conductor\/gu\u00eda privado lo llevar\u00e1 de regreso a su crucero en la terminal de Livorno.<\/strong><\/p>\n","protected":false},"excerpt":{"rendered":"<p>Disfrute de este <strong>tour privado completamente personalizado a Chianti Classico desde el puerto de cruceros de Livorno<\/strong> y disfrute visitando una de las mejores regiones vin\u00edcolas del mundo. No pierda la oportunidad de conocer esta \u00e1rea con su conductor\/gu\u00eda profesional. \u00a1Conocer\u00e1 la ciudad capital, <strong>Greve in Chianti<\/strong>, visitar\u00e1 dos bodegas de la regi\u00f3n y disfrutar\u00e1 de paisajes impresionantes!<\/p>\n","protected":false},"featured_media":83741,"comment_status":"open","ping_status":"closed","template":"","meta":{"_acf_changed":false},"product_brand":[],"product_cat":[733,744,743,814],"product_tag":[],"class_list":{"0":"post-18066","1":"product","2":"type-product","3":"status-publish","4":"has-post-thumbnail","6":"product_cat-livorno-es","7":"product_cat-livorno-actividades-es","8":"product_cat-livorno-excursiones-es","9":"product_cat-livorno-excursiones-privadas-cruceros-es","11":"first","12":"instock","13":"shipping-taxable","14":"purchasable","15":"product-type-simple"},"acf":[],"yoast_head":"<!-- This site is optimized with the Yoast SEO Premium plugin v25.3.1 (Yoast SEO v25.3.1) - https:\/\/yoast.com\/wordpress\/plugins\/seo\/ -->\n<title>Tour Privado a Chianti Classico desde Livorno en veh\u00edculo de lujo | TTM<\/title>\n<meta name=\"description\" content=\"Aproveche al m\u00e1ximo su parada en Livorno para conocer una de las regiones de vino m\u00e1s bonitas del mundo. Visita la regi\u00f3n de Chianti en veh\u00edculo de lujo \u2705\" \/>\n<meta name=\"robots\" content=\"index, follow, max-snippet:-1, max-image-preview:large, max-video-preview:-1\" \/>\n<link rel=\"canonical\" href=\"https:\/\/tourtravelandmore.com\/es\/tours\/italia-es\/livorno-es\/excursion-privada-a-chianti-classico-desde-livorno\/\" \/>\n<meta property=\"og:locale\" content=\"es_ES\" \/>\n<meta property=\"og:type\" content=\"article\" \/>\n<meta property=\"og:title\" content=\"Tour Privado a Chianti Classico desde Livorno\" \/>\n<meta property=\"og:description\" content=\"Aproveche al m\u00e1ximo su parada en Livorno para conocer una de las regiones de vino m\u00e1s bonitas del mundo. Visita la regi\u00f3n de Chianti en veh\u00edculo de lujo \u2705\" \/>\n<meta property=\"og:url\" content=\"https:\/\/tourtravelandmore.com\/es\/tours\/italia-es\/livorno-es\/excursion-privada-a-chianti-classico-desde-livorno\/\" \/>\n<meta property=\"og:site_name\" content=\"Tour Travel And More\" \/>\n<meta property=\"article:publisher\" content=\"https:\/\/www.facebook.com\/tourtravelandmore\/\" \/>\n<meta property=\"article:modified_time\" content=\"2023-08-21T12:16:29+00:00\" \/>\n<meta property=\"og:image\" content=\"https:\/\/tourtravelandmore.com\/wp-content\/uploads\/2018\/02\/chianti-2-1.jpg\" \/>\n\t<meta property=\"og:image:width\" content=\"880\" \/>\n\t<meta property=\"og:image:height\" content=\"586\" \/>\n\t<meta property=\"og:image:type\" content=\"image\/jpeg\" \/>\n<meta name=\"twitter:card\" content=\"summary_large_image\" \/>\n<meta name=\"twitter:site\" content=\"@TourTravel_More\" \/>\n<meta name=\"twitter:label1\" content=\"Tiempo de lectura\" \/>\n\t<meta name=\"twitter:data1\" content=\"2 minutos\" \/>\n<script type=\"application\/ld+json\" class=\"yoast-schema-graph\">{\"@context\":\"https:\/\/schema.org\",\"@graph\":[{\"@type\":\"WebPage\",\"@id\":\"https:\/\/tourtravelandmore.com\/es\/tours\/italia-es\/livorno-es\/excursion-privada-a-chianti-classico-desde-livorno\/\",\"url\":\"https:\/\/tourtravelandmore.com\/es\/tours\/italia-es\/livorno-es\/excursion-privada-a-chianti-classico-desde-livorno\/\",\"name\":\"Tour Privado a Chianti Classico desde Livorno en veh\u00edculo de lujo | TTM\",\"isPartOf\":{\"@id\":\"https:\/\/tourtravelandmore.com\/es\/#website\"},\"primaryImageOfPage\":{\"@id\":\"https:\/\/tourtravelandmore.com\/es\/tours\/italia-es\/livorno-es\/excursion-privada-a-chianti-classico-desde-livorno\/#primaryimage\"},\"image\":{\"@id\":\"https:\/\/tourtravelandmore.com\/es\/tours\/italia-es\/livorno-es\/excursion-privada-a-chianti-classico-desde-livorno\/#primaryimage\"},\"thumbnailUrl\":\"https:\/\/tourtravelandmore.com\/wp-content\/uploads\/2018\/02\/chianti-2-1.jpg\",\"datePublished\":\"2018-02-16T11:01:51+00:00\",\"dateModified\":\"2023-08-21T12:16:29+00:00\",\"description\":\"Aproveche al m\u00e1ximo su parada en Livorno para conocer una de las regiones de vino m\u00e1s bonitas del mundo. Visita la regi\u00f3n de Chianti en veh\u00edculo de lujo \u2705\",\"breadcrumb\":{\"@id\":\"https:\/\/tourtravelandmore.com\/es\/tours\/italia-es\/livorno-es\/excursion-privada-a-chianti-classico-desde-livorno\/#breadcrumb\"},\"inLanguage\":\"es\",\"potentialAction\":[{\"@type\":\"ReadAction\",\"target\":[\"https:\/\/tourtravelandmore.com\/es\/tours\/italia-es\/livorno-es\/excursion-privada-a-chianti-classico-desde-livorno\/\"]}]},{\"@type\":\"ImageObject\",\"inLanguage\":\"es\",\"@id\":\"https:\/\/tourtravelandmore.com\/es\/tours\/italia-es\/livorno-es\/excursion-privada-a-chianti-classico-desde-livorno\/#primaryimage\",\"url\":\"https:\/\/tourtravelandmore.com\/wp-content\/uploads\/2018\/02\/chianti-2-1.jpg\",\"contentUrl\":\"https:\/\/tourtravelandmore.com\/wp-content\/uploads\/2018\/02\/chianti-2-1.jpg\",\"width\":880,\"height\":586},{\"@type\":\"BreadcrumbList\",\"@id\":\"https:\/\/tourtravelandmore.com\/es\/tours\/italia-es\/livorno-es\/excursion-privada-a-chianti-classico-desde-livorno\/#breadcrumb\",\"itemListElement\":[{\"@type\":\"ListItem\",\"position\":1,\"name\":\"Home\",\"item\":\"https:\/\/tourtravelandmore.com\/es\/\"},{\"@type\":\"ListItem\",\"position\":2,\"name\":\"Tours\",\"item\":\"https:\/\/tourtravelandmore.com\/es\/tours\/\"},{\"@type\":\"ListItem\",\"position\":3,\"name\":\"Tour Privado a Chianti Classico desde Livorno\"}]},{\"@type\":\"WebSite\",\"@id\":\"https:\/\/tourtravelandmore.com\/es\/#website\",\"url\":\"https:\/\/tourtravelandmore.com\/es\/\",\"name\":\"Tour Travel And More\",\"description\":\"Private sightseeing tours and luxury transfers in Spain\",\"publisher\":{\"@id\":\"https:\/\/tourtravelandmore.com\/es\/#organization\"},\"potentialAction\":[{\"@type\":\"SearchAction\",\"target\":{\"@type\":\"EntryPoint\",\"urlTemplate\":\"https:\/\/tourtravelandmore.com\/es\/?s={search_term_string}\"},\"query-input\":{\"@type\":\"PropertyValueSpecification\",\"valueRequired\":true,\"valueName\":\"search_term_string\"}}],\"inLanguage\":\"es\"},{\"@type\":\"Organization\",\"@id\":\"https:\/\/tourtravelandmore.com\/es\/#organization\",\"name\":\"Tour Travel And More\",\"url\":\"https:\/\/tourtravelandmore.com\/es\/\",\"logo\":{\"@type\":\"ImageObject\",\"inLanguage\":\"es\",\"@id\":\"https:\/\/tourtravelandmore.com\/es\/#\/schema\/logo\/image\/\",\"url\":\"https:\/\/tourtravelandmore.com\/wp-content\/uploads\/2022\/12\/cropped-logo-cabecera-new.png\",\"contentUrl\":\"https:\/\/tourtravelandmore.com\/wp-content\/uploads\/2022\/12\/cropped-logo-cabecera-new.png\",\"width\":430,\"height\":61,\"caption\":\"Tour Travel And More\"},\"image\":{\"@id\":\"https:\/\/tourtravelandmore.com\/es\/#\/schema\/logo\/image\/\"},\"sameAs\":[\"https:\/\/www.facebook.com\/tourtravelandmore\/\",\"https:\/\/x.com\/TourTravel_More\"]}]}<\/script>\n<!-- \/ Yoast SEO Premium plugin. -->","yoast_head_json":{"title":"Tour Privado a Chianti Classico desde Livorno en veh\u00edculo de lujo | TTM","description":"Aproveche al m\u00e1ximo su parada en Livorno para conocer una de las regiones de vino m\u00e1s bonitas del mundo. Visita la regi\u00f3n de Chianti en veh\u00edculo de lujo \u2705","robots":{"index":"index","follow":"follow","max-snippet":"max-snippet:-1","max-image-preview":"max-image-preview:large","max-video-preview":"max-video-preview:-1"},"canonical":"https:\/\/tourtravelandmore.com\/es\/tours\/italia-es\/livorno-es\/excursion-privada-a-chianti-classico-desde-livorno\/","og_locale":"es_ES","og_type":"article","og_title":"Tour Privado a Chianti Classico desde Livorno","og_description":"Aproveche al m\u00e1ximo su parada en Livorno para conocer una de las regiones de vino m\u00e1s bonitas del mundo. Visita la regi\u00f3n de Chianti en veh\u00edculo de lujo \u2705","og_url":"https:\/\/tourtravelandmore.com\/es\/tours\/italia-es\/livorno-es\/excursion-privada-a-chianti-classico-desde-livorno\/","og_site_name":"Tour Travel And More","article_publisher":"https:\/\/www.facebook.com\/tourtravelandmore\/","article_modified_time":"2023-08-21T12:16:29+00:00","og_image":[{"width":880,"height":586,"url":"https:\/\/tourtravelandmore.com\/wp-content\/uploads\/2018\/02\/chianti-2-1.jpg","type":"image\/jpeg"}],"twitter_card":"summary_large_image","twitter_site":"@TourTravel_More","twitter_misc":{"Tiempo de lectura":"2 minutos"},"schema":{"@context":"https:\/\/schema.org","@graph":[{"@type":"WebPage","@id":"https:\/\/tourtravelandmore.com\/es\/tours\/italia-es\/livorno-es\/excursion-privada-a-chianti-classico-desde-livorno\/","url":"https:\/\/tourtravelandmore.com\/es\/tours\/italia-es\/livorno-es\/excursion-privada-a-chianti-classico-desde-livorno\/","name":"Tour Privado a Chianti Classico desde Livorno en veh\u00edculo de lujo | TTM","isPartOf":{"@id":"https:\/\/tourtravelandmore.com\/es\/#website"},"primaryImageOfPage":{"@id":"https:\/\/tourtravelandmore.com\/es\/tours\/italia-es\/livorno-es\/excursion-privada-a-chianti-classico-desde-livorno\/#primaryimage"},"image":{"@id":"https:\/\/tourtravelandmore.com\/es\/tours\/italia-es\/livorno-es\/excursion-privada-a-chianti-classico-desde-livorno\/#primaryimage"},"thumbnailUrl":"https:\/\/tourtravelandmore.com\/wp-content\/uploads\/2018\/02\/chianti-2-1.jpg","datePublished":"2018-02-16T11:01:51+00:00","dateModified":"2023-08-21T12:16:29+00:00","description":"Aproveche al m\u00e1ximo su parada en Livorno para conocer una de las regiones de vino m\u00e1s bonitas del mundo. Visita la regi\u00f3n de Chianti en veh\u00edculo de lujo \u2705","breadcrumb":{"@id":"https:\/\/tourtravelandmore.com\/es\/tours\/italia-es\/livorno-es\/excursion-privada-a-chianti-classico-desde-livorno\/#breadcrumb"},"inLanguage":"es","potentialAction":[{"@type":"ReadAction","target":["https:\/\/tourtravelandmore.com\/es\/tours\/italia-es\/livorno-es\/excursion-privada-a-chianti-classico-desde-livorno\/"]}]},{"@type":"ImageObject","inLanguage":"es","@id":"https:\/\/tourtravelandmore.com\/es\/tours\/italia-es\/livorno-es\/excursion-privada-a-chianti-classico-desde-livorno\/#primaryimage","url":"https:\/\/tourtravelandmore.com\/wp-content\/uploads\/2018\/02\/chianti-2-1.jpg","contentUrl":"https:\/\/tourtravelandmore.com\/wp-content\/uploads\/2018\/02\/chianti-2-1.jpg","width":880,"height":586},{"@type":"BreadcrumbList","@id":"https:\/\/tourtravelandmore.com\/es\/tours\/italia-es\/livorno-es\/excursion-privada-a-chianti-classico-desde-livorno\/#breadcrumb","itemListElement":[{"@type":"ListItem","position":1,"name":"Home","item":"https:\/\/tourtravelandmore.com\/es\/"},{"@type":"ListItem","position":2,"name":"Tours","item":"https:\/\/tourtravelandmore.com\/es\/tours\/"},{"@type":"ListItem","position":3,"name":"Tour Privado a Chianti Classico desde Livorno"}]},{"@type":"WebSite","@id":"https:\/\/tourtravelandmore.com\/es\/#website","url":"https:\/\/tourtravelandmore.com\/es\/","name":"Tour Travel And More","description":"Private sightseeing tours and luxury transfers in Spain","publisher":{"@id":"https:\/\/tourtravelandmore.com\/es\/#organization"},"potentialAction":[{"@type":"SearchAction","target":{"@type":"EntryPoint","urlTemplate":"https:\/\/tourtravelandmore.com\/es\/?s={search_term_string}"},"query-input":{"@type":"PropertyValueSpecification","valueRequired":true,"valueName":"search_term_string"}}],"inLanguage":"es"},{"@type":"Organization","@id":"https:\/\/tourtravelandmore.com\/es\/#organization","name":"Tour Travel And More","url":"https:\/\/tourtravelandmore.com\/es\/","logo":{"@type":"ImageObject","inLanguage":"es","@id":"https:\/\/tourtravelandmore.com\/es\/#\/schema\/logo\/image\/","url":"https:\/\/tourtravelandmore.com\/wp-content\/uploads\/2022\/12\/cropped-logo-cabecera-new.png","contentUrl":"https:\/\/tourtravelandmore.com\/wp-content\/uploads\/2022\/12\/cropped-logo-cabecera-new.png","width":430,"height":61,"caption":"Tour Travel And More"},"image":{"@id":"https:\/\/tourtravelandmore.com\/es\/#\/schema\/logo\/image\/"},"sameAs":["https:\/\/www.facebook.com\/tourtravelandmore\/","https:\/\/x.com\/TourTravel_More"]}]}},"_links":{"self":[{"href":"https:\/\/tourtravelandmore.com\/es\/wp-json\/wp\/v2\/product\/18066","targetHints":{"allow":["GET"]}}],"collection":[{"href":"https:\/\/tourtravelandmore.com\/es\/wp-json\/wp\/v2\/product"}],"about":[{"href":"https:\/\/tourtravelandmore.com\/es\/wp-json\/wp\/v2\/types\/product"}],"replies":[{"embeddable":true,"href":"https:\/\/tourtravelandmore.com\/es\/wp-json\/wp\/v2\/comments?post=18066"}],"wp:featuredmedia":[{"embeddable":true,"href":"https:\/\/tourtravelandmore.com\/es\/wp-json\/wp\/v2\/media\/83741"}],"wp:attachment":[{"href":"https:\/\/tourtravelandmore.com\/es\/wp-json\/wp\/v2\/media?parent=18066"}],"wp:term":[{"taxonomy":"product_brand","embeddable":true,"href":"https:\/\/tourtravelandmore.com\/es\/wp-json\/wp\/v2\/product_brand?post=18066"},{"taxonomy":"product_cat","embeddable":true,"href":"https:\/\/tourtravelandmore.com\/es\/wp-json\/wp\/v2\/product_cat?post=18066"},{"taxonomy":"product_tag","embeddable":true,"href":"https:\/\/tourtravelandmore.com\/es\/wp-json\/wp\/v2\/product_tag?post=18066"}],"curies":[{"name":"wp","href":"https:\/\/api.w.org\/{rel}","templated":true}]}}