{"id":18027,"date":"2018-02-14T13:12:03","date_gmt":"2018-02-14T13:58:07","guid":{"rendered":"http:\/\/tourtravelandmore.com\/es\/?post_type=product&#038;p=18027"},"modified":"2022-04-29T09:16:01","modified_gmt":"2022-04-29T07:16:01","slug":"tour-privado-siena-san-gimignano-desde-puerto-de-livorno","status":"publish","type":"product","link":"https:\/\/tourtravelandmore.com\/es\/tours\/italia-es\/livorno-es\/tour-privado-siena-san-gimignano-desde-puerto-de-livorno\/","title":{"rendered":"Tour Privado a Siena y San Gimignano desde Livorno"},"content":{"rendered":"<h2><strong>Descripci\u00f3n del Tour Privado a Siena y San Gimignano desde Livorno<\/strong><\/h2>\n<p>Disfrute de este\u00a0<strong>Tour Privado a Siena y San Gimignano desde Livorno<\/strong> c\u00f3modamente en su <strong>veh\u00edculo privado de lujo con chofer\/gu\u00eda<\/strong>.<\/p>\n<p>El <strong>puerto de Livorno<\/strong> es uno de los puertos mar\u00edtimos m\u00e1s grandes del mar Mediterr\u00e1neo. En promedio, recibe 2 millones de pasajeros cada a\u00f1o.<\/p>\n<p><strong>Siena<\/strong> es la ciudad monta\u00f1osa m\u00e1s grande y conocida de la Toscana. La ciudad fue fundada por los romanos en los a\u00f1os 62 a. C., se encuentra en la cima de tres colinas y alberga una incre\u00edble catedral.<\/p>\n<p><strong>San Gimignano<\/strong> es conocida como la ciudad de las hermosas torres <em>(&#8220;belle torri&#8221;)<\/em>. Sol\u00eda \u200b\u200bhaber 76 entre los siglos XII y XIII, hoy en d\u00eda todav\u00eda hay 13.<\/p>\n<p>Su conductor\/gu\u00eda profesional estar\u00e1 a su disposici\u00f3n durante todo el recorrido. En caso de que prefiera, podemos incluir un gu\u00eda tur\u00edstico local en Siena durante 2 horas.<\/p>\n<p>Este recorrido tiene una duraci\u00f3n total de 8 horas desde el momento de la recogida hasta el momento de devoluci\u00f3n en Livorno. En caso de que desee incluir m\u00e1s horas, solo tiene que contactarnos. Este es un recorrido privado completamente personalizado.<\/p>\n<p>Tambi\u00e9n ofrecemos un <a href=\"https:\/\/tourtravelandmore.com\/es\/tours\/italia-es\/florencia-es\/tour-privado-cinque-terre-desde-florencia\/\">tour privado de un d\u00eda completo a Cinque Terre desde la terminal de cruceros de Livorno<\/a>, \u00a1eche un vistazo!.<\/p>\n<h2><strong>Puntos de inter\u00e9s en el Tour Privado a Siena y San Gimignano desde Livorno<\/strong><\/h2>\n<p>Su conductor\/gu\u00eda privado lo recoger\u00e1 fuera de su crucero en Livorno y lo llevar\u00e1 hacia Siena y San Gimignano. Durante este tour privado a Siena y San Gimignano, podr\u00e1 disfrutar de sus lugares m\u00e1s emblem\u00e1ticos y de su gran arquitectura.<\/p>\n<p>Conducir\u00e1s a trav\u00e9s de hermosos paisajes y la <strong>zona vin\u00edcola de Chianti<\/strong>. Podr\u00e1 disfrutar de los impresionantes paisajes de una de las regiones m\u00e1s bellas de Italia.<\/p>\n<p>En primer lugar, visitar\u00e1s <strong>Siena<\/strong>. Pasar\u00e1 por el encantador castillo de Monteriggioni, ubicado despu\u00e9s del valle de Elsa, hasta llegar a la encantadora ciudad de Siena. Aqu\u00ed, visitar\u00e1s su magn\u00edfica <strong>catedral<\/strong>, <strong>la plaza principal<\/strong> y <strong>la escena del famoso Palio<\/strong>. Siena es conocido como el <em>sue\u00f1o g\u00f3tico toscano<\/em>.<\/p>\n<p>En Siena tendr\u00e1 tiempo libre para pasear por la ciudad y degustar una comida t\u00edpica de la Toscana. Podemos hacer reservas en cualquier restaurante para que no tenga que preocuparse por nada.<\/p>\n<p>En segundo lugar, se dirigir\u00e1 hacia <strong>San Gimignano<\/strong>, una de las ciudades medievales mejor conservadas de toda la Toscana con sus rascacielos medievales. Aqu\u00ed visitar\u00e1s el <strong>Duomo<\/strong>, <a href=\"http:\/\/www.sangimignanomusei.it\">Torre Grossa<\/a>, <strong>Plaza de la Cisterna<\/strong> y mucho m\u00e1s.<\/p>\n<p>Finalmente, su conductor\/gu\u00eda privado lo llevar\u00e1 de regreso a su crucero en Livorno. Si est\u00e1 interesado, podemos organizar la entrada a cualquier monumento o museo que desee visitar en cualquiera de las ciudades.<\/p>\n","protected":false},"excerpt":{"rendered":"<p>Acomp\u00e1\u00f1enos en esta<strong> excursi\u00f3n privada a Siena y San Gimignano desde Livorno.<\/strong> No pierda la oportunidad de conocer estas dos maravillosas ciudades de la Toscana y todo lo que tiene para ofrecer c\u00f3modamente en su veh\u00edculo privado de lujo con un conductor\/gu\u00eda profesional.<\/p>\n","protected":false},"featured_media":83711,"comment_status":"open","ping_status":"closed","template":"","meta":{"_acf_changed":false},"product_brand":[],"product_cat":[733,744,742,743,814],"product_tag":[],"class_list":{"0":"post-18027","1":"product","2":"type-product","3":"status-publish","4":"has-post-thumbnail","6":"product_cat-livorno-es","7":"product_cat-livorno-actividades-es","8":"product_cat-livorno-rutas-turisticas-privadas-es","9":"product_cat-livorno-excursiones-es","10":"product_cat-livorno-excursiones-privadas-cruceros-es","12":"first","13":"instock","14":"shipping-taxable","15":"purchasable","16":"product-type-simple"},"acf":[],"yoast_head":"<!-- This site is optimized with the Yoast SEO Premium plugin v25.3.1 (Yoast SEO v25.3.1) - https:\/\/yoast.com\/wordpress\/plugins\/seo\/ -->\n<title>Tour Privado a Siena y San Gimignano desde el Puerto de Livorno | TTM<\/title>\n<meta name=\"description\" content=\"Aproveche su visita a Livorno para conocer dos de las ciudades medievales m\u00e1s bonitas de la Toscana. Veh\u00edculo de lujo con chofer\/gu\u00eda a su disposici\u00f3n \u2705\" \/>\n<meta name=\"robots\" content=\"index, follow, max-snippet:-1, max-image-preview:large, max-video-preview:-1\" \/>\n<link rel=\"canonical\" href=\"https:\/\/tourtravelandmore.com\/es\/tours\/italia-es\/livorno-es\/tour-privado-siena-san-gimignano-desde-puerto-de-livorno\/\" \/>\n<meta property=\"og:locale\" content=\"es_ES\" \/>\n<meta property=\"og:type\" content=\"article\" \/>\n<meta property=\"og:title\" content=\"Tour Privado a Siena y San Gimignano desde Livorno\" \/>\n<meta property=\"og:description\" content=\"Aproveche su visita a Livorno para conocer dos de las ciudades medievales m\u00e1s bonitas de la Toscana. Veh\u00edculo de lujo con chofer\/gu\u00eda a su disposici\u00f3n \u2705\" \/>\n<meta property=\"og:url\" content=\"https:\/\/tourtravelandmore.com\/es\/tours\/italia-es\/livorno-es\/tour-privado-siena-san-gimignano-desde-puerto-de-livorno\/\" \/>\n<meta property=\"og:site_name\" content=\"Tour Travel And More\" \/>\n<meta property=\"article:publisher\" content=\"https:\/\/www.facebook.com\/tourtravelandmore\/\" \/>\n<meta property=\"article:modified_time\" content=\"2022-04-29T07:16:01+00:00\" \/>\n<meta property=\"og:image\" content=\"https:\/\/tourtravelandmore.com\/wp-content\/uploads\/2018\/02\/siena-1.2-scaled.jpg\" \/>\n\t<meta property=\"og:image:width\" content=\"2560\" \/>\n\t<meta property=\"og:image:height\" content=\"2213\" \/>\n\t<meta property=\"og:image:type\" content=\"image\/jpeg\" \/>\n<meta name=\"twitter:card\" content=\"summary_large_image\" \/>\n<meta name=\"twitter:site\" content=\"@TourTravel_More\" \/>\n<meta name=\"twitter:label1\" content=\"Tiempo de lectura\" \/>\n\t<meta name=\"twitter:data1\" content=\"2 minutos\" \/>\n<script type=\"application\/ld+json\" class=\"yoast-schema-graph\">{\"@context\":\"https:\/\/schema.org\",\"@graph\":[{\"@type\":\"WebPage\",\"@id\":\"https:\/\/tourtravelandmore.com\/es\/tours\/italia-es\/livorno-es\/tour-privado-siena-san-gimignano-desde-puerto-de-livorno\/\",\"url\":\"https:\/\/tourtravelandmore.com\/es\/tours\/italia-es\/livorno-es\/tour-privado-siena-san-gimignano-desde-puerto-de-livorno\/\",\"name\":\"Tour Privado a Siena y San Gimignano desde el Puerto de Livorno | TTM\",\"isPartOf\":{\"@id\":\"https:\/\/tourtravelandmore.com\/es\/#website\"},\"primaryImageOfPage\":{\"@id\":\"https:\/\/tourtravelandmore.com\/es\/tours\/italia-es\/livorno-es\/tour-privado-siena-san-gimignano-desde-puerto-de-livorno\/#primaryimage\"},\"image\":{\"@id\":\"https:\/\/tourtravelandmore.com\/es\/tours\/italia-es\/livorno-es\/tour-privado-siena-san-gimignano-desde-puerto-de-livorno\/#primaryimage\"},\"thumbnailUrl\":\"https:\/\/tourtravelandmore.com\/wp-content\/uploads\/2018\/02\/siena-1.2-scaled.jpg\",\"datePublished\":\"2018-02-14T13:58:07+00:00\",\"dateModified\":\"2022-04-29T07:16:01+00:00\",\"description\":\"Aproveche su visita a Livorno para conocer dos de las ciudades medievales m\u00e1s bonitas de la Toscana. Veh\u00edculo de lujo con chofer\/gu\u00eda a su disposici\u00f3n \u2705\",\"breadcrumb\":{\"@id\":\"https:\/\/tourtravelandmore.com\/es\/tours\/italia-es\/livorno-es\/tour-privado-siena-san-gimignano-desde-puerto-de-livorno\/#breadcrumb\"},\"inLanguage\":\"es\",\"potentialAction\":[{\"@type\":\"ReadAction\",\"target\":[\"https:\/\/tourtravelandmore.com\/es\/tours\/italia-es\/livorno-es\/tour-privado-siena-san-gimignano-desde-puerto-de-livorno\/\"]}]},{\"@type\":\"ImageObject\",\"inLanguage\":\"es\",\"@id\":\"https:\/\/tourtravelandmore.com\/es\/tours\/italia-es\/livorno-es\/tour-privado-siena-san-gimignano-desde-puerto-de-livorno\/#primaryimage\",\"url\":\"https:\/\/tourtravelandmore.com\/wp-content\/uploads\/2018\/02\/siena-1.2-scaled.jpg\",\"contentUrl\":\"https:\/\/tourtravelandmore.com\/wp-content\/uploads\/2018\/02\/siena-1.2-scaled.jpg\",\"width\":2560,\"height\":2213,\"caption\":\"Duomo di Siena\"},{\"@type\":\"BreadcrumbList\",\"@id\":\"https:\/\/tourtravelandmore.com\/es\/tours\/italia-es\/livorno-es\/tour-privado-siena-san-gimignano-desde-puerto-de-livorno\/#breadcrumb\",\"itemListElement\":[{\"@type\":\"ListItem\",\"position\":1,\"name\":\"Home\",\"item\":\"https:\/\/tourtravelandmore.com\/es\/\"},{\"@type\":\"ListItem\",\"position\":2,\"name\":\"Tours\",\"item\":\"https:\/\/tourtravelandmore.com\/es\/tours\/\"},{\"@type\":\"ListItem\",\"position\":3,\"name\":\"Tour Privado a Siena y San Gimignano desde Livorno\"}]},{\"@type\":\"WebSite\",\"@id\":\"https:\/\/tourtravelandmore.com\/es\/#website\",\"url\":\"https:\/\/tourtravelandmore.com\/es\/\",\"name\":\"Tour Travel And More\",\"description\":\"Private sightseeing tours and luxury transfers in Spain\",\"publisher\":{\"@id\":\"https:\/\/tourtravelandmore.com\/es\/#organization\"},\"potentialAction\":[{\"@type\":\"SearchAction\",\"target\":{\"@type\":\"EntryPoint\",\"urlTemplate\":\"https:\/\/tourtravelandmore.com\/es\/?s={search_term_string}\"},\"query-input\":{\"@type\":\"PropertyValueSpecification\",\"valueRequired\":true,\"valueName\":\"search_term_string\"}}],\"inLanguage\":\"es\"},{\"@type\":\"Organization\",\"@id\":\"https:\/\/tourtravelandmore.com\/es\/#organization\",\"name\":\"Tour Travel And More\",\"url\":\"https:\/\/tourtravelandmore.com\/es\/\",\"logo\":{\"@type\":\"ImageObject\",\"inLanguage\":\"es\",\"@id\":\"https:\/\/tourtravelandmore.com\/es\/#\/schema\/logo\/image\/\",\"url\":\"https:\/\/tourtravelandmore.com\/wp-content\/uploads\/2022\/12\/cropped-logo-cabecera-new.png\",\"contentUrl\":\"https:\/\/tourtravelandmore.com\/wp-content\/uploads\/2022\/12\/cropped-logo-cabecera-new.png\",\"width\":430,\"height\":61,\"caption\":\"Tour Travel And More\"},\"image\":{\"@id\":\"https:\/\/tourtravelandmore.com\/es\/#\/schema\/logo\/image\/\"},\"sameAs\":[\"https:\/\/www.facebook.com\/tourtravelandmore\/\",\"https:\/\/x.com\/TourTravel_More\"]}]}<\/script>\n<!-- \/ Yoast SEO Premium plugin. -->","yoast_head_json":{"title":"Tour Privado a Siena y San Gimignano desde el Puerto de Livorno | TTM","description":"Aproveche su visita a Livorno para conocer dos de las ciudades medievales m\u00e1s bonitas de la Toscana. Veh\u00edculo de lujo con chofer\/gu\u00eda a su disposici\u00f3n \u2705","robots":{"index":"index","follow":"follow","max-snippet":"max-snippet:-1","max-image-preview":"max-image-preview:large","max-video-preview":"max-video-preview:-1"},"canonical":"https:\/\/tourtravelandmore.com\/es\/tours\/italia-es\/livorno-es\/tour-privado-siena-san-gimignano-desde-puerto-de-livorno\/","og_locale":"es_ES","og_type":"article","og_title":"Tour Privado a Siena y San Gimignano desde Livorno","og_description":"Aproveche su visita a Livorno para conocer dos de las ciudades medievales m\u00e1s bonitas de la Toscana. Veh\u00edculo de lujo con chofer\/gu\u00eda a su disposici\u00f3n \u2705","og_url":"https:\/\/tourtravelandmore.com\/es\/tours\/italia-es\/livorno-es\/tour-privado-siena-san-gimignano-desde-puerto-de-livorno\/","og_site_name":"Tour Travel And More","article_publisher":"https:\/\/www.facebook.com\/tourtravelandmore\/","article_modified_time":"2022-04-29T07:16:01+00:00","og_image":[{"width":2560,"height":2213,"url":"https:\/\/tourtravelandmore.com\/wp-content\/uploads\/2018\/02\/siena-1.2-scaled.jpg","type":"image\/jpeg"}],"twitter_card":"summary_large_image","twitter_site":"@TourTravel_More","twitter_misc":{"Tiempo de lectura":"2 minutos"},"schema":{"@context":"https:\/\/schema.org","@graph":[{"@type":"WebPage","@id":"https:\/\/tourtravelandmore.com\/es\/tours\/italia-es\/livorno-es\/tour-privado-siena-san-gimignano-desde-puerto-de-livorno\/","url":"https:\/\/tourtravelandmore.com\/es\/tours\/italia-es\/livorno-es\/tour-privado-siena-san-gimignano-desde-puerto-de-livorno\/","name":"Tour Privado a Siena y San Gimignano desde el Puerto de Livorno | TTM","isPartOf":{"@id":"https:\/\/tourtravelandmore.com\/es\/#website"},"primaryImageOfPage":{"@id":"https:\/\/tourtravelandmore.com\/es\/tours\/italia-es\/livorno-es\/tour-privado-siena-san-gimignano-desde-puerto-de-livorno\/#primaryimage"},"image":{"@id":"https:\/\/tourtravelandmore.com\/es\/tours\/italia-es\/livorno-es\/tour-privado-siena-san-gimignano-desde-puerto-de-livorno\/#primaryimage"},"thumbnailUrl":"https:\/\/tourtravelandmore.com\/wp-content\/uploads\/2018\/02\/siena-1.2-scaled.jpg","datePublished":"2018-02-14T13:58:07+00:00","dateModified":"2022-04-29T07:16:01+00:00","description":"Aproveche su visita a Livorno para conocer dos de las ciudades medievales m\u00e1s bonitas de la Toscana. Veh\u00edculo de lujo con chofer\/gu\u00eda a su disposici\u00f3n \u2705","breadcrumb":{"@id":"https:\/\/tourtravelandmore.com\/es\/tours\/italia-es\/livorno-es\/tour-privado-siena-san-gimignano-desde-puerto-de-livorno\/#breadcrumb"},"inLanguage":"es","potentialAction":[{"@type":"ReadAction","target":["https:\/\/tourtravelandmore.com\/es\/tours\/italia-es\/livorno-es\/tour-privado-siena-san-gimignano-desde-puerto-de-livorno\/"]}]},{"@type":"ImageObject","inLanguage":"es","@id":"https:\/\/tourtravelandmore.com\/es\/tours\/italia-es\/livorno-es\/tour-privado-siena-san-gimignano-desde-puerto-de-livorno\/#primaryimage","url":"https:\/\/tourtravelandmore.com\/wp-content\/uploads\/2018\/02\/siena-1.2-scaled.jpg","contentUrl":"https:\/\/tourtravelandmore.com\/wp-content\/uploads\/2018\/02\/siena-1.2-scaled.jpg","width":2560,"height":2213,"caption":"Duomo di Siena"},{"@type":"BreadcrumbList","@id":"https:\/\/tourtravelandmore.com\/es\/tours\/italia-es\/livorno-es\/tour-privado-siena-san-gimignano-desde-puerto-de-livorno\/#breadcrumb","itemListElement":[{"@type":"ListItem","position":1,"name":"Home","item":"https:\/\/tourtravelandmore.com\/es\/"},{"@type":"ListItem","position":2,"name":"Tours","item":"https:\/\/tourtravelandmore.com\/es\/tours\/"},{"@type":"ListItem","position":3,"name":"Tour Privado a Siena y San Gimignano desde Livorno"}]},{"@type":"WebSite","@id":"https:\/\/tourtravelandmore.com\/es\/#website","url":"https:\/\/tourtravelandmore.com\/es\/","name":"Tour Travel And More","description":"Private sightseeing tours and luxury transfers in Spain","publisher":{"@id":"https:\/\/tourtravelandmore.com\/es\/#organization"},"potentialAction":[{"@type":"SearchAction","target":{"@type":"EntryPoint","urlTemplate":"https:\/\/tourtravelandmore.com\/es\/?s={search_term_string}"},"query-input":{"@type":"PropertyValueSpecification","valueRequired":true,"valueName":"search_term_string"}}],"inLanguage":"es"},{"@type":"Organization","@id":"https:\/\/tourtravelandmore.com\/es\/#organization","name":"Tour Travel And More","url":"https:\/\/tourtravelandmore.com\/es\/","logo":{"@type":"ImageObject","inLanguage":"es","@id":"https:\/\/tourtravelandmore.com\/es\/#\/schema\/logo\/image\/","url":"https:\/\/tourtravelandmore.com\/wp-content\/uploads\/2022\/12\/cropped-logo-cabecera-new.png","contentUrl":"https:\/\/tourtravelandmore.com\/wp-content\/uploads\/2022\/12\/cropped-logo-cabecera-new.png","width":430,"height":61,"caption":"Tour Travel And More"},"image":{"@id":"https:\/\/tourtravelandmore.com\/es\/#\/schema\/logo\/image\/"},"sameAs":["https:\/\/www.facebook.com\/tourtravelandmore\/","https:\/\/x.com\/TourTravel_More"]}]}},"_links":{"self":[{"href":"https:\/\/tourtravelandmore.com\/es\/wp-json\/wp\/v2\/product\/18027","targetHints":{"allow":["GET"]}}],"collection":[{"href":"https:\/\/tourtravelandmore.com\/es\/wp-json\/wp\/v2\/product"}],"about":[{"href":"https:\/\/tourtravelandmore.com\/es\/wp-json\/wp\/v2\/types\/product"}],"replies":[{"embeddable":true,"href":"https:\/\/tourtravelandmore.com\/es\/wp-json\/wp\/v2\/comments?post=18027"}],"wp:featuredmedia":[{"embeddable":true,"href":"https:\/\/tourtravelandmore.com\/es\/wp-json\/wp\/v2\/media\/83711"}],"wp:attachment":[{"href":"https:\/\/tourtravelandmore.com\/es\/wp-json\/wp\/v2\/media?parent=18027"}],"wp:term":[{"taxonomy":"product_brand","embeddable":true,"href":"https:\/\/tourtravelandmore.com\/es\/wp-json\/wp\/v2\/product_brand?post=18027"},{"taxonomy":"product_cat","embeddable":true,"href":"https:\/\/tourtravelandmore.com\/es\/wp-json\/wp\/v2\/product_cat?post=18027"},{"taxonomy":"product_tag","embeddable":true,"href":"https:\/\/tourtravelandmore.com\/es\/wp-json\/wp\/v2\/product_tag?post=18027"}],"curies":[{"name":"wp","href":"https:\/\/api.w.org\/{rel}","templated":true}]}}