{"id":17988,"date":"2018-02-13T14:03:39","date_gmt":"2018-02-13T13:39:43","guid":{"rendered":"http:\/\/tourtravelandmore.com\/es\/?post_type=product&#038;p=17988"},"modified":"2023-11-24T18:42:41","modified_gmt":"2023-11-24T17:42:41","slug":"tour-privado-2-horas-en-florencia-galleria-accademia-con-guia-oficial","status":"publish","type":"product","link":"https:\/\/tourtravelandmore.com\/es\/tours\/italia-es\/florencia-es\/tour-privado-2-horas-en-florencia-galleria-accademia-con-guia-oficial\/","title":{"rendered":"Tour Privado de la Galer\u00eda Accademia"},"content":{"rendered":"<h2><b>Descripci\u00f3n del Tour Privado de la Galer\u00eda Accademia<\/b><\/h2>\n<p><span style=\"font-weight: 400;\">Disfrute de uno de los museos m\u00e1s emblem\u00e1ticos de Florencia durante este Tour Privado de la Galer\u00eda Accademia. Descubra la historia de la galer\u00eda, donde el David de Miguel \u00c1ngel est\u00e1 alojado, con su gu\u00eda oficial privado.<\/span><\/p>\n<p><span style=\"font-weight: 400;\">Florencia es la capital de la regi\u00f3n de Toscana, y ha sido el lugar principal para cada nueva etapa del arte en Italia. El arte y la creatividad est\u00e1n presentes en cada calle, as\u00ed como en la gran cantidad de iglesias, museos y monumentos.<\/span><\/p>\n<p><span style=\"font-weight: 400;\">Caminar\u00e1s junto a un gu\u00eda tur\u00edstico oficial, que te iluminar\u00e1 con los secretos y la historia de esta incre\u00edble ciudad.<\/span><\/p>\n<p><span style=\"font-weight: 400;\">La Galer\u00eda de la Accademia es el museo m\u00e1s rico de Florencia acerca sobre el gran Miguel \u00c1ngel. Descubrir\u00e1 obras terminadas e inacabadas de grandes artistas. Su principal atracci\u00f3n es la escultura de El David. Para entender c\u00f3mo pudo terminar esta obra con tan solo 26 a\u00f1os, tambi\u00e9n debe ver una de sus obras: \u00ablos prisioneros\u00bb.<\/span><\/p>\n<p><span style=\"font-weight: 400;\">Como todos nuestros tours, este tour privado de la Galer\u00eda de la Accademia es un recorrido completamente personalizado. Podemos organizarlo para satisfacer sus propias necesidades y deseos personales. Si tiene algo en mente, av\u00edsenos y haremos todo lo posible para incluirlo.<\/span><\/p>\n<p><span style=\"font-weight: 400;\">Si est\u00e1 interesado en un recorrido privado a pie para visitar los lugares m\u00e1s importantes de Florencia, eche un vistazo a nuestro <\/span><a href=\"https:\/\/tourtravelandmore.com\/es\/tours\/italia-es\/florencia-es\/tour-privado-pie-por-florencia\/\"><span style=\"font-weight: 400;\">tour privado a pie por Florencia.<\/span><\/a><\/p>\n<h2><b>Puntos de inter\u00e9s en el Tour Privado de la Galer\u00eda Accademia<\/b><\/h2>\n<p><span style=\"font-weight: 400;\">En primer lugar, se encontrar\u00e1 con su gu\u00eda oficial privado en la entrada principal de la Galer\u00eda de la Accademia. En caso de que su hotel se encuentre a poca distancia, podemos organizar la recogida desde all\u00ed.<\/span><\/p>\n<p><span style=\"font-weight: 400;\">Durante este recorrido privado a pie, descubrir\u00e1 todos los secretos y la historia del gran Miguel \u00c1ngel. Tendr\u00e1 a su disposici\u00f3n un gu\u00eda oficial privado especializado en historia del arte. La entrada a la <\/span><a href=\"https:\/\/webshop.b-ticket.com\/webshop\/webticket\/eventlist\"><span style=\"font-weight: 400;\">Galer\u00eda de la Accademia<\/span><\/a><span style=\"font-weight: 400;\"> est\u00e1 incluida en el precio.<\/span><\/p>\n<p><span style=\"font-weight: 400;\">A continuaci\u00f3n le explicamos por qu\u00e9 no puede perderse de estas esculturas y obras de arte, ya que tienen una incre\u00edble historia y significado para la humanidad: <\/span><b>El David, <\/b><b>Madonna del Mare, <\/b><b>Venus y Cupido, de Pontormo, <\/b><b>Cassone Adimari, de Scheggia, <\/b><b>Sala del Duecento, <\/b><b>Tribuna de David, <\/b><b>Sala Di Giovanni<\/b><\/p>\n<p><span style=\"font-weight: 400;\">Podr\u00e1 admirar una extensa colecci\u00f3n de un tiempo glorioso en la Historia del Arte Italiano: el Renacimiento.<\/span><\/p>\n<p><span style=\"font-weight: 400;\">Finalmente, su gu\u00eda oficial lo dejar\u00e1 en la entrada de la Galer\u00eda de la Accademia. En caso de que prefiera, tambi\u00e9n podr\u00e1 dejarlo dentro si desea continuar recorriendo la galer\u00eda por su cuenta. Este recorrido privado tiene una duraci\u00f3n de 2 horas, donde su gu\u00eda privado estar\u00e1 a su entera disposici\u00f3n.<\/span><\/p>\n<p><span style=\"font-weight: 400;\">Como puede ver este tour privado por la galer\u00eda de la academia es una visita imperdonable si est\u00e1 en Florencia, usted y sus acompa\u00f1antes disfrutar\u00e1 conociendo estas obras maestras y ser\u00e1 una recuerdo para toda su vida.<\/span><\/p>\n<p><span style=\"font-weight: 400;\">Si desea conocer m\u00e1s de Florencia, por favor visite nuestros<\/span><a href=\"https:\/\/tourtravelandmore.com\/es\/ciudad\/italia-es\/florencia-es\/\"><span style=\"font-weight: 400;\"> tours privados en esta regi\u00f3n italiana.<\/span><\/a><\/p>\n","protected":false},"excerpt":{"rendered":"<p><span style=\"font-weight: 400;\">El recorrido privado de la Galer\u00eda de la Academia es una experiencia privada de dos horas que lo lleva a trav\u00e9s de los aspectos m\u00e1s destacados de la galer\u00eda y es perfecto para aquellos que buscan una experiencia \u00fanica en Florencia.<\/span><\/p>\n","protected":false},"featured_media":17987,"comment_status":"open","ping_status":"closed","template":"","meta":{"_acf_changed":false},"product_brand":[],"product_cat":[412,413,416],"product_tag":[],"class_list":{"0":"post-17988","1":"product","2":"type-product","3":"status-publish","4":"has-post-thumbnail","6":"product_cat-florencia-es","7":"product_cat-florencia-actividades-es","8":"product_cat-florencia-tours-privados-pie-es","10":"first","11":"instock","12":"shipping-taxable","13":"purchasable","14":"product-type-simple"},"acf":[],"yoast_head":"<!-- This site is optimized with the Yoast SEO Premium plugin v25.3.1 (Yoast SEO v25.3.1) - https:\/\/yoast.com\/wordpress\/plugins\/seo\/ -->\n<title>\u27a1\ufe0f Tour Privado de la Galer\u00eda Accademia | Tour Travel &amp; More<\/title>\n<meta name=\"description\" content=\"Reserva ya este tour privado de la galer\u00eda accademia, ser\u00e1 una experiencia privada de lujo e inolvidable | Tour Travel &amp; More \u2705\" \/>\n<meta name=\"robots\" content=\"index, follow, max-snippet:-1, max-image-preview:large, max-video-preview:-1\" \/>\n<link rel=\"canonical\" href=\"https:\/\/tourtravelandmore.com\/es\/tours\/italia-es\/florencia-es\/tour-privado-2-horas-en-florencia-galleria-accademia-con-guia-oficial\/\" \/>\n<meta property=\"og:locale\" content=\"es_ES\" \/>\n<meta property=\"og:type\" content=\"article\" \/>\n<meta property=\"og:title\" content=\"Tour Privado de la Galer\u00eda Accademia\" \/>\n<meta property=\"og:description\" content=\"Reserva ya este tour privado de la galer\u00eda accademia, ser\u00e1 una experiencia privada de lujo e inolvidable | Tour Travel &amp; More \u2705\" \/>\n<meta property=\"og:url\" content=\"https:\/\/tourtravelandmore.com\/es\/tours\/italia-es\/florencia-es\/tour-privado-2-horas-en-florencia-galleria-accademia-con-guia-oficial\/\" \/>\n<meta property=\"og:site_name\" content=\"Tour Travel And More\" \/>\n<meta property=\"article:publisher\" content=\"https:\/\/www.facebook.com\/tourtravelandmore\/\" \/>\n<meta property=\"article:modified_time\" content=\"2023-11-24T17:42:41+00:00\" \/>\n<meta property=\"og:image\" content=\"https:\/\/tourtravelandmore.com\/wp-content\/uploads\/2018\/02\/David_by_Michelangelo_in_The_Gallery_of_the_Accademia_di_Belle_Arti.jpg\" \/>\n\t<meta property=\"og:image:width\" content=\"1024\" \/>\n\t<meta property=\"og:image:height\" content=\"683\" \/>\n\t<meta property=\"og:image:type\" content=\"image\/jpeg\" \/>\n<meta name=\"twitter:card\" content=\"summary_large_image\" \/>\n<meta name=\"twitter:site\" content=\"@TourTravel_More\" \/>\n<meta name=\"twitter:label1\" content=\"Tiempo de lectura\" \/>\n\t<meta name=\"twitter:data1\" content=\"3 minutos\" \/>\n<script type=\"application\/ld+json\" class=\"yoast-schema-graph\">{\"@context\":\"https:\/\/schema.org\",\"@graph\":[{\"@type\":\"WebPage\",\"@id\":\"https:\/\/tourtravelandmore.com\/es\/tours\/italia-es\/florencia-es\/tour-privado-2-horas-en-florencia-galleria-accademia-con-guia-oficial\/\",\"url\":\"https:\/\/tourtravelandmore.com\/es\/tours\/italia-es\/florencia-es\/tour-privado-2-horas-en-florencia-galleria-accademia-con-guia-oficial\/\",\"name\":\"\u27a1\ufe0f Tour Privado de la Galer\u00eda Accademia | Tour Travel & More\",\"isPartOf\":{\"@id\":\"https:\/\/tourtravelandmore.com\/es\/#website\"},\"primaryImageOfPage\":{\"@id\":\"https:\/\/tourtravelandmore.com\/es\/tours\/italia-es\/florencia-es\/tour-privado-2-horas-en-florencia-galleria-accademia-con-guia-oficial\/#primaryimage\"},\"image\":{\"@id\":\"https:\/\/tourtravelandmore.com\/es\/tours\/italia-es\/florencia-es\/tour-privado-2-horas-en-florencia-galleria-accademia-con-guia-oficial\/#primaryimage\"},\"thumbnailUrl\":\"https:\/\/tourtravelandmore.com\/wp-content\/uploads\/2018\/02\/David_by_Michelangelo_in_The_Gallery_of_the_Accademia_di_Belle_Arti.jpg\",\"datePublished\":\"2018-02-13T13:39:43+00:00\",\"dateModified\":\"2023-11-24T17:42:41+00:00\",\"description\":\"Reserva ya este tour privado de la galer\u00eda accademia, ser\u00e1 una experiencia privada de lujo e inolvidable | Tour Travel & More \u2705\",\"breadcrumb\":{\"@id\":\"https:\/\/tourtravelandmore.com\/es\/tours\/italia-es\/florencia-es\/tour-privado-2-horas-en-florencia-galleria-accademia-con-guia-oficial\/#breadcrumb\"},\"inLanguage\":\"es\",\"potentialAction\":[{\"@type\":\"ReadAction\",\"target\":[\"https:\/\/tourtravelandmore.com\/es\/tours\/italia-es\/florencia-es\/tour-privado-2-horas-en-florencia-galleria-accademia-con-guia-oficial\/\"]}]},{\"@type\":\"ImageObject\",\"inLanguage\":\"es\",\"@id\":\"https:\/\/tourtravelandmore.com\/es\/tours\/italia-es\/florencia-es\/tour-privado-2-horas-en-florencia-galleria-accademia-con-guia-oficial\/#primaryimage\",\"url\":\"https:\/\/tourtravelandmore.com\/wp-content\/uploads\/2018\/02\/David_by_Michelangelo_in_The_Gallery_of_the_Accademia_di_Belle_Arti.jpg\",\"contentUrl\":\"https:\/\/tourtravelandmore.com\/wp-content\/uploads\/2018\/02\/David_by_Michelangelo_in_The_Gallery_of_the_Accademia_di_Belle_Arti.jpg\",\"width\":1024,\"height\":683},{\"@type\":\"BreadcrumbList\",\"@id\":\"https:\/\/tourtravelandmore.com\/es\/tours\/italia-es\/florencia-es\/tour-privado-2-horas-en-florencia-galleria-accademia-con-guia-oficial\/#breadcrumb\",\"itemListElement\":[{\"@type\":\"ListItem\",\"position\":1,\"name\":\"Home\",\"item\":\"https:\/\/tourtravelandmore.com\/es\/\"},{\"@type\":\"ListItem\",\"position\":2,\"name\":\"Tours\",\"item\":\"https:\/\/tourtravelandmore.com\/es\/tours\/\"},{\"@type\":\"ListItem\",\"position\":3,\"name\":\"Tour Privado de la Galer\u00eda Accademia\"}]},{\"@type\":\"WebSite\",\"@id\":\"https:\/\/tourtravelandmore.com\/es\/#website\",\"url\":\"https:\/\/tourtravelandmore.com\/es\/\",\"name\":\"Tour Travel And More\",\"description\":\"Private sightseeing tours and luxury transfers in Spain\",\"publisher\":{\"@id\":\"https:\/\/tourtravelandmore.com\/es\/#organization\"},\"potentialAction\":[{\"@type\":\"SearchAction\",\"target\":{\"@type\":\"EntryPoint\",\"urlTemplate\":\"https:\/\/tourtravelandmore.com\/es\/?s={search_term_string}\"},\"query-input\":{\"@type\":\"PropertyValueSpecification\",\"valueRequired\":true,\"valueName\":\"search_term_string\"}}],\"inLanguage\":\"es\"},{\"@type\":\"Organization\",\"@id\":\"https:\/\/tourtravelandmore.com\/es\/#organization\",\"name\":\"Tour Travel And More\",\"url\":\"https:\/\/tourtravelandmore.com\/es\/\",\"logo\":{\"@type\":\"ImageObject\",\"inLanguage\":\"es\",\"@id\":\"https:\/\/tourtravelandmore.com\/es\/#\/schema\/logo\/image\/\",\"url\":\"https:\/\/tourtravelandmore.com\/wp-content\/uploads\/2022\/12\/cropped-logo-cabecera-new.png\",\"contentUrl\":\"https:\/\/tourtravelandmore.com\/wp-content\/uploads\/2022\/12\/cropped-logo-cabecera-new.png\",\"width\":430,\"height\":61,\"caption\":\"Tour Travel And More\"},\"image\":{\"@id\":\"https:\/\/tourtravelandmore.com\/es\/#\/schema\/logo\/image\/\"},\"sameAs\":[\"https:\/\/www.facebook.com\/tourtravelandmore\/\",\"https:\/\/x.com\/TourTravel_More\"]}]}<\/script>\n<!-- \/ Yoast SEO Premium plugin. -->","yoast_head_json":{"title":"\u27a1\ufe0f Tour Privado de la Galer\u00eda Accademia | Tour Travel & More","description":"Reserva ya este tour privado de la galer\u00eda accademia, ser\u00e1 una experiencia privada de lujo e inolvidable | Tour Travel & More \u2705","robots":{"index":"index","follow":"follow","max-snippet":"max-snippet:-1","max-image-preview":"max-image-preview:large","max-video-preview":"max-video-preview:-1"},"canonical":"https:\/\/tourtravelandmore.com\/es\/tours\/italia-es\/florencia-es\/tour-privado-2-horas-en-florencia-galleria-accademia-con-guia-oficial\/","og_locale":"es_ES","og_type":"article","og_title":"Tour Privado de la Galer\u00eda Accademia","og_description":"Reserva ya este tour privado de la galer\u00eda accademia, ser\u00e1 una experiencia privada de lujo e inolvidable | Tour Travel & More \u2705","og_url":"https:\/\/tourtravelandmore.com\/es\/tours\/italia-es\/florencia-es\/tour-privado-2-horas-en-florencia-galleria-accademia-con-guia-oficial\/","og_site_name":"Tour Travel And More","article_publisher":"https:\/\/www.facebook.com\/tourtravelandmore\/","article_modified_time":"2023-11-24T17:42:41+00:00","og_image":[{"width":1024,"height":683,"url":"https:\/\/tourtravelandmore.com\/wp-content\/uploads\/2018\/02\/David_by_Michelangelo_in_The_Gallery_of_the_Accademia_di_Belle_Arti.jpg","type":"image\/jpeg"}],"twitter_card":"summary_large_image","twitter_site":"@TourTravel_More","twitter_misc":{"Tiempo de lectura":"3 minutos"},"schema":{"@context":"https:\/\/schema.org","@graph":[{"@type":"WebPage","@id":"https:\/\/tourtravelandmore.com\/es\/tours\/italia-es\/florencia-es\/tour-privado-2-horas-en-florencia-galleria-accademia-con-guia-oficial\/","url":"https:\/\/tourtravelandmore.com\/es\/tours\/italia-es\/florencia-es\/tour-privado-2-horas-en-florencia-galleria-accademia-con-guia-oficial\/","name":"\u27a1\ufe0f Tour Privado de la Galer\u00eda Accademia | Tour Travel & More","isPartOf":{"@id":"https:\/\/tourtravelandmore.com\/es\/#website"},"primaryImageOfPage":{"@id":"https:\/\/tourtravelandmore.com\/es\/tours\/italia-es\/florencia-es\/tour-privado-2-horas-en-florencia-galleria-accademia-con-guia-oficial\/#primaryimage"},"image":{"@id":"https:\/\/tourtravelandmore.com\/es\/tours\/italia-es\/florencia-es\/tour-privado-2-horas-en-florencia-galleria-accademia-con-guia-oficial\/#primaryimage"},"thumbnailUrl":"https:\/\/tourtravelandmore.com\/wp-content\/uploads\/2018\/02\/David_by_Michelangelo_in_The_Gallery_of_the_Accademia_di_Belle_Arti.jpg","datePublished":"2018-02-13T13:39:43+00:00","dateModified":"2023-11-24T17:42:41+00:00","description":"Reserva ya este tour privado de la galer\u00eda accademia, ser\u00e1 una experiencia privada de lujo e inolvidable | Tour Travel & More \u2705","breadcrumb":{"@id":"https:\/\/tourtravelandmore.com\/es\/tours\/italia-es\/florencia-es\/tour-privado-2-horas-en-florencia-galleria-accademia-con-guia-oficial\/#breadcrumb"},"inLanguage":"es","potentialAction":[{"@type":"ReadAction","target":["https:\/\/tourtravelandmore.com\/es\/tours\/italia-es\/florencia-es\/tour-privado-2-horas-en-florencia-galleria-accademia-con-guia-oficial\/"]}]},{"@type":"ImageObject","inLanguage":"es","@id":"https:\/\/tourtravelandmore.com\/es\/tours\/italia-es\/florencia-es\/tour-privado-2-horas-en-florencia-galleria-accademia-con-guia-oficial\/#primaryimage","url":"https:\/\/tourtravelandmore.com\/wp-content\/uploads\/2018\/02\/David_by_Michelangelo_in_The_Gallery_of_the_Accademia_di_Belle_Arti.jpg","contentUrl":"https:\/\/tourtravelandmore.com\/wp-content\/uploads\/2018\/02\/David_by_Michelangelo_in_The_Gallery_of_the_Accademia_di_Belle_Arti.jpg","width":1024,"height":683},{"@type":"BreadcrumbList","@id":"https:\/\/tourtravelandmore.com\/es\/tours\/italia-es\/florencia-es\/tour-privado-2-horas-en-florencia-galleria-accademia-con-guia-oficial\/#breadcrumb","itemListElement":[{"@type":"ListItem","position":1,"name":"Home","item":"https:\/\/tourtravelandmore.com\/es\/"},{"@type":"ListItem","position":2,"name":"Tours","item":"https:\/\/tourtravelandmore.com\/es\/tours\/"},{"@type":"ListItem","position":3,"name":"Tour Privado de la Galer\u00eda Accademia"}]},{"@type":"WebSite","@id":"https:\/\/tourtravelandmore.com\/es\/#website","url":"https:\/\/tourtravelandmore.com\/es\/","name":"Tour Travel And More","description":"Private sightseeing tours and luxury transfers in Spain","publisher":{"@id":"https:\/\/tourtravelandmore.com\/es\/#organization"},"potentialAction":[{"@type":"SearchAction","target":{"@type":"EntryPoint","urlTemplate":"https:\/\/tourtravelandmore.com\/es\/?s={search_term_string}"},"query-input":{"@type":"PropertyValueSpecification","valueRequired":true,"valueName":"search_term_string"}}],"inLanguage":"es"},{"@type":"Organization","@id":"https:\/\/tourtravelandmore.com\/es\/#organization","name":"Tour Travel And More","url":"https:\/\/tourtravelandmore.com\/es\/","logo":{"@type":"ImageObject","inLanguage":"es","@id":"https:\/\/tourtravelandmore.com\/es\/#\/schema\/logo\/image\/","url":"https:\/\/tourtravelandmore.com\/wp-content\/uploads\/2022\/12\/cropped-logo-cabecera-new.png","contentUrl":"https:\/\/tourtravelandmore.com\/wp-content\/uploads\/2022\/12\/cropped-logo-cabecera-new.png","width":430,"height":61,"caption":"Tour Travel And More"},"image":{"@id":"https:\/\/tourtravelandmore.com\/es\/#\/schema\/logo\/image\/"},"sameAs":["https:\/\/www.facebook.com\/tourtravelandmore\/","https:\/\/x.com\/TourTravel_More"]}]}},"_links":{"self":[{"href":"https:\/\/tourtravelandmore.com\/es\/wp-json\/wp\/v2\/product\/17988","targetHints":{"allow":["GET"]}}],"collection":[{"href":"https:\/\/tourtravelandmore.com\/es\/wp-json\/wp\/v2\/product"}],"about":[{"href":"https:\/\/tourtravelandmore.com\/es\/wp-json\/wp\/v2\/types\/product"}],"replies":[{"embeddable":true,"href":"https:\/\/tourtravelandmore.com\/es\/wp-json\/wp\/v2\/comments?post=17988"}],"wp:featuredmedia":[{"embeddable":true,"href":"https:\/\/tourtravelandmore.com\/es\/wp-json\/wp\/v2\/media\/17987"}],"wp:attachment":[{"href":"https:\/\/tourtravelandmore.com\/es\/wp-json\/wp\/v2\/media?parent=17988"}],"wp:term":[{"taxonomy":"product_brand","embeddable":true,"href":"https:\/\/tourtravelandmore.com\/es\/wp-json\/wp\/v2\/product_brand?post=17988"},{"taxonomy":"product_cat","embeddable":true,"href":"https:\/\/tourtravelandmore.com\/es\/wp-json\/wp\/v2\/product_cat?post=17988"},{"taxonomy":"product_tag","embeddable":true,"href":"https:\/\/tourtravelandmore.com\/es\/wp-json\/wp\/v2\/product_tag?post=17988"}],"curies":[{"name":"wp","href":"https:\/\/api.w.org\/{rel}","templated":true}]}}