{"id":17968,"date":"2018-02-13T11:25:47","date_gmt":"2018-02-13T12:54:55","guid":{"rendered":"http:\/\/tourtravelandmore.com\/es\/?post_type=product&#038;p=17968"},"modified":"2023-11-24T16:51:23","modified_gmt":"2023-11-24T15:51:23","slug":"tour-privado-3-horas-en-galleria-uffizi-con-guia-oficial","status":"publish","type":"product","link":"https:\/\/tourtravelandmore.com\/es\/tours\/italia-es\/florencia-es\/tour-privado-3-horas-en-galleria-uffizi-con-guia-oficial\/","title":{"rendered":"Tour Privado por Galer\u00eda Uffizi"},"content":{"rendered":"<h2><b>Descripci\u00f3n del Tour Privado por Galer\u00eda Uffizi<\/b><\/h2>\n<p><span style=\"font-weight: 400;\">Disfrute del museo m\u00e1s emblem\u00e1tico de Florencia durante este Tour Privado por Galer\u00eda Uffizi. Su gu\u00eda oficial privado lo llevar\u00e1 a descubrir la historia y los secretos de uno de los museos m\u00e1s visitados de Italia.<\/span><\/p>\n<p><span style=\"font-weight: 400;\">Florencia es la capital de la regi\u00f3n de Toscana, y ha sido el lugar principal para cada nueva etapa del arte en Italia. El arte y la creatividad est\u00e1n presentes en cada calle y esquina, as\u00ed como en la gran cantidad de iglesias, museos y monumentos. Caminar\u00e1s junto a un gu\u00eda tur\u00edstico oficial privado, que te iluminar\u00e1 con los secretos y la historia de esta incre\u00edble ciudad.<\/span><\/p>\n<p><span style=\"font-weight: 400;\">Florencia fue declarada Patrimonio de la Humanidad por la UNESCO en 1982, ya que se considera el lugar de nacimiento del Renacimiento.<\/span><\/p>\n<p><span style=\"font-weight: 400;\">La Galer\u00eda de los Uffizi es conocida como el mejor museo del mundo cuando se trata de pinturas renacentistas. La galer\u00eda estuvo abierta a los visitantes durante el siglo XVI y en 1765 se abri\u00f3 oficialmente al p\u00fablico como museo.<\/span><\/p>\n<p><span style=\"font-weight: 400;\">Admire el arte renacentista con un experto con este tour privado por Galer\u00eda Uffizi. La entrada sin colas a la Galer\u00eda est\u00e1 incluida en el precio del tour.<\/span><\/p>\n<p><span style=\"font-weight: 400;\">En caso de que prefiera, podemos agregar m\u00e1s horas al recorrido para que tambi\u00e9n pueda visitar los lugares m\u00e1s importantes de Florencia. Este tour privado es totalmente personalizado, as\u00ed que si hay algo que le gustar\u00eda cambiar, solo tiene que dec\u00edrnoslo.<\/span><\/p>\n<h2><b>Puntos de inter\u00e9s en el Tour Privado por Galer\u00eda Uffizi<\/b><\/h2>\n<p><span style=\"font-weight: 400;\">En primer lugar, se encontrar\u00e1 con su gu\u00eda oficial en la entrada principal de la Galer\u00eda Uffizi o en su hotel si se encuentra a una corta distancia. Su gu\u00eda privado tendr\u00e1 los tickets de entrada para que no tenga que preocuparse por nada.<\/span><\/p>\n<p><span style=\"font-weight: 400;\">Durante este recorrido privado a pie, descubrir\u00e1 todos los secretos y la historia que alberga Uffizi. Aprender\u00e1 c\u00f3mo y por qu\u00e9 el museo, construido por Giorgio Vasari en 1560 para otro uso, termin\u00f3 siendo la Galer\u00eda Uffizi.<\/span><\/p>\n<p><span style=\"font-weight: 400;\">Entre otros artistas, podr\u00e1 ver y aprender el significado de las pinturas de los mejores artistas del renacimiento como: <\/span><b>Giotto, <\/b><b>Filippo Lippi (profesor de Boticelli), <\/b><b>Leonardo Da Vinci (\u00abanuncio\u00bb pintado cuando solo ten\u00eda 20 a\u00f1os)<\/b><b>, Miguel \u00c1ngel (el \u00abTondo Doni\u00bb), <\/b><b>Rafael, <\/b><b>Tithian<\/b><\/p>\n<p><span style=\"font-weight: 400;\">Al finalizar el tour, su gu\u00eda privado lo dejar\u00e1 en la entrada principal de la Galer\u00eda. En caso de que a\u00fan desee visitar la galer\u00eda por su cuenta, su gu\u00eda oficial puede dejarlo dentro.<\/span><\/p>\n<p><span style=\"font-weight: 400;\">La Galer\u00eda de los Uffizi es una parada obligatoria para los amantes del arte. La Galer\u00eda es uno de los museos m\u00e1s visitados de Italia junto con los Museos Vaticanos.<\/span><\/p>\n<p><span style=\"font-weight: 400;\">Este recorrido privado tiene una duraci\u00f3n de 3 horas, donde su gu\u00eda privado estar\u00e1 a su entera disposici\u00f3n. Como dijimos antes, podemos organizar la duraci\u00f3n exacta del recorrido para que se ajuste a sus necesidades personales.<\/span><\/p>\n<p><span style=\"font-weight: 400;\">Tambi\u00e9n ofrecemos recorridos privados dentro de la Galer\u00eda Accademia en caso de que tambi\u00e9n desee visitarlo. Eche un vistazo a nuestra <\/span><a href=\"https:\/\/tourtravelandmore.com\/es\/tours\/italia-es\/florencia-es\/tour-privado-2-horas-en-florencia-galleria-accademia-con-guia-oficial\/\"><span style=\"font-weight: 400;\">visita guiada privada en la Galer\u00eda de la Accademia<\/span><\/a><span style=\"font-weight: 400;\"> con gu\u00eda oficial.<\/span><\/p>\n","protected":false},"excerpt":{"rendered":"<p><span style=\"font-weight: 400;\">Tour Travel &amp; More ofrece un recorrido privado de 2 horas por la Galer\u00eda de los Uffizi. El recorrido est\u00e1 dirigido por un gu\u00eda experimentado y conocedor que lo llevar\u00e1 a trav\u00e9s de las pinturas, esculturas y elementos arquitect\u00f3nicos m\u00e1s importantes del museo. El recorrido incluye entradas al museo y es una gran experiencia para cualquier persona interesada en la historia del arte.<\/span><\/p>\n","protected":false},"featured_media":17967,"comment_status":"open","ping_status":"closed","template":"","meta":{"_acf_changed":false},"product_brand":[],"product_cat":[412,413,416],"product_tag":[],"class_list":{"0":"post-17968","1":"product","2":"type-product","3":"status-publish","4":"has-post-thumbnail","6":"product_cat-florencia-es","7":"product_cat-florencia-actividades-es","8":"product_cat-florencia-tours-privados-pie-es","10":"first","11":"instock","12":"shipping-taxable","13":"purchasable","14":"product-type-simple"},"acf":[],"yoast_head":"<!-- This site is optimized with the Yoast SEO Premium plugin v25.3.1 (Yoast SEO v25.3.1) - https:\/\/yoast.com\/wordpress\/plugins\/seo\/ -->\n<title>\u27a1\ufe0f Tour Privado por Galer\u00eda Uffizi | Tour Travel &amp; More<\/title>\n<meta name=\"description\" content=\"Reserva ya este Tour Privado por la Galer\u00eda Uffizi, ser\u00e1 una experiencia inimaginable, conocer\u00e1 a los autores y sus obras m\u00e1s destacadas en la historia del arte \u2705\" \/>\n<meta name=\"robots\" content=\"index, follow, max-snippet:-1, max-image-preview:large, max-video-preview:-1\" \/>\n<link rel=\"canonical\" href=\"https:\/\/tourtravelandmore.com\/es\/tours\/italia-es\/florencia-es\/tour-privado-3-horas-en-galleria-uffizi-con-guia-oficial\/\" \/>\n<meta property=\"og:locale\" content=\"es_ES\" \/>\n<meta property=\"og:type\" content=\"article\" \/>\n<meta property=\"og:title\" content=\"Tour Privado por Galer\u00eda Uffizi\" \/>\n<meta property=\"og:description\" content=\"Reserva ya este Tour Privado por la Galer\u00eda Uffizi, ser\u00e1 una experiencia inimaginable, conocer\u00e1 a los autores y sus obras m\u00e1s destacadas en la historia del arte \u2705\" \/>\n<meta property=\"og:url\" content=\"https:\/\/tourtravelandmore.com\/es\/tours\/italia-es\/florencia-es\/tour-privado-3-horas-en-galleria-uffizi-con-guia-oficial\/\" \/>\n<meta property=\"og:site_name\" content=\"Tour Travel And More\" \/>\n<meta property=\"article:publisher\" content=\"https:\/\/www.facebook.com\/tourtravelandmore\/\" \/>\n<meta property=\"article:modified_time\" content=\"2023-11-24T15:51:23+00:00\" \/>\n<meta property=\"og:image\" content=\"https:\/\/tourtravelandmore.com\/wp-content\/uploads\/2018\/02\/uffizi-fienze-XC94U1GL.jpg\" \/>\n\t<meta property=\"og:image:width\" content=\"859\" \/>\n\t<meta property=\"og:image:height\" content=\"559\" \/>\n\t<meta property=\"og:image:type\" content=\"image\/jpeg\" \/>\n<meta name=\"twitter:card\" content=\"summary_large_image\" \/>\n<meta name=\"twitter:site\" content=\"@TourTravel_More\" \/>\n<meta name=\"twitter:label1\" content=\"Tiempo de lectura\" \/>\n\t<meta name=\"twitter:data1\" content=\"3 minutos\" \/>\n<script type=\"application\/ld+json\" class=\"yoast-schema-graph\">{\"@context\":\"https:\/\/schema.org\",\"@graph\":[{\"@type\":\"WebPage\",\"@id\":\"https:\/\/tourtravelandmore.com\/es\/tours\/italia-es\/florencia-es\/tour-privado-3-horas-en-galleria-uffizi-con-guia-oficial\/\",\"url\":\"https:\/\/tourtravelandmore.com\/es\/tours\/italia-es\/florencia-es\/tour-privado-3-horas-en-galleria-uffizi-con-guia-oficial\/\",\"name\":\"\u27a1\ufe0f Tour Privado por Galer\u00eda Uffizi | Tour Travel & More\",\"isPartOf\":{\"@id\":\"https:\/\/tourtravelandmore.com\/es\/#website\"},\"primaryImageOfPage\":{\"@id\":\"https:\/\/tourtravelandmore.com\/es\/tours\/italia-es\/florencia-es\/tour-privado-3-horas-en-galleria-uffizi-con-guia-oficial\/#primaryimage\"},\"image\":{\"@id\":\"https:\/\/tourtravelandmore.com\/es\/tours\/italia-es\/florencia-es\/tour-privado-3-horas-en-galleria-uffizi-con-guia-oficial\/#primaryimage\"},\"thumbnailUrl\":\"https:\/\/tourtravelandmore.com\/wp-content\/uploads\/2018\/02\/uffizi-fienze-XC94U1GL.jpg\",\"datePublished\":\"2018-02-13T12:54:55+00:00\",\"dateModified\":\"2023-11-24T15:51:23+00:00\",\"description\":\"Reserva ya este Tour Privado por la Galer\u00eda Uffizi, ser\u00e1 una experiencia inimaginable, conocer\u00e1 a los autores y sus obras m\u00e1s destacadas en la historia del arte \u2705\",\"breadcrumb\":{\"@id\":\"https:\/\/tourtravelandmore.com\/es\/tours\/italia-es\/florencia-es\/tour-privado-3-horas-en-galleria-uffizi-con-guia-oficial\/#breadcrumb\"},\"inLanguage\":\"es\",\"potentialAction\":[{\"@type\":\"ReadAction\",\"target\":[\"https:\/\/tourtravelandmore.com\/es\/tours\/italia-es\/florencia-es\/tour-privado-3-horas-en-galleria-uffizi-con-guia-oficial\/\"]}]},{\"@type\":\"ImageObject\",\"inLanguage\":\"es\",\"@id\":\"https:\/\/tourtravelandmore.com\/es\/tours\/italia-es\/florencia-es\/tour-privado-3-horas-en-galleria-uffizi-con-guia-oficial\/#primaryimage\",\"url\":\"https:\/\/tourtravelandmore.com\/wp-content\/uploads\/2018\/02\/uffizi-fienze-XC94U1GL.jpg\",\"contentUrl\":\"https:\/\/tourtravelandmore.com\/wp-content\/uploads\/2018\/02\/uffizi-fienze-XC94U1GL.jpg\",\"width\":859,\"height\":559},{\"@type\":\"BreadcrumbList\",\"@id\":\"https:\/\/tourtravelandmore.com\/es\/tours\/italia-es\/florencia-es\/tour-privado-3-horas-en-galleria-uffizi-con-guia-oficial\/#breadcrumb\",\"itemListElement\":[{\"@type\":\"ListItem\",\"position\":1,\"name\":\"Home\",\"item\":\"https:\/\/tourtravelandmore.com\/es\/\"},{\"@type\":\"ListItem\",\"position\":2,\"name\":\"Tours\",\"item\":\"https:\/\/tourtravelandmore.com\/es\/tours\/\"},{\"@type\":\"ListItem\",\"position\":3,\"name\":\"Tour Privado por Galer\u00eda Uffizi\"}]},{\"@type\":\"WebSite\",\"@id\":\"https:\/\/tourtravelandmore.com\/es\/#website\",\"url\":\"https:\/\/tourtravelandmore.com\/es\/\",\"name\":\"Tour Travel And More\",\"description\":\"Private sightseeing tours and luxury transfers in Spain\",\"publisher\":{\"@id\":\"https:\/\/tourtravelandmore.com\/es\/#organization\"},\"potentialAction\":[{\"@type\":\"SearchAction\",\"target\":{\"@type\":\"EntryPoint\",\"urlTemplate\":\"https:\/\/tourtravelandmore.com\/es\/?s={search_term_string}\"},\"query-input\":{\"@type\":\"PropertyValueSpecification\",\"valueRequired\":true,\"valueName\":\"search_term_string\"}}],\"inLanguage\":\"es\"},{\"@type\":\"Organization\",\"@id\":\"https:\/\/tourtravelandmore.com\/es\/#organization\",\"name\":\"Tour Travel And More\",\"url\":\"https:\/\/tourtravelandmore.com\/es\/\",\"logo\":{\"@type\":\"ImageObject\",\"inLanguage\":\"es\",\"@id\":\"https:\/\/tourtravelandmore.com\/es\/#\/schema\/logo\/image\/\",\"url\":\"https:\/\/tourtravelandmore.com\/wp-content\/uploads\/2022\/12\/cropped-logo-cabecera-new.png\",\"contentUrl\":\"https:\/\/tourtravelandmore.com\/wp-content\/uploads\/2022\/12\/cropped-logo-cabecera-new.png\",\"width\":430,\"height\":61,\"caption\":\"Tour Travel And More\"},\"image\":{\"@id\":\"https:\/\/tourtravelandmore.com\/es\/#\/schema\/logo\/image\/\"},\"sameAs\":[\"https:\/\/www.facebook.com\/tourtravelandmore\/\",\"https:\/\/x.com\/TourTravel_More\"]}]}<\/script>\n<!-- \/ Yoast SEO Premium plugin. -->","yoast_head_json":{"title":"\u27a1\ufe0f Tour Privado por Galer\u00eda Uffizi | Tour Travel & More","description":"Reserva ya este Tour Privado por la Galer\u00eda Uffizi, ser\u00e1 una experiencia inimaginable, conocer\u00e1 a los autores y sus obras m\u00e1s destacadas en la historia del arte \u2705","robots":{"index":"index","follow":"follow","max-snippet":"max-snippet:-1","max-image-preview":"max-image-preview:large","max-video-preview":"max-video-preview:-1"},"canonical":"https:\/\/tourtravelandmore.com\/es\/tours\/italia-es\/florencia-es\/tour-privado-3-horas-en-galleria-uffizi-con-guia-oficial\/","og_locale":"es_ES","og_type":"article","og_title":"Tour Privado por Galer\u00eda Uffizi","og_description":"Reserva ya este Tour Privado por la Galer\u00eda Uffizi, ser\u00e1 una experiencia inimaginable, conocer\u00e1 a los autores y sus obras m\u00e1s destacadas en la historia del arte \u2705","og_url":"https:\/\/tourtravelandmore.com\/es\/tours\/italia-es\/florencia-es\/tour-privado-3-horas-en-galleria-uffizi-con-guia-oficial\/","og_site_name":"Tour Travel And More","article_publisher":"https:\/\/www.facebook.com\/tourtravelandmore\/","article_modified_time":"2023-11-24T15:51:23+00:00","og_image":[{"width":859,"height":559,"url":"https:\/\/tourtravelandmore.com\/wp-content\/uploads\/2018\/02\/uffizi-fienze-XC94U1GL.jpg","type":"image\/jpeg"}],"twitter_card":"summary_large_image","twitter_site":"@TourTravel_More","twitter_misc":{"Tiempo de lectura":"3 minutos"},"schema":{"@context":"https:\/\/schema.org","@graph":[{"@type":"WebPage","@id":"https:\/\/tourtravelandmore.com\/es\/tours\/italia-es\/florencia-es\/tour-privado-3-horas-en-galleria-uffizi-con-guia-oficial\/","url":"https:\/\/tourtravelandmore.com\/es\/tours\/italia-es\/florencia-es\/tour-privado-3-horas-en-galleria-uffizi-con-guia-oficial\/","name":"\u27a1\ufe0f Tour Privado por Galer\u00eda Uffizi | Tour Travel & More","isPartOf":{"@id":"https:\/\/tourtravelandmore.com\/es\/#website"},"primaryImageOfPage":{"@id":"https:\/\/tourtravelandmore.com\/es\/tours\/italia-es\/florencia-es\/tour-privado-3-horas-en-galleria-uffizi-con-guia-oficial\/#primaryimage"},"image":{"@id":"https:\/\/tourtravelandmore.com\/es\/tours\/italia-es\/florencia-es\/tour-privado-3-horas-en-galleria-uffizi-con-guia-oficial\/#primaryimage"},"thumbnailUrl":"https:\/\/tourtravelandmore.com\/wp-content\/uploads\/2018\/02\/uffizi-fienze-XC94U1GL.jpg","datePublished":"2018-02-13T12:54:55+00:00","dateModified":"2023-11-24T15:51:23+00:00","description":"Reserva ya este Tour Privado por la Galer\u00eda Uffizi, ser\u00e1 una experiencia inimaginable, conocer\u00e1 a los autores y sus obras m\u00e1s destacadas en la historia del arte \u2705","breadcrumb":{"@id":"https:\/\/tourtravelandmore.com\/es\/tours\/italia-es\/florencia-es\/tour-privado-3-horas-en-galleria-uffizi-con-guia-oficial\/#breadcrumb"},"inLanguage":"es","potentialAction":[{"@type":"ReadAction","target":["https:\/\/tourtravelandmore.com\/es\/tours\/italia-es\/florencia-es\/tour-privado-3-horas-en-galleria-uffizi-con-guia-oficial\/"]}]},{"@type":"ImageObject","inLanguage":"es","@id":"https:\/\/tourtravelandmore.com\/es\/tours\/italia-es\/florencia-es\/tour-privado-3-horas-en-galleria-uffizi-con-guia-oficial\/#primaryimage","url":"https:\/\/tourtravelandmore.com\/wp-content\/uploads\/2018\/02\/uffizi-fienze-XC94U1GL.jpg","contentUrl":"https:\/\/tourtravelandmore.com\/wp-content\/uploads\/2018\/02\/uffizi-fienze-XC94U1GL.jpg","width":859,"height":559},{"@type":"BreadcrumbList","@id":"https:\/\/tourtravelandmore.com\/es\/tours\/italia-es\/florencia-es\/tour-privado-3-horas-en-galleria-uffizi-con-guia-oficial\/#breadcrumb","itemListElement":[{"@type":"ListItem","position":1,"name":"Home","item":"https:\/\/tourtravelandmore.com\/es\/"},{"@type":"ListItem","position":2,"name":"Tours","item":"https:\/\/tourtravelandmore.com\/es\/tours\/"},{"@type":"ListItem","position":3,"name":"Tour Privado por Galer\u00eda Uffizi"}]},{"@type":"WebSite","@id":"https:\/\/tourtravelandmore.com\/es\/#website","url":"https:\/\/tourtravelandmore.com\/es\/","name":"Tour Travel And More","description":"Private sightseeing tours and luxury transfers in Spain","publisher":{"@id":"https:\/\/tourtravelandmore.com\/es\/#organization"},"potentialAction":[{"@type":"SearchAction","target":{"@type":"EntryPoint","urlTemplate":"https:\/\/tourtravelandmore.com\/es\/?s={search_term_string}"},"query-input":{"@type":"PropertyValueSpecification","valueRequired":true,"valueName":"search_term_string"}}],"inLanguage":"es"},{"@type":"Organization","@id":"https:\/\/tourtravelandmore.com\/es\/#organization","name":"Tour Travel And More","url":"https:\/\/tourtravelandmore.com\/es\/","logo":{"@type":"ImageObject","inLanguage":"es","@id":"https:\/\/tourtravelandmore.com\/es\/#\/schema\/logo\/image\/","url":"https:\/\/tourtravelandmore.com\/wp-content\/uploads\/2022\/12\/cropped-logo-cabecera-new.png","contentUrl":"https:\/\/tourtravelandmore.com\/wp-content\/uploads\/2022\/12\/cropped-logo-cabecera-new.png","width":430,"height":61,"caption":"Tour Travel And More"},"image":{"@id":"https:\/\/tourtravelandmore.com\/es\/#\/schema\/logo\/image\/"},"sameAs":["https:\/\/www.facebook.com\/tourtravelandmore\/","https:\/\/x.com\/TourTravel_More"]}]}},"_links":{"self":[{"href":"https:\/\/tourtravelandmore.com\/es\/wp-json\/wp\/v2\/product\/17968","targetHints":{"allow":["GET"]}}],"collection":[{"href":"https:\/\/tourtravelandmore.com\/es\/wp-json\/wp\/v2\/product"}],"about":[{"href":"https:\/\/tourtravelandmore.com\/es\/wp-json\/wp\/v2\/types\/product"}],"replies":[{"embeddable":true,"href":"https:\/\/tourtravelandmore.com\/es\/wp-json\/wp\/v2\/comments?post=17968"}],"wp:featuredmedia":[{"embeddable":true,"href":"https:\/\/tourtravelandmore.com\/es\/wp-json\/wp\/v2\/media\/17967"}],"wp:attachment":[{"href":"https:\/\/tourtravelandmore.com\/es\/wp-json\/wp\/v2\/media?parent=17968"}],"wp:term":[{"taxonomy":"product_brand","embeddable":true,"href":"https:\/\/tourtravelandmore.com\/es\/wp-json\/wp\/v2\/product_brand?post=17968"},{"taxonomy":"product_cat","embeddable":true,"href":"https:\/\/tourtravelandmore.com\/es\/wp-json\/wp\/v2\/product_cat?post=17968"},{"taxonomy":"product_tag","embeddable":true,"href":"https:\/\/tourtravelandmore.com\/es\/wp-json\/wp\/v2\/product_tag?post=17968"}],"curies":[{"name":"wp","href":"https:\/\/api.w.org\/{rel}","templated":true}]}}