{"id":179620,"date":"2025-02-14T19:12:30","date_gmt":"2025-02-14T18:12:30","guid":{"rendered":"https:\/\/tourtravelandmore.com\/?post_type=product&#038;p=179620"},"modified":"2025-02-14T19:21:56","modified_gmt":"2025-02-14T18:21:56","slug":"tour-privado-a-pie-por-zadar-con-traslado-de-ida-y-vuelta-al-puerto-de-cruceros-copy","status":"publish","type":"product","link":"https:\/\/tourtravelandmore.com\/es\/tours\/croacia-es\/zadar-es\/zadar-actividades-es\/tour-privado-a-pie-por-zadar-con-traslado-de-ida-y-vuelta-al-puerto-de-cruceros-copy\/","title":{"rendered":"Tour privado de Zadar y Nin"},"content":{"rendered":"<h2><b>Tour privado de Zadar y Nin Descripci\u00f3n<\/b><\/h2>\n<p>Descubra la rica historia y la impresionante belleza costera de Croacia con nuestro exclusivo tour privado de Zadar y Nin. Durante m\u00e1s de 4 horas y media, viaje c\u00f3modamente en un veh\u00edculo privado con su gu\u00eda experto, que le dar\u00e1 vida a la vibrante historia, la cultura \u00fanica y los impresionantes paisajes de estas encantadoras ciudades d\u00e1lmatas.<\/p>\n<p>Experimente lo mejor de Zadar y Nin con el tour privado de Tour Travel &amp; More, donde la historia, la cultura y la belleza natural convergen para crear una aventura inolvidable.<\/p>\n<p>En caso de que desee visitar el Parque Nacional de los Lagos de Plitvice u otro lugar desde Zadar, consulte nuestra <a href=\"https:\/\/tourtravelandmore.com\/es\/ciudad\/croacia-es\/zadar-en\/zadar-activities-en#shop\/\">lista de tours privados<\/a>.<\/p>\n<h2><b><strong>Tour privado de Zadar y Nin | Puntos de inter\u00e9s y lugares emblem\u00e1ticos<\/strong><\/b><\/h2>\n<p>Comience su viaje en Zadar, una ciudad famosa por sus ruinas romanas y venecianas, sus animadas plazas y los encantadores sonidos del \u00d3rgano del Mar. Pasee por las estrechas calles del casco antiguo, donde la historia antigua se encuentra con la innovaci\u00f3n moderna. Marav\u00edllese con el Foro Romano, la iglesia de San Donato y la cautivadora instalaci\u00f3n de los Saludos al Sol. Su gu\u00eda le proporcionar\u00e1 fascinantes conocimientos sobre el pasado y el presente de Zadar, ofreci\u00e9ndole una profunda comprensi\u00f3n de su importancia.<\/p>\n<p>A continuaci\u00f3n, avent\u00farese en la antigua ciudad de Nin, famosa por su producci\u00f3n de sal, sus impresionantes playas de arena y su rico patrimonio. Pasee por el encantador casco antiguo, donde se encuentra la catedral m\u00e1s peque\u00f1a del mundo, la iglesia de la Santa Cruz, y los restos del templo romano. Su gu\u00eda destacar\u00e1 la importancia hist\u00f3rica de Nin como la primera ciudad real de Croacia, haciendo que su visita sea realmente inolvidable.<\/p>\n<ul>\n<li><b>Veh\u00edculo privado y gu\u00eda experto durante 4,5 horas<\/b> que garantizan una experiencia c\u00f3moda y personalizada.<\/li>\n<li><b>Explore el casco antiguo de Zadar<\/b>, incluido el Foro Romano, la iglesia de San Donato y el singular \u00d3rgano Marino.<\/li>\n<li><b>Visite Nin<\/b>, la primera ciudad real de Croacia, y contemple la catedral m\u00e1s peque\u00f1a del mundo.<\/li>\n<li><b>Disfrute de impresionantes vistas de la costa<\/b> y aprenda sobre la rica historia y cultura de la regi\u00f3n.<\/li>\n<li><b>Itinerario flexible<\/b> adaptado a sus intereses con muchas oportunidades para hacer fotos y explorar.<\/li>\n<\/ul>\n<p>Este tour es perfecto para aquellos que buscan explorar los lugares m\u00e1s destacados de Zadar y Nin con la comodidad y flexibilidad de un tour privado, asegurando una experiencia personalizada y enriquecedora.<\/p>\n<p>Despu\u00e9s de su tour privado a las cascadas de Krka desde Zadar, su conductor le llevar\u00e1 de vuelta a su hotel, puerto de cruceros o lugar de elecci\u00f3n en Zadar.<\/p>\n","protected":false},"excerpt":{"rendered":"<p>Descubra la rica historia y la impresionante belleza costera de Croacia con nuestro exclusivo tour privado de Zadar y Nin. Durante m\u00e1s de 4 horas y media, viaje c\u00f3modamente en un veh\u00edculo privado con su gu\u00eda experto, que le dar\u00e1 vida a la vibrante historia, la cultura \u00fanica y los impresionantes paisajes de estas encantadoras ciudades d\u00e1lmatas.<\/p>\n","protected":false},"featured_media":179636,"comment_status":"open","ping_status":"closed","template":"","meta":{"_acf_changed":false},"product_brand":[],"product_cat":[2456,2458,2462],"product_tag":[],"class_list":{"0":"post-179620","1":"product","2":"type-product","3":"status-publish","4":"has-post-thumbnail","6":"product_cat-zadar-es","7":"product_cat-zadar-actividades-es","8":"product_cat-zadar-excursion-crucero-es","10":"first","11":"instock","12":"shipping-taxable","13":"purchasable","14":"product-type-simple"},"acf":[],"yoast_head":"<!-- This site is optimized with the Yoast SEO Premium plugin v25.3.1 (Yoast SEO v25.3.1) - https:\/\/yoast.com\/wordpress\/plugins\/seo\/ -->\n<title>\u27a1\ufe0f Tour privado de Zadar y Nin<\/title>\n<meta name=\"description\" content=\"Visite uno de los parque nacionales m\u00e1s bonitos de toda Europa junto a un gu\u00eda local con nuestro tour privado a Krka desde Zadar \u2705\" \/>\n<meta name=\"robots\" content=\"index, follow, max-snippet:-1, max-image-preview:large, max-video-preview:-1\" \/>\n<link rel=\"canonical\" href=\"https:\/\/tourtravelandmore.com\/es\/tours\/croacia-es\/zadar-es\/zadar-actividades-es\/tour-privado-a-pie-por-zadar-con-traslado-de-ida-y-vuelta-al-puerto-de-cruceros-copy\/\" \/>\n<meta property=\"og:locale\" content=\"es_ES\" \/>\n<meta property=\"og:type\" content=\"article\" \/>\n<meta property=\"og:title\" content=\"Tour privado de Zadar y Nin\" \/>\n<meta property=\"og:description\" content=\"Visite uno de los parque nacionales m\u00e1s bonitos de toda Europa junto a un gu\u00eda local con nuestro tour privado a Krka desde Zadar \u2705\" \/>\n<meta property=\"og:url\" content=\"https:\/\/tourtravelandmore.com\/es\/tours\/croacia-es\/zadar-es\/zadar-actividades-es\/tour-privado-a-pie-por-zadar-con-traslado-de-ida-y-vuelta-al-puerto-de-cruceros-copy\/\" \/>\n<meta property=\"og:site_name\" content=\"Tour Travel And More\" \/>\n<meta property=\"article:publisher\" content=\"https:\/\/www.facebook.com\/tourtravelandmore\/\" \/>\n<meta property=\"article:modified_time\" content=\"2025-02-14T18:21:56+00:00\" \/>\n<meta property=\"og:image\" content=\"https:\/\/tourtravelandmore.com\/wp-content\/uploads\/2025\/02\/pexels-milivigerova-15843349.jpg\" \/>\n\t<meta property=\"og:image:width\" content=\"1280\" \/>\n\t<meta property=\"og:image:height\" content=\"859\" \/>\n\t<meta property=\"og:image:type\" content=\"image\/jpeg\" \/>\n<meta name=\"twitter:card\" content=\"summary_large_image\" \/>\n<meta name=\"twitter:site\" content=\"@TourTravel_More\" \/>\n<meta name=\"twitter:label1\" content=\"Tiempo de lectura\" \/>\n\t<meta name=\"twitter:data1\" content=\"2 minutos\" \/>\n<script type=\"application\/ld+json\" class=\"yoast-schema-graph\">{\"@context\":\"https:\/\/schema.org\",\"@graph\":[{\"@type\":\"WebPage\",\"@id\":\"https:\/\/tourtravelandmore.com\/es\/tours\/croacia-es\/zadar-es\/zadar-actividades-es\/tour-privado-a-pie-por-zadar-con-traslado-de-ida-y-vuelta-al-puerto-de-cruceros-copy\/\",\"url\":\"https:\/\/tourtravelandmore.com\/es\/tours\/croacia-es\/zadar-es\/zadar-actividades-es\/tour-privado-a-pie-por-zadar-con-traslado-de-ida-y-vuelta-al-puerto-de-cruceros-copy\/\",\"name\":\"\u27a1\ufe0f Tour privado de Zadar y Nin\",\"isPartOf\":{\"@id\":\"https:\/\/tourtravelandmore.com\/es\/#website\"},\"primaryImageOfPage\":{\"@id\":\"https:\/\/tourtravelandmore.com\/es\/tours\/croacia-es\/zadar-es\/zadar-actividades-es\/tour-privado-a-pie-por-zadar-con-traslado-de-ida-y-vuelta-al-puerto-de-cruceros-copy\/#primaryimage\"},\"image\":{\"@id\":\"https:\/\/tourtravelandmore.com\/es\/tours\/croacia-es\/zadar-es\/zadar-actividades-es\/tour-privado-a-pie-por-zadar-con-traslado-de-ida-y-vuelta-al-puerto-de-cruceros-copy\/#primaryimage\"},\"thumbnailUrl\":\"https:\/\/tourtravelandmore.com\/wp-content\/uploads\/2025\/02\/pexels-milivigerova-15843349.jpg\",\"datePublished\":\"2025-02-14T18:12:30+00:00\",\"dateModified\":\"2025-02-14T18:21:56+00:00\",\"description\":\"Visite uno de los parque nacionales m\u00e1s bonitos de toda Europa junto a un gu\u00eda local con nuestro tour privado a Krka desde Zadar \u2705\",\"breadcrumb\":{\"@id\":\"https:\/\/tourtravelandmore.com\/es\/tours\/croacia-es\/zadar-es\/zadar-actividades-es\/tour-privado-a-pie-por-zadar-con-traslado-de-ida-y-vuelta-al-puerto-de-cruceros-copy\/#breadcrumb\"},\"inLanguage\":\"es\",\"potentialAction\":[{\"@type\":\"ReadAction\",\"target\":[\"https:\/\/tourtravelandmore.com\/es\/tours\/croacia-es\/zadar-es\/zadar-actividades-es\/tour-privado-a-pie-por-zadar-con-traslado-de-ida-y-vuelta-al-puerto-de-cruceros-copy\/\"]}]},{\"@type\":\"ImageObject\",\"inLanguage\":\"es\",\"@id\":\"https:\/\/tourtravelandmore.com\/es\/tours\/croacia-es\/zadar-es\/zadar-actividades-es\/tour-privado-a-pie-por-zadar-con-traslado-de-ida-y-vuelta-al-puerto-de-cruceros-copy\/#primaryimage\",\"url\":\"https:\/\/tourtravelandmore.com\/wp-content\/uploads\/2025\/02\/pexels-milivigerova-15843349.jpg\",\"contentUrl\":\"https:\/\/tourtravelandmore.com\/wp-content\/uploads\/2025\/02\/pexels-milivigerova-15843349.jpg\",\"width\":1280,\"height\":859},{\"@type\":\"BreadcrumbList\",\"@id\":\"https:\/\/tourtravelandmore.com\/es\/tours\/croacia-es\/zadar-es\/zadar-actividades-es\/tour-privado-a-pie-por-zadar-con-traslado-de-ida-y-vuelta-al-puerto-de-cruceros-copy\/#breadcrumb\",\"itemListElement\":[{\"@type\":\"ListItem\",\"position\":1,\"name\":\"Home\",\"item\":\"https:\/\/tourtravelandmore.com\/es\/\"},{\"@type\":\"ListItem\",\"position\":2,\"name\":\"Tours\",\"item\":\"https:\/\/tourtravelandmore.com\/es\/tours\/\"},{\"@type\":\"ListItem\",\"position\":3,\"name\":\"Tour privado de Zadar y Nin\"}]},{\"@type\":\"WebSite\",\"@id\":\"https:\/\/tourtravelandmore.com\/es\/#website\",\"url\":\"https:\/\/tourtravelandmore.com\/es\/\",\"name\":\"Tour Travel And More\",\"description\":\"Private sightseeing tours and luxury transfers in Spain\",\"publisher\":{\"@id\":\"https:\/\/tourtravelandmore.com\/es\/#organization\"},\"potentialAction\":[{\"@type\":\"SearchAction\",\"target\":{\"@type\":\"EntryPoint\",\"urlTemplate\":\"https:\/\/tourtravelandmore.com\/es\/?s={search_term_string}\"},\"query-input\":{\"@type\":\"PropertyValueSpecification\",\"valueRequired\":true,\"valueName\":\"search_term_string\"}}],\"inLanguage\":\"es\"},{\"@type\":\"Organization\",\"@id\":\"https:\/\/tourtravelandmore.com\/es\/#organization\",\"name\":\"Tour Travel And More\",\"url\":\"https:\/\/tourtravelandmore.com\/es\/\",\"logo\":{\"@type\":\"ImageObject\",\"inLanguage\":\"es\",\"@id\":\"https:\/\/tourtravelandmore.com\/es\/#\/schema\/logo\/image\/\",\"url\":\"https:\/\/tourtravelandmore.com\/wp-content\/uploads\/2022\/12\/cropped-logo-cabecera-new.png\",\"contentUrl\":\"https:\/\/tourtravelandmore.com\/wp-content\/uploads\/2022\/12\/cropped-logo-cabecera-new.png\",\"width\":430,\"height\":61,\"caption\":\"Tour Travel And More\"},\"image\":{\"@id\":\"https:\/\/tourtravelandmore.com\/es\/#\/schema\/logo\/image\/\"},\"sameAs\":[\"https:\/\/www.facebook.com\/tourtravelandmore\/\",\"https:\/\/x.com\/TourTravel_More\"]}]}<\/script>\n<!-- \/ Yoast SEO Premium plugin. -->","yoast_head_json":{"title":"\u27a1\ufe0f Tour privado de Zadar y Nin","description":"Visite uno de los parque nacionales m\u00e1s bonitos de toda Europa junto a un gu\u00eda local con nuestro tour privado a Krka desde Zadar \u2705","robots":{"index":"index","follow":"follow","max-snippet":"max-snippet:-1","max-image-preview":"max-image-preview:large","max-video-preview":"max-video-preview:-1"},"canonical":"https:\/\/tourtravelandmore.com\/es\/tours\/croacia-es\/zadar-es\/zadar-actividades-es\/tour-privado-a-pie-por-zadar-con-traslado-de-ida-y-vuelta-al-puerto-de-cruceros-copy\/","og_locale":"es_ES","og_type":"article","og_title":"Tour privado de Zadar y Nin","og_description":"Visite uno de los parque nacionales m\u00e1s bonitos de toda Europa junto a un gu\u00eda local con nuestro tour privado a Krka desde Zadar \u2705","og_url":"https:\/\/tourtravelandmore.com\/es\/tours\/croacia-es\/zadar-es\/zadar-actividades-es\/tour-privado-a-pie-por-zadar-con-traslado-de-ida-y-vuelta-al-puerto-de-cruceros-copy\/","og_site_name":"Tour Travel And More","article_publisher":"https:\/\/www.facebook.com\/tourtravelandmore\/","article_modified_time":"2025-02-14T18:21:56+00:00","og_image":[{"width":1280,"height":859,"url":"https:\/\/tourtravelandmore.com\/wp-content\/uploads\/2025\/02\/pexels-milivigerova-15843349.jpg","type":"image\/jpeg"}],"twitter_card":"summary_large_image","twitter_site":"@TourTravel_More","twitter_misc":{"Tiempo de lectura":"2 minutos"},"schema":{"@context":"https:\/\/schema.org","@graph":[{"@type":"WebPage","@id":"https:\/\/tourtravelandmore.com\/es\/tours\/croacia-es\/zadar-es\/zadar-actividades-es\/tour-privado-a-pie-por-zadar-con-traslado-de-ida-y-vuelta-al-puerto-de-cruceros-copy\/","url":"https:\/\/tourtravelandmore.com\/es\/tours\/croacia-es\/zadar-es\/zadar-actividades-es\/tour-privado-a-pie-por-zadar-con-traslado-de-ida-y-vuelta-al-puerto-de-cruceros-copy\/","name":"\u27a1\ufe0f Tour privado de Zadar y Nin","isPartOf":{"@id":"https:\/\/tourtravelandmore.com\/es\/#website"},"primaryImageOfPage":{"@id":"https:\/\/tourtravelandmore.com\/es\/tours\/croacia-es\/zadar-es\/zadar-actividades-es\/tour-privado-a-pie-por-zadar-con-traslado-de-ida-y-vuelta-al-puerto-de-cruceros-copy\/#primaryimage"},"image":{"@id":"https:\/\/tourtravelandmore.com\/es\/tours\/croacia-es\/zadar-es\/zadar-actividades-es\/tour-privado-a-pie-por-zadar-con-traslado-de-ida-y-vuelta-al-puerto-de-cruceros-copy\/#primaryimage"},"thumbnailUrl":"https:\/\/tourtravelandmore.com\/wp-content\/uploads\/2025\/02\/pexels-milivigerova-15843349.jpg","datePublished":"2025-02-14T18:12:30+00:00","dateModified":"2025-02-14T18:21:56+00:00","description":"Visite uno de los parque nacionales m\u00e1s bonitos de toda Europa junto a un gu\u00eda local con nuestro tour privado a Krka desde Zadar \u2705","breadcrumb":{"@id":"https:\/\/tourtravelandmore.com\/es\/tours\/croacia-es\/zadar-es\/zadar-actividades-es\/tour-privado-a-pie-por-zadar-con-traslado-de-ida-y-vuelta-al-puerto-de-cruceros-copy\/#breadcrumb"},"inLanguage":"es","potentialAction":[{"@type":"ReadAction","target":["https:\/\/tourtravelandmore.com\/es\/tours\/croacia-es\/zadar-es\/zadar-actividades-es\/tour-privado-a-pie-por-zadar-con-traslado-de-ida-y-vuelta-al-puerto-de-cruceros-copy\/"]}]},{"@type":"ImageObject","inLanguage":"es","@id":"https:\/\/tourtravelandmore.com\/es\/tours\/croacia-es\/zadar-es\/zadar-actividades-es\/tour-privado-a-pie-por-zadar-con-traslado-de-ida-y-vuelta-al-puerto-de-cruceros-copy\/#primaryimage","url":"https:\/\/tourtravelandmore.com\/wp-content\/uploads\/2025\/02\/pexels-milivigerova-15843349.jpg","contentUrl":"https:\/\/tourtravelandmore.com\/wp-content\/uploads\/2025\/02\/pexels-milivigerova-15843349.jpg","width":1280,"height":859},{"@type":"BreadcrumbList","@id":"https:\/\/tourtravelandmore.com\/es\/tours\/croacia-es\/zadar-es\/zadar-actividades-es\/tour-privado-a-pie-por-zadar-con-traslado-de-ida-y-vuelta-al-puerto-de-cruceros-copy\/#breadcrumb","itemListElement":[{"@type":"ListItem","position":1,"name":"Home","item":"https:\/\/tourtravelandmore.com\/es\/"},{"@type":"ListItem","position":2,"name":"Tours","item":"https:\/\/tourtravelandmore.com\/es\/tours\/"},{"@type":"ListItem","position":3,"name":"Tour privado de Zadar y Nin"}]},{"@type":"WebSite","@id":"https:\/\/tourtravelandmore.com\/es\/#website","url":"https:\/\/tourtravelandmore.com\/es\/","name":"Tour Travel And More","description":"Private sightseeing tours and luxury transfers in Spain","publisher":{"@id":"https:\/\/tourtravelandmore.com\/es\/#organization"},"potentialAction":[{"@type":"SearchAction","target":{"@type":"EntryPoint","urlTemplate":"https:\/\/tourtravelandmore.com\/es\/?s={search_term_string}"},"query-input":{"@type":"PropertyValueSpecification","valueRequired":true,"valueName":"search_term_string"}}],"inLanguage":"es"},{"@type":"Organization","@id":"https:\/\/tourtravelandmore.com\/es\/#organization","name":"Tour Travel And More","url":"https:\/\/tourtravelandmore.com\/es\/","logo":{"@type":"ImageObject","inLanguage":"es","@id":"https:\/\/tourtravelandmore.com\/es\/#\/schema\/logo\/image\/","url":"https:\/\/tourtravelandmore.com\/wp-content\/uploads\/2022\/12\/cropped-logo-cabecera-new.png","contentUrl":"https:\/\/tourtravelandmore.com\/wp-content\/uploads\/2022\/12\/cropped-logo-cabecera-new.png","width":430,"height":61,"caption":"Tour Travel And More"},"image":{"@id":"https:\/\/tourtravelandmore.com\/es\/#\/schema\/logo\/image\/"},"sameAs":["https:\/\/www.facebook.com\/tourtravelandmore\/","https:\/\/x.com\/TourTravel_More"]}]}},"_links":{"self":[{"href":"https:\/\/tourtravelandmore.com\/es\/wp-json\/wp\/v2\/product\/179620","targetHints":{"allow":["GET"]}}],"collection":[{"href":"https:\/\/tourtravelandmore.com\/es\/wp-json\/wp\/v2\/product"}],"about":[{"href":"https:\/\/tourtravelandmore.com\/es\/wp-json\/wp\/v2\/types\/product"}],"replies":[{"embeddable":true,"href":"https:\/\/tourtravelandmore.com\/es\/wp-json\/wp\/v2\/comments?post=179620"}],"wp:featuredmedia":[{"embeddable":true,"href":"https:\/\/tourtravelandmore.com\/es\/wp-json\/wp\/v2\/media\/179636"}],"wp:attachment":[{"href":"https:\/\/tourtravelandmore.com\/es\/wp-json\/wp\/v2\/media?parent=179620"}],"wp:term":[{"taxonomy":"product_brand","embeddable":true,"href":"https:\/\/tourtravelandmore.com\/es\/wp-json\/wp\/v2\/product_brand?post=179620"},{"taxonomy":"product_cat","embeddable":true,"href":"https:\/\/tourtravelandmore.com\/es\/wp-json\/wp\/v2\/product_cat?post=179620"},{"taxonomy":"product_tag","embeddable":true,"href":"https:\/\/tourtravelandmore.com\/es\/wp-json\/wp\/v2\/product_tag?post=179620"}],"curies":[{"name":"wp","href":"https:\/\/api.w.org\/{rel}","templated":true}]}}