{"id":179576,"date":"2025-02-14T18:49:47","date_gmt":"2025-02-14T17:49:47","guid":{"rendered":"https:\/\/tourtravelandmore.com\/?post_type=product&#038;p=179576"},"modified":"2025-02-14T19:09:21","modified_gmt":"2025-02-14T18:09:21","slug":"excursion-privada-al-parque-nacional-krka-desde-zadar-copy","status":"publish","type":"product","link":"https:\/\/tourtravelandmore.com\/es\/tours\/croacia-es\/zadar-es\/zadar-actividades-es\/excursion-privada-al-parque-nacional-krka-desde-zadar-copy\/","title":{"rendered":"Tour privado a pie por Zadar con traslado de ida y vuelta al puerto de cruceros"},"content":{"rendered":"<h2><b>Tour privado a pie por Zadar Descripci\u00f3n<\/b><\/h2>\n<p>Descubra la encantadora ciudad de Zadar con nuestro tour privado a pie, dise\u00f1ado para pasajeros de cruceros que buscan una experiencia enriquecedora y sin contratiempos. Este tour de 3 horas incluye una exploraci\u00f3n guiada de 2 horas por los lugares de inter\u00e9s hist\u00f3rico y cultural de Zadar, junto con c\u00f3modos traslados de ida y vuelta desde el puerto de cruceros.<\/p>\n<p>A su llegada, su gu\u00eda local profesional le dar\u00e1 la bienvenida y le guiar\u00e1 por las encantadoras calles del casco antiguo de Zadar. Sum\u00e9rjase en la fascinante historia de la ciudad, que se remonta a la \u00e9poca romana, mientras pasea entre ruinas antiguas, iglesias medievales y arquitectura veneciana. Marav\u00edllese con el Foro Romano, la iglesia de San Donato y las impresionantes murallas de la ciudad que han resistido el paso del tiempo.<\/p>\n<p>En caso de que desee visitar el Parque Nacional de los Lagos de Plitvice u otro lugar de Zadar, consulte nuestra <a href=\"https:\/\/tourtravelandmore.com\/es\/ciudad\/croacia-es\/zadar-en\/zadar-activities-en#shop\/\">lista de visitas privadas<\/a>.<\/p>\n<h2><b>Tour privado a pie por Zadar | Puntos de inter\u00e9s y lugares emblem\u00e1ticos<\/b><\/h2>\n<p>Descubra las atracciones \u00fanicas de Zadar, como el \u00d3rgano Marino, una instalaci\u00f3n arquitect\u00f3nica sonora que utiliza las olas del mar para crear una m\u00fasica fascinante, y el Saludo al Sol, una instalaci\u00f3n de luz alimentada por energ\u00eda solar que ofrece un espect\u00e1culo visual cautivador, especialmente al atardecer.<\/p>\n<p>Durante el recorrido, su gu\u00eda compartir\u00e1 historias y conocimientos sobre el rico patrimonio y la vibrante cultura de Zadar, lo que har\u00e1 de este un viaje inolvidable a trav\u00e9s de una de las ciudades m\u00e1s encantadoras de Croacia. Despu\u00e9s del recorrido, disfrute de un c\u00f3modo traslado de regreso al puerto de cruceros, lo que garantiza una excursi\u00f3n en tierra memorable y sin estr\u00e9s.<\/p>\n<ul>\n<li><b>Duraci\u00f3n:<\/b> 3 horas (recorrido guiado a pie de 2 horas + tiempo de traslado)<\/li>\n<li><b>Incluye:<\/b> Gu\u00eda privado durante 2 horas, traslado de ida y vuelta desde y hacia el puerto de cruceros<\/li>\n<li><b>Explore el casco antiguo de Zadar<\/b> con sus ruinas romanas, arquitectura medieval y encantadoras calles<\/li>\n<li><b>Experimente el \u00d3rgano Marino<\/b> y sus encantadores sonidos creados por las olas<\/li>\n<li><b>Vea el Saludo al Sol<\/b>, una instalaci\u00f3n de luz \u00fanica alimentada por energ\u00eda solar<\/li>\n<li><b>Comentarios perspicaces<\/b> sobre la historia, la cultura y las joyas ocultas de Zadar por parte de su gu\u00eda experto<\/li>\n<li><b>Pr\u00e1ctico y c\u00f3modo servicio de traslado<\/b> que garantiza el regreso puntual a su crucero.<\/li>\n<\/ul>\n<p>Despu\u00e9s de su visita privada a las cataratas de Krka desde Zadar, su conductor le llevar\u00e1 de vuelta a su hotel, puerto de cruceros o lugar de elecci\u00f3n en Zadar.<\/p>\n","protected":false},"excerpt":{"rendered":"<p>Descubra la encantadora ciudad de Zadar con nuestro tour privado a pie, dise\u00f1ado para pasajeros de cruceros que buscan una experiencia enriquecedora y sin contratiempos. Este tour de 3 horas incluye una exploraci\u00f3n guiada de 2 horas por los lugares de inter\u00e9s hist\u00f3rico y cultural de Zadar, junto con c\u00f3modos traslados de ida y vuelta desde el puerto de cruceros.<\/p>\n","protected":false},"featured_media":179592,"comment_status":"open","ping_status":"closed","template":"","meta":{"_acf_changed":false},"product_brand":[],"product_cat":[2456,2458,2462],"product_tag":[],"class_list":{"0":"post-179576","1":"product","2":"type-product","3":"status-publish","4":"has-post-thumbnail","6":"product_cat-zadar-es","7":"product_cat-zadar-actividades-es","8":"product_cat-zadar-excursion-crucero-es","10":"first","11":"instock","12":"shipping-taxable","13":"purchasable","14":"product-type-simple"},"acf":[],"yoast_head":"<!-- This site is optimized with the Yoast SEO Premium plugin v25.3.1 (Yoast SEO v25.3.1) - https:\/\/yoast.com\/wordpress\/plugins\/seo\/ -->\n<title>\u27a1\ufe0f Tour privado a pie por Zadar con traslado de ida y vuelta al puerto de cruceros<\/title>\n<meta name=\"description\" content=\"Visite uno de los parque nacionales m\u00e1s bonitos de toda Europa junto a un gu\u00eda local con nuestro tour privado a Krka desde Zadar \u2705\" \/>\n<meta name=\"robots\" content=\"index, follow, max-snippet:-1, max-image-preview:large, max-video-preview:-1\" \/>\n<link rel=\"canonical\" href=\"https:\/\/tourtravelandmore.com\/es\/tours\/croacia-es\/zadar-es\/zadar-actividades-es\/excursion-privada-al-parque-nacional-krka-desde-zadar-copy\/\" \/>\n<meta property=\"og:locale\" content=\"es_ES\" \/>\n<meta property=\"og:type\" content=\"article\" \/>\n<meta property=\"og:title\" content=\"Tour privado a pie por Zadar con traslado de ida y vuelta al puerto de cruceros\" \/>\n<meta property=\"og:description\" content=\"Visite uno de los parque nacionales m\u00e1s bonitos de toda Europa junto a un gu\u00eda local con nuestro tour privado a Krka desde Zadar \u2705\" \/>\n<meta property=\"og:url\" content=\"https:\/\/tourtravelandmore.com\/es\/tours\/croacia-es\/zadar-es\/zadar-actividades-es\/excursion-privada-al-parque-nacional-krka-desde-zadar-copy\/\" \/>\n<meta property=\"og:site_name\" content=\"Tour Travel And More\" \/>\n<meta property=\"article:publisher\" content=\"https:\/\/www.facebook.com\/tourtravelandmore\/\" \/>\n<meta property=\"article:modified_time\" content=\"2025-02-14T18:09:21+00:00\" \/>\n<meta property=\"og:image\" content=\"https:\/\/tourtravelandmore.com\/wp-content\/uploads\/2025\/02\/zadar-waterfront-min.jpg\" \/>\n\t<meta property=\"og:image:width\" content=\"1023\" \/>\n\t<meta property=\"og:image:height\" content=\"575\" \/>\n\t<meta property=\"og:image:type\" content=\"image\/jpeg\" \/>\n<meta name=\"twitter:card\" content=\"summary_large_image\" \/>\n<meta name=\"twitter:site\" content=\"@TourTravel_More\" \/>\n<meta name=\"twitter:label1\" content=\"Tiempo de lectura\" \/>\n\t<meta name=\"twitter:data1\" content=\"2 minutos\" \/>\n<script type=\"application\/ld+json\" class=\"yoast-schema-graph\">{\"@context\":\"https:\/\/schema.org\",\"@graph\":[{\"@type\":\"WebPage\",\"@id\":\"https:\/\/tourtravelandmore.com\/es\/tours\/croacia-es\/zadar-es\/zadar-actividades-es\/excursion-privada-al-parque-nacional-krka-desde-zadar-copy\/\",\"url\":\"https:\/\/tourtravelandmore.com\/es\/tours\/croacia-es\/zadar-es\/zadar-actividades-es\/excursion-privada-al-parque-nacional-krka-desde-zadar-copy\/\",\"name\":\"\u27a1\ufe0f Tour privado a pie por Zadar con traslado de ida y vuelta al puerto de cruceros\",\"isPartOf\":{\"@id\":\"https:\/\/tourtravelandmore.com\/es\/#website\"},\"primaryImageOfPage\":{\"@id\":\"https:\/\/tourtravelandmore.com\/es\/tours\/croacia-es\/zadar-es\/zadar-actividades-es\/excursion-privada-al-parque-nacional-krka-desde-zadar-copy\/#primaryimage\"},\"image\":{\"@id\":\"https:\/\/tourtravelandmore.com\/es\/tours\/croacia-es\/zadar-es\/zadar-actividades-es\/excursion-privada-al-parque-nacional-krka-desde-zadar-copy\/#primaryimage\"},\"thumbnailUrl\":\"https:\/\/tourtravelandmore.com\/wp-content\/uploads\/2025\/02\/zadar-waterfront-min.jpg\",\"datePublished\":\"2025-02-14T17:49:47+00:00\",\"dateModified\":\"2025-02-14T18:09:21+00:00\",\"description\":\"Visite uno de los parque nacionales m\u00e1s bonitos de toda Europa junto a un gu\u00eda local con nuestro tour privado a Krka desde Zadar \u2705\",\"breadcrumb\":{\"@id\":\"https:\/\/tourtravelandmore.com\/es\/tours\/croacia-es\/zadar-es\/zadar-actividades-es\/excursion-privada-al-parque-nacional-krka-desde-zadar-copy\/#breadcrumb\"},\"inLanguage\":\"es\",\"potentialAction\":[{\"@type\":\"ReadAction\",\"target\":[\"https:\/\/tourtravelandmore.com\/es\/tours\/croacia-es\/zadar-es\/zadar-actividades-es\/excursion-privada-al-parque-nacional-krka-desde-zadar-copy\/\"]}]},{\"@type\":\"ImageObject\",\"inLanguage\":\"es\",\"@id\":\"https:\/\/tourtravelandmore.com\/es\/tours\/croacia-es\/zadar-es\/zadar-actividades-es\/excursion-privada-al-parque-nacional-krka-desde-zadar-copy\/#primaryimage\",\"url\":\"https:\/\/tourtravelandmore.com\/wp-content\/uploads\/2025\/02\/zadar-waterfront-min.jpg\",\"contentUrl\":\"https:\/\/tourtravelandmore.com\/wp-content\/uploads\/2025\/02\/zadar-waterfront-min.jpg\",\"width\":1023,\"height\":575},{\"@type\":\"BreadcrumbList\",\"@id\":\"https:\/\/tourtravelandmore.com\/es\/tours\/croacia-es\/zadar-es\/zadar-actividades-es\/excursion-privada-al-parque-nacional-krka-desde-zadar-copy\/#breadcrumb\",\"itemListElement\":[{\"@type\":\"ListItem\",\"position\":1,\"name\":\"Home\",\"item\":\"https:\/\/tourtravelandmore.com\/es\/\"},{\"@type\":\"ListItem\",\"position\":2,\"name\":\"Tours\",\"item\":\"https:\/\/tourtravelandmore.com\/es\/tours\/\"},{\"@type\":\"ListItem\",\"position\":3,\"name\":\"Tour privado a pie por Zadar con traslado de ida y vuelta al puerto de cruceros\"}]},{\"@type\":\"WebSite\",\"@id\":\"https:\/\/tourtravelandmore.com\/es\/#website\",\"url\":\"https:\/\/tourtravelandmore.com\/es\/\",\"name\":\"Tour Travel And More\",\"description\":\"Private sightseeing tours and luxury transfers in Spain\",\"publisher\":{\"@id\":\"https:\/\/tourtravelandmore.com\/es\/#organization\"},\"potentialAction\":[{\"@type\":\"SearchAction\",\"target\":{\"@type\":\"EntryPoint\",\"urlTemplate\":\"https:\/\/tourtravelandmore.com\/es\/?s={search_term_string}\"},\"query-input\":{\"@type\":\"PropertyValueSpecification\",\"valueRequired\":true,\"valueName\":\"search_term_string\"}}],\"inLanguage\":\"es\"},{\"@type\":\"Organization\",\"@id\":\"https:\/\/tourtravelandmore.com\/es\/#organization\",\"name\":\"Tour Travel And More\",\"url\":\"https:\/\/tourtravelandmore.com\/es\/\",\"logo\":{\"@type\":\"ImageObject\",\"inLanguage\":\"es\",\"@id\":\"https:\/\/tourtravelandmore.com\/es\/#\/schema\/logo\/image\/\",\"url\":\"https:\/\/tourtravelandmore.com\/wp-content\/uploads\/2022\/12\/cropped-logo-cabecera-new.png\",\"contentUrl\":\"https:\/\/tourtravelandmore.com\/wp-content\/uploads\/2022\/12\/cropped-logo-cabecera-new.png\",\"width\":430,\"height\":61,\"caption\":\"Tour Travel And More\"},\"image\":{\"@id\":\"https:\/\/tourtravelandmore.com\/es\/#\/schema\/logo\/image\/\"},\"sameAs\":[\"https:\/\/www.facebook.com\/tourtravelandmore\/\",\"https:\/\/x.com\/TourTravel_More\"]}]}<\/script>\n<!-- \/ Yoast SEO Premium plugin. -->","yoast_head_json":{"title":"\u27a1\ufe0f Tour privado a pie por Zadar con traslado de ida y vuelta al puerto de cruceros","description":"Visite uno de los parque nacionales m\u00e1s bonitos de toda Europa junto a un gu\u00eda local con nuestro tour privado a Krka desde Zadar \u2705","robots":{"index":"index","follow":"follow","max-snippet":"max-snippet:-1","max-image-preview":"max-image-preview:large","max-video-preview":"max-video-preview:-1"},"canonical":"https:\/\/tourtravelandmore.com\/es\/tours\/croacia-es\/zadar-es\/zadar-actividades-es\/excursion-privada-al-parque-nacional-krka-desde-zadar-copy\/","og_locale":"es_ES","og_type":"article","og_title":"Tour privado a pie por Zadar con traslado de ida y vuelta al puerto de cruceros","og_description":"Visite uno de los parque nacionales m\u00e1s bonitos de toda Europa junto a un gu\u00eda local con nuestro tour privado a Krka desde Zadar \u2705","og_url":"https:\/\/tourtravelandmore.com\/es\/tours\/croacia-es\/zadar-es\/zadar-actividades-es\/excursion-privada-al-parque-nacional-krka-desde-zadar-copy\/","og_site_name":"Tour Travel And More","article_publisher":"https:\/\/www.facebook.com\/tourtravelandmore\/","article_modified_time":"2025-02-14T18:09:21+00:00","og_image":[{"width":1023,"height":575,"url":"https:\/\/tourtravelandmore.com\/wp-content\/uploads\/2025\/02\/zadar-waterfront-min.jpg","type":"image\/jpeg"}],"twitter_card":"summary_large_image","twitter_site":"@TourTravel_More","twitter_misc":{"Tiempo de lectura":"2 minutos"},"schema":{"@context":"https:\/\/schema.org","@graph":[{"@type":"WebPage","@id":"https:\/\/tourtravelandmore.com\/es\/tours\/croacia-es\/zadar-es\/zadar-actividades-es\/excursion-privada-al-parque-nacional-krka-desde-zadar-copy\/","url":"https:\/\/tourtravelandmore.com\/es\/tours\/croacia-es\/zadar-es\/zadar-actividades-es\/excursion-privada-al-parque-nacional-krka-desde-zadar-copy\/","name":"\u27a1\ufe0f Tour privado a pie por Zadar con traslado de ida y vuelta al puerto de cruceros","isPartOf":{"@id":"https:\/\/tourtravelandmore.com\/es\/#website"},"primaryImageOfPage":{"@id":"https:\/\/tourtravelandmore.com\/es\/tours\/croacia-es\/zadar-es\/zadar-actividades-es\/excursion-privada-al-parque-nacional-krka-desde-zadar-copy\/#primaryimage"},"image":{"@id":"https:\/\/tourtravelandmore.com\/es\/tours\/croacia-es\/zadar-es\/zadar-actividades-es\/excursion-privada-al-parque-nacional-krka-desde-zadar-copy\/#primaryimage"},"thumbnailUrl":"https:\/\/tourtravelandmore.com\/wp-content\/uploads\/2025\/02\/zadar-waterfront-min.jpg","datePublished":"2025-02-14T17:49:47+00:00","dateModified":"2025-02-14T18:09:21+00:00","description":"Visite uno de los parque nacionales m\u00e1s bonitos de toda Europa junto a un gu\u00eda local con nuestro tour privado a Krka desde Zadar \u2705","breadcrumb":{"@id":"https:\/\/tourtravelandmore.com\/es\/tours\/croacia-es\/zadar-es\/zadar-actividades-es\/excursion-privada-al-parque-nacional-krka-desde-zadar-copy\/#breadcrumb"},"inLanguage":"es","potentialAction":[{"@type":"ReadAction","target":["https:\/\/tourtravelandmore.com\/es\/tours\/croacia-es\/zadar-es\/zadar-actividades-es\/excursion-privada-al-parque-nacional-krka-desde-zadar-copy\/"]}]},{"@type":"ImageObject","inLanguage":"es","@id":"https:\/\/tourtravelandmore.com\/es\/tours\/croacia-es\/zadar-es\/zadar-actividades-es\/excursion-privada-al-parque-nacional-krka-desde-zadar-copy\/#primaryimage","url":"https:\/\/tourtravelandmore.com\/wp-content\/uploads\/2025\/02\/zadar-waterfront-min.jpg","contentUrl":"https:\/\/tourtravelandmore.com\/wp-content\/uploads\/2025\/02\/zadar-waterfront-min.jpg","width":1023,"height":575},{"@type":"BreadcrumbList","@id":"https:\/\/tourtravelandmore.com\/es\/tours\/croacia-es\/zadar-es\/zadar-actividades-es\/excursion-privada-al-parque-nacional-krka-desde-zadar-copy\/#breadcrumb","itemListElement":[{"@type":"ListItem","position":1,"name":"Home","item":"https:\/\/tourtravelandmore.com\/es\/"},{"@type":"ListItem","position":2,"name":"Tours","item":"https:\/\/tourtravelandmore.com\/es\/tours\/"},{"@type":"ListItem","position":3,"name":"Tour privado a pie por Zadar con traslado de ida y vuelta al puerto de cruceros"}]},{"@type":"WebSite","@id":"https:\/\/tourtravelandmore.com\/es\/#website","url":"https:\/\/tourtravelandmore.com\/es\/","name":"Tour Travel And More","description":"Private sightseeing tours and luxury transfers in Spain","publisher":{"@id":"https:\/\/tourtravelandmore.com\/es\/#organization"},"potentialAction":[{"@type":"SearchAction","target":{"@type":"EntryPoint","urlTemplate":"https:\/\/tourtravelandmore.com\/es\/?s={search_term_string}"},"query-input":{"@type":"PropertyValueSpecification","valueRequired":true,"valueName":"search_term_string"}}],"inLanguage":"es"},{"@type":"Organization","@id":"https:\/\/tourtravelandmore.com\/es\/#organization","name":"Tour Travel And More","url":"https:\/\/tourtravelandmore.com\/es\/","logo":{"@type":"ImageObject","inLanguage":"es","@id":"https:\/\/tourtravelandmore.com\/es\/#\/schema\/logo\/image\/","url":"https:\/\/tourtravelandmore.com\/wp-content\/uploads\/2022\/12\/cropped-logo-cabecera-new.png","contentUrl":"https:\/\/tourtravelandmore.com\/wp-content\/uploads\/2022\/12\/cropped-logo-cabecera-new.png","width":430,"height":61,"caption":"Tour Travel And More"},"image":{"@id":"https:\/\/tourtravelandmore.com\/es\/#\/schema\/logo\/image\/"},"sameAs":["https:\/\/www.facebook.com\/tourtravelandmore\/","https:\/\/x.com\/TourTravel_More"]}]}},"_links":{"self":[{"href":"https:\/\/tourtravelandmore.com\/es\/wp-json\/wp\/v2\/product\/179576","targetHints":{"allow":["GET"]}}],"collection":[{"href":"https:\/\/tourtravelandmore.com\/es\/wp-json\/wp\/v2\/product"}],"about":[{"href":"https:\/\/tourtravelandmore.com\/es\/wp-json\/wp\/v2\/types\/product"}],"replies":[{"embeddable":true,"href":"https:\/\/tourtravelandmore.com\/es\/wp-json\/wp\/v2\/comments?post=179576"}],"wp:featuredmedia":[{"embeddable":true,"href":"https:\/\/tourtravelandmore.com\/es\/wp-json\/wp\/v2\/media\/179592"}],"wp:attachment":[{"href":"https:\/\/tourtravelandmore.com\/es\/wp-json\/wp\/v2\/media?parent=179576"}],"wp:term":[{"taxonomy":"product_brand","embeddable":true,"href":"https:\/\/tourtravelandmore.com\/es\/wp-json\/wp\/v2\/product_brand?post=179576"},{"taxonomy":"product_cat","embeddable":true,"href":"https:\/\/tourtravelandmore.com\/es\/wp-json\/wp\/v2\/product_cat?post=179576"},{"taxonomy":"product_tag","embeddable":true,"href":"https:\/\/tourtravelandmore.com\/es\/wp-json\/wp\/v2\/product_tag?post=179576"}],"curies":[{"name":"wp","href":"https:\/\/api.w.org\/{rel}","templated":true}]}}