{"id":179490,"date":"2025-01-27T19:26:41","date_gmt":"2025-01-27T18:26:41","guid":{"rendered":"https:\/\/tourtravelandmore.com\/?post_type=product&#038;p=179490"},"modified":"2025-01-27T19:59:53","modified_gmt":"2025-01-27T18:59:53","slug":"tour-privado-de-washington-copy","status":"publish","type":"product","link":"https:\/\/tourtravelandmore.com\/es\/tours\/eeuu-es\/washington-es\/washington-rutas-turisticas-privadas-es\/tour-privado-de-washington-copy\/","title":{"rendered":"Tour privado a Alexandria y Mount Vernon"},"content":{"rendered":"<h2><b><strong>Tour privado a Alexandria y Mount Vernon Descripci\u00f3n<\/strong><\/b><\/h2>\n<p>Descubra la rica historia de Virginia en este <b>tour privado<\/b> de 4 horas a <b>Alexandria<\/b> y <b>Mount Vernon,<\/b> perfecto para aquellos que buscan explorar dos lugares emblem\u00e1ticos en un viaje sin interrupciones. Viaje c\u00f3modamente en un veh\u00edculo privado con conductor-gu\u00eda o con un gu\u00eda y ch\u00f3fer por separado, lo que garantiza una experiencia personalizada y atractiva.<\/p>\n<p>Podemos recogerle en su hotel o en el lugar que elija en Washington. Disfrutar\u00e1 de este tour privado a bordo de un <b>veh\u00edculo privado de lujo<\/b>.<\/p>\n<p>Tambi\u00e9n podemos ofrecerle un recorrido <a href=\"https:\/\/tourtravelandmore.com\/tours\/u-s-a\/washington-en\/washington-activities-en\/private-walking-tour-of-washingston-dc\/\">privado a pie por Washington<\/a> con un gu\u00eda tur\u00edstico local.<\/p>\n<h2><b><strong>Puntos de inter\u00e9s y monumentos<\/strong><\/b><\/h2>\n<p>En primer lugar, organizaremos una recogida privada en su hotel de Washington. La hora de inicio del recorrido la determinar\u00e1 usted, ya que se trata de una experiencia privada.<\/p>\n<p>Comience su aventura en el <b>casco antiguo de Alexandria,<\/b> un encantador distrito hist\u00f3rico con calles adoquinadas, arquitectura colonial y una gran riqueza hist\u00f3rica <b>estadounidense<\/b>. Disfrute de un paseo guiado por sus emblem\u00e1ticos lugares de inter\u00e9s, como la <b>iglesia de Cristo<\/b> y la casa de la residencia urbana de <b>George Washington<\/b>.<\/p>\n<p>Contin\u00fae hasta <b>Mount Vernon,<\/b> la finca de George Washington, bellamente conservada. Con la entrada incluida, explorar\u00e1 la mansi\u00f3n, los jardines y el museo, y comprender\u00e1 mejor la vida y el legado del primer presidente de Estados Unidos.<\/p>\n<p>Este exclusivo recorrido combina descubrimientos culturales, conocimientos hist\u00f3ricos y belleza paisaj\u00edstica, lo que lo convierte en una opci\u00f3n ideal para viajeros de todas las edades.<\/p>\n<ul>\n<li><b>Casco antiguo de Alexandria:<\/b> Pasee por calles adoquinadas y admire monumentos de la \u00e9poca colonial como la iglesia de Cristo y casas hist\u00f3ricas.<\/li>\n<li><b>Finca de Mount Vernon:<\/b> Explore la mansi\u00f3n, los jardines y el museo con entradas incluidas.<\/li>\n<li><b>Itinerario flexible:<\/b> Adapte el recorrido a sus intereses con una experiencia personalizada.<\/li>\n<li><b>Conveniente recogida y regreso:<\/b> Rel\u00e1jese con el servicio puerta a puerta desde su hotel o lugar preferido en Washington, D.C.<\/li>\n<\/ul>\n<p>El itinerario de la excursi\u00f3n depender\u00e1 de su inter\u00e9s y tambi\u00e9n de la duraci\u00f3n total elegida para la excursi\u00f3n.<\/p>\n<p>Finalmente, al final de la visita guiada, ser\u00e1 llevado de regreso a su hotel o lugar de elecci\u00f3n en Washington.<\/p>\n","protected":false},"excerpt":{"rendered":"<p>Descubra la rica historia de Virginia en este <b>tour privado<\/b> de 4 horas a <b>Alexandria<\/b> y <b>Mount Vernon,<\/b> perfecto para aquellos que buscan explorar dos lugares emblem\u00e1ticos en un viaje sin interrupciones. Viaje c\u00f3modamente en un veh\u00edculo privado con conductor-gu\u00eda o con un gu\u00eda y ch\u00f3fer por separado, lo que garantiza una experiencia personalizada y atractiva.<\/p>\n","protected":false},"featured_media":179506,"comment_status":"open","ping_status":"closed","template":"","meta":{"_acf_changed":false},"product_brand":[],"product_cat":[1602,2057,2061,2060],"product_tag":[],"class_list":{"0":"post-179490","1":"product","2":"type-product","3":"status-publish","4":"has-post-thumbnail","6":"product_cat-eeuu-es","7":"product_cat-washington-es","8":"product_cat-washington-actividades-es","9":"product_cat-washington-rutas-turisticas-privadas-es","11":"first","12":"instock","13":"shipping-taxable","14":"purchasable","15":"product-type-simple"},"acf":[],"yoast_head":"<!-- This site is optimized with the Yoast SEO Premium plugin v25.3.1 (Yoast SEO v25.3.1) - https:\/\/yoast.com\/wordpress\/plugins\/seo\/ -->\n<title>Tour privado a Alexandria y Mount Vernon | Tour Travel &amp; More<\/title>\n<meta name=\"description\" content=\"\u2192 Tour privado a la vibrante ciudad de Washington para explorar sus maravillosos monumentos, sus deslumbrantes museos y mucho m\u00e1s \u2705\" \/>\n<meta name=\"robots\" content=\"index, follow, max-snippet:-1, max-image-preview:large, max-video-preview:-1\" \/>\n<link rel=\"canonical\" href=\"https:\/\/tourtravelandmore.com\/es\/tours\/eeuu-es\/washington-es\/washington-rutas-turisticas-privadas-es\/tour-privado-de-lo-mejor-de-washington\/\" \/>\n<meta property=\"og:locale\" content=\"es_ES\" \/>\n<meta property=\"og:type\" content=\"article\" \/>\n<meta property=\"og:title\" content=\"Tour privado a Alexandria y Mount Vernon\" \/>\n<meta property=\"og:description\" content=\"\u2192 Tour privado a la vibrante ciudad de Washington para explorar sus maravillosos monumentos, sus deslumbrantes museos y mucho m\u00e1s \u2705\" \/>\n<meta property=\"og:url\" content=\"https:\/\/tourtravelandmore.com\/es\/tours\/eeuu-es\/washington-es\/washington-rutas-turisticas-privadas-es\/tour-privado-de-lo-mejor-de-washington\/\" \/>\n<meta property=\"og:site_name\" content=\"Tour Travel And More\" \/>\n<meta property=\"article:publisher\" content=\"https:\/\/www.facebook.com\/tourtravelandmore\/\" \/>\n<meta property=\"article:modified_time\" content=\"2025-01-27T18:59:53+00:00\" \/>\n<meta property=\"og:image\" content=\"https:\/\/tourtravelandmore.com\/wp-content\/uploads\/2025\/01\/1bc80bef-d0b2-4a3c-aafe-91759186f128.jpeg\" \/>\n\t<meta property=\"og:image:width\" content=\"1200\" \/>\n\t<meta property=\"og:image:height\" content=\"840\" \/>\n\t<meta property=\"og:image:type\" content=\"image\/jpeg\" \/>\n<meta name=\"twitter:card\" content=\"summary_large_image\" \/>\n<meta name=\"twitter:site\" content=\"@TourTravel_More\" \/>\n<meta name=\"twitter:label1\" content=\"Tiempo de lectura\" \/>\n\t<meta name=\"twitter:data1\" content=\"2 minutos\" \/>\n<script type=\"application\/ld+json\" class=\"yoast-schema-graph\">{\"@context\":\"https:\/\/schema.org\",\"@graph\":[{\"@type\":\"WebPage\",\"@id\":\"https:\/\/tourtravelandmore.com\/es\/tours\/eeuu-es\/washington-es\/washington-rutas-turisticas-privadas-es\/tour-privado-de-washington-copy\/\",\"url\":\"https:\/\/tourtravelandmore.com\/es\/tours\/eeuu-es\/washington-es\/washington-rutas-turisticas-privadas-es\/tour-privado-de-lo-mejor-de-washington\/\",\"name\":\"Tour privado a Alexandria y Mount Vernon | Tour Travel & More\",\"isPartOf\":{\"@id\":\"https:\/\/tourtravelandmore.com\/es\/#website\"},\"primaryImageOfPage\":{\"@id\":\"https:\/\/tourtravelandmore.com\/es\/tours\/eeuu-es\/washington-es\/washington-rutas-turisticas-privadas-es\/tour-privado-de-lo-mejor-de-washington\/#primaryimage\"},\"image\":{\"@id\":\"https:\/\/tourtravelandmore.com\/es\/tours\/eeuu-es\/washington-es\/washington-rutas-turisticas-privadas-es\/tour-privado-de-lo-mejor-de-washington\/#primaryimage\"},\"thumbnailUrl\":\"https:\/\/tourtravelandmore.com\/wp-content\/uploads\/2025\/01\/1bc80bef-d0b2-4a3c-aafe-91759186f128.jpeg\",\"datePublished\":\"2025-01-27T18:26:41+00:00\",\"dateModified\":\"2025-01-27T18:59:53+00:00\",\"description\":\"\u2192 Tour privado a la vibrante ciudad de Washington para explorar sus maravillosos monumentos, sus deslumbrantes museos y mucho m\u00e1s \u2705\",\"breadcrumb\":{\"@id\":\"https:\/\/tourtravelandmore.com\/es\/tours\/eeuu-es\/washington-es\/washington-rutas-turisticas-privadas-es\/tour-privado-de-lo-mejor-de-washington\/#breadcrumb\"},\"inLanguage\":\"es\",\"potentialAction\":[{\"@type\":\"ReadAction\",\"target\":[\"https:\/\/tourtravelandmore.com\/es\/tours\/eeuu-es\/washington-es\/washington-rutas-turisticas-privadas-es\/tour-privado-de-lo-mejor-de-washington\/\"]}]},{\"@type\":\"ImageObject\",\"inLanguage\":\"es\",\"@id\":\"https:\/\/tourtravelandmore.com\/es\/tours\/eeuu-es\/washington-es\/washington-rutas-turisticas-privadas-es\/tour-privado-de-lo-mejor-de-washington\/#primaryimage\",\"url\":\"https:\/\/tourtravelandmore.com\/wp-content\/uploads\/2025\/01\/1bc80bef-d0b2-4a3c-aafe-91759186f128.jpeg\",\"contentUrl\":\"https:\/\/tourtravelandmore.com\/wp-content\/uploads\/2025\/01\/1bc80bef-d0b2-4a3c-aafe-91759186f128.jpeg\",\"width\":1200,\"height\":840},{\"@type\":\"BreadcrumbList\",\"@id\":\"https:\/\/tourtravelandmore.com\/es\/tours\/eeuu-es\/washington-es\/washington-rutas-turisticas-privadas-es\/tour-privado-de-lo-mejor-de-washington\/#breadcrumb\",\"itemListElement\":[{\"@type\":\"ListItem\",\"position\":1,\"name\":\"Home\",\"item\":\"https:\/\/tourtravelandmore.com\/es\/\"},{\"@type\":\"ListItem\",\"position\":2,\"name\":\"Tours\",\"item\":\"https:\/\/tourtravelandmore.com\/es\/tours\/\"},{\"@type\":\"ListItem\",\"position\":3,\"name\":\"Tour privado a Alexandria y Mount Vernon\"}]},{\"@type\":\"WebSite\",\"@id\":\"https:\/\/tourtravelandmore.com\/es\/#website\",\"url\":\"https:\/\/tourtravelandmore.com\/es\/\",\"name\":\"Tour Travel And More\",\"description\":\"Private sightseeing tours and luxury transfers in Spain\",\"publisher\":{\"@id\":\"https:\/\/tourtravelandmore.com\/es\/#organization\"},\"potentialAction\":[{\"@type\":\"SearchAction\",\"target\":{\"@type\":\"EntryPoint\",\"urlTemplate\":\"https:\/\/tourtravelandmore.com\/es\/?s={search_term_string}\"},\"query-input\":{\"@type\":\"PropertyValueSpecification\",\"valueRequired\":true,\"valueName\":\"search_term_string\"}}],\"inLanguage\":\"es\"},{\"@type\":\"Organization\",\"@id\":\"https:\/\/tourtravelandmore.com\/es\/#organization\",\"name\":\"Tour Travel And More\",\"url\":\"https:\/\/tourtravelandmore.com\/es\/\",\"logo\":{\"@type\":\"ImageObject\",\"inLanguage\":\"es\",\"@id\":\"https:\/\/tourtravelandmore.com\/es\/#\/schema\/logo\/image\/\",\"url\":\"https:\/\/tourtravelandmore.com\/wp-content\/uploads\/2022\/12\/cropped-logo-cabecera-new.png\",\"contentUrl\":\"https:\/\/tourtravelandmore.com\/wp-content\/uploads\/2022\/12\/cropped-logo-cabecera-new.png\",\"width\":430,\"height\":61,\"caption\":\"Tour Travel And More\"},\"image\":{\"@id\":\"https:\/\/tourtravelandmore.com\/es\/#\/schema\/logo\/image\/\"},\"sameAs\":[\"https:\/\/www.facebook.com\/tourtravelandmore\/\",\"https:\/\/x.com\/TourTravel_More\"]}]}<\/script>\n<!-- \/ Yoast SEO Premium plugin. -->","yoast_head_json":{"title":"Tour privado a Alexandria y Mount Vernon | Tour Travel & More","description":"\u2192 Tour privado a la vibrante ciudad de Washington para explorar sus maravillosos monumentos, sus deslumbrantes museos y mucho m\u00e1s \u2705","robots":{"index":"index","follow":"follow","max-snippet":"max-snippet:-1","max-image-preview":"max-image-preview:large","max-video-preview":"max-video-preview:-1"},"canonical":"https:\/\/tourtravelandmore.com\/es\/tours\/eeuu-es\/washington-es\/washington-rutas-turisticas-privadas-es\/tour-privado-de-lo-mejor-de-washington\/","og_locale":"es_ES","og_type":"article","og_title":"Tour privado a Alexandria y Mount Vernon","og_description":"\u2192 Tour privado a la vibrante ciudad de Washington para explorar sus maravillosos monumentos, sus deslumbrantes museos y mucho m\u00e1s \u2705","og_url":"https:\/\/tourtravelandmore.com\/es\/tours\/eeuu-es\/washington-es\/washington-rutas-turisticas-privadas-es\/tour-privado-de-lo-mejor-de-washington\/","og_site_name":"Tour Travel And More","article_publisher":"https:\/\/www.facebook.com\/tourtravelandmore\/","article_modified_time":"2025-01-27T18:59:53+00:00","og_image":[{"width":1200,"height":840,"url":"https:\/\/tourtravelandmore.com\/wp-content\/uploads\/2025\/01\/1bc80bef-d0b2-4a3c-aafe-91759186f128.jpeg","type":"image\/jpeg"}],"twitter_card":"summary_large_image","twitter_site":"@TourTravel_More","twitter_misc":{"Tiempo de lectura":"2 minutos"},"schema":{"@context":"https:\/\/schema.org","@graph":[{"@type":"WebPage","@id":"https:\/\/tourtravelandmore.com\/es\/tours\/eeuu-es\/washington-es\/washington-rutas-turisticas-privadas-es\/tour-privado-de-washington-copy\/","url":"https:\/\/tourtravelandmore.com\/es\/tours\/eeuu-es\/washington-es\/washington-rutas-turisticas-privadas-es\/tour-privado-de-lo-mejor-de-washington\/","name":"Tour privado a Alexandria y Mount Vernon | Tour Travel & More","isPartOf":{"@id":"https:\/\/tourtravelandmore.com\/es\/#website"},"primaryImageOfPage":{"@id":"https:\/\/tourtravelandmore.com\/es\/tours\/eeuu-es\/washington-es\/washington-rutas-turisticas-privadas-es\/tour-privado-de-lo-mejor-de-washington\/#primaryimage"},"image":{"@id":"https:\/\/tourtravelandmore.com\/es\/tours\/eeuu-es\/washington-es\/washington-rutas-turisticas-privadas-es\/tour-privado-de-lo-mejor-de-washington\/#primaryimage"},"thumbnailUrl":"https:\/\/tourtravelandmore.com\/wp-content\/uploads\/2025\/01\/1bc80bef-d0b2-4a3c-aafe-91759186f128.jpeg","datePublished":"2025-01-27T18:26:41+00:00","dateModified":"2025-01-27T18:59:53+00:00","description":"\u2192 Tour privado a la vibrante ciudad de Washington para explorar sus maravillosos monumentos, sus deslumbrantes museos y mucho m\u00e1s \u2705","breadcrumb":{"@id":"https:\/\/tourtravelandmore.com\/es\/tours\/eeuu-es\/washington-es\/washington-rutas-turisticas-privadas-es\/tour-privado-de-lo-mejor-de-washington\/#breadcrumb"},"inLanguage":"es","potentialAction":[{"@type":"ReadAction","target":["https:\/\/tourtravelandmore.com\/es\/tours\/eeuu-es\/washington-es\/washington-rutas-turisticas-privadas-es\/tour-privado-de-lo-mejor-de-washington\/"]}]},{"@type":"ImageObject","inLanguage":"es","@id":"https:\/\/tourtravelandmore.com\/es\/tours\/eeuu-es\/washington-es\/washington-rutas-turisticas-privadas-es\/tour-privado-de-lo-mejor-de-washington\/#primaryimage","url":"https:\/\/tourtravelandmore.com\/wp-content\/uploads\/2025\/01\/1bc80bef-d0b2-4a3c-aafe-91759186f128.jpeg","contentUrl":"https:\/\/tourtravelandmore.com\/wp-content\/uploads\/2025\/01\/1bc80bef-d0b2-4a3c-aafe-91759186f128.jpeg","width":1200,"height":840},{"@type":"BreadcrumbList","@id":"https:\/\/tourtravelandmore.com\/es\/tours\/eeuu-es\/washington-es\/washington-rutas-turisticas-privadas-es\/tour-privado-de-lo-mejor-de-washington\/#breadcrumb","itemListElement":[{"@type":"ListItem","position":1,"name":"Home","item":"https:\/\/tourtravelandmore.com\/es\/"},{"@type":"ListItem","position":2,"name":"Tours","item":"https:\/\/tourtravelandmore.com\/es\/tours\/"},{"@type":"ListItem","position":3,"name":"Tour privado a Alexandria y Mount Vernon"}]},{"@type":"WebSite","@id":"https:\/\/tourtravelandmore.com\/es\/#website","url":"https:\/\/tourtravelandmore.com\/es\/","name":"Tour Travel And More","description":"Private sightseeing tours and luxury transfers in Spain","publisher":{"@id":"https:\/\/tourtravelandmore.com\/es\/#organization"},"potentialAction":[{"@type":"SearchAction","target":{"@type":"EntryPoint","urlTemplate":"https:\/\/tourtravelandmore.com\/es\/?s={search_term_string}"},"query-input":{"@type":"PropertyValueSpecification","valueRequired":true,"valueName":"search_term_string"}}],"inLanguage":"es"},{"@type":"Organization","@id":"https:\/\/tourtravelandmore.com\/es\/#organization","name":"Tour Travel And More","url":"https:\/\/tourtravelandmore.com\/es\/","logo":{"@type":"ImageObject","inLanguage":"es","@id":"https:\/\/tourtravelandmore.com\/es\/#\/schema\/logo\/image\/","url":"https:\/\/tourtravelandmore.com\/wp-content\/uploads\/2022\/12\/cropped-logo-cabecera-new.png","contentUrl":"https:\/\/tourtravelandmore.com\/wp-content\/uploads\/2022\/12\/cropped-logo-cabecera-new.png","width":430,"height":61,"caption":"Tour Travel And More"},"image":{"@id":"https:\/\/tourtravelandmore.com\/es\/#\/schema\/logo\/image\/"},"sameAs":["https:\/\/www.facebook.com\/tourtravelandmore\/","https:\/\/x.com\/TourTravel_More"]}]}},"_links":{"self":[{"href":"https:\/\/tourtravelandmore.com\/es\/wp-json\/wp\/v2\/product\/179490","targetHints":{"allow":["GET"]}}],"collection":[{"href":"https:\/\/tourtravelandmore.com\/es\/wp-json\/wp\/v2\/product"}],"about":[{"href":"https:\/\/tourtravelandmore.com\/es\/wp-json\/wp\/v2\/types\/product"}],"replies":[{"embeddable":true,"href":"https:\/\/tourtravelandmore.com\/es\/wp-json\/wp\/v2\/comments?post=179490"}],"wp:featuredmedia":[{"embeddable":true,"href":"https:\/\/tourtravelandmore.com\/es\/wp-json\/wp\/v2\/media\/179506"}],"wp:attachment":[{"href":"https:\/\/tourtravelandmore.com\/es\/wp-json\/wp\/v2\/media?parent=179490"}],"wp:term":[{"taxonomy":"product_brand","embeddable":true,"href":"https:\/\/tourtravelandmore.com\/es\/wp-json\/wp\/v2\/product_brand?post=179490"},{"taxonomy":"product_cat","embeddable":true,"href":"https:\/\/tourtravelandmore.com\/es\/wp-json\/wp\/v2\/product_cat?post=179490"},{"taxonomy":"product_tag","embeddable":true,"href":"https:\/\/tourtravelandmore.com\/es\/wp-json\/wp\/v2\/product_tag?post=179490"}],"curies":[{"name":"wp","href":"https:\/\/api.w.org\/{rel}","templated":true}]}}