{"id":179424,"date":"2025-01-20T16:49:57","date_gmt":"2025-01-20T15:49:57","guid":{"rendered":"https:\/\/tourtravelandmore.com\/?post_type=product&#038;p=179424"},"modified":"2025-01-20T17:07:09","modified_gmt":"2025-01-20T16:07:09","slug":"traslados-privados-en-split-hacia-desde-el-puerto-de-cruceros-copy","status":"publish","type":"product","link":"https:\/\/tourtravelandmore.com\/es\/tours\/croacia-es\/split-es\/split-traslados-es\/traslados-privados-en-split-hacia-desde-el-puerto-de-cruceros-copy\/","title":{"rendered":"Traslado privado de\/a Dubrovnik a\/desde Split"},"content":{"rendered":"<h2><strong>Traslado privado de\/a Dubrovnik a\/desde Split Descripci\u00f3n<\/strong><\/h2>\n<p>Experimente un viaje c\u00f3modo y sin contratiempos con nuestro servicio de traslado privado entre Dubrovnik y Split. Dise\u00f1ado para su comodidad y lujo, este servicio incluye un conductor profesional y un veh\u00edculo privado exclusivo para su grupo. Tanto si viaja para explorar el encanto hist\u00f3rico de Dubrovnik como la vibrante ciudad costera de Split, nuestro traslado le garantiza una experiencia sin estr\u00e9s.<\/p>\n<p>Ofrecemos <strong>todo tipo de traslados,<\/strong> como, por ejemplo, traslados <a href=\"http:\/\/www.split-airport.hr\/index.php?lang=hr\">al aeropuerto<\/a>, al puerto, a la estaci\u00f3n de autobuses o a cualquier otra ciudad o lugar cercano.<\/p>\n<p>Una vez que llegue a su parada, nuestro personal le estar\u00e1 esperando con un cartel en la terminal de llegadas. Durante la llegada a su destino final, podr\u00e1 disfrutar tambi\u00e9n de un paisaje panor\u00e1mico de la ciudad.<\/p>\n<p>En caso de que llegue al Puerto de <a href=\"https:\/\/tourtravelandmore.com\/tours\/croatia-en\/split\/private-tour-of-trogir-and-split\/\">Cruceros<\/a> de Split podemos organizarle un traslado privado a Split, o tambi\u00e9n tenemos la opci\u00f3n de una <a href=\"https:\/\/tourtravelandmore.com\/tours\/croatia-en\/split\/private-tour-of-trogir-and-split\/\">excursi\u00f3n privada a Trogir y Split desde el Puerto de Cruceros.<\/a><\/p>\n<h2><strong>Traslado privado desde\/hacia Dubrovnik a\/desde Split | Puntos de inter\u00e9s y lugares emblem\u00e1ticos<\/strong><\/h2>\n<p>Disfrute de la ruta panor\u00e1mica a lo largo de la costa d\u00e1lmata, con pintorescas vistas del mar Adri\u00e1tico, pueblos encantadores y paisajes exuberantes. Su experimentado conductor le proporcionar\u00e1 un traslado seguro y puntual, haciendo que su viaje entre estas emblem\u00e1ticas ciudades croatas sea tan agradable como su destino.<\/p>\n<p>Este traslado privado es perfecto para familias, parejas o grupos que buscan una experiencia de viaje personalizada y sin complicaciones. Deje que nosotros nos ocupemos de la log\u00edstica mientras usted se relaja y disfruta del viaje.<\/p>\n<ul>\n<li><strong>Veh\u00edculo privado:<\/strong> Viaje c\u00f3modamente con un veh\u00edculo exclusivo para su grupo.<\/li>\n<li><strong>Conductor profesional:<\/strong> Conductor fiable y experimentado que garantiza un viaje seguro.<\/li>\n<li><strong>Ruta panor\u00e1mica:<\/strong> Disfrute de las impresionantes vistas de la costa adri\u00e1tica a lo largo del camino.<\/li>\n<li><strong>Recogida y regreso flexibles:<\/strong> C\u00f3modo servicio puerta a puerta adaptado a sus horarios.<\/li>\n<li><strong>Viaje sin estr\u00e9s:<\/strong> Evite las molestias del transporte p\u00fablico o de los traslados compartidos.<\/li>\n<\/ul>\n<p>Reserve hoy mismo su traslado privado y disfrute de una experiencia de viaje de primera entre Dubrovnik y Split.<\/p>\n","protected":false},"excerpt":{"rendered":"<p>Experimente un viaje c\u00f3modo y sin contratiempos con nuestro servicio de traslado privado entre Dubrovnik y Split. Dise\u00f1ado para su comodidad y lujo, este servicio incluye un conductor profesional y un veh\u00edculo privado exclusivo para su grupo. Tanto si viaja para explorar el encanto hist\u00f3rico de Dubrovnik como la vibrante ciudad costera de Split, nuestro traslado le garantiza una experiencia sin estr\u00e9s.<\/p>\n","protected":false},"featured_media":8555,"comment_status":"open","ping_status":"closed","template":"","meta":{"_acf_changed":false},"product_brand":[],"product_cat":[2434,2444],"product_tag":[],"class_list":{"0":"post-179424","1":"product","2":"type-product","3":"status-publish","4":"has-post-thumbnail","6":"product_cat-split-es","7":"product_cat-split-traslados-es","9":"first","10":"instock","11":"shipping-taxable","12":"purchasable","13":"product-type-simple"},"acf":[],"yoast_head":"<!-- This site is optimized with the Yoast SEO Premium plugin v25.3.1 (Yoast SEO v25.3.1) - https:\/\/yoast.com\/wordpress\/plugins\/seo\/ -->\n<title>\u27a1\ufe0f Traslados Privados en Split: veh\u00edculos privado de lujo con chofer oficial | Tour Travel &amp; More<\/title>\n<meta name=\"description\" content=\"Traslados privados a la ciudad de Split desde el aeropuerto, puerto u otras ciudades en Croacia. Veh\u00edculos privados de lujo con chofer a su disposici\u00f3n \u2705\" \/>\n<meta name=\"robots\" content=\"index, follow, max-snippet:-1, max-image-preview:large, max-video-preview:-1\" \/>\n<link rel=\"canonical\" href=\"https:\/\/tourtravelandmore.com\/es\/tours\/croacia-es\/split-es\/split-traslados-es\/traslados-privados-en-split-hacia-desde-el-puerto-de-cruceros-copy\/\" \/>\n<meta property=\"og:locale\" content=\"es_ES\" \/>\n<meta property=\"og:type\" content=\"article\" \/>\n<meta property=\"og:title\" content=\"Traslado privado de\/a Dubrovnik a\/desde Split\" \/>\n<meta property=\"og:description\" content=\"Traslados privados a la ciudad de Split desde el aeropuerto, puerto u otras ciudades en Croacia. Veh\u00edculos privados de lujo con chofer a su disposici\u00f3n \u2705\" \/>\n<meta property=\"og:url\" content=\"https:\/\/tourtravelandmore.com\/es\/tours\/croacia-es\/split-es\/split-traslados-es\/traslados-privados-en-split-hacia-desde-el-puerto-de-cruceros-copy\/\" \/>\n<meta property=\"og:site_name\" content=\"Tour Travel And More\" \/>\n<meta property=\"article:publisher\" content=\"https:\/\/www.facebook.com\/tourtravelandmore\/\" \/>\n<meta property=\"article:modified_time\" content=\"2025-01-20T16:07:09+00:00\" \/>\n<meta property=\"og:image\" content=\"https:\/\/tourtravelandmore.com\/wp-content\/uploads\/2016\/10\/madrid-private-transfer.png\" \/>\n\t<meta property=\"og:image:width\" content=\"640\" \/>\n\t<meta property=\"og:image:height\" content=\"425\" \/>\n\t<meta property=\"og:image:type\" content=\"image\/png\" \/>\n<meta name=\"twitter:card\" content=\"summary_large_image\" \/>\n<meta name=\"twitter:site\" content=\"@TourTravel_More\" \/>\n<meta name=\"twitter:label1\" content=\"Tiempo de lectura\" \/>\n\t<meta name=\"twitter:data1\" content=\"2 minutos\" \/>\n<script type=\"application\/ld+json\" class=\"yoast-schema-graph\">{\"@context\":\"https:\/\/schema.org\",\"@graph\":[{\"@type\":\"WebPage\",\"@id\":\"https:\/\/tourtravelandmore.com\/es\/tours\/croacia-es\/split-es\/split-traslados-es\/traslados-privados-en-split-hacia-desde-el-puerto-de-cruceros-copy\/\",\"url\":\"https:\/\/tourtravelandmore.com\/es\/tours\/croacia-es\/split-es\/split-traslados-es\/traslados-privados-en-split-hacia-desde-el-puerto-de-cruceros-copy\/\",\"name\":\"\u27a1\ufe0f Traslados Privados en Split: veh\u00edculos privado de lujo con chofer oficial | Tour Travel & More\",\"isPartOf\":{\"@id\":\"https:\/\/tourtravelandmore.com\/es\/#website\"},\"primaryImageOfPage\":{\"@id\":\"https:\/\/tourtravelandmore.com\/es\/tours\/croacia-es\/split-es\/split-traslados-es\/traslados-privados-en-split-hacia-desde-el-puerto-de-cruceros-copy\/#primaryimage\"},\"image\":{\"@id\":\"https:\/\/tourtravelandmore.com\/es\/tours\/croacia-es\/split-es\/split-traslados-es\/traslados-privados-en-split-hacia-desde-el-puerto-de-cruceros-copy\/#primaryimage\"},\"thumbnailUrl\":\"https:\/\/tourtravelandmore.com\/wp-content\/uploads\/2016\/10\/madrid-private-transfer.png\",\"datePublished\":\"2025-01-20T15:49:57+00:00\",\"dateModified\":\"2025-01-20T16:07:09+00:00\",\"description\":\"Traslados privados a la ciudad de Split desde el aeropuerto, puerto u otras ciudades en Croacia. Veh\u00edculos privados de lujo con chofer a su disposici\u00f3n \u2705\",\"breadcrumb\":{\"@id\":\"https:\/\/tourtravelandmore.com\/es\/tours\/croacia-es\/split-es\/split-traslados-es\/traslados-privados-en-split-hacia-desde-el-puerto-de-cruceros-copy\/#breadcrumb\"},\"inLanguage\":\"es\",\"potentialAction\":[{\"@type\":\"ReadAction\",\"target\":[\"https:\/\/tourtravelandmore.com\/es\/tours\/croacia-es\/split-es\/split-traslados-es\/traslados-privados-en-split-hacia-desde-el-puerto-de-cruceros-copy\/\"]}]},{\"@type\":\"ImageObject\",\"inLanguage\":\"es\",\"@id\":\"https:\/\/tourtravelandmore.com\/es\/tours\/croacia-es\/split-es\/split-traslados-es\/traslados-privados-en-split-hacia-desde-el-puerto-de-cruceros-copy\/#primaryimage\",\"url\":\"https:\/\/tourtravelandmore.com\/wp-content\/uploads\/2016\/10\/madrid-private-transfer.png\",\"contentUrl\":\"https:\/\/tourtravelandmore.com\/wp-content\/uploads\/2016\/10\/madrid-private-transfer.png\",\"width\":640,\"height\":425},{\"@type\":\"BreadcrumbList\",\"@id\":\"https:\/\/tourtravelandmore.com\/es\/tours\/croacia-es\/split-es\/split-traslados-es\/traslados-privados-en-split-hacia-desde-el-puerto-de-cruceros-copy\/#breadcrumb\",\"itemListElement\":[{\"@type\":\"ListItem\",\"position\":1,\"name\":\"Home\",\"item\":\"https:\/\/tourtravelandmore.com\/es\/\"},{\"@type\":\"ListItem\",\"position\":2,\"name\":\"Tours\",\"item\":\"https:\/\/tourtravelandmore.com\/es\/tours\/\"},{\"@type\":\"ListItem\",\"position\":3,\"name\":\"Traslado privado de\/a Dubrovnik a\/desde Split\"}]},{\"@type\":\"WebSite\",\"@id\":\"https:\/\/tourtravelandmore.com\/es\/#website\",\"url\":\"https:\/\/tourtravelandmore.com\/es\/\",\"name\":\"Tour Travel And More\",\"description\":\"Private sightseeing tours and luxury transfers in Spain\",\"publisher\":{\"@id\":\"https:\/\/tourtravelandmore.com\/es\/#organization\"},\"potentialAction\":[{\"@type\":\"SearchAction\",\"target\":{\"@type\":\"EntryPoint\",\"urlTemplate\":\"https:\/\/tourtravelandmore.com\/es\/?s={search_term_string}\"},\"query-input\":{\"@type\":\"PropertyValueSpecification\",\"valueRequired\":true,\"valueName\":\"search_term_string\"}}],\"inLanguage\":\"es\"},{\"@type\":\"Organization\",\"@id\":\"https:\/\/tourtravelandmore.com\/es\/#organization\",\"name\":\"Tour Travel And More\",\"url\":\"https:\/\/tourtravelandmore.com\/es\/\",\"logo\":{\"@type\":\"ImageObject\",\"inLanguage\":\"es\",\"@id\":\"https:\/\/tourtravelandmore.com\/es\/#\/schema\/logo\/image\/\",\"url\":\"https:\/\/tourtravelandmore.com\/wp-content\/uploads\/2022\/12\/cropped-logo-cabecera-new.png\",\"contentUrl\":\"https:\/\/tourtravelandmore.com\/wp-content\/uploads\/2022\/12\/cropped-logo-cabecera-new.png\",\"width\":430,\"height\":61,\"caption\":\"Tour Travel And More\"},\"image\":{\"@id\":\"https:\/\/tourtravelandmore.com\/es\/#\/schema\/logo\/image\/\"},\"sameAs\":[\"https:\/\/www.facebook.com\/tourtravelandmore\/\",\"https:\/\/x.com\/TourTravel_More\"]}]}<\/script>\n<!-- \/ Yoast SEO Premium plugin. -->","yoast_head_json":{"title":"\u27a1\ufe0f Traslados Privados en Split: veh\u00edculos privado de lujo con chofer oficial | Tour Travel & More","description":"Traslados privados a la ciudad de Split desde el aeropuerto, puerto u otras ciudades en Croacia. Veh\u00edculos privados de lujo con chofer a su disposici\u00f3n \u2705","robots":{"index":"index","follow":"follow","max-snippet":"max-snippet:-1","max-image-preview":"max-image-preview:large","max-video-preview":"max-video-preview:-1"},"canonical":"https:\/\/tourtravelandmore.com\/es\/tours\/croacia-es\/split-es\/split-traslados-es\/traslados-privados-en-split-hacia-desde-el-puerto-de-cruceros-copy\/","og_locale":"es_ES","og_type":"article","og_title":"Traslado privado de\/a Dubrovnik a\/desde Split","og_description":"Traslados privados a la ciudad de Split desde el aeropuerto, puerto u otras ciudades en Croacia. Veh\u00edculos privados de lujo con chofer a su disposici\u00f3n \u2705","og_url":"https:\/\/tourtravelandmore.com\/es\/tours\/croacia-es\/split-es\/split-traslados-es\/traslados-privados-en-split-hacia-desde-el-puerto-de-cruceros-copy\/","og_site_name":"Tour Travel And More","article_publisher":"https:\/\/www.facebook.com\/tourtravelandmore\/","article_modified_time":"2025-01-20T16:07:09+00:00","og_image":[{"width":640,"height":425,"url":"https:\/\/tourtravelandmore.com\/wp-content\/uploads\/2016\/10\/madrid-private-transfer.png","type":"image\/png"}],"twitter_card":"summary_large_image","twitter_site":"@TourTravel_More","twitter_misc":{"Tiempo de lectura":"2 minutos"},"schema":{"@context":"https:\/\/schema.org","@graph":[{"@type":"WebPage","@id":"https:\/\/tourtravelandmore.com\/es\/tours\/croacia-es\/split-es\/split-traslados-es\/traslados-privados-en-split-hacia-desde-el-puerto-de-cruceros-copy\/","url":"https:\/\/tourtravelandmore.com\/es\/tours\/croacia-es\/split-es\/split-traslados-es\/traslados-privados-en-split-hacia-desde-el-puerto-de-cruceros-copy\/","name":"\u27a1\ufe0f Traslados Privados en Split: veh\u00edculos privado de lujo con chofer oficial | Tour Travel & More","isPartOf":{"@id":"https:\/\/tourtravelandmore.com\/es\/#website"},"primaryImageOfPage":{"@id":"https:\/\/tourtravelandmore.com\/es\/tours\/croacia-es\/split-es\/split-traslados-es\/traslados-privados-en-split-hacia-desde-el-puerto-de-cruceros-copy\/#primaryimage"},"image":{"@id":"https:\/\/tourtravelandmore.com\/es\/tours\/croacia-es\/split-es\/split-traslados-es\/traslados-privados-en-split-hacia-desde-el-puerto-de-cruceros-copy\/#primaryimage"},"thumbnailUrl":"https:\/\/tourtravelandmore.com\/wp-content\/uploads\/2016\/10\/madrid-private-transfer.png","datePublished":"2025-01-20T15:49:57+00:00","dateModified":"2025-01-20T16:07:09+00:00","description":"Traslados privados a la ciudad de Split desde el aeropuerto, puerto u otras ciudades en Croacia. Veh\u00edculos privados de lujo con chofer a su disposici\u00f3n \u2705","breadcrumb":{"@id":"https:\/\/tourtravelandmore.com\/es\/tours\/croacia-es\/split-es\/split-traslados-es\/traslados-privados-en-split-hacia-desde-el-puerto-de-cruceros-copy\/#breadcrumb"},"inLanguage":"es","potentialAction":[{"@type":"ReadAction","target":["https:\/\/tourtravelandmore.com\/es\/tours\/croacia-es\/split-es\/split-traslados-es\/traslados-privados-en-split-hacia-desde-el-puerto-de-cruceros-copy\/"]}]},{"@type":"ImageObject","inLanguage":"es","@id":"https:\/\/tourtravelandmore.com\/es\/tours\/croacia-es\/split-es\/split-traslados-es\/traslados-privados-en-split-hacia-desde-el-puerto-de-cruceros-copy\/#primaryimage","url":"https:\/\/tourtravelandmore.com\/wp-content\/uploads\/2016\/10\/madrid-private-transfer.png","contentUrl":"https:\/\/tourtravelandmore.com\/wp-content\/uploads\/2016\/10\/madrid-private-transfer.png","width":640,"height":425},{"@type":"BreadcrumbList","@id":"https:\/\/tourtravelandmore.com\/es\/tours\/croacia-es\/split-es\/split-traslados-es\/traslados-privados-en-split-hacia-desde-el-puerto-de-cruceros-copy\/#breadcrumb","itemListElement":[{"@type":"ListItem","position":1,"name":"Home","item":"https:\/\/tourtravelandmore.com\/es\/"},{"@type":"ListItem","position":2,"name":"Tours","item":"https:\/\/tourtravelandmore.com\/es\/tours\/"},{"@type":"ListItem","position":3,"name":"Traslado privado de\/a Dubrovnik a\/desde Split"}]},{"@type":"WebSite","@id":"https:\/\/tourtravelandmore.com\/es\/#website","url":"https:\/\/tourtravelandmore.com\/es\/","name":"Tour Travel And More","description":"Private sightseeing tours and luxury transfers in Spain","publisher":{"@id":"https:\/\/tourtravelandmore.com\/es\/#organization"},"potentialAction":[{"@type":"SearchAction","target":{"@type":"EntryPoint","urlTemplate":"https:\/\/tourtravelandmore.com\/es\/?s={search_term_string}"},"query-input":{"@type":"PropertyValueSpecification","valueRequired":true,"valueName":"search_term_string"}}],"inLanguage":"es"},{"@type":"Organization","@id":"https:\/\/tourtravelandmore.com\/es\/#organization","name":"Tour Travel And More","url":"https:\/\/tourtravelandmore.com\/es\/","logo":{"@type":"ImageObject","inLanguage":"es","@id":"https:\/\/tourtravelandmore.com\/es\/#\/schema\/logo\/image\/","url":"https:\/\/tourtravelandmore.com\/wp-content\/uploads\/2022\/12\/cropped-logo-cabecera-new.png","contentUrl":"https:\/\/tourtravelandmore.com\/wp-content\/uploads\/2022\/12\/cropped-logo-cabecera-new.png","width":430,"height":61,"caption":"Tour Travel And More"},"image":{"@id":"https:\/\/tourtravelandmore.com\/es\/#\/schema\/logo\/image\/"},"sameAs":["https:\/\/www.facebook.com\/tourtravelandmore\/","https:\/\/x.com\/TourTravel_More"]}]}},"_links":{"self":[{"href":"https:\/\/tourtravelandmore.com\/es\/wp-json\/wp\/v2\/product\/179424","targetHints":{"allow":["GET"]}}],"collection":[{"href":"https:\/\/tourtravelandmore.com\/es\/wp-json\/wp\/v2\/product"}],"about":[{"href":"https:\/\/tourtravelandmore.com\/es\/wp-json\/wp\/v2\/types\/product"}],"replies":[{"embeddable":true,"href":"https:\/\/tourtravelandmore.com\/es\/wp-json\/wp\/v2\/comments?post=179424"}],"wp:featuredmedia":[{"embeddable":true,"href":"https:\/\/tourtravelandmore.com\/es\/wp-json\/wp\/v2\/media\/8555"}],"wp:attachment":[{"href":"https:\/\/tourtravelandmore.com\/es\/wp-json\/wp\/v2\/media?parent=179424"}],"wp:term":[{"taxonomy":"product_brand","embeddable":true,"href":"https:\/\/tourtravelandmore.com\/es\/wp-json\/wp\/v2\/product_brand?post=179424"},{"taxonomy":"product_cat","embeddable":true,"href":"https:\/\/tourtravelandmore.com\/es\/wp-json\/wp\/v2\/product_cat?post=179424"},{"taxonomy":"product_tag","embeddable":true,"href":"https:\/\/tourtravelandmore.com\/es\/wp-json\/wp\/v2\/product_tag?post=179424"}],"curies":[{"name":"wp","href":"https:\/\/api.w.org\/{rel}","templated":true}]}}