{"id":179371,"date":"2025-01-20T16:03:20","date_gmt":"2025-01-20T15:03:21","guid":{"rendered":"https:\/\/tourtravelandmore.com\/?post_type=product&#038;p=179371"},"modified":"2025-01-20T16:27:51","modified_gmt":"2025-01-20T15:27:51","slug":"tour-privado-de-trogir-y-split-copy","status":"publish","type":"product","link":"https:\/\/tourtravelandmore.com\/es\/tours\/croacia-es\/split-es\/split-actividades-es\/tour-privado-de-trogir-y-split-copy\/","title":{"rendered":"Tour privado de Trogir y Klis"},"content":{"rendered":"<h2><b><strong>Tour privado de Trogir y Klis Descripci\u00f3n<\/strong><\/b><\/h2>\n<p>Descubra dos de los lugares m\u00e1s encantadores e hist\u00f3ricos de Croacia en esta excursi\u00f3n privada de 4 horas desde Split. Disfrute de la comodidad de un veh\u00edculo privado y de la experiencia de un gu\u00eda profesional mientras explora la ciudad de Trogir, declarada Patrimonio de la Humanidad por la UNESCO, y la espectacular fortaleza de Klis.<\/p>\n<p>Con esta excursi\u00f3n privada por Trogir y Klis podr\u00e1 visitar los cascos antiguos de ambas ciudades y admirar su arquitectura \u00fanica.<\/p>\n<p>Su <b><strong>conductor privado<\/strong><\/b> y su gu\u00eda oficial estar\u00e1n a su total disposici\u00f3n durante todo el recorrido. Este es un ejemplo de un recorrido de 4 horas, pero como se trata de una experiencia privada, podr\u00e1 personalizar cualquier parte del viaje.<\/p>\n<p>Emb\u00e1rquese en este cautivador viaje para descubrir la historia y la belleza de Trogir y Klis, aprovechando al m\u00e1ximo su tiempo en Split con una experiencia de 4 horas perfectamente confeccionada.<\/p>\n<h2><b><strong>Tour privado de Trogir y Klis| Puntos de inter\u00e9s y lugares emblem\u00e1ticos<\/strong><\/b><\/h2>\n<p>Su viaje comienza con un corto trayecto en coche hasta Trogir, una encantadora ciudad medieval enclavada en una peque\u00f1a isla. Pasee por sus estrechas calles y marav\u00edllese ante su impresionante arquitectura rom\u00e1nica, renacentista y barroca. Destacan la impresionante Catedral de San Lorenzo y la Fortaleza de Kamerlengo. Con su gu\u00eda, descubra la historia y el significado cultural de esta joya bien conservada.<\/p>\n<p>A continuaci\u00f3n, contin\u00fae hacia la Fortaleza de Klis, una imponente fortaleza encaramada en lo alto de una colina. Conocida por su importancia estrat\u00e9gica a lo largo de la historia y su reciente fama como lugar de rodaje de <em>Juego de Tronos<\/em>, la fortaleza ofrece impresionantes vistas panor\u00e1micas del paisaje circundante. Conozca su papel en la defensa de la regi\u00f3n y sum\u00e9rjase en las fascinantes historias de su pasado.<\/p>\n<ul>\n<li><b><strong>Visita privada con un gu\u00eda profesional:<\/strong><\/b> Disfrute de una atenci\u00f3n personalizada y de una visi\u00f3n a medida de la historia y la cultura de la regi\u00f3n.<\/li>\n<li><b><strong>Trogir:<\/strong><\/b> Explore las pintorescas calles de esta ciudad declarada Patrimonio de la Humanidad por la UNESCO, conocida por su encanto medieval y su belleza arquitect\u00f3nica.<\/li>\n<li><b><strong>Fortaleza de Klis:<\/strong><\/b> Visite esta emblem\u00e1tica fortaleza situada en lo alto de una colina, famosa por su importancia hist\u00f3rica y sus impresionantes vistas.<\/li>\n<li><b><strong>Transporte c\u00f3modo:<\/strong><\/b> Viaje en un veh\u00edculo privado, garantizando una experiencia c\u00f3moda y sin estr\u00e9s.<\/li>\n<li><b><strong>Entradas incluidas:<\/strong><\/b> Acceda a la fortaleza de Klis sin ning\u00fan coste adicional.<\/li>\n<\/ul>\n<p>Esta excursi\u00f3n privada incluye el transporte de ida y vuelta desde Split, los servicios de un gu\u00eda profesional y las entradas a la Fortaleza de Klis, lo que garantiza una experiencia enriquecedora y sin complicaciones.<\/p>\n<p>Por \u00faltimo, su conductor privado y su gu\u00eda oficial le llevar\u00e1n de vuelta al punto de partida en Split.<\/p>\n<p>Si s\u00f3lo desea un breve recorrido por Split, eche un vistazo a <a href=\"https:\/\/tourtravelandmore.com\/tours\/croatia-en\/split\/private-walking-tour-of-split\/\">nuestro recorrido privado a pie por Split<\/a>.<\/p>\n","protected":false},"excerpt":{"rendered":"<p>Descubra dos de los lugares m\u00e1s encantadores e hist\u00f3ricos de Croacia en esta excursi\u00f3n privada de 4 horas desde Split. Disfrute de la comodidad de un veh\u00edculo privado y de la experiencia de un gu\u00eda profesional mientras explora la ciudad de Trogir, declarada Patrimonio de la Humanidad por la UNESCO, y la espectacular fortaleza de Klis.<\/p>\n","protected":false},"featured_media":179387,"comment_status":"open","ping_status":"closed","template":"","meta":{"_acf_changed":false},"product_brand":[],"product_cat":[2434,2436,2440,2438],"product_tag":[],"class_list":{"0":"post-179371","1":"product","2":"type-product","3":"status-publish","4":"has-post-thumbnail","6":"product_cat-split-es","7":"product_cat-split-actividades-es","8":"product_cat-split-tours-es","9":"product_cat-split-excursiones-es","11":"first","12":"instock","13":"shipping-taxable","14":"purchasable","15":"product-type-simple"},"acf":[],"yoast_head":"<!-- This site is optimized with the Yoast SEO Premium plugin v25.3.1 (Yoast SEO v25.3.1) - https:\/\/yoast.com\/wordpress\/plugins\/seo\/ -->\n<title>\u27a1\ufe0f Tour privado de Trogir y Klis | Tour Travel &amp; More<\/title>\n<meta name=\"description\" content=\"Disfrute de este Tour Privado de Trogir y Klis c\u00f3modo en su vehiculo privado de lujo con chofer. Conozca estas hermosas hist\u00f3ricas ciudades costeras \u2705\" \/>\n<meta name=\"robots\" content=\"index, follow, max-snippet:-1, max-image-preview:large, max-video-preview:-1\" \/>\n<link rel=\"canonical\" href=\"https:\/\/tourtravelandmore.com\/es\/tours\/croacia-es\/split-es\/split-actividades-es\/tour-privado-de-trogir-y-split-copy\/\" \/>\n<meta property=\"og:locale\" content=\"es_ES\" \/>\n<meta property=\"og:type\" content=\"article\" \/>\n<meta property=\"og:title\" content=\"Tour privado de Trogir y Klis\" \/>\n<meta property=\"og:description\" content=\"Disfrute de este Tour Privado de Trogir y Klis c\u00f3modo en su vehiculo privado de lujo con chofer. Conozca estas hermosas hist\u00f3ricas ciudades costeras \u2705\" \/>\n<meta property=\"og:url\" content=\"https:\/\/tourtravelandmore.com\/es\/tours\/croacia-es\/split-es\/split-actividades-es\/tour-privado-de-trogir-y-split-copy\/\" \/>\n<meta property=\"og:site_name\" content=\"Tour Travel And More\" \/>\n<meta property=\"article:publisher\" content=\"https:\/\/www.facebook.com\/tourtravelandmore\/\" \/>\n<meta property=\"article:modified_time\" content=\"2025-01-20T15:27:51+00:00\" \/>\n<meta property=\"og:image\" content=\"https:\/\/tourtravelandmore.com\/wp-content\/uploads\/2025\/01\/pexels-sergei-20412630.jpg\" \/>\n\t<meta property=\"og:image:width\" content=\"1280\" \/>\n\t<meta property=\"og:image:height\" content=\"960\" \/>\n\t<meta property=\"og:image:type\" content=\"image\/jpeg\" \/>\n<meta name=\"twitter:card\" content=\"summary_large_image\" \/>\n<meta name=\"twitter:site\" content=\"@TourTravel_More\" \/>\n<meta name=\"twitter:label1\" content=\"Tiempo de lectura\" \/>\n\t<meta name=\"twitter:data1\" content=\"3 minutos\" \/>\n<script type=\"application\/ld+json\" class=\"yoast-schema-graph\">{\"@context\":\"https:\/\/schema.org\",\"@graph\":[{\"@type\":\"WebPage\",\"@id\":\"https:\/\/tourtravelandmore.com\/es\/tours\/croacia-es\/split-es\/split-actividades-es\/tour-privado-de-trogir-y-split-copy\/\",\"url\":\"https:\/\/tourtravelandmore.com\/es\/tours\/croacia-es\/split-es\/split-actividades-es\/tour-privado-de-trogir-y-split-copy\/\",\"name\":\"\u27a1\ufe0f Tour privado de Trogir y Klis | Tour Travel & More\",\"isPartOf\":{\"@id\":\"https:\/\/tourtravelandmore.com\/es\/#website\"},\"primaryImageOfPage\":{\"@id\":\"https:\/\/tourtravelandmore.com\/es\/tours\/croacia-es\/split-es\/split-actividades-es\/tour-privado-de-trogir-y-split-copy\/#primaryimage\"},\"image\":{\"@id\":\"https:\/\/tourtravelandmore.com\/es\/tours\/croacia-es\/split-es\/split-actividades-es\/tour-privado-de-trogir-y-split-copy\/#primaryimage\"},\"thumbnailUrl\":\"https:\/\/tourtravelandmore.com\/wp-content\/uploads\/2025\/01\/pexels-sergei-20412630.jpg\",\"datePublished\":\"2025-01-20T15:03:21+00:00\",\"dateModified\":\"2025-01-20T15:27:51+00:00\",\"description\":\"Disfrute de este Tour Privado de Trogir y Klis c\u00f3modo en su vehiculo privado de lujo con chofer. Conozca estas hermosas hist\u00f3ricas ciudades costeras \u2705\",\"breadcrumb\":{\"@id\":\"https:\/\/tourtravelandmore.com\/es\/tours\/croacia-es\/split-es\/split-actividades-es\/tour-privado-de-trogir-y-split-copy\/#breadcrumb\"},\"inLanguage\":\"es\",\"potentialAction\":[{\"@type\":\"ReadAction\",\"target\":[\"https:\/\/tourtravelandmore.com\/es\/tours\/croacia-es\/split-es\/split-actividades-es\/tour-privado-de-trogir-y-split-copy\/\"]}]},{\"@type\":\"ImageObject\",\"inLanguage\":\"es\",\"@id\":\"https:\/\/tourtravelandmore.com\/es\/tours\/croacia-es\/split-es\/split-actividades-es\/tour-privado-de-trogir-y-split-copy\/#primaryimage\",\"url\":\"https:\/\/tourtravelandmore.com\/wp-content\/uploads\/2025\/01\/pexels-sergei-20412630.jpg\",\"contentUrl\":\"https:\/\/tourtravelandmore.com\/wp-content\/uploads\/2025\/01\/pexels-sergei-20412630.jpg\",\"width\":1280,\"height\":960},{\"@type\":\"BreadcrumbList\",\"@id\":\"https:\/\/tourtravelandmore.com\/es\/tours\/croacia-es\/split-es\/split-actividades-es\/tour-privado-de-trogir-y-split-copy\/#breadcrumb\",\"itemListElement\":[{\"@type\":\"ListItem\",\"position\":1,\"name\":\"Home\",\"item\":\"https:\/\/tourtravelandmore.com\/es\/\"},{\"@type\":\"ListItem\",\"position\":2,\"name\":\"Tours\",\"item\":\"https:\/\/tourtravelandmore.com\/es\/tours\/\"},{\"@type\":\"ListItem\",\"position\":3,\"name\":\"Tour privado de Trogir y Klis\"}]},{\"@type\":\"WebSite\",\"@id\":\"https:\/\/tourtravelandmore.com\/es\/#website\",\"url\":\"https:\/\/tourtravelandmore.com\/es\/\",\"name\":\"Tour Travel And More\",\"description\":\"Private sightseeing tours and luxury transfers in Spain\",\"publisher\":{\"@id\":\"https:\/\/tourtravelandmore.com\/es\/#organization\"},\"potentialAction\":[{\"@type\":\"SearchAction\",\"target\":{\"@type\":\"EntryPoint\",\"urlTemplate\":\"https:\/\/tourtravelandmore.com\/es\/?s={search_term_string}\"},\"query-input\":{\"@type\":\"PropertyValueSpecification\",\"valueRequired\":true,\"valueName\":\"search_term_string\"}}],\"inLanguage\":\"es\"},{\"@type\":\"Organization\",\"@id\":\"https:\/\/tourtravelandmore.com\/es\/#organization\",\"name\":\"Tour Travel And More\",\"url\":\"https:\/\/tourtravelandmore.com\/es\/\",\"logo\":{\"@type\":\"ImageObject\",\"inLanguage\":\"es\",\"@id\":\"https:\/\/tourtravelandmore.com\/es\/#\/schema\/logo\/image\/\",\"url\":\"https:\/\/tourtravelandmore.com\/wp-content\/uploads\/2022\/12\/cropped-logo-cabecera-new.png\",\"contentUrl\":\"https:\/\/tourtravelandmore.com\/wp-content\/uploads\/2022\/12\/cropped-logo-cabecera-new.png\",\"width\":430,\"height\":61,\"caption\":\"Tour Travel And More\"},\"image\":{\"@id\":\"https:\/\/tourtravelandmore.com\/es\/#\/schema\/logo\/image\/\"},\"sameAs\":[\"https:\/\/www.facebook.com\/tourtravelandmore\/\",\"https:\/\/x.com\/TourTravel_More\"]}]}<\/script>\n<!-- \/ Yoast SEO Premium plugin. -->","yoast_head_json":{"title":"\u27a1\ufe0f Tour privado de Trogir y Klis | Tour Travel & More","description":"Disfrute de este Tour Privado de Trogir y Klis c\u00f3modo en su vehiculo privado de lujo con chofer. Conozca estas hermosas hist\u00f3ricas ciudades costeras \u2705","robots":{"index":"index","follow":"follow","max-snippet":"max-snippet:-1","max-image-preview":"max-image-preview:large","max-video-preview":"max-video-preview:-1"},"canonical":"https:\/\/tourtravelandmore.com\/es\/tours\/croacia-es\/split-es\/split-actividades-es\/tour-privado-de-trogir-y-split-copy\/","og_locale":"es_ES","og_type":"article","og_title":"Tour privado de Trogir y Klis","og_description":"Disfrute de este Tour Privado de Trogir y Klis c\u00f3modo en su vehiculo privado de lujo con chofer. Conozca estas hermosas hist\u00f3ricas ciudades costeras \u2705","og_url":"https:\/\/tourtravelandmore.com\/es\/tours\/croacia-es\/split-es\/split-actividades-es\/tour-privado-de-trogir-y-split-copy\/","og_site_name":"Tour Travel And More","article_publisher":"https:\/\/www.facebook.com\/tourtravelandmore\/","article_modified_time":"2025-01-20T15:27:51+00:00","og_image":[{"width":1280,"height":960,"url":"https:\/\/tourtravelandmore.com\/wp-content\/uploads\/2025\/01\/pexels-sergei-20412630.jpg","type":"image\/jpeg"}],"twitter_card":"summary_large_image","twitter_site":"@TourTravel_More","twitter_misc":{"Tiempo de lectura":"3 minutos"},"schema":{"@context":"https:\/\/schema.org","@graph":[{"@type":"WebPage","@id":"https:\/\/tourtravelandmore.com\/es\/tours\/croacia-es\/split-es\/split-actividades-es\/tour-privado-de-trogir-y-split-copy\/","url":"https:\/\/tourtravelandmore.com\/es\/tours\/croacia-es\/split-es\/split-actividades-es\/tour-privado-de-trogir-y-split-copy\/","name":"\u27a1\ufe0f Tour privado de Trogir y Klis | Tour Travel & More","isPartOf":{"@id":"https:\/\/tourtravelandmore.com\/es\/#website"},"primaryImageOfPage":{"@id":"https:\/\/tourtravelandmore.com\/es\/tours\/croacia-es\/split-es\/split-actividades-es\/tour-privado-de-trogir-y-split-copy\/#primaryimage"},"image":{"@id":"https:\/\/tourtravelandmore.com\/es\/tours\/croacia-es\/split-es\/split-actividades-es\/tour-privado-de-trogir-y-split-copy\/#primaryimage"},"thumbnailUrl":"https:\/\/tourtravelandmore.com\/wp-content\/uploads\/2025\/01\/pexels-sergei-20412630.jpg","datePublished":"2025-01-20T15:03:21+00:00","dateModified":"2025-01-20T15:27:51+00:00","description":"Disfrute de este Tour Privado de Trogir y Klis c\u00f3modo en su vehiculo privado de lujo con chofer. Conozca estas hermosas hist\u00f3ricas ciudades costeras \u2705","breadcrumb":{"@id":"https:\/\/tourtravelandmore.com\/es\/tours\/croacia-es\/split-es\/split-actividades-es\/tour-privado-de-trogir-y-split-copy\/#breadcrumb"},"inLanguage":"es","potentialAction":[{"@type":"ReadAction","target":["https:\/\/tourtravelandmore.com\/es\/tours\/croacia-es\/split-es\/split-actividades-es\/tour-privado-de-trogir-y-split-copy\/"]}]},{"@type":"ImageObject","inLanguage":"es","@id":"https:\/\/tourtravelandmore.com\/es\/tours\/croacia-es\/split-es\/split-actividades-es\/tour-privado-de-trogir-y-split-copy\/#primaryimage","url":"https:\/\/tourtravelandmore.com\/wp-content\/uploads\/2025\/01\/pexels-sergei-20412630.jpg","contentUrl":"https:\/\/tourtravelandmore.com\/wp-content\/uploads\/2025\/01\/pexels-sergei-20412630.jpg","width":1280,"height":960},{"@type":"BreadcrumbList","@id":"https:\/\/tourtravelandmore.com\/es\/tours\/croacia-es\/split-es\/split-actividades-es\/tour-privado-de-trogir-y-split-copy\/#breadcrumb","itemListElement":[{"@type":"ListItem","position":1,"name":"Home","item":"https:\/\/tourtravelandmore.com\/es\/"},{"@type":"ListItem","position":2,"name":"Tours","item":"https:\/\/tourtravelandmore.com\/es\/tours\/"},{"@type":"ListItem","position":3,"name":"Tour privado de Trogir y Klis"}]},{"@type":"WebSite","@id":"https:\/\/tourtravelandmore.com\/es\/#website","url":"https:\/\/tourtravelandmore.com\/es\/","name":"Tour Travel And More","description":"Private sightseeing tours and luxury transfers in Spain","publisher":{"@id":"https:\/\/tourtravelandmore.com\/es\/#organization"},"potentialAction":[{"@type":"SearchAction","target":{"@type":"EntryPoint","urlTemplate":"https:\/\/tourtravelandmore.com\/es\/?s={search_term_string}"},"query-input":{"@type":"PropertyValueSpecification","valueRequired":true,"valueName":"search_term_string"}}],"inLanguage":"es"},{"@type":"Organization","@id":"https:\/\/tourtravelandmore.com\/es\/#organization","name":"Tour Travel And More","url":"https:\/\/tourtravelandmore.com\/es\/","logo":{"@type":"ImageObject","inLanguage":"es","@id":"https:\/\/tourtravelandmore.com\/es\/#\/schema\/logo\/image\/","url":"https:\/\/tourtravelandmore.com\/wp-content\/uploads\/2022\/12\/cropped-logo-cabecera-new.png","contentUrl":"https:\/\/tourtravelandmore.com\/wp-content\/uploads\/2022\/12\/cropped-logo-cabecera-new.png","width":430,"height":61,"caption":"Tour Travel And More"},"image":{"@id":"https:\/\/tourtravelandmore.com\/es\/#\/schema\/logo\/image\/"},"sameAs":["https:\/\/www.facebook.com\/tourtravelandmore\/","https:\/\/x.com\/TourTravel_More"]}]}},"_links":{"self":[{"href":"https:\/\/tourtravelandmore.com\/es\/wp-json\/wp\/v2\/product\/179371","targetHints":{"allow":["GET"]}}],"collection":[{"href":"https:\/\/tourtravelandmore.com\/es\/wp-json\/wp\/v2\/product"}],"about":[{"href":"https:\/\/tourtravelandmore.com\/es\/wp-json\/wp\/v2\/types\/product"}],"replies":[{"embeddable":true,"href":"https:\/\/tourtravelandmore.com\/es\/wp-json\/wp\/v2\/comments?post=179371"}],"wp:featuredmedia":[{"embeddable":true,"href":"https:\/\/tourtravelandmore.com\/es\/wp-json\/wp\/v2\/media\/179387"}],"wp:attachment":[{"href":"https:\/\/tourtravelandmore.com\/es\/wp-json\/wp\/v2\/media?parent=179371"}],"wp:term":[{"taxonomy":"product_brand","embeddable":true,"href":"https:\/\/tourtravelandmore.com\/es\/wp-json\/wp\/v2\/product_brand?post=179371"},{"taxonomy":"product_cat","embeddable":true,"href":"https:\/\/tourtravelandmore.com\/es\/wp-json\/wp\/v2\/product_cat?post=179371"},{"taxonomy":"product_tag","embeddable":true,"href":"https:\/\/tourtravelandmore.com\/es\/wp-json\/wp\/v2\/product_tag?post=179371"}],"curies":[{"name":"wp","href":"https:\/\/api.w.org\/{rel}","templated":true}]}}