{"id":17928,"date":"2018-02-12T15:02:56","date_gmt":"2018-02-12T14:31:51","guid":{"rendered":"http:\/\/tourtravelandmore.com\/es\/?post_type=product&#038;p=17928"},"modified":"2022-04-29T09:18:17","modified_gmt":"2022-04-29T07:18:17","slug":"tour-privado-dia-completo-a-florencia-desde-livorno","status":"publish","type":"product","link":"https:\/\/tourtravelandmore.com\/es\/tours\/italia-es\/livorno-es\/tour-privado-dia-completo-a-florencia-desde-livorno\/","title":{"rendered":"Tour Privado a Florencia desde Livorno"},"content":{"rendered":"<h2><strong>Descripci\u00f3n del Tour Privado a Florencia desde Livorno<\/strong><\/h2>\n<p>Una vez que llegue a <strong>Livorno<\/strong>, disfrute de este tour<strong>\u00a0privado a Florence desde Livorno<\/strong>. Aproveche esta oportunidad y visite una de las ciudades m\u00e1s bellas de Italia, la ciudad natal del Renacimiento. Disfrute de este tour privado con su propio <strong>gu\u00eda tur\u00edstico oficial privado<\/strong> en Florencia y c\u00f3modamente en su <strong>veh\u00edculo privado de lujo con chofer<\/strong> desde Livorno.<\/p>\n<p><strong>Toscana<\/strong> es uno de los lugares m\u00e1s bellos y bonitos de toda Europa. Aqu\u00ed podr\u00e1s admirar los hermosos paisajes, el arte, la arquitectura y degustar la mejor comida.<\/p>\n<p><strong>Florencia<\/strong> es la capital de la regi\u00f3n de la Toscana y ha sido el lugar principal de cada nueva etapa del arte en Italia. El arte y la creatividad est\u00e1n presentes en cada calle y rinc\u00f3n, as\u00ed como en la gran cantidad de iglesias, museos y monumentos. Caminar\u00e1 junto a un gu\u00eda tur\u00edstico oficial privado, que lo iluminar\u00e1 con los secretos y la historia de esta incre\u00edble ciudad.<\/p>\n<p>Florencia fue declarada <strong>Patrimonio de la Humanidad por la UNESCO<\/strong> en 1982, ya que es considerada la cuna del Renacimiento.<\/p>\n<p>Disfrute de esta hist\u00f3rica ciudad italiana y aprenda tanto como sea posible durante esta excursi\u00f3n privada en tierra de Florencia. Tenemos m\u00faltiples opciones de tours de d\u00eda completos desde el puerto de cruceros de Livorno, eche un vistazo a <a href=\"https:\/\/tourtravelandmore.com\/es\/ciudad\/italia-es\/livorno-es\/\">nuestra lista de tours privados<\/a>.<\/p>\n<h2><strong>Puntos de inter\u00e9s en Tour Privado a Florencia desde Livorno<\/strong><\/h2>\n<p>En primer lugar, su conductor privado lo recoger\u00e1 en el puerto de Livorno con un cartel con su nombre. Tendr\u00e1s la oportunidad de explorar una de las ciudades m\u00e1s bellas de Italia, que al final, \u00a1terminar\u00e1s amando!.<\/p>\n<p>Dependiendo de sus deseos exactos, organizaremos las paradas correspondientes. Aqu\u00ed tienes un ejemplo de lo que puedes ver durante la visita guiada de 3 horas.<\/p>\n<p>Una vez en Florencia, se encontrar\u00e1 con su gu\u00eda tur\u00edstico oficial privado. Entre otros monumentos y lugares de inter\u00e9s puedes conocer:<\/p>\n<ul>\n<li><a href=\"https:\/\/duomo.firenze.it\/it\/38\/cattedrale-di-santa-maria-del-fiore\">Catedral de Santa Mar\u00eda del Fiore (Duomo)<\/a><\/li>\n<li><strong>Plaza del Duomo<\/strong><\/li>\n<li><strong>Galer\u00eda Uffizi (podemos organizar entradas si est\u00e1 interesado)<\/strong><\/li>\n<li><strong>Galer\u00eda de la Academia (podemos organizar entradas si est\u00e1 interesado)<\/strong><\/li>\n<li><strong>Ponte Vecchio<\/strong><\/li>\n<li><strong>Plaza della Signoria<\/strong><\/li>\n<li><strong>Palacio Vecchio<\/strong><\/li>\n<li><strong>Plaza Michelangelo<\/strong><\/li>\n<li><strong>Palacio Pitti<\/strong><\/li>\n<li><strong>\u00a1Mucho m\u00e1s!<\/strong><\/li>\n<\/ul>\n<p>Durante este tour privado de Florencia tambi\u00e9n har\u00e1s una parada para tomar un caf\u00e9 en un encantador y t\u00edpico bar de la ciudad. En caso de que lo prefiera, tambi\u00e9n podemos realizar reservas para el almuerzo o la cena.<\/p>\n<p>Finalmente, al final del recorrido, su conductor privado lo llevar\u00e1 de regreso a su crucero en Livorno. El recorrido tiene una duraci\u00f3n de 8 horas desde el momento de la recogida hasta el momento de devoluci\u00f3n en el puerto de cruceros de Livorno.<\/p>\n","protected":false},"excerpt":{"rendered":"<p>No pierda la oportunidad de conocer Florencia y todo lo que tiene para ofrecer junto a su gu\u00eda tur\u00edstico oficial privado y c\u00f3modamente en su veh\u00edculo de <strong>lujo privado desde el puerto de cruceros de Livorno<\/strong>. Visite la capital de la regi\u00f3n de la Toscana en un tour de d\u00eda completo.<\/p>\n","protected":false},"featured_media":17934,"comment_status":"open","ping_status":"closed","template":"","meta":{"_acf_changed":false},"product_brand":[],"product_cat":[733,744,743,814],"product_tag":[],"class_list":{"0":"post-17928","1":"product","2":"type-product","3":"status-publish","4":"has-post-thumbnail","6":"product_cat-livorno-es","7":"product_cat-livorno-actividades-es","8":"product_cat-livorno-excursiones-es","9":"product_cat-livorno-excursiones-privadas-cruceros-es","11":"first","12":"instock","13":"shipping-taxable","14":"purchasable","15":"product-type-simple"},"acf":[],"yoast_head":"<!-- This site is optimized with the Yoast SEO Premium plugin v25.3.1 (Yoast SEO v25.3.1) - https:\/\/yoast.com\/wordpress\/plugins\/seo\/ -->\n<title>Tour Privado a Florencia desde Livorno en veh\u00edculo privado con chofer | TTM<\/title>\n<meta name=\"description\" content=\"Aproveche su llegada al puerto de Livorno y disfrute de este Tour Privado a Florencia desde Livorno. Conoza una de las ciudades mas bellas de Italia \u2705\" \/>\n<meta name=\"robots\" content=\"index, follow, max-snippet:-1, max-image-preview:large, max-video-preview:-1\" \/>\n<link rel=\"canonical\" href=\"https:\/\/tourtravelandmore.com\/es\/tours\/italia-es\/livorno-es\/tour-privado-dia-completo-a-florencia-desde-livorno\/\" \/>\n<meta property=\"og:locale\" content=\"es_ES\" \/>\n<meta property=\"og:type\" content=\"article\" \/>\n<meta property=\"og:title\" content=\"Tour Privado a Florencia desde Livorno\" \/>\n<meta property=\"og:description\" content=\"Aproveche su llegada al puerto de Livorno y disfrute de este Tour Privado a Florencia desde Livorno. Conoza una de las ciudades mas bellas de Italia \u2705\" \/>\n<meta property=\"og:url\" content=\"https:\/\/tourtravelandmore.com\/es\/tours\/italia-es\/livorno-es\/tour-privado-dia-completo-a-florencia-desde-livorno\/\" \/>\n<meta property=\"og:site_name\" content=\"Tour Travel And More\" \/>\n<meta property=\"article:publisher\" content=\"https:\/\/www.facebook.com\/tourtravelandmore\/\" \/>\n<meta property=\"article:modified_time\" content=\"2022-04-29T07:18:17+00:00\" \/>\n<meta property=\"og:image\" content=\"https:\/\/tourtravelandmore.com\/wp-content\/uploads\/2018\/02\/firenze.jpg\" \/>\n\t<meta property=\"og:image:width\" content=\"640\" \/>\n\t<meta property=\"og:image:height\" content=\"426\" \/>\n\t<meta property=\"og:image:type\" content=\"image\/jpeg\" \/>\n<meta name=\"twitter:card\" content=\"summary_large_image\" \/>\n<meta name=\"twitter:site\" content=\"@TourTravel_More\" \/>\n<meta name=\"twitter:label1\" content=\"Tiempo de lectura\" \/>\n\t<meta name=\"twitter:data1\" content=\"2 minutos\" \/>\n<script type=\"application\/ld+json\" class=\"yoast-schema-graph\">{\"@context\":\"https:\/\/schema.org\",\"@graph\":[{\"@type\":\"WebPage\",\"@id\":\"https:\/\/tourtravelandmore.com\/es\/tours\/italia-es\/livorno-es\/tour-privado-dia-completo-a-florencia-desde-livorno\/\",\"url\":\"https:\/\/tourtravelandmore.com\/es\/tours\/italia-es\/livorno-es\/tour-privado-dia-completo-a-florencia-desde-livorno\/\",\"name\":\"Tour Privado a Florencia desde Livorno en veh\u00edculo privado con chofer | TTM\",\"isPartOf\":{\"@id\":\"https:\/\/tourtravelandmore.com\/es\/#website\"},\"primaryImageOfPage\":{\"@id\":\"https:\/\/tourtravelandmore.com\/es\/tours\/italia-es\/livorno-es\/tour-privado-dia-completo-a-florencia-desde-livorno\/#primaryimage\"},\"image\":{\"@id\":\"https:\/\/tourtravelandmore.com\/es\/tours\/italia-es\/livorno-es\/tour-privado-dia-completo-a-florencia-desde-livorno\/#primaryimage\"},\"thumbnailUrl\":\"https:\/\/tourtravelandmore.com\/wp-content\/uploads\/2018\/02\/firenze.jpg\",\"datePublished\":\"2018-02-12T14:31:51+00:00\",\"dateModified\":\"2022-04-29T07:18:17+00:00\",\"description\":\"Aproveche su llegada al puerto de Livorno y disfrute de este Tour Privado a Florencia desde Livorno. Conoza una de las ciudades mas bellas de Italia \u2705\",\"breadcrumb\":{\"@id\":\"https:\/\/tourtravelandmore.com\/es\/tours\/italia-es\/livorno-es\/tour-privado-dia-completo-a-florencia-desde-livorno\/#breadcrumb\"},\"inLanguage\":\"es\",\"potentialAction\":[{\"@type\":\"ReadAction\",\"target\":[\"https:\/\/tourtravelandmore.com\/es\/tours\/italia-es\/livorno-es\/tour-privado-dia-completo-a-florencia-desde-livorno\/\"]}]},{\"@type\":\"ImageObject\",\"inLanguage\":\"es\",\"@id\":\"https:\/\/tourtravelandmore.com\/es\/tours\/italia-es\/livorno-es\/tour-privado-dia-completo-a-florencia-desde-livorno\/#primaryimage\",\"url\":\"https:\/\/tourtravelandmore.com\/wp-content\/uploads\/2018\/02\/firenze.jpg\",\"contentUrl\":\"https:\/\/tourtravelandmore.com\/wp-content\/uploads\/2018\/02\/firenze.jpg\",\"width\":640,\"height\":426},{\"@type\":\"BreadcrumbList\",\"@id\":\"https:\/\/tourtravelandmore.com\/es\/tours\/italia-es\/livorno-es\/tour-privado-dia-completo-a-florencia-desde-livorno\/#breadcrumb\",\"itemListElement\":[{\"@type\":\"ListItem\",\"position\":1,\"name\":\"Home\",\"item\":\"https:\/\/tourtravelandmore.com\/es\/\"},{\"@type\":\"ListItem\",\"position\":2,\"name\":\"Tours\",\"item\":\"https:\/\/tourtravelandmore.com\/es\/tours\/\"},{\"@type\":\"ListItem\",\"position\":3,\"name\":\"Tour Privado a Florencia desde Livorno\"}]},{\"@type\":\"WebSite\",\"@id\":\"https:\/\/tourtravelandmore.com\/es\/#website\",\"url\":\"https:\/\/tourtravelandmore.com\/es\/\",\"name\":\"Tour Travel And More\",\"description\":\"Private sightseeing tours and luxury transfers in Spain\",\"publisher\":{\"@id\":\"https:\/\/tourtravelandmore.com\/es\/#organization\"},\"potentialAction\":[{\"@type\":\"SearchAction\",\"target\":{\"@type\":\"EntryPoint\",\"urlTemplate\":\"https:\/\/tourtravelandmore.com\/es\/?s={search_term_string}\"},\"query-input\":{\"@type\":\"PropertyValueSpecification\",\"valueRequired\":true,\"valueName\":\"search_term_string\"}}],\"inLanguage\":\"es\"},{\"@type\":\"Organization\",\"@id\":\"https:\/\/tourtravelandmore.com\/es\/#organization\",\"name\":\"Tour Travel And More\",\"url\":\"https:\/\/tourtravelandmore.com\/es\/\",\"logo\":{\"@type\":\"ImageObject\",\"inLanguage\":\"es\",\"@id\":\"https:\/\/tourtravelandmore.com\/es\/#\/schema\/logo\/image\/\",\"url\":\"https:\/\/tourtravelandmore.com\/wp-content\/uploads\/2022\/12\/cropped-logo-cabecera-new.png\",\"contentUrl\":\"https:\/\/tourtravelandmore.com\/wp-content\/uploads\/2022\/12\/cropped-logo-cabecera-new.png\",\"width\":430,\"height\":61,\"caption\":\"Tour Travel And More\"},\"image\":{\"@id\":\"https:\/\/tourtravelandmore.com\/es\/#\/schema\/logo\/image\/\"},\"sameAs\":[\"https:\/\/www.facebook.com\/tourtravelandmore\/\",\"https:\/\/x.com\/TourTravel_More\"]}]}<\/script>\n<!-- \/ Yoast SEO Premium plugin. -->","yoast_head_json":{"title":"Tour Privado a Florencia desde Livorno en veh\u00edculo privado con chofer | TTM","description":"Aproveche su llegada al puerto de Livorno y disfrute de este Tour Privado a Florencia desde Livorno. Conoza una de las ciudades mas bellas de Italia \u2705","robots":{"index":"index","follow":"follow","max-snippet":"max-snippet:-1","max-image-preview":"max-image-preview:large","max-video-preview":"max-video-preview:-1"},"canonical":"https:\/\/tourtravelandmore.com\/es\/tours\/italia-es\/livorno-es\/tour-privado-dia-completo-a-florencia-desde-livorno\/","og_locale":"es_ES","og_type":"article","og_title":"Tour Privado a Florencia desde Livorno","og_description":"Aproveche su llegada al puerto de Livorno y disfrute de este Tour Privado a Florencia desde Livorno. Conoza una de las ciudades mas bellas de Italia \u2705","og_url":"https:\/\/tourtravelandmore.com\/es\/tours\/italia-es\/livorno-es\/tour-privado-dia-completo-a-florencia-desde-livorno\/","og_site_name":"Tour Travel And More","article_publisher":"https:\/\/www.facebook.com\/tourtravelandmore\/","article_modified_time":"2022-04-29T07:18:17+00:00","og_image":[{"width":640,"height":426,"url":"https:\/\/tourtravelandmore.com\/wp-content\/uploads\/2018\/02\/firenze.jpg","type":"image\/jpeg"}],"twitter_card":"summary_large_image","twitter_site":"@TourTravel_More","twitter_misc":{"Tiempo de lectura":"2 minutos"},"schema":{"@context":"https:\/\/schema.org","@graph":[{"@type":"WebPage","@id":"https:\/\/tourtravelandmore.com\/es\/tours\/italia-es\/livorno-es\/tour-privado-dia-completo-a-florencia-desde-livorno\/","url":"https:\/\/tourtravelandmore.com\/es\/tours\/italia-es\/livorno-es\/tour-privado-dia-completo-a-florencia-desde-livorno\/","name":"Tour Privado a Florencia desde Livorno en veh\u00edculo privado con chofer | TTM","isPartOf":{"@id":"https:\/\/tourtravelandmore.com\/es\/#website"},"primaryImageOfPage":{"@id":"https:\/\/tourtravelandmore.com\/es\/tours\/italia-es\/livorno-es\/tour-privado-dia-completo-a-florencia-desde-livorno\/#primaryimage"},"image":{"@id":"https:\/\/tourtravelandmore.com\/es\/tours\/italia-es\/livorno-es\/tour-privado-dia-completo-a-florencia-desde-livorno\/#primaryimage"},"thumbnailUrl":"https:\/\/tourtravelandmore.com\/wp-content\/uploads\/2018\/02\/firenze.jpg","datePublished":"2018-02-12T14:31:51+00:00","dateModified":"2022-04-29T07:18:17+00:00","description":"Aproveche su llegada al puerto de Livorno y disfrute de este Tour Privado a Florencia desde Livorno. Conoza una de las ciudades mas bellas de Italia \u2705","breadcrumb":{"@id":"https:\/\/tourtravelandmore.com\/es\/tours\/italia-es\/livorno-es\/tour-privado-dia-completo-a-florencia-desde-livorno\/#breadcrumb"},"inLanguage":"es","potentialAction":[{"@type":"ReadAction","target":["https:\/\/tourtravelandmore.com\/es\/tours\/italia-es\/livorno-es\/tour-privado-dia-completo-a-florencia-desde-livorno\/"]}]},{"@type":"ImageObject","inLanguage":"es","@id":"https:\/\/tourtravelandmore.com\/es\/tours\/italia-es\/livorno-es\/tour-privado-dia-completo-a-florencia-desde-livorno\/#primaryimage","url":"https:\/\/tourtravelandmore.com\/wp-content\/uploads\/2018\/02\/firenze.jpg","contentUrl":"https:\/\/tourtravelandmore.com\/wp-content\/uploads\/2018\/02\/firenze.jpg","width":640,"height":426},{"@type":"BreadcrumbList","@id":"https:\/\/tourtravelandmore.com\/es\/tours\/italia-es\/livorno-es\/tour-privado-dia-completo-a-florencia-desde-livorno\/#breadcrumb","itemListElement":[{"@type":"ListItem","position":1,"name":"Home","item":"https:\/\/tourtravelandmore.com\/es\/"},{"@type":"ListItem","position":2,"name":"Tours","item":"https:\/\/tourtravelandmore.com\/es\/tours\/"},{"@type":"ListItem","position":3,"name":"Tour Privado a Florencia desde Livorno"}]},{"@type":"WebSite","@id":"https:\/\/tourtravelandmore.com\/es\/#website","url":"https:\/\/tourtravelandmore.com\/es\/","name":"Tour Travel And More","description":"Private sightseeing tours and luxury transfers in Spain","publisher":{"@id":"https:\/\/tourtravelandmore.com\/es\/#organization"},"potentialAction":[{"@type":"SearchAction","target":{"@type":"EntryPoint","urlTemplate":"https:\/\/tourtravelandmore.com\/es\/?s={search_term_string}"},"query-input":{"@type":"PropertyValueSpecification","valueRequired":true,"valueName":"search_term_string"}}],"inLanguage":"es"},{"@type":"Organization","@id":"https:\/\/tourtravelandmore.com\/es\/#organization","name":"Tour Travel And More","url":"https:\/\/tourtravelandmore.com\/es\/","logo":{"@type":"ImageObject","inLanguage":"es","@id":"https:\/\/tourtravelandmore.com\/es\/#\/schema\/logo\/image\/","url":"https:\/\/tourtravelandmore.com\/wp-content\/uploads\/2022\/12\/cropped-logo-cabecera-new.png","contentUrl":"https:\/\/tourtravelandmore.com\/wp-content\/uploads\/2022\/12\/cropped-logo-cabecera-new.png","width":430,"height":61,"caption":"Tour Travel And More"},"image":{"@id":"https:\/\/tourtravelandmore.com\/es\/#\/schema\/logo\/image\/"},"sameAs":["https:\/\/www.facebook.com\/tourtravelandmore\/","https:\/\/x.com\/TourTravel_More"]}]}},"_links":{"self":[{"href":"https:\/\/tourtravelandmore.com\/es\/wp-json\/wp\/v2\/product\/17928","targetHints":{"allow":["GET"]}}],"collection":[{"href":"https:\/\/tourtravelandmore.com\/es\/wp-json\/wp\/v2\/product"}],"about":[{"href":"https:\/\/tourtravelandmore.com\/es\/wp-json\/wp\/v2\/types\/product"}],"replies":[{"embeddable":true,"href":"https:\/\/tourtravelandmore.com\/es\/wp-json\/wp\/v2\/comments?post=17928"}],"wp:featuredmedia":[{"embeddable":true,"href":"https:\/\/tourtravelandmore.com\/es\/wp-json\/wp\/v2\/media\/17934"}],"wp:attachment":[{"href":"https:\/\/tourtravelandmore.com\/es\/wp-json\/wp\/v2\/media?parent=17928"}],"wp:term":[{"taxonomy":"product_brand","embeddable":true,"href":"https:\/\/tourtravelandmore.com\/es\/wp-json\/wp\/v2\/product_brand?post=17928"},{"taxonomy":"product_cat","embeddable":true,"href":"https:\/\/tourtravelandmore.com\/es\/wp-json\/wp\/v2\/product_cat?post=17928"},{"taxonomy":"product_tag","embeddable":true,"href":"https:\/\/tourtravelandmore.com\/es\/wp-json\/wp\/v2\/product_tag?post=17928"}],"curies":[{"name":"wp","href":"https:\/\/api.w.org\/{rel}","templated":true}]}}