{"id":179143,"date":"2024-12-18T17:10:09","date_gmt":"2024-12-18T16:10:09","guid":{"rendered":"https:\/\/tourtravelandmore.com\/?post_type=product&#038;p=179143"},"modified":"2024-12-18T17:26:52","modified_gmt":"2024-12-18T16:26:52","slug":"tour-privado-a-pie-por-el-casco-antiguo-de-dubrovnik-copy","status":"publish","type":"product","link":"https:\/\/tourtravelandmore.com\/es\/tours\/croacia-es\/dubrovnik-es\/dubrovnik-actividades-es\/tour-privado-a-pie-por-el-casco-antiguo-de-dubrovnik-copy\/","title":{"rendered":"Tour privado por Cavtat, la colina Srdj y Dubrovnik desde Dubrovnik"},"content":{"rendered":"<h2><b><strong>Tour privado por Cavtat, la colina Srdj y Dubrovnik desde Dubrovnik Descripci\u00f3n<\/strong><\/b><\/h2>\n<p>Explore los lugares m\u00e1s destacados de la regi\u00f3n de Dubrovnik con esta excursi\u00f3n privada de medio d\u00eda, perfectamente adaptada a los pasajeros de cruceros. Comenzando con una c\u00f3moda recogida en el puerto de cruceros de Dubrovnik, esta excursi\u00f3n de 4,5 horas ofrece un recorrido sin interrupciones por los tesoros naturales y culturales de la regi\u00f3n. Viaje c\u00f3modamente con un conductor profesional y un gu\u00eda local experto que enriquecer\u00e1 su experiencia con fascinantes puntos de vista e historias.<\/p>\n<p>Este recorrido privado es totalmente privado y personalizado. Si lo prefiere, podemos incluir m\u00e1s horas al recorrido. Si su hotel no est\u00e1 situado en el centro, tambi\u00e9n podemos organizarle un traslado privado con conductor. S\u00f3lo tiene que ponerse en contacto con nosotros.<\/p>\n<p>Tenemos muchas opciones de <a href=\"https:\/\/tourtravelandmore.com\/es\/ciudad\/croacia-es\/dubrovnik-en\/\">tours privados en y desde Dubrovnik<\/a> \u00a1s\u00f3lo eche un vistazo!.<\/p>\n<h2><b><strong>Tour privado a Cavtat, la colina Srdj y Dubrovnik desde Dubrovnik | Puntos de inter\u00e9s y lugares emblem\u00e1ticos<\/strong><\/b><\/h2>\n<p>La aventura comienza en la pintoresca ciudad costera de Cavtat, una joya del Adri\u00e1tico conocida por su serena belleza y su encanto hist\u00f3rico. Pasee por su id\u00edlico paseo mar\u00edtimo, visite pintorescas tiendas o simplemente disfrute de las impresionantes vistas de la bah\u00eda. Su gu\u00eda le introducir\u00e1 en la rica historia de la ciudad, incluidos sus v\u00ednculos con los antiguos griegos y romanos.<\/p>\n<p>Desde Cavtat, la excursi\u00f3n contin\u00faa hasta la emblem\u00e1tica colina Srdj, que ofrece vistas panor\u00e1micas de Dubrovnik, el mar Adri\u00e1tico y las islas cercanas. Este mirador es perfecto para capturar fotos inolvidables y apreciar la belleza medieval de la ciudad desde las alturas. Su gu\u00eda le explicar\u00e1 la importancia de este lugar, incluido su papel durante la Guerra de Independencia croata.<\/p>\n<ul>\n<li><b><strong>C\u00f3moda recogida y traslado desde el puerto de cruceros<\/strong><\/b>: Disfrute de una experiencia sin complicaciones con traslados sin contratiempos.<\/li>\n<li><b><strong>El encanto costero de Cavtat<\/strong><\/b>: Descubra la tranquila belleza de Cavtat, con su pintoresco puerto y su rica historia.<\/li>\n<li><b><strong>Vistas panor\u00e1micas de la colina Srdj<\/strong><\/b>: Marav\u00edllese con las impresionantes vistas de Dubrovnik y la costa adri\u00e1tica.<\/li>\n<li><b><strong>Visita guiada del casco antiguo de Dubrovnik<\/strong><\/b>: Explore los lugares emblem\u00e1ticos y las vibrantes calles de este lugar declarado Patrimonio de la Humanidad por la UNESCO.<\/li>\n<li><b><strong>Conductor y gu\u00eda profesionales<\/strong><\/b>: Disfrute de un gu\u00eda local experto y un conductor cualificado durante 4,5 horas de servicio personalizado.<\/li>\n<\/ul>\n<p>Para concluir el recorrido, visitaremos el casco antiguo de Dubrovnik, declarado Patrimonio de la Humanidad por la UNESCO y famoso por sus murallas medievales bien conservadas y su vibrante historia. Pasee por las calles adoquinadas, admire maravillas arquitect\u00f3nicas como el Palacio del Rector y la Iglesia de San Blas, y emp\u00e1pese del animado ambiente de este tesoro hist\u00f3rico. Tanto si opta por explorar callejuelas escondidas como por saborear un caf\u00e9 en una cafeter\u00eda local, la magia de Dubrovnik le cautivar\u00e1.<\/p>\n<p>Al final de la excursi\u00f3n, le devolveremos c\u00f3modamente al puerto de cruceros de Dubrovnik, garantiz\u00e1ndole una excursi\u00f3n enriquecedora y sin estr\u00e9s.<\/p>\n","protected":false},"excerpt":{"rendered":"<p>Explore los lugares m\u00e1s destacados de la regi\u00f3n de Dubrovnik con esta excursi\u00f3n privada de medio d\u00eda, perfectamente adaptada a los pasajeros de cruceros. Comenzando con una c\u00f3moda recogida en el puerto de cruceros de Dubrovnik, esta excursi\u00f3n de 4,5 horas ofrece un recorrido sin interrupciones por los tesoros naturales y culturales de la regi\u00f3n. Viaje c\u00f3modamente con un conductor profesional y un gu\u00eda local experto que enriquecer\u00e1 su experiencia con fascinantes puntos de vista e historias.<\/p>\n","protected":false},"featured_media":179159,"comment_status":"open","ping_status":"closed","template":"","meta":{"_acf_changed":false},"product_brand":[],"product_cat":[2083,2084,2086],"product_tag":[],"class_list":{"0":"post-179143","1":"product","2":"type-product","3":"status-publish","4":"has-post-thumbnail","6":"product_cat-dubrovnik-es","7":"product_cat-dubrovnik-actividades-es","8":"product_cat-dubrovnik-tours-privados-pie-es","10":"first","11":"instock","12":"shipping-taxable","13":"purchasable","14":"product-type-simple"},"acf":[],"yoast_head":"<!-- This site is optimized with the Yoast SEO Premium plugin v25.3.1 (Yoast SEO v25.3.1) - https:\/\/yoast.com\/wordpress\/plugins\/seo\/ -->\n<title>\u27a1\ufe0f Tour privado por Cavtat, la colina Srdj y Dubrovnik desde Dubrovnik | Tour Travel &amp; More<\/title>\n<meta name=\"description\" content=\"Disfrute de este Tour Privado a pie por el Casco Antiguo de Dubrovnik. Conozca los lugares mas importantes y emblem\u00e1ticos de esta maravillosa ciudad \u2705\" \/>\n<meta name=\"robots\" content=\"index, follow, max-snippet:-1, max-image-preview:large, max-video-preview:-1\" \/>\n<link rel=\"canonical\" href=\"https:\/\/tourtravelandmore.com\/es\/tours\/croacia-es\/dubrovnik-es\/dubrovnik-actividades-es\/tour-privado-a-pie-por-el-casco-antiguo-de-dubrovnik-copy\/\" \/>\n<meta property=\"og:locale\" content=\"es_ES\" \/>\n<meta property=\"og:type\" content=\"article\" \/>\n<meta property=\"og:title\" content=\"Tour privado por Cavtat, la colina Srdj y Dubrovnik desde Dubrovnik\" \/>\n<meta property=\"og:description\" content=\"Disfrute de este Tour Privado a pie por el Casco Antiguo de Dubrovnik. Conozca los lugares mas importantes y emblem\u00e1ticos de esta maravillosa ciudad \u2705\" \/>\n<meta property=\"og:url\" content=\"https:\/\/tourtravelandmore.com\/es\/tours\/croacia-es\/dubrovnik-es\/dubrovnik-actividades-es\/tour-privado-a-pie-por-el-casco-antiguo-de-dubrovnik-copy\/\" \/>\n<meta property=\"og:site_name\" content=\"Tour Travel And More\" \/>\n<meta property=\"article:publisher\" content=\"https:\/\/www.facebook.com\/tourtravelandmore\/\" \/>\n<meta property=\"article:modified_time\" content=\"2024-12-18T16:26:52+00:00\" \/>\n<meta property=\"og:image\" content=\"https:\/\/tourtravelandmore.com\/wp-content\/uploads\/2024\/12\/cavtat-995082_1280.jpg\" \/>\n\t<meta property=\"og:image:width\" content=\"1280\" \/>\n\t<meta property=\"og:image:height\" content=\"852\" \/>\n\t<meta property=\"og:image:type\" content=\"image\/jpeg\" \/>\n<meta name=\"twitter:card\" content=\"summary_large_image\" \/>\n<meta name=\"twitter:site\" content=\"@TourTravel_More\" \/>\n<meta name=\"twitter:label1\" content=\"Tiempo de lectura\" \/>\n\t<meta name=\"twitter:data1\" content=\"3 minutos\" \/>\n<script type=\"application\/ld+json\" class=\"yoast-schema-graph\">{\"@context\":\"https:\/\/schema.org\",\"@graph\":[{\"@type\":\"WebPage\",\"@id\":\"https:\/\/tourtravelandmore.com\/es\/tours\/croacia-es\/dubrovnik-es\/dubrovnik-actividades-es\/tour-privado-a-pie-por-el-casco-antiguo-de-dubrovnik-copy\/\",\"url\":\"https:\/\/tourtravelandmore.com\/es\/tours\/croacia-es\/dubrovnik-es\/dubrovnik-actividades-es\/tour-privado-a-pie-por-el-casco-antiguo-de-dubrovnik-copy\/\",\"name\":\"\u27a1\ufe0f Tour privado por Cavtat, la colina Srdj y Dubrovnik desde Dubrovnik | Tour Travel & More\",\"isPartOf\":{\"@id\":\"https:\/\/tourtravelandmore.com\/es\/#website\"},\"primaryImageOfPage\":{\"@id\":\"https:\/\/tourtravelandmore.com\/es\/tours\/croacia-es\/dubrovnik-es\/dubrovnik-actividades-es\/tour-privado-a-pie-por-el-casco-antiguo-de-dubrovnik-copy\/#primaryimage\"},\"image\":{\"@id\":\"https:\/\/tourtravelandmore.com\/es\/tours\/croacia-es\/dubrovnik-es\/dubrovnik-actividades-es\/tour-privado-a-pie-por-el-casco-antiguo-de-dubrovnik-copy\/#primaryimage\"},\"thumbnailUrl\":\"https:\/\/tourtravelandmore.com\/wp-content\/uploads\/2024\/12\/cavtat-995082_1280.jpg\",\"datePublished\":\"2024-12-18T16:10:09+00:00\",\"dateModified\":\"2024-12-18T16:26:52+00:00\",\"description\":\"Disfrute de este Tour Privado a pie por el Casco Antiguo de Dubrovnik. Conozca los lugares mas importantes y emblem\u00e1ticos de esta maravillosa ciudad \u2705\",\"breadcrumb\":{\"@id\":\"https:\/\/tourtravelandmore.com\/es\/tours\/croacia-es\/dubrovnik-es\/dubrovnik-actividades-es\/tour-privado-a-pie-por-el-casco-antiguo-de-dubrovnik-copy\/#breadcrumb\"},\"inLanguage\":\"es\",\"potentialAction\":[{\"@type\":\"ReadAction\",\"target\":[\"https:\/\/tourtravelandmore.com\/es\/tours\/croacia-es\/dubrovnik-es\/dubrovnik-actividades-es\/tour-privado-a-pie-por-el-casco-antiguo-de-dubrovnik-copy\/\"]}]},{\"@type\":\"ImageObject\",\"inLanguage\":\"es\",\"@id\":\"https:\/\/tourtravelandmore.com\/es\/tours\/croacia-es\/dubrovnik-es\/dubrovnik-actividades-es\/tour-privado-a-pie-por-el-casco-antiguo-de-dubrovnik-copy\/#primaryimage\",\"url\":\"https:\/\/tourtravelandmore.com\/wp-content\/uploads\/2024\/12\/cavtat-995082_1280.jpg\",\"contentUrl\":\"https:\/\/tourtravelandmore.com\/wp-content\/uploads\/2024\/12\/cavtat-995082_1280.jpg\",\"width\":1280,\"height\":852},{\"@type\":\"BreadcrumbList\",\"@id\":\"https:\/\/tourtravelandmore.com\/es\/tours\/croacia-es\/dubrovnik-es\/dubrovnik-actividades-es\/tour-privado-a-pie-por-el-casco-antiguo-de-dubrovnik-copy\/#breadcrumb\",\"itemListElement\":[{\"@type\":\"ListItem\",\"position\":1,\"name\":\"Home\",\"item\":\"https:\/\/tourtravelandmore.com\/es\/\"},{\"@type\":\"ListItem\",\"position\":2,\"name\":\"Tours\",\"item\":\"https:\/\/tourtravelandmore.com\/es\/tours\/\"},{\"@type\":\"ListItem\",\"position\":3,\"name\":\"Tour privado por Cavtat, la colina Srdj y Dubrovnik desde Dubrovnik\"}]},{\"@type\":\"WebSite\",\"@id\":\"https:\/\/tourtravelandmore.com\/es\/#website\",\"url\":\"https:\/\/tourtravelandmore.com\/es\/\",\"name\":\"Tour Travel And More\",\"description\":\"Private sightseeing tours and luxury transfers in Spain\",\"publisher\":{\"@id\":\"https:\/\/tourtravelandmore.com\/es\/#organization\"},\"potentialAction\":[{\"@type\":\"SearchAction\",\"target\":{\"@type\":\"EntryPoint\",\"urlTemplate\":\"https:\/\/tourtravelandmore.com\/es\/?s={search_term_string}\"},\"query-input\":{\"@type\":\"PropertyValueSpecification\",\"valueRequired\":true,\"valueName\":\"search_term_string\"}}],\"inLanguage\":\"es\"},{\"@type\":\"Organization\",\"@id\":\"https:\/\/tourtravelandmore.com\/es\/#organization\",\"name\":\"Tour Travel And More\",\"url\":\"https:\/\/tourtravelandmore.com\/es\/\",\"logo\":{\"@type\":\"ImageObject\",\"inLanguage\":\"es\",\"@id\":\"https:\/\/tourtravelandmore.com\/es\/#\/schema\/logo\/image\/\",\"url\":\"https:\/\/tourtravelandmore.com\/wp-content\/uploads\/2022\/12\/cropped-logo-cabecera-new.png\",\"contentUrl\":\"https:\/\/tourtravelandmore.com\/wp-content\/uploads\/2022\/12\/cropped-logo-cabecera-new.png\",\"width\":430,\"height\":61,\"caption\":\"Tour Travel And More\"},\"image\":{\"@id\":\"https:\/\/tourtravelandmore.com\/es\/#\/schema\/logo\/image\/\"},\"sameAs\":[\"https:\/\/www.facebook.com\/tourtravelandmore\/\",\"https:\/\/x.com\/TourTravel_More\"]}]}<\/script>\n<!-- \/ Yoast SEO Premium plugin. -->","yoast_head_json":{"title":"\u27a1\ufe0f Tour privado por Cavtat, la colina Srdj y Dubrovnik desde Dubrovnik | Tour Travel & More","description":"Disfrute de este Tour Privado a pie por el Casco Antiguo de Dubrovnik. Conozca los lugares mas importantes y emblem\u00e1ticos de esta maravillosa ciudad \u2705","robots":{"index":"index","follow":"follow","max-snippet":"max-snippet:-1","max-image-preview":"max-image-preview:large","max-video-preview":"max-video-preview:-1"},"canonical":"https:\/\/tourtravelandmore.com\/es\/tours\/croacia-es\/dubrovnik-es\/dubrovnik-actividades-es\/tour-privado-a-pie-por-el-casco-antiguo-de-dubrovnik-copy\/","og_locale":"es_ES","og_type":"article","og_title":"Tour privado por Cavtat, la colina Srdj y Dubrovnik desde Dubrovnik","og_description":"Disfrute de este Tour Privado a pie por el Casco Antiguo de Dubrovnik. Conozca los lugares mas importantes y emblem\u00e1ticos de esta maravillosa ciudad \u2705","og_url":"https:\/\/tourtravelandmore.com\/es\/tours\/croacia-es\/dubrovnik-es\/dubrovnik-actividades-es\/tour-privado-a-pie-por-el-casco-antiguo-de-dubrovnik-copy\/","og_site_name":"Tour Travel And More","article_publisher":"https:\/\/www.facebook.com\/tourtravelandmore\/","article_modified_time":"2024-12-18T16:26:52+00:00","og_image":[{"width":1280,"height":852,"url":"https:\/\/tourtravelandmore.com\/wp-content\/uploads\/2024\/12\/cavtat-995082_1280.jpg","type":"image\/jpeg"}],"twitter_card":"summary_large_image","twitter_site":"@TourTravel_More","twitter_misc":{"Tiempo de lectura":"3 minutos"},"schema":{"@context":"https:\/\/schema.org","@graph":[{"@type":"WebPage","@id":"https:\/\/tourtravelandmore.com\/es\/tours\/croacia-es\/dubrovnik-es\/dubrovnik-actividades-es\/tour-privado-a-pie-por-el-casco-antiguo-de-dubrovnik-copy\/","url":"https:\/\/tourtravelandmore.com\/es\/tours\/croacia-es\/dubrovnik-es\/dubrovnik-actividades-es\/tour-privado-a-pie-por-el-casco-antiguo-de-dubrovnik-copy\/","name":"\u27a1\ufe0f Tour privado por Cavtat, la colina Srdj y Dubrovnik desde Dubrovnik | Tour Travel & More","isPartOf":{"@id":"https:\/\/tourtravelandmore.com\/es\/#website"},"primaryImageOfPage":{"@id":"https:\/\/tourtravelandmore.com\/es\/tours\/croacia-es\/dubrovnik-es\/dubrovnik-actividades-es\/tour-privado-a-pie-por-el-casco-antiguo-de-dubrovnik-copy\/#primaryimage"},"image":{"@id":"https:\/\/tourtravelandmore.com\/es\/tours\/croacia-es\/dubrovnik-es\/dubrovnik-actividades-es\/tour-privado-a-pie-por-el-casco-antiguo-de-dubrovnik-copy\/#primaryimage"},"thumbnailUrl":"https:\/\/tourtravelandmore.com\/wp-content\/uploads\/2024\/12\/cavtat-995082_1280.jpg","datePublished":"2024-12-18T16:10:09+00:00","dateModified":"2024-12-18T16:26:52+00:00","description":"Disfrute de este Tour Privado a pie por el Casco Antiguo de Dubrovnik. Conozca los lugares mas importantes y emblem\u00e1ticos de esta maravillosa ciudad \u2705","breadcrumb":{"@id":"https:\/\/tourtravelandmore.com\/es\/tours\/croacia-es\/dubrovnik-es\/dubrovnik-actividades-es\/tour-privado-a-pie-por-el-casco-antiguo-de-dubrovnik-copy\/#breadcrumb"},"inLanguage":"es","potentialAction":[{"@type":"ReadAction","target":["https:\/\/tourtravelandmore.com\/es\/tours\/croacia-es\/dubrovnik-es\/dubrovnik-actividades-es\/tour-privado-a-pie-por-el-casco-antiguo-de-dubrovnik-copy\/"]}]},{"@type":"ImageObject","inLanguage":"es","@id":"https:\/\/tourtravelandmore.com\/es\/tours\/croacia-es\/dubrovnik-es\/dubrovnik-actividades-es\/tour-privado-a-pie-por-el-casco-antiguo-de-dubrovnik-copy\/#primaryimage","url":"https:\/\/tourtravelandmore.com\/wp-content\/uploads\/2024\/12\/cavtat-995082_1280.jpg","contentUrl":"https:\/\/tourtravelandmore.com\/wp-content\/uploads\/2024\/12\/cavtat-995082_1280.jpg","width":1280,"height":852},{"@type":"BreadcrumbList","@id":"https:\/\/tourtravelandmore.com\/es\/tours\/croacia-es\/dubrovnik-es\/dubrovnik-actividades-es\/tour-privado-a-pie-por-el-casco-antiguo-de-dubrovnik-copy\/#breadcrumb","itemListElement":[{"@type":"ListItem","position":1,"name":"Home","item":"https:\/\/tourtravelandmore.com\/es\/"},{"@type":"ListItem","position":2,"name":"Tours","item":"https:\/\/tourtravelandmore.com\/es\/tours\/"},{"@type":"ListItem","position":3,"name":"Tour privado por Cavtat, la colina Srdj y Dubrovnik desde Dubrovnik"}]},{"@type":"WebSite","@id":"https:\/\/tourtravelandmore.com\/es\/#website","url":"https:\/\/tourtravelandmore.com\/es\/","name":"Tour Travel And More","description":"Private sightseeing tours and luxury transfers in Spain","publisher":{"@id":"https:\/\/tourtravelandmore.com\/es\/#organization"},"potentialAction":[{"@type":"SearchAction","target":{"@type":"EntryPoint","urlTemplate":"https:\/\/tourtravelandmore.com\/es\/?s={search_term_string}"},"query-input":{"@type":"PropertyValueSpecification","valueRequired":true,"valueName":"search_term_string"}}],"inLanguage":"es"},{"@type":"Organization","@id":"https:\/\/tourtravelandmore.com\/es\/#organization","name":"Tour Travel And More","url":"https:\/\/tourtravelandmore.com\/es\/","logo":{"@type":"ImageObject","inLanguage":"es","@id":"https:\/\/tourtravelandmore.com\/es\/#\/schema\/logo\/image\/","url":"https:\/\/tourtravelandmore.com\/wp-content\/uploads\/2022\/12\/cropped-logo-cabecera-new.png","contentUrl":"https:\/\/tourtravelandmore.com\/wp-content\/uploads\/2022\/12\/cropped-logo-cabecera-new.png","width":430,"height":61,"caption":"Tour Travel And More"},"image":{"@id":"https:\/\/tourtravelandmore.com\/es\/#\/schema\/logo\/image\/"},"sameAs":["https:\/\/www.facebook.com\/tourtravelandmore\/","https:\/\/x.com\/TourTravel_More"]}]}},"_links":{"self":[{"href":"https:\/\/tourtravelandmore.com\/es\/wp-json\/wp\/v2\/product\/179143","targetHints":{"allow":["GET"]}}],"collection":[{"href":"https:\/\/tourtravelandmore.com\/es\/wp-json\/wp\/v2\/product"}],"about":[{"href":"https:\/\/tourtravelandmore.com\/es\/wp-json\/wp\/v2\/types\/product"}],"replies":[{"embeddable":true,"href":"https:\/\/tourtravelandmore.com\/es\/wp-json\/wp\/v2\/comments?post=179143"}],"wp:featuredmedia":[{"embeddable":true,"href":"https:\/\/tourtravelandmore.com\/es\/wp-json\/wp\/v2\/media\/179159"}],"wp:attachment":[{"href":"https:\/\/tourtravelandmore.com\/es\/wp-json\/wp\/v2\/media?parent=179143"}],"wp:term":[{"taxonomy":"product_brand","embeddable":true,"href":"https:\/\/tourtravelandmore.com\/es\/wp-json\/wp\/v2\/product_brand?post=179143"},{"taxonomy":"product_cat","embeddable":true,"href":"https:\/\/tourtravelandmore.com\/es\/wp-json\/wp\/v2\/product_cat?post=179143"},{"taxonomy":"product_tag","embeddable":true,"href":"https:\/\/tourtravelandmore.com\/es\/wp-json\/wp\/v2\/product_tag?post=179143"}],"curies":[{"name":"wp","href":"https:\/\/api.w.org\/{rel}","templated":true}]}}