{"id":17912,"date":"2018-02-12T14:01:14","date_gmt":"2018-02-12T13:49:27","guid":{"rendered":"http:\/\/tourtravelandmore.com\/es\/?post_type=product&#038;p=17912"},"modified":"2022-04-25T08:43:46","modified_gmt":"2022-04-25T06:43:46","slug":"tour-privado-dia-completo-de-florencia-y-chianti-classico","status":"publish","type":"product","link":"https:\/\/tourtravelandmore.com\/es\/tours\/italia-es\/florencia-es\/tour-privado-dia-completo-de-florencia-y-chianti-classico\/","title":{"rendered":"Tour Privado por Florencia y Chianti Classico"},"content":{"rendered":"<h2><strong>Descripci\u00f3n del Tour Privado por Florencia y Chianti Classico<\/strong><\/h2>\n<p>Disfrute de este <strong>Tour Privado por Florencia y Chianti\u00a0Classico\u00a0desde Florencia<\/strong> c\u00f3modamente en su <strong>veh\u00edculo privado de lujo<\/strong>.<\/p>\n<p>Tendr\u00e1 a su disposici\u00f3n un conductor\/gu\u00eda profesional que lo estar\u00e1 esperando en el lobby de su hotel para comenzar su tour privado. Tendr\u00e1 un recorrido panor\u00e1mico por los sitios m\u00e1s emblem\u00e1ticos de Florencia durante la ma\u00f1ana. Por la tarde disfrutar\u00e1 de una visita a una bodega en la regi\u00f3n de Chianti.<\/p>\n<p><strong>Florencia<\/strong> es la capital de la regi\u00f3n de Toscana, y ha sido el lugar principal para cada nueva etapa del arte en Italia. El arte y la creatividad est\u00e1n presentes en cada calle y esquina, as\u00ed como en la gran cantidad de iglesias, museos y monumentos. Por otro lado, <strong>Chianti\u00a0<\/strong><b>Classico<\/b>\u00a0se encuentra entre Florencia y Siena. La regi\u00f3n de Chianti es muy famosa debido a sus vinos.<\/p>\n<p>Este tour privado de d\u00eda completo desde Florencia es un recorrido completamente personalizado. Podemos organizarlo para satisfacer sus propias necesidades y deseos personales. En caso de que prefiera, podemos incluir un gu\u00eda tur\u00edstico oficial privado para acompa\u00f1arlo durante este tour privado de d\u00eda completo.<\/p>\n<p>Si est\u00e1 interesado en solo visitar la regi\u00f3n de Chianti, eche un vistazo a nuestro <a href=\"https:\/\/tourtravelandmore.com\/es\/tours\/italia-es\/florencia-es\/tour-de-chianti-clasico-y-vinedos-desde-florencia\/\">tour privado a Chianti Classico desde Florencia<\/a>.<\/p>\n<h2><strong>Puntos de inter\u00e9s en el Tour Privado por Florencia y Chianti Classico<\/strong><\/h2>\n<p>Su conductor\/gu\u00eda privado lo recoger\u00e1 en su hotel o lugar de elecci\u00f3n en Florencia temprano en la ma\u00f1ana.<\/p>\n<p>En primer lugar, experimentar\u00e1 un recorrido por la ciudad de Florencia. Conocer\u00e1s los sitios y monumentos m\u00e1s representativos de Florencia.<\/p>\n<p>Entre otros lugares, podr\u00e1s visitar:<\/p>\n<ul>\n<li><strong>Ponte Vecchio<\/strong><\/li>\n<li><a href=\"https:\/\/duomo.firenze.it\/it\/38\/cattedrale-di-santa-maria-del-fiore\">Catedral de Santa Maria del Fiore<\/a><\/li>\n<li><strong>Plaza del Duomo<\/strong><\/li>\n<li><strong>Palacio Vecchio<\/strong><\/li>\n<li><strong>Plaza della Signoria<\/strong><\/li>\n<li><strong>Galeria Uffizi<\/strong><\/li>\n<li><strong>Plaza Michelangelo<\/strong><\/li>\n<li><strong>\u00a1Y mucho m\u00e1s!<\/strong><\/li>\n<\/ul>\n<p>En segundo lugar, te sumergir\u00e1s en el encanto de la regi\u00f3n de la Toscana donde visitar\u00e1 el \u00e1rea de <strong>Chianti\u00a0Classico.\u00a0<\/strong>Admire sus vi\u00f1edos sim\u00e9tricos perfectos, olivares y un hermoso paisaje. Podr\u00e1 probar el vino local de una de las mejores regiones vin\u00edcolas del mundo. Visite algunos de sus pueblos de monta\u00f1a m\u00e1s bellos.<\/p>\n<p>Su conductor\/gu\u00eda lo llevar\u00e1 a trav\u00e9s de la carretera<strong> Chiantigiana<\/strong>, hasta que llegue al capitolio del Chianti cl\u00e1sico, <strong>Greve<\/strong>. Visite su plaza principal y el encantador <strong>castillo de Montefioralle<\/strong>.<\/p>\n<p>Finalmente, visitar\u00e1 una bodega en un distrito llamado <strong>Montagliari<\/strong>. La degustaci\u00f3n en la bodega est\u00e1 incluida en el precio del tour. El recorrido tiene una duraci\u00f3n de 8 horas desde el momento de la recogida hasta la devoluci\u00f3n, pero es ajustable a su propio inter\u00e9s.<\/p>\n<p><strong>Cuando finalice el recorrido, su conductor\/gu\u00eda privado lo llevar\u00e1 de regreso a su hotel o lugar de elecci\u00f3n en Florencia.<\/strong><\/p>\n","protected":false},"excerpt":{"rendered":"<p><strong>Tour privado de Florencia y Chianti Classico,<\/strong> disfrute visitando durante la ma\u00f1ana la incre\u00edble ciudad de Florencia y una de las mejores regiones vin\u00edcolas del mundo durante la tarde. Conocer\u00e1s los lugares m\u00e1s representativos de Florencia <strong>(\u00a1Ponte Vecchio, Miguel \u00c1ngel y muchos m\u00e1s!)<\/strong> y la regi\u00f3n vin\u00edcola de Chianti.<\/p>\n","protected":false},"featured_media":17911,"comment_status":"open","ping_status":"closed","template":"","meta":{"_acf_changed":false},"product_brand":[],"product_cat":[412,413,415,414],"product_tag":[],"class_list":{"0":"post-17912","1":"product","2":"type-product","3":"status-publish","4":"has-post-thumbnail","6":"product_cat-florencia-es","7":"product_cat-florencia-actividades-es","8":"product_cat-florencia-rutas-turisticas-privadas-es","9":"product_cat-florencia-excursiones-es","11":"first","12":"instock","13":"shipping-taxable","14":"purchasable","15":"product-type-simple"},"acf":[],"yoast_head":"<!-- This site is optimized with the Yoast SEO Premium plugin v25.3.1 (Yoast SEO v25.3.1) - https:\/\/yoast.com\/wordpress\/plugins\/seo\/ -->\n<title>Tour Privado por Florencia y Chianti Classico desde Florencia | TTM<\/title>\n<meta name=\"description\" content=\"Disfrute de su Tour Privado por Florencia y Chianti Classico en la comodidad de su veh\u00edculo privado con chofer\/gu\u00eda. Admire sus magnificas vistas \u2705\" \/>\n<meta name=\"robots\" content=\"index, follow, max-snippet:-1, max-image-preview:large, max-video-preview:-1\" \/>\n<link rel=\"canonical\" href=\"https:\/\/tourtravelandmore.com\/es\/tours\/italia-es\/florencia-es\/tour-privado-dia-completo-de-florencia-y-chianti-classico\/\" \/>\n<meta property=\"og:locale\" content=\"es_ES\" \/>\n<meta property=\"og:type\" content=\"article\" \/>\n<meta property=\"og:title\" content=\"Tour Privado por Florencia y Chianti Classico\" \/>\n<meta property=\"og:description\" content=\"Disfrute de su Tour Privado por Florencia y Chianti Classico en la comodidad de su veh\u00edculo privado con chofer\/gu\u00eda. Admire sus magnificas vistas \u2705\" \/>\n<meta property=\"og:url\" content=\"https:\/\/tourtravelandmore.com\/es\/tours\/italia-es\/florencia-es\/tour-privado-dia-completo-de-florencia-y-chianti-classico\/\" \/>\n<meta property=\"og:site_name\" content=\"Tour Travel And More\" \/>\n<meta property=\"article:publisher\" content=\"https:\/\/www.facebook.com\/tourtravelandmore\/\" \/>\n<meta property=\"article:modified_time\" content=\"2022-04-25T06:43:46+00:00\" \/>\n<meta property=\"og:image\" content=\"https:\/\/tourtravelandmore.com\/wp-content\/uploads\/2018\/02\/florence-2-1210x642.jpg\" \/>\n\t<meta property=\"og:image:width\" content=\"1210\" \/>\n\t<meta property=\"og:image:height\" content=\"642\" \/>\n\t<meta property=\"og:image:type\" content=\"image\/jpeg\" \/>\n<meta name=\"twitter:card\" content=\"summary_large_image\" \/>\n<meta name=\"twitter:site\" content=\"@TourTravel_More\" \/>\n<meta name=\"twitter:label1\" content=\"Tiempo de lectura\" \/>\n\t<meta name=\"twitter:data1\" content=\"2 minutos\" \/>\n<script type=\"application\/ld+json\" class=\"yoast-schema-graph\">{\"@context\":\"https:\/\/schema.org\",\"@graph\":[{\"@type\":\"WebPage\",\"@id\":\"https:\/\/tourtravelandmore.com\/es\/tours\/italia-es\/florencia-es\/tour-privado-dia-completo-de-florencia-y-chianti-classico\/\",\"url\":\"https:\/\/tourtravelandmore.com\/es\/tours\/italia-es\/florencia-es\/tour-privado-dia-completo-de-florencia-y-chianti-classico\/\",\"name\":\"Tour Privado por Florencia y Chianti Classico desde Florencia | TTM\",\"isPartOf\":{\"@id\":\"https:\/\/tourtravelandmore.com\/es\/#website\"},\"primaryImageOfPage\":{\"@id\":\"https:\/\/tourtravelandmore.com\/es\/tours\/italia-es\/florencia-es\/tour-privado-dia-completo-de-florencia-y-chianti-classico\/#primaryimage\"},\"image\":{\"@id\":\"https:\/\/tourtravelandmore.com\/es\/tours\/italia-es\/florencia-es\/tour-privado-dia-completo-de-florencia-y-chianti-classico\/#primaryimage\"},\"thumbnailUrl\":\"https:\/\/tourtravelandmore.com\/wp-content\/uploads\/2018\/02\/florence-2-1210x642.jpg\",\"datePublished\":\"2018-02-12T13:49:27+00:00\",\"dateModified\":\"2022-04-25T06:43:46+00:00\",\"description\":\"Disfrute de su Tour Privado por Florencia y Chianti Classico en la comodidad de su veh\u00edculo privado con chofer\/gu\u00eda. Admire sus magnificas vistas \u2705\",\"breadcrumb\":{\"@id\":\"https:\/\/tourtravelandmore.com\/es\/tours\/italia-es\/florencia-es\/tour-privado-dia-completo-de-florencia-y-chianti-classico\/#breadcrumb\"},\"inLanguage\":\"es\",\"potentialAction\":[{\"@type\":\"ReadAction\",\"target\":[\"https:\/\/tourtravelandmore.com\/es\/tours\/italia-es\/florencia-es\/tour-privado-dia-completo-de-florencia-y-chianti-classico\/\"]}]},{\"@type\":\"ImageObject\",\"inLanguage\":\"es\",\"@id\":\"https:\/\/tourtravelandmore.com\/es\/tours\/italia-es\/florencia-es\/tour-privado-dia-completo-de-florencia-y-chianti-classico\/#primaryimage\",\"url\":\"https:\/\/tourtravelandmore.com\/wp-content\/uploads\/2018\/02\/florence-2-1210x642.jpg\",\"contentUrl\":\"https:\/\/tourtravelandmore.com\/wp-content\/uploads\/2018\/02\/florence-2-1210x642.jpg\",\"width\":1210,\"height\":642},{\"@type\":\"BreadcrumbList\",\"@id\":\"https:\/\/tourtravelandmore.com\/es\/tours\/italia-es\/florencia-es\/tour-privado-dia-completo-de-florencia-y-chianti-classico\/#breadcrumb\",\"itemListElement\":[{\"@type\":\"ListItem\",\"position\":1,\"name\":\"Home\",\"item\":\"https:\/\/tourtravelandmore.com\/es\/\"},{\"@type\":\"ListItem\",\"position\":2,\"name\":\"Tours\",\"item\":\"https:\/\/tourtravelandmore.com\/es\/tours\/\"},{\"@type\":\"ListItem\",\"position\":3,\"name\":\"Tour Privado por Florencia y Chianti Classico\"}]},{\"@type\":\"WebSite\",\"@id\":\"https:\/\/tourtravelandmore.com\/es\/#website\",\"url\":\"https:\/\/tourtravelandmore.com\/es\/\",\"name\":\"Tour Travel And More\",\"description\":\"Private sightseeing tours and luxury transfers in Spain\",\"publisher\":{\"@id\":\"https:\/\/tourtravelandmore.com\/es\/#organization\"},\"potentialAction\":[{\"@type\":\"SearchAction\",\"target\":{\"@type\":\"EntryPoint\",\"urlTemplate\":\"https:\/\/tourtravelandmore.com\/es\/?s={search_term_string}\"},\"query-input\":{\"@type\":\"PropertyValueSpecification\",\"valueRequired\":true,\"valueName\":\"search_term_string\"}}],\"inLanguage\":\"es\"},{\"@type\":\"Organization\",\"@id\":\"https:\/\/tourtravelandmore.com\/es\/#organization\",\"name\":\"Tour Travel And More\",\"url\":\"https:\/\/tourtravelandmore.com\/es\/\",\"logo\":{\"@type\":\"ImageObject\",\"inLanguage\":\"es\",\"@id\":\"https:\/\/tourtravelandmore.com\/es\/#\/schema\/logo\/image\/\",\"url\":\"https:\/\/tourtravelandmore.com\/wp-content\/uploads\/2022\/12\/cropped-logo-cabecera-new.png\",\"contentUrl\":\"https:\/\/tourtravelandmore.com\/wp-content\/uploads\/2022\/12\/cropped-logo-cabecera-new.png\",\"width\":430,\"height\":61,\"caption\":\"Tour Travel And More\"},\"image\":{\"@id\":\"https:\/\/tourtravelandmore.com\/es\/#\/schema\/logo\/image\/\"},\"sameAs\":[\"https:\/\/www.facebook.com\/tourtravelandmore\/\",\"https:\/\/x.com\/TourTravel_More\"]}]}<\/script>\n<!-- \/ Yoast SEO Premium plugin. -->","yoast_head_json":{"title":"Tour Privado por Florencia y Chianti Classico desde Florencia | TTM","description":"Disfrute de su Tour Privado por Florencia y Chianti Classico en la comodidad de su veh\u00edculo privado con chofer\/gu\u00eda. Admire sus magnificas vistas \u2705","robots":{"index":"index","follow":"follow","max-snippet":"max-snippet:-1","max-image-preview":"max-image-preview:large","max-video-preview":"max-video-preview:-1"},"canonical":"https:\/\/tourtravelandmore.com\/es\/tours\/italia-es\/florencia-es\/tour-privado-dia-completo-de-florencia-y-chianti-classico\/","og_locale":"es_ES","og_type":"article","og_title":"Tour Privado por Florencia y Chianti Classico","og_description":"Disfrute de su Tour Privado por Florencia y Chianti Classico en la comodidad de su veh\u00edculo privado con chofer\/gu\u00eda. Admire sus magnificas vistas \u2705","og_url":"https:\/\/tourtravelandmore.com\/es\/tours\/italia-es\/florencia-es\/tour-privado-dia-completo-de-florencia-y-chianti-classico\/","og_site_name":"Tour Travel And More","article_publisher":"https:\/\/www.facebook.com\/tourtravelandmore\/","article_modified_time":"2022-04-25T06:43:46+00:00","og_image":[{"width":1210,"height":642,"url":"https:\/\/tourtravelandmore.com\/wp-content\/uploads\/2018\/02\/florence-2-1210x642.jpg","type":"image\/jpeg"}],"twitter_card":"summary_large_image","twitter_site":"@TourTravel_More","twitter_misc":{"Tiempo de lectura":"2 minutos"},"schema":{"@context":"https:\/\/schema.org","@graph":[{"@type":"WebPage","@id":"https:\/\/tourtravelandmore.com\/es\/tours\/italia-es\/florencia-es\/tour-privado-dia-completo-de-florencia-y-chianti-classico\/","url":"https:\/\/tourtravelandmore.com\/es\/tours\/italia-es\/florencia-es\/tour-privado-dia-completo-de-florencia-y-chianti-classico\/","name":"Tour Privado por Florencia y Chianti Classico desde Florencia | TTM","isPartOf":{"@id":"https:\/\/tourtravelandmore.com\/es\/#website"},"primaryImageOfPage":{"@id":"https:\/\/tourtravelandmore.com\/es\/tours\/italia-es\/florencia-es\/tour-privado-dia-completo-de-florencia-y-chianti-classico\/#primaryimage"},"image":{"@id":"https:\/\/tourtravelandmore.com\/es\/tours\/italia-es\/florencia-es\/tour-privado-dia-completo-de-florencia-y-chianti-classico\/#primaryimage"},"thumbnailUrl":"https:\/\/tourtravelandmore.com\/wp-content\/uploads\/2018\/02\/florence-2-1210x642.jpg","datePublished":"2018-02-12T13:49:27+00:00","dateModified":"2022-04-25T06:43:46+00:00","description":"Disfrute de su Tour Privado por Florencia y Chianti Classico en la comodidad de su veh\u00edculo privado con chofer\/gu\u00eda. Admire sus magnificas vistas \u2705","breadcrumb":{"@id":"https:\/\/tourtravelandmore.com\/es\/tours\/italia-es\/florencia-es\/tour-privado-dia-completo-de-florencia-y-chianti-classico\/#breadcrumb"},"inLanguage":"es","potentialAction":[{"@type":"ReadAction","target":["https:\/\/tourtravelandmore.com\/es\/tours\/italia-es\/florencia-es\/tour-privado-dia-completo-de-florencia-y-chianti-classico\/"]}]},{"@type":"ImageObject","inLanguage":"es","@id":"https:\/\/tourtravelandmore.com\/es\/tours\/italia-es\/florencia-es\/tour-privado-dia-completo-de-florencia-y-chianti-classico\/#primaryimage","url":"https:\/\/tourtravelandmore.com\/wp-content\/uploads\/2018\/02\/florence-2-1210x642.jpg","contentUrl":"https:\/\/tourtravelandmore.com\/wp-content\/uploads\/2018\/02\/florence-2-1210x642.jpg","width":1210,"height":642},{"@type":"BreadcrumbList","@id":"https:\/\/tourtravelandmore.com\/es\/tours\/italia-es\/florencia-es\/tour-privado-dia-completo-de-florencia-y-chianti-classico\/#breadcrumb","itemListElement":[{"@type":"ListItem","position":1,"name":"Home","item":"https:\/\/tourtravelandmore.com\/es\/"},{"@type":"ListItem","position":2,"name":"Tours","item":"https:\/\/tourtravelandmore.com\/es\/tours\/"},{"@type":"ListItem","position":3,"name":"Tour Privado por Florencia y Chianti Classico"}]},{"@type":"WebSite","@id":"https:\/\/tourtravelandmore.com\/es\/#website","url":"https:\/\/tourtravelandmore.com\/es\/","name":"Tour Travel And More","description":"Private sightseeing tours and luxury transfers in Spain","publisher":{"@id":"https:\/\/tourtravelandmore.com\/es\/#organization"},"potentialAction":[{"@type":"SearchAction","target":{"@type":"EntryPoint","urlTemplate":"https:\/\/tourtravelandmore.com\/es\/?s={search_term_string}"},"query-input":{"@type":"PropertyValueSpecification","valueRequired":true,"valueName":"search_term_string"}}],"inLanguage":"es"},{"@type":"Organization","@id":"https:\/\/tourtravelandmore.com\/es\/#organization","name":"Tour Travel And More","url":"https:\/\/tourtravelandmore.com\/es\/","logo":{"@type":"ImageObject","inLanguage":"es","@id":"https:\/\/tourtravelandmore.com\/es\/#\/schema\/logo\/image\/","url":"https:\/\/tourtravelandmore.com\/wp-content\/uploads\/2022\/12\/cropped-logo-cabecera-new.png","contentUrl":"https:\/\/tourtravelandmore.com\/wp-content\/uploads\/2022\/12\/cropped-logo-cabecera-new.png","width":430,"height":61,"caption":"Tour Travel And More"},"image":{"@id":"https:\/\/tourtravelandmore.com\/es\/#\/schema\/logo\/image\/"},"sameAs":["https:\/\/www.facebook.com\/tourtravelandmore\/","https:\/\/x.com\/TourTravel_More"]}]}},"_links":{"self":[{"href":"https:\/\/tourtravelandmore.com\/es\/wp-json\/wp\/v2\/product\/17912","targetHints":{"allow":["GET"]}}],"collection":[{"href":"https:\/\/tourtravelandmore.com\/es\/wp-json\/wp\/v2\/product"}],"about":[{"href":"https:\/\/tourtravelandmore.com\/es\/wp-json\/wp\/v2\/types\/product"}],"replies":[{"embeddable":true,"href":"https:\/\/tourtravelandmore.com\/es\/wp-json\/wp\/v2\/comments?post=17912"}],"wp:featuredmedia":[{"embeddable":true,"href":"https:\/\/tourtravelandmore.com\/es\/wp-json\/wp\/v2\/media\/17911"}],"wp:attachment":[{"href":"https:\/\/tourtravelandmore.com\/es\/wp-json\/wp\/v2\/media?parent=17912"}],"wp:term":[{"taxonomy":"product_brand","embeddable":true,"href":"https:\/\/tourtravelandmore.com\/es\/wp-json\/wp\/v2\/product_brand?post=17912"},{"taxonomy":"product_cat","embeddable":true,"href":"https:\/\/tourtravelandmore.com\/es\/wp-json\/wp\/v2\/product_cat?post=17912"},{"taxonomy":"product_tag","embeddable":true,"href":"https:\/\/tourtravelandmore.com\/es\/wp-json\/wp\/v2\/product_tag?post=17912"}],"curies":[{"name":"wp","href":"https:\/\/api.w.org\/{rel}","templated":true}]}}