{"id":179010,"date":"2024-12-03T21:53:27","date_gmt":"2024-12-03T20:53:27","guid":{"rendered":"https:\/\/tourtravelandmore.com\/?post_type=product&#038;p=179010"},"modified":"2024-12-11T13:42:20","modified_gmt":"2024-12-11T12:42:20","slug":"tour-privado-por-a-coruna-y-la-peninsula-de-las-marinas-copy","status":"publish","type":"product","link":"https:\/\/tourtravelandmore.com\/es\/tours\/espana-es\/santiago-de-compostela-es\/santiago-de-compostela-actividades-es\/tour-privado-por-a-coruna-y-la-peninsula-de-las-marinas-copy\/","title":{"rendered":"Tour privado a Vigo y Baiona desde Santiago de Compostela"},"content":{"rendered":"<h2><b><strong>Descripci\u00f3n | Tour privado a Vigo y Baiona desde Santiago de Compostela<\/strong><\/b><\/h2>\n<p>Emb\u00e1rquese en una cautivadora excursi\u00f3n privada de 10 horas desde Santiago de Compostela para descubrir los tesoros costeros de Galicia. Esta experiencia exclusiva combina el encanto moderno de Vigo con el encanto hist\u00f3rico de Baiona, todo ello en la comodidad de un veh\u00edculo privado acompa\u00f1ado por un gu\u00eda experto.<\/p>\n<p>Este tour es perfecto para aquellos que buscan una exploraci\u00f3n \u00edntima y envolvente de Vigo y Baiona, combinando historia, cultura e impresionantes paisajes.<\/p>\n<h2><b><strong>Tour privado a Vigo y Baiona desde Santiago de Compostela Puntos de inter\u00e9s<\/strong><\/b><\/h2>\n<p>Su viaje comienza con un pintoresco trayecto en coche hasta Vigo, una bulliciosa ciudad portuaria conocida por su cultura mar\u00edtima y sus impresionantes vistas de la r\u00eda. Pasee por las hist\u00f3ricas calles del Casco Vello, explore los vibrantes mercados de abastos y disfrute de la mezcla de tradici\u00f3n e innovaci\u00f3n que define a Vigo.<\/p>\n<p>A continuaci\u00f3n, visite Baiona, una pintoresca ciudad costera cargada de historia. Famosa por ser el primer puerto en recibir la noticia del descubrimiento de Am\u00e9rica por Col\u00f3n, Baiona ofrece una gran cantidad de atracciones, como su casco antiguo medieval, la Fortaleza de Monte Real y unas impresionantes vistas al oc\u00e9ano.<\/p>\n<p>Con su gu\u00eda privado y su veh\u00edculo a su disposici\u00f3n, esta excursi\u00f3n le garantiza una experiencia fluida y personalizada que se adentra en el coraz\u00f3n del encanto costero de Galicia.<\/p>\n<ul>\n<li><b><strong>Excursi\u00f3n privada de d\u00eda completo (10 horas)<\/strong><\/b>: Disfrute de un c\u00f3modo viaje con un veh\u00edculo privado y un gu\u00eda experto durante todo el recorrido.<\/li>\n<li><b><strong>Vigo<\/strong><\/b>: Explore el hist\u00f3rico Casco Vello, los vibrantes mercados y el impresionante paseo mar\u00edtimo de esta din\u00e1mica ciudad portuaria.<\/li>\n<li><b><strong>Baiona<\/strong><\/b>: Descubra una ciudad rica en historia, con la Fortaleza del Monte Real, un casco antiguo medieval e impresionantes vistas del Atl\u00e1ntico.<\/li>\n<li><b><strong>Itinerario flexible<\/strong><\/b>: Adapte el recorrido a sus intereses con la gu\u00eda de su experto local.<\/li>\n<li><b><strong>Recorridos panor\u00e1micos por la costa<\/strong><\/b>: Disfrute de los bellos paisajes de Galicia a lo largo del camino.<\/li>\n<\/ul>\n","protected":false},"excerpt":{"rendered":"<p>Emb\u00e1rquese en una cautivadora excursi\u00f3n privada de 10 horas desde Santiago de Compostela para descubrir los tesoros costeros de Galicia. Esta experiencia exclusiva combina el encanto moderno de Vigo con el encanto hist\u00f3rico de Baiona, todo ello en la comodidad de un veh\u00edculo privado acompa\u00f1ado por un gu\u00eda experto.<\/p>\n","protected":false},"featured_media":179026,"comment_status":"open","ping_status":"closed","template":"","meta":{"_acf_changed":false},"product_brand":[],"product_cat":[1868,1872,1873,1874],"product_tag":[],"class_list":{"0":"post-179010","1":"product","2":"type-product","3":"status-publish","4":"has-post-thumbnail","6":"product_cat-santiago-de-compostela-es","7":"product_cat-santiago-de-compostela-actividades-es","8":"product_cat-santiago-de-compostela-excursiones-es","9":"product_cat-santiago-de-compostela-rutas-turisticas-privadas-es","11":"first","12":"instock","13":"shipping-taxable","14":"purchasable","15":"product-type-simple"},"acf":[],"yoast_head":"<!-- This site is optimized with the Yoast SEO Premium plugin v25.3.1 (Yoast SEO v25.3.1) - https:\/\/yoast.com\/wordpress\/plugins\/seo\/ -->\n<title>\u27a1\ufe0f Tour privado a Vigo y Baiona desde Santiago de Compostela<\/title>\n<meta name=\"description\" content=\"Descubra el encanto de Lugo en un tour privado desde Santiago de Compostela. Visite los lugares m\u00e1s emblem\u00e1ticos de Lugo \u2705\" \/>\n<meta name=\"robots\" content=\"index, follow, max-snippet:-1, max-image-preview:large, max-video-preview:-1\" \/>\n<link rel=\"canonical\" href=\"https:\/\/tourtravelandmore.com\/es\/tours\/espana-es\/santiago-de-compostela-es\/santiago-de-compostela-actividades-es\/tour-privado-por-a-coruna-y-la-peninsula-de-las-marinas-copy\/\" \/>\n<meta property=\"og:locale\" content=\"es_ES\" \/>\n<meta property=\"og:type\" content=\"article\" \/>\n<meta property=\"og:title\" content=\"Tour privado a Vigo y Baiona desde Santiago de Compostela\" \/>\n<meta property=\"og:description\" content=\"Descubra el encanto de Lugo en un tour privado desde Santiago de Compostela. Visite los lugares m\u00e1s emblem\u00e1ticos de Lugo \u2705\" \/>\n<meta property=\"og:url\" content=\"https:\/\/tourtravelandmore.com\/es\/tours\/espana-es\/santiago-de-compostela-es\/santiago-de-compostela-actividades-es\/tour-privado-por-a-coruna-y-la-peninsula-de-las-marinas-copy\/\" \/>\n<meta property=\"og:site_name\" content=\"Tour Travel And More\" \/>\n<meta property=\"article:publisher\" content=\"https:\/\/www.facebook.com\/tourtravelandmore\/\" \/>\n<meta property=\"article:modified_time\" content=\"2024-12-11T12:42:20+00:00\" \/>\n<meta property=\"og:image\" content=\"https:\/\/tourtravelandmore.com\/wp-content\/uploads\/2024\/12\/pexels-vjgalaxy-9042606-scaled.jpg\" \/>\n\t<meta property=\"og:image:width\" content=\"2560\" \/>\n\t<meta property=\"og:image:height\" content=\"1706\" \/>\n\t<meta property=\"og:image:type\" content=\"image\/jpeg\" \/>\n<meta name=\"twitter:card\" content=\"summary_large_image\" \/>\n<meta name=\"twitter:site\" content=\"@TourTravel_More\" \/>\n<meta name=\"twitter:label1\" content=\"Tiempo de lectura\" \/>\n\t<meta name=\"twitter:data1\" content=\"2 minutos\" \/>\n<script type=\"application\/ld+json\" class=\"yoast-schema-graph\">{\"@context\":\"https:\/\/schema.org\",\"@graph\":[{\"@type\":\"WebPage\",\"@id\":\"https:\/\/tourtravelandmore.com\/es\/tours\/espana-es\/santiago-de-compostela-es\/santiago-de-compostela-actividades-es\/tour-privado-por-a-coruna-y-la-peninsula-de-las-marinas-copy\/\",\"url\":\"https:\/\/tourtravelandmore.com\/es\/tours\/espana-es\/santiago-de-compostela-es\/santiago-de-compostela-actividades-es\/tour-privado-por-a-coruna-y-la-peninsula-de-las-marinas-copy\/\",\"name\":\"\u27a1\ufe0f Tour privado a Vigo y Baiona desde Santiago de Compostela\",\"isPartOf\":{\"@id\":\"https:\/\/tourtravelandmore.com\/es\/#website\"},\"primaryImageOfPage\":{\"@id\":\"https:\/\/tourtravelandmore.com\/es\/tours\/espana-es\/santiago-de-compostela-es\/santiago-de-compostela-actividades-es\/tour-privado-por-a-coruna-y-la-peninsula-de-las-marinas-copy\/#primaryimage\"},\"image\":{\"@id\":\"https:\/\/tourtravelandmore.com\/es\/tours\/espana-es\/santiago-de-compostela-es\/santiago-de-compostela-actividades-es\/tour-privado-por-a-coruna-y-la-peninsula-de-las-marinas-copy\/#primaryimage\"},\"thumbnailUrl\":\"https:\/\/tourtravelandmore.com\/wp-content\/uploads\/2024\/12\/pexels-vjgalaxy-9042606-scaled.jpg\",\"datePublished\":\"2024-12-03T20:53:27+00:00\",\"dateModified\":\"2024-12-11T12:42:20+00:00\",\"description\":\"Descubra el encanto de Lugo en un tour privado desde Santiago de Compostela. Visite los lugares m\u00e1s emblem\u00e1ticos de Lugo \u2705\",\"breadcrumb\":{\"@id\":\"https:\/\/tourtravelandmore.com\/es\/tours\/espana-es\/santiago-de-compostela-es\/santiago-de-compostela-actividades-es\/tour-privado-por-a-coruna-y-la-peninsula-de-las-marinas-copy\/#breadcrumb\"},\"inLanguage\":\"es\",\"potentialAction\":[{\"@type\":\"ReadAction\",\"target\":[\"https:\/\/tourtravelandmore.com\/es\/tours\/espana-es\/santiago-de-compostela-es\/santiago-de-compostela-actividades-es\/tour-privado-por-a-coruna-y-la-peninsula-de-las-marinas-copy\/\"]}]},{\"@type\":\"ImageObject\",\"inLanguage\":\"es\",\"@id\":\"https:\/\/tourtravelandmore.com\/es\/tours\/espana-es\/santiago-de-compostela-es\/santiago-de-compostela-actividades-es\/tour-privado-por-a-coruna-y-la-peninsula-de-las-marinas-copy\/#primaryimage\",\"url\":\"https:\/\/tourtravelandmore.com\/wp-content\/uploads\/2024\/12\/pexels-vjgalaxy-9042606-scaled.jpg\",\"contentUrl\":\"https:\/\/tourtravelandmore.com\/wp-content\/uploads\/2024\/12\/pexels-vjgalaxy-9042606-scaled.jpg\",\"width\":2560,\"height\":1706},{\"@type\":\"BreadcrumbList\",\"@id\":\"https:\/\/tourtravelandmore.com\/es\/tours\/espana-es\/santiago-de-compostela-es\/santiago-de-compostela-actividades-es\/tour-privado-por-a-coruna-y-la-peninsula-de-las-marinas-copy\/#breadcrumb\",\"itemListElement\":[{\"@type\":\"ListItem\",\"position\":1,\"name\":\"Home\",\"item\":\"https:\/\/tourtravelandmore.com\/es\/\"},{\"@type\":\"ListItem\",\"position\":2,\"name\":\"Tours\",\"item\":\"https:\/\/tourtravelandmore.com\/es\/tours\/\"},{\"@type\":\"ListItem\",\"position\":3,\"name\":\"Tour privado a Vigo y Baiona desde Santiago de Compostela\"}]},{\"@type\":\"WebSite\",\"@id\":\"https:\/\/tourtravelandmore.com\/es\/#website\",\"url\":\"https:\/\/tourtravelandmore.com\/es\/\",\"name\":\"Tour Travel And More\",\"description\":\"Private sightseeing tours and luxury transfers in Spain\",\"publisher\":{\"@id\":\"https:\/\/tourtravelandmore.com\/es\/#organization\"},\"potentialAction\":[{\"@type\":\"SearchAction\",\"target\":{\"@type\":\"EntryPoint\",\"urlTemplate\":\"https:\/\/tourtravelandmore.com\/es\/?s={search_term_string}\"},\"query-input\":{\"@type\":\"PropertyValueSpecification\",\"valueRequired\":true,\"valueName\":\"search_term_string\"}}],\"inLanguage\":\"es\"},{\"@type\":\"Organization\",\"@id\":\"https:\/\/tourtravelandmore.com\/es\/#organization\",\"name\":\"Tour Travel And More\",\"url\":\"https:\/\/tourtravelandmore.com\/es\/\",\"logo\":{\"@type\":\"ImageObject\",\"inLanguage\":\"es\",\"@id\":\"https:\/\/tourtravelandmore.com\/es\/#\/schema\/logo\/image\/\",\"url\":\"https:\/\/tourtravelandmore.com\/wp-content\/uploads\/2022\/12\/cropped-logo-cabecera-new.png\",\"contentUrl\":\"https:\/\/tourtravelandmore.com\/wp-content\/uploads\/2022\/12\/cropped-logo-cabecera-new.png\",\"width\":430,\"height\":61,\"caption\":\"Tour Travel And More\"},\"image\":{\"@id\":\"https:\/\/tourtravelandmore.com\/es\/#\/schema\/logo\/image\/\"},\"sameAs\":[\"https:\/\/www.facebook.com\/tourtravelandmore\/\",\"https:\/\/x.com\/TourTravel_More\"]}]}<\/script>\n<!-- \/ Yoast SEO Premium plugin. -->","yoast_head_json":{"title":"\u27a1\ufe0f Tour privado a Vigo y Baiona desde Santiago de Compostela","description":"Descubra el encanto de Lugo en un tour privado desde Santiago de Compostela. Visite los lugares m\u00e1s emblem\u00e1ticos de Lugo \u2705","robots":{"index":"index","follow":"follow","max-snippet":"max-snippet:-1","max-image-preview":"max-image-preview:large","max-video-preview":"max-video-preview:-1"},"canonical":"https:\/\/tourtravelandmore.com\/es\/tours\/espana-es\/santiago-de-compostela-es\/santiago-de-compostela-actividades-es\/tour-privado-por-a-coruna-y-la-peninsula-de-las-marinas-copy\/","og_locale":"es_ES","og_type":"article","og_title":"Tour privado a Vigo y Baiona desde Santiago de Compostela","og_description":"Descubra el encanto de Lugo en un tour privado desde Santiago de Compostela. Visite los lugares m\u00e1s emblem\u00e1ticos de Lugo \u2705","og_url":"https:\/\/tourtravelandmore.com\/es\/tours\/espana-es\/santiago-de-compostela-es\/santiago-de-compostela-actividades-es\/tour-privado-por-a-coruna-y-la-peninsula-de-las-marinas-copy\/","og_site_name":"Tour Travel And More","article_publisher":"https:\/\/www.facebook.com\/tourtravelandmore\/","article_modified_time":"2024-12-11T12:42:20+00:00","og_image":[{"width":2560,"height":1706,"url":"https:\/\/tourtravelandmore.com\/wp-content\/uploads\/2024\/12\/pexels-vjgalaxy-9042606-scaled.jpg","type":"image\/jpeg"}],"twitter_card":"summary_large_image","twitter_site":"@TourTravel_More","twitter_misc":{"Tiempo de lectura":"2 minutos"},"schema":{"@context":"https:\/\/schema.org","@graph":[{"@type":"WebPage","@id":"https:\/\/tourtravelandmore.com\/es\/tours\/espana-es\/santiago-de-compostela-es\/santiago-de-compostela-actividades-es\/tour-privado-por-a-coruna-y-la-peninsula-de-las-marinas-copy\/","url":"https:\/\/tourtravelandmore.com\/es\/tours\/espana-es\/santiago-de-compostela-es\/santiago-de-compostela-actividades-es\/tour-privado-por-a-coruna-y-la-peninsula-de-las-marinas-copy\/","name":"\u27a1\ufe0f Tour privado a Vigo y Baiona desde Santiago de Compostela","isPartOf":{"@id":"https:\/\/tourtravelandmore.com\/es\/#website"},"primaryImageOfPage":{"@id":"https:\/\/tourtravelandmore.com\/es\/tours\/espana-es\/santiago-de-compostela-es\/santiago-de-compostela-actividades-es\/tour-privado-por-a-coruna-y-la-peninsula-de-las-marinas-copy\/#primaryimage"},"image":{"@id":"https:\/\/tourtravelandmore.com\/es\/tours\/espana-es\/santiago-de-compostela-es\/santiago-de-compostela-actividades-es\/tour-privado-por-a-coruna-y-la-peninsula-de-las-marinas-copy\/#primaryimage"},"thumbnailUrl":"https:\/\/tourtravelandmore.com\/wp-content\/uploads\/2024\/12\/pexels-vjgalaxy-9042606-scaled.jpg","datePublished":"2024-12-03T20:53:27+00:00","dateModified":"2024-12-11T12:42:20+00:00","description":"Descubra el encanto de Lugo en un tour privado desde Santiago de Compostela. Visite los lugares m\u00e1s emblem\u00e1ticos de Lugo \u2705","breadcrumb":{"@id":"https:\/\/tourtravelandmore.com\/es\/tours\/espana-es\/santiago-de-compostela-es\/santiago-de-compostela-actividades-es\/tour-privado-por-a-coruna-y-la-peninsula-de-las-marinas-copy\/#breadcrumb"},"inLanguage":"es","potentialAction":[{"@type":"ReadAction","target":["https:\/\/tourtravelandmore.com\/es\/tours\/espana-es\/santiago-de-compostela-es\/santiago-de-compostela-actividades-es\/tour-privado-por-a-coruna-y-la-peninsula-de-las-marinas-copy\/"]}]},{"@type":"ImageObject","inLanguage":"es","@id":"https:\/\/tourtravelandmore.com\/es\/tours\/espana-es\/santiago-de-compostela-es\/santiago-de-compostela-actividades-es\/tour-privado-por-a-coruna-y-la-peninsula-de-las-marinas-copy\/#primaryimage","url":"https:\/\/tourtravelandmore.com\/wp-content\/uploads\/2024\/12\/pexels-vjgalaxy-9042606-scaled.jpg","contentUrl":"https:\/\/tourtravelandmore.com\/wp-content\/uploads\/2024\/12\/pexels-vjgalaxy-9042606-scaled.jpg","width":2560,"height":1706},{"@type":"BreadcrumbList","@id":"https:\/\/tourtravelandmore.com\/es\/tours\/espana-es\/santiago-de-compostela-es\/santiago-de-compostela-actividades-es\/tour-privado-por-a-coruna-y-la-peninsula-de-las-marinas-copy\/#breadcrumb","itemListElement":[{"@type":"ListItem","position":1,"name":"Home","item":"https:\/\/tourtravelandmore.com\/es\/"},{"@type":"ListItem","position":2,"name":"Tours","item":"https:\/\/tourtravelandmore.com\/es\/tours\/"},{"@type":"ListItem","position":3,"name":"Tour privado a Vigo y Baiona desde Santiago de Compostela"}]},{"@type":"WebSite","@id":"https:\/\/tourtravelandmore.com\/es\/#website","url":"https:\/\/tourtravelandmore.com\/es\/","name":"Tour Travel And More","description":"Private sightseeing tours and luxury transfers in Spain","publisher":{"@id":"https:\/\/tourtravelandmore.com\/es\/#organization"},"potentialAction":[{"@type":"SearchAction","target":{"@type":"EntryPoint","urlTemplate":"https:\/\/tourtravelandmore.com\/es\/?s={search_term_string}"},"query-input":{"@type":"PropertyValueSpecification","valueRequired":true,"valueName":"search_term_string"}}],"inLanguage":"es"},{"@type":"Organization","@id":"https:\/\/tourtravelandmore.com\/es\/#organization","name":"Tour Travel And More","url":"https:\/\/tourtravelandmore.com\/es\/","logo":{"@type":"ImageObject","inLanguage":"es","@id":"https:\/\/tourtravelandmore.com\/es\/#\/schema\/logo\/image\/","url":"https:\/\/tourtravelandmore.com\/wp-content\/uploads\/2022\/12\/cropped-logo-cabecera-new.png","contentUrl":"https:\/\/tourtravelandmore.com\/wp-content\/uploads\/2022\/12\/cropped-logo-cabecera-new.png","width":430,"height":61,"caption":"Tour Travel And More"},"image":{"@id":"https:\/\/tourtravelandmore.com\/es\/#\/schema\/logo\/image\/"},"sameAs":["https:\/\/www.facebook.com\/tourtravelandmore\/","https:\/\/x.com\/TourTravel_More"]}]}},"_links":{"self":[{"href":"https:\/\/tourtravelandmore.com\/es\/wp-json\/wp\/v2\/product\/179010","targetHints":{"allow":["GET"]}}],"collection":[{"href":"https:\/\/tourtravelandmore.com\/es\/wp-json\/wp\/v2\/product"}],"about":[{"href":"https:\/\/tourtravelandmore.com\/es\/wp-json\/wp\/v2\/types\/product"}],"replies":[{"embeddable":true,"href":"https:\/\/tourtravelandmore.com\/es\/wp-json\/wp\/v2\/comments?post=179010"}],"wp:featuredmedia":[{"embeddable":true,"href":"https:\/\/tourtravelandmore.com\/es\/wp-json\/wp\/v2\/media\/179026"}],"wp:attachment":[{"href":"https:\/\/tourtravelandmore.com\/es\/wp-json\/wp\/v2\/media?parent=179010"}],"wp:term":[{"taxonomy":"product_brand","embeddable":true,"href":"https:\/\/tourtravelandmore.com\/es\/wp-json\/wp\/v2\/product_brand?post=179010"},{"taxonomy":"product_cat","embeddable":true,"href":"https:\/\/tourtravelandmore.com\/es\/wp-json\/wp\/v2\/product_cat?post=179010"},{"taxonomy":"product_tag","embeddable":true,"href":"https:\/\/tourtravelandmore.com\/es\/wp-json\/wp\/v2\/product_tag?post=179010"}],"curies":[{"name":"wp","href":"https:\/\/api.w.org\/{rel}","templated":true}]}}