{"id":178954,"date":"2024-12-03T21:34:14","date_gmt":"2024-12-03T20:34:15","guid":{"rendered":"https:\/\/tourtravelandmore.com\/?post_type=product&#038;p=178954"},"modified":"2024-12-03T21:49:41","modified_gmt":"2024-12-03T20:49:41","slug":"tour-privado-a-las-rias-altas-y-la-sierra-de-capelada-desde-santiago-de-compostela-copy","status":"publish","type":"product","link":"https:\/\/tourtravelandmore.com\/es\/tours\/espana-es\/santiago-de-compostela-es\/santiago-de-compostela-actividades-es\/tour-privado-a-las-rias-altas-y-la-sierra-de-capelada-desde-santiago-de-compostela-copy\/","title":{"rendered":"Tour privado por A Coru\u00f1a y la Pen\u00ednsula de las Mari\u00f1as"},"content":{"rendered":"<h2><b><strong>Descripci\u00f3n | Tour privado por A Coru\u00f1a y la Pen\u00ednsula de las Mari\u00f1as<\/strong><\/b><\/h2>\n<p>Descubra el encanto de Galicia con este exclusivo tour privado que explora A Coru\u00f1a y la pintoresca Pen\u00ednsula de las Mari\u00f1as. Perfecto para quienes buscan una mezcla de belleza costera, rica historia y cultura local, este recorrido comienza en A Coru\u00f1a.<\/p>\n<p>Descubrir\u00e1 su patrimonio mar\u00edtimo y la vibrante vida de la ciudad. Pasee por el emblem\u00e1tico paseo mar\u00edtimo para admirar la Torre de H\u00e9rcules, declarada Patrimonio de la Humanidad por la UNESCO, y conozca sus fascinantes or\u00edgenes romanos. Pasee por la Ciudad Vieja, donde las calles adoquinadas le conducir\u00e1n a bulliciosas plazas y joyas ocultas.<\/p>\n<h2><b><strong>Recorrido privado por A Coru\u00f1a y los puntos de inter\u00e9s de la pen\u00ednsula de las Mari\u00f1as<\/strong><\/b><\/h2>\n<p>Desde all\u00ed, nos adentraremos en la serena Pen\u00ednsula de Mari\u00f1as, una regi\u00f3n c\u00e9lebre por sus exuberantes paisajes y sus pintorescos pueblos pesqueros. Disfrute de las vistas panor\u00e1micas del oc\u00e9ano Atl\u00e1ntico mientras recorremos las carreteras costeras. Por el camino, visitaremos lugares emblem\u00e1ticos como la impresionante playa de Santa Cristina o pintorescos pueblos como Sada, famoso por su arquitectura tradicional gallega. Este viaje inmersivo ofrece un equilibrio perfecto entre exploraci\u00f3n urbana y tranquilidad natural, todo ello guiado por un experto que adaptar\u00e1 la experiencia a sus intereses.<\/p>\n<ul>\n<li><b><strong>El encanto hist\u00f3rico de A Coru\u00f1a<\/strong><\/b>: Visite la Torre de H\u00e9rcules, pasee por el pintoresco paseo mar\u00edtimo de la ciudad y explore la atmosf\u00e9rica Ciudad Vieja.<\/li>\n<li><b><strong>Pen\u00ednsula de Mari\u00f1as<\/strong><\/b>: Del\u00e9itese con la belleza natural de este para\u00edso costero, que incluye playas, acantilados y pueblos con encanto como Sada.<\/li>\n<li><b><strong>Experiencia a medida<\/strong><\/b>: Su experto gu\u00eda adaptar\u00e1 el recorrido para garantizarle una aventura inolvidable y personalizada.<\/li>\n<li><b><strong>Conveniencia y comodidad<\/strong><\/b>: Viaje con estilo en un veh\u00edculo privado y disfrute de una exploraci\u00f3n sin interrupciones con su gu\u00eda especializado.<\/li>\n<\/ul>\n<p>Este recorrido de 8 horas es ideal para los entusiastas de la historia, los amantes de la naturaleza y aquellos que buscan una perspectiva \u00fanica de Galicia. Perm\u00edtanos mostrarle lo mejor de A Coru\u00f1a y la pen\u00ednsula de las Mari\u00f1as en este viaje inolvidable.<\/p>\n<p>Nuestro experto equipo de especialistas en viajes est\u00e1 siempre a su disposici\u00f3n para ayudarle a dise\u00f1ar un recorrido que se adapte a sus preferencias e intereses. Con nuestros servicios de viajes privados, podr\u00e1 disfrutar de una experiencia de viaje c\u00f3moda y flexible con la atenci\u00f3n personalizada que se merece. No pierda la oportunidad de explorar la rica historia y cultura de Lugo con los mejores en el negocio. P\u00f3ngase en contacto con nosotros hoy mismo para empezar a planificar el viaje de sus sue\u00f1os.<\/p>\n","protected":false},"excerpt":{"rendered":"<p>Descubra el encanto de Galicia con este exclusivo tour privado que explora A Coru\u00f1a y la pintoresca Pen\u00ednsula de las Mari\u00f1as. Perfecto para quienes buscan una mezcla de belleza costera, rica historia y cultura local, este recorrido comienza en A Coru\u00f1a.<\/p>\n","protected":false},"featured_media":178970,"comment_status":"open","ping_status":"closed","template":"","meta":{"_acf_changed":false},"product_brand":[],"product_cat":[1868,1872,1873,1874],"product_tag":[],"class_list":{"0":"post-178954","1":"product","2":"type-product","3":"status-publish","4":"has-post-thumbnail","6":"product_cat-santiago-de-compostela-es","7":"product_cat-santiago-de-compostela-actividades-es","8":"product_cat-santiago-de-compostela-excursiones-es","9":"product_cat-santiago-de-compostela-rutas-turisticas-privadas-es","11":"first","12":"instock","13":"shipping-taxable","14":"purchasable","15":"product-type-simple"},"acf":[],"yoast_head":"<!-- This site is optimized with the Yoast SEO Premium plugin v25.3.1 (Yoast SEO v25.3.1) - https:\/\/yoast.com\/wordpress\/plugins\/seo\/ -->\n<title>\u27a1\ufe0f Tour privado por A Coru\u00f1a y la Pen\u00ednsula de las Mari\u00f1as<\/title>\n<meta name=\"description\" content=\"Descubra el encanto de Lugo en un tour privado desde Santiago de Compostela. Visite los lugares m\u00e1s emblem\u00e1ticos de Lugo \u2705\" \/>\n<meta name=\"robots\" content=\"index, follow, max-snippet:-1, max-image-preview:large, max-video-preview:-1\" \/>\n<link rel=\"canonical\" href=\"https:\/\/tourtravelandmore.com\/es\/tours\/espana-es\/santiago-de-compostela-es\/santiago-de-compostela-actividades-es\/tour-privado-a-las-rias-altas-y-la-sierra-de-capelada-desde-santiago-de-compostela-copy\/\" \/>\n<meta property=\"og:locale\" content=\"es_ES\" \/>\n<meta property=\"og:type\" content=\"article\" \/>\n<meta property=\"og:title\" content=\"Tour privado por A Coru\u00f1a y la Pen\u00ednsula de las Mari\u00f1as\" \/>\n<meta property=\"og:description\" content=\"Descubra el encanto de Lugo en un tour privado desde Santiago de Compostela. Visite los lugares m\u00e1s emblem\u00e1ticos de Lugo \u2705\" \/>\n<meta property=\"og:url\" content=\"https:\/\/tourtravelandmore.com\/es\/tours\/espana-es\/santiago-de-compostela-es\/santiago-de-compostela-actividades-es\/tour-privado-a-las-rias-altas-y-la-sierra-de-capelada-desde-santiago-de-compostela-copy\/\" \/>\n<meta property=\"og:site_name\" content=\"Tour Travel And More\" \/>\n<meta property=\"article:publisher\" content=\"https:\/\/www.facebook.com\/tourtravelandmore\/\" \/>\n<meta property=\"article:modified_time\" content=\"2024-12-03T20:49:41+00:00\" \/>\n<meta property=\"og:image\" content=\"https:\/\/tourtravelandmore.com\/wp-content\/uploads\/2024\/12\/coruna-253711_1280.jpg\" \/>\n\t<meta property=\"og:image:width\" content=\"1280\" \/>\n\t<meta property=\"og:image:height\" content=\"853\" \/>\n\t<meta property=\"og:image:type\" content=\"image\/jpeg\" \/>\n<meta name=\"twitter:card\" content=\"summary_large_image\" \/>\n<meta name=\"twitter:site\" content=\"@TourTravel_More\" \/>\n<meta name=\"twitter:label1\" content=\"Tiempo de lectura\" \/>\n\t<meta name=\"twitter:data1\" content=\"2 minutos\" \/>\n<script type=\"application\/ld+json\" class=\"yoast-schema-graph\">{\"@context\":\"https:\/\/schema.org\",\"@graph\":[{\"@type\":\"WebPage\",\"@id\":\"https:\/\/tourtravelandmore.com\/es\/tours\/espana-es\/santiago-de-compostela-es\/santiago-de-compostela-actividades-es\/tour-privado-a-las-rias-altas-y-la-sierra-de-capelada-desde-santiago-de-compostela-copy\/\",\"url\":\"https:\/\/tourtravelandmore.com\/es\/tours\/espana-es\/santiago-de-compostela-es\/santiago-de-compostela-actividades-es\/tour-privado-a-las-rias-altas-y-la-sierra-de-capelada-desde-santiago-de-compostela-copy\/\",\"name\":\"\u27a1\ufe0f Tour privado por A Coru\u00f1a y la Pen\u00ednsula de las Mari\u00f1as\",\"isPartOf\":{\"@id\":\"https:\/\/tourtravelandmore.com\/es\/#website\"},\"primaryImageOfPage\":{\"@id\":\"https:\/\/tourtravelandmore.com\/es\/tours\/espana-es\/santiago-de-compostela-es\/santiago-de-compostela-actividades-es\/tour-privado-a-las-rias-altas-y-la-sierra-de-capelada-desde-santiago-de-compostela-copy\/#primaryimage\"},\"image\":{\"@id\":\"https:\/\/tourtravelandmore.com\/es\/tours\/espana-es\/santiago-de-compostela-es\/santiago-de-compostela-actividades-es\/tour-privado-a-las-rias-altas-y-la-sierra-de-capelada-desde-santiago-de-compostela-copy\/#primaryimage\"},\"thumbnailUrl\":\"https:\/\/tourtravelandmore.com\/wp-content\/uploads\/2024\/12\/coruna-253711_1280.jpg\",\"datePublished\":\"2024-12-03T20:34:15+00:00\",\"dateModified\":\"2024-12-03T20:49:41+00:00\",\"description\":\"Descubra el encanto de Lugo en un tour privado desde Santiago de Compostela. Visite los lugares m\u00e1s emblem\u00e1ticos de Lugo \u2705\",\"breadcrumb\":{\"@id\":\"https:\/\/tourtravelandmore.com\/es\/tours\/espana-es\/santiago-de-compostela-es\/santiago-de-compostela-actividades-es\/tour-privado-a-las-rias-altas-y-la-sierra-de-capelada-desde-santiago-de-compostela-copy\/#breadcrumb\"},\"inLanguage\":\"es\",\"potentialAction\":[{\"@type\":\"ReadAction\",\"target\":[\"https:\/\/tourtravelandmore.com\/es\/tours\/espana-es\/santiago-de-compostela-es\/santiago-de-compostela-actividades-es\/tour-privado-a-las-rias-altas-y-la-sierra-de-capelada-desde-santiago-de-compostela-copy\/\"]}]},{\"@type\":\"ImageObject\",\"inLanguage\":\"es\",\"@id\":\"https:\/\/tourtravelandmore.com\/es\/tours\/espana-es\/santiago-de-compostela-es\/santiago-de-compostela-actividades-es\/tour-privado-a-las-rias-altas-y-la-sierra-de-capelada-desde-santiago-de-compostela-copy\/#primaryimage\",\"url\":\"https:\/\/tourtravelandmore.com\/wp-content\/uploads\/2024\/12\/coruna-253711_1280.jpg\",\"contentUrl\":\"https:\/\/tourtravelandmore.com\/wp-content\/uploads\/2024\/12\/coruna-253711_1280.jpg\",\"width\":1280,\"height\":853},{\"@type\":\"BreadcrumbList\",\"@id\":\"https:\/\/tourtravelandmore.com\/es\/tours\/espana-es\/santiago-de-compostela-es\/santiago-de-compostela-actividades-es\/tour-privado-a-las-rias-altas-y-la-sierra-de-capelada-desde-santiago-de-compostela-copy\/#breadcrumb\",\"itemListElement\":[{\"@type\":\"ListItem\",\"position\":1,\"name\":\"Home\",\"item\":\"https:\/\/tourtravelandmore.com\/es\/\"},{\"@type\":\"ListItem\",\"position\":2,\"name\":\"Tours\",\"item\":\"https:\/\/tourtravelandmore.com\/es\/tours\/\"},{\"@type\":\"ListItem\",\"position\":3,\"name\":\"Tour privado por A Coru\u00f1a y la Pen\u00ednsula de las Mari\u00f1as\"}]},{\"@type\":\"WebSite\",\"@id\":\"https:\/\/tourtravelandmore.com\/es\/#website\",\"url\":\"https:\/\/tourtravelandmore.com\/es\/\",\"name\":\"Tour Travel And More\",\"description\":\"Private sightseeing tours and luxury transfers in Spain\",\"publisher\":{\"@id\":\"https:\/\/tourtravelandmore.com\/es\/#organization\"},\"potentialAction\":[{\"@type\":\"SearchAction\",\"target\":{\"@type\":\"EntryPoint\",\"urlTemplate\":\"https:\/\/tourtravelandmore.com\/es\/?s={search_term_string}\"},\"query-input\":{\"@type\":\"PropertyValueSpecification\",\"valueRequired\":true,\"valueName\":\"search_term_string\"}}],\"inLanguage\":\"es\"},{\"@type\":\"Organization\",\"@id\":\"https:\/\/tourtravelandmore.com\/es\/#organization\",\"name\":\"Tour Travel And More\",\"url\":\"https:\/\/tourtravelandmore.com\/es\/\",\"logo\":{\"@type\":\"ImageObject\",\"inLanguage\":\"es\",\"@id\":\"https:\/\/tourtravelandmore.com\/es\/#\/schema\/logo\/image\/\",\"url\":\"https:\/\/tourtravelandmore.com\/wp-content\/uploads\/2022\/12\/cropped-logo-cabecera-new.png\",\"contentUrl\":\"https:\/\/tourtravelandmore.com\/wp-content\/uploads\/2022\/12\/cropped-logo-cabecera-new.png\",\"width\":430,\"height\":61,\"caption\":\"Tour Travel And More\"},\"image\":{\"@id\":\"https:\/\/tourtravelandmore.com\/es\/#\/schema\/logo\/image\/\"},\"sameAs\":[\"https:\/\/www.facebook.com\/tourtravelandmore\/\",\"https:\/\/x.com\/TourTravel_More\"]}]}<\/script>\n<!-- \/ Yoast SEO Premium plugin. -->","yoast_head_json":{"title":"\u27a1\ufe0f Tour privado por A Coru\u00f1a y la Pen\u00ednsula de las Mari\u00f1as","description":"Descubra el encanto de Lugo en un tour privado desde Santiago de Compostela. Visite los lugares m\u00e1s emblem\u00e1ticos de Lugo \u2705","robots":{"index":"index","follow":"follow","max-snippet":"max-snippet:-1","max-image-preview":"max-image-preview:large","max-video-preview":"max-video-preview:-1"},"canonical":"https:\/\/tourtravelandmore.com\/es\/tours\/espana-es\/santiago-de-compostela-es\/santiago-de-compostela-actividades-es\/tour-privado-a-las-rias-altas-y-la-sierra-de-capelada-desde-santiago-de-compostela-copy\/","og_locale":"es_ES","og_type":"article","og_title":"Tour privado por A Coru\u00f1a y la Pen\u00ednsula de las Mari\u00f1as","og_description":"Descubra el encanto de Lugo en un tour privado desde Santiago de Compostela. Visite los lugares m\u00e1s emblem\u00e1ticos de Lugo \u2705","og_url":"https:\/\/tourtravelandmore.com\/es\/tours\/espana-es\/santiago-de-compostela-es\/santiago-de-compostela-actividades-es\/tour-privado-a-las-rias-altas-y-la-sierra-de-capelada-desde-santiago-de-compostela-copy\/","og_site_name":"Tour Travel And More","article_publisher":"https:\/\/www.facebook.com\/tourtravelandmore\/","article_modified_time":"2024-12-03T20:49:41+00:00","og_image":[{"width":1280,"height":853,"url":"https:\/\/tourtravelandmore.com\/wp-content\/uploads\/2024\/12\/coruna-253711_1280.jpg","type":"image\/jpeg"}],"twitter_card":"summary_large_image","twitter_site":"@TourTravel_More","twitter_misc":{"Tiempo de lectura":"2 minutos"},"schema":{"@context":"https:\/\/schema.org","@graph":[{"@type":"WebPage","@id":"https:\/\/tourtravelandmore.com\/es\/tours\/espana-es\/santiago-de-compostela-es\/santiago-de-compostela-actividades-es\/tour-privado-a-las-rias-altas-y-la-sierra-de-capelada-desde-santiago-de-compostela-copy\/","url":"https:\/\/tourtravelandmore.com\/es\/tours\/espana-es\/santiago-de-compostela-es\/santiago-de-compostela-actividades-es\/tour-privado-a-las-rias-altas-y-la-sierra-de-capelada-desde-santiago-de-compostela-copy\/","name":"\u27a1\ufe0f Tour privado por A Coru\u00f1a y la Pen\u00ednsula de las Mari\u00f1as","isPartOf":{"@id":"https:\/\/tourtravelandmore.com\/es\/#website"},"primaryImageOfPage":{"@id":"https:\/\/tourtravelandmore.com\/es\/tours\/espana-es\/santiago-de-compostela-es\/santiago-de-compostela-actividades-es\/tour-privado-a-las-rias-altas-y-la-sierra-de-capelada-desde-santiago-de-compostela-copy\/#primaryimage"},"image":{"@id":"https:\/\/tourtravelandmore.com\/es\/tours\/espana-es\/santiago-de-compostela-es\/santiago-de-compostela-actividades-es\/tour-privado-a-las-rias-altas-y-la-sierra-de-capelada-desde-santiago-de-compostela-copy\/#primaryimage"},"thumbnailUrl":"https:\/\/tourtravelandmore.com\/wp-content\/uploads\/2024\/12\/coruna-253711_1280.jpg","datePublished":"2024-12-03T20:34:15+00:00","dateModified":"2024-12-03T20:49:41+00:00","description":"Descubra el encanto de Lugo en un tour privado desde Santiago de Compostela. Visite los lugares m\u00e1s emblem\u00e1ticos de Lugo \u2705","breadcrumb":{"@id":"https:\/\/tourtravelandmore.com\/es\/tours\/espana-es\/santiago-de-compostela-es\/santiago-de-compostela-actividades-es\/tour-privado-a-las-rias-altas-y-la-sierra-de-capelada-desde-santiago-de-compostela-copy\/#breadcrumb"},"inLanguage":"es","potentialAction":[{"@type":"ReadAction","target":["https:\/\/tourtravelandmore.com\/es\/tours\/espana-es\/santiago-de-compostela-es\/santiago-de-compostela-actividades-es\/tour-privado-a-las-rias-altas-y-la-sierra-de-capelada-desde-santiago-de-compostela-copy\/"]}]},{"@type":"ImageObject","inLanguage":"es","@id":"https:\/\/tourtravelandmore.com\/es\/tours\/espana-es\/santiago-de-compostela-es\/santiago-de-compostela-actividades-es\/tour-privado-a-las-rias-altas-y-la-sierra-de-capelada-desde-santiago-de-compostela-copy\/#primaryimage","url":"https:\/\/tourtravelandmore.com\/wp-content\/uploads\/2024\/12\/coruna-253711_1280.jpg","contentUrl":"https:\/\/tourtravelandmore.com\/wp-content\/uploads\/2024\/12\/coruna-253711_1280.jpg","width":1280,"height":853},{"@type":"BreadcrumbList","@id":"https:\/\/tourtravelandmore.com\/es\/tours\/espana-es\/santiago-de-compostela-es\/santiago-de-compostela-actividades-es\/tour-privado-a-las-rias-altas-y-la-sierra-de-capelada-desde-santiago-de-compostela-copy\/#breadcrumb","itemListElement":[{"@type":"ListItem","position":1,"name":"Home","item":"https:\/\/tourtravelandmore.com\/es\/"},{"@type":"ListItem","position":2,"name":"Tours","item":"https:\/\/tourtravelandmore.com\/es\/tours\/"},{"@type":"ListItem","position":3,"name":"Tour privado por A Coru\u00f1a y la Pen\u00ednsula de las Mari\u00f1as"}]},{"@type":"WebSite","@id":"https:\/\/tourtravelandmore.com\/es\/#website","url":"https:\/\/tourtravelandmore.com\/es\/","name":"Tour Travel And More","description":"Private sightseeing tours and luxury transfers in Spain","publisher":{"@id":"https:\/\/tourtravelandmore.com\/es\/#organization"},"potentialAction":[{"@type":"SearchAction","target":{"@type":"EntryPoint","urlTemplate":"https:\/\/tourtravelandmore.com\/es\/?s={search_term_string}"},"query-input":{"@type":"PropertyValueSpecification","valueRequired":true,"valueName":"search_term_string"}}],"inLanguage":"es"},{"@type":"Organization","@id":"https:\/\/tourtravelandmore.com\/es\/#organization","name":"Tour Travel And More","url":"https:\/\/tourtravelandmore.com\/es\/","logo":{"@type":"ImageObject","inLanguage":"es","@id":"https:\/\/tourtravelandmore.com\/es\/#\/schema\/logo\/image\/","url":"https:\/\/tourtravelandmore.com\/wp-content\/uploads\/2022\/12\/cropped-logo-cabecera-new.png","contentUrl":"https:\/\/tourtravelandmore.com\/wp-content\/uploads\/2022\/12\/cropped-logo-cabecera-new.png","width":430,"height":61,"caption":"Tour Travel And More"},"image":{"@id":"https:\/\/tourtravelandmore.com\/es\/#\/schema\/logo\/image\/"},"sameAs":["https:\/\/www.facebook.com\/tourtravelandmore\/","https:\/\/x.com\/TourTravel_More"]}]}},"_links":{"self":[{"href":"https:\/\/tourtravelandmore.com\/es\/wp-json\/wp\/v2\/product\/178954","targetHints":{"allow":["GET"]}}],"collection":[{"href":"https:\/\/tourtravelandmore.com\/es\/wp-json\/wp\/v2\/product"}],"about":[{"href":"https:\/\/tourtravelandmore.com\/es\/wp-json\/wp\/v2\/types\/product"}],"replies":[{"embeddable":true,"href":"https:\/\/tourtravelandmore.com\/es\/wp-json\/wp\/v2\/comments?post=178954"}],"wp:featuredmedia":[{"embeddable":true,"href":"https:\/\/tourtravelandmore.com\/es\/wp-json\/wp\/v2\/media\/178970"}],"wp:attachment":[{"href":"https:\/\/tourtravelandmore.com\/es\/wp-json\/wp\/v2\/media?parent=178954"}],"wp:term":[{"taxonomy":"product_brand","embeddable":true,"href":"https:\/\/tourtravelandmore.com\/es\/wp-json\/wp\/v2\/product_brand?post=178954"},{"taxonomy":"product_cat","embeddable":true,"href":"https:\/\/tourtravelandmore.com\/es\/wp-json\/wp\/v2\/product_cat?post=178954"},{"taxonomy":"product_tag","embeddable":true,"href":"https:\/\/tourtravelandmore.com\/es\/wp-json\/wp\/v2\/product_tag?post=178954"}],"curies":[{"name":"wp","href":"https:\/\/api.w.org\/{rel}","templated":true}]}}