{"id":178928,"date":"2024-12-03T20:15:13","date_gmt":"2024-12-03T19:15:13","guid":{"rendered":"https:\/\/tourtravelandmore.com\/?post_type=product&#038;p=178928"},"modified":"2024-12-03T21:22:59","modified_gmt":"2024-12-03T20:22:59","slug":"tour-privado-de-lugo-desde-santiago-de-compostela-copy","status":"publish","type":"product","link":"https:\/\/tourtravelandmore.com\/es\/tours\/espana-es\/santiago-de-compostela-es\/santiago-de-compostela-actividades-es\/tour-privado-de-lugo-desde-santiago-de-compostela-copy\/","title":{"rendered":"Tour privado a las R\u00edas Altas y la Sierra de Capelada desde Santiago de Compostela"},"content":{"rendered":"<h2><b><strong>Descripci\u00f3n | Tour privado a las R\u00edas Altas y la Sierra de Capelada desde Santiago de Compostela<\/strong><\/b><\/h2>\n<p>Descubra la belleza ind\u00f3mita de Galicia en esta exclusiva excursi\u00f3n privada de 8 horas a las R\u00edas Altas y la majestuosa Sierra de Capelada. Partiendo de Santiago de Compostela, esta experiencia le llevar\u00e1 por algunos de los paisajes m\u00e1s impresionantes y tesoros ocultos del norte de Espa\u00f1a. Con un veh\u00edculo privado y un gu\u00eda a su disposici\u00f3n durante todo el recorrido, explorar\u00e1 pueblos costeros, escarpados acantilados y serenas vistas naturales.<\/p>\n<p>Emb\u00e1rquese en esta aventura inolvidable y descubra las joyas ocultas de Galicia con su gu\u00eda y conductor privados que le garantizar\u00e1n una experiencia c\u00f3moda y sin complicaciones.<\/p>\n<h2><b><strong>Tour privado a las R\u00edas Altas y la Sierra de Capelada desde Santiago de Compostela Puntos de inter\u00e9s<\/strong><\/b><\/h2>\n<p>Su viaje incluye una visita a los emblem\u00e1ticos Acantilados de Herbeira, los m\u00e1s altos de la Europa continental, donde el Oc\u00e9ano Atl\u00e1ntico se encuentra con paisajes dram\u00e1ticos. Contin\u00fae hasta el encantador pueblo pesquero de Cedeira, conocido por su pintoresco puerto y su aut\u00e9ntico encanto gallego.<\/p>\n<p>Avent\u00farese en la Sierra de Capelada, famosa por sus caballos salvajes y sus vistas panor\u00e1micas, y visite el Santuario de San Andr\u00e9s de Teixido, impregnado de leyendas locales y que ofrece un sereno retiro espiritual.<\/p>\n<p>Este recorrido combina naturaleza, cultura e historia, garantizando una visi\u00f3n completa del singular estilo de vida gallego. Perfecto para quienes buscan una experiencia de viaje personalizada y enriquecedora.<\/p>\n<ul>\n<li><b><strong>Veh\u00edculo y gu\u00eda privados<\/strong><\/b> durante 8 horas para explorar la regi\u00f3n a su propio ritmo.<\/li>\n<li>Visite <b><strong>los acantilados de Herbeira<\/strong><\/b>, los m\u00e1s altos de la Europa continental, con espectaculares vistas del oc\u00e9ano Atl\u00e1ntico.<\/li>\n<li>Explore <b><strong>Cedeira<\/strong><\/b>, un pintoresco pueblo pesquero que muestra la vida costera gallega.<\/li>\n<li>Viaje a trav\u00e9s de la <b><strong>Sierra de Capelada<\/strong><\/b>, hogar de caballos salvajes y paisajes impresionantes.<\/li>\n<li>Descubra el legendario <b><strong>Santuario de San Andr\u00e9s de Teixido<\/strong><\/b>, de visita obligada por su significado cultural y espiritual.<\/li>\n<li>Disfrute de un <b><strong>itinerario personalizable<\/strong><\/b> adaptado a sus preferencias e intereses.<\/li>\n<\/ul>\n<p>Nuestro experto equipo de especialistas en viajes est\u00e1 siempre a su disposici\u00f3n para ayudarle a dise\u00f1ar un recorrido que se adapte a sus preferencias e intereses. Con nuestros servicios de viajes privados, podr\u00e1 disfrutar de una experiencia de viaje c\u00f3moda y flexible con la atenci\u00f3n personalizada que se merece. No pierda la oportunidad de explorar la rica historia y cultura de Lugo con los mejores en el negocio. P\u00f3ngase en contacto con nosotros hoy mismo para empezar a planificar el viaje de sus sue\u00f1os.<\/p>\n","protected":false},"excerpt":{"rendered":"<p>Descubra la belleza ind\u00f3mita de Galicia en esta exclusiva excursi\u00f3n privada de 8 horas a las R\u00edas Altas y la majestuosa Sierra de Capelada. Partiendo de Santiago de Compostela, esta experiencia le llevar\u00e1 por algunos de los paisajes m\u00e1s impresionantes y tesoros ocultos del norte de Espa\u00f1a. Con un veh\u00edculo privado y un gu\u00eda a su disposici\u00f3n durante todo el recorrido, explorar\u00e1 pueblos costeros, escarpados acantilados y serenas vistas naturales.<\/p>\n","protected":false},"featured_media":178944,"comment_status":"open","ping_status":"closed","template":"","meta":{"_acf_changed":false},"product_brand":[],"product_cat":[1868,1872,1873,1874],"product_tag":[],"class_list":{"0":"post-178928","1":"product","2":"type-product","3":"status-publish","4":"has-post-thumbnail","6":"product_cat-santiago-de-compostela-es","7":"product_cat-santiago-de-compostela-actividades-es","8":"product_cat-santiago-de-compostela-excursiones-es","9":"product_cat-santiago-de-compostela-rutas-turisticas-privadas-es","11":"first","12":"instock","13":"shipping-taxable","14":"purchasable","15":"product-type-simple"},"acf":[],"yoast_head":"<!-- This site is optimized with the Yoast SEO Premium plugin v25.3.1 (Yoast SEO v25.3.1) - https:\/\/yoast.com\/wordpress\/plugins\/seo\/ -->\n<title>\u27a1\ufe0f Tour privado a las R\u00edas Altas y la Sierra de Capelada desde Santiago de Compostela<\/title>\n<meta name=\"description\" content=\"Descubra el encanto de Lugo en un tour privado desde Santiago de Compostela. Visite los lugares m\u00e1s emblem\u00e1ticos de Lugo \u2705\" \/>\n<meta name=\"robots\" content=\"index, follow, max-snippet:-1, max-image-preview:large, max-video-preview:-1\" \/>\n<link rel=\"canonical\" href=\"https:\/\/tourtravelandmore.com\/es\/tours\/espana-es\/santiago-de-compostela-es\/santiago-de-compostela-actividades-es\/tour-privado-de-lugo-desde-santiago-de-compostela-copy\/\" \/>\n<meta property=\"og:locale\" content=\"es_ES\" \/>\n<meta property=\"og:type\" content=\"article\" \/>\n<meta property=\"og:title\" content=\"Tour privado a las R\u00edas Altas y la Sierra de Capelada desde Santiago de Compostela\" \/>\n<meta property=\"og:description\" content=\"Descubra el encanto de Lugo en un tour privado desde Santiago de Compostela. Visite los lugares m\u00e1s emblem\u00e1ticos de Lugo \u2705\" \/>\n<meta property=\"og:url\" content=\"https:\/\/tourtravelandmore.com\/es\/tours\/espana-es\/santiago-de-compostela-es\/santiago-de-compostela-actividades-es\/tour-privado-de-lugo-desde-santiago-de-compostela-copy\/\" \/>\n<meta property=\"og:site_name\" content=\"Tour Travel And More\" \/>\n<meta property=\"article:publisher\" content=\"https:\/\/www.facebook.com\/tourtravelandmore\/\" \/>\n<meta property=\"article:modified_time\" content=\"2024-12-03T20:22:59+00:00\" \/>\n<meta property=\"og:image\" content=\"https:\/\/tourtravelandmore.com\/wp-content\/uploads\/2024\/12\/8566046_orig.jpg\" \/>\n\t<meta property=\"og:image:width\" content=\"1024\" \/>\n\t<meta property=\"og:image:height\" content=\"685\" \/>\n\t<meta property=\"og:image:type\" content=\"image\/jpeg\" \/>\n<meta name=\"twitter:card\" content=\"summary_large_image\" \/>\n<meta name=\"twitter:site\" content=\"@TourTravel_More\" \/>\n<meta name=\"twitter:label1\" content=\"Tiempo de lectura\" \/>\n\t<meta name=\"twitter:data1\" content=\"2 minutos\" \/>\n<script type=\"application\/ld+json\" class=\"yoast-schema-graph\">{\"@context\":\"https:\/\/schema.org\",\"@graph\":[{\"@type\":\"WebPage\",\"@id\":\"https:\/\/tourtravelandmore.com\/es\/tours\/espana-es\/santiago-de-compostela-es\/santiago-de-compostela-actividades-es\/tour-privado-de-lugo-desde-santiago-de-compostela-copy\/\",\"url\":\"https:\/\/tourtravelandmore.com\/es\/tours\/espana-es\/santiago-de-compostela-es\/santiago-de-compostela-actividades-es\/tour-privado-de-lugo-desde-santiago-de-compostela-copy\/\",\"name\":\"\u27a1\ufe0f Tour privado a las R\u00edas Altas y la Sierra de Capelada desde Santiago de Compostela\",\"isPartOf\":{\"@id\":\"https:\/\/tourtravelandmore.com\/es\/#website\"},\"primaryImageOfPage\":{\"@id\":\"https:\/\/tourtravelandmore.com\/es\/tours\/espana-es\/santiago-de-compostela-es\/santiago-de-compostela-actividades-es\/tour-privado-de-lugo-desde-santiago-de-compostela-copy\/#primaryimage\"},\"image\":{\"@id\":\"https:\/\/tourtravelandmore.com\/es\/tours\/espana-es\/santiago-de-compostela-es\/santiago-de-compostela-actividades-es\/tour-privado-de-lugo-desde-santiago-de-compostela-copy\/#primaryimage\"},\"thumbnailUrl\":\"https:\/\/tourtravelandmore.com\/wp-content\/uploads\/2024\/12\/8566046_orig.jpg\",\"datePublished\":\"2024-12-03T19:15:13+00:00\",\"dateModified\":\"2024-12-03T20:22:59+00:00\",\"description\":\"Descubra el encanto de Lugo en un tour privado desde Santiago de Compostela. Visite los lugares m\u00e1s emblem\u00e1ticos de Lugo \u2705\",\"breadcrumb\":{\"@id\":\"https:\/\/tourtravelandmore.com\/es\/tours\/espana-es\/santiago-de-compostela-es\/santiago-de-compostela-actividades-es\/tour-privado-de-lugo-desde-santiago-de-compostela-copy\/#breadcrumb\"},\"inLanguage\":\"es\",\"potentialAction\":[{\"@type\":\"ReadAction\",\"target\":[\"https:\/\/tourtravelandmore.com\/es\/tours\/espana-es\/santiago-de-compostela-es\/santiago-de-compostela-actividades-es\/tour-privado-de-lugo-desde-santiago-de-compostela-copy\/\"]}]},{\"@type\":\"ImageObject\",\"inLanguage\":\"es\",\"@id\":\"https:\/\/tourtravelandmore.com\/es\/tours\/espana-es\/santiago-de-compostela-es\/santiago-de-compostela-actividades-es\/tour-privado-de-lugo-desde-santiago-de-compostela-copy\/#primaryimage\",\"url\":\"https:\/\/tourtravelandmore.com\/wp-content\/uploads\/2024\/12\/8566046_orig.jpg\",\"contentUrl\":\"https:\/\/tourtravelandmore.com\/wp-content\/uploads\/2024\/12\/8566046_orig.jpg\",\"width\":1024,\"height\":685},{\"@type\":\"BreadcrumbList\",\"@id\":\"https:\/\/tourtravelandmore.com\/es\/tours\/espana-es\/santiago-de-compostela-es\/santiago-de-compostela-actividades-es\/tour-privado-de-lugo-desde-santiago-de-compostela-copy\/#breadcrumb\",\"itemListElement\":[{\"@type\":\"ListItem\",\"position\":1,\"name\":\"Home\",\"item\":\"https:\/\/tourtravelandmore.com\/es\/\"},{\"@type\":\"ListItem\",\"position\":2,\"name\":\"Tours\",\"item\":\"https:\/\/tourtravelandmore.com\/es\/tours\/\"},{\"@type\":\"ListItem\",\"position\":3,\"name\":\"Tour privado a las R\u00edas Altas y la Sierra de Capelada desde Santiago de Compostela\"}]},{\"@type\":\"WebSite\",\"@id\":\"https:\/\/tourtravelandmore.com\/es\/#website\",\"url\":\"https:\/\/tourtravelandmore.com\/es\/\",\"name\":\"Tour Travel And More\",\"description\":\"Private sightseeing tours and luxury transfers in Spain\",\"publisher\":{\"@id\":\"https:\/\/tourtravelandmore.com\/es\/#organization\"},\"potentialAction\":[{\"@type\":\"SearchAction\",\"target\":{\"@type\":\"EntryPoint\",\"urlTemplate\":\"https:\/\/tourtravelandmore.com\/es\/?s={search_term_string}\"},\"query-input\":{\"@type\":\"PropertyValueSpecification\",\"valueRequired\":true,\"valueName\":\"search_term_string\"}}],\"inLanguage\":\"es\"},{\"@type\":\"Organization\",\"@id\":\"https:\/\/tourtravelandmore.com\/es\/#organization\",\"name\":\"Tour Travel And More\",\"url\":\"https:\/\/tourtravelandmore.com\/es\/\",\"logo\":{\"@type\":\"ImageObject\",\"inLanguage\":\"es\",\"@id\":\"https:\/\/tourtravelandmore.com\/es\/#\/schema\/logo\/image\/\",\"url\":\"https:\/\/tourtravelandmore.com\/wp-content\/uploads\/2022\/12\/cropped-logo-cabecera-new.png\",\"contentUrl\":\"https:\/\/tourtravelandmore.com\/wp-content\/uploads\/2022\/12\/cropped-logo-cabecera-new.png\",\"width\":430,\"height\":61,\"caption\":\"Tour Travel And More\"},\"image\":{\"@id\":\"https:\/\/tourtravelandmore.com\/es\/#\/schema\/logo\/image\/\"},\"sameAs\":[\"https:\/\/www.facebook.com\/tourtravelandmore\/\",\"https:\/\/x.com\/TourTravel_More\"]}]}<\/script>\n<!-- \/ Yoast SEO Premium plugin. -->","yoast_head_json":{"title":"\u27a1\ufe0f Tour privado a las R\u00edas Altas y la Sierra de Capelada desde Santiago de Compostela","description":"Descubra el encanto de Lugo en un tour privado desde Santiago de Compostela. Visite los lugares m\u00e1s emblem\u00e1ticos de Lugo \u2705","robots":{"index":"index","follow":"follow","max-snippet":"max-snippet:-1","max-image-preview":"max-image-preview:large","max-video-preview":"max-video-preview:-1"},"canonical":"https:\/\/tourtravelandmore.com\/es\/tours\/espana-es\/santiago-de-compostela-es\/santiago-de-compostela-actividades-es\/tour-privado-de-lugo-desde-santiago-de-compostela-copy\/","og_locale":"es_ES","og_type":"article","og_title":"Tour privado a las R\u00edas Altas y la Sierra de Capelada desde Santiago de Compostela","og_description":"Descubra el encanto de Lugo en un tour privado desde Santiago de Compostela. Visite los lugares m\u00e1s emblem\u00e1ticos de Lugo \u2705","og_url":"https:\/\/tourtravelandmore.com\/es\/tours\/espana-es\/santiago-de-compostela-es\/santiago-de-compostela-actividades-es\/tour-privado-de-lugo-desde-santiago-de-compostela-copy\/","og_site_name":"Tour Travel And More","article_publisher":"https:\/\/www.facebook.com\/tourtravelandmore\/","article_modified_time":"2024-12-03T20:22:59+00:00","og_image":[{"width":1024,"height":685,"url":"https:\/\/tourtravelandmore.com\/wp-content\/uploads\/2024\/12\/8566046_orig.jpg","type":"image\/jpeg"}],"twitter_card":"summary_large_image","twitter_site":"@TourTravel_More","twitter_misc":{"Tiempo de lectura":"2 minutos"},"schema":{"@context":"https:\/\/schema.org","@graph":[{"@type":"WebPage","@id":"https:\/\/tourtravelandmore.com\/es\/tours\/espana-es\/santiago-de-compostela-es\/santiago-de-compostela-actividades-es\/tour-privado-de-lugo-desde-santiago-de-compostela-copy\/","url":"https:\/\/tourtravelandmore.com\/es\/tours\/espana-es\/santiago-de-compostela-es\/santiago-de-compostela-actividades-es\/tour-privado-de-lugo-desde-santiago-de-compostela-copy\/","name":"\u27a1\ufe0f Tour privado a las R\u00edas Altas y la Sierra de Capelada desde Santiago de Compostela","isPartOf":{"@id":"https:\/\/tourtravelandmore.com\/es\/#website"},"primaryImageOfPage":{"@id":"https:\/\/tourtravelandmore.com\/es\/tours\/espana-es\/santiago-de-compostela-es\/santiago-de-compostela-actividades-es\/tour-privado-de-lugo-desde-santiago-de-compostela-copy\/#primaryimage"},"image":{"@id":"https:\/\/tourtravelandmore.com\/es\/tours\/espana-es\/santiago-de-compostela-es\/santiago-de-compostela-actividades-es\/tour-privado-de-lugo-desde-santiago-de-compostela-copy\/#primaryimage"},"thumbnailUrl":"https:\/\/tourtravelandmore.com\/wp-content\/uploads\/2024\/12\/8566046_orig.jpg","datePublished":"2024-12-03T19:15:13+00:00","dateModified":"2024-12-03T20:22:59+00:00","description":"Descubra el encanto de Lugo en un tour privado desde Santiago de Compostela. Visite los lugares m\u00e1s emblem\u00e1ticos de Lugo \u2705","breadcrumb":{"@id":"https:\/\/tourtravelandmore.com\/es\/tours\/espana-es\/santiago-de-compostela-es\/santiago-de-compostela-actividades-es\/tour-privado-de-lugo-desde-santiago-de-compostela-copy\/#breadcrumb"},"inLanguage":"es","potentialAction":[{"@type":"ReadAction","target":["https:\/\/tourtravelandmore.com\/es\/tours\/espana-es\/santiago-de-compostela-es\/santiago-de-compostela-actividades-es\/tour-privado-de-lugo-desde-santiago-de-compostela-copy\/"]}]},{"@type":"ImageObject","inLanguage":"es","@id":"https:\/\/tourtravelandmore.com\/es\/tours\/espana-es\/santiago-de-compostela-es\/santiago-de-compostela-actividades-es\/tour-privado-de-lugo-desde-santiago-de-compostela-copy\/#primaryimage","url":"https:\/\/tourtravelandmore.com\/wp-content\/uploads\/2024\/12\/8566046_orig.jpg","contentUrl":"https:\/\/tourtravelandmore.com\/wp-content\/uploads\/2024\/12\/8566046_orig.jpg","width":1024,"height":685},{"@type":"BreadcrumbList","@id":"https:\/\/tourtravelandmore.com\/es\/tours\/espana-es\/santiago-de-compostela-es\/santiago-de-compostela-actividades-es\/tour-privado-de-lugo-desde-santiago-de-compostela-copy\/#breadcrumb","itemListElement":[{"@type":"ListItem","position":1,"name":"Home","item":"https:\/\/tourtravelandmore.com\/es\/"},{"@type":"ListItem","position":2,"name":"Tours","item":"https:\/\/tourtravelandmore.com\/es\/tours\/"},{"@type":"ListItem","position":3,"name":"Tour privado a las R\u00edas Altas y la Sierra de Capelada desde Santiago de Compostela"}]},{"@type":"WebSite","@id":"https:\/\/tourtravelandmore.com\/es\/#website","url":"https:\/\/tourtravelandmore.com\/es\/","name":"Tour Travel And More","description":"Private sightseeing tours and luxury transfers in Spain","publisher":{"@id":"https:\/\/tourtravelandmore.com\/es\/#organization"},"potentialAction":[{"@type":"SearchAction","target":{"@type":"EntryPoint","urlTemplate":"https:\/\/tourtravelandmore.com\/es\/?s={search_term_string}"},"query-input":{"@type":"PropertyValueSpecification","valueRequired":true,"valueName":"search_term_string"}}],"inLanguage":"es"},{"@type":"Organization","@id":"https:\/\/tourtravelandmore.com\/es\/#organization","name":"Tour Travel And More","url":"https:\/\/tourtravelandmore.com\/es\/","logo":{"@type":"ImageObject","inLanguage":"es","@id":"https:\/\/tourtravelandmore.com\/es\/#\/schema\/logo\/image\/","url":"https:\/\/tourtravelandmore.com\/wp-content\/uploads\/2022\/12\/cropped-logo-cabecera-new.png","contentUrl":"https:\/\/tourtravelandmore.com\/wp-content\/uploads\/2022\/12\/cropped-logo-cabecera-new.png","width":430,"height":61,"caption":"Tour Travel And More"},"image":{"@id":"https:\/\/tourtravelandmore.com\/es\/#\/schema\/logo\/image\/"},"sameAs":["https:\/\/www.facebook.com\/tourtravelandmore\/","https:\/\/x.com\/TourTravel_More"]}]}},"_links":{"self":[{"href":"https:\/\/tourtravelandmore.com\/es\/wp-json\/wp\/v2\/product\/178928","targetHints":{"allow":["GET"]}}],"collection":[{"href":"https:\/\/tourtravelandmore.com\/es\/wp-json\/wp\/v2\/product"}],"about":[{"href":"https:\/\/tourtravelandmore.com\/es\/wp-json\/wp\/v2\/types\/product"}],"replies":[{"embeddable":true,"href":"https:\/\/tourtravelandmore.com\/es\/wp-json\/wp\/v2\/comments?post=178928"}],"wp:featuredmedia":[{"embeddable":true,"href":"https:\/\/tourtravelandmore.com\/es\/wp-json\/wp\/v2\/media\/178944"}],"wp:attachment":[{"href":"https:\/\/tourtravelandmore.com\/es\/wp-json\/wp\/v2\/media?parent=178928"}],"wp:term":[{"taxonomy":"product_brand","embeddable":true,"href":"https:\/\/tourtravelandmore.com\/es\/wp-json\/wp\/v2\/product_brand?post=178928"},{"taxonomy":"product_cat","embeddable":true,"href":"https:\/\/tourtravelandmore.com\/es\/wp-json\/wp\/v2\/product_cat?post=178928"},{"taxonomy":"product_tag","embeddable":true,"href":"https:\/\/tourtravelandmore.com\/es\/wp-json\/wp\/v2\/product_tag?post=178928"}],"curies":[{"name":"wp","href":"https:\/\/api.w.org\/{rel}","templated":true}]}}