{"id":178901,"date":"2024-12-03T15:08:19","date_gmt":"2024-12-03T14:08:20","guid":{"rendered":"https:\/\/tourtravelandmore.com\/?post_type=product&#038;p=178901"},"modified":"2024-12-03T15:42:40","modified_gmt":"2024-12-03T14:42:40","slug":"tour-privado-a-pie-de-santiago-de-compostela-copy-2","status":"publish","type":"product","link":"https:\/\/tourtravelandmore.com\/es\/tours\/espana-es\/santiago-de-compostela-es\/santiago-de-compostela-tours-privados-pie-es\/tour-privado-a-pie-de-santiago-de-compostela-copy-2\/","title":{"rendered":"Tour privado a pie: Catedral y Museo de Santiago de Compostela"},"content":{"rendered":"<h2><b>Tour privado a pie: Catedral y Museo de Santiago de Compostela Descripci\u00f3n<\/b><\/h2>\n<p>Descubra el coraz\u00f3n hist\u00f3rico y espiritual de Santiago de Compostela con nuestro exclusivo recorrido privado a pie de dos horas. Su experto gu\u00eda local le sumergir\u00e1 en la fascinante historia, arte y leyendas que rodean la emblem\u00e1tica Catedral de Santiago y su museo anexo.<\/p>\n<p>Esta visita privada a pie le permitir\u00e1 sumergirse por completo en la belleza y el encanto de Santiago de Compostela, y le proporcionar\u00e1 una experiencia \u00fanica y personal de las vistas y sonidos de la ciudad. Podr\u00e1 ver los famosos monumentos de la ciudad y las joyas ocultas que a menudo se pierden los grupos tur\u00edsticos m\u00e1s grandes, lo que convierte este recorrido en la opci\u00f3n ideal para los viajeros que desean aprovechar al m\u00e1ximo su tiempo en la ciudad.<\/p>\n<p>Este recorrido incluye un gu\u00eda profesional y entradas tanto a la catedral como al museo. Reserve ahora un viaje inolvidable por la historia y el arte de Santiago de Compostela.<\/p>\n<h2><b>Puntos de inter\u00e9s<\/b><\/h2>\n<p>Comience su recorrido en la Plaza del Obradoiro, el magn\u00edfico patio delantero de la catedral, donde su gu\u00eda le ofrecer\u00e1 una introducci\u00f3n sobre la importancia de este lugar declarado Patrimonio de la Humanidad por la UNESCO. Entre en la catedral para maravillarse con su sobrecogedor interior, desde el intrincado P\u00f3rtico da Gloria hasta el Botafumeiro, uno de los mayores tur\u00edbulos del mundo.<\/p>\n<p>A continuaci\u00f3n, ad\u00e9ntrese en los tesoros del Museo de la Catedral. Aqu\u00ed explorar\u00e1 su rica colecci\u00f3n de artefactos, entre los que se incluyen manuscritos antiguos, reliquias religiosas e impresionantes obras de arte que reflejan siglos de devoci\u00f3n y peregrinaci\u00f3n.<\/p>\n<p>Perfecto para los entusiastas de la historia y los amantes de la cultura, este recorrido proporciona una comprensi\u00f3n m\u00e1s profunda de la perdurable importancia del Camino de Santiago y del papel sagrado de la catedral en su legado.<\/p>\n<ul>\n<li><b><strong>Gu\u00eda local experto:<\/strong><\/b> Disfrute de una experiencia personalizada y atractiva con un gu\u00eda experto.<\/li>\n<li><b><strong>Entrada a la Catedral de Santiago:<\/strong><\/b> Descubra la impresionante arquitectura, las reliquias sagradas y el significado hist\u00f3rico de este emblem\u00e1tico monumento.<\/li>\n<li><b><strong>Visita al Museo de la Catedral:<\/strong><\/b> Explore una amplia colecci\u00f3n de artefactos, tesoros religiosos y exposiciones hist\u00f3ricas.<\/li>\n<li><b><strong>A la medida de sus intereses:<\/strong><\/b> La visita privada garantiza una experiencia personalizada adaptada a sus preferencias.<\/li>\n<li><b><strong>Duraci\u00f3n:<\/strong><\/b> 2 horas de inmersi\u00f3n en el coraz\u00f3n del rico patrimonio cultural y espiritual de Santiago.<\/li>\n<\/ul>\n<p>Si est\u00e1 interesado en explorar Santiago de Compostela y aprender m\u00e1s sobre su rica historia y cultura, \u00a1consulte la lista de <a href=\"https:\/\/tourtravelandmore.com\/es\/ciudad\/espana-es\/santiago-de-compostela-es\/\">visitas privadas que ofrece Tour Travel and More!<\/a><\/p>\n","protected":false},"excerpt":{"rendered":"<p>Descubra el coraz\u00f3n hist\u00f3rico y espiritual de Santiago de Compostela con nuestro exclusivo recorrido privado a pie de dos horas. Su experto gu\u00eda local le sumergir\u00e1 en la fascinante historia, arte y leyendas que rodean la emblem\u00e1tica Catedral de Santiago y su museo anexo.<\/p>\n","protected":false},"featured_media":178918,"comment_status":"open","ping_status":"closed","template":"","meta":{"_acf_changed":false},"product_brand":[],"product_cat":[1868,1872,1874,1871],"product_tag":[],"class_list":{"0":"post-178901","1":"product","2":"type-product","3":"status-publish","4":"has-post-thumbnail","6":"product_cat-santiago-de-compostela-es","7":"product_cat-santiago-de-compostela-actividades-es","8":"product_cat-santiago-de-compostela-rutas-turisticas-privadas-es","9":"product_cat-santiago-de-compostela-tours-privados-pie-es","11":"first","12":"instock","13":"shipping-taxable","14":"purchasable","15":"product-type-simple"},"acf":[],"yoast_head":"<!-- This site is optimized with the Yoast SEO Premium plugin v25.3.1 (Yoast SEO v25.3.1) - https:\/\/yoast.com\/wordpress\/plugins\/seo\/ -->\n<title>\u27a1\ufe0f Tour privado a pie: Catedral y Museo de Santiago de Compostela | Tour Travel &amp; More<\/title>\n<meta name=\"description\" content=\"Disfrute de este tour privado Santiago de Compostela con su gu\u00eda oficial y entradas inclu\u00eddas a la Catedral. M\u00e1ximo exponente del rom\u00e1nico en Espa\u00f1a \u2705\" \/>\n<meta name=\"robots\" content=\"index, follow, max-snippet:-1, max-image-preview:large, max-video-preview:-1\" \/>\n<link rel=\"canonical\" href=\"https:\/\/tourtravelandmore.com\/es\/tours\/espana-es\/santiago-de-compostela-es\/santiago-de-compostela-tours-privados-pie-es\/tour-privado-a-pie-de-santiago-de-compostela-copy-2\/\" \/>\n<meta property=\"og:locale\" content=\"es_ES\" \/>\n<meta property=\"og:type\" content=\"article\" \/>\n<meta property=\"og:title\" content=\"Tour privado a pie: Catedral y Museo de Santiago de Compostela\" \/>\n<meta property=\"og:description\" content=\"Disfrute de este tour privado Santiago de Compostela con su gu\u00eda oficial y entradas inclu\u00eddas a la Catedral. M\u00e1ximo exponente del rom\u00e1nico en Espa\u00f1a \u2705\" \/>\n<meta property=\"og:url\" content=\"https:\/\/tourtravelandmore.com\/es\/tours\/espana-es\/santiago-de-compostela-es\/santiago-de-compostela-tours-privados-pie-es\/tour-privado-a-pie-de-santiago-de-compostela-copy-2\/\" \/>\n<meta property=\"og:site_name\" content=\"Tour Travel And More\" \/>\n<meta property=\"article:publisher\" content=\"https:\/\/www.facebook.com\/tourtravelandmore\/\" \/>\n<meta property=\"article:modified_time\" content=\"2024-12-03T14:42:40+00:00\" \/>\n<meta property=\"og:image\" content=\"https:\/\/tourtravelandmore.com\/wp-content\/uploads\/2024\/12\/pexels-jokassis-11690260-2.jpg\" \/>\n\t<meta property=\"og:image:width\" content=\"1280\" \/>\n\t<meta property=\"og:image:height\" content=\"853\" \/>\n\t<meta property=\"og:image:type\" content=\"image\/jpeg\" \/>\n<meta name=\"twitter:card\" content=\"summary_large_image\" \/>\n<meta name=\"twitter:site\" content=\"@TourTravel_More\" \/>\n<meta name=\"twitter:label1\" content=\"Tiempo de lectura\" \/>\n\t<meta name=\"twitter:data1\" content=\"2 minutos\" \/>\n<script type=\"application\/ld+json\" class=\"yoast-schema-graph\">{\"@context\":\"https:\/\/schema.org\",\"@graph\":[{\"@type\":\"WebPage\",\"@id\":\"https:\/\/tourtravelandmore.com\/es\/tours\/espana-es\/santiago-de-compostela-es\/santiago-de-compostela-tours-privados-pie-es\/tour-privado-a-pie-de-santiago-de-compostela-copy-2\/\",\"url\":\"https:\/\/tourtravelandmore.com\/es\/tours\/espana-es\/santiago-de-compostela-es\/santiago-de-compostela-tours-privados-pie-es\/tour-privado-a-pie-de-santiago-de-compostela-copy-2\/\",\"name\":\"\u27a1\ufe0f Tour privado a pie: Catedral y Museo de Santiago de Compostela | Tour Travel & More\",\"isPartOf\":{\"@id\":\"https:\/\/tourtravelandmore.com\/es\/#website\"},\"primaryImageOfPage\":{\"@id\":\"https:\/\/tourtravelandmore.com\/es\/tours\/espana-es\/santiago-de-compostela-es\/santiago-de-compostela-tours-privados-pie-es\/tour-privado-a-pie-de-santiago-de-compostela-copy-2\/#primaryimage\"},\"image\":{\"@id\":\"https:\/\/tourtravelandmore.com\/es\/tours\/espana-es\/santiago-de-compostela-es\/santiago-de-compostela-tours-privados-pie-es\/tour-privado-a-pie-de-santiago-de-compostela-copy-2\/#primaryimage\"},\"thumbnailUrl\":\"https:\/\/tourtravelandmore.com\/wp-content\/uploads\/2024\/12\/pexels-jokassis-11690260-2.jpg\",\"datePublished\":\"2024-12-03T14:08:20+00:00\",\"dateModified\":\"2024-12-03T14:42:40+00:00\",\"description\":\"Disfrute de este tour privado Santiago de Compostela con su gu\u00eda oficial y entradas inclu\u00eddas a la Catedral. M\u00e1ximo exponente del rom\u00e1nico en Espa\u00f1a \u2705\",\"breadcrumb\":{\"@id\":\"https:\/\/tourtravelandmore.com\/es\/tours\/espana-es\/santiago-de-compostela-es\/santiago-de-compostela-tours-privados-pie-es\/tour-privado-a-pie-de-santiago-de-compostela-copy-2\/#breadcrumb\"},\"inLanguage\":\"es\",\"potentialAction\":[{\"@type\":\"ReadAction\",\"target\":[\"https:\/\/tourtravelandmore.com\/es\/tours\/espana-es\/santiago-de-compostela-es\/santiago-de-compostela-tours-privados-pie-es\/tour-privado-a-pie-de-santiago-de-compostela-copy-2\/\"]}]},{\"@type\":\"ImageObject\",\"inLanguage\":\"es\",\"@id\":\"https:\/\/tourtravelandmore.com\/es\/tours\/espana-es\/santiago-de-compostela-es\/santiago-de-compostela-tours-privados-pie-es\/tour-privado-a-pie-de-santiago-de-compostela-copy-2\/#primaryimage\",\"url\":\"https:\/\/tourtravelandmore.com\/wp-content\/uploads\/2024\/12\/pexels-jokassis-11690260-2.jpg\",\"contentUrl\":\"https:\/\/tourtravelandmore.com\/wp-content\/uploads\/2024\/12\/pexels-jokassis-11690260-2.jpg\",\"width\":1280,\"height\":853},{\"@type\":\"BreadcrumbList\",\"@id\":\"https:\/\/tourtravelandmore.com\/es\/tours\/espana-es\/santiago-de-compostela-es\/santiago-de-compostela-tours-privados-pie-es\/tour-privado-a-pie-de-santiago-de-compostela-copy-2\/#breadcrumb\",\"itemListElement\":[{\"@type\":\"ListItem\",\"position\":1,\"name\":\"Home\",\"item\":\"https:\/\/tourtravelandmore.com\/es\/\"},{\"@type\":\"ListItem\",\"position\":2,\"name\":\"Tours\",\"item\":\"https:\/\/tourtravelandmore.com\/es\/tours\/\"},{\"@type\":\"ListItem\",\"position\":3,\"name\":\"Tour privado a pie: Catedral y Museo de Santiago de Compostela\"}]},{\"@type\":\"WebSite\",\"@id\":\"https:\/\/tourtravelandmore.com\/es\/#website\",\"url\":\"https:\/\/tourtravelandmore.com\/es\/\",\"name\":\"Tour Travel And More\",\"description\":\"Private sightseeing tours and luxury transfers in Spain\",\"publisher\":{\"@id\":\"https:\/\/tourtravelandmore.com\/es\/#organization\"},\"potentialAction\":[{\"@type\":\"SearchAction\",\"target\":{\"@type\":\"EntryPoint\",\"urlTemplate\":\"https:\/\/tourtravelandmore.com\/es\/?s={search_term_string}\"},\"query-input\":{\"@type\":\"PropertyValueSpecification\",\"valueRequired\":true,\"valueName\":\"search_term_string\"}}],\"inLanguage\":\"es\"},{\"@type\":\"Organization\",\"@id\":\"https:\/\/tourtravelandmore.com\/es\/#organization\",\"name\":\"Tour Travel And More\",\"url\":\"https:\/\/tourtravelandmore.com\/es\/\",\"logo\":{\"@type\":\"ImageObject\",\"inLanguage\":\"es\",\"@id\":\"https:\/\/tourtravelandmore.com\/es\/#\/schema\/logo\/image\/\",\"url\":\"https:\/\/tourtravelandmore.com\/wp-content\/uploads\/2022\/12\/cropped-logo-cabecera-new.png\",\"contentUrl\":\"https:\/\/tourtravelandmore.com\/wp-content\/uploads\/2022\/12\/cropped-logo-cabecera-new.png\",\"width\":430,\"height\":61,\"caption\":\"Tour Travel And More\"},\"image\":{\"@id\":\"https:\/\/tourtravelandmore.com\/es\/#\/schema\/logo\/image\/\"},\"sameAs\":[\"https:\/\/www.facebook.com\/tourtravelandmore\/\",\"https:\/\/x.com\/TourTravel_More\"]}]}<\/script>\n<!-- \/ Yoast SEO Premium plugin. -->","yoast_head_json":{"title":"\u27a1\ufe0f Tour privado a pie: Catedral y Museo de Santiago de Compostela | Tour Travel & More","description":"Disfrute de este tour privado Santiago de Compostela con su gu\u00eda oficial y entradas inclu\u00eddas a la Catedral. M\u00e1ximo exponente del rom\u00e1nico en Espa\u00f1a \u2705","robots":{"index":"index","follow":"follow","max-snippet":"max-snippet:-1","max-image-preview":"max-image-preview:large","max-video-preview":"max-video-preview:-1"},"canonical":"https:\/\/tourtravelandmore.com\/es\/tours\/espana-es\/santiago-de-compostela-es\/santiago-de-compostela-tours-privados-pie-es\/tour-privado-a-pie-de-santiago-de-compostela-copy-2\/","og_locale":"es_ES","og_type":"article","og_title":"Tour privado a pie: Catedral y Museo de Santiago de Compostela","og_description":"Disfrute de este tour privado Santiago de Compostela con su gu\u00eda oficial y entradas inclu\u00eddas a la Catedral. M\u00e1ximo exponente del rom\u00e1nico en Espa\u00f1a \u2705","og_url":"https:\/\/tourtravelandmore.com\/es\/tours\/espana-es\/santiago-de-compostela-es\/santiago-de-compostela-tours-privados-pie-es\/tour-privado-a-pie-de-santiago-de-compostela-copy-2\/","og_site_name":"Tour Travel And More","article_publisher":"https:\/\/www.facebook.com\/tourtravelandmore\/","article_modified_time":"2024-12-03T14:42:40+00:00","og_image":[{"width":1280,"height":853,"url":"https:\/\/tourtravelandmore.com\/wp-content\/uploads\/2024\/12\/pexels-jokassis-11690260-2.jpg","type":"image\/jpeg"}],"twitter_card":"summary_large_image","twitter_site":"@TourTravel_More","twitter_misc":{"Tiempo de lectura":"2 minutos"},"schema":{"@context":"https:\/\/schema.org","@graph":[{"@type":"WebPage","@id":"https:\/\/tourtravelandmore.com\/es\/tours\/espana-es\/santiago-de-compostela-es\/santiago-de-compostela-tours-privados-pie-es\/tour-privado-a-pie-de-santiago-de-compostela-copy-2\/","url":"https:\/\/tourtravelandmore.com\/es\/tours\/espana-es\/santiago-de-compostela-es\/santiago-de-compostela-tours-privados-pie-es\/tour-privado-a-pie-de-santiago-de-compostela-copy-2\/","name":"\u27a1\ufe0f Tour privado a pie: Catedral y Museo de Santiago de Compostela | Tour Travel & More","isPartOf":{"@id":"https:\/\/tourtravelandmore.com\/es\/#website"},"primaryImageOfPage":{"@id":"https:\/\/tourtravelandmore.com\/es\/tours\/espana-es\/santiago-de-compostela-es\/santiago-de-compostela-tours-privados-pie-es\/tour-privado-a-pie-de-santiago-de-compostela-copy-2\/#primaryimage"},"image":{"@id":"https:\/\/tourtravelandmore.com\/es\/tours\/espana-es\/santiago-de-compostela-es\/santiago-de-compostela-tours-privados-pie-es\/tour-privado-a-pie-de-santiago-de-compostela-copy-2\/#primaryimage"},"thumbnailUrl":"https:\/\/tourtravelandmore.com\/wp-content\/uploads\/2024\/12\/pexels-jokassis-11690260-2.jpg","datePublished":"2024-12-03T14:08:20+00:00","dateModified":"2024-12-03T14:42:40+00:00","description":"Disfrute de este tour privado Santiago de Compostela con su gu\u00eda oficial y entradas inclu\u00eddas a la Catedral. M\u00e1ximo exponente del rom\u00e1nico en Espa\u00f1a \u2705","breadcrumb":{"@id":"https:\/\/tourtravelandmore.com\/es\/tours\/espana-es\/santiago-de-compostela-es\/santiago-de-compostela-tours-privados-pie-es\/tour-privado-a-pie-de-santiago-de-compostela-copy-2\/#breadcrumb"},"inLanguage":"es","potentialAction":[{"@type":"ReadAction","target":["https:\/\/tourtravelandmore.com\/es\/tours\/espana-es\/santiago-de-compostela-es\/santiago-de-compostela-tours-privados-pie-es\/tour-privado-a-pie-de-santiago-de-compostela-copy-2\/"]}]},{"@type":"ImageObject","inLanguage":"es","@id":"https:\/\/tourtravelandmore.com\/es\/tours\/espana-es\/santiago-de-compostela-es\/santiago-de-compostela-tours-privados-pie-es\/tour-privado-a-pie-de-santiago-de-compostela-copy-2\/#primaryimage","url":"https:\/\/tourtravelandmore.com\/wp-content\/uploads\/2024\/12\/pexels-jokassis-11690260-2.jpg","contentUrl":"https:\/\/tourtravelandmore.com\/wp-content\/uploads\/2024\/12\/pexels-jokassis-11690260-2.jpg","width":1280,"height":853},{"@type":"BreadcrumbList","@id":"https:\/\/tourtravelandmore.com\/es\/tours\/espana-es\/santiago-de-compostela-es\/santiago-de-compostela-tours-privados-pie-es\/tour-privado-a-pie-de-santiago-de-compostela-copy-2\/#breadcrumb","itemListElement":[{"@type":"ListItem","position":1,"name":"Home","item":"https:\/\/tourtravelandmore.com\/es\/"},{"@type":"ListItem","position":2,"name":"Tours","item":"https:\/\/tourtravelandmore.com\/es\/tours\/"},{"@type":"ListItem","position":3,"name":"Tour privado a pie: Catedral y Museo de Santiago de Compostela"}]},{"@type":"WebSite","@id":"https:\/\/tourtravelandmore.com\/es\/#website","url":"https:\/\/tourtravelandmore.com\/es\/","name":"Tour Travel And More","description":"Private sightseeing tours and luxury transfers in Spain","publisher":{"@id":"https:\/\/tourtravelandmore.com\/es\/#organization"},"potentialAction":[{"@type":"SearchAction","target":{"@type":"EntryPoint","urlTemplate":"https:\/\/tourtravelandmore.com\/es\/?s={search_term_string}"},"query-input":{"@type":"PropertyValueSpecification","valueRequired":true,"valueName":"search_term_string"}}],"inLanguage":"es"},{"@type":"Organization","@id":"https:\/\/tourtravelandmore.com\/es\/#organization","name":"Tour Travel And More","url":"https:\/\/tourtravelandmore.com\/es\/","logo":{"@type":"ImageObject","inLanguage":"es","@id":"https:\/\/tourtravelandmore.com\/es\/#\/schema\/logo\/image\/","url":"https:\/\/tourtravelandmore.com\/wp-content\/uploads\/2022\/12\/cropped-logo-cabecera-new.png","contentUrl":"https:\/\/tourtravelandmore.com\/wp-content\/uploads\/2022\/12\/cropped-logo-cabecera-new.png","width":430,"height":61,"caption":"Tour Travel And More"},"image":{"@id":"https:\/\/tourtravelandmore.com\/es\/#\/schema\/logo\/image\/"},"sameAs":["https:\/\/www.facebook.com\/tourtravelandmore\/","https:\/\/x.com\/TourTravel_More"]}]}},"_links":{"self":[{"href":"https:\/\/tourtravelandmore.com\/es\/wp-json\/wp\/v2\/product\/178901","targetHints":{"allow":["GET"]}}],"collection":[{"href":"https:\/\/tourtravelandmore.com\/es\/wp-json\/wp\/v2\/product"}],"about":[{"href":"https:\/\/tourtravelandmore.com\/es\/wp-json\/wp\/v2\/types\/product"}],"replies":[{"embeddable":true,"href":"https:\/\/tourtravelandmore.com\/es\/wp-json\/wp\/v2\/comments?post=178901"}],"wp:featuredmedia":[{"embeddable":true,"href":"https:\/\/tourtravelandmore.com\/es\/wp-json\/wp\/v2\/media\/178918"}],"wp:attachment":[{"href":"https:\/\/tourtravelandmore.com\/es\/wp-json\/wp\/v2\/media?parent=178901"}],"wp:term":[{"taxonomy":"product_brand","embeddable":true,"href":"https:\/\/tourtravelandmore.com\/es\/wp-json\/wp\/v2\/product_brand?post=178901"},{"taxonomy":"product_cat","embeddable":true,"href":"https:\/\/tourtravelandmore.com\/es\/wp-json\/wp\/v2\/product_cat?post=178901"},{"taxonomy":"product_tag","embeddable":true,"href":"https:\/\/tourtravelandmore.com\/es\/wp-json\/wp\/v2\/product_tag?post=178901"}],"curies":[{"name":"wp","href":"https:\/\/api.w.org\/{rel}","templated":true}]}}