{"id":178827,"date":"2024-11-27T17:28:30","date_gmt":"2024-11-27T16:28:31","guid":{"rendered":"https:\/\/tourtravelandmore.com\/?post_type=product&#038;p=178827"},"modified":"2025-08-08T16:15:24","modified_gmt":"2025-08-08T14:15:24","slug":"tour-privado-a-las-rias-baixas-vigo-desde-santiago-de-compostela-copy","status":"publish","type":"product","link":"https:\/\/tourtravelandmore.com\/es\/tours\/espana-es\/santiago-de-compostela-es\/santiago-de-compostela-tours-privados-pie-es\/tour-privado-a-las-rias-baixas-vigo-desde-santiago-de-compostela-copy\/","title":{"rendered":"Tour privado a las R\u00edas Baixas: R\u00eda de Arousa y la pen\u00ednsula de Saln\u00e9s"},"content":{"rendered":"<h2><b>Tour privado a las R\u00edas Baixas: R\u00eda de Arousa y la pen\u00ednsula de Saln\u00e9s | Descripci\u00f3n<\/b><\/h2>\n<p>Este <b>tour privado a las R\u00edas Baixas: R\u00eda de Arousa y la pen\u00ednsula de Saln\u00e9s<\/b> le adentrar\u00e1 en la riqueza natural y cultural de Galicia. Con su gu\u00eda privado, explorar\u00e1 pueblos pesqueros, vi\u00f1edos y impresionantes estuarios en una de las zonas m\u00e1s pintorescas de la regi\u00f3n.<\/p>\n<p>Comience el d\u00eda con un recorrido panor\u00e1mico por la R\u00eda de Arousa, el estuario m\u00e1s grande de Galicia y un centro vital para la producci\u00f3n de mejillones y mariscos. En pueblos como <a href=\"https:\/\/www.turismo.gal\/que-visitar\/destacados\/vilanova-de-arousa?langId=en_US\">Vilanova de Arousa<\/a> o Vilagarc\u00eda de Arousa, ser\u00e1 testigo de las tradiciones mar\u00edtimas de la regi\u00f3n y de su ritmo de vida relajado. A continuaci\u00f3n, ad\u00e9ntrese en el interior de la pen\u00ednsula de Saln\u00e9s, conocida por sus colinas onduladas, sus vi\u00f1edos de <i>albari\u00f1o<\/i> y sus exuberantes paisajes verdes.<\/p>\n<p>Tambi\u00e9n tendr\u00e1 la oportunidad de visitar lugares como <a href=\"https:\/\/turismo.cambados.gal\/\">Cambados <\/a>o Meis, seg\u00fan sus intereses. La zona es perfecta para aquellos que desean combinar naturaleza, historia y gastronom\u00eda en una sola experiencia. Como siempre, el itinerario es totalmente personalizable.<\/p>\n<h2><b>Puntos de inter\u00e9s<\/b><\/h2>\n<p>Disfrute de una experiencia privada de d\u00eda completo a trav\u00e9s de la belleza de las r\u00edas y la regi\u00f3n vin\u00edcola de Galicia.<\/p>\n<p><b>R\u00eda de Arousa:<\/b> explore pueblos costeros con profundas ra\u00edces mar\u00edtimas.<\/p>\n<p><b>Pen\u00ednsula de Saln\u00e9s:<\/b> Descubra verdes colinas y vi\u00f1edos de albari\u00f1o.<\/p>\n<p><b>Paradas para degustar marisco y vino:<\/b> Degustaciones opcionales en bodegas tradicionales o marisquer\u00edas.<\/p>\n<p><b>Ruta flexible:<\/b> Su gu\u00eda adaptar\u00e1 el d\u00eda a su ritmo y preferencias.<\/p>\n<p>Este <b>tour privado a las R\u00edas Baixas: R\u00eda de Arousa y la Pen\u00ednsula de Saln\u00e9s<\/b> es ideal para viajeros que buscan autenticidad, comodidad y una conexi\u00f3n profunda con el encanto de la costa gallega.<\/p>\n<p>Si le interesa explorar Santiago de Compostela y conocer mejor su rica historia y cultura, eche un vistazo a la lista de <a href=\"https:\/\/tourtravelandmore.com\/es\/ciudad\/espana-es\/santiago-de-compostela-es\/\">tours privados que ofrece Tour Travel and More.<\/a><\/p>\n","protected":false},"excerpt":{"rendered":"<p>Descubra los impresionantes paisajes, la rica historia y las delicias gastron\u00f3micas de Galicia en esta excursi\u00f3n privada de 8 horas por la regi\u00f3n de las R\u00edas Baixas. Partiendo de Santiago de Compostela, viajar\u00e1 por la impresionante R\u00eda de Arousa y la pintoresca Pen\u00ednsula del Saln\u00e9s, explorando encantadoras localidades costeras y degustando el marisco de fama mundial de la regi\u00f3n.<\/p>\n","protected":false},"featured_media":178843,"comment_status":"open","ping_status":"closed","template":"","meta":{"_acf_changed":false},"product_brand":[],"product_cat":[1868,1872,1874,1871],"product_tag":[],"class_list":{"0":"post-178827","1":"product","2":"type-product","3":"status-publish","4":"has-post-thumbnail","6":"product_cat-santiago-de-compostela-es","7":"product_cat-santiago-de-compostela-actividades-es","8":"product_cat-santiago-de-compostela-rutas-turisticas-privadas-es","9":"product_cat-santiago-de-compostela-tours-privados-pie-es","11":"first","12":"instock","13":"shipping-taxable","14":"purchasable","15":"product-type-simple"},"acf":[],"yoast_head":"<!-- This site is optimized with the Yoast SEO Premium plugin v25.3.1 (Yoast SEO v25.3.1) - https:\/\/yoast.com\/wordpress\/plugins\/seo\/ -->\n<title>\u27a1\ufe0f Tour Privado a las R\u00edas Baixas: R\u00eda de Arousa y Pen\u00ednsula del Saln\u00e9s desde Santiago de Compostela<\/title>\n<meta name=\"description\" content=\"Tour Privado a las R\u00edas Baixas: R\u00eda de Arousa y Pen\u00ednsula del Saln\u00e9s desde Santiago de Compostela. M\u00e1ximo exponente del rom\u00e1nico en Espa\u00f1a \u2705\" \/>\n<meta name=\"robots\" content=\"index, follow, max-snippet:-1, max-image-preview:large, max-video-preview:-1\" \/>\n<link rel=\"canonical\" href=\"https:\/\/tourtravelandmore.com\/es\/tours\/espana-es\/santiago-de-compostela-es\/santiago-de-compostela-tours-privados-pie-es\/tour-privado-a-las-rias-baixas-vigo-desde-santiago-de-compostela-copy\/\" \/>\n<meta property=\"og:locale\" content=\"es_ES\" \/>\n<meta property=\"og:type\" content=\"article\" \/>\n<meta property=\"og:title\" content=\"Tour privado a las R\u00edas Baixas: R\u00eda de Arousa y la pen\u00ednsula de Saln\u00e9s\" \/>\n<meta property=\"og:description\" content=\"Tour Privado a las R\u00edas Baixas: R\u00eda de Arousa y Pen\u00ednsula del Saln\u00e9s desde Santiago de Compostela. M\u00e1ximo exponente del rom\u00e1nico en Espa\u00f1a \u2705\" \/>\n<meta property=\"og:url\" content=\"https:\/\/tourtravelandmore.com\/es\/tours\/espana-es\/santiago-de-compostela-es\/santiago-de-compostela-tours-privados-pie-es\/tour-privado-a-las-rias-baixas-vigo-desde-santiago-de-compostela-copy\/\" \/>\n<meta property=\"og:site_name\" content=\"Tour Travel And More\" \/>\n<meta property=\"article:publisher\" content=\"https:\/\/www.facebook.com\/tourtravelandmore\/\" \/>\n<meta property=\"article:modified_time\" content=\"2025-08-08T14:15:24+00:00\" \/>\n<meta property=\"og:image\" content=\"https:\/\/tourtravelandmore.com\/wp-content\/uploads\/2024\/11\/lighthouse-968938_1280.jpg\" \/>\n\t<meta property=\"og:image:width\" content=\"1280\" \/>\n\t<meta property=\"og:image:height\" content=\"853\" \/>\n\t<meta property=\"og:image:type\" content=\"image\/jpeg\" \/>\n<meta name=\"twitter:card\" content=\"summary_large_image\" \/>\n<meta name=\"twitter:site\" content=\"@TourTravel_More\" \/>\n<meta name=\"twitter:label1\" content=\"Tiempo de lectura\" \/>\n\t<meta name=\"twitter:data1\" content=\"2 minutos\" \/>\n<script type=\"application\/ld+json\" class=\"yoast-schema-graph\">{\"@context\":\"https:\/\/schema.org\",\"@graph\":[{\"@type\":\"WebPage\",\"@id\":\"https:\/\/tourtravelandmore.com\/es\/tours\/espana-es\/santiago-de-compostela-es\/santiago-de-compostela-tours-privados-pie-es\/tour-privado-a-las-rias-baixas-vigo-desde-santiago-de-compostela-copy\/\",\"url\":\"https:\/\/tourtravelandmore.com\/es\/tours\/espana-es\/santiago-de-compostela-es\/santiago-de-compostela-tours-privados-pie-es\/tour-privado-a-las-rias-baixas-vigo-desde-santiago-de-compostela-copy\/\",\"name\":\"\u27a1\ufe0f Tour Privado a las R\u00edas Baixas: R\u00eda de Arousa y Pen\u00ednsula del Saln\u00e9s desde Santiago de Compostela\",\"isPartOf\":{\"@id\":\"https:\/\/tourtravelandmore.com\/es\/#website\"},\"primaryImageOfPage\":{\"@id\":\"https:\/\/tourtravelandmore.com\/es\/tours\/espana-es\/santiago-de-compostela-es\/santiago-de-compostela-tours-privados-pie-es\/tour-privado-a-las-rias-baixas-vigo-desde-santiago-de-compostela-copy\/#primaryimage\"},\"image\":{\"@id\":\"https:\/\/tourtravelandmore.com\/es\/tours\/espana-es\/santiago-de-compostela-es\/santiago-de-compostela-tours-privados-pie-es\/tour-privado-a-las-rias-baixas-vigo-desde-santiago-de-compostela-copy\/#primaryimage\"},\"thumbnailUrl\":\"https:\/\/tourtravelandmore.com\/wp-content\/uploads\/2024\/11\/lighthouse-968938_1280.jpg\",\"datePublished\":\"2024-11-27T16:28:31+00:00\",\"dateModified\":\"2025-08-08T14:15:24+00:00\",\"description\":\"Tour Privado a las R\u00edas Baixas: R\u00eda de Arousa y Pen\u00ednsula del Saln\u00e9s desde Santiago de Compostela. M\u00e1ximo exponente del rom\u00e1nico en Espa\u00f1a \u2705\",\"breadcrumb\":{\"@id\":\"https:\/\/tourtravelandmore.com\/es\/tours\/espana-es\/santiago-de-compostela-es\/santiago-de-compostela-tours-privados-pie-es\/tour-privado-a-las-rias-baixas-vigo-desde-santiago-de-compostela-copy\/#breadcrumb\"},\"inLanguage\":\"es\",\"potentialAction\":[{\"@type\":\"ReadAction\",\"target\":[\"https:\/\/tourtravelandmore.com\/es\/tours\/espana-es\/santiago-de-compostela-es\/santiago-de-compostela-tours-privados-pie-es\/tour-privado-a-las-rias-baixas-vigo-desde-santiago-de-compostela-copy\/\"]}]},{\"@type\":\"ImageObject\",\"inLanguage\":\"es\",\"@id\":\"https:\/\/tourtravelandmore.com\/es\/tours\/espana-es\/santiago-de-compostela-es\/santiago-de-compostela-tours-privados-pie-es\/tour-privado-a-las-rias-baixas-vigo-desde-santiago-de-compostela-copy\/#primaryimage\",\"url\":\"https:\/\/tourtravelandmore.com\/wp-content\/uploads\/2024\/11\/lighthouse-968938_1280.jpg\",\"contentUrl\":\"https:\/\/tourtravelandmore.com\/wp-content\/uploads\/2024\/11\/lighthouse-968938_1280.jpg\",\"width\":1280,\"height\":853},{\"@type\":\"BreadcrumbList\",\"@id\":\"https:\/\/tourtravelandmore.com\/es\/tours\/espana-es\/santiago-de-compostela-es\/santiago-de-compostela-tours-privados-pie-es\/tour-privado-a-las-rias-baixas-vigo-desde-santiago-de-compostela-copy\/#breadcrumb\",\"itemListElement\":[{\"@type\":\"ListItem\",\"position\":1,\"name\":\"Home\",\"item\":\"https:\/\/tourtravelandmore.com\/es\/\"},{\"@type\":\"ListItem\",\"position\":2,\"name\":\"Tours\",\"item\":\"https:\/\/tourtravelandmore.com\/es\/tours\/\"},{\"@type\":\"ListItem\",\"position\":3,\"name\":\"Tour privado a las R\u00edas Baixas: R\u00eda de Arousa y la pen\u00ednsula de Saln\u00e9s\"}]},{\"@type\":\"WebSite\",\"@id\":\"https:\/\/tourtravelandmore.com\/es\/#website\",\"url\":\"https:\/\/tourtravelandmore.com\/es\/\",\"name\":\"Tour Travel And More\",\"description\":\"Private sightseeing tours and luxury transfers in Spain\",\"publisher\":{\"@id\":\"https:\/\/tourtravelandmore.com\/es\/#organization\"},\"potentialAction\":[{\"@type\":\"SearchAction\",\"target\":{\"@type\":\"EntryPoint\",\"urlTemplate\":\"https:\/\/tourtravelandmore.com\/es\/?s={search_term_string}\"},\"query-input\":{\"@type\":\"PropertyValueSpecification\",\"valueRequired\":true,\"valueName\":\"search_term_string\"}}],\"inLanguage\":\"es\"},{\"@type\":\"Organization\",\"@id\":\"https:\/\/tourtravelandmore.com\/es\/#organization\",\"name\":\"Tour Travel And More\",\"url\":\"https:\/\/tourtravelandmore.com\/es\/\",\"logo\":{\"@type\":\"ImageObject\",\"inLanguage\":\"es\",\"@id\":\"https:\/\/tourtravelandmore.com\/es\/#\/schema\/logo\/image\/\",\"url\":\"https:\/\/tourtravelandmore.com\/wp-content\/uploads\/2022\/12\/cropped-logo-cabecera-new.png\",\"contentUrl\":\"https:\/\/tourtravelandmore.com\/wp-content\/uploads\/2022\/12\/cropped-logo-cabecera-new.png\",\"width\":430,\"height\":61,\"caption\":\"Tour Travel And More\"},\"image\":{\"@id\":\"https:\/\/tourtravelandmore.com\/es\/#\/schema\/logo\/image\/\"},\"sameAs\":[\"https:\/\/www.facebook.com\/tourtravelandmore\/\",\"https:\/\/x.com\/TourTravel_More\"]}]}<\/script>\n<!-- \/ Yoast SEO Premium plugin. -->","yoast_head_json":{"title":"\u27a1\ufe0f Tour Privado a las R\u00edas Baixas: R\u00eda de Arousa y Pen\u00ednsula del Saln\u00e9s desde Santiago de Compostela","description":"Tour Privado a las R\u00edas Baixas: R\u00eda de Arousa y Pen\u00ednsula del Saln\u00e9s desde Santiago de Compostela. M\u00e1ximo exponente del rom\u00e1nico en Espa\u00f1a \u2705","robots":{"index":"index","follow":"follow","max-snippet":"max-snippet:-1","max-image-preview":"max-image-preview:large","max-video-preview":"max-video-preview:-1"},"canonical":"https:\/\/tourtravelandmore.com\/es\/tours\/espana-es\/santiago-de-compostela-es\/santiago-de-compostela-tours-privados-pie-es\/tour-privado-a-las-rias-baixas-vigo-desde-santiago-de-compostela-copy\/","og_locale":"es_ES","og_type":"article","og_title":"Tour privado a las R\u00edas Baixas: R\u00eda de Arousa y la pen\u00ednsula de Saln\u00e9s","og_description":"Tour Privado a las R\u00edas Baixas: R\u00eda de Arousa y Pen\u00ednsula del Saln\u00e9s desde Santiago de Compostela. M\u00e1ximo exponente del rom\u00e1nico en Espa\u00f1a \u2705","og_url":"https:\/\/tourtravelandmore.com\/es\/tours\/espana-es\/santiago-de-compostela-es\/santiago-de-compostela-tours-privados-pie-es\/tour-privado-a-las-rias-baixas-vigo-desde-santiago-de-compostela-copy\/","og_site_name":"Tour Travel And More","article_publisher":"https:\/\/www.facebook.com\/tourtravelandmore\/","article_modified_time":"2025-08-08T14:15:24+00:00","og_image":[{"width":1280,"height":853,"url":"https:\/\/tourtravelandmore.com\/wp-content\/uploads\/2024\/11\/lighthouse-968938_1280.jpg","type":"image\/jpeg"}],"twitter_card":"summary_large_image","twitter_site":"@TourTravel_More","twitter_misc":{"Tiempo de lectura":"2 minutos"},"schema":{"@context":"https:\/\/schema.org","@graph":[{"@type":"WebPage","@id":"https:\/\/tourtravelandmore.com\/es\/tours\/espana-es\/santiago-de-compostela-es\/santiago-de-compostela-tours-privados-pie-es\/tour-privado-a-las-rias-baixas-vigo-desde-santiago-de-compostela-copy\/","url":"https:\/\/tourtravelandmore.com\/es\/tours\/espana-es\/santiago-de-compostela-es\/santiago-de-compostela-tours-privados-pie-es\/tour-privado-a-las-rias-baixas-vigo-desde-santiago-de-compostela-copy\/","name":"\u27a1\ufe0f Tour Privado a las R\u00edas Baixas: R\u00eda de Arousa y Pen\u00ednsula del Saln\u00e9s desde Santiago de Compostela","isPartOf":{"@id":"https:\/\/tourtravelandmore.com\/es\/#website"},"primaryImageOfPage":{"@id":"https:\/\/tourtravelandmore.com\/es\/tours\/espana-es\/santiago-de-compostela-es\/santiago-de-compostela-tours-privados-pie-es\/tour-privado-a-las-rias-baixas-vigo-desde-santiago-de-compostela-copy\/#primaryimage"},"image":{"@id":"https:\/\/tourtravelandmore.com\/es\/tours\/espana-es\/santiago-de-compostela-es\/santiago-de-compostela-tours-privados-pie-es\/tour-privado-a-las-rias-baixas-vigo-desde-santiago-de-compostela-copy\/#primaryimage"},"thumbnailUrl":"https:\/\/tourtravelandmore.com\/wp-content\/uploads\/2024\/11\/lighthouse-968938_1280.jpg","datePublished":"2024-11-27T16:28:31+00:00","dateModified":"2025-08-08T14:15:24+00:00","description":"Tour Privado a las R\u00edas Baixas: R\u00eda de Arousa y Pen\u00ednsula del Saln\u00e9s desde Santiago de Compostela. M\u00e1ximo exponente del rom\u00e1nico en Espa\u00f1a \u2705","breadcrumb":{"@id":"https:\/\/tourtravelandmore.com\/es\/tours\/espana-es\/santiago-de-compostela-es\/santiago-de-compostela-tours-privados-pie-es\/tour-privado-a-las-rias-baixas-vigo-desde-santiago-de-compostela-copy\/#breadcrumb"},"inLanguage":"es","potentialAction":[{"@type":"ReadAction","target":["https:\/\/tourtravelandmore.com\/es\/tours\/espana-es\/santiago-de-compostela-es\/santiago-de-compostela-tours-privados-pie-es\/tour-privado-a-las-rias-baixas-vigo-desde-santiago-de-compostela-copy\/"]}]},{"@type":"ImageObject","inLanguage":"es","@id":"https:\/\/tourtravelandmore.com\/es\/tours\/espana-es\/santiago-de-compostela-es\/santiago-de-compostela-tours-privados-pie-es\/tour-privado-a-las-rias-baixas-vigo-desde-santiago-de-compostela-copy\/#primaryimage","url":"https:\/\/tourtravelandmore.com\/wp-content\/uploads\/2024\/11\/lighthouse-968938_1280.jpg","contentUrl":"https:\/\/tourtravelandmore.com\/wp-content\/uploads\/2024\/11\/lighthouse-968938_1280.jpg","width":1280,"height":853},{"@type":"BreadcrumbList","@id":"https:\/\/tourtravelandmore.com\/es\/tours\/espana-es\/santiago-de-compostela-es\/santiago-de-compostela-tours-privados-pie-es\/tour-privado-a-las-rias-baixas-vigo-desde-santiago-de-compostela-copy\/#breadcrumb","itemListElement":[{"@type":"ListItem","position":1,"name":"Home","item":"https:\/\/tourtravelandmore.com\/es\/"},{"@type":"ListItem","position":2,"name":"Tours","item":"https:\/\/tourtravelandmore.com\/es\/tours\/"},{"@type":"ListItem","position":3,"name":"Tour privado a las R\u00edas Baixas: R\u00eda de Arousa y la pen\u00ednsula de Saln\u00e9s"}]},{"@type":"WebSite","@id":"https:\/\/tourtravelandmore.com\/es\/#website","url":"https:\/\/tourtravelandmore.com\/es\/","name":"Tour Travel And More","description":"Private sightseeing tours and luxury transfers in Spain","publisher":{"@id":"https:\/\/tourtravelandmore.com\/es\/#organization"},"potentialAction":[{"@type":"SearchAction","target":{"@type":"EntryPoint","urlTemplate":"https:\/\/tourtravelandmore.com\/es\/?s={search_term_string}"},"query-input":{"@type":"PropertyValueSpecification","valueRequired":true,"valueName":"search_term_string"}}],"inLanguage":"es"},{"@type":"Organization","@id":"https:\/\/tourtravelandmore.com\/es\/#organization","name":"Tour Travel And More","url":"https:\/\/tourtravelandmore.com\/es\/","logo":{"@type":"ImageObject","inLanguage":"es","@id":"https:\/\/tourtravelandmore.com\/es\/#\/schema\/logo\/image\/","url":"https:\/\/tourtravelandmore.com\/wp-content\/uploads\/2022\/12\/cropped-logo-cabecera-new.png","contentUrl":"https:\/\/tourtravelandmore.com\/wp-content\/uploads\/2022\/12\/cropped-logo-cabecera-new.png","width":430,"height":61,"caption":"Tour Travel And More"},"image":{"@id":"https:\/\/tourtravelandmore.com\/es\/#\/schema\/logo\/image\/"},"sameAs":["https:\/\/www.facebook.com\/tourtravelandmore\/","https:\/\/x.com\/TourTravel_More"]}]}},"_links":{"self":[{"href":"https:\/\/tourtravelandmore.com\/es\/wp-json\/wp\/v2\/product\/178827","targetHints":{"allow":["GET"]}}],"collection":[{"href":"https:\/\/tourtravelandmore.com\/es\/wp-json\/wp\/v2\/product"}],"about":[{"href":"https:\/\/tourtravelandmore.com\/es\/wp-json\/wp\/v2\/types\/product"}],"replies":[{"embeddable":true,"href":"https:\/\/tourtravelandmore.com\/es\/wp-json\/wp\/v2\/comments?post=178827"}],"wp:featuredmedia":[{"embeddable":true,"href":"https:\/\/tourtravelandmore.com\/es\/wp-json\/wp\/v2\/media\/178843"}],"wp:attachment":[{"href":"https:\/\/tourtravelandmore.com\/es\/wp-json\/wp\/v2\/media?parent=178827"}],"wp:term":[{"taxonomy":"product_brand","embeddable":true,"href":"https:\/\/tourtravelandmore.com\/es\/wp-json\/wp\/v2\/product_brand?post=178827"},{"taxonomy":"product_cat","embeddable":true,"href":"https:\/\/tourtravelandmore.com\/es\/wp-json\/wp\/v2\/product_cat?post=178827"},{"taxonomy":"product_tag","embeddable":true,"href":"https:\/\/tourtravelandmore.com\/es\/wp-json\/wp\/v2\/product_tag?post=178827"}],"curies":[{"name":"wp","href":"https:\/\/api.w.org\/{rel}","templated":true}]}}