{"id":178786,"date":"2024-11-27T16:31:57","date_gmt":"2024-11-27T15:31:58","guid":{"rendered":"https:\/\/tourtravelandmore.com\/?post_type=product&#038;p=178786"},"modified":"2025-08-08T16:01:17","modified_gmt":"2025-08-08T14:01:17","slug":"tour-privado-a-ourense-y-ribadavia-desde-santiago-de-compostela-copy","status":"publish","type":"product","link":"https:\/\/tourtravelandmore.com\/es\/tours\/espana-es\/santiago-de-compostela-es\/santiago-de-compostela-tours-privados-pie-es\/tour-privado-a-ourense-y-ribadavia-desde-santiago-de-compostela-copy\/","title":{"rendered":"Tour privado a las R\u00edas Baixas: Vigo y su r\u00eda"},"content":{"rendered":"<h2><b>Tour privado a las R\u00edas Baixas: Vigo y su estuario | Descripci\u00f3n<\/b><\/h2>\n<p>Este <b>tour privado a las R\u00edas Baixas: Vigo y su estuario<\/b> ofrece una inmersi\u00f3n profunda en el alma mar\u00edtima de Galicia. Descubra pueblos pesqueros, paisajes pintorescos y las tradiciones \u00fanicas que definen esta emblem\u00e1tica regi\u00f3n espa\u00f1ola.<\/p>\n<p>Su d\u00eda comienza con un c\u00f3modo traslado privado por la costa atl\u00e1ntica. Visitar\u00e1 la ciudad de <a href=\"https:\/\/www.turismodevigo.org\/en\">Vigo<\/a>, famosa por su bullicioso puerto y su cultura marisquera. Explore el hist\u00f3rico <i>Casco Vello<\/i>, pasee por el paseo mar\u00edtimo y descubra la conexi\u00f3n de la ciudad con el mar. Desde all\u00ed, su gu\u00eda le llevar\u00e1 a lo largo de la R\u00eda de Vigo, donde se encuentran las granjas de mejillones flotantes y se pueden contemplar vistas panor\u00e1micas de las Islas C\u00edes.<\/p>\n<p>M\u00e1s hacia el interior, descubrir\u00e1 encantadores pueblos costeros como Redondela o Moa\u00f1a, seg\u00fan sus intereses. Tanto si le atrae la historia, la gastronom\u00eda local o los miradores panor\u00e1micos, este tour flexible le permite a su gu\u00eda adaptar la ruta a sus preferencias.<\/p>\n<h2><b>Puntos de inter\u00e9s<\/b><\/h2>\n<p>Descubra un d\u00eda completo de cultura, naturaleza y sabor en una de las r\u00edas m\u00e1s emblem\u00e1ticas de Galicia.<\/p>\n<p><b>Ciudad de Vigo:<\/b> Visite la ciudad m\u00e1s grande de Galicia, famosa por su puerto y su animado casco antiguo.<\/p>\n<p><b>R\u00eda de Vigo:<\/b> Disfrute de unas vistas impresionantes y aprenda sobre el cultivo del mejill\u00f3n.<\/p>\n<p><b>Pueblos costeros:<\/b> Explore la aut\u00e9ntica vida gallega en pueblos costeros.<\/p>\n<p><b>Gastronom\u00eda local:<\/b> Degustaci\u00f3n opcional de marisco o parada en una taberna tradicional.<\/p>\n<p><b>Itinerario personalizado:<\/b> Su gu\u00eda ajustar\u00e1 el ritmo y el enfoque de la jornada.<\/p>\n<p>Termine el d\u00eda con una nueva apreciaci\u00f3n de la belleza y el car\u00e1cter de Galicia. Con su mezcla de encanto urbano y tranquilidad costera, este <b>tour privado a las R\u00edas Baixas: Vigo y su estuario<\/b> es la forma perfecta de conocer la regi\u00f3n con comodidad y en profundidad.<\/p>\n<p>Si le interesa explorar Santiago de Compostela y conocer mejor su rica historia y cultura, consulte la lista de <a href=\"https:\/\/tourtravelandmore.com\/es\/ciudad\/espana-es\/santiago-de-compostela-es\/\">tours privados que ofrece Tour Travel and More.<\/a><\/p>\n","protected":false},"excerpt":{"rendered":"<p>Descubra la impresionante belleza y riqueza cultural de las R\u00edas Baixas gallegas en esta excursi\u00f3n privada de 8 horas desde Santiago de Compostela. Su viaje comienza con una c\u00f3moda recogida en un veh\u00edculo privado, acompa\u00f1ado por un gu\u00eda experto que le har\u00e1 part\u00edcipe de la fascinante historia, tradiciones y encanto \u00fanico de esta regi\u00f3n costera.<\/p>\n","protected":false},"featured_media":178805,"comment_status":"open","ping_status":"closed","template":"","meta":{"_acf_changed":false},"product_brand":[],"product_cat":[1868,1872,1874,1871],"product_tag":[],"class_list":{"0":"post-178786","1":"product","2":"type-product","3":"status-publish","4":"has-post-thumbnail","6":"product_cat-santiago-de-compostela-es","7":"product_cat-santiago-de-compostela-actividades-es","8":"product_cat-santiago-de-compostela-rutas-turisticas-privadas-es","9":"product_cat-santiago-de-compostela-tours-privados-pie-es","11":"first","12":"instock","13":"shipping-taxable","14":"purchasable","15":"product-type-simple"},"acf":[],"yoast_head":"<!-- This site is optimized with the Yoast SEO Premium plugin v25.3.1 (Yoast SEO v25.3.1) - https:\/\/yoast.com\/wordpress\/plugins\/seo\/ -->\n<title>\u27a1\ufe0f Tour Privado a las R\u00edas Baixas: Vigo desde Santiago de Compostela<\/title>\n<meta name=\"description\" content=\"Tour Privado a las R\u00edas Baixas: Vigo desde Santiago de Compostela. M\u00e1ximo exponente del rom\u00e1nico en Espa\u00f1a \u2705\" \/>\n<meta name=\"robots\" content=\"index, follow, max-snippet:-1, max-image-preview:large, max-video-preview:-1\" \/>\n<link rel=\"canonical\" href=\"https:\/\/tourtravelandmore.com\/es\/tours\/espana-es\/santiago-de-compostela-es\/santiago-de-compostela-tours-privados-pie-es\/tour-privado-a-ourense-y-ribadavia-desde-santiago-de-compostela-copy\/\" \/>\n<meta property=\"og:locale\" content=\"es_ES\" \/>\n<meta property=\"og:type\" content=\"article\" \/>\n<meta property=\"og:title\" content=\"Tour privado a las R\u00edas Baixas: Vigo y su r\u00eda\" \/>\n<meta property=\"og:description\" content=\"Tour Privado a las R\u00edas Baixas: Vigo desde Santiago de Compostela. M\u00e1ximo exponente del rom\u00e1nico en Espa\u00f1a \u2705\" \/>\n<meta property=\"og:url\" content=\"https:\/\/tourtravelandmore.com\/es\/tours\/espana-es\/santiago-de-compostela-es\/santiago-de-compostela-tours-privados-pie-es\/tour-privado-a-ourense-y-ribadavia-desde-santiago-de-compostela-copy\/\" \/>\n<meta property=\"og:site_name\" content=\"Tour Travel And More\" \/>\n<meta property=\"article:publisher\" content=\"https:\/\/www.facebook.com\/tourtravelandmore\/\" \/>\n<meta property=\"article:modified_time\" content=\"2025-08-08T14:01:17+00:00\" \/>\n<meta property=\"og:image\" content=\"https:\/\/tourtravelandmore.com\/wp-content\/uploads\/2024\/11\/ria-5384806_1280.jpg\" \/>\n\t<meta property=\"og:image:width\" content=\"1280\" \/>\n\t<meta property=\"og:image:height\" content=\"853\" \/>\n\t<meta property=\"og:image:type\" content=\"image\/jpeg\" \/>\n<meta name=\"twitter:card\" content=\"summary_large_image\" \/>\n<meta name=\"twitter:site\" content=\"@TourTravel_More\" \/>\n<meta name=\"twitter:label1\" content=\"Tiempo de lectura\" \/>\n\t<meta name=\"twitter:data1\" content=\"2 minutos\" \/>\n<script type=\"application\/ld+json\" class=\"yoast-schema-graph\">{\"@context\":\"https:\/\/schema.org\",\"@graph\":[{\"@type\":\"WebPage\",\"@id\":\"https:\/\/tourtravelandmore.com\/es\/tours\/espana-es\/santiago-de-compostela-es\/santiago-de-compostela-tours-privados-pie-es\/tour-privado-a-ourense-y-ribadavia-desde-santiago-de-compostela-copy\/\",\"url\":\"https:\/\/tourtravelandmore.com\/es\/tours\/espana-es\/santiago-de-compostela-es\/santiago-de-compostela-tours-privados-pie-es\/tour-privado-a-ourense-y-ribadavia-desde-santiago-de-compostela-copy\/\",\"name\":\"\u27a1\ufe0f Tour Privado a las R\u00edas Baixas: Vigo desde Santiago de Compostela\",\"isPartOf\":{\"@id\":\"https:\/\/tourtravelandmore.com\/es\/#website\"},\"primaryImageOfPage\":{\"@id\":\"https:\/\/tourtravelandmore.com\/es\/tours\/espana-es\/santiago-de-compostela-es\/santiago-de-compostela-tours-privados-pie-es\/tour-privado-a-ourense-y-ribadavia-desde-santiago-de-compostela-copy\/#primaryimage\"},\"image\":{\"@id\":\"https:\/\/tourtravelandmore.com\/es\/tours\/espana-es\/santiago-de-compostela-es\/santiago-de-compostela-tours-privados-pie-es\/tour-privado-a-ourense-y-ribadavia-desde-santiago-de-compostela-copy\/#primaryimage\"},\"thumbnailUrl\":\"https:\/\/tourtravelandmore.com\/wp-content\/uploads\/2024\/11\/ria-5384806_1280.jpg\",\"datePublished\":\"2024-11-27T15:31:58+00:00\",\"dateModified\":\"2025-08-08T14:01:17+00:00\",\"description\":\"Tour Privado a las R\u00edas Baixas: Vigo desde Santiago de Compostela. M\u00e1ximo exponente del rom\u00e1nico en Espa\u00f1a \u2705\",\"breadcrumb\":{\"@id\":\"https:\/\/tourtravelandmore.com\/es\/tours\/espana-es\/santiago-de-compostela-es\/santiago-de-compostela-tours-privados-pie-es\/tour-privado-a-ourense-y-ribadavia-desde-santiago-de-compostela-copy\/#breadcrumb\"},\"inLanguage\":\"es\",\"potentialAction\":[{\"@type\":\"ReadAction\",\"target\":[\"https:\/\/tourtravelandmore.com\/es\/tours\/espana-es\/santiago-de-compostela-es\/santiago-de-compostela-tours-privados-pie-es\/tour-privado-a-ourense-y-ribadavia-desde-santiago-de-compostela-copy\/\"]}]},{\"@type\":\"ImageObject\",\"inLanguage\":\"es\",\"@id\":\"https:\/\/tourtravelandmore.com\/es\/tours\/espana-es\/santiago-de-compostela-es\/santiago-de-compostela-tours-privados-pie-es\/tour-privado-a-ourense-y-ribadavia-desde-santiago-de-compostela-copy\/#primaryimage\",\"url\":\"https:\/\/tourtravelandmore.com\/wp-content\/uploads\/2024\/11\/ria-5384806_1280.jpg\",\"contentUrl\":\"https:\/\/tourtravelandmore.com\/wp-content\/uploads\/2024\/11\/ria-5384806_1280.jpg\",\"width\":1280,\"height\":853},{\"@type\":\"BreadcrumbList\",\"@id\":\"https:\/\/tourtravelandmore.com\/es\/tours\/espana-es\/santiago-de-compostela-es\/santiago-de-compostela-tours-privados-pie-es\/tour-privado-a-ourense-y-ribadavia-desde-santiago-de-compostela-copy\/#breadcrumb\",\"itemListElement\":[{\"@type\":\"ListItem\",\"position\":1,\"name\":\"Home\",\"item\":\"https:\/\/tourtravelandmore.com\/es\/\"},{\"@type\":\"ListItem\",\"position\":2,\"name\":\"Tours\",\"item\":\"https:\/\/tourtravelandmore.com\/es\/tours\/\"},{\"@type\":\"ListItem\",\"position\":3,\"name\":\"Tour privado a las R\u00edas Baixas: Vigo y su r\u00eda\"}]},{\"@type\":\"WebSite\",\"@id\":\"https:\/\/tourtravelandmore.com\/es\/#website\",\"url\":\"https:\/\/tourtravelandmore.com\/es\/\",\"name\":\"Tour Travel And More\",\"description\":\"Private sightseeing tours and luxury transfers in Spain\",\"publisher\":{\"@id\":\"https:\/\/tourtravelandmore.com\/es\/#organization\"},\"potentialAction\":[{\"@type\":\"SearchAction\",\"target\":{\"@type\":\"EntryPoint\",\"urlTemplate\":\"https:\/\/tourtravelandmore.com\/es\/?s={search_term_string}\"},\"query-input\":{\"@type\":\"PropertyValueSpecification\",\"valueRequired\":true,\"valueName\":\"search_term_string\"}}],\"inLanguage\":\"es\"},{\"@type\":\"Organization\",\"@id\":\"https:\/\/tourtravelandmore.com\/es\/#organization\",\"name\":\"Tour Travel And More\",\"url\":\"https:\/\/tourtravelandmore.com\/es\/\",\"logo\":{\"@type\":\"ImageObject\",\"inLanguage\":\"es\",\"@id\":\"https:\/\/tourtravelandmore.com\/es\/#\/schema\/logo\/image\/\",\"url\":\"https:\/\/tourtravelandmore.com\/wp-content\/uploads\/2022\/12\/cropped-logo-cabecera-new.png\",\"contentUrl\":\"https:\/\/tourtravelandmore.com\/wp-content\/uploads\/2022\/12\/cropped-logo-cabecera-new.png\",\"width\":430,\"height\":61,\"caption\":\"Tour Travel And More\"},\"image\":{\"@id\":\"https:\/\/tourtravelandmore.com\/es\/#\/schema\/logo\/image\/\"},\"sameAs\":[\"https:\/\/www.facebook.com\/tourtravelandmore\/\",\"https:\/\/x.com\/TourTravel_More\"]}]}<\/script>\n<!-- \/ Yoast SEO Premium plugin. -->","yoast_head_json":{"title":"\u27a1\ufe0f Tour Privado a las R\u00edas Baixas: Vigo desde Santiago de Compostela","description":"Tour Privado a las R\u00edas Baixas: Vigo desde Santiago de Compostela. M\u00e1ximo exponente del rom\u00e1nico en Espa\u00f1a \u2705","robots":{"index":"index","follow":"follow","max-snippet":"max-snippet:-1","max-image-preview":"max-image-preview:large","max-video-preview":"max-video-preview:-1"},"canonical":"https:\/\/tourtravelandmore.com\/es\/tours\/espana-es\/santiago-de-compostela-es\/santiago-de-compostela-tours-privados-pie-es\/tour-privado-a-ourense-y-ribadavia-desde-santiago-de-compostela-copy\/","og_locale":"es_ES","og_type":"article","og_title":"Tour privado a las R\u00edas Baixas: Vigo y su r\u00eda","og_description":"Tour Privado a las R\u00edas Baixas: Vigo desde Santiago de Compostela. M\u00e1ximo exponente del rom\u00e1nico en Espa\u00f1a \u2705","og_url":"https:\/\/tourtravelandmore.com\/es\/tours\/espana-es\/santiago-de-compostela-es\/santiago-de-compostela-tours-privados-pie-es\/tour-privado-a-ourense-y-ribadavia-desde-santiago-de-compostela-copy\/","og_site_name":"Tour Travel And More","article_publisher":"https:\/\/www.facebook.com\/tourtravelandmore\/","article_modified_time":"2025-08-08T14:01:17+00:00","og_image":[{"width":1280,"height":853,"url":"https:\/\/tourtravelandmore.com\/wp-content\/uploads\/2024\/11\/ria-5384806_1280.jpg","type":"image\/jpeg"}],"twitter_card":"summary_large_image","twitter_site":"@TourTravel_More","twitter_misc":{"Tiempo de lectura":"2 minutos"},"schema":{"@context":"https:\/\/schema.org","@graph":[{"@type":"WebPage","@id":"https:\/\/tourtravelandmore.com\/es\/tours\/espana-es\/santiago-de-compostela-es\/santiago-de-compostela-tours-privados-pie-es\/tour-privado-a-ourense-y-ribadavia-desde-santiago-de-compostela-copy\/","url":"https:\/\/tourtravelandmore.com\/es\/tours\/espana-es\/santiago-de-compostela-es\/santiago-de-compostela-tours-privados-pie-es\/tour-privado-a-ourense-y-ribadavia-desde-santiago-de-compostela-copy\/","name":"\u27a1\ufe0f Tour Privado a las R\u00edas Baixas: Vigo desde Santiago de Compostela","isPartOf":{"@id":"https:\/\/tourtravelandmore.com\/es\/#website"},"primaryImageOfPage":{"@id":"https:\/\/tourtravelandmore.com\/es\/tours\/espana-es\/santiago-de-compostela-es\/santiago-de-compostela-tours-privados-pie-es\/tour-privado-a-ourense-y-ribadavia-desde-santiago-de-compostela-copy\/#primaryimage"},"image":{"@id":"https:\/\/tourtravelandmore.com\/es\/tours\/espana-es\/santiago-de-compostela-es\/santiago-de-compostela-tours-privados-pie-es\/tour-privado-a-ourense-y-ribadavia-desde-santiago-de-compostela-copy\/#primaryimage"},"thumbnailUrl":"https:\/\/tourtravelandmore.com\/wp-content\/uploads\/2024\/11\/ria-5384806_1280.jpg","datePublished":"2024-11-27T15:31:58+00:00","dateModified":"2025-08-08T14:01:17+00:00","description":"Tour Privado a las R\u00edas Baixas: Vigo desde Santiago de Compostela. M\u00e1ximo exponente del rom\u00e1nico en Espa\u00f1a \u2705","breadcrumb":{"@id":"https:\/\/tourtravelandmore.com\/es\/tours\/espana-es\/santiago-de-compostela-es\/santiago-de-compostela-tours-privados-pie-es\/tour-privado-a-ourense-y-ribadavia-desde-santiago-de-compostela-copy\/#breadcrumb"},"inLanguage":"es","potentialAction":[{"@type":"ReadAction","target":["https:\/\/tourtravelandmore.com\/es\/tours\/espana-es\/santiago-de-compostela-es\/santiago-de-compostela-tours-privados-pie-es\/tour-privado-a-ourense-y-ribadavia-desde-santiago-de-compostela-copy\/"]}]},{"@type":"ImageObject","inLanguage":"es","@id":"https:\/\/tourtravelandmore.com\/es\/tours\/espana-es\/santiago-de-compostela-es\/santiago-de-compostela-tours-privados-pie-es\/tour-privado-a-ourense-y-ribadavia-desde-santiago-de-compostela-copy\/#primaryimage","url":"https:\/\/tourtravelandmore.com\/wp-content\/uploads\/2024\/11\/ria-5384806_1280.jpg","contentUrl":"https:\/\/tourtravelandmore.com\/wp-content\/uploads\/2024\/11\/ria-5384806_1280.jpg","width":1280,"height":853},{"@type":"BreadcrumbList","@id":"https:\/\/tourtravelandmore.com\/es\/tours\/espana-es\/santiago-de-compostela-es\/santiago-de-compostela-tours-privados-pie-es\/tour-privado-a-ourense-y-ribadavia-desde-santiago-de-compostela-copy\/#breadcrumb","itemListElement":[{"@type":"ListItem","position":1,"name":"Home","item":"https:\/\/tourtravelandmore.com\/es\/"},{"@type":"ListItem","position":2,"name":"Tours","item":"https:\/\/tourtravelandmore.com\/es\/tours\/"},{"@type":"ListItem","position":3,"name":"Tour privado a las R\u00edas Baixas: Vigo y su r\u00eda"}]},{"@type":"WebSite","@id":"https:\/\/tourtravelandmore.com\/es\/#website","url":"https:\/\/tourtravelandmore.com\/es\/","name":"Tour Travel And More","description":"Private sightseeing tours and luxury transfers in Spain","publisher":{"@id":"https:\/\/tourtravelandmore.com\/es\/#organization"},"potentialAction":[{"@type":"SearchAction","target":{"@type":"EntryPoint","urlTemplate":"https:\/\/tourtravelandmore.com\/es\/?s={search_term_string}"},"query-input":{"@type":"PropertyValueSpecification","valueRequired":true,"valueName":"search_term_string"}}],"inLanguage":"es"},{"@type":"Organization","@id":"https:\/\/tourtravelandmore.com\/es\/#organization","name":"Tour Travel And More","url":"https:\/\/tourtravelandmore.com\/es\/","logo":{"@type":"ImageObject","inLanguage":"es","@id":"https:\/\/tourtravelandmore.com\/es\/#\/schema\/logo\/image\/","url":"https:\/\/tourtravelandmore.com\/wp-content\/uploads\/2022\/12\/cropped-logo-cabecera-new.png","contentUrl":"https:\/\/tourtravelandmore.com\/wp-content\/uploads\/2022\/12\/cropped-logo-cabecera-new.png","width":430,"height":61,"caption":"Tour Travel And More"},"image":{"@id":"https:\/\/tourtravelandmore.com\/es\/#\/schema\/logo\/image\/"},"sameAs":["https:\/\/www.facebook.com\/tourtravelandmore\/","https:\/\/x.com\/TourTravel_More"]}]}},"_links":{"self":[{"href":"https:\/\/tourtravelandmore.com\/es\/wp-json\/wp\/v2\/product\/178786","targetHints":{"allow":["GET"]}}],"collection":[{"href":"https:\/\/tourtravelandmore.com\/es\/wp-json\/wp\/v2\/product"}],"about":[{"href":"https:\/\/tourtravelandmore.com\/es\/wp-json\/wp\/v2\/types\/product"}],"replies":[{"embeddable":true,"href":"https:\/\/tourtravelandmore.com\/es\/wp-json\/wp\/v2\/comments?post=178786"}],"wp:featuredmedia":[{"embeddable":true,"href":"https:\/\/tourtravelandmore.com\/es\/wp-json\/wp\/v2\/media\/178805"}],"wp:attachment":[{"href":"https:\/\/tourtravelandmore.com\/es\/wp-json\/wp\/v2\/media?parent=178786"}],"wp:term":[{"taxonomy":"product_brand","embeddable":true,"href":"https:\/\/tourtravelandmore.com\/es\/wp-json\/wp\/v2\/product_brand?post=178786"},{"taxonomy":"product_cat","embeddable":true,"href":"https:\/\/tourtravelandmore.com\/es\/wp-json\/wp\/v2\/product_cat?post=178786"},{"taxonomy":"product_tag","embeddable":true,"href":"https:\/\/tourtravelandmore.com\/es\/wp-json\/wp\/v2\/product_tag?post=178786"}],"curies":[{"name":"wp","href":"https:\/\/api.w.org\/{rel}","templated":true}]}}