{"id":178704,"date":"2024-11-26T18:39:57","date_gmt":"2024-11-26T17:39:57","guid":{"rendered":"https:\/\/tourtravelandmore.com\/?post_type=product&#038;p=178704"},"modified":"2024-11-27T15:35:42","modified_gmt":"2024-11-27T14:35:42","slug":"tour-privado-a-pie-de-santiago-de-compostela-copy","status":"publish","type":"product","link":"https:\/\/tourtravelandmore.com\/es\/tours\/espana-es\/santiago-de-compostela-es\/santiago-de-compostela-tours-privados-pie-es\/tour-privado-a-pie-de-santiago-de-compostela-copy\/","title":{"rendered":"Tour privado a la Pen\u00ednsula del Barbanza desde Santiago de Compostela"},"content":{"rendered":"<h2><b>Tour privado a la Pen\u00ednsula del Barbanza desde Santiago de Compostela Descripci\u00f3n<\/b><\/h2>\n<p>Descubra las joyas ocultas de Galicia en esta exclusiva excursi\u00f3n privada a la impresionante Pen\u00ednsula del Barbanza. Con salida desde Santiago de Compostela, disfrute de un d\u00eda completo de exploraci\u00f3n mientras descubre los impresionantes paisajes, los tesoros hist\u00f3ricos y el encanto costero de esta regi\u00f3n menos conocida. Con un veh\u00edculo privado y un gu\u00eda experto a su disposici\u00f3n durante ocho horas, esta experiencia personalizada le garantiza comodidad y flexibilidad durante todo el viaje.<\/p>\n<p>Esta excursi\u00f3n privada le permitir\u00e1 sumergirse por completo en la belleza y el encanto de la pen\u00ednsula del Barbanza, y le proporcionar\u00e1 una experiencia \u00fanica y personal de las vistas y los sonidos de la ciudad. Podr\u00e1 ver los famosos monumentos de la ciudad y las joyas ocultas que a menudo se pierden los grupos tur\u00edsticos m\u00e1s grandes, lo que convierte a esta excursi\u00f3n en la opci\u00f3n ideal para los viajeros que desean aprovechar al m\u00e1ximo su tiempo en la ciudad.<\/p>\n<h2><b>Tour privado a la Pen\u00ednsula del Barbanza desde Santiago de Compostela Puntos de inter\u00e9s<\/b><\/h2>\n<p>La excursi\u00f3n comienza con un pintoresco viaje en coche a trav\u00e9s de la exuberante campi\u00f1a gallega, que le llevar\u00e1 al coraz\u00f3n de la pen\u00ednsula del Barbanza. Aqu\u00ed visitar\u00e1 pintorescas aldeas costeras, admirar\u00e1 vistas panor\u00e1micas desde impresionantes miradores y se sumergir\u00e1 en la rica cultura de la regi\u00f3n. Entre los aspectos m\u00e1s destacados se incluyen la exploraci\u00f3n de antiguas ruinas, el aprendizaje de las tradiciones pesqueras de la regi\u00f3n y la contemplaci\u00f3n de la belleza pr\u00edstina de playas v\u00edrgenes.<\/p>\n<p>Perfecto para los entusiastas de la historia, los amantes de la naturaleza o cualquiera que busque una escapada tranquila, este recorrido combina maravillas naturales con conocimientos culturales para pasar un d\u00eda inolvidable en Galicia.<\/p>\n<ul>\n<li><b><strong>Veh\u00edculo y gu\u00eda privados durante 8 horas:<\/strong><\/b> Rel\u00e1jese y disfrute de la comodidad de un veh\u00edculo exclusivo y un gu\u00eda experto.<\/li>\n<li><b><strong>Paisajes esc\u00e9nicos:<\/strong><\/b> Admire las exuberantes colinas verdes y la escarpada costa de la pen\u00ednsula del Barbanza.<\/li>\n<li><b><strong>Pueblos pintorescos:<\/strong><\/b> Pasee por encantadores pueblos costeros como A Pobra do Carami\u00f1al y Rianxo, conocidos por su patrimonio mar\u00edtimo.<\/li>\n<li><b><strong>Miradores panor\u00e1micos:<\/strong><\/b> Disfrute de unas vistas impresionantes desde el Mirador de A Curota, uno de los miradores m\u00e1s famosos de Galicia.<\/li>\n<li><b><strong>Paradas culturales e hist\u00f3ricas:<\/strong><\/b> Visite antiguos castros (asentamientos celtas) y conozca la historia y las tradiciones de la regi\u00f3n.<\/li>\n<li><b><strong>Itinerario flexible:<\/strong><\/b> Adapte su experiencia con paradas que se ajusten a sus intereses, desde serenas playas a mercados locales.<\/li>\n<\/ul>\n<p>Si est\u00e1 interesado en explorar Santiago de Compostela y aprender m\u00e1s sobre su rica historia y cultura, \u00a1consulte la lista de <a href=\"https:\/\/tourtravelandmore.com\/es\/ciudad\/espana-es\/santiago-de-compostela-es\/\">excursiones privadas que ofrece Tour Travel and More!<\/a><\/p>\n","protected":false},"excerpt":{"rendered":"<p>Descubra las joyas ocultas de Galicia en esta exclusiva excursi\u00f3n privada a la impresionante Pen\u00ednsula del Barbanza. Con salida desde Santiago de Compostela, disfrute de un d\u00eda completo de exploraci\u00f3n mientras descubre los impresionantes paisajes, los tesoros hist\u00f3ricos y el encanto costero de esta regi\u00f3n menos conocida. Con un veh\u00edculo privado y un gu\u00eda experto a su disposici\u00f3n durante ocho horas, esta experiencia personalizada le garantiza comodidad y flexibilidad durante todo el viaje.<\/p>\n","protected":false},"featured_media":178720,"comment_status":"open","ping_status":"closed","template":"","meta":{"_acf_changed":false},"product_brand":[],"product_cat":[1868,1872,1874,1871],"product_tag":[],"class_list":{"0":"post-178704","1":"product","2":"type-product","3":"status-publish","4":"has-post-thumbnail","6":"product_cat-santiago-de-compostela-es","7":"product_cat-santiago-de-compostela-actividades-es","8":"product_cat-santiago-de-compostela-rutas-turisticas-privadas-es","9":"product_cat-santiago-de-compostela-tours-privados-pie-es","11":"first","12":"instock","13":"shipping-taxable","14":"purchasable","15":"product-type-simple"},"acf":[],"yoast_head":"<!-- This site is optimized with the Yoast SEO Premium plugin v25.3.1 (Yoast SEO v25.3.1) - https:\/\/yoast.com\/wordpress\/plugins\/seo\/ -->\n<title>\u27a1\ufe0f Tour privado a la Pen\u00ednsula del Barbanza desde Santiago de Compostela<\/title>\n<meta name=\"description\" content=\"Disfrute de este tour privado Santiago de Compostela con su gu\u00eda oficial y entradas inclu\u00eddas a la Catedral. M\u00e1ximo exponente del rom\u00e1nico en Espa\u00f1a \u2705\" \/>\n<meta name=\"robots\" content=\"index, follow, max-snippet:-1, max-image-preview:large, max-video-preview:-1\" \/>\n<link rel=\"canonical\" href=\"https:\/\/tourtravelandmore.com\/es\/tours\/espana-es\/santiago-de-compostela-es\/santiago-de-compostela-tours-privados-pie-es\/tour-privado-a-pie-de-santiago-de-compostela-copy\/\" \/>\n<meta property=\"og:locale\" content=\"es_ES\" \/>\n<meta property=\"og:type\" content=\"article\" \/>\n<meta property=\"og:title\" content=\"Tour privado a la Pen\u00ednsula del Barbanza desde Santiago de Compostela\" \/>\n<meta property=\"og:description\" content=\"Disfrute de este tour privado Santiago de Compostela con su gu\u00eda oficial y entradas inclu\u00eddas a la Catedral. M\u00e1ximo exponente del rom\u00e1nico en Espa\u00f1a \u2705\" \/>\n<meta property=\"og:url\" content=\"https:\/\/tourtravelandmore.com\/es\/tours\/espana-es\/santiago-de-compostela-es\/santiago-de-compostela-tours-privados-pie-es\/tour-privado-a-pie-de-santiago-de-compostela-copy\/\" \/>\n<meta property=\"og:site_name\" content=\"Tour Travel And More\" \/>\n<meta property=\"article:publisher\" content=\"https:\/\/www.facebook.com\/tourtravelandmore\/\" \/>\n<meta property=\"article:modified_time\" content=\"2024-11-27T14:35:42+00:00\" \/>\n<meta property=\"og:image\" content=\"https:\/\/tourtravelandmore.com\/wp-content\/uploads\/2024\/11\/pobra.welcome-to-galicia.jpg\" \/>\n\t<meta property=\"og:image:width\" content=\"550\" \/>\n\t<meta property=\"og:image:height\" content=\"367\" \/>\n\t<meta property=\"og:image:type\" content=\"image\/jpeg\" \/>\n<meta name=\"twitter:card\" content=\"summary_large_image\" \/>\n<meta name=\"twitter:site\" content=\"@TourTravel_More\" \/>\n<meta name=\"twitter:label1\" content=\"Tiempo de lectura\" \/>\n\t<meta name=\"twitter:data1\" content=\"2 minutos\" \/>\n<script type=\"application\/ld+json\" class=\"yoast-schema-graph\">{\"@context\":\"https:\/\/schema.org\",\"@graph\":[{\"@type\":\"WebPage\",\"@id\":\"https:\/\/tourtravelandmore.com\/es\/tours\/espana-es\/santiago-de-compostela-es\/santiago-de-compostela-tours-privados-pie-es\/tour-privado-a-pie-de-santiago-de-compostela-copy\/\",\"url\":\"https:\/\/tourtravelandmore.com\/es\/tours\/espana-es\/santiago-de-compostela-es\/santiago-de-compostela-tours-privados-pie-es\/tour-privado-a-pie-de-santiago-de-compostela-copy\/\",\"name\":\"\u27a1\ufe0f Tour privado a la Pen\u00ednsula del Barbanza desde Santiago de Compostela\",\"isPartOf\":{\"@id\":\"https:\/\/tourtravelandmore.com\/es\/#website\"},\"primaryImageOfPage\":{\"@id\":\"https:\/\/tourtravelandmore.com\/es\/tours\/espana-es\/santiago-de-compostela-es\/santiago-de-compostela-tours-privados-pie-es\/tour-privado-a-pie-de-santiago-de-compostela-copy\/#primaryimage\"},\"image\":{\"@id\":\"https:\/\/tourtravelandmore.com\/es\/tours\/espana-es\/santiago-de-compostela-es\/santiago-de-compostela-tours-privados-pie-es\/tour-privado-a-pie-de-santiago-de-compostela-copy\/#primaryimage\"},\"thumbnailUrl\":\"https:\/\/tourtravelandmore.com\/wp-content\/uploads\/2024\/11\/pobra.welcome-to-galicia.jpg\",\"datePublished\":\"2024-11-26T17:39:57+00:00\",\"dateModified\":\"2024-11-27T14:35:42+00:00\",\"description\":\"Disfrute de este tour privado Santiago de Compostela con su gu\u00eda oficial y entradas inclu\u00eddas a la Catedral. M\u00e1ximo exponente del rom\u00e1nico en Espa\u00f1a \u2705\",\"breadcrumb\":{\"@id\":\"https:\/\/tourtravelandmore.com\/es\/tours\/espana-es\/santiago-de-compostela-es\/santiago-de-compostela-tours-privados-pie-es\/tour-privado-a-pie-de-santiago-de-compostela-copy\/#breadcrumb\"},\"inLanguage\":\"es\",\"potentialAction\":[{\"@type\":\"ReadAction\",\"target\":[\"https:\/\/tourtravelandmore.com\/es\/tours\/espana-es\/santiago-de-compostela-es\/santiago-de-compostela-tours-privados-pie-es\/tour-privado-a-pie-de-santiago-de-compostela-copy\/\"]}]},{\"@type\":\"ImageObject\",\"inLanguage\":\"es\",\"@id\":\"https:\/\/tourtravelandmore.com\/es\/tours\/espana-es\/santiago-de-compostela-es\/santiago-de-compostela-tours-privados-pie-es\/tour-privado-a-pie-de-santiago-de-compostela-copy\/#primaryimage\",\"url\":\"https:\/\/tourtravelandmore.com\/wp-content\/uploads\/2024\/11\/pobra.welcome-to-galicia.jpg\",\"contentUrl\":\"https:\/\/tourtravelandmore.com\/wp-content\/uploads\/2024\/11\/pobra.welcome-to-galicia.jpg\",\"width\":550,\"height\":367},{\"@type\":\"BreadcrumbList\",\"@id\":\"https:\/\/tourtravelandmore.com\/es\/tours\/espana-es\/santiago-de-compostela-es\/santiago-de-compostela-tours-privados-pie-es\/tour-privado-a-pie-de-santiago-de-compostela-copy\/#breadcrumb\",\"itemListElement\":[{\"@type\":\"ListItem\",\"position\":1,\"name\":\"Home\",\"item\":\"https:\/\/tourtravelandmore.com\/es\/\"},{\"@type\":\"ListItem\",\"position\":2,\"name\":\"Tours\",\"item\":\"https:\/\/tourtravelandmore.com\/es\/tours\/\"},{\"@type\":\"ListItem\",\"position\":3,\"name\":\"Tour privado a la Pen\u00ednsula del Barbanza desde Santiago de Compostela\"}]},{\"@type\":\"WebSite\",\"@id\":\"https:\/\/tourtravelandmore.com\/es\/#website\",\"url\":\"https:\/\/tourtravelandmore.com\/es\/\",\"name\":\"Tour Travel And More\",\"description\":\"Private sightseeing tours and luxury transfers in Spain\",\"publisher\":{\"@id\":\"https:\/\/tourtravelandmore.com\/es\/#organization\"},\"potentialAction\":[{\"@type\":\"SearchAction\",\"target\":{\"@type\":\"EntryPoint\",\"urlTemplate\":\"https:\/\/tourtravelandmore.com\/es\/?s={search_term_string}\"},\"query-input\":{\"@type\":\"PropertyValueSpecification\",\"valueRequired\":true,\"valueName\":\"search_term_string\"}}],\"inLanguage\":\"es\"},{\"@type\":\"Organization\",\"@id\":\"https:\/\/tourtravelandmore.com\/es\/#organization\",\"name\":\"Tour Travel And More\",\"url\":\"https:\/\/tourtravelandmore.com\/es\/\",\"logo\":{\"@type\":\"ImageObject\",\"inLanguage\":\"es\",\"@id\":\"https:\/\/tourtravelandmore.com\/es\/#\/schema\/logo\/image\/\",\"url\":\"https:\/\/tourtravelandmore.com\/wp-content\/uploads\/2022\/12\/cropped-logo-cabecera-new.png\",\"contentUrl\":\"https:\/\/tourtravelandmore.com\/wp-content\/uploads\/2022\/12\/cropped-logo-cabecera-new.png\",\"width\":430,\"height\":61,\"caption\":\"Tour Travel And More\"},\"image\":{\"@id\":\"https:\/\/tourtravelandmore.com\/es\/#\/schema\/logo\/image\/\"},\"sameAs\":[\"https:\/\/www.facebook.com\/tourtravelandmore\/\",\"https:\/\/x.com\/TourTravel_More\"]}]}<\/script>\n<!-- \/ Yoast SEO Premium plugin. -->","yoast_head_json":{"title":"\u27a1\ufe0f Tour privado a la Pen\u00ednsula del Barbanza desde Santiago de Compostela","description":"Disfrute de este tour privado Santiago de Compostela con su gu\u00eda oficial y entradas inclu\u00eddas a la Catedral. M\u00e1ximo exponente del rom\u00e1nico en Espa\u00f1a \u2705","robots":{"index":"index","follow":"follow","max-snippet":"max-snippet:-1","max-image-preview":"max-image-preview:large","max-video-preview":"max-video-preview:-1"},"canonical":"https:\/\/tourtravelandmore.com\/es\/tours\/espana-es\/santiago-de-compostela-es\/santiago-de-compostela-tours-privados-pie-es\/tour-privado-a-pie-de-santiago-de-compostela-copy\/","og_locale":"es_ES","og_type":"article","og_title":"Tour privado a la Pen\u00ednsula del Barbanza desde Santiago de Compostela","og_description":"Disfrute de este tour privado Santiago de Compostela con su gu\u00eda oficial y entradas inclu\u00eddas a la Catedral. M\u00e1ximo exponente del rom\u00e1nico en Espa\u00f1a \u2705","og_url":"https:\/\/tourtravelandmore.com\/es\/tours\/espana-es\/santiago-de-compostela-es\/santiago-de-compostela-tours-privados-pie-es\/tour-privado-a-pie-de-santiago-de-compostela-copy\/","og_site_name":"Tour Travel And More","article_publisher":"https:\/\/www.facebook.com\/tourtravelandmore\/","article_modified_time":"2024-11-27T14:35:42+00:00","og_image":[{"width":550,"height":367,"url":"https:\/\/tourtravelandmore.com\/wp-content\/uploads\/2024\/11\/pobra.welcome-to-galicia.jpg","type":"image\/jpeg"}],"twitter_card":"summary_large_image","twitter_site":"@TourTravel_More","twitter_misc":{"Tiempo de lectura":"2 minutos"},"schema":{"@context":"https:\/\/schema.org","@graph":[{"@type":"WebPage","@id":"https:\/\/tourtravelandmore.com\/es\/tours\/espana-es\/santiago-de-compostela-es\/santiago-de-compostela-tours-privados-pie-es\/tour-privado-a-pie-de-santiago-de-compostela-copy\/","url":"https:\/\/tourtravelandmore.com\/es\/tours\/espana-es\/santiago-de-compostela-es\/santiago-de-compostela-tours-privados-pie-es\/tour-privado-a-pie-de-santiago-de-compostela-copy\/","name":"\u27a1\ufe0f Tour privado a la Pen\u00ednsula del Barbanza desde Santiago de Compostela","isPartOf":{"@id":"https:\/\/tourtravelandmore.com\/es\/#website"},"primaryImageOfPage":{"@id":"https:\/\/tourtravelandmore.com\/es\/tours\/espana-es\/santiago-de-compostela-es\/santiago-de-compostela-tours-privados-pie-es\/tour-privado-a-pie-de-santiago-de-compostela-copy\/#primaryimage"},"image":{"@id":"https:\/\/tourtravelandmore.com\/es\/tours\/espana-es\/santiago-de-compostela-es\/santiago-de-compostela-tours-privados-pie-es\/tour-privado-a-pie-de-santiago-de-compostela-copy\/#primaryimage"},"thumbnailUrl":"https:\/\/tourtravelandmore.com\/wp-content\/uploads\/2024\/11\/pobra.welcome-to-galicia.jpg","datePublished":"2024-11-26T17:39:57+00:00","dateModified":"2024-11-27T14:35:42+00:00","description":"Disfrute de este tour privado Santiago de Compostela con su gu\u00eda oficial y entradas inclu\u00eddas a la Catedral. M\u00e1ximo exponente del rom\u00e1nico en Espa\u00f1a \u2705","breadcrumb":{"@id":"https:\/\/tourtravelandmore.com\/es\/tours\/espana-es\/santiago-de-compostela-es\/santiago-de-compostela-tours-privados-pie-es\/tour-privado-a-pie-de-santiago-de-compostela-copy\/#breadcrumb"},"inLanguage":"es","potentialAction":[{"@type":"ReadAction","target":["https:\/\/tourtravelandmore.com\/es\/tours\/espana-es\/santiago-de-compostela-es\/santiago-de-compostela-tours-privados-pie-es\/tour-privado-a-pie-de-santiago-de-compostela-copy\/"]}]},{"@type":"ImageObject","inLanguage":"es","@id":"https:\/\/tourtravelandmore.com\/es\/tours\/espana-es\/santiago-de-compostela-es\/santiago-de-compostela-tours-privados-pie-es\/tour-privado-a-pie-de-santiago-de-compostela-copy\/#primaryimage","url":"https:\/\/tourtravelandmore.com\/wp-content\/uploads\/2024\/11\/pobra.welcome-to-galicia.jpg","contentUrl":"https:\/\/tourtravelandmore.com\/wp-content\/uploads\/2024\/11\/pobra.welcome-to-galicia.jpg","width":550,"height":367},{"@type":"BreadcrumbList","@id":"https:\/\/tourtravelandmore.com\/es\/tours\/espana-es\/santiago-de-compostela-es\/santiago-de-compostela-tours-privados-pie-es\/tour-privado-a-pie-de-santiago-de-compostela-copy\/#breadcrumb","itemListElement":[{"@type":"ListItem","position":1,"name":"Home","item":"https:\/\/tourtravelandmore.com\/es\/"},{"@type":"ListItem","position":2,"name":"Tours","item":"https:\/\/tourtravelandmore.com\/es\/tours\/"},{"@type":"ListItem","position":3,"name":"Tour privado a la Pen\u00ednsula del Barbanza desde Santiago de Compostela"}]},{"@type":"WebSite","@id":"https:\/\/tourtravelandmore.com\/es\/#website","url":"https:\/\/tourtravelandmore.com\/es\/","name":"Tour Travel And More","description":"Private sightseeing tours and luxury transfers in Spain","publisher":{"@id":"https:\/\/tourtravelandmore.com\/es\/#organization"},"potentialAction":[{"@type":"SearchAction","target":{"@type":"EntryPoint","urlTemplate":"https:\/\/tourtravelandmore.com\/es\/?s={search_term_string}"},"query-input":{"@type":"PropertyValueSpecification","valueRequired":true,"valueName":"search_term_string"}}],"inLanguage":"es"},{"@type":"Organization","@id":"https:\/\/tourtravelandmore.com\/es\/#organization","name":"Tour Travel And More","url":"https:\/\/tourtravelandmore.com\/es\/","logo":{"@type":"ImageObject","inLanguage":"es","@id":"https:\/\/tourtravelandmore.com\/es\/#\/schema\/logo\/image\/","url":"https:\/\/tourtravelandmore.com\/wp-content\/uploads\/2022\/12\/cropped-logo-cabecera-new.png","contentUrl":"https:\/\/tourtravelandmore.com\/wp-content\/uploads\/2022\/12\/cropped-logo-cabecera-new.png","width":430,"height":61,"caption":"Tour Travel And More"},"image":{"@id":"https:\/\/tourtravelandmore.com\/es\/#\/schema\/logo\/image\/"},"sameAs":["https:\/\/www.facebook.com\/tourtravelandmore\/","https:\/\/x.com\/TourTravel_More"]}]}},"_links":{"self":[{"href":"https:\/\/tourtravelandmore.com\/es\/wp-json\/wp\/v2\/product\/178704","targetHints":{"allow":["GET"]}}],"collection":[{"href":"https:\/\/tourtravelandmore.com\/es\/wp-json\/wp\/v2\/product"}],"about":[{"href":"https:\/\/tourtravelandmore.com\/es\/wp-json\/wp\/v2\/types\/product"}],"replies":[{"embeddable":true,"href":"https:\/\/tourtravelandmore.com\/es\/wp-json\/wp\/v2\/comments?post=178704"}],"wp:featuredmedia":[{"embeddable":true,"href":"https:\/\/tourtravelandmore.com\/es\/wp-json\/wp\/v2\/media\/178720"}],"wp:attachment":[{"href":"https:\/\/tourtravelandmore.com\/es\/wp-json\/wp\/v2\/media?parent=178704"}],"wp:term":[{"taxonomy":"product_brand","embeddable":true,"href":"https:\/\/tourtravelandmore.com\/es\/wp-json\/wp\/v2\/product_brand?post=178704"},{"taxonomy":"product_cat","embeddable":true,"href":"https:\/\/tourtravelandmore.com\/es\/wp-json\/wp\/v2\/product_cat?post=178704"},{"taxonomy":"product_tag","embeddable":true,"href":"https:\/\/tourtravelandmore.com\/es\/wp-json\/wp\/v2\/product_tag?post=178704"}],"curies":[{"name":"wp","href":"https:\/\/api.w.org\/{rel}","templated":true}]}}