{"id":178649,"date":"2024-11-19T15:26:14","date_gmt":"2024-11-19T14:26:15","guid":{"rendered":"https:\/\/tourtravelandmore.com\/?post_type=product&#038;p=178649"},"modified":"2024-11-19T15:30:48","modified_gmt":"2024-11-19T14:30:48","slug":"tour-privado-de-la-costa-de-la-muerte-y-cabo-finisterre-copy","status":"publish","type":"product","link":"https:\/\/tourtravelandmore.com\/es\/tours\/espana-es\/ourense-es\/ourense-actividades-es\/tour-privado-de-la-costa-de-la-muerte-y-cabo-finisterre-copy\/","title":{"rendered":"Tour Privado de la Costa de la Muerte y Cabo Finisterre desde Santiago de Compostela"},"content":{"rendered":"<h2><b>Tour privado de la Costa de la Muerte y Cabo Finisterre Descripci\u00f3n<\/b><\/h2>\n<p>Explore la belleza agreste de la Costa da Morte gallega, una regi\u00f3n rica en historia, tradici\u00f3n e impresionantes paisajes. Este exclusivo recorrido privado le ofrece un c\u00f3modo viaje por algunos de los lugares m\u00e1s pintorescos y culturalmente significativos de la salvaje costa atl\u00e1ntica. Con su propio veh\u00edculo y un gu\u00eda experto, se adentrar\u00e1 en el fascinante pasado de la regi\u00f3n, visitar\u00e1 pintorescos pueblos pesqueros y descubrir\u00e1 por qu\u00e9 esta costa ha cautivado a los visitantes durante siglos. Desde las renombradas tradiciones encajeras de Camari\u00f1as hasta el encanto espiritual de Mux\u00eda y los acantilados azotados por el viento de Finisterre, este viaje es perfecto para quienes buscan una conexi\u00f3n m\u00e1s profunda con Galicia.<\/p>\n<p>Tanto si le gusta la belleza natural como la historia o la cultura, esta excursi\u00f3n ser\u00e1 sin duda uno de los momentos culminantes de su viaje a Santiago de Compostela.<\/p>\n<h2><b>Puntos de inter\u00e9s del tour privado Costa de la Muerte y Cabo Finisterre<\/b><\/h2>\n<p>Su aventura comienza con un pintoresco viaje en coche desde Santiago de Compostela, mientras su gu\u00eda comparte la historia y las leyendas que definen la Costa de la Muerte. Lo m\u00e1s destacado incluye la fortaleza medieval de Vimianzo y una parada en el famoso Santuario de Nuestra Se\u00f1ora de la Barca en Mux\u00eda, antes de llegar al punto m\u00e1s occidental de Espa\u00f1a en el Cabo Finisterre. Esta excursi\u00f3n privada promete un inolvidable d\u00eda de descubrimientos.<\/p>\n<ul>\n<li><b><strong>Transporte privado y gu\u00eda experto<\/strong><\/b>: Viaje c\u00f3modamente con un servicio personalizado, garantizando una experiencia a su medida.<\/li>\n<li><b><strong>Visite Camari\u00f1as<\/strong><\/b>: Descubra el arte del encaje, una tradici\u00f3n transmitida de generaci\u00f3n en generaci\u00f3n en este encantador pueblo costero.<\/li>\n<li><b><strong>Castillo de Vimianzo<\/strong><\/b>: Explore uno de los ejemplos m\u00e1s impresionantes de arquitectura militar medieval de Galicia.<\/li>\n<li><b><strong>Mux\u00eda y el Santuario de Nuestra Se\u00f1ora de la Barca<\/strong><\/b>: Visite este importante lugar de peregrinaci\u00f3n, cargado de leyendas e historia mar\u00edtima.<\/li>\n<li><b><strong>Cabo Finisterre<\/strong><\/b>: Sit\u00faese en el fin del mundo, donde los dram\u00e1ticos acantilados se encuentran con el vasto Oc\u00e9ano Atl\u00e1ntico.<\/li>\n<\/ul>\n<p>Tour Travel and More ofrece una amplia gama de<a href=\"https:\/\/tourtravelandmore.com\/es\/ciudad\/espana-es\/santiago-de-compostela-es\/\">visitas privadas en Santiago de Compostela<\/a> y sus alrededores. Visite nuestra p\u00e1gina web o consulte nuestra lista completa de tours y para reservar su pr\u00f3xima aventura hoy mismo.<\/p>\n","protected":false},"excerpt":{"rendered":"<p><span style=\"font-weight: 400;\">Explore la impresionante costa de Galicia en una excursi\u00f3n privada de 8 horas con Tour Travel and More. Descubra la belleza agreste de la Costa de la Muerte y el emblem\u00e1tico Cabo Finisterre, con gu\u00eda y veh\u00edculo privados.<\/span><\/p>\n","protected":false},"featured_media":10325,"comment_status":"open","ping_status":"closed","template":"","meta":{"_acf_changed":false},"product_brand":[],"product_cat":[2623,2635,2637,2622,2629,2631,2624,2641,2643,1868,1872,1873,1874,1861,1866,1865,1864],"product_tag":[],"class_list":{"0":"post-178649","1":"product","2":"type-product","3":"status-publish","4":"has-post-thumbnail","6":"product_cat-pontevedra-es","7":"product_cat-pontevedra-actividades-es","8":"product_cat-pontevedra-excursiones-es","9":"product_cat-lugo-es","10":"product_cat-lugo-actividades-es","11":"product_cat-lugo-tours-es","12":"product_cat-ourense-es","13":"product_cat-ourense-actividades-es","14":"product_cat-ourense-tours-privados-es","15":"product_cat-santiago-de-compostela-es","16":"product_cat-santiago-de-compostela-actividades-es","17":"product_cat-santiago-de-compostela-excursiones-es","18":"product_cat-santiago-de-compostela-rutas-turisticas-privadas-es","19":"product_cat-vigo-es","20":"product_cat-vigo-actividades-es","21":"product_cat-vigo-excursiones-es","22":"product_cat-vigo-rutas-turisticas-privadas-es","24":"first","25":"instock","26":"shipping-taxable","27":"purchasable","28":"product-type-simple"},"acf":[],"yoast_head":"<!-- This site is optimized with the Yoast SEO Premium plugin v25.3.1 (Yoast SEO v25.3.1) - https:\/\/yoast.com\/wordpress\/plugins\/seo\/ -->\n<title>\u27a1\ufe0f Tour Costa de la Muerte y Cabo Finisterre | Tour Travel &amp; More<\/title>\n<meta name=\"description\" content=\"Disfruta de este tour privado de Costa de la Muerte y Cabo Finisterre. Viaja al fin del mundo y descubre las leyendas de Romanas y Ceutas junto a su gu\u00eda \u2705\" \/>\n<meta name=\"robots\" content=\"index, follow, max-snippet:-1, max-image-preview:large, max-video-preview:-1\" \/>\n<link rel=\"canonical\" href=\"https:\/\/tourtravelandmore.com\/es\/tours\/espana-es\/ourense-es\/ourense-actividades-es\/tour-privado-de-la-costa-de-la-muerte-y-cabo-finisterre-copy\/\" \/>\n<meta property=\"og:locale\" content=\"es_ES\" \/>\n<meta property=\"og:type\" content=\"article\" \/>\n<meta property=\"og:title\" content=\"Tour Privado de la Costa de la Muerte y Cabo Finisterre desde Santiago de Compostela\" \/>\n<meta property=\"og:description\" content=\"Disfruta de este tour privado de Costa de la Muerte y Cabo Finisterre. Viaja al fin del mundo y descubre las leyendas de Romanas y Ceutas junto a su gu\u00eda \u2705\" \/>\n<meta property=\"og:url\" content=\"https:\/\/tourtravelandmore.com\/es\/tours\/espana-es\/ourense-es\/ourense-actividades-es\/tour-privado-de-la-costa-de-la-muerte-y-cabo-finisterre-copy\/\" \/>\n<meta property=\"og:site_name\" content=\"Tour Travel And More\" \/>\n<meta property=\"article:publisher\" content=\"https:\/\/www.facebook.com\/tourtravelandmore\/\" \/>\n<meta property=\"article:modified_time\" content=\"2024-11-19T14:30:48+00:00\" \/>\n<meta property=\"og:image\" content=\"https:\/\/tourtravelandmore.com\/wp-content\/uploads\/2017\/01\/37_imagen.jpg\" \/>\n\t<meta property=\"og:image:width\" content=\"1064\" \/>\n\t<meta property=\"og:image:height\" content=\"654\" \/>\n\t<meta property=\"og:image:type\" content=\"image\/jpeg\" \/>\n<meta name=\"twitter:card\" content=\"summary_large_image\" \/>\n<meta name=\"twitter:site\" content=\"@TourTravel_More\" \/>\n<meta name=\"twitter:label1\" content=\"Tiempo de lectura\" \/>\n\t<meta name=\"twitter:data1\" content=\"4 minutos\" \/>\n<script type=\"application\/ld+json\" class=\"yoast-schema-graph\">{\"@context\":\"https:\/\/schema.org\",\"@graph\":[{\"@type\":\"WebPage\",\"@id\":\"https:\/\/tourtravelandmore.com\/es\/tours\/espana-es\/ourense-es\/ourense-actividades-es\/tour-privado-de-la-costa-de-la-muerte-y-cabo-finisterre-copy\/\",\"url\":\"https:\/\/tourtravelandmore.com\/es\/tours\/espana-es\/ourense-es\/ourense-actividades-es\/tour-privado-de-la-costa-de-la-muerte-y-cabo-finisterre-copy\/\",\"name\":\"\u27a1\ufe0f Tour Costa de la Muerte y Cabo Finisterre | Tour Travel & More\",\"isPartOf\":{\"@id\":\"https:\/\/tourtravelandmore.com\/es\/#website\"},\"primaryImageOfPage\":{\"@id\":\"https:\/\/tourtravelandmore.com\/es\/tours\/espana-es\/ourense-es\/ourense-actividades-es\/tour-privado-de-la-costa-de-la-muerte-y-cabo-finisterre-copy\/#primaryimage\"},\"image\":{\"@id\":\"https:\/\/tourtravelandmore.com\/es\/tours\/espana-es\/ourense-es\/ourense-actividades-es\/tour-privado-de-la-costa-de-la-muerte-y-cabo-finisterre-copy\/#primaryimage\"},\"thumbnailUrl\":\"https:\/\/tourtravelandmore.com\/wp-content\/uploads\/2017\/01\/37_imagen.jpg\",\"datePublished\":\"2024-11-19T14:26:15+00:00\",\"dateModified\":\"2024-11-19T14:30:48+00:00\",\"description\":\"Disfruta de este tour privado de Costa de la Muerte y Cabo Finisterre. Viaja al fin del mundo y descubre las leyendas de Romanas y Ceutas junto a su gu\u00eda \u2705\",\"breadcrumb\":{\"@id\":\"https:\/\/tourtravelandmore.com\/es\/tours\/espana-es\/ourense-es\/ourense-actividades-es\/tour-privado-de-la-costa-de-la-muerte-y-cabo-finisterre-copy\/#breadcrumb\"},\"inLanguage\":\"es\",\"potentialAction\":[{\"@type\":\"ReadAction\",\"target\":[\"https:\/\/tourtravelandmore.com\/es\/tours\/espana-es\/ourense-es\/ourense-actividades-es\/tour-privado-de-la-costa-de-la-muerte-y-cabo-finisterre-copy\/\"]}]},{\"@type\":\"ImageObject\",\"inLanguage\":\"es\",\"@id\":\"https:\/\/tourtravelandmore.com\/es\/tours\/espana-es\/ourense-es\/ourense-actividades-es\/tour-privado-de-la-costa-de-la-muerte-y-cabo-finisterre-copy\/#primaryimage\",\"url\":\"https:\/\/tourtravelandmore.com\/wp-content\/uploads\/2017\/01\/37_imagen.jpg\",\"contentUrl\":\"https:\/\/tourtravelandmore.com\/wp-content\/uploads\/2017\/01\/37_imagen.jpg\",\"width\":1064,\"height\":654},{\"@type\":\"BreadcrumbList\",\"@id\":\"https:\/\/tourtravelandmore.com\/es\/tours\/espana-es\/ourense-es\/ourense-actividades-es\/tour-privado-de-la-costa-de-la-muerte-y-cabo-finisterre-copy\/#breadcrumb\",\"itemListElement\":[{\"@type\":\"ListItem\",\"position\":1,\"name\":\"Home\",\"item\":\"https:\/\/tourtravelandmore.com\/es\/\"},{\"@type\":\"ListItem\",\"position\":2,\"name\":\"Tours\",\"item\":\"https:\/\/tourtravelandmore.com\/es\/tours\/\"},{\"@type\":\"ListItem\",\"position\":3,\"name\":\"Tour Privado de la Costa de la Muerte y Cabo Finisterre desde Santiago de Compostela\"}]},{\"@type\":\"WebSite\",\"@id\":\"https:\/\/tourtravelandmore.com\/es\/#website\",\"url\":\"https:\/\/tourtravelandmore.com\/es\/\",\"name\":\"Tour Travel And More\",\"description\":\"Private sightseeing tours and luxury transfers in Spain\",\"publisher\":{\"@id\":\"https:\/\/tourtravelandmore.com\/es\/#organization\"},\"potentialAction\":[{\"@type\":\"SearchAction\",\"target\":{\"@type\":\"EntryPoint\",\"urlTemplate\":\"https:\/\/tourtravelandmore.com\/es\/?s={search_term_string}\"},\"query-input\":{\"@type\":\"PropertyValueSpecification\",\"valueRequired\":true,\"valueName\":\"search_term_string\"}}],\"inLanguage\":\"es\"},{\"@type\":\"Organization\",\"@id\":\"https:\/\/tourtravelandmore.com\/es\/#organization\",\"name\":\"Tour Travel And More\",\"url\":\"https:\/\/tourtravelandmore.com\/es\/\",\"logo\":{\"@type\":\"ImageObject\",\"inLanguage\":\"es\",\"@id\":\"https:\/\/tourtravelandmore.com\/es\/#\/schema\/logo\/image\/\",\"url\":\"https:\/\/tourtravelandmore.com\/wp-content\/uploads\/2022\/12\/cropped-logo-cabecera-new.png\",\"contentUrl\":\"https:\/\/tourtravelandmore.com\/wp-content\/uploads\/2022\/12\/cropped-logo-cabecera-new.png\",\"width\":430,\"height\":61,\"caption\":\"Tour Travel And More\"},\"image\":{\"@id\":\"https:\/\/tourtravelandmore.com\/es\/#\/schema\/logo\/image\/\"},\"sameAs\":[\"https:\/\/www.facebook.com\/tourtravelandmore\/\",\"https:\/\/x.com\/TourTravel_More\"]}]}<\/script>\n<!-- \/ Yoast SEO Premium plugin. -->","yoast_head_json":{"title":"\u27a1\ufe0f Tour Costa de la Muerte y Cabo Finisterre | Tour Travel & More","description":"Disfruta de este tour privado de Costa de la Muerte y Cabo Finisterre. Viaja al fin del mundo y descubre las leyendas de Romanas y Ceutas junto a su gu\u00eda \u2705","robots":{"index":"index","follow":"follow","max-snippet":"max-snippet:-1","max-image-preview":"max-image-preview:large","max-video-preview":"max-video-preview:-1"},"canonical":"https:\/\/tourtravelandmore.com\/es\/tours\/espana-es\/ourense-es\/ourense-actividades-es\/tour-privado-de-la-costa-de-la-muerte-y-cabo-finisterre-copy\/","og_locale":"es_ES","og_type":"article","og_title":"Tour Privado de la Costa de la Muerte y Cabo Finisterre desde Santiago de Compostela","og_description":"Disfruta de este tour privado de Costa de la Muerte y Cabo Finisterre. Viaja al fin del mundo y descubre las leyendas de Romanas y Ceutas junto a su gu\u00eda \u2705","og_url":"https:\/\/tourtravelandmore.com\/es\/tours\/espana-es\/ourense-es\/ourense-actividades-es\/tour-privado-de-la-costa-de-la-muerte-y-cabo-finisterre-copy\/","og_site_name":"Tour Travel And More","article_publisher":"https:\/\/www.facebook.com\/tourtravelandmore\/","article_modified_time":"2024-11-19T14:30:48+00:00","og_image":[{"width":1064,"height":654,"url":"https:\/\/tourtravelandmore.com\/wp-content\/uploads\/2017\/01\/37_imagen.jpg","type":"image\/jpeg"}],"twitter_card":"summary_large_image","twitter_site":"@TourTravel_More","twitter_misc":{"Tiempo de lectura":"4 minutos"},"schema":{"@context":"https:\/\/schema.org","@graph":[{"@type":"WebPage","@id":"https:\/\/tourtravelandmore.com\/es\/tours\/espana-es\/ourense-es\/ourense-actividades-es\/tour-privado-de-la-costa-de-la-muerte-y-cabo-finisterre-copy\/","url":"https:\/\/tourtravelandmore.com\/es\/tours\/espana-es\/ourense-es\/ourense-actividades-es\/tour-privado-de-la-costa-de-la-muerte-y-cabo-finisterre-copy\/","name":"\u27a1\ufe0f Tour Costa de la Muerte y Cabo Finisterre | Tour Travel & More","isPartOf":{"@id":"https:\/\/tourtravelandmore.com\/es\/#website"},"primaryImageOfPage":{"@id":"https:\/\/tourtravelandmore.com\/es\/tours\/espana-es\/ourense-es\/ourense-actividades-es\/tour-privado-de-la-costa-de-la-muerte-y-cabo-finisterre-copy\/#primaryimage"},"image":{"@id":"https:\/\/tourtravelandmore.com\/es\/tours\/espana-es\/ourense-es\/ourense-actividades-es\/tour-privado-de-la-costa-de-la-muerte-y-cabo-finisterre-copy\/#primaryimage"},"thumbnailUrl":"https:\/\/tourtravelandmore.com\/wp-content\/uploads\/2017\/01\/37_imagen.jpg","datePublished":"2024-11-19T14:26:15+00:00","dateModified":"2024-11-19T14:30:48+00:00","description":"Disfruta de este tour privado de Costa de la Muerte y Cabo Finisterre. Viaja al fin del mundo y descubre las leyendas de Romanas y Ceutas junto a su gu\u00eda \u2705","breadcrumb":{"@id":"https:\/\/tourtravelandmore.com\/es\/tours\/espana-es\/ourense-es\/ourense-actividades-es\/tour-privado-de-la-costa-de-la-muerte-y-cabo-finisterre-copy\/#breadcrumb"},"inLanguage":"es","potentialAction":[{"@type":"ReadAction","target":["https:\/\/tourtravelandmore.com\/es\/tours\/espana-es\/ourense-es\/ourense-actividades-es\/tour-privado-de-la-costa-de-la-muerte-y-cabo-finisterre-copy\/"]}]},{"@type":"ImageObject","inLanguage":"es","@id":"https:\/\/tourtravelandmore.com\/es\/tours\/espana-es\/ourense-es\/ourense-actividades-es\/tour-privado-de-la-costa-de-la-muerte-y-cabo-finisterre-copy\/#primaryimage","url":"https:\/\/tourtravelandmore.com\/wp-content\/uploads\/2017\/01\/37_imagen.jpg","contentUrl":"https:\/\/tourtravelandmore.com\/wp-content\/uploads\/2017\/01\/37_imagen.jpg","width":1064,"height":654},{"@type":"BreadcrumbList","@id":"https:\/\/tourtravelandmore.com\/es\/tours\/espana-es\/ourense-es\/ourense-actividades-es\/tour-privado-de-la-costa-de-la-muerte-y-cabo-finisterre-copy\/#breadcrumb","itemListElement":[{"@type":"ListItem","position":1,"name":"Home","item":"https:\/\/tourtravelandmore.com\/es\/"},{"@type":"ListItem","position":2,"name":"Tours","item":"https:\/\/tourtravelandmore.com\/es\/tours\/"},{"@type":"ListItem","position":3,"name":"Tour Privado de la Costa de la Muerte y Cabo Finisterre desde Santiago de Compostela"}]},{"@type":"WebSite","@id":"https:\/\/tourtravelandmore.com\/es\/#website","url":"https:\/\/tourtravelandmore.com\/es\/","name":"Tour Travel And More","description":"Private sightseeing tours and luxury transfers in Spain","publisher":{"@id":"https:\/\/tourtravelandmore.com\/es\/#organization"},"potentialAction":[{"@type":"SearchAction","target":{"@type":"EntryPoint","urlTemplate":"https:\/\/tourtravelandmore.com\/es\/?s={search_term_string}"},"query-input":{"@type":"PropertyValueSpecification","valueRequired":true,"valueName":"search_term_string"}}],"inLanguage":"es"},{"@type":"Organization","@id":"https:\/\/tourtravelandmore.com\/es\/#organization","name":"Tour Travel And More","url":"https:\/\/tourtravelandmore.com\/es\/","logo":{"@type":"ImageObject","inLanguage":"es","@id":"https:\/\/tourtravelandmore.com\/es\/#\/schema\/logo\/image\/","url":"https:\/\/tourtravelandmore.com\/wp-content\/uploads\/2022\/12\/cropped-logo-cabecera-new.png","contentUrl":"https:\/\/tourtravelandmore.com\/wp-content\/uploads\/2022\/12\/cropped-logo-cabecera-new.png","width":430,"height":61,"caption":"Tour Travel And More"},"image":{"@id":"https:\/\/tourtravelandmore.com\/es\/#\/schema\/logo\/image\/"},"sameAs":["https:\/\/www.facebook.com\/tourtravelandmore\/","https:\/\/x.com\/TourTravel_More"]}]}},"_links":{"self":[{"href":"https:\/\/tourtravelandmore.com\/es\/wp-json\/wp\/v2\/product\/178649","targetHints":{"allow":["GET"]}}],"collection":[{"href":"https:\/\/tourtravelandmore.com\/es\/wp-json\/wp\/v2\/product"}],"about":[{"href":"https:\/\/tourtravelandmore.com\/es\/wp-json\/wp\/v2\/types\/product"}],"replies":[{"embeddable":true,"href":"https:\/\/tourtravelandmore.com\/es\/wp-json\/wp\/v2\/comments?post=178649"}],"wp:featuredmedia":[{"embeddable":true,"href":"https:\/\/tourtravelandmore.com\/es\/wp-json\/wp\/v2\/media\/10325"}],"wp:attachment":[{"href":"https:\/\/tourtravelandmore.com\/es\/wp-json\/wp\/v2\/media?parent=178649"}],"wp:term":[{"taxonomy":"product_brand","embeddable":true,"href":"https:\/\/tourtravelandmore.com\/es\/wp-json\/wp\/v2\/product_brand?post=178649"},{"taxonomy":"product_cat","embeddable":true,"href":"https:\/\/tourtravelandmore.com\/es\/wp-json\/wp\/v2\/product_cat?post=178649"},{"taxonomy":"product_tag","embeddable":true,"href":"https:\/\/tourtravelandmore.com\/es\/wp-json\/wp\/v2\/product_tag?post=178649"}],"curies":[{"name":"wp","href":"https:\/\/api.w.org\/{rel}","templated":true}]}}