{"id":178562,"date":"2024-11-11T16:27:45","date_gmt":"2024-11-11T15:27:45","guid":{"rendered":"https:\/\/tourtravelandmore.com\/?post_type=product&#038;p=178562"},"modified":"2025-04-11T16:18:26","modified_gmt":"2025-04-11T14:18:26","slug":"tour-privado-de-sauzalito-y-san-francisco-copy","status":"publish","type":"product","link":"https:\/\/tourtravelandmore.com\/es\/tours\/eeuu-es\/san-francisco-es\/san-francisco-actividades-es\/tour-privado-de-sauzalito-y-san-francisco-copy\/","title":{"rendered":"Tour Privado: Lo m\u00e1s destacado de San Francisco &#8211; Alcatraz, Muir Woods y Sauzalito"},"content":{"rendered":"<h2><b><strong>Tour Privado:<\/strong><\/b> <b><strong>Lo m\u00e1s destacado de San Francisco &#8211; Alcatraz, Muir Woods y Sauzalito Descripci\u00f3n<\/strong><\/b><\/h2>\n<p>Disfrute de lo mejor de San Francisco con una exclusiva excursi\u00f3n privada que combina maravillas naturales, lugares emblem\u00e1ticos y una historia cautivadora. En un solo d\u00eda, viaje desde el bullicioso coraz\u00f3n de la ciudad hasta los tranquilos bosques de secuoyas de Muir Woods, el encanto costero de Sausalito y la legendaria isla de Alcatraz.<\/p>\n<p>Nuestro recorrido est\u00e1 cuidadosamente dise\u00f1ado para garantizar que capte la esencia de las atracciones m\u00e1s c\u00e9lebres de San Francisco. Su gu\u00eda tur\u00edstico estar\u00e1 con usted en Muir Woods y Sausalito. A continuaci\u00f3n, se dirigir\u00e1 a Alcatraz y tambi\u00e9n dispondr\u00e1 de tiempo libre para almorzar y disfrutar por su cuenta. Esta excursi\u00f3n privada termina en el muelle 33.<\/p>\n<p>Tanto si se detiene en un puerto de escala de su <b>crucero<\/b>, en una <b>escala<\/b> antes de su pr\u00f3ximo destino o de <b>vacaciones<\/b> en la ciudad; estamos a su disposici\u00f3n para hacer que su experiencia sea \u00fanica.<\/p>\n<h2><b><strong>Puntos de inter\u00e9s y lugares emblem\u00e1ticos<\/strong><\/b><\/h2>\n<p>Comenzando con una escapada a los serenos paisajes del Monumento Nacional de Muir Woods, hogar de las imponentes secuoyas centenarias, algunos de los \u00e1rboles m\u00e1s altos del mundo . M\u00e1s tarde, un pintoresco paseo en coche hasta Sausalito, una pintoresca ciudad costera conocida por su ambiente art\u00edstico, su pintoresco paseo mar\u00edtimo y sus encantadoras boutiques.. Complete su d\u00eda con Alcatraz, su gu\u00eda personal compartir\u00e1 la historia \u00fanica de esta antigua prisi\u00f3n, famosa por albergar a criminales notorios y ofrecer unas vistas excepcionales del horizonte de San Francisco.<\/p>\n<p>Con un conductor exclusivo para la parte de Sausalito y Muir Woods, un gu\u00eda experto a su lado durante todo el d\u00eda y entradas a Alcatraz incluidas, esta excursi\u00f3n privada de 10 horas promete una experiencia perfecta e inolvidable.<\/p>\n<p><b><strong>Un ejemplo de lo que ver\u00e1 entre otros en esta excursi\u00f3n de 10 horas es<\/strong><\/b><\/p>\n<ul>\n<li><b><strong>Monumento Nacional de Muir Woods<\/strong><\/b>\n<ul>\n<li>Camine entre las imponentes secuoyas, algunas de m\u00e1s de mil a\u00f1os.<\/li>\n<li>Absorba el apacible ambiente de este sobrecogedor bosque.<\/li>\n<li>Aprenda de su gu\u00eda sobre el ecosistema y la historia \u00fanicos de la zona.<\/li>\n<\/ul>\n<\/li>\n<li><b><strong>Sausalito<\/strong><\/b>\n<ul>\n<li>Pasee por esta encantadora ciudad costera de aire mediterr\u00e1neo.<\/li>\n<li>Recorra las galer\u00edas de arte locales, las boutiques y disfrute del pintoresco paseo mar\u00edtimo.<\/li>\n<li>Capte vistas panor\u00e1micas de San Francisco desde el otro lado de la bah\u00eda.<\/li>\n<\/ul>\n<\/li>\n<li><b><strong>Visita a la isla de Alcatraz<\/strong><\/b>\n<ul>\n<li>Explore la hist\u00f3rica prisi\u00f3n de Alcatraz con entradas incluidas.<\/li>\n<li>Descubra las historias de sus infames reclusos y sus intentos de fuga.<\/li>\n<li>Disfrute de unas vistas incomparables de la bah\u00eda de San Francisco desde la isla.<\/li>\n<\/ul>\n<\/li>\n<\/ul>\n<p>Descubra los lugares emblem\u00e1ticos, la belleza natural y la fascinante historia de San Francisco en esta excursi\u00f3n guiada por expertos que combina lujo, comodidad y experiencias \u00fanicas, preparada s\u00f3lo para usted por Tour Travel &amp; More.<\/p>\n","protected":false},"excerpt":{"rendered":"<p>Disfrute de lo mejor de San Francisco con una exclusiva excursi\u00f3n privada que combina maravillas naturales, lugares emblem\u00e1ticos y una historia cautivadora. En un solo d\u00eda, viaje desde el bullicioso coraz\u00f3n de la ciudad hasta los tranquilos bosques de secuoyas de Muir Woods, el encanto costero de Sausalito y la legendaria isla de Alcatraz.<\/p>\n","protected":false},"featured_media":178586,"comment_status":"open","ping_status":"closed","template":"","meta":{"_acf_changed":false},"product_brand":[],"product_cat":[1602,2149,2155,2663],"product_tag":[],"class_list":{"0":"post-178562","1":"product","2":"type-product","3":"status-publish","4":"has-post-thumbnail","6":"product_cat-eeuu-es","7":"product_cat-san-francisco-es","8":"product_cat-san-francisco-actividades-es","9":"product_cat-san-francisco-tours-es","11":"first","12":"instock","13":"shipping-taxable","14":"purchasable","15":"product-type-simple"},"acf":[],"yoast_head":"<!-- This site is optimized with the Yoast SEO Premium plugin v25.3.1 (Yoast SEO v25.3.1) - https:\/\/yoast.com\/wordpress\/plugins\/seo\/ -->\n<title>Tour Privado: Lo m\u00e1s destacado de San Francisco - Alcatraz, Muir Woods y Sauzalito<\/title>\n<meta name=\"description\" content=\"\u2192 Reserve este tour de San Francisco junto a un gu\u00eda oficial privado. Descubra los lugares m\u00e1s alucinantes de esta ciudad en su veh\u00edculo. \u2705\" \/>\n<meta name=\"robots\" content=\"index, follow, max-snippet:-1, max-image-preview:large, max-video-preview:-1\" \/>\n<link rel=\"canonical\" href=\"https:\/\/tourtravelandmore.com\/es\/tours\/eeuu-es\/san-francisco-es\/san-francisco-actividades-es\/tour-privado-de-sauzalito-y-san-francisco-copy\/\" \/>\n<meta property=\"og:locale\" content=\"es_ES\" \/>\n<meta property=\"og:type\" content=\"article\" \/>\n<meta property=\"og:title\" content=\"Tour Privado: Lo m\u00e1s destacado de San Francisco - Alcatraz, Muir Woods y Sauzalito\" \/>\n<meta property=\"og:description\" content=\"\u2192 Reserve este tour de San Francisco junto a un gu\u00eda oficial privado. Descubra los lugares m\u00e1s alucinantes de esta ciudad en su veh\u00edculo. \u2705\" \/>\n<meta property=\"og:url\" content=\"https:\/\/tourtravelandmore.com\/es\/tours\/eeuu-es\/san-francisco-es\/san-francisco-actividades-es\/tour-privado-de-sauzalito-y-san-francisco-copy\/\" \/>\n<meta property=\"og:site_name\" content=\"Tour Travel And More\" \/>\n<meta property=\"article:publisher\" content=\"https:\/\/www.facebook.com\/tourtravelandmore\/\" \/>\n<meta property=\"article:modified_time\" content=\"2025-04-11T14:18:26+00:00\" \/>\n<meta property=\"og:image\" content=\"https:\/\/tourtravelandmore.com\/wp-content\/uploads\/2024\/11\/pexels-am83-12907465.jpg\" \/>\n\t<meta property=\"og:image:width\" content=\"1279\" \/>\n\t<meta property=\"og:image:height\" content=\"854\" \/>\n\t<meta property=\"og:image:type\" content=\"image\/jpeg\" \/>\n<meta name=\"twitter:card\" content=\"summary_large_image\" \/>\n<meta name=\"twitter:site\" content=\"@TourTravel_More\" \/>\n<meta name=\"twitter:label1\" content=\"Tiempo de lectura\" \/>\n\t<meta name=\"twitter:data1\" content=\"3 minutos\" \/>\n<script type=\"application\/ld+json\" class=\"yoast-schema-graph\">{\"@context\":\"https:\/\/schema.org\",\"@graph\":[{\"@type\":\"WebPage\",\"@id\":\"https:\/\/tourtravelandmore.com\/es\/tours\/eeuu-es\/san-francisco-es\/san-francisco-actividades-es\/tour-privado-de-sauzalito-y-san-francisco-copy\/\",\"url\":\"https:\/\/tourtravelandmore.com\/es\/tours\/eeuu-es\/san-francisco-es\/san-francisco-actividades-es\/tour-privado-de-sauzalito-y-san-francisco-copy\/\",\"name\":\"Tour Privado: Lo m\u00e1s destacado de San Francisco - Alcatraz, Muir Woods y Sauzalito\",\"isPartOf\":{\"@id\":\"https:\/\/tourtravelandmore.com\/es\/#website\"},\"primaryImageOfPage\":{\"@id\":\"https:\/\/tourtravelandmore.com\/es\/tours\/eeuu-es\/san-francisco-es\/san-francisco-actividades-es\/tour-privado-de-sauzalito-y-san-francisco-copy\/#primaryimage\"},\"image\":{\"@id\":\"https:\/\/tourtravelandmore.com\/es\/tours\/eeuu-es\/san-francisco-es\/san-francisco-actividades-es\/tour-privado-de-sauzalito-y-san-francisco-copy\/#primaryimage\"},\"thumbnailUrl\":\"https:\/\/tourtravelandmore.com\/wp-content\/uploads\/2024\/11\/pexels-am83-12907465.jpg\",\"datePublished\":\"2024-11-11T15:27:45+00:00\",\"dateModified\":\"2025-04-11T14:18:26+00:00\",\"description\":\"\u2192 Reserve este tour de San Francisco junto a un gu\u00eda oficial privado. Descubra los lugares m\u00e1s alucinantes de esta ciudad en su veh\u00edculo. \u2705\",\"breadcrumb\":{\"@id\":\"https:\/\/tourtravelandmore.com\/es\/tours\/eeuu-es\/san-francisco-es\/san-francisco-actividades-es\/tour-privado-de-sauzalito-y-san-francisco-copy\/#breadcrumb\"},\"inLanguage\":\"es\",\"potentialAction\":[{\"@type\":\"ReadAction\",\"target\":[\"https:\/\/tourtravelandmore.com\/es\/tours\/eeuu-es\/san-francisco-es\/san-francisco-actividades-es\/tour-privado-de-sauzalito-y-san-francisco-copy\/\"]}]},{\"@type\":\"ImageObject\",\"inLanguage\":\"es\",\"@id\":\"https:\/\/tourtravelandmore.com\/es\/tours\/eeuu-es\/san-francisco-es\/san-francisco-actividades-es\/tour-privado-de-sauzalito-y-san-francisco-copy\/#primaryimage\",\"url\":\"https:\/\/tourtravelandmore.com\/wp-content\/uploads\/2024\/11\/pexels-am83-12907465.jpg\",\"contentUrl\":\"https:\/\/tourtravelandmore.com\/wp-content\/uploads\/2024\/11\/pexels-am83-12907465.jpg\",\"width\":1279,\"height\":854},{\"@type\":\"BreadcrumbList\",\"@id\":\"https:\/\/tourtravelandmore.com\/es\/tours\/eeuu-es\/san-francisco-es\/san-francisco-actividades-es\/tour-privado-de-sauzalito-y-san-francisco-copy\/#breadcrumb\",\"itemListElement\":[{\"@type\":\"ListItem\",\"position\":1,\"name\":\"Home\",\"item\":\"https:\/\/tourtravelandmore.com\/es\/\"},{\"@type\":\"ListItem\",\"position\":2,\"name\":\"Tours\",\"item\":\"https:\/\/tourtravelandmore.com\/es\/tours\/\"},{\"@type\":\"ListItem\",\"position\":3,\"name\":\"Tour Privado: Lo m\u00e1s destacado de San Francisco &#8211; Alcatraz, Muir Woods y Sauzalito\"}]},{\"@type\":\"WebSite\",\"@id\":\"https:\/\/tourtravelandmore.com\/es\/#website\",\"url\":\"https:\/\/tourtravelandmore.com\/es\/\",\"name\":\"Tour Travel And More\",\"description\":\"Private sightseeing tours and luxury transfers in Spain\",\"publisher\":{\"@id\":\"https:\/\/tourtravelandmore.com\/es\/#organization\"},\"potentialAction\":[{\"@type\":\"SearchAction\",\"target\":{\"@type\":\"EntryPoint\",\"urlTemplate\":\"https:\/\/tourtravelandmore.com\/es\/?s={search_term_string}\"},\"query-input\":{\"@type\":\"PropertyValueSpecification\",\"valueRequired\":true,\"valueName\":\"search_term_string\"}}],\"inLanguage\":\"es\"},{\"@type\":\"Organization\",\"@id\":\"https:\/\/tourtravelandmore.com\/es\/#organization\",\"name\":\"Tour Travel And More\",\"url\":\"https:\/\/tourtravelandmore.com\/es\/\",\"logo\":{\"@type\":\"ImageObject\",\"inLanguage\":\"es\",\"@id\":\"https:\/\/tourtravelandmore.com\/es\/#\/schema\/logo\/image\/\",\"url\":\"https:\/\/tourtravelandmore.com\/wp-content\/uploads\/2022\/12\/cropped-logo-cabecera-new.png\",\"contentUrl\":\"https:\/\/tourtravelandmore.com\/wp-content\/uploads\/2022\/12\/cropped-logo-cabecera-new.png\",\"width\":430,\"height\":61,\"caption\":\"Tour Travel And More\"},\"image\":{\"@id\":\"https:\/\/tourtravelandmore.com\/es\/#\/schema\/logo\/image\/\"},\"sameAs\":[\"https:\/\/www.facebook.com\/tourtravelandmore\/\",\"https:\/\/x.com\/TourTravel_More\"]}]}<\/script>\n<!-- \/ Yoast SEO Premium plugin. -->","yoast_head_json":{"title":"Tour Privado: Lo m\u00e1s destacado de San Francisco - Alcatraz, Muir Woods y Sauzalito","description":"\u2192 Reserve este tour de San Francisco junto a un gu\u00eda oficial privado. Descubra los lugares m\u00e1s alucinantes de esta ciudad en su veh\u00edculo. \u2705","robots":{"index":"index","follow":"follow","max-snippet":"max-snippet:-1","max-image-preview":"max-image-preview:large","max-video-preview":"max-video-preview:-1"},"canonical":"https:\/\/tourtravelandmore.com\/es\/tours\/eeuu-es\/san-francisco-es\/san-francisco-actividades-es\/tour-privado-de-sauzalito-y-san-francisco-copy\/","og_locale":"es_ES","og_type":"article","og_title":"Tour Privado: Lo m\u00e1s destacado de San Francisco - Alcatraz, Muir Woods y Sauzalito","og_description":"\u2192 Reserve este tour de San Francisco junto a un gu\u00eda oficial privado. Descubra los lugares m\u00e1s alucinantes de esta ciudad en su veh\u00edculo. \u2705","og_url":"https:\/\/tourtravelandmore.com\/es\/tours\/eeuu-es\/san-francisco-es\/san-francisco-actividades-es\/tour-privado-de-sauzalito-y-san-francisco-copy\/","og_site_name":"Tour Travel And More","article_publisher":"https:\/\/www.facebook.com\/tourtravelandmore\/","article_modified_time":"2025-04-11T14:18:26+00:00","og_image":[{"width":1279,"height":854,"url":"https:\/\/tourtravelandmore.com\/wp-content\/uploads\/2024\/11\/pexels-am83-12907465.jpg","type":"image\/jpeg"}],"twitter_card":"summary_large_image","twitter_site":"@TourTravel_More","twitter_misc":{"Tiempo de lectura":"3 minutos"},"schema":{"@context":"https:\/\/schema.org","@graph":[{"@type":"WebPage","@id":"https:\/\/tourtravelandmore.com\/es\/tours\/eeuu-es\/san-francisco-es\/san-francisco-actividades-es\/tour-privado-de-sauzalito-y-san-francisco-copy\/","url":"https:\/\/tourtravelandmore.com\/es\/tours\/eeuu-es\/san-francisco-es\/san-francisco-actividades-es\/tour-privado-de-sauzalito-y-san-francisco-copy\/","name":"Tour Privado: Lo m\u00e1s destacado de San Francisco - Alcatraz, Muir Woods y Sauzalito","isPartOf":{"@id":"https:\/\/tourtravelandmore.com\/es\/#website"},"primaryImageOfPage":{"@id":"https:\/\/tourtravelandmore.com\/es\/tours\/eeuu-es\/san-francisco-es\/san-francisco-actividades-es\/tour-privado-de-sauzalito-y-san-francisco-copy\/#primaryimage"},"image":{"@id":"https:\/\/tourtravelandmore.com\/es\/tours\/eeuu-es\/san-francisco-es\/san-francisco-actividades-es\/tour-privado-de-sauzalito-y-san-francisco-copy\/#primaryimage"},"thumbnailUrl":"https:\/\/tourtravelandmore.com\/wp-content\/uploads\/2024\/11\/pexels-am83-12907465.jpg","datePublished":"2024-11-11T15:27:45+00:00","dateModified":"2025-04-11T14:18:26+00:00","description":"\u2192 Reserve este tour de San Francisco junto a un gu\u00eda oficial privado. Descubra los lugares m\u00e1s alucinantes de esta ciudad en su veh\u00edculo. \u2705","breadcrumb":{"@id":"https:\/\/tourtravelandmore.com\/es\/tours\/eeuu-es\/san-francisco-es\/san-francisco-actividades-es\/tour-privado-de-sauzalito-y-san-francisco-copy\/#breadcrumb"},"inLanguage":"es","potentialAction":[{"@type":"ReadAction","target":["https:\/\/tourtravelandmore.com\/es\/tours\/eeuu-es\/san-francisco-es\/san-francisco-actividades-es\/tour-privado-de-sauzalito-y-san-francisco-copy\/"]}]},{"@type":"ImageObject","inLanguage":"es","@id":"https:\/\/tourtravelandmore.com\/es\/tours\/eeuu-es\/san-francisco-es\/san-francisco-actividades-es\/tour-privado-de-sauzalito-y-san-francisco-copy\/#primaryimage","url":"https:\/\/tourtravelandmore.com\/wp-content\/uploads\/2024\/11\/pexels-am83-12907465.jpg","contentUrl":"https:\/\/tourtravelandmore.com\/wp-content\/uploads\/2024\/11\/pexels-am83-12907465.jpg","width":1279,"height":854},{"@type":"BreadcrumbList","@id":"https:\/\/tourtravelandmore.com\/es\/tours\/eeuu-es\/san-francisco-es\/san-francisco-actividades-es\/tour-privado-de-sauzalito-y-san-francisco-copy\/#breadcrumb","itemListElement":[{"@type":"ListItem","position":1,"name":"Home","item":"https:\/\/tourtravelandmore.com\/es\/"},{"@type":"ListItem","position":2,"name":"Tours","item":"https:\/\/tourtravelandmore.com\/es\/tours\/"},{"@type":"ListItem","position":3,"name":"Tour Privado: Lo m\u00e1s destacado de San Francisco &#8211; Alcatraz, Muir Woods y Sauzalito"}]},{"@type":"WebSite","@id":"https:\/\/tourtravelandmore.com\/es\/#website","url":"https:\/\/tourtravelandmore.com\/es\/","name":"Tour Travel And More","description":"Private sightseeing tours and luxury transfers in Spain","publisher":{"@id":"https:\/\/tourtravelandmore.com\/es\/#organization"},"potentialAction":[{"@type":"SearchAction","target":{"@type":"EntryPoint","urlTemplate":"https:\/\/tourtravelandmore.com\/es\/?s={search_term_string}"},"query-input":{"@type":"PropertyValueSpecification","valueRequired":true,"valueName":"search_term_string"}}],"inLanguage":"es"},{"@type":"Organization","@id":"https:\/\/tourtravelandmore.com\/es\/#organization","name":"Tour Travel And More","url":"https:\/\/tourtravelandmore.com\/es\/","logo":{"@type":"ImageObject","inLanguage":"es","@id":"https:\/\/tourtravelandmore.com\/es\/#\/schema\/logo\/image\/","url":"https:\/\/tourtravelandmore.com\/wp-content\/uploads\/2022\/12\/cropped-logo-cabecera-new.png","contentUrl":"https:\/\/tourtravelandmore.com\/wp-content\/uploads\/2022\/12\/cropped-logo-cabecera-new.png","width":430,"height":61,"caption":"Tour Travel And More"},"image":{"@id":"https:\/\/tourtravelandmore.com\/es\/#\/schema\/logo\/image\/"},"sameAs":["https:\/\/www.facebook.com\/tourtravelandmore\/","https:\/\/x.com\/TourTravel_More"]}]}},"_links":{"self":[{"href":"https:\/\/tourtravelandmore.com\/es\/wp-json\/wp\/v2\/product\/178562","targetHints":{"allow":["GET"]}}],"collection":[{"href":"https:\/\/tourtravelandmore.com\/es\/wp-json\/wp\/v2\/product"}],"about":[{"href":"https:\/\/tourtravelandmore.com\/es\/wp-json\/wp\/v2\/types\/product"}],"replies":[{"embeddable":true,"href":"https:\/\/tourtravelandmore.com\/es\/wp-json\/wp\/v2\/comments?post=178562"}],"wp:featuredmedia":[{"embeddable":true,"href":"https:\/\/tourtravelandmore.com\/es\/wp-json\/wp\/v2\/media\/178586"}],"wp:attachment":[{"href":"https:\/\/tourtravelandmore.com\/es\/wp-json\/wp\/v2\/media?parent=178562"}],"wp:term":[{"taxonomy":"product_brand","embeddable":true,"href":"https:\/\/tourtravelandmore.com\/es\/wp-json\/wp\/v2\/product_brand?post=178562"},{"taxonomy":"product_cat","embeddable":true,"href":"https:\/\/tourtravelandmore.com\/es\/wp-json\/wp\/v2\/product_cat?post=178562"},{"taxonomy":"product_tag","embeddable":true,"href":"https:\/\/tourtravelandmore.com\/es\/wp-json\/wp\/v2\/product_tag?post=178562"}],"curies":[{"name":"wp","href":"https:\/\/api.w.org\/{rel}","templated":true}]}}