{"id":178536,"date":"2024-11-11T16:05:09","date_gmt":"2024-11-11T15:05:09","guid":{"rendered":"https:\/\/tourtravelandmore.com\/?post_type=product&#038;p=178536"},"modified":"2025-02-27T15:48:34","modified_gmt":"2025-02-27T14:48:34","slug":"tour-privado-de-sauzalito-y-muir-woods-desde-san-francisco-copy-3","status":"publish","type":"product","link":"https:\/\/tourtravelandmore.com\/es\/tours\/eeuu-es\/san-francisco-es\/san-francisco-actividades-es\/tour-privado-de-sauzalito-y-muir-woods-desde-san-francisco-copy-3\/","title":{"rendered":"Tour privado de Sausalito y San Francisco"},"content":{"rendered":"<h2><b><strong>Tour privado de Sausalito y San Francisco Descripci\u00f3n<\/strong><\/b><\/h2>\n<p>Descubra lo mejor del \u00c1rea de la Bah\u00eda en esta excursi\u00f3n privada de 6 horas por San Francisco y Sausalito. Comience con un recorrido en coche por los lugares emblem\u00e1ticos de San Francisco, disfrutando de los famosos barrios, las calles hist\u00f3ricas y las vistas panor\u00e1micas que hacen que la ciudad sea inolvidable.<\/p>\n<p>Visite el puente Golden Gate para disfrutar de una vista impresionante antes de cruzar a la encantadora ciudad de Sausalito. Conocida por su impresionante paseo mar\u00edtimo, sus boutiques y galer\u00edas de arte, Sausalito ofrece un ambiente relajado y unas vistas impresionantes del perfil de San Francisco al otro lado de la bah\u00eda.<\/p>\n<p>Tanto si se detiene en un puerto de escala de su <b>crucero<\/b>, en una <b>escala<\/b> antes de su pr\u00f3ximo destino o de <b>vacaciones<\/b> en la ciudad; estamos a su disposici\u00f3n para hacer que su experiencia sea \u00fanica.<\/p>\n<h2><b><strong>Puntos de inter\u00e9s y lugares emblem\u00e1ticos<\/strong><\/b><\/h2>\n<p>Con su gu\u00eda personal y un c\u00f3modo veh\u00edculo privado, tendr\u00e1 la libertad de explorar a su ritmo, aprendiendo sobre la cultura y la historia \u00fanicas de cada zona. Ideal para quienes buscan una experiencia personalizada y en profundidad, esta excursi\u00f3n est\u00e1 dise\u00f1ada para que aproveche al m\u00e1ximo el d\u00eda, con visitas guiadas por expertos y paisajes incre\u00edbles.<\/p>\n<p><b><strong>Un ejemplo de lo que ver\u00e1 entre otros en este recorrido de 8 horas es:<\/strong><\/b><\/p>\n<ul>\n<li><b><strong>Lo m\u00e1s destacado de San Francisco<\/strong><\/b>: Explore lugares de visita obligada, como Fisherman&#8217;s Wharf, Chinatown y North Beach.<\/li>\n<li><b><strong>Puente Golden Gate<\/strong><\/b>: Det\u00e9ngase para hacerse una foto ic\u00f3nica en el puente Golden Gate, con vistas a la bah\u00eda de San Francisco y al condado de Marin.<\/li>\n<li><b><strong>Sausalito<\/strong><\/b>: Pasee por las pintorescas calles de Sausalito, con tiempo para ir de compras por las boutiques y almorzar en un caf\u00e9 frente al mar (comida no incluida).<\/li>\n<li><b><strong>Experiencia guiada personalizada<\/strong><\/b>: Su gu\u00eda privado adaptar\u00e1 el recorrido a sus intereses, proporcion\u00e1ndole conocimientos locales y contexto hist\u00f3rico.<\/li>\n<li><b><strong>C\u00f3modo veh\u00edculo privado<\/strong><\/b>: Disfrute de la comodidad de un veh\u00edculo privado con recogida y entrega en su hotel o lugar preferido.<\/li>\n<\/ul>\n<p>Perm\u00edtanos ofrecerle un viaje envolvente de la ciudad a la naturaleza y a la encantadora ciudad portuaria, todo en una memorable excursi\u00f3n de medio d\u00eda.<\/p>\n","protected":false},"excerpt":{"rendered":"<p>Descubra lo mejor del \u00c1rea de la Bah\u00eda en esta excursi\u00f3n privada de 6 horas por San Francisco y Sausalito. Comience con un recorrido en coche por los lugares emblem\u00e1ticos de San Francisco, disfrutando de los famosos barrios, las calles hist\u00f3ricas y las vistas panor\u00e1micas que hacen que la ciudad sea inolvidable.<\/p>\n","protected":false},"featured_media":178552,"comment_status":"open","ping_status":"closed","template":"","meta":{"_acf_changed":false},"product_brand":[],"product_cat":[1602,2149,2155,2663],"product_tag":[],"class_list":{"0":"post-178536","1":"product","2":"type-product","3":"status-publish","4":"has-post-thumbnail","6":"product_cat-eeuu-es","7":"product_cat-san-francisco-es","8":"product_cat-san-francisco-actividades-es","9":"product_cat-san-francisco-tours-es","11":"first","12":"instock","13":"shipping-taxable","14":"purchasable","15":"product-type-simple"},"acf":[],"yoast_head":"<!-- This site is optimized with the Yoast SEO Premium plugin v25.3.1 (Yoast SEO v25.3.1) - https:\/\/yoast.com\/wordpress\/plugins\/seo\/ -->\n<title>Tour privado de Sausalito y San Francisco<\/title>\n<meta name=\"description\" content=\"\u2192 Reserve este tour de San Francisco junto a un gu\u00eda oficial privado. Descubra los lugares m\u00e1s alucinantes de esta ciudad en su veh\u00edculo. \u2705\" \/>\n<meta name=\"robots\" content=\"index, follow, max-snippet:-1, max-image-preview:large, max-video-preview:-1\" \/>\n<link rel=\"canonical\" href=\"https:\/\/tourtravelandmore.com\/es\/tours\/eeuu-es\/san-francisco-es\/san-francisco-actividades-es\/tour-privado-de-sauzalito-y-muir-woods-desde-san-francisco-copy-3\/\" \/>\n<meta property=\"og:locale\" content=\"es_ES\" \/>\n<meta property=\"og:type\" content=\"article\" \/>\n<meta property=\"og:title\" content=\"Tour privado de Sausalito y San Francisco\" \/>\n<meta property=\"og:description\" content=\"\u2192 Reserve este tour de San Francisco junto a un gu\u00eda oficial privado. Descubra los lugares m\u00e1s alucinantes de esta ciudad en su veh\u00edculo. \u2705\" \/>\n<meta property=\"og:url\" content=\"https:\/\/tourtravelandmore.com\/es\/tours\/eeuu-es\/san-francisco-es\/san-francisco-actividades-es\/tour-privado-de-sauzalito-y-muir-woods-desde-san-francisco-copy-3\/\" \/>\n<meta property=\"og:site_name\" content=\"Tour Travel And More\" \/>\n<meta property=\"article:publisher\" content=\"https:\/\/www.facebook.com\/tourtravelandmore\/\" \/>\n<meta property=\"article:modified_time\" content=\"2025-02-27T14:48:34+00:00\" \/>\n<meta property=\"og:image\" content=\"https:\/\/tourtravelandmore.com\/wp-content\/uploads\/2024\/11\/pexels-quintingellar-631042.jpg\" \/>\n\t<meta property=\"og:image:width\" content=\"1280\" \/>\n\t<meta property=\"og:image:height\" content=\"866\" \/>\n\t<meta property=\"og:image:type\" content=\"image\/jpeg\" \/>\n<meta name=\"twitter:card\" content=\"summary_large_image\" \/>\n<meta name=\"twitter:site\" content=\"@TourTravel_More\" \/>\n<meta name=\"twitter:label1\" content=\"Tiempo de lectura\" \/>\n\t<meta name=\"twitter:data1\" content=\"2 minutos\" \/>\n<script type=\"application\/ld+json\" class=\"yoast-schema-graph\">{\"@context\":\"https:\/\/schema.org\",\"@graph\":[{\"@type\":\"WebPage\",\"@id\":\"https:\/\/tourtravelandmore.com\/es\/tours\/eeuu-es\/san-francisco-es\/san-francisco-actividades-es\/tour-privado-de-sauzalito-y-muir-woods-desde-san-francisco-copy-3\/\",\"url\":\"https:\/\/tourtravelandmore.com\/es\/tours\/eeuu-es\/san-francisco-es\/san-francisco-actividades-es\/tour-privado-de-sauzalito-y-muir-woods-desde-san-francisco-copy-3\/\",\"name\":\"Tour privado de Sausalito y San Francisco\",\"isPartOf\":{\"@id\":\"https:\/\/tourtravelandmore.com\/es\/#website\"},\"primaryImageOfPage\":{\"@id\":\"https:\/\/tourtravelandmore.com\/es\/tours\/eeuu-es\/san-francisco-es\/san-francisco-actividades-es\/tour-privado-de-sauzalito-y-muir-woods-desde-san-francisco-copy-3\/#primaryimage\"},\"image\":{\"@id\":\"https:\/\/tourtravelandmore.com\/es\/tours\/eeuu-es\/san-francisco-es\/san-francisco-actividades-es\/tour-privado-de-sauzalito-y-muir-woods-desde-san-francisco-copy-3\/#primaryimage\"},\"thumbnailUrl\":\"https:\/\/tourtravelandmore.com\/wp-content\/uploads\/2024\/11\/pexels-quintingellar-631042.jpg\",\"datePublished\":\"2024-11-11T15:05:09+00:00\",\"dateModified\":\"2025-02-27T14:48:34+00:00\",\"description\":\"\u2192 Reserve este tour de San Francisco junto a un gu\u00eda oficial privado. Descubra los lugares m\u00e1s alucinantes de esta ciudad en su veh\u00edculo. \u2705\",\"breadcrumb\":{\"@id\":\"https:\/\/tourtravelandmore.com\/es\/tours\/eeuu-es\/san-francisco-es\/san-francisco-actividades-es\/tour-privado-de-sauzalito-y-muir-woods-desde-san-francisco-copy-3\/#breadcrumb\"},\"inLanguage\":\"es\",\"potentialAction\":[{\"@type\":\"ReadAction\",\"target\":[\"https:\/\/tourtravelandmore.com\/es\/tours\/eeuu-es\/san-francisco-es\/san-francisco-actividades-es\/tour-privado-de-sauzalito-y-muir-woods-desde-san-francisco-copy-3\/\"]}]},{\"@type\":\"ImageObject\",\"inLanguage\":\"es\",\"@id\":\"https:\/\/tourtravelandmore.com\/es\/tours\/eeuu-es\/san-francisco-es\/san-francisco-actividades-es\/tour-privado-de-sauzalito-y-muir-woods-desde-san-francisco-copy-3\/#primaryimage\",\"url\":\"https:\/\/tourtravelandmore.com\/wp-content\/uploads\/2024\/11\/pexels-quintingellar-631042.jpg\",\"contentUrl\":\"https:\/\/tourtravelandmore.com\/wp-content\/uploads\/2024\/11\/pexels-quintingellar-631042.jpg\",\"width\":1280,\"height\":866},{\"@type\":\"BreadcrumbList\",\"@id\":\"https:\/\/tourtravelandmore.com\/es\/tours\/eeuu-es\/san-francisco-es\/san-francisco-actividades-es\/tour-privado-de-sauzalito-y-muir-woods-desde-san-francisco-copy-3\/#breadcrumb\",\"itemListElement\":[{\"@type\":\"ListItem\",\"position\":1,\"name\":\"Home\",\"item\":\"https:\/\/tourtravelandmore.com\/es\/\"},{\"@type\":\"ListItem\",\"position\":2,\"name\":\"Tours\",\"item\":\"https:\/\/tourtravelandmore.com\/es\/tours\/\"},{\"@type\":\"ListItem\",\"position\":3,\"name\":\"Tour privado de Sausalito y San Francisco\"}]},{\"@type\":\"WebSite\",\"@id\":\"https:\/\/tourtravelandmore.com\/es\/#website\",\"url\":\"https:\/\/tourtravelandmore.com\/es\/\",\"name\":\"Tour Travel And More\",\"description\":\"Private sightseeing tours and luxury transfers in Spain\",\"publisher\":{\"@id\":\"https:\/\/tourtravelandmore.com\/es\/#organization\"},\"potentialAction\":[{\"@type\":\"SearchAction\",\"target\":{\"@type\":\"EntryPoint\",\"urlTemplate\":\"https:\/\/tourtravelandmore.com\/es\/?s={search_term_string}\"},\"query-input\":{\"@type\":\"PropertyValueSpecification\",\"valueRequired\":true,\"valueName\":\"search_term_string\"}}],\"inLanguage\":\"es\"},{\"@type\":\"Organization\",\"@id\":\"https:\/\/tourtravelandmore.com\/es\/#organization\",\"name\":\"Tour Travel And More\",\"url\":\"https:\/\/tourtravelandmore.com\/es\/\",\"logo\":{\"@type\":\"ImageObject\",\"inLanguage\":\"es\",\"@id\":\"https:\/\/tourtravelandmore.com\/es\/#\/schema\/logo\/image\/\",\"url\":\"https:\/\/tourtravelandmore.com\/wp-content\/uploads\/2022\/12\/cropped-logo-cabecera-new.png\",\"contentUrl\":\"https:\/\/tourtravelandmore.com\/wp-content\/uploads\/2022\/12\/cropped-logo-cabecera-new.png\",\"width\":430,\"height\":61,\"caption\":\"Tour Travel And More\"},\"image\":{\"@id\":\"https:\/\/tourtravelandmore.com\/es\/#\/schema\/logo\/image\/\"},\"sameAs\":[\"https:\/\/www.facebook.com\/tourtravelandmore\/\",\"https:\/\/x.com\/TourTravel_More\"]}]}<\/script>\n<!-- \/ Yoast SEO Premium plugin. -->","yoast_head_json":{"title":"Tour privado de Sausalito y San Francisco","description":"\u2192 Reserve este tour de San Francisco junto a un gu\u00eda oficial privado. Descubra los lugares m\u00e1s alucinantes de esta ciudad en su veh\u00edculo. \u2705","robots":{"index":"index","follow":"follow","max-snippet":"max-snippet:-1","max-image-preview":"max-image-preview:large","max-video-preview":"max-video-preview:-1"},"canonical":"https:\/\/tourtravelandmore.com\/es\/tours\/eeuu-es\/san-francisco-es\/san-francisco-actividades-es\/tour-privado-de-sauzalito-y-muir-woods-desde-san-francisco-copy-3\/","og_locale":"es_ES","og_type":"article","og_title":"Tour privado de Sausalito y San Francisco","og_description":"\u2192 Reserve este tour de San Francisco junto a un gu\u00eda oficial privado. Descubra los lugares m\u00e1s alucinantes de esta ciudad en su veh\u00edculo. \u2705","og_url":"https:\/\/tourtravelandmore.com\/es\/tours\/eeuu-es\/san-francisco-es\/san-francisco-actividades-es\/tour-privado-de-sauzalito-y-muir-woods-desde-san-francisco-copy-3\/","og_site_name":"Tour Travel And More","article_publisher":"https:\/\/www.facebook.com\/tourtravelandmore\/","article_modified_time":"2025-02-27T14:48:34+00:00","og_image":[{"width":1280,"height":866,"url":"https:\/\/tourtravelandmore.com\/wp-content\/uploads\/2024\/11\/pexels-quintingellar-631042.jpg","type":"image\/jpeg"}],"twitter_card":"summary_large_image","twitter_site":"@TourTravel_More","twitter_misc":{"Tiempo de lectura":"2 minutos"},"schema":{"@context":"https:\/\/schema.org","@graph":[{"@type":"WebPage","@id":"https:\/\/tourtravelandmore.com\/es\/tours\/eeuu-es\/san-francisco-es\/san-francisco-actividades-es\/tour-privado-de-sauzalito-y-muir-woods-desde-san-francisco-copy-3\/","url":"https:\/\/tourtravelandmore.com\/es\/tours\/eeuu-es\/san-francisco-es\/san-francisco-actividades-es\/tour-privado-de-sauzalito-y-muir-woods-desde-san-francisco-copy-3\/","name":"Tour privado de Sausalito y San Francisco","isPartOf":{"@id":"https:\/\/tourtravelandmore.com\/es\/#website"},"primaryImageOfPage":{"@id":"https:\/\/tourtravelandmore.com\/es\/tours\/eeuu-es\/san-francisco-es\/san-francisco-actividades-es\/tour-privado-de-sauzalito-y-muir-woods-desde-san-francisco-copy-3\/#primaryimage"},"image":{"@id":"https:\/\/tourtravelandmore.com\/es\/tours\/eeuu-es\/san-francisco-es\/san-francisco-actividades-es\/tour-privado-de-sauzalito-y-muir-woods-desde-san-francisco-copy-3\/#primaryimage"},"thumbnailUrl":"https:\/\/tourtravelandmore.com\/wp-content\/uploads\/2024\/11\/pexels-quintingellar-631042.jpg","datePublished":"2024-11-11T15:05:09+00:00","dateModified":"2025-02-27T14:48:34+00:00","description":"\u2192 Reserve este tour de San Francisco junto a un gu\u00eda oficial privado. Descubra los lugares m\u00e1s alucinantes de esta ciudad en su veh\u00edculo. \u2705","breadcrumb":{"@id":"https:\/\/tourtravelandmore.com\/es\/tours\/eeuu-es\/san-francisco-es\/san-francisco-actividades-es\/tour-privado-de-sauzalito-y-muir-woods-desde-san-francisco-copy-3\/#breadcrumb"},"inLanguage":"es","potentialAction":[{"@type":"ReadAction","target":["https:\/\/tourtravelandmore.com\/es\/tours\/eeuu-es\/san-francisco-es\/san-francisco-actividades-es\/tour-privado-de-sauzalito-y-muir-woods-desde-san-francisco-copy-3\/"]}]},{"@type":"ImageObject","inLanguage":"es","@id":"https:\/\/tourtravelandmore.com\/es\/tours\/eeuu-es\/san-francisco-es\/san-francisco-actividades-es\/tour-privado-de-sauzalito-y-muir-woods-desde-san-francisco-copy-3\/#primaryimage","url":"https:\/\/tourtravelandmore.com\/wp-content\/uploads\/2024\/11\/pexels-quintingellar-631042.jpg","contentUrl":"https:\/\/tourtravelandmore.com\/wp-content\/uploads\/2024\/11\/pexels-quintingellar-631042.jpg","width":1280,"height":866},{"@type":"BreadcrumbList","@id":"https:\/\/tourtravelandmore.com\/es\/tours\/eeuu-es\/san-francisco-es\/san-francisco-actividades-es\/tour-privado-de-sauzalito-y-muir-woods-desde-san-francisco-copy-3\/#breadcrumb","itemListElement":[{"@type":"ListItem","position":1,"name":"Home","item":"https:\/\/tourtravelandmore.com\/es\/"},{"@type":"ListItem","position":2,"name":"Tours","item":"https:\/\/tourtravelandmore.com\/es\/tours\/"},{"@type":"ListItem","position":3,"name":"Tour privado de Sausalito y San Francisco"}]},{"@type":"WebSite","@id":"https:\/\/tourtravelandmore.com\/es\/#website","url":"https:\/\/tourtravelandmore.com\/es\/","name":"Tour Travel And More","description":"Private sightseeing tours and luxury transfers in Spain","publisher":{"@id":"https:\/\/tourtravelandmore.com\/es\/#organization"},"potentialAction":[{"@type":"SearchAction","target":{"@type":"EntryPoint","urlTemplate":"https:\/\/tourtravelandmore.com\/es\/?s={search_term_string}"},"query-input":{"@type":"PropertyValueSpecification","valueRequired":true,"valueName":"search_term_string"}}],"inLanguage":"es"},{"@type":"Organization","@id":"https:\/\/tourtravelandmore.com\/es\/#organization","name":"Tour Travel And More","url":"https:\/\/tourtravelandmore.com\/es\/","logo":{"@type":"ImageObject","inLanguage":"es","@id":"https:\/\/tourtravelandmore.com\/es\/#\/schema\/logo\/image\/","url":"https:\/\/tourtravelandmore.com\/wp-content\/uploads\/2022\/12\/cropped-logo-cabecera-new.png","contentUrl":"https:\/\/tourtravelandmore.com\/wp-content\/uploads\/2022\/12\/cropped-logo-cabecera-new.png","width":430,"height":61,"caption":"Tour Travel And More"},"image":{"@id":"https:\/\/tourtravelandmore.com\/es\/#\/schema\/logo\/image\/"},"sameAs":["https:\/\/www.facebook.com\/tourtravelandmore\/","https:\/\/x.com\/TourTravel_More"]}]}},"_links":{"self":[{"href":"https:\/\/tourtravelandmore.com\/es\/wp-json\/wp\/v2\/product\/178536","targetHints":{"allow":["GET"]}}],"collection":[{"href":"https:\/\/tourtravelandmore.com\/es\/wp-json\/wp\/v2\/product"}],"about":[{"href":"https:\/\/tourtravelandmore.com\/es\/wp-json\/wp\/v2\/types\/product"}],"replies":[{"embeddable":true,"href":"https:\/\/tourtravelandmore.com\/es\/wp-json\/wp\/v2\/comments?post=178536"}],"wp:featuredmedia":[{"embeddable":true,"href":"https:\/\/tourtravelandmore.com\/es\/wp-json\/wp\/v2\/media\/178552"}],"wp:attachment":[{"href":"https:\/\/tourtravelandmore.com\/es\/wp-json\/wp\/v2\/media?parent=178536"}],"wp:term":[{"taxonomy":"product_brand","embeddable":true,"href":"https:\/\/tourtravelandmore.com\/es\/wp-json\/wp\/v2\/product_brand?post=178536"},{"taxonomy":"product_cat","embeddable":true,"href":"https:\/\/tourtravelandmore.com\/es\/wp-json\/wp\/v2\/product_cat?post=178536"},{"taxonomy":"product_tag","embeddable":true,"href":"https:\/\/tourtravelandmore.com\/es\/wp-json\/wp\/v2\/product_tag?post=178536"}],"curies":[{"name":"wp","href":"https:\/\/api.w.org\/{rel}","templated":true}]}}