{"id":178456,"date":"2024-11-05T14:51:12","date_gmt":"2024-11-05T13:51:12","guid":{"rendered":"https:\/\/tourtravelandmore.com\/?post_type=product&#038;p=178456"},"modified":"2024-11-05T15:20:17","modified_gmt":"2024-11-05T14:20:17","slug":"tour-privado-de-sauzalito-y-muir-woods-desde-san-francisco-copy-2","status":"publish","type":"product","link":"https:\/\/tourtravelandmore.com\/es\/tours\/eeuu-es\/san-francisco-es\/san-francisco-actividades-es\/tour-privado-de-sauzalito-y-muir-woods-desde-san-francisco-copy-2\/","title":{"rendered":"Tour privado a pie por Chinatown y Little Italy desde San Francisco"},"content":{"rendered":"<h2><b><strong>Tour privado a pie por Chinatown y Little Italy desde San Francisco Descripci\u00f3n<\/strong><\/b><\/h2>\n<p>Emb\u00e1rquese en un cautivador recorrido privado a pie de 3 horas que le sumergir\u00e1 en el vibrante coraz\u00f3n del Barrio Chino de San Francisco y el hist\u00f3rico barrio de Little Italy. Con su gu\u00eda experto, descubra el rico tapiz de culturas, sabores e historias que hacen de estos distritos unos de los m\u00e1s emblem\u00e1ticos de la ciudad. Pasee por las bulliciosas calles de Chinatown, donde las tiendas de hierbas tradicionales, los templos ornamentados y los coloridos mercados le transportar\u00e1n a otro mundo.<\/p>\n<p>Experimente la historia de Little Italy, con sus encantadoras panader\u00edas, caf\u00e9s hist\u00f3ricos y monumentos locales que celebran un legado de herencia italiana. Este recorrido promete un viaje \u00fanico lleno de an\u00e9cdotas fascinantes, conocimientos hist\u00f3ricos y el irresistible car\u00e1cter de San Francisco.<\/p>\n<h2><b><strong>Puntos de inter\u00e9s y lugares emblem\u00e1ticos<\/strong><\/b><\/h2>\n<p>En primer lugar, su gu\u00eda le recoger\u00e1 y se reunir\u00e1 con usted en el lugar que elija de la ciudad de San Francisco. Despu\u00e9s comenzar\u00e1 su visita privada.<\/p>\n<p><b><strong>Un ejemplo de lo que ver\u00e1 entre otras cosas en este recorrido de 3 horas es:<\/strong><\/b><\/p>\n<ul>\n<li><b><strong>Exploraci\u00f3n guiada de Chinatown<\/strong><\/b>: Deambule por las calles del barrio chino m\u00e1s grande y antiguo fuera de Asia y explore callejones ocultos, mercados locales y lugares de inter\u00e9s cultural.<\/li>\n<li><b><strong>Perspectivas culturales e hist\u00f3ricas<\/strong><\/b>: Conozca las historias de los primeros inmigrantes que dieron forma a Chinatown y Little Italy, revividas a trav\u00e9s de la narraci\u00f3n de su gu\u00eda.<\/li>\n<li><b><strong>El rico patrimonio de Little Italy<\/strong><\/b>: Visite cafeter\u00edas y panader\u00edas hist\u00f3ricas y pasee por los famosos lugares de North Beach, donde la cultura italiana sigue viva y floreciente.<\/li>\n<li><b><strong>Aut\u00e9ntica experiencia local<\/strong><\/b>: Sum\u00e9rjase en las vistas, los sonidos y los aromas que hacen que estos barrios sean inolvidables.<\/li>\n<li><b><strong>Experiencia tur\u00edstica personalizada<\/strong><\/b>: Su gu\u00eda especializado le garantiza una exploraci\u00f3n \u00edntima y enriquecedora adaptada a sus intereses.<\/li>\n<\/ul>\n<p>Perm\u00edtanos ofrecerle un viaje envolvente de la ciudad a la naturaleza y a la encantadora ciudad portuaria, todo en una memorable excursi\u00f3n de medio d\u00eda.<\/p>\n","protected":false},"excerpt":{"rendered":"<p>Emb\u00e1rquese en un cautivador recorrido privado a pie de 3 horas que le sumergir\u00e1 en el vibrante coraz\u00f3n del Barrio Chino de San Francisco y el hist\u00f3rico barrio de Little Italy. Con su gu\u00eda experto, descubra el rico tapiz de culturas, sabores e historias que hacen de estos distritos unos de los m\u00e1s emblem\u00e1ticos de la ciudad. Pasee por las bulliciosas calles de Chinatown, donde las tiendas de hierbas tradicionales, los templos ornamentados y los coloridos mercados le transportar\u00e1n a otro mundo.<\/p>\n","protected":false},"featured_media":178472,"comment_status":"open","ping_status":"closed","template":"","meta":{"_acf_changed":false},"product_brand":[],"product_cat":[1602,2149,2155,2663],"product_tag":[],"class_list":{"0":"post-178456","1":"product","2":"type-product","3":"status-publish","4":"has-post-thumbnail","6":"product_cat-eeuu-es","7":"product_cat-san-francisco-es","8":"product_cat-san-francisco-actividades-es","9":"product_cat-san-francisco-tours-es","11":"first","12":"instock","13":"shipping-taxable","14":"purchasable","15":"product-type-simple"},"acf":[],"yoast_head":"<!-- This site is optimized with the Yoast SEO Premium plugin v25.3.1 (Yoast SEO v25.3.1) - https:\/\/yoast.com\/wordpress\/plugins\/seo\/ -->\n<title>Tour privado a pie por Chinatown y Little Italy desde San Francisco<\/title>\n<meta name=\"description\" content=\"\u2192 Reserve este tour de San Francisco junto a un gu\u00eda oficial privado. Descubra los lugares m\u00e1s alucinantes de esta ciudad en su veh\u00edculo. \u2705\" \/>\n<meta name=\"robots\" content=\"index, follow, max-snippet:-1, max-image-preview:large, max-video-preview:-1\" \/>\n<link rel=\"canonical\" href=\"https:\/\/tourtravelandmore.com\/es\/tours\/eeuu-es\/san-francisco-es\/san-francisco-actividades-es\/tour-privado-de-sauzalito-y-muir-woods-desde-san-francisco-copy-2\/\" \/>\n<meta property=\"og:locale\" content=\"es_ES\" \/>\n<meta property=\"og:type\" content=\"article\" \/>\n<meta property=\"og:title\" content=\"Tour privado a pie por Chinatown y Little Italy desde San Francisco\" \/>\n<meta property=\"og:description\" content=\"\u2192 Reserve este tour de San Francisco junto a un gu\u00eda oficial privado. Descubra los lugares m\u00e1s alucinantes de esta ciudad en su veh\u00edculo. \u2705\" \/>\n<meta property=\"og:url\" content=\"https:\/\/tourtravelandmore.com\/es\/tours\/eeuu-es\/san-francisco-es\/san-francisco-actividades-es\/tour-privado-de-sauzalito-y-muir-woods-desde-san-francisco-copy-2\/\" \/>\n<meta property=\"og:site_name\" content=\"Tour Travel And More\" \/>\n<meta property=\"article:publisher\" content=\"https:\/\/www.facebook.com\/tourtravelandmore\/\" \/>\n<meta property=\"article:modified_time\" content=\"2024-11-05T14:20:17+00:00\" \/>\n<meta property=\"og:image\" content=\"https:\/\/tourtravelandmore.com\/wp-content\/uploads\/2024\/11\/exploring-little-italy-san-francisco-1024x585-1.png\" \/>\n\t<meta property=\"og:image:width\" content=\"1024\" \/>\n\t<meta property=\"og:image:height\" content=\"585\" \/>\n\t<meta property=\"og:image:type\" content=\"image\/png\" \/>\n<meta name=\"twitter:card\" content=\"summary_large_image\" \/>\n<meta name=\"twitter:site\" content=\"@TourTravel_More\" \/>\n<meta name=\"twitter:label1\" content=\"Tiempo de lectura\" \/>\n\t<meta name=\"twitter:data1\" content=\"2 minutos\" \/>\n<script type=\"application\/ld+json\" class=\"yoast-schema-graph\">{\"@context\":\"https:\/\/schema.org\",\"@graph\":[{\"@type\":\"WebPage\",\"@id\":\"https:\/\/tourtravelandmore.com\/es\/tours\/eeuu-es\/san-francisco-es\/san-francisco-actividades-es\/tour-privado-de-sauzalito-y-muir-woods-desde-san-francisco-copy-2\/\",\"url\":\"https:\/\/tourtravelandmore.com\/es\/tours\/eeuu-es\/san-francisco-es\/san-francisco-actividades-es\/tour-privado-de-sauzalito-y-muir-woods-desde-san-francisco-copy-2\/\",\"name\":\"Tour privado a pie por Chinatown y Little Italy desde San Francisco\",\"isPartOf\":{\"@id\":\"https:\/\/tourtravelandmore.com\/es\/#website\"},\"primaryImageOfPage\":{\"@id\":\"https:\/\/tourtravelandmore.com\/es\/tours\/eeuu-es\/san-francisco-es\/san-francisco-actividades-es\/tour-privado-de-sauzalito-y-muir-woods-desde-san-francisco-copy-2\/#primaryimage\"},\"image\":{\"@id\":\"https:\/\/tourtravelandmore.com\/es\/tours\/eeuu-es\/san-francisco-es\/san-francisco-actividades-es\/tour-privado-de-sauzalito-y-muir-woods-desde-san-francisco-copy-2\/#primaryimage\"},\"thumbnailUrl\":\"https:\/\/tourtravelandmore.com\/wp-content\/uploads\/2024\/11\/exploring-little-italy-san-francisco-1024x585-1.png\",\"datePublished\":\"2024-11-05T13:51:12+00:00\",\"dateModified\":\"2024-11-05T14:20:17+00:00\",\"description\":\"\u2192 Reserve este tour de San Francisco junto a un gu\u00eda oficial privado. Descubra los lugares m\u00e1s alucinantes de esta ciudad en su veh\u00edculo. \u2705\",\"breadcrumb\":{\"@id\":\"https:\/\/tourtravelandmore.com\/es\/tours\/eeuu-es\/san-francisco-es\/san-francisco-actividades-es\/tour-privado-de-sauzalito-y-muir-woods-desde-san-francisco-copy-2\/#breadcrumb\"},\"inLanguage\":\"es\",\"potentialAction\":[{\"@type\":\"ReadAction\",\"target\":[\"https:\/\/tourtravelandmore.com\/es\/tours\/eeuu-es\/san-francisco-es\/san-francisco-actividades-es\/tour-privado-de-sauzalito-y-muir-woods-desde-san-francisco-copy-2\/\"]}]},{\"@type\":\"ImageObject\",\"inLanguage\":\"es\",\"@id\":\"https:\/\/tourtravelandmore.com\/es\/tours\/eeuu-es\/san-francisco-es\/san-francisco-actividades-es\/tour-privado-de-sauzalito-y-muir-woods-desde-san-francisco-copy-2\/#primaryimage\",\"url\":\"https:\/\/tourtravelandmore.com\/wp-content\/uploads\/2024\/11\/exploring-little-italy-san-francisco-1024x585-1.png\",\"contentUrl\":\"https:\/\/tourtravelandmore.com\/wp-content\/uploads\/2024\/11\/exploring-little-italy-san-francisco-1024x585-1.png\",\"width\":1024,\"height\":585},{\"@type\":\"BreadcrumbList\",\"@id\":\"https:\/\/tourtravelandmore.com\/es\/tours\/eeuu-es\/san-francisco-es\/san-francisco-actividades-es\/tour-privado-de-sauzalito-y-muir-woods-desde-san-francisco-copy-2\/#breadcrumb\",\"itemListElement\":[{\"@type\":\"ListItem\",\"position\":1,\"name\":\"Home\",\"item\":\"https:\/\/tourtravelandmore.com\/es\/\"},{\"@type\":\"ListItem\",\"position\":2,\"name\":\"Tours\",\"item\":\"https:\/\/tourtravelandmore.com\/es\/tours\/\"},{\"@type\":\"ListItem\",\"position\":3,\"name\":\"Tour privado a pie por Chinatown y Little Italy desde San Francisco\"}]},{\"@type\":\"WebSite\",\"@id\":\"https:\/\/tourtravelandmore.com\/es\/#website\",\"url\":\"https:\/\/tourtravelandmore.com\/es\/\",\"name\":\"Tour Travel And More\",\"description\":\"Private sightseeing tours and luxury transfers in Spain\",\"publisher\":{\"@id\":\"https:\/\/tourtravelandmore.com\/es\/#organization\"},\"potentialAction\":[{\"@type\":\"SearchAction\",\"target\":{\"@type\":\"EntryPoint\",\"urlTemplate\":\"https:\/\/tourtravelandmore.com\/es\/?s={search_term_string}\"},\"query-input\":{\"@type\":\"PropertyValueSpecification\",\"valueRequired\":true,\"valueName\":\"search_term_string\"}}],\"inLanguage\":\"es\"},{\"@type\":\"Organization\",\"@id\":\"https:\/\/tourtravelandmore.com\/es\/#organization\",\"name\":\"Tour Travel And More\",\"url\":\"https:\/\/tourtravelandmore.com\/es\/\",\"logo\":{\"@type\":\"ImageObject\",\"inLanguage\":\"es\",\"@id\":\"https:\/\/tourtravelandmore.com\/es\/#\/schema\/logo\/image\/\",\"url\":\"https:\/\/tourtravelandmore.com\/wp-content\/uploads\/2022\/12\/cropped-logo-cabecera-new.png\",\"contentUrl\":\"https:\/\/tourtravelandmore.com\/wp-content\/uploads\/2022\/12\/cropped-logo-cabecera-new.png\",\"width\":430,\"height\":61,\"caption\":\"Tour Travel And More\"},\"image\":{\"@id\":\"https:\/\/tourtravelandmore.com\/es\/#\/schema\/logo\/image\/\"},\"sameAs\":[\"https:\/\/www.facebook.com\/tourtravelandmore\/\",\"https:\/\/x.com\/TourTravel_More\"]}]}<\/script>\n<!-- \/ Yoast SEO Premium plugin. -->","yoast_head_json":{"title":"Tour privado a pie por Chinatown y Little Italy desde San Francisco","description":"\u2192 Reserve este tour de San Francisco junto a un gu\u00eda oficial privado. Descubra los lugares m\u00e1s alucinantes de esta ciudad en su veh\u00edculo. \u2705","robots":{"index":"index","follow":"follow","max-snippet":"max-snippet:-1","max-image-preview":"max-image-preview:large","max-video-preview":"max-video-preview:-1"},"canonical":"https:\/\/tourtravelandmore.com\/es\/tours\/eeuu-es\/san-francisco-es\/san-francisco-actividades-es\/tour-privado-de-sauzalito-y-muir-woods-desde-san-francisco-copy-2\/","og_locale":"es_ES","og_type":"article","og_title":"Tour privado a pie por Chinatown y Little Italy desde San Francisco","og_description":"\u2192 Reserve este tour de San Francisco junto a un gu\u00eda oficial privado. Descubra los lugares m\u00e1s alucinantes de esta ciudad en su veh\u00edculo. \u2705","og_url":"https:\/\/tourtravelandmore.com\/es\/tours\/eeuu-es\/san-francisco-es\/san-francisco-actividades-es\/tour-privado-de-sauzalito-y-muir-woods-desde-san-francisco-copy-2\/","og_site_name":"Tour Travel And More","article_publisher":"https:\/\/www.facebook.com\/tourtravelandmore\/","article_modified_time":"2024-11-05T14:20:17+00:00","og_image":[{"width":1024,"height":585,"url":"https:\/\/tourtravelandmore.com\/wp-content\/uploads\/2024\/11\/exploring-little-italy-san-francisco-1024x585-1.png","type":"image\/png"}],"twitter_card":"summary_large_image","twitter_site":"@TourTravel_More","twitter_misc":{"Tiempo de lectura":"2 minutos"},"schema":{"@context":"https:\/\/schema.org","@graph":[{"@type":"WebPage","@id":"https:\/\/tourtravelandmore.com\/es\/tours\/eeuu-es\/san-francisco-es\/san-francisco-actividades-es\/tour-privado-de-sauzalito-y-muir-woods-desde-san-francisco-copy-2\/","url":"https:\/\/tourtravelandmore.com\/es\/tours\/eeuu-es\/san-francisco-es\/san-francisco-actividades-es\/tour-privado-de-sauzalito-y-muir-woods-desde-san-francisco-copy-2\/","name":"Tour privado a pie por Chinatown y Little Italy desde San Francisco","isPartOf":{"@id":"https:\/\/tourtravelandmore.com\/es\/#website"},"primaryImageOfPage":{"@id":"https:\/\/tourtravelandmore.com\/es\/tours\/eeuu-es\/san-francisco-es\/san-francisco-actividades-es\/tour-privado-de-sauzalito-y-muir-woods-desde-san-francisco-copy-2\/#primaryimage"},"image":{"@id":"https:\/\/tourtravelandmore.com\/es\/tours\/eeuu-es\/san-francisco-es\/san-francisco-actividades-es\/tour-privado-de-sauzalito-y-muir-woods-desde-san-francisco-copy-2\/#primaryimage"},"thumbnailUrl":"https:\/\/tourtravelandmore.com\/wp-content\/uploads\/2024\/11\/exploring-little-italy-san-francisco-1024x585-1.png","datePublished":"2024-11-05T13:51:12+00:00","dateModified":"2024-11-05T14:20:17+00:00","description":"\u2192 Reserve este tour de San Francisco junto a un gu\u00eda oficial privado. Descubra los lugares m\u00e1s alucinantes de esta ciudad en su veh\u00edculo. \u2705","breadcrumb":{"@id":"https:\/\/tourtravelandmore.com\/es\/tours\/eeuu-es\/san-francisco-es\/san-francisco-actividades-es\/tour-privado-de-sauzalito-y-muir-woods-desde-san-francisco-copy-2\/#breadcrumb"},"inLanguage":"es","potentialAction":[{"@type":"ReadAction","target":["https:\/\/tourtravelandmore.com\/es\/tours\/eeuu-es\/san-francisco-es\/san-francisco-actividades-es\/tour-privado-de-sauzalito-y-muir-woods-desde-san-francisco-copy-2\/"]}]},{"@type":"ImageObject","inLanguage":"es","@id":"https:\/\/tourtravelandmore.com\/es\/tours\/eeuu-es\/san-francisco-es\/san-francisco-actividades-es\/tour-privado-de-sauzalito-y-muir-woods-desde-san-francisco-copy-2\/#primaryimage","url":"https:\/\/tourtravelandmore.com\/wp-content\/uploads\/2024\/11\/exploring-little-italy-san-francisco-1024x585-1.png","contentUrl":"https:\/\/tourtravelandmore.com\/wp-content\/uploads\/2024\/11\/exploring-little-italy-san-francisco-1024x585-1.png","width":1024,"height":585},{"@type":"BreadcrumbList","@id":"https:\/\/tourtravelandmore.com\/es\/tours\/eeuu-es\/san-francisco-es\/san-francisco-actividades-es\/tour-privado-de-sauzalito-y-muir-woods-desde-san-francisco-copy-2\/#breadcrumb","itemListElement":[{"@type":"ListItem","position":1,"name":"Home","item":"https:\/\/tourtravelandmore.com\/es\/"},{"@type":"ListItem","position":2,"name":"Tours","item":"https:\/\/tourtravelandmore.com\/es\/tours\/"},{"@type":"ListItem","position":3,"name":"Tour privado a pie por Chinatown y Little Italy desde San Francisco"}]},{"@type":"WebSite","@id":"https:\/\/tourtravelandmore.com\/es\/#website","url":"https:\/\/tourtravelandmore.com\/es\/","name":"Tour Travel And More","description":"Private sightseeing tours and luxury transfers in Spain","publisher":{"@id":"https:\/\/tourtravelandmore.com\/es\/#organization"},"potentialAction":[{"@type":"SearchAction","target":{"@type":"EntryPoint","urlTemplate":"https:\/\/tourtravelandmore.com\/es\/?s={search_term_string}"},"query-input":{"@type":"PropertyValueSpecification","valueRequired":true,"valueName":"search_term_string"}}],"inLanguage":"es"},{"@type":"Organization","@id":"https:\/\/tourtravelandmore.com\/es\/#organization","name":"Tour Travel And More","url":"https:\/\/tourtravelandmore.com\/es\/","logo":{"@type":"ImageObject","inLanguage":"es","@id":"https:\/\/tourtravelandmore.com\/es\/#\/schema\/logo\/image\/","url":"https:\/\/tourtravelandmore.com\/wp-content\/uploads\/2022\/12\/cropped-logo-cabecera-new.png","contentUrl":"https:\/\/tourtravelandmore.com\/wp-content\/uploads\/2022\/12\/cropped-logo-cabecera-new.png","width":430,"height":61,"caption":"Tour Travel And More"},"image":{"@id":"https:\/\/tourtravelandmore.com\/es\/#\/schema\/logo\/image\/"},"sameAs":["https:\/\/www.facebook.com\/tourtravelandmore\/","https:\/\/x.com\/TourTravel_More"]}]}},"_links":{"self":[{"href":"https:\/\/tourtravelandmore.com\/es\/wp-json\/wp\/v2\/product\/178456","targetHints":{"allow":["GET"]}}],"collection":[{"href":"https:\/\/tourtravelandmore.com\/es\/wp-json\/wp\/v2\/product"}],"about":[{"href":"https:\/\/tourtravelandmore.com\/es\/wp-json\/wp\/v2\/types\/product"}],"replies":[{"embeddable":true,"href":"https:\/\/tourtravelandmore.com\/es\/wp-json\/wp\/v2\/comments?post=178456"}],"wp:featuredmedia":[{"embeddable":true,"href":"https:\/\/tourtravelandmore.com\/es\/wp-json\/wp\/v2\/media\/178472"}],"wp:attachment":[{"href":"https:\/\/tourtravelandmore.com\/es\/wp-json\/wp\/v2\/media?parent=178456"}],"wp:term":[{"taxonomy":"product_brand","embeddable":true,"href":"https:\/\/tourtravelandmore.com\/es\/wp-json\/wp\/v2\/product_brand?post=178456"},{"taxonomy":"product_cat","embeddable":true,"href":"https:\/\/tourtravelandmore.com\/es\/wp-json\/wp\/v2\/product_cat?post=178456"},{"taxonomy":"product_tag","embeddable":true,"href":"https:\/\/tourtravelandmore.com\/es\/wp-json\/wp\/v2\/product_tag?post=178456"}],"curies":[{"name":"wp","href":"https:\/\/api.w.org\/{rel}","templated":true}]}}