{"id":178400,"date":"2024-11-01T17:31:50","date_gmt":"2024-11-01T16:31:50","guid":{"rendered":"https:\/\/tourtravelandmore.com\/?post_type=product&#038;p=178400"},"modified":"2024-11-01T20:17:40","modified_gmt":"2024-11-01T19:17:40","slug":"tour-privado-de-sauzalito-y-muir-woods-desde-san-francisco-copy","status":"publish","type":"product","link":"https:\/\/tourtravelandmore.com\/es\/tours\/eeuu-es\/san-francisco-es\/san-francisco-actividades-es\/tour-privado-de-sauzalito-y-muir-woods-desde-san-francisco-copy\/","title":{"rendered":"Tour privado de Monterey, Carmel y 17-Mile Drive"},"content":{"rendered":"<h2><b><strong>Tour privado de Monterey, Carmel y 17-Mile Drive Descripci\u00f3n<\/strong><\/b><\/h2>\n<p>Esc\u00e1pese de la bulliciosa ciudad de San Francisco en un exclusivo viaje de 10 horas por la impresionante costa del Pac\u00edfico de California. Disfrute de la comodidad de un coche privado y de la experiencia de un ch\u00f3fer-gu\u00eda que le presentar\u00e1 algunos de los lugares m\u00e1s bellos e hist\u00f3ricos de la Costa Oeste. Esta experiencia envolvente le llevar\u00e1 a lo largo del legendario 17-Mile Drive, donde presenciar\u00e1 impresionantes vistas del oc\u00e9ano, lugares emblem\u00e1ticos y playas solitarias.<\/p>\n<p>El recorrido destaca la encantadora ciudad de Monterey, incluida la famosa Cannery Row, y contin\u00faa hacia el sur hasta Carmel-by-the-Sea, un pintoresco pueblo con un ambiente de cuento. Esta excursi\u00f3n privada es perfecta para quienes buscan una forma m\u00e1s personal y relajada de explorar lo m\u00e1s destacado de Monterey, Carmel y el pintoresco 17-Mile Drive, todo en un solo d\u00eda.<\/p>\n<p>Tanto si se detiene en un puerto de escala de su <b>crucero<\/b>, en una <b>escala<\/b> antes de su pr\u00f3ximo destino o de <b>vacaciones<\/b> en la ciudad; estamos a su disposici\u00f3n para hacer que su experiencia sea \u00fanica.<\/p>\n<h2><b><strong>Puntos de inter\u00e9s y lugares emblem\u00e1ticos<\/strong><\/b><\/h2>\n<p>En primer lugar, su conductor y gu\u00eda le recoger\u00e1n y se reunir\u00e1n con usted en el lugar que elija de la ciudad de San Francisco. Despu\u00e9s comenzar\u00e1 su recorrido privado.<\/p>\n<p>Viaje con comodidad y estilo en un veh\u00edculo privado, acompa\u00f1ado por un ch\u00f3fer-gu\u00eda experto que le proporcionar\u00e1 informaci\u00f3n y atenci\u00f3n personalizada a lo largo del d\u00eda.<\/p>\n<p><b><strong>Un ejemplo de lo que ver\u00e1 entre otras cosas en este recorrido de 4 horas es:<\/strong><\/b><\/p>\n<ul>\n<li><b><strong>Recorrido panor\u00e1mico de 17 millas<\/strong><\/b>: Conduzca por una de las rutas costeras m\u00e1s famosas del mundo. Disfrute de paradas en lugares emblem\u00e1ticos como el Cipr\u00e9s Solitario, Spanish Bay y Pebble Beach Golf Links, con amplias oportunidades para hacer fotos por el camino.<\/li>\n<li><b><strong>Monterey y Cannery Row<\/strong><\/b>: Descubra la vibrante historia de Monterey, anta\u00f1o centro neur\u00e1lgico de la industria del envasado de sardinas. Pasee por Cannery Row, que John Steinbeck hizo famosa, y emp\u00e1pese del ambiente \u00fanico frente al mar.<\/li>\n<li><b><strong>Carmel-by-the-Sea<\/strong><\/b>: Visite el encantador pueblo de Carmel, famoso por sus casitas de cuento, sus galer\u00edas de arte y sus vistas frente al mar. Explore las encantadoras boutiques y disfrute del relajado ambiente costero.<\/li>\n<li><b><strong>Vistas del oc\u00e9ano Pac\u00edfico<\/strong><\/b>: Capture impresionantes fotos de la costa del Pac\u00edfico, con sus dram\u00e1ticos acantilados, playas v\u00edrgenes y fauna marina, mientras viaja hacia el sur desde San Francisco.<\/li>\n<\/ul>\n<p>Perm\u00edtanos ofrecerle un viaje envolvente de la ciudad a la naturaleza y a la encantadora ciudad portuaria, todo en una memorable excursi\u00f3n de medio d\u00eda.<\/p>\n","protected":false},"excerpt":{"rendered":"<p>Esc\u00e1pese de la bulliciosa ciudad de San Francisco en un exclusivo viaje de 10 horas por la impresionante costa del Pac\u00edfico de California. Disfrute de la comodidad de un coche privado y de la experiencia de un ch\u00f3fer-gu\u00eda que le presentar\u00e1 algunos de los lugares m\u00e1s bellos e hist\u00f3ricos de la Costa Oeste. Esta experiencia envolvente le llevar\u00e1 a lo largo del legendario 17-Mile Drive, donde presenciar\u00e1 impresionantes vistas del oc\u00e9ano, lugares emblem\u00e1ticos y playas solitarias.<\/p>\n","protected":false},"featured_media":178416,"comment_status":"open","ping_status":"closed","template":"","meta":{"_acf_changed":false},"product_brand":[],"product_cat":[1602,2149,2155,2663],"product_tag":[],"class_list":{"0":"post-178400","1":"product","2":"type-product","3":"status-publish","4":"has-post-thumbnail","6":"product_cat-eeuu-es","7":"product_cat-san-francisco-es","8":"product_cat-san-francisco-actividades-es","9":"product_cat-san-francisco-tours-es","11":"first","12":"instock","13":"shipping-taxable","14":"purchasable","15":"product-type-simple"},"acf":[],"yoast_head":"<!-- This site is optimized with the Yoast SEO Premium plugin v25.3.1 (Yoast SEO v25.3.1) - https:\/\/yoast.com\/wordpress\/plugins\/seo\/ -->\n<title>Tour privado de Monterey, Carmel y 17-Mile Drive<\/title>\n<meta name=\"description\" content=\"\u2192 Reserve este tour de San Francisco junto a un gu\u00eda oficial privado. Descubra los lugares m\u00e1s alucinantes de esta ciudad en su veh\u00edculo. \u2705\" \/>\n<meta name=\"robots\" content=\"index, follow, max-snippet:-1, max-image-preview:large, max-video-preview:-1\" \/>\n<link rel=\"canonical\" href=\"https:\/\/tourtravelandmore.com\/es\/tours\/eeuu-es\/san-francisco-es\/san-francisco-actividades-es\/tour-privado-de-sauzalito-y-muir-woods-desde-san-francisco-copy\/\" \/>\n<meta property=\"og:locale\" content=\"es_ES\" \/>\n<meta property=\"og:type\" content=\"article\" \/>\n<meta property=\"og:title\" content=\"Tour privado de Monterey, Carmel y 17-Mile Drive\" \/>\n<meta property=\"og:description\" content=\"\u2192 Reserve este tour de San Francisco junto a un gu\u00eda oficial privado. Descubra los lugares m\u00e1s alucinantes de esta ciudad en su veh\u00edculo. \u2705\" \/>\n<meta property=\"og:url\" content=\"https:\/\/tourtravelandmore.com\/es\/tours\/eeuu-es\/san-francisco-es\/san-francisco-actividades-es\/tour-privado-de-sauzalito-y-muir-woods-desde-san-francisco-copy\/\" \/>\n<meta property=\"og:site_name\" content=\"Tour Travel And More\" \/>\n<meta property=\"article:publisher\" content=\"https:\/\/www.facebook.com\/tourtravelandmore\/\" \/>\n<meta property=\"article:modified_time\" content=\"2024-11-01T19:17:40+00:00\" \/>\n<meta property=\"og:image\" content=\"https:\/\/tourtravelandmore.com\/wp-content\/uploads\/2024\/11\/pexels-ivan-guzman-706234264-18983477.jpg\" \/>\n\t<meta property=\"og:image:width\" content=\"1279\" \/>\n\t<meta property=\"og:image:height\" content=\"853\" \/>\n\t<meta property=\"og:image:type\" content=\"image\/jpeg\" \/>\n<meta name=\"twitter:card\" content=\"summary_large_image\" \/>\n<meta name=\"twitter:site\" content=\"@TourTravel_More\" \/>\n<meta name=\"twitter:label1\" content=\"Tiempo de lectura\" \/>\n\t<meta name=\"twitter:data1\" content=\"2 minutos\" \/>\n<script type=\"application\/ld+json\" class=\"yoast-schema-graph\">{\"@context\":\"https:\/\/schema.org\",\"@graph\":[{\"@type\":\"WebPage\",\"@id\":\"https:\/\/tourtravelandmore.com\/es\/tours\/eeuu-es\/san-francisco-es\/san-francisco-actividades-es\/tour-privado-de-sauzalito-y-muir-woods-desde-san-francisco-copy\/\",\"url\":\"https:\/\/tourtravelandmore.com\/es\/tours\/eeuu-es\/san-francisco-es\/san-francisco-actividades-es\/tour-privado-de-sauzalito-y-muir-woods-desde-san-francisco-copy\/\",\"name\":\"Tour privado de Monterey, Carmel y 17-Mile Drive\",\"isPartOf\":{\"@id\":\"https:\/\/tourtravelandmore.com\/es\/#website\"},\"primaryImageOfPage\":{\"@id\":\"https:\/\/tourtravelandmore.com\/es\/tours\/eeuu-es\/san-francisco-es\/san-francisco-actividades-es\/tour-privado-de-sauzalito-y-muir-woods-desde-san-francisco-copy\/#primaryimage\"},\"image\":{\"@id\":\"https:\/\/tourtravelandmore.com\/es\/tours\/eeuu-es\/san-francisco-es\/san-francisco-actividades-es\/tour-privado-de-sauzalito-y-muir-woods-desde-san-francisco-copy\/#primaryimage\"},\"thumbnailUrl\":\"https:\/\/tourtravelandmore.com\/wp-content\/uploads\/2024\/11\/pexels-ivan-guzman-706234264-18983477.jpg\",\"datePublished\":\"2024-11-01T16:31:50+00:00\",\"dateModified\":\"2024-11-01T19:17:40+00:00\",\"description\":\"\u2192 Reserve este tour de San Francisco junto a un gu\u00eda oficial privado. Descubra los lugares m\u00e1s alucinantes de esta ciudad en su veh\u00edculo. \u2705\",\"breadcrumb\":{\"@id\":\"https:\/\/tourtravelandmore.com\/es\/tours\/eeuu-es\/san-francisco-es\/san-francisco-actividades-es\/tour-privado-de-sauzalito-y-muir-woods-desde-san-francisco-copy\/#breadcrumb\"},\"inLanguage\":\"es\",\"potentialAction\":[{\"@type\":\"ReadAction\",\"target\":[\"https:\/\/tourtravelandmore.com\/es\/tours\/eeuu-es\/san-francisco-es\/san-francisco-actividades-es\/tour-privado-de-sauzalito-y-muir-woods-desde-san-francisco-copy\/\"]}]},{\"@type\":\"ImageObject\",\"inLanguage\":\"es\",\"@id\":\"https:\/\/tourtravelandmore.com\/es\/tours\/eeuu-es\/san-francisco-es\/san-francisco-actividades-es\/tour-privado-de-sauzalito-y-muir-woods-desde-san-francisco-copy\/#primaryimage\",\"url\":\"https:\/\/tourtravelandmore.com\/wp-content\/uploads\/2024\/11\/pexels-ivan-guzman-706234264-18983477.jpg\",\"contentUrl\":\"https:\/\/tourtravelandmore.com\/wp-content\/uploads\/2024\/11\/pexels-ivan-guzman-706234264-18983477.jpg\",\"width\":1279,\"height\":853},{\"@type\":\"BreadcrumbList\",\"@id\":\"https:\/\/tourtravelandmore.com\/es\/tours\/eeuu-es\/san-francisco-es\/san-francisco-actividades-es\/tour-privado-de-sauzalito-y-muir-woods-desde-san-francisco-copy\/#breadcrumb\",\"itemListElement\":[{\"@type\":\"ListItem\",\"position\":1,\"name\":\"Home\",\"item\":\"https:\/\/tourtravelandmore.com\/es\/\"},{\"@type\":\"ListItem\",\"position\":2,\"name\":\"Tours\",\"item\":\"https:\/\/tourtravelandmore.com\/es\/tours\/\"},{\"@type\":\"ListItem\",\"position\":3,\"name\":\"Tour privado de Monterey, Carmel y 17-Mile Drive\"}]},{\"@type\":\"WebSite\",\"@id\":\"https:\/\/tourtravelandmore.com\/es\/#website\",\"url\":\"https:\/\/tourtravelandmore.com\/es\/\",\"name\":\"Tour Travel And More\",\"description\":\"Private sightseeing tours and luxury transfers in Spain\",\"publisher\":{\"@id\":\"https:\/\/tourtravelandmore.com\/es\/#organization\"},\"potentialAction\":[{\"@type\":\"SearchAction\",\"target\":{\"@type\":\"EntryPoint\",\"urlTemplate\":\"https:\/\/tourtravelandmore.com\/es\/?s={search_term_string}\"},\"query-input\":{\"@type\":\"PropertyValueSpecification\",\"valueRequired\":true,\"valueName\":\"search_term_string\"}}],\"inLanguage\":\"es\"},{\"@type\":\"Organization\",\"@id\":\"https:\/\/tourtravelandmore.com\/es\/#organization\",\"name\":\"Tour Travel And More\",\"url\":\"https:\/\/tourtravelandmore.com\/es\/\",\"logo\":{\"@type\":\"ImageObject\",\"inLanguage\":\"es\",\"@id\":\"https:\/\/tourtravelandmore.com\/es\/#\/schema\/logo\/image\/\",\"url\":\"https:\/\/tourtravelandmore.com\/wp-content\/uploads\/2022\/12\/cropped-logo-cabecera-new.png\",\"contentUrl\":\"https:\/\/tourtravelandmore.com\/wp-content\/uploads\/2022\/12\/cropped-logo-cabecera-new.png\",\"width\":430,\"height\":61,\"caption\":\"Tour Travel And More\"},\"image\":{\"@id\":\"https:\/\/tourtravelandmore.com\/es\/#\/schema\/logo\/image\/\"},\"sameAs\":[\"https:\/\/www.facebook.com\/tourtravelandmore\/\",\"https:\/\/x.com\/TourTravel_More\"]}]}<\/script>\n<!-- \/ Yoast SEO Premium plugin. -->","yoast_head_json":{"title":"Tour privado de Monterey, Carmel y 17-Mile Drive","description":"\u2192 Reserve este tour de San Francisco junto a un gu\u00eda oficial privado. Descubra los lugares m\u00e1s alucinantes de esta ciudad en su veh\u00edculo. \u2705","robots":{"index":"index","follow":"follow","max-snippet":"max-snippet:-1","max-image-preview":"max-image-preview:large","max-video-preview":"max-video-preview:-1"},"canonical":"https:\/\/tourtravelandmore.com\/es\/tours\/eeuu-es\/san-francisco-es\/san-francisco-actividades-es\/tour-privado-de-sauzalito-y-muir-woods-desde-san-francisco-copy\/","og_locale":"es_ES","og_type":"article","og_title":"Tour privado de Monterey, Carmel y 17-Mile Drive","og_description":"\u2192 Reserve este tour de San Francisco junto a un gu\u00eda oficial privado. Descubra los lugares m\u00e1s alucinantes de esta ciudad en su veh\u00edculo. \u2705","og_url":"https:\/\/tourtravelandmore.com\/es\/tours\/eeuu-es\/san-francisco-es\/san-francisco-actividades-es\/tour-privado-de-sauzalito-y-muir-woods-desde-san-francisco-copy\/","og_site_name":"Tour Travel And More","article_publisher":"https:\/\/www.facebook.com\/tourtravelandmore\/","article_modified_time":"2024-11-01T19:17:40+00:00","og_image":[{"width":1279,"height":853,"url":"https:\/\/tourtravelandmore.com\/wp-content\/uploads\/2024\/11\/pexels-ivan-guzman-706234264-18983477.jpg","type":"image\/jpeg"}],"twitter_card":"summary_large_image","twitter_site":"@TourTravel_More","twitter_misc":{"Tiempo de lectura":"2 minutos"},"schema":{"@context":"https:\/\/schema.org","@graph":[{"@type":"WebPage","@id":"https:\/\/tourtravelandmore.com\/es\/tours\/eeuu-es\/san-francisco-es\/san-francisco-actividades-es\/tour-privado-de-sauzalito-y-muir-woods-desde-san-francisco-copy\/","url":"https:\/\/tourtravelandmore.com\/es\/tours\/eeuu-es\/san-francisco-es\/san-francisco-actividades-es\/tour-privado-de-sauzalito-y-muir-woods-desde-san-francisco-copy\/","name":"Tour privado de Monterey, Carmel y 17-Mile Drive","isPartOf":{"@id":"https:\/\/tourtravelandmore.com\/es\/#website"},"primaryImageOfPage":{"@id":"https:\/\/tourtravelandmore.com\/es\/tours\/eeuu-es\/san-francisco-es\/san-francisco-actividades-es\/tour-privado-de-sauzalito-y-muir-woods-desde-san-francisco-copy\/#primaryimage"},"image":{"@id":"https:\/\/tourtravelandmore.com\/es\/tours\/eeuu-es\/san-francisco-es\/san-francisco-actividades-es\/tour-privado-de-sauzalito-y-muir-woods-desde-san-francisco-copy\/#primaryimage"},"thumbnailUrl":"https:\/\/tourtravelandmore.com\/wp-content\/uploads\/2024\/11\/pexels-ivan-guzman-706234264-18983477.jpg","datePublished":"2024-11-01T16:31:50+00:00","dateModified":"2024-11-01T19:17:40+00:00","description":"\u2192 Reserve este tour de San Francisco junto a un gu\u00eda oficial privado. Descubra los lugares m\u00e1s alucinantes de esta ciudad en su veh\u00edculo. \u2705","breadcrumb":{"@id":"https:\/\/tourtravelandmore.com\/es\/tours\/eeuu-es\/san-francisco-es\/san-francisco-actividades-es\/tour-privado-de-sauzalito-y-muir-woods-desde-san-francisco-copy\/#breadcrumb"},"inLanguage":"es","potentialAction":[{"@type":"ReadAction","target":["https:\/\/tourtravelandmore.com\/es\/tours\/eeuu-es\/san-francisco-es\/san-francisco-actividades-es\/tour-privado-de-sauzalito-y-muir-woods-desde-san-francisco-copy\/"]}]},{"@type":"ImageObject","inLanguage":"es","@id":"https:\/\/tourtravelandmore.com\/es\/tours\/eeuu-es\/san-francisco-es\/san-francisco-actividades-es\/tour-privado-de-sauzalito-y-muir-woods-desde-san-francisco-copy\/#primaryimage","url":"https:\/\/tourtravelandmore.com\/wp-content\/uploads\/2024\/11\/pexels-ivan-guzman-706234264-18983477.jpg","contentUrl":"https:\/\/tourtravelandmore.com\/wp-content\/uploads\/2024\/11\/pexels-ivan-guzman-706234264-18983477.jpg","width":1279,"height":853},{"@type":"BreadcrumbList","@id":"https:\/\/tourtravelandmore.com\/es\/tours\/eeuu-es\/san-francisco-es\/san-francisco-actividades-es\/tour-privado-de-sauzalito-y-muir-woods-desde-san-francisco-copy\/#breadcrumb","itemListElement":[{"@type":"ListItem","position":1,"name":"Home","item":"https:\/\/tourtravelandmore.com\/es\/"},{"@type":"ListItem","position":2,"name":"Tours","item":"https:\/\/tourtravelandmore.com\/es\/tours\/"},{"@type":"ListItem","position":3,"name":"Tour privado de Monterey, Carmel y 17-Mile Drive"}]},{"@type":"WebSite","@id":"https:\/\/tourtravelandmore.com\/es\/#website","url":"https:\/\/tourtravelandmore.com\/es\/","name":"Tour Travel And More","description":"Private sightseeing tours and luxury transfers in Spain","publisher":{"@id":"https:\/\/tourtravelandmore.com\/es\/#organization"},"potentialAction":[{"@type":"SearchAction","target":{"@type":"EntryPoint","urlTemplate":"https:\/\/tourtravelandmore.com\/es\/?s={search_term_string}"},"query-input":{"@type":"PropertyValueSpecification","valueRequired":true,"valueName":"search_term_string"}}],"inLanguage":"es"},{"@type":"Organization","@id":"https:\/\/tourtravelandmore.com\/es\/#organization","name":"Tour Travel And More","url":"https:\/\/tourtravelandmore.com\/es\/","logo":{"@type":"ImageObject","inLanguage":"es","@id":"https:\/\/tourtravelandmore.com\/es\/#\/schema\/logo\/image\/","url":"https:\/\/tourtravelandmore.com\/wp-content\/uploads\/2022\/12\/cropped-logo-cabecera-new.png","contentUrl":"https:\/\/tourtravelandmore.com\/wp-content\/uploads\/2022\/12\/cropped-logo-cabecera-new.png","width":430,"height":61,"caption":"Tour Travel And More"},"image":{"@id":"https:\/\/tourtravelandmore.com\/es\/#\/schema\/logo\/image\/"},"sameAs":["https:\/\/www.facebook.com\/tourtravelandmore\/","https:\/\/x.com\/TourTravel_More"]}]}},"_links":{"self":[{"href":"https:\/\/tourtravelandmore.com\/es\/wp-json\/wp\/v2\/product\/178400","targetHints":{"allow":["GET"]}}],"collection":[{"href":"https:\/\/tourtravelandmore.com\/es\/wp-json\/wp\/v2\/product"}],"about":[{"href":"https:\/\/tourtravelandmore.com\/es\/wp-json\/wp\/v2\/types\/product"}],"replies":[{"embeddable":true,"href":"https:\/\/tourtravelandmore.com\/es\/wp-json\/wp\/v2\/comments?post=178400"}],"wp:featuredmedia":[{"embeddable":true,"href":"https:\/\/tourtravelandmore.com\/es\/wp-json\/wp\/v2\/media\/178416"}],"wp:attachment":[{"href":"https:\/\/tourtravelandmore.com\/es\/wp-json\/wp\/v2\/media?parent=178400"}],"wp:term":[{"taxonomy":"product_brand","embeddable":true,"href":"https:\/\/tourtravelandmore.com\/es\/wp-json\/wp\/v2\/product_brand?post=178400"},{"taxonomy":"product_cat","embeddable":true,"href":"https:\/\/tourtravelandmore.com\/es\/wp-json\/wp\/v2\/product_cat?post=178400"},{"taxonomy":"product_tag","embeddable":true,"href":"https:\/\/tourtravelandmore.com\/es\/wp-json\/wp\/v2\/product_tag?post=178400"}],"curies":[{"name":"wp","href":"https:\/\/api.w.org\/{rel}","templated":true}]}}