{"id":178288,"date":"2024-10-25T16:18:28","date_gmt":"2024-10-25T14:18:28","guid":{"rendered":"https:\/\/tourtravelandmore.com\/?post_type=product&#038;p=178288"},"modified":"2026-02-11T16:40:56","modified_gmt":"2026-02-11T15:40:56","slug":"excursion-privada-de-un-dia-a-hallstatt-desde-viena-copy","status":"publish","type":"product","link":"https:\/\/tourtravelandmore.com\/es\/tours\/austria-es\/hallstatt-es\/halstatt-actividades-es\/excursion-privada-de-un-dia-a-hallstatt-desde-viena-copy\/","title":{"rendered":"Tour privado a Salzburgo y Hallstatt desde Viena"},"content":{"rendered":"<h2><b>Tour privado a Salzburgo y Hallstatt desde Viena Descripci\u00f3n<\/b><\/h2>\n<p>Descubra dos de los destinos m\u00e1s encantadores <b><strong>de<\/strong><\/b> Austria en una excursi\u00f3n privada de un d\u00eda desde <b><strong>Viena,<\/strong><\/b> combinando el encanto cultural de Salzburgo con la impresionante belleza de Hallstatt. Con la comodidad de un veh\u00edculo privado y un conductor experto a su disposici\u00f3n durante 12\/13 horas, esta excursi\u00f3n le ofrece una forma exclusiva y c\u00f3moda de conocer lo m\u00e1s destacado de Austria en un solo d\u00eda.<\/p>\n<p>Su viaje comienza con un pintoresco recorrido por la campi\u00f1a austriaca, contemplando las vistas de los Alpes mientras se dirige a Salzburgo. A su llegada, disfrute de una visita guiada de 2,5 horas con un experto local que le presentar\u00e1 los lugares m\u00e1s emblem\u00e1ticos de la ciudad, como el lugar de nacimiento de Mozart, el Palacio de Mirabell y la impresionante Catedral de Salzburgo. Ad\u00e9ntrese en la rica historia y la arquitectura barroca que definen a esta ciudad <b><strong>declarada Patrimonio de la Humanidad por la UNESCO.<\/strong><\/b><\/p>\n<h2><b>Tour privado a Salzburgo y Hallstatt desde Viena Lo m\u00e1s destacado<\/b><\/h2>\n<p>Con la libertad de un tour privado, podr\u00e1 adaptar la experiencia a sus preferencias antes de regresar a <b><strong>Viena<\/strong><\/b> con comodidad y estilo.<\/p>\n<p>Tras explorar Salzburgo, contin\u00fae su aventura con una visita a Hallstatt, uno de los pueblos m\u00e1s pintorescos de Austria, enclavado a orillas del lago Hallstatt. Aqu\u00ed tendr\u00e1 tiempo para pasear por sus encantadoras calles, contemplar el paisaje alpino y visitar por su cuenta las famosas minas de sal de Hallstatt o el Skywalk. Aunque no es guiada, esta parte de la excursi\u00f3n permite la exploraci\u00f3n personal de este m\u00e1gico entorno.<\/p>\n<ul>\n<li><b><strong>Excursi\u00f3n privada de d\u00eda completo de Viena a Salzburgo y Hallstatt con ch\u00f3fer personal.<\/strong><\/b><\/li>\n<li><b><strong>Disfrute de una visita guiada de 2,5 horas en Salzburgo, visitando lugares clave como la casa natal de Mozart y el Palacio de Mirabell.<\/strong><\/b><\/li>\n<li><b><strong>Tiempo libre para explorar el id\u00edlico pueblo de Hallstatt a su propio ritmo.<\/strong><\/b><\/li>\n<li><b><strong>Viaje panor\u00e1mico a trav\u00e9s de los Alpes austriacos con impresionantes vistas.<\/strong><\/b><\/li>\n<li><b><strong>Itinerario personalizable con la flexibilidad de un viaje privado.<\/strong><\/b><\/li>\n<\/ul>\n<p>Y, si el encanto de Europa a\u00fan tira de su fibra sensible, considere la posibilidad de mejorar su viaje con nuestra exclusiva excursi\u00f3n privada a Salzburgo desde Viena. <a href=\"https:\/\/tourtravelandmore.com\/es\/ciudad\/austria-es\/viena-es\/\">Es otro cap\u00edtulo esperando a ser explorado en la gran aventura europea.<\/a><\/p>\n","protected":false},"excerpt":{"rendered":"<p><span style=\"font-weight: 400;\">Descubra Hallstatt, un tesoro de la UNESCO, en una lujosa excursi\u00f3n de un d\u00eda desde Viena. Sum\u00e9rjase en un mundo de belleza paisaj\u00edstica, rica historia y maravillas culturales.<\/span><\/p>\n","protected":false},"featured_media":178307,"comment_status":"open","ping_status":"closed","template":"","meta":{"_acf_changed":false},"product_brand":[],"product_cat":[1665,1670,1380,1384,1383],"product_tag":[],"class_list":{"0":"post-178288","1":"product","2":"type-product","3":"status-publish","4":"has-post-thumbnail","6":"product_cat-hallstatt-es","7":"product_cat-halstatt-actividades-es","8":"product_cat-viena-es","9":"product_cat-vienna-tours-privados-actividades-es","10":"product_cat-viena-rutas-turisticas-privadas-es","12":"first","13":"instock","14":"shipping-taxable","15":"purchasable","16":"product-type-simple"},"acf":[],"yoast_head":"<!-- This site is optimized with the Yoast SEO Premium plugin v25.3.1 (Yoast SEO v25.3.1) - https:\/\/yoast.com\/wordpress\/plugins\/seo\/ -->\n<title>Excursi\u00f3n privada de un d\u00eda a Hallstatt desde Viena: Una joya de la UNESCO<\/title>\n<meta name=\"description\" content=\"Emb\u00e1rquese en un viaje privado de 10 horas al encantador pueblo de Hallstatt. Desde lagos v\u00edrgenes y antiguas minas de sal hasta museos hist\u00f3ricos, desentra\u00f1e los misterios de este lugar declarado Patrimonio de la Humanidad por la UNESCO.\" \/>\n<meta name=\"robots\" content=\"index, follow, max-snippet:-1, max-image-preview:large, max-video-preview:-1\" \/>\n<link rel=\"canonical\" href=\"https:\/\/tourtravelandmore.com\/es\/tours\/austria-es\/hallstatt-es\/halstatt-actividades-es\/excursion-privada-de-un-dia-a-hallstatt-desde-viena-copy\/\" \/>\n<meta property=\"og:locale\" content=\"es_ES\" \/>\n<meta property=\"og:type\" content=\"article\" \/>\n<meta property=\"og:title\" content=\"Tour privado a Salzburgo y Hallstatt desde Viena\" \/>\n<meta property=\"og:description\" content=\"Emb\u00e1rquese en un viaje privado de 10 horas al encantador pueblo de Hallstatt. Desde lagos v\u00edrgenes y antiguas minas de sal hasta museos hist\u00f3ricos, desentra\u00f1e los misterios de este lugar declarado Patrimonio de la Humanidad por la UNESCO.\" \/>\n<meta property=\"og:url\" content=\"https:\/\/tourtravelandmore.com\/es\/tours\/austria-es\/hallstatt-es\/halstatt-actividades-es\/excursion-privada-de-un-dia-a-hallstatt-desde-viena-copy\/\" \/>\n<meta property=\"og:site_name\" content=\"Tour Travel And More\" \/>\n<meta property=\"article:publisher\" content=\"https:\/\/www.facebook.com\/tourtravelandmore\/\" \/>\n<meta property=\"article:modified_time\" content=\"2026-02-11T15:40:56+00:00\" \/>\n<meta property=\"og:image\" content=\"https:\/\/tourtravelandmore.com\/wp-content\/uploads\/2024\/10\/pexels-szabolcs-toth-3185492-scaled.jpg\" \/>\n\t<meta property=\"og:image:width\" content=\"2560\" \/>\n\t<meta property=\"og:image:height\" content=\"1920\" \/>\n\t<meta property=\"og:image:type\" content=\"image\/jpeg\" \/>\n<meta name=\"twitter:card\" content=\"summary_large_image\" \/>\n<meta name=\"twitter:site\" content=\"@TourTravel_More\" \/>\n<meta name=\"twitter:label1\" content=\"Tiempo de lectura\" \/>\n\t<meta name=\"twitter:data1\" content=\"2 minutos\" \/>\n<script type=\"application\/ld+json\" class=\"yoast-schema-graph\">{\"@context\":\"https:\/\/schema.org\",\"@graph\":[{\"@type\":\"WebPage\",\"@id\":\"https:\/\/tourtravelandmore.com\/es\/tours\/austria-es\/hallstatt-es\/halstatt-actividades-es\/excursion-privada-de-un-dia-a-hallstatt-desde-viena-copy\/\",\"url\":\"https:\/\/tourtravelandmore.com\/es\/tours\/austria-es\/hallstatt-es\/halstatt-actividades-es\/excursion-privada-de-un-dia-a-hallstatt-desde-viena-copy\/\",\"name\":\"Excursi\u00f3n privada de un d\u00eda a Hallstatt desde Viena: Una joya de la UNESCO\",\"isPartOf\":{\"@id\":\"https:\/\/tourtravelandmore.com\/es\/#website\"},\"primaryImageOfPage\":{\"@id\":\"https:\/\/tourtravelandmore.com\/es\/tours\/austria-es\/hallstatt-es\/halstatt-actividades-es\/excursion-privada-de-un-dia-a-hallstatt-desde-viena-copy\/#primaryimage\"},\"image\":{\"@id\":\"https:\/\/tourtravelandmore.com\/es\/tours\/austria-es\/hallstatt-es\/halstatt-actividades-es\/excursion-privada-de-un-dia-a-hallstatt-desde-viena-copy\/#primaryimage\"},\"thumbnailUrl\":\"https:\/\/tourtravelandmore.com\/wp-content\/uploads\/2024\/10\/pexels-szabolcs-toth-3185492-scaled.jpg\",\"datePublished\":\"2024-10-25T14:18:28+00:00\",\"dateModified\":\"2026-02-11T15:40:56+00:00\",\"description\":\"Emb\u00e1rquese en un viaje privado de 10 horas al encantador pueblo de Hallstatt. Desde lagos v\u00edrgenes y antiguas minas de sal hasta museos hist\u00f3ricos, desentra\u00f1e los misterios de este lugar declarado Patrimonio de la Humanidad por la UNESCO.\",\"breadcrumb\":{\"@id\":\"https:\/\/tourtravelandmore.com\/es\/tours\/austria-es\/hallstatt-es\/halstatt-actividades-es\/excursion-privada-de-un-dia-a-hallstatt-desde-viena-copy\/#breadcrumb\"},\"inLanguage\":\"es\",\"potentialAction\":[{\"@type\":\"ReadAction\",\"target\":[\"https:\/\/tourtravelandmore.com\/es\/tours\/austria-es\/hallstatt-es\/halstatt-actividades-es\/excursion-privada-de-un-dia-a-hallstatt-desde-viena-copy\/\"]}]},{\"@type\":\"ImageObject\",\"inLanguage\":\"es\",\"@id\":\"https:\/\/tourtravelandmore.com\/es\/tours\/austria-es\/hallstatt-es\/halstatt-actividades-es\/excursion-privada-de-un-dia-a-hallstatt-desde-viena-copy\/#primaryimage\",\"url\":\"https:\/\/tourtravelandmore.com\/wp-content\/uploads\/2024\/10\/pexels-szabolcs-toth-3185492-scaled.jpg\",\"contentUrl\":\"https:\/\/tourtravelandmore.com\/wp-content\/uploads\/2024\/10\/pexels-szabolcs-toth-3185492-scaled.jpg\",\"width\":2560,\"height\":1920},{\"@type\":\"BreadcrumbList\",\"@id\":\"https:\/\/tourtravelandmore.com\/es\/tours\/austria-es\/hallstatt-es\/halstatt-actividades-es\/excursion-privada-de-un-dia-a-hallstatt-desde-viena-copy\/#breadcrumb\",\"itemListElement\":[{\"@type\":\"ListItem\",\"position\":1,\"name\":\"Home\",\"item\":\"https:\/\/tourtravelandmore.com\/es\/\"},{\"@type\":\"ListItem\",\"position\":2,\"name\":\"Tours\",\"item\":\"https:\/\/tourtravelandmore.com\/es\/tours\/\"},{\"@type\":\"ListItem\",\"position\":3,\"name\":\"Tour privado a Salzburgo y Hallstatt desde Viena\"}]},{\"@type\":\"WebSite\",\"@id\":\"https:\/\/tourtravelandmore.com\/es\/#website\",\"url\":\"https:\/\/tourtravelandmore.com\/es\/\",\"name\":\"Tour Travel And More\",\"description\":\"Private sightseeing tours and luxury transfers in Spain\",\"publisher\":{\"@id\":\"https:\/\/tourtravelandmore.com\/es\/#organization\"},\"potentialAction\":[{\"@type\":\"SearchAction\",\"target\":{\"@type\":\"EntryPoint\",\"urlTemplate\":\"https:\/\/tourtravelandmore.com\/es\/?s={search_term_string}\"},\"query-input\":{\"@type\":\"PropertyValueSpecification\",\"valueRequired\":true,\"valueName\":\"search_term_string\"}}],\"inLanguage\":\"es\"},{\"@type\":\"Organization\",\"@id\":\"https:\/\/tourtravelandmore.com\/es\/#organization\",\"name\":\"Tour Travel And More\",\"url\":\"https:\/\/tourtravelandmore.com\/es\/\",\"logo\":{\"@type\":\"ImageObject\",\"inLanguage\":\"es\",\"@id\":\"https:\/\/tourtravelandmore.com\/es\/#\/schema\/logo\/image\/\",\"url\":\"https:\/\/tourtravelandmore.com\/wp-content\/uploads\/2022\/12\/cropped-logo-cabecera-new.png\",\"contentUrl\":\"https:\/\/tourtravelandmore.com\/wp-content\/uploads\/2022\/12\/cropped-logo-cabecera-new.png\",\"width\":430,\"height\":61,\"caption\":\"Tour Travel And More\"},\"image\":{\"@id\":\"https:\/\/tourtravelandmore.com\/es\/#\/schema\/logo\/image\/\"},\"sameAs\":[\"https:\/\/www.facebook.com\/tourtravelandmore\/\",\"https:\/\/x.com\/TourTravel_More\"]}]}<\/script>\n<!-- \/ Yoast SEO Premium plugin. -->","yoast_head_json":{"title":"Excursi\u00f3n privada de un d\u00eda a Hallstatt desde Viena: Una joya de la UNESCO","description":"Emb\u00e1rquese en un viaje privado de 10 horas al encantador pueblo de Hallstatt. Desde lagos v\u00edrgenes y antiguas minas de sal hasta museos hist\u00f3ricos, desentra\u00f1e los misterios de este lugar declarado Patrimonio de la Humanidad por la UNESCO.","robots":{"index":"index","follow":"follow","max-snippet":"max-snippet:-1","max-image-preview":"max-image-preview:large","max-video-preview":"max-video-preview:-1"},"canonical":"https:\/\/tourtravelandmore.com\/es\/tours\/austria-es\/hallstatt-es\/halstatt-actividades-es\/excursion-privada-de-un-dia-a-hallstatt-desde-viena-copy\/","og_locale":"es_ES","og_type":"article","og_title":"Tour privado a Salzburgo y Hallstatt desde Viena","og_description":"Emb\u00e1rquese en un viaje privado de 10 horas al encantador pueblo de Hallstatt. Desde lagos v\u00edrgenes y antiguas minas de sal hasta museos hist\u00f3ricos, desentra\u00f1e los misterios de este lugar declarado Patrimonio de la Humanidad por la UNESCO.","og_url":"https:\/\/tourtravelandmore.com\/es\/tours\/austria-es\/hallstatt-es\/halstatt-actividades-es\/excursion-privada-de-un-dia-a-hallstatt-desde-viena-copy\/","og_site_name":"Tour Travel And More","article_publisher":"https:\/\/www.facebook.com\/tourtravelandmore\/","article_modified_time":"2026-02-11T15:40:56+00:00","og_image":[{"width":2560,"height":1920,"url":"https:\/\/tourtravelandmore.com\/wp-content\/uploads\/2024\/10\/pexels-szabolcs-toth-3185492-scaled.jpg","type":"image\/jpeg"}],"twitter_card":"summary_large_image","twitter_site":"@TourTravel_More","twitter_misc":{"Tiempo de lectura":"2 minutos"},"schema":{"@context":"https:\/\/schema.org","@graph":[{"@type":"WebPage","@id":"https:\/\/tourtravelandmore.com\/es\/tours\/austria-es\/hallstatt-es\/halstatt-actividades-es\/excursion-privada-de-un-dia-a-hallstatt-desde-viena-copy\/","url":"https:\/\/tourtravelandmore.com\/es\/tours\/austria-es\/hallstatt-es\/halstatt-actividades-es\/excursion-privada-de-un-dia-a-hallstatt-desde-viena-copy\/","name":"Excursi\u00f3n privada de un d\u00eda a Hallstatt desde Viena: Una joya de la UNESCO","isPartOf":{"@id":"https:\/\/tourtravelandmore.com\/es\/#website"},"primaryImageOfPage":{"@id":"https:\/\/tourtravelandmore.com\/es\/tours\/austria-es\/hallstatt-es\/halstatt-actividades-es\/excursion-privada-de-un-dia-a-hallstatt-desde-viena-copy\/#primaryimage"},"image":{"@id":"https:\/\/tourtravelandmore.com\/es\/tours\/austria-es\/hallstatt-es\/halstatt-actividades-es\/excursion-privada-de-un-dia-a-hallstatt-desde-viena-copy\/#primaryimage"},"thumbnailUrl":"https:\/\/tourtravelandmore.com\/wp-content\/uploads\/2024\/10\/pexels-szabolcs-toth-3185492-scaled.jpg","datePublished":"2024-10-25T14:18:28+00:00","dateModified":"2026-02-11T15:40:56+00:00","description":"Emb\u00e1rquese en un viaje privado de 10 horas al encantador pueblo de Hallstatt. Desde lagos v\u00edrgenes y antiguas minas de sal hasta museos hist\u00f3ricos, desentra\u00f1e los misterios de este lugar declarado Patrimonio de la Humanidad por la UNESCO.","breadcrumb":{"@id":"https:\/\/tourtravelandmore.com\/es\/tours\/austria-es\/hallstatt-es\/halstatt-actividades-es\/excursion-privada-de-un-dia-a-hallstatt-desde-viena-copy\/#breadcrumb"},"inLanguage":"es","potentialAction":[{"@type":"ReadAction","target":["https:\/\/tourtravelandmore.com\/es\/tours\/austria-es\/hallstatt-es\/halstatt-actividades-es\/excursion-privada-de-un-dia-a-hallstatt-desde-viena-copy\/"]}]},{"@type":"ImageObject","inLanguage":"es","@id":"https:\/\/tourtravelandmore.com\/es\/tours\/austria-es\/hallstatt-es\/halstatt-actividades-es\/excursion-privada-de-un-dia-a-hallstatt-desde-viena-copy\/#primaryimage","url":"https:\/\/tourtravelandmore.com\/wp-content\/uploads\/2024\/10\/pexels-szabolcs-toth-3185492-scaled.jpg","contentUrl":"https:\/\/tourtravelandmore.com\/wp-content\/uploads\/2024\/10\/pexels-szabolcs-toth-3185492-scaled.jpg","width":2560,"height":1920},{"@type":"BreadcrumbList","@id":"https:\/\/tourtravelandmore.com\/es\/tours\/austria-es\/hallstatt-es\/halstatt-actividades-es\/excursion-privada-de-un-dia-a-hallstatt-desde-viena-copy\/#breadcrumb","itemListElement":[{"@type":"ListItem","position":1,"name":"Home","item":"https:\/\/tourtravelandmore.com\/es\/"},{"@type":"ListItem","position":2,"name":"Tours","item":"https:\/\/tourtravelandmore.com\/es\/tours\/"},{"@type":"ListItem","position":3,"name":"Tour privado a Salzburgo y Hallstatt desde Viena"}]},{"@type":"WebSite","@id":"https:\/\/tourtravelandmore.com\/es\/#website","url":"https:\/\/tourtravelandmore.com\/es\/","name":"Tour Travel And More","description":"Private sightseeing tours and luxury transfers in Spain","publisher":{"@id":"https:\/\/tourtravelandmore.com\/es\/#organization"},"potentialAction":[{"@type":"SearchAction","target":{"@type":"EntryPoint","urlTemplate":"https:\/\/tourtravelandmore.com\/es\/?s={search_term_string}"},"query-input":{"@type":"PropertyValueSpecification","valueRequired":true,"valueName":"search_term_string"}}],"inLanguage":"es"},{"@type":"Organization","@id":"https:\/\/tourtravelandmore.com\/es\/#organization","name":"Tour Travel And More","url":"https:\/\/tourtravelandmore.com\/es\/","logo":{"@type":"ImageObject","inLanguage":"es","@id":"https:\/\/tourtravelandmore.com\/es\/#\/schema\/logo\/image\/","url":"https:\/\/tourtravelandmore.com\/wp-content\/uploads\/2022\/12\/cropped-logo-cabecera-new.png","contentUrl":"https:\/\/tourtravelandmore.com\/wp-content\/uploads\/2022\/12\/cropped-logo-cabecera-new.png","width":430,"height":61,"caption":"Tour Travel And More"},"image":{"@id":"https:\/\/tourtravelandmore.com\/es\/#\/schema\/logo\/image\/"},"sameAs":["https:\/\/www.facebook.com\/tourtravelandmore\/","https:\/\/x.com\/TourTravel_More"]}]}},"_links":{"self":[{"href":"https:\/\/tourtravelandmore.com\/es\/wp-json\/wp\/v2\/product\/178288","targetHints":{"allow":["GET"]}}],"collection":[{"href":"https:\/\/tourtravelandmore.com\/es\/wp-json\/wp\/v2\/product"}],"about":[{"href":"https:\/\/tourtravelandmore.com\/es\/wp-json\/wp\/v2\/types\/product"}],"replies":[{"embeddable":true,"href":"https:\/\/tourtravelandmore.com\/es\/wp-json\/wp\/v2\/comments?post=178288"}],"wp:featuredmedia":[{"embeddable":true,"href":"https:\/\/tourtravelandmore.com\/es\/wp-json\/wp\/v2\/media\/178307"}],"wp:attachment":[{"href":"https:\/\/tourtravelandmore.com\/es\/wp-json\/wp\/v2\/media?parent=178288"}],"wp:term":[{"taxonomy":"product_brand","embeddable":true,"href":"https:\/\/tourtravelandmore.com\/es\/wp-json\/wp\/v2\/product_brand?post=178288"},{"taxonomy":"product_cat","embeddable":true,"href":"https:\/\/tourtravelandmore.com\/es\/wp-json\/wp\/v2\/product_cat?post=178288"},{"taxonomy":"product_tag","embeddable":true,"href":"https:\/\/tourtravelandmore.com\/es\/wp-json\/wp\/v2\/product_tag?post=178288"}],"curies":[{"name":"wp","href":"https:\/\/api.w.org\/{rel}","templated":true}]}}