{"id":178235,"date":"2024-10-21T15:21:24","date_gmt":"2024-10-21T13:21:24","guid":{"rendered":"https:\/\/tourtravelandmore.com\/?post_type=product&#038;p=178235"},"modified":"2024-10-21T15:47:43","modified_gmt":"2024-10-21T13:47:43","slug":"tour-privado-rias-altas-desde-a-coruna-ferrol-cedeira-y-san-andres-de-teixido-copy","status":"publish","type":"product","link":"https:\/\/tourtravelandmore.com\/es\/tours\/espana-es\/coruna-es\/coruna-rutas-turisticas-privadas-es\/tour-privado-rias-altas-desde-a-coruna-ferrol-cedeira-y-san-andres-de-teixido-copy\/","title":{"rendered":"Tour privado a la Playa de las Catedrales, Lugo y Ribadeo desde A Coru\u00f1a"},"content":{"rendered":"<h2>Tour privado a la Playa de las Catedrales, Lugo y Ribadeo desde A Coru\u00f1a Descripci\u00f3n<\/h2>\n<p>Emb\u00e1rquese en un viaje inolvidable a una de las maravillas costeras m\u00e1s impresionantes de Espa\u00f1a, la <b><strong>Playa<\/strong><\/b> de las <b><strong>Catedrales,<\/strong><\/b> con sus dram\u00e1ticas formaciones rocosas e impresionantes arcos naturales. Con salida desde <b><strong>A<\/strong><\/b> <b><strong>Coru\u00f1a,<\/strong><\/b> esta excursi\u00f3n privada de 10 horas le ofrece una experiencia exclusiva adaptada a su ritmo e intereses.<\/p>\n<p>Su gu\u00eda personal le conducir\u00e1 por la encantadora ciudad de Lugo, famosa por sus murallas romanas y su encanto hist\u00f3rico, antes de continuar hacia la pintoresca localidad de Ribadeo. Por el camino, explorar\u00e1 los paisajes \u00fanicos <b><strong>de Galicia<\/strong><\/b>, descubrir\u00e1 la cultura local y disfrutar\u00e1 de las joyas ocultas de la regi\u00f3n, todo ello desde la comodidad de un coche privado.<\/p>\n<p>Tanto si se maravilla ante la grandeza de la Playa de las Catedrales como si pasea por las calles empedradas de Lugo y Ribadeo, esta excursi\u00f3n le ofrece una mezcla perfecta de naturaleza, historia y relajaci\u00f3n.<\/p>\n<h2>Tour Privado a la Playa de las Catedrales, Lugo y Ribadeo desde A Coru\u00f1a | Puntos de Inter\u00e9s y Lugares de Inter\u00e9s<\/h2>\n<p>Esta excursi\u00f3n es perfecta para quienes buscan conocer las maravillas culturales y naturales de la costa norte de Galicia con comodidad y estilo.<\/p>\n<ul>\n<li><b><strong>Playa de las Catedrales:<\/strong><\/b> Sea testigo de las impresionantes formaciones rocosas y arcos naturales de esta emblem\u00e1tica playa, famosa por su majestuosa belleza.<\/li>\n<li><b><strong>Lugo:<\/strong><\/b> Explore la ciudad hist\u00f3rica, incluidas sus murallas romanas declaradas Patrimonio de la Humanidad por la UNESCO, y d\u00e9jese llevar por la rica historia y cultura de la regi\u00f3n.<\/li>\n<li><b><strong>Ribadeo:<\/strong><\/b> Descubra la encantadora ciudad de Ribadeo, con sus pintorescas calles, encantadoras plazas y vibrante ambiente.<\/li>\n<li><b><strong>Coche privado y gu\u00eda:<\/strong><\/b> Viaje c\u00f3modamente en un veh\u00edculo privado con un gu\u00eda experto que le ofrecer\u00e1 informaci\u00f3n personalizada a lo largo del d\u00eda.<\/li>\n<li><b><strong>Itinerario flexible:<\/strong><\/b> Adaptado a sus preferencias, este recorrido le permite disponer de tiempo suficiente para explorar cada destino a su propio ritmo.<\/li>\n<\/ul>\n<p>Finalmente, nuestro ch\u00f3fer privado, le llevar\u00e1 de vuelta hacia nuestra querida <b><strong>Coru\u00f1a<\/strong><\/b>. Disfrutar\u00e1 de este tour privado de <a href=\"https:\/\/en.wikipedia.org\/wiki\/Santiago_de_Compostela\">Santiago de Compostela<\/a> desde A Coru\u00f1a gracias a Tour Travel &amp; More.<\/p>\n<p><a href=\"https:\/\/tourtravelandmore.com\/es\/ciudad\/espana-es\/a-coruna-en\/\">Eche un vistazo a nuestros tours privados por A Coru\u00f1a.<\/a><\/p>\n","protected":false},"excerpt":{"rendered":"<p>Emb\u00e1rquese en un viaje inolvidable a una de las maravillas costeras m\u00e1s impresionantes de Espa\u00f1a, la <b><strong>Playa<\/strong><\/b> de las <b><strong>Catedrales,<\/strong><\/b> con sus dram\u00e1ticas formaciones rocosas e impresionantes arcos naturales. Con salida desde <b><strong>A<\/strong><\/b> <b><strong>Coru\u00f1a,<\/strong><\/b> esta excursi\u00f3n privada de 10 horas le ofrece una experiencia exclusiva adaptada a su ritmo e intereses.<\/p>\n","protected":false},"featured_media":178251,"comment_status":"open","ping_status":"closed","template":"","meta":{"_acf_changed":false},"product_brand":[],"product_cat":[1596,1875,1880,1878],"product_tag":[],"class_list":{"0":"post-178235","1":"product","2":"type-product","3":"status-publish","4":"has-post-thumbnail","6":"product_cat-espana-es","7":"product_cat-coruna-es","8":"product_cat-coruna-actividades-es","9":"product_cat-coruna-rutas-turisticas-privadas-es","11":"first","12":"instock","13":"shipping-taxable","14":"purchasable","15":"product-type-simple"},"acf":[],"yoast_head":"<!-- This site is optimized with the Yoast SEO Premium plugin v25.3.1 (Yoast SEO v25.3.1) - https:\/\/yoast.com\/wordpress\/plugins\/seo\/ -->\n<title>\u27a1\ufe0fTour privado a la Playa de las Catedrales, Lugo y Ribadeo desde A Coru\u00f1a | Tour Travel &amp; More<\/title>\n<meta name=\"description\" content=\"Tour privado a la Playa de las Catedrales, Lugo y Ribadeo desde A Coru\u00f1a con su gu\u00eda oficial privado y vehiculo con conductor. Descubre la Catedral de Santiago y m\u00e1s! \u2705\" \/>\n<meta name=\"robots\" content=\"index, follow, max-snippet:-1, max-image-preview:large, max-video-preview:-1\" \/>\n<link rel=\"canonical\" href=\"https:\/\/tourtravelandmore.com\/es\/tours\/espana-es\/coruna-es\/coruna-rutas-turisticas-privadas-es\/tour-privado-rias-altas-desde-a-coruna-ferrol-cedeira-y-san-andres-de-teixido-copy\/\" \/>\n<meta property=\"og:locale\" content=\"es_ES\" \/>\n<meta property=\"og:type\" content=\"article\" \/>\n<meta property=\"og:title\" content=\"Tour privado a la Playa de las Catedrales, Lugo y Ribadeo desde A Coru\u00f1a\" \/>\n<meta property=\"og:description\" content=\"Tour privado a la Playa de las Catedrales, Lugo y Ribadeo desde A Coru\u00f1a con su gu\u00eda oficial privado y vehiculo con conductor. Descubre la Catedral de Santiago y m\u00e1s! \u2705\" \/>\n<meta property=\"og:url\" content=\"https:\/\/tourtravelandmore.com\/es\/tours\/espana-es\/coruna-es\/coruna-rutas-turisticas-privadas-es\/tour-privado-rias-altas-desde-a-coruna-ferrol-cedeira-y-san-andres-de-teixido-copy\/\" \/>\n<meta property=\"og:site_name\" content=\"Tour Travel And More\" \/>\n<meta property=\"article:publisher\" content=\"https:\/\/www.facebook.com\/tourtravelandmore\/\" \/>\n<meta property=\"article:modified_time\" content=\"2024-10-21T13:47:43+00:00\" \/>\n<meta property=\"og:image\" content=\"https:\/\/tourtravelandmore.com\/wp-content\/uploads\/2024\/10\/rinlo-1322046_1280.jpg\" \/>\n\t<meta property=\"og:image:width\" content=\"1280\" \/>\n\t<meta property=\"og:image:height\" content=\"901\" \/>\n\t<meta property=\"og:image:type\" content=\"image\/jpeg\" \/>\n<meta name=\"twitter:card\" content=\"summary_large_image\" \/>\n<meta name=\"twitter:site\" content=\"@TourTravel_More\" \/>\n<meta name=\"twitter:label1\" content=\"Tiempo de lectura\" \/>\n\t<meta name=\"twitter:data1\" content=\"2 minutos\" \/>\n<script type=\"application\/ld+json\" class=\"yoast-schema-graph\">{\"@context\":\"https:\/\/schema.org\",\"@graph\":[{\"@type\":\"WebPage\",\"@id\":\"https:\/\/tourtravelandmore.com\/es\/tours\/espana-es\/coruna-es\/coruna-rutas-turisticas-privadas-es\/tour-privado-rias-altas-desde-a-coruna-ferrol-cedeira-y-san-andres-de-teixido-copy\/\",\"url\":\"https:\/\/tourtravelandmore.com\/es\/tours\/espana-es\/coruna-es\/coruna-rutas-turisticas-privadas-es\/tour-privado-rias-altas-desde-a-coruna-ferrol-cedeira-y-san-andres-de-teixido-copy\/\",\"name\":\"\u27a1\ufe0fTour privado a la Playa de las Catedrales, Lugo y Ribadeo desde A Coru\u00f1a | Tour Travel & More\",\"isPartOf\":{\"@id\":\"https:\/\/tourtravelandmore.com\/es\/#website\"},\"primaryImageOfPage\":{\"@id\":\"https:\/\/tourtravelandmore.com\/es\/tours\/espana-es\/coruna-es\/coruna-rutas-turisticas-privadas-es\/tour-privado-rias-altas-desde-a-coruna-ferrol-cedeira-y-san-andres-de-teixido-copy\/#primaryimage\"},\"image\":{\"@id\":\"https:\/\/tourtravelandmore.com\/es\/tours\/espana-es\/coruna-es\/coruna-rutas-turisticas-privadas-es\/tour-privado-rias-altas-desde-a-coruna-ferrol-cedeira-y-san-andres-de-teixido-copy\/#primaryimage\"},\"thumbnailUrl\":\"https:\/\/tourtravelandmore.com\/wp-content\/uploads\/2024\/10\/rinlo-1322046_1280.jpg\",\"datePublished\":\"2024-10-21T13:21:24+00:00\",\"dateModified\":\"2024-10-21T13:47:43+00:00\",\"description\":\"Tour privado a la Playa de las Catedrales, Lugo y Ribadeo desde A Coru\u00f1a con su gu\u00eda oficial privado y vehiculo con conductor. Descubre la Catedral de Santiago y m\u00e1s! \u2705\",\"breadcrumb\":{\"@id\":\"https:\/\/tourtravelandmore.com\/es\/tours\/espana-es\/coruna-es\/coruna-rutas-turisticas-privadas-es\/tour-privado-rias-altas-desde-a-coruna-ferrol-cedeira-y-san-andres-de-teixido-copy\/#breadcrumb\"},\"inLanguage\":\"es\",\"potentialAction\":[{\"@type\":\"ReadAction\",\"target\":[\"https:\/\/tourtravelandmore.com\/es\/tours\/espana-es\/coruna-es\/coruna-rutas-turisticas-privadas-es\/tour-privado-rias-altas-desde-a-coruna-ferrol-cedeira-y-san-andres-de-teixido-copy\/\"]}]},{\"@type\":\"ImageObject\",\"inLanguage\":\"es\",\"@id\":\"https:\/\/tourtravelandmore.com\/es\/tours\/espana-es\/coruna-es\/coruna-rutas-turisticas-privadas-es\/tour-privado-rias-altas-desde-a-coruna-ferrol-cedeira-y-san-andres-de-teixido-copy\/#primaryimage\",\"url\":\"https:\/\/tourtravelandmore.com\/wp-content\/uploads\/2024\/10\/rinlo-1322046_1280.jpg\",\"contentUrl\":\"https:\/\/tourtravelandmore.com\/wp-content\/uploads\/2024\/10\/rinlo-1322046_1280.jpg\",\"width\":1280,\"height\":901},{\"@type\":\"BreadcrumbList\",\"@id\":\"https:\/\/tourtravelandmore.com\/es\/tours\/espana-es\/coruna-es\/coruna-rutas-turisticas-privadas-es\/tour-privado-rias-altas-desde-a-coruna-ferrol-cedeira-y-san-andres-de-teixido-copy\/#breadcrumb\",\"itemListElement\":[{\"@type\":\"ListItem\",\"position\":1,\"name\":\"Home\",\"item\":\"https:\/\/tourtravelandmore.com\/es\/\"},{\"@type\":\"ListItem\",\"position\":2,\"name\":\"Tours\",\"item\":\"https:\/\/tourtravelandmore.com\/es\/tours\/\"},{\"@type\":\"ListItem\",\"position\":3,\"name\":\"Tour privado a la Playa de las Catedrales, Lugo y Ribadeo desde A Coru\u00f1a\"}]},{\"@type\":\"WebSite\",\"@id\":\"https:\/\/tourtravelandmore.com\/es\/#website\",\"url\":\"https:\/\/tourtravelandmore.com\/es\/\",\"name\":\"Tour Travel And More\",\"description\":\"Private sightseeing tours and luxury transfers in Spain\",\"publisher\":{\"@id\":\"https:\/\/tourtravelandmore.com\/es\/#organization\"},\"potentialAction\":[{\"@type\":\"SearchAction\",\"target\":{\"@type\":\"EntryPoint\",\"urlTemplate\":\"https:\/\/tourtravelandmore.com\/es\/?s={search_term_string}\"},\"query-input\":{\"@type\":\"PropertyValueSpecification\",\"valueRequired\":true,\"valueName\":\"search_term_string\"}}],\"inLanguage\":\"es\"},{\"@type\":\"Organization\",\"@id\":\"https:\/\/tourtravelandmore.com\/es\/#organization\",\"name\":\"Tour Travel And More\",\"url\":\"https:\/\/tourtravelandmore.com\/es\/\",\"logo\":{\"@type\":\"ImageObject\",\"inLanguage\":\"es\",\"@id\":\"https:\/\/tourtravelandmore.com\/es\/#\/schema\/logo\/image\/\",\"url\":\"https:\/\/tourtravelandmore.com\/wp-content\/uploads\/2022\/12\/cropped-logo-cabecera-new.png\",\"contentUrl\":\"https:\/\/tourtravelandmore.com\/wp-content\/uploads\/2022\/12\/cropped-logo-cabecera-new.png\",\"width\":430,\"height\":61,\"caption\":\"Tour Travel And More\"},\"image\":{\"@id\":\"https:\/\/tourtravelandmore.com\/es\/#\/schema\/logo\/image\/\"},\"sameAs\":[\"https:\/\/www.facebook.com\/tourtravelandmore\/\",\"https:\/\/x.com\/TourTravel_More\"]}]}<\/script>\n<!-- \/ Yoast SEO Premium plugin. -->","yoast_head_json":{"title":"\u27a1\ufe0fTour privado a la Playa de las Catedrales, Lugo y Ribadeo desde A Coru\u00f1a | Tour Travel & More","description":"Tour privado a la Playa de las Catedrales, Lugo y Ribadeo desde A Coru\u00f1a con su gu\u00eda oficial privado y vehiculo con conductor. Descubre la Catedral de Santiago y m\u00e1s! \u2705","robots":{"index":"index","follow":"follow","max-snippet":"max-snippet:-1","max-image-preview":"max-image-preview:large","max-video-preview":"max-video-preview:-1"},"canonical":"https:\/\/tourtravelandmore.com\/es\/tours\/espana-es\/coruna-es\/coruna-rutas-turisticas-privadas-es\/tour-privado-rias-altas-desde-a-coruna-ferrol-cedeira-y-san-andres-de-teixido-copy\/","og_locale":"es_ES","og_type":"article","og_title":"Tour privado a la Playa de las Catedrales, Lugo y Ribadeo desde A Coru\u00f1a","og_description":"Tour privado a la Playa de las Catedrales, Lugo y Ribadeo desde A Coru\u00f1a con su gu\u00eda oficial privado y vehiculo con conductor. Descubre la Catedral de Santiago y m\u00e1s! \u2705","og_url":"https:\/\/tourtravelandmore.com\/es\/tours\/espana-es\/coruna-es\/coruna-rutas-turisticas-privadas-es\/tour-privado-rias-altas-desde-a-coruna-ferrol-cedeira-y-san-andres-de-teixido-copy\/","og_site_name":"Tour Travel And More","article_publisher":"https:\/\/www.facebook.com\/tourtravelandmore\/","article_modified_time":"2024-10-21T13:47:43+00:00","og_image":[{"width":1280,"height":901,"url":"https:\/\/tourtravelandmore.com\/wp-content\/uploads\/2024\/10\/rinlo-1322046_1280.jpg","type":"image\/jpeg"}],"twitter_card":"summary_large_image","twitter_site":"@TourTravel_More","twitter_misc":{"Tiempo de lectura":"2 minutos"},"schema":{"@context":"https:\/\/schema.org","@graph":[{"@type":"WebPage","@id":"https:\/\/tourtravelandmore.com\/es\/tours\/espana-es\/coruna-es\/coruna-rutas-turisticas-privadas-es\/tour-privado-rias-altas-desde-a-coruna-ferrol-cedeira-y-san-andres-de-teixido-copy\/","url":"https:\/\/tourtravelandmore.com\/es\/tours\/espana-es\/coruna-es\/coruna-rutas-turisticas-privadas-es\/tour-privado-rias-altas-desde-a-coruna-ferrol-cedeira-y-san-andres-de-teixido-copy\/","name":"\u27a1\ufe0fTour privado a la Playa de las Catedrales, Lugo y Ribadeo desde A Coru\u00f1a | Tour Travel & More","isPartOf":{"@id":"https:\/\/tourtravelandmore.com\/es\/#website"},"primaryImageOfPage":{"@id":"https:\/\/tourtravelandmore.com\/es\/tours\/espana-es\/coruna-es\/coruna-rutas-turisticas-privadas-es\/tour-privado-rias-altas-desde-a-coruna-ferrol-cedeira-y-san-andres-de-teixido-copy\/#primaryimage"},"image":{"@id":"https:\/\/tourtravelandmore.com\/es\/tours\/espana-es\/coruna-es\/coruna-rutas-turisticas-privadas-es\/tour-privado-rias-altas-desde-a-coruna-ferrol-cedeira-y-san-andres-de-teixido-copy\/#primaryimage"},"thumbnailUrl":"https:\/\/tourtravelandmore.com\/wp-content\/uploads\/2024\/10\/rinlo-1322046_1280.jpg","datePublished":"2024-10-21T13:21:24+00:00","dateModified":"2024-10-21T13:47:43+00:00","description":"Tour privado a la Playa de las Catedrales, Lugo y Ribadeo desde A Coru\u00f1a con su gu\u00eda oficial privado y vehiculo con conductor. Descubre la Catedral de Santiago y m\u00e1s! \u2705","breadcrumb":{"@id":"https:\/\/tourtravelandmore.com\/es\/tours\/espana-es\/coruna-es\/coruna-rutas-turisticas-privadas-es\/tour-privado-rias-altas-desde-a-coruna-ferrol-cedeira-y-san-andres-de-teixido-copy\/#breadcrumb"},"inLanguage":"es","potentialAction":[{"@type":"ReadAction","target":["https:\/\/tourtravelandmore.com\/es\/tours\/espana-es\/coruna-es\/coruna-rutas-turisticas-privadas-es\/tour-privado-rias-altas-desde-a-coruna-ferrol-cedeira-y-san-andres-de-teixido-copy\/"]}]},{"@type":"ImageObject","inLanguage":"es","@id":"https:\/\/tourtravelandmore.com\/es\/tours\/espana-es\/coruna-es\/coruna-rutas-turisticas-privadas-es\/tour-privado-rias-altas-desde-a-coruna-ferrol-cedeira-y-san-andres-de-teixido-copy\/#primaryimage","url":"https:\/\/tourtravelandmore.com\/wp-content\/uploads\/2024\/10\/rinlo-1322046_1280.jpg","contentUrl":"https:\/\/tourtravelandmore.com\/wp-content\/uploads\/2024\/10\/rinlo-1322046_1280.jpg","width":1280,"height":901},{"@type":"BreadcrumbList","@id":"https:\/\/tourtravelandmore.com\/es\/tours\/espana-es\/coruna-es\/coruna-rutas-turisticas-privadas-es\/tour-privado-rias-altas-desde-a-coruna-ferrol-cedeira-y-san-andres-de-teixido-copy\/#breadcrumb","itemListElement":[{"@type":"ListItem","position":1,"name":"Home","item":"https:\/\/tourtravelandmore.com\/es\/"},{"@type":"ListItem","position":2,"name":"Tours","item":"https:\/\/tourtravelandmore.com\/es\/tours\/"},{"@type":"ListItem","position":3,"name":"Tour privado a la Playa de las Catedrales, Lugo y Ribadeo desde A Coru\u00f1a"}]},{"@type":"WebSite","@id":"https:\/\/tourtravelandmore.com\/es\/#website","url":"https:\/\/tourtravelandmore.com\/es\/","name":"Tour Travel And More","description":"Private sightseeing tours and luxury transfers in Spain","publisher":{"@id":"https:\/\/tourtravelandmore.com\/es\/#organization"},"potentialAction":[{"@type":"SearchAction","target":{"@type":"EntryPoint","urlTemplate":"https:\/\/tourtravelandmore.com\/es\/?s={search_term_string}"},"query-input":{"@type":"PropertyValueSpecification","valueRequired":true,"valueName":"search_term_string"}}],"inLanguage":"es"},{"@type":"Organization","@id":"https:\/\/tourtravelandmore.com\/es\/#organization","name":"Tour Travel And More","url":"https:\/\/tourtravelandmore.com\/es\/","logo":{"@type":"ImageObject","inLanguage":"es","@id":"https:\/\/tourtravelandmore.com\/es\/#\/schema\/logo\/image\/","url":"https:\/\/tourtravelandmore.com\/wp-content\/uploads\/2022\/12\/cropped-logo-cabecera-new.png","contentUrl":"https:\/\/tourtravelandmore.com\/wp-content\/uploads\/2022\/12\/cropped-logo-cabecera-new.png","width":430,"height":61,"caption":"Tour Travel And More"},"image":{"@id":"https:\/\/tourtravelandmore.com\/es\/#\/schema\/logo\/image\/"},"sameAs":["https:\/\/www.facebook.com\/tourtravelandmore\/","https:\/\/x.com\/TourTravel_More"]}]}},"_links":{"self":[{"href":"https:\/\/tourtravelandmore.com\/es\/wp-json\/wp\/v2\/product\/178235","targetHints":{"allow":["GET"]}}],"collection":[{"href":"https:\/\/tourtravelandmore.com\/es\/wp-json\/wp\/v2\/product"}],"about":[{"href":"https:\/\/tourtravelandmore.com\/es\/wp-json\/wp\/v2\/types\/product"}],"replies":[{"embeddable":true,"href":"https:\/\/tourtravelandmore.com\/es\/wp-json\/wp\/v2\/comments?post=178235"}],"wp:featuredmedia":[{"embeddable":true,"href":"https:\/\/tourtravelandmore.com\/es\/wp-json\/wp\/v2\/media\/178251"}],"wp:attachment":[{"href":"https:\/\/tourtravelandmore.com\/es\/wp-json\/wp\/v2\/media?parent=178235"}],"wp:term":[{"taxonomy":"product_brand","embeddable":true,"href":"https:\/\/tourtravelandmore.com\/es\/wp-json\/wp\/v2\/product_brand?post=178235"},{"taxonomy":"product_cat","embeddable":true,"href":"https:\/\/tourtravelandmore.com\/es\/wp-json\/wp\/v2\/product_cat?post=178235"},{"taxonomy":"product_tag","embeddable":true,"href":"https:\/\/tourtravelandmore.com\/es\/wp-json\/wp\/v2\/product_tag?post=178235"}],"curies":[{"name":"wp","href":"https:\/\/api.w.org\/{rel}","templated":true}]}}