{"id":178194,"date":"2024-10-18T18:05:07","date_gmt":"2024-10-18T16:05:08","guid":{"rendered":"https:\/\/tourtravelandmore.com\/?post_type=product&#038;p=178194"},"modified":"2024-10-25T20:46:21","modified_gmt":"2024-10-25T18:46:21","slug":"tour-privada-santiago-de-compostela-desde-a-coruna-copy","status":"publish","type":"product","link":"https:\/\/tourtravelandmore.com\/es\/tours\/espana-es\/coruna-es\/coruna-rutas-turisticas-privadas-es\/tour-privada-santiago-de-compostela-desde-a-coruna-copy\/","title":{"rendered":"Tour Privado R\u00edas Altas desde A Coru\u00f1a: Ferrol, Cedeira y San Andr\u00e9s de Teixido"},"content":{"rendered":"<h2>Tour Privado R\u00edas Altas desde A Coru\u00f1a: Ferrol, Cedeira y San Andr\u00e9s de Teixido Descripci\u00f3n<\/h2>\n<p>Descubra la belleza ind\u00f3mita de la costa norte de <b><strong>Galicia<\/strong><\/b> en esta exclusiva excursi\u00f3n de un d\u00eda completo por las R\u00edas <b><strong>Altas<\/strong><\/b>. Partiendo de A Coru\u00f1a, recorrer\u00e1 impresionantes paisajes, encantadoras localidades costeras y lugares sagrados en compa\u00f1\u00eda de un gu\u00eda experto.<\/p>\n<p>Su aventura comienza en la hist\u00f3rica ciudad de Ferrol, conocida por su historia naval y su impresionante arquitectura.<\/p>\n<p>Finalmente, nuestro ch\u00f3fer privado, le llevar\u00e1 de vuelta hacia nuestra querida <b><strong>Coru\u00f1a<\/strong><\/b>. Disfrutar\u00e1 de este tour privado desde A Coru\u00f1a gracias a Tour Travel &amp; More.<\/p>\n<h2>Tour Privado R\u00edas Altas desde A Coru\u00f1a: Ferrol, Cedeira y San Andr\u00e9s de Teixido | Puntos de Inter\u00e9s y Lugares de Inter\u00e9s<\/h2>\n<p>Este tour es perfecto para aquellos que buscan experimentar las maravillas culturales y naturales de la costa norte de Galicia con comodidad y estilo.<\/p>\n<ul>\n<li><b><strong>Ferrol:<\/strong><\/b> Explore esta ciudad naval de importancia hist\u00f3rica con sus grandes astilleros y su patrimonio militar.<\/li>\n<li><b><strong>Cedeira:<\/strong><\/b> Disfrute de la tranquilidad y el encanto de este pueblo costero, conocido por sus espectaculares acantilados y sus playas v\u00edrgenes.<\/li>\n<li><b><strong>San Andr\u00e9s de Teixido:<\/strong><\/b> Visite uno de los lugares de peregrinaci\u00f3n m\u00e1s m\u00edsticos y pintorescos de Galicia, encaramado en un acantilado con amplias vistas al oc\u00e9ano.<\/li>\n<li><b><strong>Experiencia personalizada:<\/strong><\/b> Viaje c\u00f3modamente en un veh\u00edculo privado con su gu\u00eda experto, garantizando un viaje personalizado y perspicaz.<\/li>\n<li><b><strong>Viaje panor\u00e1mico:<\/strong><\/b> Marav\u00edllese con los espectaculares paisajes costeros a lo largo de las R\u00edas Altas, con oportunidades para hacer fotos impresionantes.<\/li>\n<\/ul>\n<p>Finalmente, nuestro ch\u00f3fer privado, le llevar\u00e1 de vuelta hacia nuestra querida <b><strong>Coru\u00f1a<\/strong><\/b>. Disfrutar\u00e1 de este tour privado de <a href=\"https:\/\/en.wikipedia.org\/wiki\/Santiago_de_Compostela\">Santiago de Compostela<\/a> desde A Coru\u00f1a gracias a Tour Travel &amp; More.<\/p>\n<p><a href=\"https:\/\/tourtravelandmore.com\/es\/ciudad\/espana-es\/a-coruna-en\/\">Eche un vistazo a nuestros tours privados por A Coru\u00f1a.<\/a><\/p>\n","protected":false},"excerpt":{"rendered":"<p>Descubra la belleza ind\u00f3mita de la costa norte de <b><strong>Galicia<\/strong><\/b> en esta exclusiva excursi\u00f3n de un d\u00eda completo por las R\u00edas <b><strong>Altas<\/strong><\/b>. Partiendo de A Coru\u00f1a, recorrer\u00e1 impresionantes paisajes, encantadoras localidades costeras y lugares sagrados en compa\u00f1\u00eda de un gu\u00eda experto. Su aventura comienza en la hist\u00f3rica ciudad de Ferrol, conocida por su historia naval y su impresionante arquitectura.<\/p>\n","protected":false},"featured_media":178210,"comment_status":"open","ping_status":"closed","template":"","meta":{"_acf_changed":false},"product_brand":[],"product_cat":[1596,1875,1880,1878],"product_tag":[],"class_list":{"0":"post-178194","1":"product","2":"type-product","3":"status-publish","4":"has-post-thumbnail","6":"product_cat-espana-es","7":"product_cat-coruna-es","8":"product_cat-coruna-actividades-es","9":"product_cat-coruna-rutas-turisticas-privadas-es","11":"first","12":"instock","13":"shipping-taxable","14":"purchasable","15":"product-type-simple"},"acf":[],"yoast_head":"<!-- This site is optimized with the Yoast SEO Premium plugin v25.3.1 (Yoast SEO v25.3.1) - https:\/\/yoast.com\/wordpress\/plugins\/seo\/ -->\n<title>\u27a1\ufe0f Tour Privado R\u00edas Altas desde A Coru\u00f1a: Ferrol, Cedeira y San Andr\u00e9s de Teixido | Tour Travel &amp; More<\/title>\n<meta name=\"description\" content=\"Tour Privado R\u00edas Altas desde A Coru\u00f1a: Ferrol, Cedeira y San Andr\u00e9s de Teixido con su gu\u00eda oficial privado y vehiculo con conductor. Descubre la Catedral de Santiago y m\u00e1s! \u2705\" \/>\n<meta name=\"robots\" content=\"index, follow, max-snippet:-1, max-image-preview:large, max-video-preview:-1\" \/>\n<link rel=\"canonical\" href=\"https:\/\/tourtravelandmore.com\/es\/tours\/espana-es\/coruna-es\/coruna-rutas-turisticas-privadas-es\/tour-privada-santiago-de-compostela-desde-a-coruna-copy\/\" \/>\n<meta property=\"og:locale\" content=\"es_ES\" \/>\n<meta property=\"og:type\" content=\"article\" \/>\n<meta property=\"og:title\" content=\"Tour Privado R\u00edas Altas desde A Coru\u00f1a: Ferrol, Cedeira y San Andr\u00e9s de Teixido\" \/>\n<meta property=\"og:description\" content=\"Tour Privado R\u00edas Altas desde A Coru\u00f1a: Ferrol, Cedeira y San Andr\u00e9s de Teixido con su gu\u00eda oficial privado y vehiculo con conductor. Descubre la Catedral de Santiago y m\u00e1s! \u2705\" \/>\n<meta property=\"og:url\" content=\"https:\/\/tourtravelandmore.com\/es\/tours\/espana-es\/coruna-es\/coruna-rutas-turisticas-privadas-es\/tour-privada-santiago-de-compostela-desde-a-coruna-copy\/\" \/>\n<meta property=\"og:site_name\" content=\"Tour Travel And More\" \/>\n<meta property=\"article:publisher\" content=\"https:\/\/www.facebook.com\/tourtravelandmore\/\" \/>\n<meta property=\"article:modified_time\" content=\"2024-10-25T18:46:21+00:00\" \/>\n<meta property=\"og:image\" content=\"https:\/\/tourtravelandmore.com\/wp-content\/uploads\/2024\/10\/panorama-5305495_1280.jpg\" \/>\n\t<meta property=\"og:image:width\" content=\"1280\" \/>\n\t<meta property=\"og:image:height\" content=\"848\" \/>\n\t<meta property=\"og:image:type\" content=\"image\/jpeg\" \/>\n<meta name=\"twitter:card\" content=\"summary_large_image\" \/>\n<meta name=\"twitter:site\" content=\"@TourTravel_More\" \/>\n<meta name=\"twitter:label1\" content=\"Tiempo de lectura\" \/>\n\t<meta name=\"twitter:data1\" content=\"2 minutos\" \/>\n<script type=\"application\/ld+json\" class=\"yoast-schema-graph\">{\"@context\":\"https:\/\/schema.org\",\"@graph\":[{\"@type\":\"WebPage\",\"@id\":\"https:\/\/tourtravelandmore.com\/es\/tours\/espana-es\/coruna-es\/coruna-rutas-turisticas-privadas-es\/tour-privada-santiago-de-compostela-desde-a-coruna-copy\/\",\"url\":\"https:\/\/tourtravelandmore.com\/es\/tours\/espana-es\/coruna-es\/coruna-rutas-turisticas-privadas-es\/tour-privada-santiago-de-compostela-desde-a-coruna-copy\/\",\"name\":\"\u27a1\ufe0f Tour Privado R\u00edas Altas desde A Coru\u00f1a: Ferrol, Cedeira y San Andr\u00e9s de Teixido | Tour Travel & More\",\"isPartOf\":{\"@id\":\"https:\/\/tourtravelandmore.com\/es\/#website\"},\"primaryImageOfPage\":{\"@id\":\"https:\/\/tourtravelandmore.com\/es\/tours\/espana-es\/coruna-es\/coruna-rutas-turisticas-privadas-es\/tour-privada-santiago-de-compostela-desde-a-coruna-copy\/#primaryimage\"},\"image\":{\"@id\":\"https:\/\/tourtravelandmore.com\/es\/tours\/espana-es\/coruna-es\/coruna-rutas-turisticas-privadas-es\/tour-privada-santiago-de-compostela-desde-a-coruna-copy\/#primaryimage\"},\"thumbnailUrl\":\"https:\/\/tourtravelandmore.com\/wp-content\/uploads\/2024\/10\/panorama-5305495_1280.jpg\",\"datePublished\":\"2024-10-18T16:05:08+00:00\",\"dateModified\":\"2024-10-25T18:46:21+00:00\",\"description\":\"Tour Privado R\u00edas Altas desde A Coru\u00f1a: Ferrol, Cedeira y San Andr\u00e9s de Teixido con su gu\u00eda oficial privado y vehiculo con conductor. Descubre la Catedral de Santiago y m\u00e1s! \u2705\",\"breadcrumb\":{\"@id\":\"https:\/\/tourtravelandmore.com\/es\/tours\/espana-es\/coruna-es\/coruna-rutas-turisticas-privadas-es\/tour-privada-santiago-de-compostela-desde-a-coruna-copy\/#breadcrumb\"},\"inLanguage\":\"es\",\"potentialAction\":[{\"@type\":\"ReadAction\",\"target\":[\"https:\/\/tourtravelandmore.com\/es\/tours\/espana-es\/coruna-es\/coruna-rutas-turisticas-privadas-es\/tour-privada-santiago-de-compostela-desde-a-coruna-copy\/\"]}]},{\"@type\":\"ImageObject\",\"inLanguage\":\"es\",\"@id\":\"https:\/\/tourtravelandmore.com\/es\/tours\/espana-es\/coruna-es\/coruna-rutas-turisticas-privadas-es\/tour-privada-santiago-de-compostela-desde-a-coruna-copy\/#primaryimage\",\"url\":\"https:\/\/tourtravelandmore.com\/wp-content\/uploads\/2024\/10\/panorama-5305495_1280.jpg\",\"contentUrl\":\"https:\/\/tourtravelandmore.com\/wp-content\/uploads\/2024\/10\/panorama-5305495_1280.jpg\",\"width\":1280,\"height\":848},{\"@type\":\"BreadcrumbList\",\"@id\":\"https:\/\/tourtravelandmore.com\/es\/tours\/espana-es\/coruna-es\/coruna-rutas-turisticas-privadas-es\/tour-privada-santiago-de-compostela-desde-a-coruna-copy\/#breadcrumb\",\"itemListElement\":[{\"@type\":\"ListItem\",\"position\":1,\"name\":\"Home\",\"item\":\"https:\/\/tourtravelandmore.com\/es\/\"},{\"@type\":\"ListItem\",\"position\":2,\"name\":\"Tours\",\"item\":\"https:\/\/tourtravelandmore.com\/es\/tours\/\"},{\"@type\":\"ListItem\",\"position\":3,\"name\":\"Tour Privado R\u00edas Altas desde A Coru\u00f1a: Ferrol, Cedeira y San Andr\u00e9s de Teixido\"}]},{\"@type\":\"WebSite\",\"@id\":\"https:\/\/tourtravelandmore.com\/es\/#website\",\"url\":\"https:\/\/tourtravelandmore.com\/es\/\",\"name\":\"Tour Travel And More\",\"description\":\"Private sightseeing tours and luxury transfers in Spain\",\"publisher\":{\"@id\":\"https:\/\/tourtravelandmore.com\/es\/#organization\"},\"potentialAction\":[{\"@type\":\"SearchAction\",\"target\":{\"@type\":\"EntryPoint\",\"urlTemplate\":\"https:\/\/tourtravelandmore.com\/es\/?s={search_term_string}\"},\"query-input\":{\"@type\":\"PropertyValueSpecification\",\"valueRequired\":true,\"valueName\":\"search_term_string\"}}],\"inLanguage\":\"es\"},{\"@type\":\"Organization\",\"@id\":\"https:\/\/tourtravelandmore.com\/es\/#organization\",\"name\":\"Tour Travel And More\",\"url\":\"https:\/\/tourtravelandmore.com\/es\/\",\"logo\":{\"@type\":\"ImageObject\",\"inLanguage\":\"es\",\"@id\":\"https:\/\/tourtravelandmore.com\/es\/#\/schema\/logo\/image\/\",\"url\":\"https:\/\/tourtravelandmore.com\/wp-content\/uploads\/2022\/12\/cropped-logo-cabecera-new.png\",\"contentUrl\":\"https:\/\/tourtravelandmore.com\/wp-content\/uploads\/2022\/12\/cropped-logo-cabecera-new.png\",\"width\":430,\"height\":61,\"caption\":\"Tour Travel And More\"},\"image\":{\"@id\":\"https:\/\/tourtravelandmore.com\/es\/#\/schema\/logo\/image\/\"},\"sameAs\":[\"https:\/\/www.facebook.com\/tourtravelandmore\/\",\"https:\/\/x.com\/TourTravel_More\"]}]}<\/script>\n<!-- \/ Yoast SEO Premium plugin. -->","yoast_head_json":{"title":"\u27a1\ufe0f Tour Privado R\u00edas Altas desde A Coru\u00f1a: Ferrol, Cedeira y San Andr\u00e9s de Teixido | Tour Travel & More","description":"Tour Privado R\u00edas Altas desde A Coru\u00f1a: Ferrol, Cedeira y San Andr\u00e9s de Teixido con su gu\u00eda oficial privado y vehiculo con conductor. Descubre la Catedral de Santiago y m\u00e1s! \u2705","robots":{"index":"index","follow":"follow","max-snippet":"max-snippet:-1","max-image-preview":"max-image-preview:large","max-video-preview":"max-video-preview:-1"},"canonical":"https:\/\/tourtravelandmore.com\/es\/tours\/espana-es\/coruna-es\/coruna-rutas-turisticas-privadas-es\/tour-privada-santiago-de-compostela-desde-a-coruna-copy\/","og_locale":"es_ES","og_type":"article","og_title":"Tour Privado R\u00edas Altas desde A Coru\u00f1a: Ferrol, Cedeira y San Andr\u00e9s de Teixido","og_description":"Tour Privado R\u00edas Altas desde A Coru\u00f1a: Ferrol, Cedeira y San Andr\u00e9s de Teixido con su gu\u00eda oficial privado y vehiculo con conductor. Descubre la Catedral de Santiago y m\u00e1s! \u2705","og_url":"https:\/\/tourtravelandmore.com\/es\/tours\/espana-es\/coruna-es\/coruna-rutas-turisticas-privadas-es\/tour-privada-santiago-de-compostela-desde-a-coruna-copy\/","og_site_name":"Tour Travel And More","article_publisher":"https:\/\/www.facebook.com\/tourtravelandmore\/","article_modified_time":"2024-10-25T18:46:21+00:00","og_image":[{"width":1280,"height":848,"url":"https:\/\/tourtravelandmore.com\/wp-content\/uploads\/2024\/10\/panorama-5305495_1280.jpg","type":"image\/jpeg"}],"twitter_card":"summary_large_image","twitter_site":"@TourTravel_More","twitter_misc":{"Tiempo de lectura":"2 minutos"},"schema":{"@context":"https:\/\/schema.org","@graph":[{"@type":"WebPage","@id":"https:\/\/tourtravelandmore.com\/es\/tours\/espana-es\/coruna-es\/coruna-rutas-turisticas-privadas-es\/tour-privada-santiago-de-compostela-desde-a-coruna-copy\/","url":"https:\/\/tourtravelandmore.com\/es\/tours\/espana-es\/coruna-es\/coruna-rutas-turisticas-privadas-es\/tour-privada-santiago-de-compostela-desde-a-coruna-copy\/","name":"\u27a1\ufe0f Tour Privado R\u00edas Altas desde A Coru\u00f1a: Ferrol, Cedeira y San Andr\u00e9s de Teixido | Tour Travel & More","isPartOf":{"@id":"https:\/\/tourtravelandmore.com\/es\/#website"},"primaryImageOfPage":{"@id":"https:\/\/tourtravelandmore.com\/es\/tours\/espana-es\/coruna-es\/coruna-rutas-turisticas-privadas-es\/tour-privada-santiago-de-compostela-desde-a-coruna-copy\/#primaryimage"},"image":{"@id":"https:\/\/tourtravelandmore.com\/es\/tours\/espana-es\/coruna-es\/coruna-rutas-turisticas-privadas-es\/tour-privada-santiago-de-compostela-desde-a-coruna-copy\/#primaryimage"},"thumbnailUrl":"https:\/\/tourtravelandmore.com\/wp-content\/uploads\/2024\/10\/panorama-5305495_1280.jpg","datePublished":"2024-10-18T16:05:08+00:00","dateModified":"2024-10-25T18:46:21+00:00","description":"Tour Privado R\u00edas Altas desde A Coru\u00f1a: Ferrol, Cedeira y San Andr\u00e9s de Teixido con su gu\u00eda oficial privado y vehiculo con conductor. Descubre la Catedral de Santiago y m\u00e1s! \u2705","breadcrumb":{"@id":"https:\/\/tourtravelandmore.com\/es\/tours\/espana-es\/coruna-es\/coruna-rutas-turisticas-privadas-es\/tour-privada-santiago-de-compostela-desde-a-coruna-copy\/#breadcrumb"},"inLanguage":"es","potentialAction":[{"@type":"ReadAction","target":["https:\/\/tourtravelandmore.com\/es\/tours\/espana-es\/coruna-es\/coruna-rutas-turisticas-privadas-es\/tour-privada-santiago-de-compostela-desde-a-coruna-copy\/"]}]},{"@type":"ImageObject","inLanguage":"es","@id":"https:\/\/tourtravelandmore.com\/es\/tours\/espana-es\/coruna-es\/coruna-rutas-turisticas-privadas-es\/tour-privada-santiago-de-compostela-desde-a-coruna-copy\/#primaryimage","url":"https:\/\/tourtravelandmore.com\/wp-content\/uploads\/2024\/10\/panorama-5305495_1280.jpg","contentUrl":"https:\/\/tourtravelandmore.com\/wp-content\/uploads\/2024\/10\/panorama-5305495_1280.jpg","width":1280,"height":848},{"@type":"BreadcrumbList","@id":"https:\/\/tourtravelandmore.com\/es\/tours\/espana-es\/coruna-es\/coruna-rutas-turisticas-privadas-es\/tour-privada-santiago-de-compostela-desde-a-coruna-copy\/#breadcrumb","itemListElement":[{"@type":"ListItem","position":1,"name":"Home","item":"https:\/\/tourtravelandmore.com\/es\/"},{"@type":"ListItem","position":2,"name":"Tours","item":"https:\/\/tourtravelandmore.com\/es\/tours\/"},{"@type":"ListItem","position":3,"name":"Tour Privado R\u00edas Altas desde A Coru\u00f1a: Ferrol, Cedeira y San Andr\u00e9s de Teixido"}]},{"@type":"WebSite","@id":"https:\/\/tourtravelandmore.com\/es\/#website","url":"https:\/\/tourtravelandmore.com\/es\/","name":"Tour Travel And More","description":"Private sightseeing tours and luxury transfers in Spain","publisher":{"@id":"https:\/\/tourtravelandmore.com\/es\/#organization"},"potentialAction":[{"@type":"SearchAction","target":{"@type":"EntryPoint","urlTemplate":"https:\/\/tourtravelandmore.com\/es\/?s={search_term_string}"},"query-input":{"@type":"PropertyValueSpecification","valueRequired":true,"valueName":"search_term_string"}}],"inLanguage":"es"},{"@type":"Organization","@id":"https:\/\/tourtravelandmore.com\/es\/#organization","name":"Tour Travel And More","url":"https:\/\/tourtravelandmore.com\/es\/","logo":{"@type":"ImageObject","inLanguage":"es","@id":"https:\/\/tourtravelandmore.com\/es\/#\/schema\/logo\/image\/","url":"https:\/\/tourtravelandmore.com\/wp-content\/uploads\/2022\/12\/cropped-logo-cabecera-new.png","contentUrl":"https:\/\/tourtravelandmore.com\/wp-content\/uploads\/2022\/12\/cropped-logo-cabecera-new.png","width":430,"height":61,"caption":"Tour Travel And More"},"image":{"@id":"https:\/\/tourtravelandmore.com\/es\/#\/schema\/logo\/image\/"},"sameAs":["https:\/\/www.facebook.com\/tourtravelandmore\/","https:\/\/x.com\/TourTravel_More"]}]}},"_links":{"self":[{"href":"https:\/\/tourtravelandmore.com\/es\/wp-json\/wp\/v2\/product\/178194","targetHints":{"allow":["GET"]}}],"collection":[{"href":"https:\/\/tourtravelandmore.com\/es\/wp-json\/wp\/v2\/product"}],"about":[{"href":"https:\/\/tourtravelandmore.com\/es\/wp-json\/wp\/v2\/types\/product"}],"replies":[{"embeddable":true,"href":"https:\/\/tourtravelandmore.com\/es\/wp-json\/wp\/v2\/comments?post=178194"}],"wp:featuredmedia":[{"embeddable":true,"href":"https:\/\/tourtravelandmore.com\/es\/wp-json\/wp\/v2\/media\/178210"}],"wp:attachment":[{"href":"https:\/\/tourtravelandmore.com\/es\/wp-json\/wp\/v2\/media?parent=178194"}],"wp:term":[{"taxonomy":"product_brand","embeddable":true,"href":"https:\/\/tourtravelandmore.com\/es\/wp-json\/wp\/v2\/product_brand?post=178194"},{"taxonomy":"product_cat","embeddable":true,"href":"https:\/\/tourtravelandmore.com\/es\/wp-json\/wp\/v2\/product_cat?post=178194"},{"taxonomy":"product_tag","embeddable":true,"href":"https:\/\/tourtravelandmore.com\/es\/wp-json\/wp\/v2\/product_tag?post=178194"}],"curies":[{"name":"wp","href":"https:\/\/api.w.org\/{rel}","templated":true}]}}