{"id":178149,"date":"2024-10-15T21:29:34","date_gmt":"2024-10-15T19:29:34","guid":{"rendered":"https:\/\/tourtravelandmore.com\/?post_type=product&#038;p=178149"},"modified":"2024-10-15T21:52:46","modified_gmt":"2024-10-15T19:52:46","slug":"tour-privado-de-lugo-y-castro-de-viladonga-desde-a-coruna-copy","status":"publish","type":"product","link":"https:\/\/tourtravelandmore.com\/es\/tours\/espana-es\/coruna-es\/coruna-rutas-turisticas-privadas-es\/tour-privado-de-lugo-y-castro-de-viladonga-desde-a-coruna-copy\/","title":{"rendered":"Tour Privado de las R\u00edas Altas desde A Coru\u00f1a: Betanzos y Pontedeume"},"content":{"rendered":"<h2>Tour Privado de las R\u00edas Altas desde A Coru\u00f1a: Betanzos y Pontedeume | Descripci\u00f3n<\/h2>\n<p>Descubra la belleza natural y el encanto hist\u00f3rico de las R\u00edas Altas en esta exclusiva excursi\u00f3n privada de 8 horas. Partiendo de A Coru\u00f1a, le guiaremos por dos de las <b><strong>localidades<\/strong><\/b> m\u00e1s pintorescas de Galicia: Betanzos y <b><strong>Pontedeume<\/strong><\/b>.<\/p>\n<p>Ambas ciudades est\u00e1n impregnadas de historia medieval, con calles estrechas, una arquitectura impresionante y un rico patrimonio mar\u00edtimo.<\/p>\n<p>Por otro lado, siempre dispondr\u00e1 de un <b><strong>veh\u00edculo privado de lujo<\/strong><\/b> y de un ch\u00f3fer que estar\u00e1 a su disposici\u00f3n. Disfrutar\u00e1 de los mejores lugares junto a su gu\u00eda oficial privado.<\/p>\n<h2>Tour Privado de las R\u00edas Altas desde A Coru\u00f1a: Betanzos y Pontedeume | Puntos de Inter\u00e9s y Lugares de Inter\u00e9s<\/h2>\n<p>Su viaje comienza con una visita a Betanzos, conocida por su bien conservado casco antiguo y sus famosas fiestas medievales. Explorar\u00e1 las plazas tradicionales de la ciudad, visitar\u00e1 iglesias hist\u00f3ricas como la de Santiago de Betanzos y disfrutar\u00e1 de las vistas de la exuberante campi\u00f1a circundante.<\/p>\n<p>A continuaci\u00f3n, la excursi\u00f3n le llevar\u00e1 a Pontedeume, una encantadora localidad costera donde el r\u00edo Eume se encuentra con el mar. Pasee por sus estrechas calles empedradas, visite las Torres de Andrade y marav\u00edllese ante el impresionante puente medieval que da nombre a la localidad. La excursi\u00f3n tambi\u00e9n le dejar\u00e1 algo de tiempo libre para disfrutar de la gastronom\u00eda local o simplemente relajarse junto al agua.<\/p>\n<p>Con gu\u00eda privado y c\u00f3modo transporte incluido, esta excursi\u00f3n le ofrece una experiencia personalizada de la rica historia, cultura e impresionantes paisajes de Galicia.<\/p>\n<ul>\n<li><b><strong>Excursi\u00f3n privada de d\u00eda completo por las R\u00edas Altas<\/strong><\/b> con gu\u00eda especializado y transporte desde A Coru\u00f1a.<\/li>\n<li>Visite la <b><strong>hist\u00f3rica ciudad de Betanzos<\/strong><\/b>, conocida por sus calles medievales y sus impresionantes iglesias.<\/li>\n<li>Explore <b><strong>Pontedeume<\/strong><\/b>, una pintoresca localidad costera rica en historia, que incluye las <b><strong>Torres de Andrade<\/strong><\/b> y el puente medieval.<\/li>\n<li>Disfrute de tiempo libre para degustar la gastronom\u00eda local o contemplar el apacible paisaje de la costa gallega.<\/li>\n<li>Descubra el encanto y el patrimonio \u00fanicos de Galicia con un gu\u00eda privado, que le garantizar\u00e1 una experiencia personalizada durante todo el d\u00eda.<\/li>\n<\/ul>\n<p><a href=\"https:\/\/tourtravelandmore.com\/es\/ciudad\/espana-es\/a-coruna-en\/\">Consulte todas las excursiones privadas que ofrecemos en Tour Travel &amp; More desde A Coru\u00f1a.<\/a><\/p>\n","protected":false},"excerpt":{"rendered":"<p>Descubra la belleza natural y el encanto hist\u00f3rico de las R\u00edas Altas en esta exclusiva excursi\u00f3n privada de 8 horas. Partiendo de A Coru\u00f1a, le guiaremos por dos de las <b><strong>localidades<\/strong><\/b> m\u00e1s pintorescas de Galicia: Betanzos y <b><strong>Pontedeume<\/strong><\/b>.<\/p>\n","protected":false},"featured_media":178165,"comment_status":"open","ping_status":"closed","template":"","meta":{"_acf_changed":false},"product_brand":[],"product_cat":[1596,1875,1880,1878],"product_tag":[],"class_list":{"0":"post-178149","1":"product","2":"type-product","3":"status-publish","4":"has-post-thumbnail","6":"product_cat-espana-es","7":"product_cat-coruna-es","8":"product_cat-coruna-actividades-es","9":"product_cat-coruna-rutas-turisticas-privadas-es","11":"first","12":"instock","13":"shipping-taxable","14":"purchasable","15":"product-type-simple"},"acf":[],"yoast_head":"<!-- This site is optimized with the Yoast SEO Premium plugin v25.3.1 (Yoast SEO v25.3.1) - https:\/\/yoast.com\/wordpress\/plugins\/seo\/ -->\n<title>\u27a1\ufe0f Tour Privado de las R\u00edas Altas desde A Coru\u00f1a: Betanzos y Pontedeume<\/title>\n<meta name=\"description\" content=\"Tour Privado de las R\u00edas Altas desde A Coru\u00f1a: Betanzos y Pontedeume. Descubre la ciudad m\u00e1s importante de Galicia y sus principales monumentos \u2705\" \/>\n<meta name=\"robots\" content=\"index, follow, max-snippet:-1, max-image-preview:large, max-video-preview:-1\" \/>\n<link rel=\"canonical\" href=\"https:\/\/tourtravelandmore.com\/es\/tours\/espana-es\/coruna-es\/coruna-rutas-turisticas-privadas-es\/tour-privado-de-lugo-y-castro-de-viladonga-desde-a-coruna-copy\/\" \/>\n<meta property=\"og:locale\" content=\"es_ES\" \/>\n<meta property=\"og:type\" content=\"article\" \/>\n<meta property=\"og:title\" content=\"Tour Privado de las R\u00edas Altas desde A Coru\u00f1a: Betanzos y Pontedeume\" \/>\n<meta property=\"og:description\" content=\"Tour Privado de las R\u00edas Altas desde A Coru\u00f1a: Betanzos y Pontedeume. Descubre la ciudad m\u00e1s importante de Galicia y sus principales monumentos \u2705\" \/>\n<meta property=\"og:url\" content=\"https:\/\/tourtravelandmore.com\/es\/tours\/espana-es\/coruna-es\/coruna-rutas-turisticas-privadas-es\/tour-privado-de-lugo-y-castro-de-viladonga-desde-a-coruna-copy\/\" \/>\n<meta property=\"og:site_name\" content=\"Tour Travel And More\" \/>\n<meta property=\"article:publisher\" content=\"https:\/\/www.facebook.com\/tourtravelandmore\/\" \/>\n<meta property=\"article:modified_time\" content=\"2024-10-15T19:52:46+00:00\" \/>\n<meta property=\"og:image\" content=\"https:\/\/tourtravelandmore.com\/wp-content\/uploads\/2024\/10\/vigo-4306861_1280.jpg\" \/>\n\t<meta property=\"og:image:width\" content=\"1280\" \/>\n\t<meta property=\"og:image:height\" content=\"720\" \/>\n\t<meta property=\"og:image:type\" content=\"image\/jpeg\" \/>\n<meta name=\"twitter:card\" content=\"summary_large_image\" \/>\n<meta name=\"twitter:site\" content=\"@TourTravel_More\" \/>\n<meta name=\"twitter:label1\" content=\"Tiempo de lectura\" \/>\n\t<meta name=\"twitter:data1\" content=\"2 minutos\" \/>\n<script type=\"application\/ld+json\" class=\"yoast-schema-graph\">{\"@context\":\"https:\/\/schema.org\",\"@graph\":[{\"@type\":\"WebPage\",\"@id\":\"https:\/\/tourtravelandmore.com\/es\/tours\/espana-es\/coruna-es\/coruna-rutas-turisticas-privadas-es\/tour-privado-de-lugo-y-castro-de-viladonga-desde-a-coruna-copy\/\",\"url\":\"https:\/\/tourtravelandmore.com\/es\/tours\/espana-es\/coruna-es\/coruna-rutas-turisticas-privadas-es\/tour-privado-de-lugo-y-castro-de-viladonga-desde-a-coruna-copy\/\",\"name\":\"\u27a1\ufe0f Tour Privado de las R\u00edas Altas desde A Coru\u00f1a: Betanzos y Pontedeume\",\"isPartOf\":{\"@id\":\"https:\/\/tourtravelandmore.com\/es\/#website\"},\"primaryImageOfPage\":{\"@id\":\"https:\/\/tourtravelandmore.com\/es\/tours\/espana-es\/coruna-es\/coruna-rutas-turisticas-privadas-es\/tour-privado-de-lugo-y-castro-de-viladonga-desde-a-coruna-copy\/#primaryimage\"},\"image\":{\"@id\":\"https:\/\/tourtravelandmore.com\/es\/tours\/espana-es\/coruna-es\/coruna-rutas-turisticas-privadas-es\/tour-privado-de-lugo-y-castro-de-viladonga-desde-a-coruna-copy\/#primaryimage\"},\"thumbnailUrl\":\"https:\/\/tourtravelandmore.com\/wp-content\/uploads\/2024\/10\/vigo-4306861_1280.jpg\",\"datePublished\":\"2024-10-15T19:29:34+00:00\",\"dateModified\":\"2024-10-15T19:52:46+00:00\",\"description\":\"Tour Privado de las R\u00edas Altas desde A Coru\u00f1a: Betanzos y Pontedeume. Descubre la ciudad m\u00e1s importante de Galicia y sus principales monumentos \u2705\",\"breadcrumb\":{\"@id\":\"https:\/\/tourtravelandmore.com\/es\/tours\/espana-es\/coruna-es\/coruna-rutas-turisticas-privadas-es\/tour-privado-de-lugo-y-castro-de-viladonga-desde-a-coruna-copy\/#breadcrumb\"},\"inLanguage\":\"es\",\"potentialAction\":[{\"@type\":\"ReadAction\",\"target\":[\"https:\/\/tourtravelandmore.com\/es\/tours\/espana-es\/coruna-es\/coruna-rutas-turisticas-privadas-es\/tour-privado-de-lugo-y-castro-de-viladonga-desde-a-coruna-copy\/\"]}]},{\"@type\":\"ImageObject\",\"inLanguage\":\"es\",\"@id\":\"https:\/\/tourtravelandmore.com\/es\/tours\/espana-es\/coruna-es\/coruna-rutas-turisticas-privadas-es\/tour-privado-de-lugo-y-castro-de-viladonga-desde-a-coruna-copy\/#primaryimage\",\"url\":\"https:\/\/tourtravelandmore.com\/wp-content\/uploads\/2024\/10\/vigo-4306861_1280.jpg\",\"contentUrl\":\"https:\/\/tourtravelandmore.com\/wp-content\/uploads\/2024\/10\/vigo-4306861_1280.jpg\",\"width\":1280,\"height\":720},{\"@type\":\"BreadcrumbList\",\"@id\":\"https:\/\/tourtravelandmore.com\/es\/tours\/espana-es\/coruna-es\/coruna-rutas-turisticas-privadas-es\/tour-privado-de-lugo-y-castro-de-viladonga-desde-a-coruna-copy\/#breadcrumb\",\"itemListElement\":[{\"@type\":\"ListItem\",\"position\":1,\"name\":\"Home\",\"item\":\"https:\/\/tourtravelandmore.com\/es\/\"},{\"@type\":\"ListItem\",\"position\":2,\"name\":\"Tours\",\"item\":\"https:\/\/tourtravelandmore.com\/es\/tours\/\"},{\"@type\":\"ListItem\",\"position\":3,\"name\":\"Tour Privado de las R\u00edas Altas desde A Coru\u00f1a: Betanzos y Pontedeume\"}]},{\"@type\":\"WebSite\",\"@id\":\"https:\/\/tourtravelandmore.com\/es\/#website\",\"url\":\"https:\/\/tourtravelandmore.com\/es\/\",\"name\":\"Tour Travel And More\",\"description\":\"Private sightseeing tours and luxury transfers in Spain\",\"publisher\":{\"@id\":\"https:\/\/tourtravelandmore.com\/es\/#organization\"},\"potentialAction\":[{\"@type\":\"SearchAction\",\"target\":{\"@type\":\"EntryPoint\",\"urlTemplate\":\"https:\/\/tourtravelandmore.com\/es\/?s={search_term_string}\"},\"query-input\":{\"@type\":\"PropertyValueSpecification\",\"valueRequired\":true,\"valueName\":\"search_term_string\"}}],\"inLanguage\":\"es\"},{\"@type\":\"Organization\",\"@id\":\"https:\/\/tourtravelandmore.com\/es\/#organization\",\"name\":\"Tour Travel And More\",\"url\":\"https:\/\/tourtravelandmore.com\/es\/\",\"logo\":{\"@type\":\"ImageObject\",\"inLanguage\":\"es\",\"@id\":\"https:\/\/tourtravelandmore.com\/es\/#\/schema\/logo\/image\/\",\"url\":\"https:\/\/tourtravelandmore.com\/wp-content\/uploads\/2022\/12\/cropped-logo-cabecera-new.png\",\"contentUrl\":\"https:\/\/tourtravelandmore.com\/wp-content\/uploads\/2022\/12\/cropped-logo-cabecera-new.png\",\"width\":430,\"height\":61,\"caption\":\"Tour Travel And More\"},\"image\":{\"@id\":\"https:\/\/tourtravelandmore.com\/es\/#\/schema\/logo\/image\/\"},\"sameAs\":[\"https:\/\/www.facebook.com\/tourtravelandmore\/\",\"https:\/\/x.com\/TourTravel_More\"]}]}<\/script>\n<!-- \/ Yoast SEO Premium plugin. -->","yoast_head_json":{"title":"\u27a1\ufe0f Tour Privado de las R\u00edas Altas desde A Coru\u00f1a: Betanzos y Pontedeume","description":"Tour Privado de las R\u00edas Altas desde A Coru\u00f1a: Betanzos y Pontedeume. Descubre la ciudad m\u00e1s importante de Galicia y sus principales monumentos \u2705","robots":{"index":"index","follow":"follow","max-snippet":"max-snippet:-1","max-image-preview":"max-image-preview:large","max-video-preview":"max-video-preview:-1"},"canonical":"https:\/\/tourtravelandmore.com\/es\/tours\/espana-es\/coruna-es\/coruna-rutas-turisticas-privadas-es\/tour-privado-de-lugo-y-castro-de-viladonga-desde-a-coruna-copy\/","og_locale":"es_ES","og_type":"article","og_title":"Tour Privado de las R\u00edas Altas desde A Coru\u00f1a: Betanzos y Pontedeume","og_description":"Tour Privado de las R\u00edas Altas desde A Coru\u00f1a: Betanzos y Pontedeume. Descubre la ciudad m\u00e1s importante de Galicia y sus principales monumentos \u2705","og_url":"https:\/\/tourtravelandmore.com\/es\/tours\/espana-es\/coruna-es\/coruna-rutas-turisticas-privadas-es\/tour-privado-de-lugo-y-castro-de-viladonga-desde-a-coruna-copy\/","og_site_name":"Tour Travel And More","article_publisher":"https:\/\/www.facebook.com\/tourtravelandmore\/","article_modified_time":"2024-10-15T19:52:46+00:00","og_image":[{"width":1280,"height":720,"url":"https:\/\/tourtravelandmore.com\/wp-content\/uploads\/2024\/10\/vigo-4306861_1280.jpg","type":"image\/jpeg"}],"twitter_card":"summary_large_image","twitter_site":"@TourTravel_More","twitter_misc":{"Tiempo de lectura":"2 minutos"},"schema":{"@context":"https:\/\/schema.org","@graph":[{"@type":"WebPage","@id":"https:\/\/tourtravelandmore.com\/es\/tours\/espana-es\/coruna-es\/coruna-rutas-turisticas-privadas-es\/tour-privado-de-lugo-y-castro-de-viladonga-desde-a-coruna-copy\/","url":"https:\/\/tourtravelandmore.com\/es\/tours\/espana-es\/coruna-es\/coruna-rutas-turisticas-privadas-es\/tour-privado-de-lugo-y-castro-de-viladonga-desde-a-coruna-copy\/","name":"\u27a1\ufe0f Tour Privado de las R\u00edas Altas desde A Coru\u00f1a: Betanzos y Pontedeume","isPartOf":{"@id":"https:\/\/tourtravelandmore.com\/es\/#website"},"primaryImageOfPage":{"@id":"https:\/\/tourtravelandmore.com\/es\/tours\/espana-es\/coruna-es\/coruna-rutas-turisticas-privadas-es\/tour-privado-de-lugo-y-castro-de-viladonga-desde-a-coruna-copy\/#primaryimage"},"image":{"@id":"https:\/\/tourtravelandmore.com\/es\/tours\/espana-es\/coruna-es\/coruna-rutas-turisticas-privadas-es\/tour-privado-de-lugo-y-castro-de-viladonga-desde-a-coruna-copy\/#primaryimage"},"thumbnailUrl":"https:\/\/tourtravelandmore.com\/wp-content\/uploads\/2024\/10\/vigo-4306861_1280.jpg","datePublished":"2024-10-15T19:29:34+00:00","dateModified":"2024-10-15T19:52:46+00:00","description":"Tour Privado de las R\u00edas Altas desde A Coru\u00f1a: Betanzos y Pontedeume. Descubre la ciudad m\u00e1s importante de Galicia y sus principales monumentos \u2705","breadcrumb":{"@id":"https:\/\/tourtravelandmore.com\/es\/tours\/espana-es\/coruna-es\/coruna-rutas-turisticas-privadas-es\/tour-privado-de-lugo-y-castro-de-viladonga-desde-a-coruna-copy\/#breadcrumb"},"inLanguage":"es","potentialAction":[{"@type":"ReadAction","target":["https:\/\/tourtravelandmore.com\/es\/tours\/espana-es\/coruna-es\/coruna-rutas-turisticas-privadas-es\/tour-privado-de-lugo-y-castro-de-viladonga-desde-a-coruna-copy\/"]}]},{"@type":"ImageObject","inLanguage":"es","@id":"https:\/\/tourtravelandmore.com\/es\/tours\/espana-es\/coruna-es\/coruna-rutas-turisticas-privadas-es\/tour-privado-de-lugo-y-castro-de-viladonga-desde-a-coruna-copy\/#primaryimage","url":"https:\/\/tourtravelandmore.com\/wp-content\/uploads\/2024\/10\/vigo-4306861_1280.jpg","contentUrl":"https:\/\/tourtravelandmore.com\/wp-content\/uploads\/2024\/10\/vigo-4306861_1280.jpg","width":1280,"height":720},{"@type":"BreadcrumbList","@id":"https:\/\/tourtravelandmore.com\/es\/tours\/espana-es\/coruna-es\/coruna-rutas-turisticas-privadas-es\/tour-privado-de-lugo-y-castro-de-viladonga-desde-a-coruna-copy\/#breadcrumb","itemListElement":[{"@type":"ListItem","position":1,"name":"Home","item":"https:\/\/tourtravelandmore.com\/es\/"},{"@type":"ListItem","position":2,"name":"Tours","item":"https:\/\/tourtravelandmore.com\/es\/tours\/"},{"@type":"ListItem","position":3,"name":"Tour Privado de las R\u00edas Altas desde A Coru\u00f1a: Betanzos y Pontedeume"}]},{"@type":"WebSite","@id":"https:\/\/tourtravelandmore.com\/es\/#website","url":"https:\/\/tourtravelandmore.com\/es\/","name":"Tour Travel And More","description":"Private sightseeing tours and luxury transfers in Spain","publisher":{"@id":"https:\/\/tourtravelandmore.com\/es\/#organization"},"potentialAction":[{"@type":"SearchAction","target":{"@type":"EntryPoint","urlTemplate":"https:\/\/tourtravelandmore.com\/es\/?s={search_term_string}"},"query-input":{"@type":"PropertyValueSpecification","valueRequired":true,"valueName":"search_term_string"}}],"inLanguage":"es"},{"@type":"Organization","@id":"https:\/\/tourtravelandmore.com\/es\/#organization","name":"Tour Travel And More","url":"https:\/\/tourtravelandmore.com\/es\/","logo":{"@type":"ImageObject","inLanguage":"es","@id":"https:\/\/tourtravelandmore.com\/es\/#\/schema\/logo\/image\/","url":"https:\/\/tourtravelandmore.com\/wp-content\/uploads\/2022\/12\/cropped-logo-cabecera-new.png","contentUrl":"https:\/\/tourtravelandmore.com\/wp-content\/uploads\/2022\/12\/cropped-logo-cabecera-new.png","width":430,"height":61,"caption":"Tour Travel And More"},"image":{"@id":"https:\/\/tourtravelandmore.com\/es\/#\/schema\/logo\/image\/"},"sameAs":["https:\/\/www.facebook.com\/tourtravelandmore\/","https:\/\/x.com\/TourTravel_More"]}]}},"_links":{"self":[{"href":"https:\/\/tourtravelandmore.com\/es\/wp-json\/wp\/v2\/product\/178149","targetHints":{"allow":["GET"]}}],"collection":[{"href":"https:\/\/tourtravelandmore.com\/es\/wp-json\/wp\/v2\/product"}],"about":[{"href":"https:\/\/tourtravelandmore.com\/es\/wp-json\/wp\/v2\/types\/product"}],"replies":[{"embeddable":true,"href":"https:\/\/tourtravelandmore.com\/es\/wp-json\/wp\/v2\/comments?post=178149"}],"wp:featuredmedia":[{"embeddable":true,"href":"https:\/\/tourtravelandmore.com\/es\/wp-json\/wp\/v2\/media\/178165"}],"wp:attachment":[{"href":"https:\/\/tourtravelandmore.com\/es\/wp-json\/wp\/v2\/media?parent=178149"}],"wp:term":[{"taxonomy":"product_brand","embeddable":true,"href":"https:\/\/tourtravelandmore.com\/es\/wp-json\/wp\/v2\/product_brand?post=178149"},{"taxonomy":"product_cat","embeddable":true,"href":"https:\/\/tourtravelandmore.com\/es\/wp-json\/wp\/v2\/product_cat?post=178149"},{"taxonomy":"product_tag","embeddable":true,"href":"https:\/\/tourtravelandmore.com\/es\/wp-json\/wp\/v2\/product_tag?post=178149"}],"curies":[{"name":"wp","href":"https:\/\/api.w.org\/{rel}","templated":true}]}}