{"id":178123,"date":"2024-10-15T17:52:52","date_gmt":"2024-10-15T15:52:53","guid":{"rendered":"https:\/\/tourtravelandmore.com\/?post_type=product&#038;p=178123"},"modified":"2024-10-15T20:06:43","modified_gmt":"2024-10-15T18:06:43","slug":"tour-privado-a-coruna-con-guia-y-vehiculo-copy","status":"publish","type":"product","link":"https:\/\/tourtravelandmore.com\/es\/tours\/espana-es\/coruna-es\/coruna-rutas-turisticas-privadas-es\/tour-privado-a-coruna-con-guia-y-vehiculo-copy\/","title":{"rendered":"Tour privado de Lugo y Castro de Viladonga desde A Coru\u00f1a"},"content":{"rendered":"<h2>Tour privado de Lugo y Castro de Viladonga desde A Coru\u00f1a | Descripci\u00f3n<\/h2>\n<p>Descubra las joyas hist\u00f3ricas de Galicia con una excursi\u00f3n privada de 8 horas desde A Coru\u00f1a a Lugo y el Castro de Viladonga. Ad\u00e9ntrese en el coraz\u00f3n de la antigua historia romana y celta mientras explora los lugares m\u00e1s destacados de Lugo, ciudad famosa por sus murallas romanas notablemente conservadas, declaradas Patrimonio de la Humanidad por la UNESCO.<\/p>\n<p>Tras empaparse de la atm\u00f3sfera de las encantadoras calles y los antiguos monumentos de Lugo, viajar\u00e1 al fascinante Castro de Viladonga, un yacimiento arqueol\u00f3gico que ofrece una visi\u00f3n de la vida de los celtas que una vez habitaron la regi\u00f3n.<\/p>\n<p>Por otro lado, siempre dispondr\u00e1 de un <b><strong>veh\u00edculo privado de lujo<\/strong><\/b> y de un ch\u00f3fer que estar\u00e1 a su disposici\u00f3n. Disfrutar\u00e1 de los mejores lugares junto a su gu\u00eda oficial privado.<\/p>\n<h2>Puntos de inter\u00e9s y lugares emblem\u00e1ticos<\/h2>\n<p>Nuestro viaje comienza cuando pasamos por delante de su hotel y le llevamos al centro de la ciudad. Puede ser en su hotel, apartamento o incluso en el puerto de cruceros. Entonces comenzaremos este Tour Privado de A Coru\u00f1a.<\/p>\n<p>Viaje c\u00f3modamente con un coche privado y un gu\u00eda experto que le proporcionar\u00e1 una visi\u00f3n cautivadora de la historia, la cultura y la arquitectura de estos extraordinarios lugares. Este recorrido ofrece la mezcla perfecta de historia, cultura y paisajes pintorescos, por lo que resulta ideal para quienes deseen profundizar en el rico pasado de Galicia mientras disfrutan de una atenci\u00f3n personalizada.<\/p>\n<ul>\n<li><b><strong>Recorrido privado<\/strong><\/b>: Disfrute de una experiencia personalizada con un veh\u00edculo privado y un gu\u00eda experto en exclusiva para su grupo.<\/li>\n<li><b><strong>Murallas romanas de Lugo<\/strong><\/b>: Explore las murallas romanas de Lugo, declaradas Patrimonio de la Humanidad por la UNESCO, uno de los ejemplos mejor conservados de la arquitectura militar romana.<\/li>\n<li><b><strong>Catedral de Lugo<\/strong><\/b>: Visite la impresionante Catedral de Lugo, mezcla de estilos rom\u00e1nico, g\u00f3tico y barroco.<\/li>\n<li><b><strong>Castro de Viladonga<\/strong><\/b>: Ad\u00e9ntrese en el pasado celta de Galicia con una visita a este antiguo asentamiento fortificado, que cuenta con un museo en el que se exhiben hallazgos arqueol\u00f3gicos.<\/li>\n<li><b><strong>Paisajes rurales<\/strong><\/b>: Rel\u00e1jese mientras recorre la exuberante campi\u00f1a gallega entre un destino y otro.<\/li>\n<li><b><strong>Comodidad y conveniencia<\/strong><\/b>: Incluye transporte privado desde A Coru\u00f1a, con recogida y regreso a su alojamiento.<\/li>\n<\/ul>\n<p><a href=\"https:\/\/tourtravelandmore.com\/es\/ciudad\/espana-es\/a-coruna-en\/\">Consulte todas las excursiones privadas que ofrecemos en Tour Travel &amp; More desde A Coru\u00f1a.<\/a><\/p>\n","protected":false},"excerpt":{"rendered":"<p>Descubra las joyas hist\u00f3ricas de Galicia con una excursi\u00f3n privada de 8 horas desde A Coru\u00f1a a Lugo y el Castro de Viladonga. Ad\u00e9ntrese en el coraz\u00f3n de la antigua historia romana y celta mientras explora los lugares m\u00e1s destacados de Lugo, ciudad famosa por sus murallas romanas notablemente conservadas, declaradas Patrimonio de la Humanidad por la UNESCO.<\/p>\n","protected":false},"featured_media":178139,"comment_status":"open","ping_status":"closed","template":"","meta":{"_acf_changed":false},"product_brand":[],"product_cat":[1596,1875,1880,1878],"product_tag":[],"class_list":{"0":"post-178123","1":"product","2":"type-product","3":"status-publish","4":"has-post-thumbnail","6":"product_cat-espana-es","7":"product_cat-coruna-es","8":"product_cat-coruna-actividades-es","9":"product_cat-coruna-rutas-turisticas-privadas-es","11":"first","12":"instock","13":"shipping-taxable","14":"purchasable","15":"product-type-simple"},"acf":[],"yoast_head":"<!-- This site is optimized with the Yoast SEO Premium plugin v25.3.1 (Yoast SEO v25.3.1) - https:\/\/yoast.com\/wordpress\/plugins\/seo\/ -->\n<title>\u27a1\ufe0f Tour privado de Lugo y Castro de Viladonga desde A Coru\u00f1a<\/title>\n<meta name=\"description\" content=\"Disfrute de este tour por A Coru\u00f1a privado con gu\u00eda oficial y vehiculo. Descubre la ciudad m\u00e1s importante de Galicia y sus principales monumentos \u2705\" \/>\n<meta name=\"robots\" content=\"index, follow, max-snippet:-1, max-image-preview:large, max-video-preview:-1\" \/>\n<link rel=\"canonical\" href=\"https:\/\/tourtravelandmore.com\/es\/tours\/espana-es\/coruna-es\/coruna-rutas-turisticas-privadas-es\/tour-privado-a-coruna-con-guia-y-vehiculo-copy\/\" \/>\n<meta property=\"og:locale\" content=\"es_ES\" \/>\n<meta property=\"og:type\" content=\"article\" \/>\n<meta property=\"og:title\" content=\"Tour privado de Lugo y Castro de Viladonga desde A Coru\u00f1a\" \/>\n<meta property=\"og:description\" content=\"Disfrute de este tour por A Coru\u00f1a privado con gu\u00eda oficial y vehiculo. Descubre la ciudad m\u00e1s importante de Galicia y sus principales monumentos \u2705\" \/>\n<meta property=\"og:url\" content=\"https:\/\/tourtravelandmore.com\/es\/tours\/espana-es\/coruna-es\/coruna-rutas-turisticas-privadas-es\/tour-privado-a-coruna-con-guia-y-vehiculo-copy\/\" \/>\n<meta property=\"og:site_name\" content=\"Tour Travel And More\" \/>\n<meta property=\"article:publisher\" content=\"https:\/\/www.facebook.com\/tourtravelandmore\/\" \/>\n<meta property=\"article:modified_time\" content=\"2024-10-15T18:06:43+00:00\" \/>\n<meta property=\"og:image\" content=\"https:\/\/tourtravelandmore.com\/wp-content\/uploads\/2024\/10\/bridge-595142_1280.jpg\" \/>\n\t<meta property=\"og:image:width\" content=\"1280\" \/>\n\t<meta property=\"og:image:height\" content=\"960\" \/>\n\t<meta property=\"og:image:type\" content=\"image\/jpeg\" \/>\n<meta name=\"twitter:card\" content=\"summary_large_image\" \/>\n<meta name=\"twitter:site\" content=\"@TourTravel_More\" \/>\n<meta name=\"twitter:label1\" content=\"Tiempo de lectura\" \/>\n\t<meta name=\"twitter:data1\" content=\"2 minutos\" \/>\n<script type=\"application\/ld+json\" class=\"yoast-schema-graph\">{\"@context\":\"https:\/\/schema.org\",\"@graph\":[{\"@type\":\"WebPage\",\"@id\":\"https:\/\/tourtravelandmore.com\/es\/tours\/espana-es\/coruna-es\/coruna-rutas-turisticas-privadas-es\/tour-privado-a-coruna-con-guia-y-vehiculo-copy\/\",\"url\":\"https:\/\/tourtravelandmore.com\/es\/tours\/espana-es\/coruna-es\/coruna-rutas-turisticas-privadas-es\/tour-privado-a-coruna-con-guia-y-vehiculo-copy\/\",\"name\":\"\u27a1\ufe0f Tour privado de Lugo y Castro de Viladonga desde A Coru\u00f1a\",\"isPartOf\":{\"@id\":\"https:\/\/tourtravelandmore.com\/es\/#website\"},\"primaryImageOfPage\":{\"@id\":\"https:\/\/tourtravelandmore.com\/es\/tours\/espana-es\/coruna-es\/coruna-rutas-turisticas-privadas-es\/tour-privado-a-coruna-con-guia-y-vehiculo-copy\/#primaryimage\"},\"image\":{\"@id\":\"https:\/\/tourtravelandmore.com\/es\/tours\/espana-es\/coruna-es\/coruna-rutas-turisticas-privadas-es\/tour-privado-a-coruna-con-guia-y-vehiculo-copy\/#primaryimage\"},\"thumbnailUrl\":\"https:\/\/tourtravelandmore.com\/wp-content\/uploads\/2024\/10\/bridge-595142_1280.jpg\",\"datePublished\":\"2024-10-15T15:52:53+00:00\",\"dateModified\":\"2024-10-15T18:06:43+00:00\",\"description\":\"Disfrute de este tour por A Coru\u00f1a privado con gu\u00eda oficial y vehiculo. Descubre la ciudad m\u00e1s importante de Galicia y sus principales monumentos \u2705\",\"breadcrumb\":{\"@id\":\"https:\/\/tourtravelandmore.com\/es\/tours\/espana-es\/coruna-es\/coruna-rutas-turisticas-privadas-es\/tour-privado-a-coruna-con-guia-y-vehiculo-copy\/#breadcrumb\"},\"inLanguage\":\"es\",\"potentialAction\":[{\"@type\":\"ReadAction\",\"target\":[\"https:\/\/tourtravelandmore.com\/es\/tours\/espana-es\/coruna-es\/coruna-rutas-turisticas-privadas-es\/tour-privado-a-coruna-con-guia-y-vehiculo-copy\/\"]}]},{\"@type\":\"ImageObject\",\"inLanguage\":\"es\",\"@id\":\"https:\/\/tourtravelandmore.com\/es\/tours\/espana-es\/coruna-es\/coruna-rutas-turisticas-privadas-es\/tour-privado-a-coruna-con-guia-y-vehiculo-copy\/#primaryimage\",\"url\":\"https:\/\/tourtravelandmore.com\/wp-content\/uploads\/2024\/10\/bridge-595142_1280.jpg\",\"contentUrl\":\"https:\/\/tourtravelandmore.com\/wp-content\/uploads\/2024\/10\/bridge-595142_1280.jpg\",\"width\":1280,\"height\":960},{\"@type\":\"BreadcrumbList\",\"@id\":\"https:\/\/tourtravelandmore.com\/es\/tours\/espana-es\/coruna-es\/coruna-rutas-turisticas-privadas-es\/tour-privado-a-coruna-con-guia-y-vehiculo-copy\/#breadcrumb\",\"itemListElement\":[{\"@type\":\"ListItem\",\"position\":1,\"name\":\"Home\",\"item\":\"https:\/\/tourtravelandmore.com\/es\/\"},{\"@type\":\"ListItem\",\"position\":2,\"name\":\"Tours\",\"item\":\"https:\/\/tourtravelandmore.com\/es\/tours\/\"},{\"@type\":\"ListItem\",\"position\":3,\"name\":\"Tour privado de Lugo y Castro de Viladonga desde A Coru\u00f1a\"}]},{\"@type\":\"WebSite\",\"@id\":\"https:\/\/tourtravelandmore.com\/es\/#website\",\"url\":\"https:\/\/tourtravelandmore.com\/es\/\",\"name\":\"Tour Travel And More\",\"description\":\"Private sightseeing tours and luxury transfers in Spain\",\"publisher\":{\"@id\":\"https:\/\/tourtravelandmore.com\/es\/#organization\"},\"potentialAction\":[{\"@type\":\"SearchAction\",\"target\":{\"@type\":\"EntryPoint\",\"urlTemplate\":\"https:\/\/tourtravelandmore.com\/es\/?s={search_term_string}\"},\"query-input\":{\"@type\":\"PropertyValueSpecification\",\"valueRequired\":true,\"valueName\":\"search_term_string\"}}],\"inLanguage\":\"es\"},{\"@type\":\"Organization\",\"@id\":\"https:\/\/tourtravelandmore.com\/es\/#organization\",\"name\":\"Tour Travel And More\",\"url\":\"https:\/\/tourtravelandmore.com\/es\/\",\"logo\":{\"@type\":\"ImageObject\",\"inLanguage\":\"es\",\"@id\":\"https:\/\/tourtravelandmore.com\/es\/#\/schema\/logo\/image\/\",\"url\":\"https:\/\/tourtravelandmore.com\/wp-content\/uploads\/2022\/12\/cropped-logo-cabecera-new.png\",\"contentUrl\":\"https:\/\/tourtravelandmore.com\/wp-content\/uploads\/2022\/12\/cropped-logo-cabecera-new.png\",\"width\":430,\"height\":61,\"caption\":\"Tour Travel And More\"},\"image\":{\"@id\":\"https:\/\/tourtravelandmore.com\/es\/#\/schema\/logo\/image\/\"},\"sameAs\":[\"https:\/\/www.facebook.com\/tourtravelandmore\/\",\"https:\/\/x.com\/TourTravel_More\"]}]}<\/script>\n<!-- \/ Yoast SEO Premium plugin. -->","yoast_head_json":{"title":"\u27a1\ufe0f Tour privado de Lugo y Castro de Viladonga desde A Coru\u00f1a","description":"Disfrute de este tour por A Coru\u00f1a privado con gu\u00eda oficial y vehiculo. Descubre la ciudad m\u00e1s importante de Galicia y sus principales monumentos \u2705","robots":{"index":"index","follow":"follow","max-snippet":"max-snippet:-1","max-image-preview":"max-image-preview:large","max-video-preview":"max-video-preview:-1"},"canonical":"https:\/\/tourtravelandmore.com\/es\/tours\/espana-es\/coruna-es\/coruna-rutas-turisticas-privadas-es\/tour-privado-a-coruna-con-guia-y-vehiculo-copy\/","og_locale":"es_ES","og_type":"article","og_title":"Tour privado de Lugo y Castro de Viladonga desde A Coru\u00f1a","og_description":"Disfrute de este tour por A Coru\u00f1a privado con gu\u00eda oficial y vehiculo. Descubre la ciudad m\u00e1s importante de Galicia y sus principales monumentos \u2705","og_url":"https:\/\/tourtravelandmore.com\/es\/tours\/espana-es\/coruna-es\/coruna-rutas-turisticas-privadas-es\/tour-privado-a-coruna-con-guia-y-vehiculo-copy\/","og_site_name":"Tour Travel And More","article_publisher":"https:\/\/www.facebook.com\/tourtravelandmore\/","article_modified_time":"2024-10-15T18:06:43+00:00","og_image":[{"width":1280,"height":960,"url":"https:\/\/tourtravelandmore.com\/wp-content\/uploads\/2024\/10\/bridge-595142_1280.jpg","type":"image\/jpeg"}],"twitter_card":"summary_large_image","twitter_site":"@TourTravel_More","twitter_misc":{"Tiempo de lectura":"2 minutos"},"schema":{"@context":"https:\/\/schema.org","@graph":[{"@type":"WebPage","@id":"https:\/\/tourtravelandmore.com\/es\/tours\/espana-es\/coruna-es\/coruna-rutas-turisticas-privadas-es\/tour-privado-a-coruna-con-guia-y-vehiculo-copy\/","url":"https:\/\/tourtravelandmore.com\/es\/tours\/espana-es\/coruna-es\/coruna-rutas-turisticas-privadas-es\/tour-privado-a-coruna-con-guia-y-vehiculo-copy\/","name":"\u27a1\ufe0f Tour privado de Lugo y Castro de Viladonga desde A Coru\u00f1a","isPartOf":{"@id":"https:\/\/tourtravelandmore.com\/es\/#website"},"primaryImageOfPage":{"@id":"https:\/\/tourtravelandmore.com\/es\/tours\/espana-es\/coruna-es\/coruna-rutas-turisticas-privadas-es\/tour-privado-a-coruna-con-guia-y-vehiculo-copy\/#primaryimage"},"image":{"@id":"https:\/\/tourtravelandmore.com\/es\/tours\/espana-es\/coruna-es\/coruna-rutas-turisticas-privadas-es\/tour-privado-a-coruna-con-guia-y-vehiculo-copy\/#primaryimage"},"thumbnailUrl":"https:\/\/tourtravelandmore.com\/wp-content\/uploads\/2024\/10\/bridge-595142_1280.jpg","datePublished":"2024-10-15T15:52:53+00:00","dateModified":"2024-10-15T18:06:43+00:00","description":"Disfrute de este tour por A Coru\u00f1a privado con gu\u00eda oficial y vehiculo. Descubre la ciudad m\u00e1s importante de Galicia y sus principales monumentos \u2705","breadcrumb":{"@id":"https:\/\/tourtravelandmore.com\/es\/tours\/espana-es\/coruna-es\/coruna-rutas-turisticas-privadas-es\/tour-privado-a-coruna-con-guia-y-vehiculo-copy\/#breadcrumb"},"inLanguage":"es","potentialAction":[{"@type":"ReadAction","target":["https:\/\/tourtravelandmore.com\/es\/tours\/espana-es\/coruna-es\/coruna-rutas-turisticas-privadas-es\/tour-privado-a-coruna-con-guia-y-vehiculo-copy\/"]}]},{"@type":"ImageObject","inLanguage":"es","@id":"https:\/\/tourtravelandmore.com\/es\/tours\/espana-es\/coruna-es\/coruna-rutas-turisticas-privadas-es\/tour-privado-a-coruna-con-guia-y-vehiculo-copy\/#primaryimage","url":"https:\/\/tourtravelandmore.com\/wp-content\/uploads\/2024\/10\/bridge-595142_1280.jpg","contentUrl":"https:\/\/tourtravelandmore.com\/wp-content\/uploads\/2024\/10\/bridge-595142_1280.jpg","width":1280,"height":960},{"@type":"BreadcrumbList","@id":"https:\/\/tourtravelandmore.com\/es\/tours\/espana-es\/coruna-es\/coruna-rutas-turisticas-privadas-es\/tour-privado-a-coruna-con-guia-y-vehiculo-copy\/#breadcrumb","itemListElement":[{"@type":"ListItem","position":1,"name":"Home","item":"https:\/\/tourtravelandmore.com\/es\/"},{"@type":"ListItem","position":2,"name":"Tours","item":"https:\/\/tourtravelandmore.com\/es\/tours\/"},{"@type":"ListItem","position":3,"name":"Tour privado de Lugo y Castro de Viladonga desde A Coru\u00f1a"}]},{"@type":"WebSite","@id":"https:\/\/tourtravelandmore.com\/es\/#website","url":"https:\/\/tourtravelandmore.com\/es\/","name":"Tour Travel And More","description":"Private sightseeing tours and luxury transfers in Spain","publisher":{"@id":"https:\/\/tourtravelandmore.com\/es\/#organization"},"potentialAction":[{"@type":"SearchAction","target":{"@type":"EntryPoint","urlTemplate":"https:\/\/tourtravelandmore.com\/es\/?s={search_term_string}"},"query-input":{"@type":"PropertyValueSpecification","valueRequired":true,"valueName":"search_term_string"}}],"inLanguage":"es"},{"@type":"Organization","@id":"https:\/\/tourtravelandmore.com\/es\/#organization","name":"Tour Travel And More","url":"https:\/\/tourtravelandmore.com\/es\/","logo":{"@type":"ImageObject","inLanguage":"es","@id":"https:\/\/tourtravelandmore.com\/es\/#\/schema\/logo\/image\/","url":"https:\/\/tourtravelandmore.com\/wp-content\/uploads\/2022\/12\/cropped-logo-cabecera-new.png","contentUrl":"https:\/\/tourtravelandmore.com\/wp-content\/uploads\/2022\/12\/cropped-logo-cabecera-new.png","width":430,"height":61,"caption":"Tour Travel And More"},"image":{"@id":"https:\/\/tourtravelandmore.com\/es\/#\/schema\/logo\/image\/"},"sameAs":["https:\/\/www.facebook.com\/tourtravelandmore\/","https:\/\/x.com\/TourTravel_More"]}]}},"_links":{"self":[{"href":"https:\/\/tourtravelandmore.com\/es\/wp-json\/wp\/v2\/product\/178123","targetHints":{"allow":["GET"]}}],"collection":[{"href":"https:\/\/tourtravelandmore.com\/es\/wp-json\/wp\/v2\/product"}],"about":[{"href":"https:\/\/tourtravelandmore.com\/es\/wp-json\/wp\/v2\/types\/product"}],"replies":[{"embeddable":true,"href":"https:\/\/tourtravelandmore.com\/es\/wp-json\/wp\/v2\/comments?post=178123"}],"wp:featuredmedia":[{"embeddable":true,"href":"https:\/\/tourtravelandmore.com\/es\/wp-json\/wp\/v2\/media\/178139"}],"wp:attachment":[{"href":"https:\/\/tourtravelandmore.com\/es\/wp-json\/wp\/v2\/media?parent=178123"}],"wp:term":[{"taxonomy":"product_brand","embeddable":true,"href":"https:\/\/tourtravelandmore.com\/es\/wp-json\/wp\/v2\/product_brand?post=178123"},{"taxonomy":"product_cat","embeddable":true,"href":"https:\/\/tourtravelandmore.com\/es\/wp-json\/wp\/v2\/product_cat?post=178123"},{"taxonomy":"product_tag","embeddable":true,"href":"https:\/\/tourtravelandmore.com\/es\/wp-json\/wp\/v2\/product_tag?post=178123"}],"curies":[{"name":"wp","href":"https:\/\/api.w.org\/{rel}","templated":true}]}}