{"id":17809,"date":"2018-02-07T13:26:05","date_gmt":"2018-02-07T13:51:18","guid":{"rendered":"http:\/\/tourtravelandmore.com\/es\/?post_type=product&#038;p=17809"},"modified":"2023-12-18T20:45:51","modified_gmt":"2023-12-18T19:45:51","slug":"tour-de-chianti-clasico-y-vinedos-desde-florencia","status":"publish","type":"product","link":"https:\/\/tourtravelandmore.com\/es\/tours\/italia-es\/florencia-es\/tour-de-chianti-clasico-y-vinedos-desde-florencia\/","title":{"rendered":"Tour Privado a la regi\u00f3n de Chianti con bodegas desde Florencia"},"content":{"rendered":"<h2><b>Descripci\u00f3n del Tour Privado a la regi\u00f3n de Chianti con bodegas desde Florencia<\/b><\/h2>\n<p>Disfrute de este Tour Privado a la Zona Vin\u00edcola de Chianti desde Florencia en la comodidad de su propio veh\u00edculo privado de lujo.<\/p>\n<p>Disfrute de la exquisita belleza de Florencia y de la encantadora regi\u00f3n de Chianti con nuestro exclusivo tour privado de 8 horas. Su viaje comienza con un conductor\/gu\u00eda profesional que le recibe en el vest\u00edbulo de su hotel, listo para embarcarse en una aventura inolvidable en la comodidad de su propio veh\u00edculo privado de lujo.<\/p>\n<p>Puede elegir entre visitar dos bodegas o s\u00f3lo una. En caso de visitar una sola bodega el tour durar\u00e1 4 horas, en caso de visitar dos bodegas el tour durar\u00e1 8 horas.<\/p>\n<p><span style=\"font-weight: 400;\">Si est\u00e1 interesado en solo visitar la regi\u00f3n de Chianti, eche un vistazo a nuestro<\/span><a href=\"https:\/\/tourtravelandmore.com\/es\/tours\/italia-es\/florencia-es\/tour-de-chianti-clasico-y-vinedos-desde-florencia\/\"><span style=\"font-weight: 400;\"> tour privado a Chianti Classico desde Florencia.<\/span><\/a><\/p>\n<h2><b>Puntos de inter\u00e9s<\/b><\/h2>\n<p><span style=\"font-weight: 400;\">Su conductor\/gu\u00eda privado lo recoger\u00e1 en su hotel o lugar de elecci\u00f3n en Florencia temprano en la ma\u00f1ana.<\/span><\/p>\n<p><span style=\"font-weight: 400;\">A continuaci\u00f3n le explicaremos que lugares de inter\u00e9s podr\u00e1 ver en este tour privado y porque es que estos son tan famosos y visitados por miles de turistas al a\u00f1o:<\/span><\/p>\n<p><strong>Opci\u00f3n 1 &#8211; Visita a una sola bodega (4 horas):<\/strong><br \/>\nAd\u00e9ntrese en el encantador mundo del Chianti con una exploraci\u00f3n en profundidad de una \u00fanica bodega. Sum\u00e9rjase en el arte de la elaboraci\u00f3n del vino y saboree exquisitas catas de vino, complementadas por el impresionante entorno.<\/p>\n<p><strong>Opci\u00f3n 2 &#8211; Visita doble a una bodega (8 horas):<\/strong><br \/>\nPara los entusiastas del vino que buscan una experiencia m\u00e1s extensa, opte por una visita a dos bodegas distintas. Sum\u00e9rjase en los matices de los vinos de Chianti, disfrutando de catas en cada una de ellas y adquiriendo un conocimiento exhaustivo de la viticultura de la regi\u00f3n. Disfrute de los sabores del Chianti con una cata de vinos gratuita, incluida en el paquete tur\u00edstico. La duraci\u00f3n del tour es flexible, lo que le permite adaptarlo a sus intereses espec\u00edficos.<\/p>\n<p>Cuando el d\u00eda llegue a su fin, su ch\u00f3fer\/gu\u00eda privado le llevar\u00e1 de vuelta a su hotel o al lugar que haya elegido en Florencia. Rel\u00e1jese, desconecte y saboree los recuerdos de un d\u00eda excepcional dedicado a explorar los tesoros culturales de Florencia y los cautivadores vi\u00f1edos del Chianti.<\/p>\n<p><b>Cuando finalice el recorrido, su conductor\/gu\u00eda privado lo llevar\u00e1 de regreso a su hotel o lugar de elecci\u00f3n en Florencia.<\/b><\/p>\n","protected":false},"excerpt":{"rendered":"<p>Disfrute de este Tour Privado a la Zona Vin\u00edcola de Chianti desde Florencia en la comodidad de su propio veh\u00edculo privado de lujo.<\/p>\n","protected":false},"featured_media":17808,"comment_status":"open","ping_status":"closed","template":"","meta":{"_acf_changed":false},"product_brand":[],"product_cat":[412,413,414],"product_tag":[],"class_list":{"0":"post-17809","1":"product","2":"type-product","3":"status-publish","4":"has-post-thumbnail","6":"product_cat-florencia-es","7":"product_cat-florencia-actividades-es","8":"product_cat-florencia-excursiones-es","10":"first","11":"instock","12":"shipping-taxable","13":"purchasable","14":"product-type-simple"},"acf":[],"yoast_head":"<!-- This site is optimized with the Yoast SEO Premium plugin v25.3.1 (Yoast SEO v25.3.1) - https:\/\/yoast.com\/wordpress\/plugins\/seo\/ -->\n<title>\u27a1\ufe0f Tour Privado por Florencia y Chianti Classico | Tour Travel &amp; More<\/title>\n<meta name=\"description\" content=\"Reserve ya este Tour Privado por Florencia y Chianti Classico, ser\u00e1 na experiencia 100\u202f% privada e inolvidable \u2705\" \/>\n<meta name=\"robots\" content=\"index, follow, max-snippet:-1, max-image-preview:large, max-video-preview:-1\" \/>\n<link rel=\"canonical\" href=\"https:\/\/tourtravelandmore.com\/es\/tours\/italia-es\/florencia-es\/tour-de-chianti-clasico-y-vinedos-desde-florencia\/\" \/>\n<meta property=\"og:locale\" content=\"es_ES\" \/>\n<meta property=\"og:type\" content=\"article\" \/>\n<meta property=\"og:title\" content=\"Tour Privado a la regi\u00f3n de Chianti con bodegas desde Florencia\" \/>\n<meta property=\"og:description\" content=\"Reserve ya este Tour Privado por Florencia y Chianti Classico, ser\u00e1 na experiencia 100\u202f% privada e inolvidable \u2705\" \/>\n<meta property=\"og:url\" content=\"https:\/\/tourtravelandmore.com\/es\/tours\/italia-es\/florencia-es\/tour-de-chianti-clasico-y-vinedos-desde-florencia\/\" \/>\n<meta property=\"og:site_name\" content=\"Tour Travel And More\" \/>\n<meta property=\"article:publisher\" content=\"https:\/\/www.facebook.com\/tourtravelandmore\/\" \/>\n<meta property=\"article:modified_time\" content=\"2023-12-18T19:45:51+00:00\" \/>\n<meta property=\"og:image\" content=\"https:\/\/tourtravelandmore.com\/wp-content\/uploads\/2018\/02\/chianti.jpg\" \/>\n\t<meta property=\"og:image:width\" content=\"1420\" \/>\n\t<meta property=\"og:image:height\" content=\"946\" \/>\n\t<meta property=\"og:image:type\" content=\"image\/jpeg\" \/>\n<meta name=\"twitter:card\" content=\"summary_large_image\" \/>\n<meta name=\"twitter:site\" content=\"@TourTravel_More\" \/>\n<meta name=\"twitter:label1\" content=\"Tiempo de lectura\" \/>\n\t<meta name=\"twitter:data1\" content=\"4 minutos\" \/>\n<script type=\"application\/ld+json\" class=\"yoast-schema-graph\">{\"@context\":\"https:\/\/schema.org\",\"@graph\":[{\"@type\":\"WebPage\",\"@id\":\"https:\/\/tourtravelandmore.com\/es\/tours\/italia-es\/florencia-es\/tour-de-chianti-clasico-y-vinedos-desde-florencia\/\",\"url\":\"https:\/\/tourtravelandmore.com\/es\/tours\/italia-es\/florencia-es\/tour-de-chianti-clasico-y-vinedos-desde-florencia\/\",\"name\":\"\u27a1\ufe0f Tour Privado por Florencia y Chianti Classico | Tour Travel & More\",\"isPartOf\":{\"@id\":\"https:\/\/tourtravelandmore.com\/es\/#website\"},\"primaryImageOfPage\":{\"@id\":\"https:\/\/tourtravelandmore.com\/es\/tours\/italia-es\/florencia-es\/tour-de-chianti-clasico-y-vinedos-desde-florencia\/#primaryimage\"},\"image\":{\"@id\":\"https:\/\/tourtravelandmore.com\/es\/tours\/italia-es\/florencia-es\/tour-de-chianti-clasico-y-vinedos-desde-florencia\/#primaryimage\"},\"thumbnailUrl\":\"https:\/\/tourtravelandmore.com\/wp-content\/uploads\/2018\/02\/chianti.jpg\",\"datePublished\":\"2018-02-07T13:51:18+00:00\",\"dateModified\":\"2023-12-18T19:45:51+00:00\",\"description\":\"Reserve ya este Tour Privado por Florencia y Chianti Classico, ser\u00e1 na experiencia 100\u202f% privada e inolvidable \u2705\",\"breadcrumb\":{\"@id\":\"https:\/\/tourtravelandmore.com\/es\/tours\/italia-es\/florencia-es\/tour-de-chianti-clasico-y-vinedos-desde-florencia\/#breadcrumb\"},\"inLanguage\":\"es\",\"potentialAction\":[{\"@type\":\"ReadAction\",\"target\":[\"https:\/\/tourtravelandmore.com\/es\/tours\/italia-es\/florencia-es\/tour-de-chianti-clasico-y-vinedos-desde-florencia\/\"]}]},{\"@type\":\"ImageObject\",\"inLanguage\":\"es\",\"@id\":\"https:\/\/tourtravelandmore.com\/es\/tours\/italia-es\/florencia-es\/tour-de-chianti-clasico-y-vinedos-desde-florencia\/#primaryimage\",\"url\":\"https:\/\/tourtravelandmore.com\/wp-content\/uploads\/2018\/02\/chianti.jpg\",\"contentUrl\":\"https:\/\/tourtravelandmore.com\/wp-content\/uploads\/2018\/02\/chianti.jpg\",\"width\":1420,\"height\":946},{\"@type\":\"BreadcrumbList\",\"@id\":\"https:\/\/tourtravelandmore.com\/es\/tours\/italia-es\/florencia-es\/tour-de-chianti-clasico-y-vinedos-desde-florencia\/#breadcrumb\",\"itemListElement\":[{\"@type\":\"ListItem\",\"position\":1,\"name\":\"Home\",\"item\":\"https:\/\/tourtravelandmore.com\/es\/\"},{\"@type\":\"ListItem\",\"position\":2,\"name\":\"Tours\",\"item\":\"https:\/\/tourtravelandmore.com\/es\/tours\/\"},{\"@type\":\"ListItem\",\"position\":3,\"name\":\"Tour Privado a la regi\u00f3n de Chianti con bodegas desde Florencia\"}]},{\"@type\":\"WebSite\",\"@id\":\"https:\/\/tourtravelandmore.com\/es\/#website\",\"url\":\"https:\/\/tourtravelandmore.com\/es\/\",\"name\":\"Tour Travel And More\",\"description\":\"Private sightseeing tours and luxury transfers in Spain\",\"publisher\":{\"@id\":\"https:\/\/tourtravelandmore.com\/es\/#organization\"},\"potentialAction\":[{\"@type\":\"SearchAction\",\"target\":{\"@type\":\"EntryPoint\",\"urlTemplate\":\"https:\/\/tourtravelandmore.com\/es\/?s={search_term_string}\"},\"query-input\":{\"@type\":\"PropertyValueSpecification\",\"valueRequired\":true,\"valueName\":\"search_term_string\"}}],\"inLanguage\":\"es\"},{\"@type\":\"Organization\",\"@id\":\"https:\/\/tourtravelandmore.com\/es\/#organization\",\"name\":\"Tour Travel And More\",\"url\":\"https:\/\/tourtravelandmore.com\/es\/\",\"logo\":{\"@type\":\"ImageObject\",\"inLanguage\":\"es\",\"@id\":\"https:\/\/tourtravelandmore.com\/es\/#\/schema\/logo\/image\/\",\"url\":\"https:\/\/tourtravelandmore.com\/wp-content\/uploads\/2022\/12\/cropped-logo-cabecera-new.png\",\"contentUrl\":\"https:\/\/tourtravelandmore.com\/wp-content\/uploads\/2022\/12\/cropped-logo-cabecera-new.png\",\"width\":430,\"height\":61,\"caption\":\"Tour Travel And More\"},\"image\":{\"@id\":\"https:\/\/tourtravelandmore.com\/es\/#\/schema\/logo\/image\/\"},\"sameAs\":[\"https:\/\/www.facebook.com\/tourtravelandmore\/\",\"https:\/\/x.com\/TourTravel_More\"]}]}<\/script>\n<!-- \/ Yoast SEO Premium plugin. -->","yoast_head_json":{"title":"\u27a1\ufe0f Tour Privado por Florencia y Chianti Classico | Tour Travel & More","description":"Reserve ya este Tour Privado por Florencia y Chianti Classico, ser\u00e1 na experiencia 100\u202f% privada e inolvidable \u2705","robots":{"index":"index","follow":"follow","max-snippet":"max-snippet:-1","max-image-preview":"max-image-preview:large","max-video-preview":"max-video-preview:-1"},"canonical":"https:\/\/tourtravelandmore.com\/es\/tours\/italia-es\/florencia-es\/tour-de-chianti-clasico-y-vinedos-desde-florencia\/","og_locale":"es_ES","og_type":"article","og_title":"Tour Privado a la regi\u00f3n de Chianti con bodegas desde Florencia","og_description":"Reserve ya este Tour Privado por Florencia y Chianti Classico, ser\u00e1 na experiencia 100\u202f% privada e inolvidable \u2705","og_url":"https:\/\/tourtravelandmore.com\/es\/tours\/italia-es\/florencia-es\/tour-de-chianti-clasico-y-vinedos-desde-florencia\/","og_site_name":"Tour Travel And More","article_publisher":"https:\/\/www.facebook.com\/tourtravelandmore\/","article_modified_time":"2023-12-18T19:45:51+00:00","og_image":[{"width":1420,"height":946,"url":"https:\/\/tourtravelandmore.com\/wp-content\/uploads\/2018\/02\/chianti.jpg","type":"image\/jpeg"}],"twitter_card":"summary_large_image","twitter_site":"@TourTravel_More","twitter_misc":{"Tiempo de lectura":"4 minutos"},"schema":{"@context":"https:\/\/schema.org","@graph":[{"@type":"WebPage","@id":"https:\/\/tourtravelandmore.com\/es\/tours\/italia-es\/florencia-es\/tour-de-chianti-clasico-y-vinedos-desde-florencia\/","url":"https:\/\/tourtravelandmore.com\/es\/tours\/italia-es\/florencia-es\/tour-de-chianti-clasico-y-vinedos-desde-florencia\/","name":"\u27a1\ufe0f Tour Privado por Florencia y Chianti Classico | Tour Travel & More","isPartOf":{"@id":"https:\/\/tourtravelandmore.com\/es\/#website"},"primaryImageOfPage":{"@id":"https:\/\/tourtravelandmore.com\/es\/tours\/italia-es\/florencia-es\/tour-de-chianti-clasico-y-vinedos-desde-florencia\/#primaryimage"},"image":{"@id":"https:\/\/tourtravelandmore.com\/es\/tours\/italia-es\/florencia-es\/tour-de-chianti-clasico-y-vinedos-desde-florencia\/#primaryimage"},"thumbnailUrl":"https:\/\/tourtravelandmore.com\/wp-content\/uploads\/2018\/02\/chianti.jpg","datePublished":"2018-02-07T13:51:18+00:00","dateModified":"2023-12-18T19:45:51+00:00","description":"Reserve ya este Tour Privado por Florencia y Chianti Classico, ser\u00e1 na experiencia 100\u202f% privada e inolvidable \u2705","breadcrumb":{"@id":"https:\/\/tourtravelandmore.com\/es\/tours\/italia-es\/florencia-es\/tour-de-chianti-clasico-y-vinedos-desde-florencia\/#breadcrumb"},"inLanguage":"es","potentialAction":[{"@type":"ReadAction","target":["https:\/\/tourtravelandmore.com\/es\/tours\/italia-es\/florencia-es\/tour-de-chianti-clasico-y-vinedos-desde-florencia\/"]}]},{"@type":"ImageObject","inLanguage":"es","@id":"https:\/\/tourtravelandmore.com\/es\/tours\/italia-es\/florencia-es\/tour-de-chianti-clasico-y-vinedos-desde-florencia\/#primaryimage","url":"https:\/\/tourtravelandmore.com\/wp-content\/uploads\/2018\/02\/chianti.jpg","contentUrl":"https:\/\/tourtravelandmore.com\/wp-content\/uploads\/2018\/02\/chianti.jpg","width":1420,"height":946},{"@type":"BreadcrumbList","@id":"https:\/\/tourtravelandmore.com\/es\/tours\/italia-es\/florencia-es\/tour-de-chianti-clasico-y-vinedos-desde-florencia\/#breadcrumb","itemListElement":[{"@type":"ListItem","position":1,"name":"Home","item":"https:\/\/tourtravelandmore.com\/es\/"},{"@type":"ListItem","position":2,"name":"Tours","item":"https:\/\/tourtravelandmore.com\/es\/tours\/"},{"@type":"ListItem","position":3,"name":"Tour Privado a la regi\u00f3n de Chianti con bodegas desde Florencia"}]},{"@type":"WebSite","@id":"https:\/\/tourtravelandmore.com\/es\/#website","url":"https:\/\/tourtravelandmore.com\/es\/","name":"Tour Travel And More","description":"Private sightseeing tours and luxury transfers in Spain","publisher":{"@id":"https:\/\/tourtravelandmore.com\/es\/#organization"},"potentialAction":[{"@type":"SearchAction","target":{"@type":"EntryPoint","urlTemplate":"https:\/\/tourtravelandmore.com\/es\/?s={search_term_string}"},"query-input":{"@type":"PropertyValueSpecification","valueRequired":true,"valueName":"search_term_string"}}],"inLanguage":"es"},{"@type":"Organization","@id":"https:\/\/tourtravelandmore.com\/es\/#organization","name":"Tour Travel And More","url":"https:\/\/tourtravelandmore.com\/es\/","logo":{"@type":"ImageObject","inLanguage":"es","@id":"https:\/\/tourtravelandmore.com\/es\/#\/schema\/logo\/image\/","url":"https:\/\/tourtravelandmore.com\/wp-content\/uploads\/2022\/12\/cropped-logo-cabecera-new.png","contentUrl":"https:\/\/tourtravelandmore.com\/wp-content\/uploads\/2022\/12\/cropped-logo-cabecera-new.png","width":430,"height":61,"caption":"Tour Travel And More"},"image":{"@id":"https:\/\/tourtravelandmore.com\/es\/#\/schema\/logo\/image\/"},"sameAs":["https:\/\/www.facebook.com\/tourtravelandmore\/","https:\/\/x.com\/TourTravel_More"]}]}},"_links":{"self":[{"href":"https:\/\/tourtravelandmore.com\/es\/wp-json\/wp\/v2\/product\/17809","targetHints":{"allow":["GET"]}}],"collection":[{"href":"https:\/\/tourtravelandmore.com\/es\/wp-json\/wp\/v2\/product"}],"about":[{"href":"https:\/\/tourtravelandmore.com\/es\/wp-json\/wp\/v2\/types\/product"}],"replies":[{"embeddable":true,"href":"https:\/\/tourtravelandmore.com\/es\/wp-json\/wp\/v2\/comments?post=17809"}],"wp:featuredmedia":[{"embeddable":true,"href":"https:\/\/tourtravelandmore.com\/es\/wp-json\/wp\/v2\/media\/17808"}],"wp:attachment":[{"href":"https:\/\/tourtravelandmore.com\/es\/wp-json\/wp\/v2\/media?parent=17809"}],"wp:term":[{"taxonomy":"product_brand","embeddable":true,"href":"https:\/\/tourtravelandmore.com\/es\/wp-json\/wp\/v2\/product_brand?post=17809"},{"taxonomy":"product_cat","embeddable":true,"href":"https:\/\/tourtravelandmore.com\/es\/wp-json\/wp\/v2\/product_cat?post=17809"},{"taxonomy":"product_tag","embeddable":true,"href":"https:\/\/tourtravelandmore.com\/es\/wp-json\/wp\/v2\/product_tag?post=17809"}],"curies":[{"name":"wp","href":"https:\/\/api.w.org\/{rel}","templated":true}]}}