{"id":177884,"date":"2024-09-10T21:18:11","date_gmt":"2024-09-10T19:18:11","guid":{"rendered":"https:\/\/tourtravelandmore.com\/?post_type=product&#038;p=177884"},"modified":"2024-09-10T21:31:13","modified_gmt":"2024-09-10T19:31:13","slug":"tour-privado-de-montreal-copy-2","status":"publish","type":"product","link":"https:\/\/tourtravelandmore.com\/es\/tours\/canada-es\/montreal-es\/montreal-actividades-es\/tour-privado-de-montreal-copy-2\/","title":{"rendered":"Traslado privado desde\/hacia el aeropuerto de Montreal"},"content":{"rendered":"<h2>\n<b>Descripci\u00f3n del traslado privado a Montreal<\/b><\/h2>\n<p>Disfrute de un traslado c\u00f3modo y sin contratiempos entre el aeropuerto internacional de Montreal-Trudeau (YUL) y su destino en Montreal con nuestro servicio de Traslado privado desde el aeropuerto. Tanto si llega como si sale de Montreal, disfrute de un viaje sin estr\u00e9s en un veh\u00edculo de lujo adaptado a sus necesidades. Nuestros conductores profesionales y corteses garantizan un viaje puntual y sin contratiempos, permiti\u00e9ndole relajarse y centrarse en su viaje. Ofrecemos un servicio puerta a puerta, asegur\u00e1ndonos de que su traslado al aeropuerto sea lo m\u00e1s c\u00f3modo y confortable posible.<\/p>\n<p>Nuestra flota incluye berlinas, todoterrenos o monovol\u00famenes de alta gama, dependiendo del tama\u00f1o de su grupo, garantizando que viaje con estilo y comodidad. Tanto si viaja solo, en pareja o en grupo, atendemos a todos con un servicio personalizado. Desde ayudarle con su equipaje hasta indicarle las rutas m\u00e1s r\u00e1pidas, nuestro servicio est\u00e1 dise\u00f1ado para que su experiencia de traslado sea excepcional.<\/p>\n<h2>Puntos de inter\u00e9s<\/h2>\n<p>Este traslado privado incluye cosas como:<\/p>\n<ul>\n<li><b><strong>Traslado privado:<\/strong><\/b> Uso exclusivo del veh\u00edculo para usted y su grupo, garantizando privacidad y comodidad.<\/li>\n<li><b><strong>Opciones flexibles:<\/strong><\/b> Disponible tanto para llegadas como para salidas, con opciones de veh\u00edculos adecuadas para grupos de todos los tama\u00f1os.<\/li>\n<li><b><strong>Conductores profesionales:<\/strong><\/b> Conductores experimentados, de habla inglesa, puntuales, corteses y conocedores de la zona.<\/li>\n<li><b><strong>Veh\u00edculos de lujo:<\/strong><\/b> Elija entre una gama de berlinas, todoterrenos o monovol\u00famenes de alta gama que se adapten a sus preferencias de comodidad y estilo.<\/li>\n<li><b><strong>Servicio puerta a puerta:<\/strong><\/b> Disfrute de la comodidad de recogerle y dejarle directamente en el lugar que usted especifique, incluidos hoteles, residencias o cualquier otro lugar dentro de Montreal.<\/li>\n<li><b><strong>Servicio puntual:<\/strong><\/b> Controlamos su vuelo para detectar cualquier cambio y ajustamos la hora de recogida en consecuencia, para que no tenga que preocuparse por retrasos.<\/li>\n<li><b><strong>Asistencia con el equipaje:<\/strong><\/b> Nuestros conductores le ayudar\u00e1n con su equipaje, asegur\u00e1ndole una experiencia sin complicaciones de principio a fin.<\/li>\n<\/ul>\n<p>Disfrute de la tranquilidad de saber que su traslado al aeropuerto est\u00e1 en manos de profesionales que dan prioridad a su comodidad, seguridad y satisfacci\u00f3n. Reserve hoy mismo su traslado privado y viaje con tranquilidad por Montreal.<\/p>\n<p><a href=\"https:\/\/tourtravelandmore.com\/es\/ciudad\/canada-es\/\">\u00a1Consulte nuestros recorridos privados a pie y otros recorridos privados en Montreal!<\/a><\/p>\n","protected":false},"excerpt":{"rendered":"<p id=\"tw-target-text\" class=\"tw-data-text tw-text-large XcVN5d tw-ta\" dir=\"ltr\" data-placeholder=\"Traducci\u00f3n\">Disfrute de un traslado c\u00f3modo y sin contratiempos entre el aeropuerto internacional de Montreal-Trudeau (YUL) y su destino en Montreal con nuestro servicio de Traslado privado desde el aeropuerto. Tanto si llega como si sale de Montreal, disfrute de un viaje sin estr\u00e9s en un veh\u00edculo de lujo adaptado a sus necesidades. Nuestros conductores profesionales y corteses garantizan un viaje puntual y sin contratiempos, permiti\u00e9ndole relajarse y centrarse en su viaje. Ofrecemos un servicio puerta a puerta, asegur\u00e1ndonos de que su traslado al aeropuerto sea lo m\u00e1s c\u00f3modo y confortable posible.<\/p>\n","protected":false},"featured_media":177903,"comment_status":"open","ping_status":"closed","template":"","meta":{"_acf_changed":false},"product_brand":[],"product_cat":[2789,2791,2799,2802,1602],"product_tag":[],"class_list":{"0":"post-177884","1":"product","2":"type-product","3":"status-publish","4":"has-post-thumbnail","6":"product_cat-canada-es","7":"product_cat-montreal-es","8":"product_cat-montreal-actividades-es","9":"product_cat-montreal-tours-es","10":"product_cat-eeuu-es","12":"first","13":"instock","14":"shipping-taxable","15":"purchasable","16":"product-type-simple"},"acf":[],"yoast_head":"<!-- This site is optimized with the Yoast SEO Premium plugin v25.3.1 (Yoast SEO v25.3.1) - https:\/\/yoast.com\/wordpress\/plugins\/seo\/ -->\n<title>Traslado privado desde\/hacia el aeropuerto de Montreal | TTM<\/title>\n<meta name=\"description\" content=\"\u00danase a nosotros en este transfer privado por Montreal y tenga la oportunidad de disfrutar de la parte hist\u00f3rica de Montreal \u2705\" \/>\n<meta name=\"robots\" content=\"index, follow, max-snippet:-1, max-image-preview:large, max-video-preview:-1\" \/>\n<link rel=\"canonical\" href=\"https:\/\/tourtravelandmore.com\/es\/tours\/canada-es\/montreal-es\/montreal-actividades-es\/tour-privado-de-montreal-copy-2\/\" \/>\n<meta property=\"og:locale\" content=\"es_ES\" \/>\n<meta property=\"og:type\" content=\"article\" \/>\n<meta property=\"og:title\" content=\"Traslado privado desde\/hacia el aeropuerto de Montreal\" \/>\n<meta property=\"og:description\" content=\"\u00danase a nosotros en este transfer privado por Montreal y tenga la oportunidad de disfrutar de la parte hist\u00f3rica de Montreal \u2705\" \/>\n<meta property=\"og:url\" content=\"https:\/\/tourtravelandmore.com\/es\/tours\/canada-es\/montreal-es\/montreal-actividades-es\/tour-privado-de-montreal-copy-2\/\" \/>\n<meta property=\"og:site_name\" content=\"Tour Travel And More\" \/>\n<meta property=\"article:publisher\" content=\"https:\/\/www.facebook.com\/tourtravelandmore\/\" \/>\n<meta property=\"article:modified_time\" content=\"2024-09-10T19:31:13+00:00\" \/>\n<meta property=\"og:image\" content=\"https:\/\/tourtravelandmore.com\/wp-content\/uploads\/2024\/09\/barcelona-wedding-transfer-2.jpg\" \/>\n\t<meta property=\"og:image:width\" content=\"1296\" \/>\n\t<meta property=\"og:image:height\" content=\"730\" \/>\n\t<meta property=\"og:image:type\" content=\"image\/jpeg\" \/>\n<meta name=\"twitter:card\" content=\"summary_large_image\" \/>\n<meta name=\"twitter:site\" content=\"@TourTravel_More\" \/>\n<meta name=\"twitter:label1\" content=\"Tiempo de lectura\" \/>\n\t<meta name=\"twitter:data1\" content=\"2 minutos\" \/>\n<script type=\"application\/ld+json\" class=\"yoast-schema-graph\">{\"@context\":\"https:\/\/schema.org\",\"@graph\":[{\"@type\":\"WebPage\",\"@id\":\"https:\/\/tourtravelandmore.com\/es\/tours\/canada-es\/montreal-es\/montreal-actividades-es\/tour-privado-de-montreal-copy-2\/\",\"url\":\"https:\/\/tourtravelandmore.com\/es\/tours\/canada-es\/montreal-es\/montreal-actividades-es\/tour-privado-de-montreal-copy-2\/\",\"name\":\"Traslado privado desde\/hacia el aeropuerto de Montreal | TTM\",\"isPartOf\":{\"@id\":\"https:\/\/tourtravelandmore.com\/es\/#website\"},\"primaryImageOfPage\":{\"@id\":\"https:\/\/tourtravelandmore.com\/es\/tours\/canada-es\/montreal-es\/montreal-actividades-es\/tour-privado-de-montreal-copy-2\/#primaryimage\"},\"image\":{\"@id\":\"https:\/\/tourtravelandmore.com\/es\/tours\/canada-es\/montreal-es\/montreal-actividades-es\/tour-privado-de-montreal-copy-2\/#primaryimage\"},\"thumbnailUrl\":\"https:\/\/tourtravelandmore.com\/wp-content\/uploads\/2024\/09\/barcelona-wedding-transfer-2.jpg\",\"datePublished\":\"2024-09-10T19:18:11+00:00\",\"dateModified\":\"2024-09-10T19:31:13+00:00\",\"description\":\"\u00danase a nosotros en este transfer privado por Montreal y tenga la oportunidad de disfrutar de la parte hist\u00f3rica de Montreal \u2705\",\"breadcrumb\":{\"@id\":\"https:\/\/tourtravelandmore.com\/es\/tours\/canada-es\/montreal-es\/montreal-actividades-es\/tour-privado-de-montreal-copy-2\/#breadcrumb\"},\"inLanguage\":\"es\",\"potentialAction\":[{\"@type\":\"ReadAction\",\"target\":[\"https:\/\/tourtravelandmore.com\/es\/tours\/canada-es\/montreal-es\/montreal-actividades-es\/tour-privado-de-montreal-copy-2\/\"]}]},{\"@type\":\"ImageObject\",\"inLanguage\":\"es\",\"@id\":\"https:\/\/tourtravelandmore.com\/es\/tours\/canada-es\/montreal-es\/montreal-actividades-es\/tour-privado-de-montreal-copy-2\/#primaryimage\",\"url\":\"https:\/\/tourtravelandmore.com\/wp-content\/uploads\/2024\/09\/barcelona-wedding-transfer-2.jpg\",\"contentUrl\":\"https:\/\/tourtravelandmore.com\/wp-content\/uploads\/2024\/09\/barcelona-wedding-transfer-2.jpg\",\"width\":1296,\"height\":730,\"caption\":\"Mercedes-Benz S-Klasse, (W 222), 2012\"},{\"@type\":\"BreadcrumbList\",\"@id\":\"https:\/\/tourtravelandmore.com\/es\/tours\/canada-es\/montreal-es\/montreal-actividades-es\/tour-privado-de-montreal-copy-2\/#breadcrumb\",\"itemListElement\":[{\"@type\":\"ListItem\",\"position\":1,\"name\":\"Home\",\"item\":\"https:\/\/tourtravelandmore.com\/es\/\"},{\"@type\":\"ListItem\",\"position\":2,\"name\":\"Tours\",\"item\":\"https:\/\/tourtravelandmore.com\/es\/tours\/\"},{\"@type\":\"ListItem\",\"position\":3,\"name\":\"Traslado privado desde\/hacia el aeropuerto de Montreal\"}]},{\"@type\":\"WebSite\",\"@id\":\"https:\/\/tourtravelandmore.com\/es\/#website\",\"url\":\"https:\/\/tourtravelandmore.com\/es\/\",\"name\":\"Tour Travel And More\",\"description\":\"Private sightseeing tours and luxury transfers in Spain\",\"publisher\":{\"@id\":\"https:\/\/tourtravelandmore.com\/es\/#organization\"},\"potentialAction\":[{\"@type\":\"SearchAction\",\"target\":{\"@type\":\"EntryPoint\",\"urlTemplate\":\"https:\/\/tourtravelandmore.com\/es\/?s={search_term_string}\"},\"query-input\":{\"@type\":\"PropertyValueSpecification\",\"valueRequired\":true,\"valueName\":\"search_term_string\"}}],\"inLanguage\":\"es\"},{\"@type\":\"Organization\",\"@id\":\"https:\/\/tourtravelandmore.com\/es\/#organization\",\"name\":\"Tour Travel And More\",\"url\":\"https:\/\/tourtravelandmore.com\/es\/\",\"logo\":{\"@type\":\"ImageObject\",\"inLanguage\":\"es\",\"@id\":\"https:\/\/tourtravelandmore.com\/es\/#\/schema\/logo\/image\/\",\"url\":\"https:\/\/tourtravelandmore.com\/wp-content\/uploads\/2022\/12\/cropped-logo-cabecera-new.png\",\"contentUrl\":\"https:\/\/tourtravelandmore.com\/wp-content\/uploads\/2022\/12\/cropped-logo-cabecera-new.png\",\"width\":430,\"height\":61,\"caption\":\"Tour Travel And More\"},\"image\":{\"@id\":\"https:\/\/tourtravelandmore.com\/es\/#\/schema\/logo\/image\/\"},\"sameAs\":[\"https:\/\/www.facebook.com\/tourtravelandmore\/\",\"https:\/\/x.com\/TourTravel_More\"]}]}<\/script>\n<!-- \/ Yoast SEO Premium plugin. -->","yoast_head_json":{"title":"Traslado privado desde\/hacia el aeropuerto de Montreal | TTM","description":"\u00danase a nosotros en este transfer privado por Montreal y tenga la oportunidad de disfrutar de la parte hist\u00f3rica de Montreal \u2705","robots":{"index":"index","follow":"follow","max-snippet":"max-snippet:-1","max-image-preview":"max-image-preview:large","max-video-preview":"max-video-preview:-1"},"canonical":"https:\/\/tourtravelandmore.com\/es\/tours\/canada-es\/montreal-es\/montreal-actividades-es\/tour-privado-de-montreal-copy-2\/","og_locale":"es_ES","og_type":"article","og_title":"Traslado privado desde\/hacia el aeropuerto de Montreal","og_description":"\u00danase a nosotros en este transfer privado por Montreal y tenga la oportunidad de disfrutar de la parte hist\u00f3rica de Montreal \u2705","og_url":"https:\/\/tourtravelandmore.com\/es\/tours\/canada-es\/montreal-es\/montreal-actividades-es\/tour-privado-de-montreal-copy-2\/","og_site_name":"Tour Travel And More","article_publisher":"https:\/\/www.facebook.com\/tourtravelandmore\/","article_modified_time":"2024-09-10T19:31:13+00:00","og_image":[{"width":1296,"height":730,"url":"https:\/\/tourtravelandmore.com\/wp-content\/uploads\/2024\/09\/barcelona-wedding-transfer-2.jpg","type":"image\/jpeg"}],"twitter_card":"summary_large_image","twitter_site":"@TourTravel_More","twitter_misc":{"Tiempo de lectura":"2 minutos"},"schema":{"@context":"https:\/\/schema.org","@graph":[{"@type":"WebPage","@id":"https:\/\/tourtravelandmore.com\/es\/tours\/canada-es\/montreal-es\/montreal-actividades-es\/tour-privado-de-montreal-copy-2\/","url":"https:\/\/tourtravelandmore.com\/es\/tours\/canada-es\/montreal-es\/montreal-actividades-es\/tour-privado-de-montreal-copy-2\/","name":"Traslado privado desde\/hacia el aeropuerto de Montreal | TTM","isPartOf":{"@id":"https:\/\/tourtravelandmore.com\/es\/#website"},"primaryImageOfPage":{"@id":"https:\/\/tourtravelandmore.com\/es\/tours\/canada-es\/montreal-es\/montreal-actividades-es\/tour-privado-de-montreal-copy-2\/#primaryimage"},"image":{"@id":"https:\/\/tourtravelandmore.com\/es\/tours\/canada-es\/montreal-es\/montreal-actividades-es\/tour-privado-de-montreal-copy-2\/#primaryimage"},"thumbnailUrl":"https:\/\/tourtravelandmore.com\/wp-content\/uploads\/2024\/09\/barcelona-wedding-transfer-2.jpg","datePublished":"2024-09-10T19:18:11+00:00","dateModified":"2024-09-10T19:31:13+00:00","description":"\u00danase a nosotros en este transfer privado por Montreal y tenga la oportunidad de disfrutar de la parte hist\u00f3rica de Montreal \u2705","breadcrumb":{"@id":"https:\/\/tourtravelandmore.com\/es\/tours\/canada-es\/montreal-es\/montreal-actividades-es\/tour-privado-de-montreal-copy-2\/#breadcrumb"},"inLanguage":"es","potentialAction":[{"@type":"ReadAction","target":["https:\/\/tourtravelandmore.com\/es\/tours\/canada-es\/montreal-es\/montreal-actividades-es\/tour-privado-de-montreal-copy-2\/"]}]},{"@type":"ImageObject","inLanguage":"es","@id":"https:\/\/tourtravelandmore.com\/es\/tours\/canada-es\/montreal-es\/montreal-actividades-es\/tour-privado-de-montreal-copy-2\/#primaryimage","url":"https:\/\/tourtravelandmore.com\/wp-content\/uploads\/2024\/09\/barcelona-wedding-transfer-2.jpg","contentUrl":"https:\/\/tourtravelandmore.com\/wp-content\/uploads\/2024\/09\/barcelona-wedding-transfer-2.jpg","width":1296,"height":730,"caption":"Mercedes-Benz S-Klasse, (W 222), 2012"},{"@type":"BreadcrumbList","@id":"https:\/\/tourtravelandmore.com\/es\/tours\/canada-es\/montreal-es\/montreal-actividades-es\/tour-privado-de-montreal-copy-2\/#breadcrumb","itemListElement":[{"@type":"ListItem","position":1,"name":"Home","item":"https:\/\/tourtravelandmore.com\/es\/"},{"@type":"ListItem","position":2,"name":"Tours","item":"https:\/\/tourtravelandmore.com\/es\/tours\/"},{"@type":"ListItem","position":3,"name":"Traslado privado desde\/hacia el aeropuerto de Montreal"}]},{"@type":"WebSite","@id":"https:\/\/tourtravelandmore.com\/es\/#website","url":"https:\/\/tourtravelandmore.com\/es\/","name":"Tour Travel And More","description":"Private sightseeing tours and luxury transfers in Spain","publisher":{"@id":"https:\/\/tourtravelandmore.com\/es\/#organization"},"potentialAction":[{"@type":"SearchAction","target":{"@type":"EntryPoint","urlTemplate":"https:\/\/tourtravelandmore.com\/es\/?s={search_term_string}"},"query-input":{"@type":"PropertyValueSpecification","valueRequired":true,"valueName":"search_term_string"}}],"inLanguage":"es"},{"@type":"Organization","@id":"https:\/\/tourtravelandmore.com\/es\/#organization","name":"Tour Travel And More","url":"https:\/\/tourtravelandmore.com\/es\/","logo":{"@type":"ImageObject","inLanguage":"es","@id":"https:\/\/tourtravelandmore.com\/es\/#\/schema\/logo\/image\/","url":"https:\/\/tourtravelandmore.com\/wp-content\/uploads\/2022\/12\/cropped-logo-cabecera-new.png","contentUrl":"https:\/\/tourtravelandmore.com\/wp-content\/uploads\/2022\/12\/cropped-logo-cabecera-new.png","width":430,"height":61,"caption":"Tour Travel And More"},"image":{"@id":"https:\/\/tourtravelandmore.com\/es\/#\/schema\/logo\/image\/"},"sameAs":["https:\/\/www.facebook.com\/tourtravelandmore\/","https:\/\/x.com\/TourTravel_More"]}]}},"_links":{"self":[{"href":"https:\/\/tourtravelandmore.com\/es\/wp-json\/wp\/v2\/product\/177884","targetHints":{"allow":["GET"]}}],"collection":[{"href":"https:\/\/tourtravelandmore.com\/es\/wp-json\/wp\/v2\/product"}],"about":[{"href":"https:\/\/tourtravelandmore.com\/es\/wp-json\/wp\/v2\/types\/product"}],"replies":[{"embeddable":true,"href":"https:\/\/tourtravelandmore.com\/es\/wp-json\/wp\/v2\/comments?post=177884"}],"wp:featuredmedia":[{"embeddable":true,"href":"https:\/\/tourtravelandmore.com\/es\/wp-json\/wp\/v2\/media\/177903"}],"wp:attachment":[{"href":"https:\/\/tourtravelandmore.com\/es\/wp-json\/wp\/v2\/media?parent=177884"}],"wp:term":[{"taxonomy":"product_brand","embeddable":true,"href":"https:\/\/tourtravelandmore.com\/es\/wp-json\/wp\/v2\/product_brand?post=177884"},{"taxonomy":"product_cat","embeddable":true,"href":"https:\/\/tourtravelandmore.com\/es\/wp-json\/wp\/v2\/product_cat?post=177884"},{"taxonomy":"product_tag","embeddable":true,"href":"https:\/\/tourtravelandmore.com\/es\/wp-json\/wp\/v2\/product_tag?post=177884"}],"curies":[{"name":"wp","href":"https:\/\/api.w.org\/{rel}","templated":true}]}}