{"id":17788,"date":"2018-02-07T11:45:27","date_gmt":"2018-02-07T12:03:36","guid":{"rendered":"http:\/\/tourtravelandmore.com\/es\/?post_type=product&#038;p=17788"},"modified":"2023-12-18T19:43:54","modified_gmt":"2023-12-18T18:43:54","slug":"tour-privado-8-horas-siena-san-gimignano-de-florencia","status":"publish","type":"product","link":"https:\/\/tourtravelandmore.com\/es\/tours\/italia-es\/florencia-es\/tour-privado-8-horas-siena-san-gimignano-de-florencia\/","title":{"rendered":"Excursi\u00f3n Privada a Siena y San Gimignano desde Florencia"},"content":{"rendered":"<h2><b>Descripci\u00f3n de la Excursi\u00f3n Privada a Siena y San Gimignano<\/b><\/h2>\n<p><span style=\"font-weight: 400;\">Disfrute de esta Excursi\u00f3n Privada a Siena y San Gimignano desde Florencia c\u00f3modamente en su veh\u00edculo privado de lujo con chofer\/gu\u00eda.<\/span><\/p>\n<p><span style=\"font-weight: 400;\">Toscana es uno de los lugares m\u00e1s bonitos y exclusivos de toda Europa. Aqu\u00ed, puedes admirar sus hermosos paisajes, el arte, la arquitectura y probar la mejor comida.<\/span><\/p>\n<p><span style=\"font-weight: 400;\">Siena es la ciudad monta\u00f1osa m\u00e1s grande y conocida de la Toscana. La ciudad fue fundada por los romanos en los a\u00f1os 62 a. C., se encuentra en la cima de tres colinas y alberga una incre\u00edble catedral.<\/span><\/p>\n<p><span style=\"font-weight: 400;\">San Gimignano es conocida como la ciudad de las hermosas torres (\u00abbelle torri\u00bb). Sol\u00eda \u200b\u200bhaber 76 entre los siglos XII y XIII, hoy en d\u00eda todav\u00eda hay 13.<\/span><\/p>\n<p><span style=\"font-weight: 400;\">Su conductor\/gu\u00eda profesional estar\u00e1 a su disposici\u00f3n durante todo el recorrido. En caso de que prefiera, podemos incluir un gu\u00eda tur\u00edstico local en Siena durante 2 horas.<\/span><\/p>\n<p><span style=\"font-weight: 400;\">Este recorrido tiene una duraci\u00f3n total de 8 horas desde el momento de la recogida hasta el momento de devoluci\u00f3n en Florencia. En caso de que desee incluir m\u00e1s horas, solo tiene que contactarnos. Este es un recorrido privado completamente personalizado.<\/span><\/p>\n<p><span style=\"font-weight: 400;\">Tambi\u00e9n ofrecemos un tour privado de un <\/span><a href=\"https:\/\/tourtravelandmore.com\/es\/tours\/italia-es\/florencia-es\/tour-privado-cinque-terre-desde-florencia\/\"><span style=\"font-weight: 400;\">d\u00eda completo a Cinque Terre desde Florencia, <\/span><\/a><span style=\"font-weight: 400;\">\u00a1eche un vistazo!.<\/span><\/p>\n<h2><b>Puntos de inter\u00e9s en la Excursi\u00f3n Privada a Siena y San Gimignano<\/b><\/h2>\n<p><span style=\"font-weight: 400;\">Su conductor\/gu\u00eda privado lo recoger\u00e1 de su hotel en Florencia y lo llevar\u00e1 hacia Siena y San Gimignano. Durante esta excursi\u00f3n privada a Siena y San Gimignano desde Florencia, podr\u00e1 disfrutar de sus lugares m\u00e1s emblem\u00e1ticos y de su gran arquitectura.<\/span><\/p>\n<p><span style=\"font-weight: 400;\">Conducir\u00e1s a trav\u00e9s de hermosos paisajes y la zona vin\u00edcola de Chianti. Podr\u00e1 disfrutar de los impresionantes paisajes de una de las regiones m\u00e1s bellas de Italia.<\/span><\/p>\n<p><span style=\"font-weight: 400;\">A continuaci\u00f3n le explicaremos que lugares visitara en esta excursi\u00f3n privada y porque son lugares imperdibles si visita Florencia:<\/span><\/p>\n<p><span style=\"font-weight: 400;\">Hay muchas razones por las que la zona vin\u00edcola de Chianti en Florencia es famosa. Una de las principales razones es que es un gran lugar para visitar y experimentar la cultura italiana. Otra raz\u00f3n es que tiene una rica historia y vi\u00f1edos \u00fanicos. No se lo puede perder.<\/span><\/p>\n<p><span style=\"font-weight: 400;\">El Castillo de Monteriggioni es una antigua fortaleza que fue construida en el siglo XIV y est\u00e1 ubicada en una posici\u00f3n estrat\u00e9gica sobre una colina. Ha sido utilizado como prisi\u00f3n y como base militar.<\/span><\/p>\n<p><span style=\"font-weight: 400;\">La fortaleza ha sido bien conservada y todav\u00eda est\u00e1 habitada, lo que la convierte en uno de los castillos m\u00e1s famosos de Italia.<\/span><\/p>\n<p><span style=\"font-weight: 400;\">El Palio es una carrera de caballos que tiene lugar dos veces al a\u00f1o en la ciudad de Siena. Es una de las carreras de caballos m\u00e1s antiguas y famosas del mundo.<\/span><\/p>\n<p><span style=\"font-weight: 400;\">El Palio fue originalmente una competencia entre los 17 contrade (distritos) de la ciudad, que tuvo lugar el 2 de julio y el 16 de agosto, con dos contendientes diferentes de cada distrito compitiendo entre s\u00ed. La primera carrera tuvo lugar en 1260 y desde entonces ha habido m\u00e1s de 600 carreras del Palio. En 1744, se convirti\u00f3 en un evento anual. El Palio se celebra dos veces al a\u00f1o: el 2 de julio para conmemorar el d\u00eda de San Juan y el 16 de agosto para conmemorar a la Virgen del Monte (la Virgen que protege a Siena).<\/span><\/p>\n<p><span style=\"font-weight: 400;\">San Gimignano es un peque\u00f1o pueblo en el coraz\u00f3n de la Toscana, en la regi\u00f3n de Toscana. Est\u00e1 rodeada de murallas y torres medievales que se construyeron para protegerla de los invasores.<\/span><\/p>\n<p><span style=\"font-weight: 400;\">La ciudad ha tenido una larga historia y muchas leyendas est\u00e1n asociadas a ella. Alguna vez fue tan pr\u00f3spera que se dec\u00eda que \u201cnadie en San Gimignano hab\u00eda visto nunca a una persona pobre\u201d.<\/span><\/p>\n<p><span style=\"font-weight: 400;\">En 1348, la Peste Negra golpe\u00f3 San Gimignano y mat\u00f3 a casi toda su poblaci\u00f3n. Los sobrevivientes no pudieron reconstruir el pueblo porque eran demasiado pocos y lo abandonaron. No se lo puede perder.<\/span><\/p>\n<p><span style=\"font-weight: 400;\">El Duomo de Florencia es uno de los edificios m\u00e1s famosos de Italia. Fue construido en el 1300 y est\u00e1 ubicado en el centro de Florencia. El Duomo es un s\u00edmbolo de la ciudad y es lo que la gente asocia con Florencia cuando piensa en ella.<\/span><\/p>\n<p><span style=\"font-weight: 400;\">Finalmente, su conductor\/gu\u00eda privado lo llevar\u00e1 de regreso a su punto de partida en Florencia. Si est\u00e1 interesado, podemos organizar la entrada a cualquier monumento o museo que desee visitar en cualquiera de las ciudades.<\/span><\/p>\n<p><b>Disfrute de esta incre\u00edble excursi\u00f3n por la regi\u00f3n de la Toscana con su propio conductor\/gu\u00eda privado. Nuestro equipo en Tour Travel and More est\u00e1 dispuesto a organizar sus vacaciones y hacer una experiencia inolvidable para usted.<\/b><\/p>\n","protected":false},"excerpt":{"rendered":"<p><span style=\"font-weight: 400;\">Tendr\u00e1 la oportunidad de explorar las encantadoras ciudades medievales de Siena y San Gimignano desde Florencia. El tour privado de 8 horas les llevar\u00e1 a ambos destinos en un c\u00f3modo veh\u00edculo con su propio conductor y gu\u00eda privado.<\/span><\/p>\n","protected":false},"featured_media":17787,"comment_status":"open","ping_status":"closed","template":"","meta":{"_acf_changed":false},"product_brand":[],"product_cat":[412,413,415,414],"product_tag":[],"class_list":{"0":"post-17788","1":"product","2":"type-product","3":"status-publish","4":"has-post-thumbnail","6":"product_cat-florencia-es","7":"product_cat-florencia-actividades-es","8":"product_cat-florencia-rutas-turisticas-privadas-es","9":"product_cat-florencia-excursiones-es","11":"first","12":"instock","13":"shipping-taxable","14":"purchasable","15":"product-type-simple"},"acf":[],"yoast_head":"<!-- This site is optimized with the Yoast SEO Premium plugin v25.3.1 (Yoast SEO v25.3.1) - https:\/\/yoast.com\/wordpress\/plugins\/seo\/ -->\n<title>\u27a1\ufe0f Excursi\u00f3n Privada a Siena y San Gimignano desde Florencia | Tour Travel &amp; More<\/title>\n<meta name=\"description\" content=\"Reserve ya esta Excursi\u00f3n Privada a Siena y San Gimignano desde Florencia, ser\u00e1 una experiencia inolvidable para usted y sus acompa\u00f1antes \u2705\" \/>\n<meta name=\"robots\" content=\"index, follow, max-snippet:-1, max-image-preview:large, max-video-preview:-1\" \/>\n<link rel=\"canonical\" href=\"https:\/\/tourtravelandmore.com\/es\/tours\/italia-es\/florencia-es\/tour-privado-8-horas-siena-san-gimignano-de-florencia\/\" \/>\n<meta property=\"og:locale\" content=\"es_ES\" \/>\n<meta property=\"og:type\" content=\"article\" \/>\n<meta property=\"og:title\" content=\"Excursi\u00f3n Privada a Siena y San Gimignano desde Florencia\" \/>\n<meta property=\"og:description\" content=\"Reserve ya esta Excursi\u00f3n Privada a Siena y San Gimignano desde Florencia, ser\u00e1 una experiencia inolvidable para usted y sus acompa\u00f1antes \u2705\" \/>\n<meta property=\"og:url\" content=\"https:\/\/tourtravelandmore.com\/es\/tours\/italia-es\/florencia-es\/tour-privado-8-horas-siena-san-gimignano-de-florencia\/\" \/>\n<meta property=\"og:site_name\" content=\"Tour Travel And More\" \/>\n<meta property=\"article:publisher\" content=\"https:\/\/www.facebook.com\/tourtravelandmore\/\" \/>\n<meta property=\"article:modified_time\" content=\"2023-12-18T18:43:54+00:00\" \/>\n<meta property=\"og:image\" content=\"https:\/\/tourtravelandmore.com\/wp-content\/uploads\/2018\/02\/siena-historico-kLeD-U5080568524J0B-624x385@RC.jpg\" \/>\n\t<meta property=\"og:image:width\" content=\"624\" \/>\n\t<meta property=\"og:image:height\" content=\"385\" \/>\n\t<meta property=\"og:image:type\" content=\"image\/jpeg\" \/>\n<meta name=\"twitter:card\" content=\"summary_large_image\" \/>\n<meta name=\"twitter:site\" content=\"@TourTravel_More\" \/>\n<meta name=\"twitter:label1\" content=\"Tiempo de lectura\" \/>\n\t<meta name=\"twitter:data1\" content=\"4 minutos\" \/>\n<script type=\"application\/ld+json\" class=\"yoast-schema-graph\">{\"@context\":\"https:\/\/schema.org\",\"@graph\":[{\"@type\":\"WebPage\",\"@id\":\"https:\/\/tourtravelandmore.com\/es\/tours\/italia-es\/florencia-es\/tour-privado-8-horas-siena-san-gimignano-de-florencia\/\",\"url\":\"https:\/\/tourtravelandmore.com\/es\/tours\/italia-es\/florencia-es\/tour-privado-8-horas-siena-san-gimignano-de-florencia\/\",\"name\":\"\u27a1\ufe0f Excursi\u00f3n Privada a Siena y San Gimignano desde Florencia | Tour Travel & More\",\"isPartOf\":{\"@id\":\"https:\/\/tourtravelandmore.com\/es\/#website\"},\"primaryImageOfPage\":{\"@id\":\"https:\/\/tourtravelandmore.com\/es\/tours\/italia-es\/florencia-es\/tour-privado-8-horas-siena-san-gimignano-de-florencia\/#primaryimage\"},\"image\":{\"@id\":\"https:\/\/tourtravelandmore.com\/es\/tours\/italia-es\/florencia-es\/tour-privado-8-horas-siena-san-gimignano-de-florencia\/#primaryimage\"},\"thumbnailUrl\":\"https:\/\/tourtravelandmore.com\/wp-content\/uploads\/2018\/02\/siena-historico-kLeD-U5080568524J0B-624x385@RC.jpg\",\"datePublished\":\"2018-02-07T12:03:36+00:00\",\"dateModified\":\"2023-12-18T18:43:54+00:00\",\"description\":\"Reserve ya esta Excursi\u00f3n Privada a Siena y San Gimignano desde Florencia, ser\u00e1 una experiencia inolvidable para usted y sus acompa\u00f1antes \u2705\",\"breadcrumb\":{\"@id\":\"https:\/\/tourtravelandmore.com\/es\/tours\/italia-es\/florencia-es\/tour-privado-8-horas-siena-san-gimignano-de-florencia\/#breadcrumb\"},\"inLanguage\":\"es\",\"potentialAction\":[{\"@type\":\"ReadAction\",\"target\":[\"https:\/\/tourtravelandmore.com\/es\/tours\/italia-es\/florencia-es\/tour-privado-8-horas-siena-san-gimignano-de-florencia\/\"]}]},{\"@type\":\"ImageObject\",\"inLanguage\":\"es\",\"@id\":\"https:\/\/tourtravelandmore.com\/es\/tours\/italia-es\/florencia-es\/tour-privado-8-horas-siena-san-gimignano-de-florencia\/#primaryimage\",\"url\":\"https:\/\/tourtravelandmore.com\/wp-content\/uploads\/2018\/02\/siena-historico-kLeD-U5080568524J0B-624x385@RC.jpg\",\"contentUrl\":\"https:\/\/tourtravelandmore.com\/wp-content\/uploads\/2018\/02\/siena-historico-kLeD-U5080568524J0B-624x385@RC.jpg\",\"width\":624,\"height\":385},{\"@type\":\"BreadcrumbList\",\"@id\":\"https:\/\/tourtravelandmore.com\/es\/tours\/italia-es\/florencia-es\/tour-privado-8-horas-siena-san-gimignano-de-florencia\/#breadcrumb\",\"itemListElement\":[{\"@type\":\"ListItem\",\"position\":1,\"name\":\"Home\",\"item\":\"https:\/\/tourtravelandmore.com\/es\/\"},{\"@type\":\"ListItem\",\"position\":2,\"name\":\"Tours\",\"item\":\"https:\/\/tourtravelandmore.com\/es\/tours\/\"},{\"@type\":\"ListItem\",\"position\":3,\"name\":\"Excursi\u00f3n Privada a Siena y San Gimignano desde Florencia\"}]},{\"@type\":\"WebSite\",\"@id\":\"https:\/\/tourtravelandmore.com\/es\/#website\",\"url\":\"https:\/\/tourtravelandmore.com\/es\/\",\"name\":\"Tour Travel And More\",\"description\":\"Private sightseeing tours and luxury transfers in Spain\",\"publisher\":{\"@id\":\"https:\/\/tourtravelandmore.com\/es\/#organization\"},\"potentialAction\":[{\"@type\":\"SearchAction\",\"target\":{\"@type\":\"EntryPoint\",\"urlTemplate\":\"https:\/\/tourtravelandmore.com\/es\/?s={search_term_string}\"},\"query-input\":{\"@type\":\"PropertyValueSpecification\",\"valueRequired\":true,\"valueName\":\"search_term_string\"}}],\"inLanguage\":\"es\"},{\"@type\":\"Organization\",\"@id\":\"https:\/\/tourtravelandmore.com\/es\/#organization\",\"name\":\"Tour Travel And More\",\"url\":\"https:\/\/tourtravelandmore.com\/es\/\",\"logo\":{\"@type\":\"ImageObject\",\"inLanguage\":\"es\",\"@id\":\"https:\/\/tourtravelandmore.com\/es\/#\/schema\/logo\/image\/\",\"url\":\"https:\/\/tourtravelandmore.com\/wp-content\/uploads\/2022\/12\/cropped-logo-cabecera-new.png\",\"contentUrl\":\"https:\/\/tourtravelandmore.com\/wp-content\/uploads\/2022\/12\/cropped-logo-cabecera-new.png\",\"width\":430,\"height\":61,\"caption\":\"Tour Travel And More\"},\"image\":{\"@id\":\"https:\/\/tourtravelandmore.com\/es\/#\/schema\/logo\/image\/\"},\"sameAs\":[\"https:\/\/www.facebook.com\/tourtravelandmore\/\",\"https:\/\/x.com\/TourTravel_More\"]}]}<\/script>\n<!-- \/ Yoast SEO Premium plugin. -->","yoast_head_json":{"title":"\u27a1\ufe0f Excursi\u00f3n Privada a Siena y San Gimignano desde Florencia | Tour Travel & More","description":"Reserve ya esta Excursi\u00f3n Privada a Siena y San Gimignano desde Florencia, ser\u00e1 una experiencia inolvidable para usted y sus acompa\u00f1antes \u2705","robots":{"index":"index","follow":"follow","max-snippet":"max-snippet:-1","max-image-preview":"max-image-preview:large","max-video-preview":"max-video-preview:-1"},"canonical":"https:\/\/tourtravelandmore.com\/es\/tours\/italia-es\/florencia-es\/tour-privado-8-horas-siena-san-gimignano-de-florencia\/","og_locale":"es_ES","og_type":"article","og_title":"Excursi\u00f3n Privada a Siena y San Gimignano desde Florencia","og_description":"Reserve ya esta Excursi\u00f3n Privada a Siena y San Gimignano desde Florencia, ser\u00e1 una experiencia inolvidable para usted y sus acompa\u00f1antes \u2705","og_url":"https:\/\/tourtravelandmore.com\/es\/tours\/italia-es\/florencia-es\/tour-privado-8-horas-siena-san-gimignano-de-florencia\/","og_site_name":"Tour Travel And More","article_publisher":"https:\/\/www.facebook.com\/tourtravelandmore\/","article_modified_time":"2023-12-18T18:43:54+00:00","og_image":[{"width":624,"height":385,"url":"https:\/\/tourtravelandmore.com\/wp-content\/uploads\/2018\/02\/siena-historico-kLeD-U5080568524J0B-624x385@RC.jpg","type":"image\/jpeg"}],"twitter_card":"summary_large_image","twitter_site":"@TourTravel_More","twitter_misc":{"Tiempo de lectura":"4 minutos"},"schema":{"@context":"https:\/\/schema.org","@graph":[{"@type":"WebPage","@id":"https:\/\/tourtravelandmore.com\/es\/tours\/italia-es\/florencia-es\/tour-privado-8-horas-siena-san-gimignano-de-florencia\/","url":"https:\/\/tourtravelandmore.com\/es\/tours\/italia-es\/florencia-es\/tour-privado-8-horas-siena-san-gimignano-de-florencia\/","name":"\u27a1\ufe0f Excursi\u00f3n Privada a Siena y San Gimignano desde Florencia | Tour Travel & More","isPartOf":{"@id":"https:\/\/tourtravelandmore.com\/es\/#website"},"primaryImageOfPage":{"@id":"https:\/\/tourtravelandmore.com\/es\/tours\/italia-es\/florencia-es\/tour-privado-8-horas-siena-san-gimignano-de-florencia\/#primaryimage"},"image":{"@id":"https:\/\/tourtravelandmore.com\/es\/tours\/italia-es\/florencia-es\/tour-privado-8-horas-siena-san-gimignano-de-florencia\/#primaryimage"},"thumbnailUrl":"https:\/\/tourtravelandmore.com\/wp-content\/uploads\/2018\/02\/siena-historico-kLeD-U5080568524J0B-624x385@RC.jpg","datePublished":"2018-02-07T12:03:36+00:00","dateModified":"2023-12-18T18:43:54+00:00","description":"Reserve ya esta Excursi\u00f3n Privada a Siena y San Gimignano desde Florencia, ser\u00e1 una experiencia inolvidable para usted y sus acompa\u00f1antes \u2705","breadcrumb":{"@id":"https:\/\/tourtravelandmore.com\/es\/tours\/italia-es\/florencia-es\/tour-privado-8-horas-siena-san-gimignano-de-florencia\/#breadcrumb"},"inLanguage":"es","potentialAction":[{"@type":"ReadAction","target":["https:\/\/tourtravelandmore.com\/es\/tours\/italia-es\/florencia-es\/tour-privado-8-horas-siena-san-gimignano-de-florencia\/"]}]},{"@type":"ImageObject","inLanguage":"es","@id":"https:\/\/tourtravelandmore.com\/es\/tours\/italia-es\/florencia-es\/tour-privado-8-horas-siena-san-gimignano-de-florencia\/#primaryimage","url":"https:\/\/tourtravelandmore.com\/wp-content\/uploads\/2018\/02\/siena-historico-kLeD-U5080568524J0B-624x385@RC.jpg","contentUrl":"https:\/\/tourtravelandmore.com\/wp-content\/uploads\/2018\/02\/siena-historico-kLeD-U5080568524J0B-624x385@RC.jpg","width":624,"height":385},{"@type":"BreadcrumbList","@id":"https:\/\/tourtravelandmore.com\/es\/tours\/italia-es\/florencia-es\/tour-privado-8-horas-siena-san-gimignano-de-florencia\/#breadcrumb","itemListElement":[{"@type":"ListItem","position":1,"name":"Home","item":"https:\/\/tourtravelandmore.com\/es\/"},{"@type":"ListItem","position":2,"name":"Tours","item":"https:\/\/tourtravelandmore.com\/es\/tours\/"},{"@type":"ListItem","position":3,"name":"Excursi\u00f3n Privada a Siena y San Gimignano desde Florencia"}]},{"@type":"WebSite","@id":"https:\/\/tourtravelandmore.com\/es\/#website","url":"https:\/\/tourtravelandmore.com\/es\/","name":"Tour Travel And More","description":"Private sightseeing tours and luxury transfers in Spain","publisher":{"@id":"https:\/\/tourtravelandmore.com\/es\/#organization"},"potentialAction":[{"@type":"SearchAction","target":{"@type":"EntryPoint","urlTemplate":"https:\/\/tourtravelandmore.com\/es\/?s={search_term_string}"},"query-input":{"@type":"PropertyValueSpecification","valueRequired":true,"valueName":"search_term_string"}}],"inLanguage":"es"},{"@type":"Organization","@id":"https:\/\/tourtravelandmore.com\/es\/#organization","name":"Tour Travel And More","url":"https:\/\/tourtravelandmore.com\/es\/","logo":{"@type":"ImageObject","inLanguage":"es","@id":"https:\/\/tourtravelandmore.com\/es\/#\/schema\/logo\/image\/","url":"https:\/\/tourtravelandmore.com\/wp-content\/uploads\/2022\/12\/cropped-logo-cabecera-new.png","contentUrl":"https:\/\/tourtravelandmore.com\/wp-content\/uploads\/2022\/12\/cropped-logo-cabecera-new.png","width":430,"height":61,"caption":"Tour Travel And More"},"image":{"@id":"https:\/\/tourtravelandmore.com\/es\/#\/schema\/logo\/image\/"},"sameAs":["https:\/\/www.facebook.com\/tourtravelandmore\/","https:\/\/x.com\/TourTravel_More"]}]}},"_links":{"self":[{"href":"https:\/\/tourtravelandmore.com\/es\/wp-json\/wp\/v2\/product\/17788","targetHints":{"allow":["GET"]}}],"collection":[{"href":"https:\/\/tourtravelandmore.com\/es\/wp-json\/wp\/v2\/product"}],"about":[{"href":"https:\/\/tourtravelandmore.com\/es\/wp-json\/wp\/v2\/types\/product"}],"replies":[{"embeddable":true,"href":"https:\/\/tourtravelandmore.com\/es\/wp-json\/wp\/v2\/comments?post=17788"}],"wp:featuredmedia":[{"embeddable":true,"href":"https:\/\/tourtravelandmore.com\/es\/wp-json\/wp\/v2\/media\/17787"}],"wp:attachment":[{"href":"https:\/\/tourtravelandmore.com\/es\/wp-json\/wp\/v2\/media?parent=17788"}],"wp:term":[{"taxonomy":"product_brand","embeddable":true,"href":"https:\/\/tourtravelandmore.com\/es\/wp-json\/wp\/v2\/product_brand?post=17788"},{"taxonomy":"product_cat","embeddable":true,"href":"https:\/\/tourtravelandmore.com\/es\/wp-json\/wp\/v2\/product_cat?post=17788"},{"taxonomy":"product_tag","embeddable":true,"href":"https:\/\/tourtravelandmore.com\/es\/wp-json\/wp\/v2\/product_tag?post=17788"}],"curies":[{"name":"wp","href":"https:\/\/api.w.org\/{rel}","templated":true}]}}