{"id":177853,"date":"2024-09-10T17:49:40","date_gmt":"2024-09-10T15:49:41","guid":{"rendered":"https:\/\/tourtravelandmore.com\/?post_type=product&#038;p=177853"},"modified":"2024-09-10T18:15:43","modified_gmt":"2024-09-10T16:15:43","slug":"tour-privado-a-pie-viejo-montreal-y-ciudad-subterranea-copy","status":"publish","type":"product","link":"https:\/\/tourtravelandmore.com\/es\/tours\/canada-es\/montreal-es\/montreal-actividades-es\/tour-privado-a-pie-viejo-montreal-y-ciudad-subterranea-copy\/","title":{"rendered":"Tour culinario privado del Viejo Montreal"},"content":{"rendered":"<h2><b>Descripci\u00f3n del Tour Privado de Montreal<\/b><\/h2>\n<p>Montreal es verdaderamente una ciudad \u00fanica en Norteam\u00e9rica. Esta ciudad es tambi\u00e9n la capital econ\u00f3mica y cultural de <strong>Quebec.<\/strong> <a href=\"https:\/\/es.wikipedia.org\/wiki\/Montreal\">Montreal<\/a> es una ciudad que posee un gran encanto europeo. A veces puede sentirse como si estuviera en Europa pero en Norteam\u00e9rica. Disfrute de este <strong>Tour Privado de Montreal<\/strong> y conozca al m\u00e1ximo esta ciudad.<\/p>\n<p>Sum\u00e9rjase en la rica historia y los vibrantes sabores del Viejo Montreal con nuestro exclusivo recorrido privado a pie de 3 horas. Esta aventura culinaria combina lo mejor de la escena gastron\u00f3mica de Montreal con sus fascinantes monumentos hist\u00f3ricos. Mientras pasea por las encantadoras calles adoquinadas de este emblem\u00e1tico barrio, nuestro gu\u00eda experto le deleitar\u00e1 con cautivadoras historias y conocimientos sobre el patrimonio cultural de Montreal. Por el camino, se deleitar\u00e1 con cuatro degustaciones diferentes en paradas cuidadosamente seleccionadas, cada una de las cuales ofrece una visi\u00f3n \u00fanica de las tradiciones culinarias de la ciudad. Desde platos locales emblem\u00e1ticos hasta delicias dulces, este recorrido es un fest\u00edn para los sentidos, que ofrece una muestra de la diversa y deliciosa oferta gastron\u00f3mica de Montreal.<\/p>\n<p>Para este tour privado, concertaremos un punto de encuentro en un lugar c\u00e9ntrico de <strong>Montreal.<\/strong> D\u00edganos en qu\u00e9 barrio se encuentra o d\u00f3nde est\u00e1 su hotel y concertaremos un punto de encuentro.<\/p>\n<p>Tras la c\u00f3moda recogida, comenzaremos este <strong>Tour<\/strong> privado <strong>de Montreal.<\/strong><\/p>\n<h2>Puntos de inter\u00e9s y lugares emblem\u00e1ticos<\/h2>\n<p>Descubra los puntos de inter\u00e9s hist\u00f3rico y cultural del Viejo Montreal en una visita guiada a pie, perfecta tanto para los amantes de la gastronom\u00eda como para los entusiastas de la historia.<\/p>\n<p>Este recorrido privado ofrece una experiencia personalizada, permiti\u00e9ndole explorar a su propio ritmo y centrarse en los aspectos de la ciudad que m\u00e1s le interesen. Tanto si es un aficionado a la historia, un entusiasta de la arquitectura o simplemente siente curiosidad por el car\u00e1cter \u00fanico de Montreal, este recorrido ofrece algo para todos.<\/p>\n<p>Experimente una variedad de sabores locales con cuatro degustaciones distintas, seleccionadas a mano para mostrar lo mejor de la escena culinaria de Montreal.<\/p>\n<p><strong>Men\u00fa de muestra:<\/strong> Dependiendo del d\u00eda de su visita, las degustaciones potenciales pueden incluir:<\/p>\n<ul>\n<li><strong>Salm\u00f3n ahumado sobre un bagel de Montreal:<\/strong> Una mezcla perfecta de las influencias culinarias jud\u00eda y francesa de Montreal.<\/li>\n<li><strong>Poutine:<\/strong> Sum\u00e9rjase en la comida reconfortante m\u00e1s famosa de Quebec con crujientes patatas fritas, cuajada de queso y rica salsa gravy.<\/li>\n<li><strong>Taffy de arce:<\/strong> Disfrute de una delicia tradicional quebequesa elaborada con sirope de arce puro.<\/li>\n<li><strong>Galleta de chocolate y arce:<\/strong> Satisfaga su paladar goloso con una deliciosa galleta infusionada con el sabor favorito de Canad\u00e1.<\/li>\n<li><strong>Sorbetes de fabricaci\u00f3n local:<\/strong> Refresque su paladar con sorbetes artesanales elaborados con ingredientes frescos y locales.<\/li>\n<\/ul>\n<p>Acomp\u00e1\u00f1enos en un viaje memorable por el Viejo Montreal, donde la historia se une al sabor de la forma m\u00e1s deliciosa. Este recorrido ofrece la mezcla perfecta de exploraci\u00f3n cultural y capricho culinario, lo que lo convierte en una experiencia inolvidable para cualquier visitante.<\/p>\n<p><a href=\"https:\/\/tourtravelandmore.com\/es\/ciudad\/canada-es\/\">\u00a1Eche un vistazo a nuestros recorridos privados a pie y a otros recorridos privados en Montreal!<\/a><\/p>\n","protected":false},"excerpt":{"rendered":"<p id=\"tw-target-text\" class=\"tw-data-text tw-text-large XcVN5d tw-ta\" dir=\"ltr\" data-placeholder=\"Traducci\u00f3n\">\u00danase a nosotros en este <strong>tour privado por Montreal<\/strong> y tenga la oportunidad de disfrutar de la parte hist\u00f3rica de Montreal. Una experiencia privada verdaderamente asombrosa.<\/p>\n","protected":false},"featured_media":177872,"comment_status":"open","ping_status":"closed","template":"","meta":{"_acf_changed":false},"product_brand":[],"product_cat":[2789,2791,2799,2802,1602],"product_tag":[],"class_list":{"0":"post-177853","1":"product","2":"type-product","3":"status-publish","4":"has-post-thumbnail","6":"product_cat-canada-es","7":"product_cat-montreal-es","8":"product_cat-montreal-actividades-es","9":"product_cat-montreal-tours-es","10":"product_cat-eeuu-es","12":"first","13":"instock","14":"shipping-taxable","15":"purchasable","16":"product-type-simple"},"acf":[],"yoast_head":"<!-- This site is optimized with the Yoast SEO Premium plugin v25.3.1 (Yoast SEO v25.3.1) - https:\/\/yoast.com\/wordpress\/plugins\/seo\/ -->\n<title>Tour culinario privado del Viejo Montreal | TTM<\/title>\n<meta name=\"description\" content=\"\u00danase a nosotros en este tour privado por Montreal y tenga la oportunidad de disfrutar de la parte hist\u00f3rica de Montreal \u2705\" \/>\n<meta name=\"robots\" content=\"index, follow, max-snippet:-1, max-image-preview:large, max-video-preview:-1\" \/>\n<link rel=\"canonical\" href=\"https:\/\/tourtravelandmore.com\/es\/tours\/canada-es\/montreal-es\/montreal-actividades-es\/tour-privado-a-pie-viejo-montreal-y-ciudad-subterranea-copy\/\" \/>\n<meta property=\"og:locale\" content=\"es_ES\" \/>\n<meta property=\"og:type\" content=\"article\" \/>\n<meta property=\"og:title\" content=\"Tour culinario privado del Viejo Montreal\" \/>\n<meta property=\"og:description\" content=\"\u00danase a nosotros en este tour privado por Montreal y tenga la oportunidad de disfrutar de la parte hist\u00f3rica de Montreal \u2705\" \/>\n<meta property=\"og:url\" content=\"https:\/\/tourtravelandmore.com\/es\/tours\/canada-es\/montreal-es\/montreal-actividades-es\/tour-privado-a-pie-viejo-montreal-y-ciudad-subterranea-copy\/\" \/>\n<meta property=\"og:site_name\" content=\"Tour Travel And More\" \/>\n<meta property=\"article:publisher\" content=\"https:\/\/www.facebook.com\/tourtravelandmore\/\" \/>\n<meta property=\"article:modified_time\" content=\"2024-09-10T16:15:43+00:00\" \/>\n<meta property=\"og:image\" content=\"https:\/\/tourtravelandmore.com\/wp-content\/uploads\/2024\/09\/pexels-janetrangdoan-946543.jpg\" \/>\n\t<meta property=\"og:image:width\" content=\"1920\" \/>\n\t<meta property=\"og:image:height\" content=\"1280\" \/>\n\t<meta property=\"og:image:type\" content=\"image\/jpeg\" \/>\n<meta name=\"twitter:card\" content=\"summary_large_image\" \/>\n<meta name=\"twitter:site\" content=\"@TourTravel_More\" \/>\n<meta name=\"twitter:label1\" content=\"Tiempo de lectura\" \/>\n\t<meta name=\"twitter:data1\" content=\"3 minutos\" \/>\n<script type=\"application\/ld+json\" class=\"yoast-schema-graph\">{\"@context\":\"https:\/\/schema.org\",\"@graph\":[{\"@type\":\"WebPage\",\"@id\":\"https:\/\/tourtravelandmore.com\/es\/tours\/canada-es\/montreal-es\/montreal-actividades-es\/tour-privado-a-pie-viejo-montreal-y-ciudad-subterranea-copy\/\",\"url\":\"https:\/\/tourtravelandmore.com\/es\/tours\/canada-es\/montreal-es\/montreal-actividades-es\/tour-privado-a-pie-viejo-montreal-y-ciudad-subterranea-copy\/\",\"name\":\"Tour culinario privado del Viejo Montreal | TTM\",\"isPartOf\":{\"@id\":\"https:\/\/tourtravelandmore.com\/es\/#website\"},\"primaryImageOfPage\":{\"@id\":\"https:\/\/tourtravelandmore.com\/es\/tours\/canada-es\/montreal-es\/montreal-actividades-es\/tour-privado-a-pie-viejo-montreal-y-ciudad-subterranea-copy\/#primaryimage\"},\"image\":{\"@id\":\"https:\/\/tourtravelandmore.com\/es\/tours\/canada-es\/montreal-es\/montreal-actividades-es\/tour-privado-a-pie-viejo-montreal-y-ciudad-subterranea-copy\/#primaryimage\"},\"thumbnailUrl\":\"https:\/\/tourtravelandmore.com\/wp-content\/uploads\/2024\/09\/pexels-janetrangdoan-946543.jpg\",\"datePublished\":\"2024-09-10T15:49:41+00:00\",\"dateModified\":\"2024-09-10T16:15:43+00:00\",\"description\":\"\u00danase a nosotros en este tour privado por Montreal y tenga la oportunidad de disfrutar de la parte hist\u00f3rica de Montreal \u2705\",\"breadcrumb\":{\"@id\":\"https:\/\/tourtravelandmore.com\/es\/tours\/canada-es\/montreal-es\/montreal-actividades-es\/tour-privado-a-pie-viejo-montreal-y-ciudad-subterranea-copy\/#breadcrumb\"},\"inLanguage\":\"es\",\"potentialAction\":[{\"@type\":\"ReadAction\",\"target\":[\"https:\/\/tourtravelandmore.com\/es\/tours\/canada-es\/montreal-es\/montreal-actividades-es\/tour-privado-a-pie-viejo-montreal-y-ciudad-subterranea-copy\/\"]}]},{\"@type\":\"ImageObject\",\"inLanguage\":\"es\",\"@id\":\"https:\/\/tourtravelandmore.com\/es\/tours\/canada-es\/montreal-es\/montreal-actividades-es\/tour-privado-a-pie-viejo-montreal-y-ciudad-subterranea-copy\/#primaryimage\",\"url\":\"https:\/\/tourtravelandmore.com\/wp-content\/uploads\/2024\/09\/pexels-janetrangdoan-946543.jpg\",\"contentUrl\":\"https:\/\/tourtravelandmore.com\/wp-content\/uploads\/2024\/09\/pexels-janetrangdoan-946543.jpg\",\"width\":1920,\"height\":1280},{\"@type\":\"BreadcrumbList\",\"@id\":\"https:\/\/tourtravelandmore.com\/es\/tours\/canada-es\/montreal-es\/montreal-actividades-es\/tour-privado-a-pie-viejo-montreal-y-ciudad-subterranea-copy\/#breadcrumb\",\"itemListElement\":[{\"@type\":\"ListItem\",\"position\":1,\"name\":\"Home\",\"item\":\"https:\/\/tourtravelandmore.com\/es\/\"},{\"@type\":\"ListItem\",\"position\":2,\"name\":\"Tours\",\"item\":\"https:\/\/tourtravelandmore.com\/es\/tours\/\"},{\"@type\":\"ListItem\",\"position\":3,\"name\":\"Tour culinario privado del Viejo Montreal\"}]},{\"@type\":\"WebSite\",\"@id\":\"https:\/\/tourtravelandmore.com\/es\/#website\",\"url\":\"https:\/\/tourtravelandmore.com\/es\/\",\"name\":\"Tour Travel And More\",\"description\":\"Private sightseeing tours and luxury transfers in Spain\",\"publisher\":{\"@id\":\"https:\/\/tourtravelandmore.com\/es\/#organization\"},\"potentialAction\":[{\"@type\":\"SearchAction\",\"target\":{\"@type\":\"EntryPoint\",\"urlTemplate\":\"https:\/\/tourtravelandmore.com\/es\/?s={search_term_string}\"},\"query-input\":{\"@type\":\"PropertyValueSpecification\",\"valueRequired\":true,\"valueName\":\"search_term_string\"}}],\"inLanguage\":\"es\"},{\"@type\":\"Organization\",\"@id\":\"https:\/\/tourtravelandmore.com\/es\/#organization\",\"name\":\"Tour Travel And More\",\"url\":\"https:\/\/tourtravelandmore.com\/es\/\",\"logo\":{\"@type\":\"ImageObject\",\"inLanguage\":\"es\",\"@id\":\"https:\/\/tourtravelandmore.com\/es\/#\/schema\/logo\/image\/\",\"url\":\"https:\/\/tourtravelandmore.com\/wp-content\/uploads\/2022\/12\/cropped-logo-cabecera-new.png\",\"contentUrl\":\"https:\/\/tourtravelandmore.com\/wp-content\/uploads\/2022\/12\/cropped-logo-cabecera-new.png\",\"width\":430,\"height\":61,\"caption\":\"Tour Travel And More\"},\"image\":{\"@id\":\"https:\/\/tourtravelandmore.com\/es\/#\/schema\/logo\/image\/\"},\"sameAs\":[\"https:\/\/www.facebook.com\/tourtravelandmore\/\",\"https:\/\/x.com\/TourTravel_More\"]}]}<\/script>\n<!-- \/ Yoast SEO Premium plugin. -->","yoast_head_json":{"title":"Tour culinario privado del Viejo Montreal | TTM","description":"\u00danase a nosotros en este tour privado por Montreal y tenga la oportunidad de disfrutar de la parte hist\u00f3rica de Montreal \u2705","robots":{"index":"index","follow":"follow","max-snippet":"max-snippet:-1","max-image-preview":"max-image-preview:large","max-video-preview":"max-video-preview:-1"},"canonical":"https:\/\/tourtravelandmore.com\/es\/tours\/canada-es\/montreal-es\/montreal-actividades-es\/tour-privado-a-pie-viejo-montreal-y-ciudad-subterranea-copy\/","og_locale":"es_ES","og_type":"article","og_title":"Tour culinario privado del Viejo Montreal","og_description":"\u00danase a nosotros en este tour privado por Montreal y tenga la oportunidad de disfrutar de la parte hist\u00f3rica de Montreal \u2705","og_url":"https:\/\/tourtravelandmore.com\/es\/tours\/canada-es\/montreal-es\/montreal-actividades-es\/tour-privado-a-pie-viejo-montreal-y-ciudad-subterranea-copy\/","og_site_name":"Tour Travel And More","article_publisher":"https:\/\/www.facebook.com\/tourtravelandmore\/","article_modified_time":"2024-09-10T16:15:43+00:00","og_image":[{"width":1920,"height":1280,"url":"https:\/\/tourtravelandmore.com\/wp-content\/uploads\/2024\/09\/pexels-janetrangdoan-946543.jpg","type":"image\/jpeg"}],"twitter_card":"summary_large_image","twitter_site":"@TourTravel_More","twitter_misc":{"Tiempo de lectura":"3 minutos"},"schema":{"@context":"https:\/\/schema.org","@graph":[{"@type":"WebPage","@id":"https:\/\/tourtravelandmore.com\/es\/tours\/canada-es\/montreal-es\/montreal-actividades-es\/tour-privado-a-pie-viejo-montreal-y-ciudad-subterranea-copy\/","url":"https:\/\/tourtravelandmore.com\/es\/tours\/canada-es\/montreal-es\/montreal-actividades-es\/tour-privado-a-pie-viejo-montreal-y-ciudad-subterranea-copy\/","name":"Tour culinario privado del Viejo Montreal | TTM","isPartOf":{"@id":"https:\/\/tourtravelandmore.com\/es\/#website"},"primaryImageOfPage":{"@id":"https:\/\/tourtravelandmore.com\/es\/tours\/canada-es\/montreal-es\/montreal-actividades-es\/tour-privado-a-pie-viejo-montreal-y-ciudad-subterranea-copy\/#primaryimage"},"image":{"@id":"https:\/\/tourtravelandmore.com\/es\/tours\/canada-es\/montreal-es\/montreal-actividades-es\/tour-privado-a-pie-viejo-montreal-y-ciudad-subterranea-copy\/#primaryimage"},"thumbnailUrl":"https:\/\/tourtravelandmore.com\/wp-content\/uploads\/2024\/09\/pexels-janetrangdoan-946543.jpg","datePublished":"2024-09-10T15:49:41+00:00","dateModified":"2024-09-10T16:15:43+00:00","description":"\u00danase a nosotros en este tour privado por Montreal y tenga la oportunidad de disfrutar de la parte hist\u00f3rica de Montreal \u2705","breadcrumb":{"@id":"https:\/\/tourtravelandmore.com\/es\/tours\/canada-es\/montreal-es\/montreal-actividades-es\/tour-privado-a-pie-viejo-montreal-y-ciudad-subterranea-copy\/#breadcrumb"},"inLanguage":"es","potentialAction":[{"@type":"ReadAction","target":["https:\/\/tourtravelandmore.com\/es\/tours\/canada-es\/montreal-es\/montreal-actividades-es\/tour-privado-a-pie-viejo-montreal-y-ciudad-subterranea-copy\/"]}]},{"@type":"ImageObject","inLanguage":"es","@id":"https:\/\/tourtravelandmore.com\/es\/tours\/canada-es\/montreal-es\/montreal-actividades-es\/tour-privado-a-pie-viejo-montreal-y-ciudad-subterranea-copy\/#primaryimage","url":"https:\/\/tourtravelandmore.com\/wp-content\/uploads\/2024\/09\/pexels-janetrangdoan-946543.jpg","contentUrl":"https:\/\/tourtravelandmore.com\/wp-content\/uploads\/2024\/09\/pexels-janetrangdoan-946543.jpg","width":1920,"height":1280},{"@type":"BreadcrumbList","@id":"https:\/\/tourtravelandmore.com\/es\/tours\/canada-es\/montreal-es\/montreal-actividades-es\/tour-privado-a-pie-viejo-montreal-y-ciudad-subterranea-copy\/#breadcrumb","itemListElement":[{"@type":"ListItem","position":1,"name":"Home","item":"https:\/\/tourtravelandmore.com\/es\/"},{"@type":"ListItem","position":2,"name":"Tours","item":"https:\/\/tourtravelandmore.com\/es\/tours\/"},{"@type":"ListItem","position":3,"name":"Tour culinario privado del Viejo Montreal"}]},{"@type":"WebSite","@id":"https:\/\/tourtravelandmore.com\/es\/#website","url":"https:\/\/tourtravelandmore.com\/es\/","name":"Tour Travel And More","description":"Private sightseeing tours and luxury transfers in Spain","publisher":{"@id":"https:\/\/tourtravelandmore.com\/es\/#organization"},"potentialAction":[{"@type":"SearchAction","target":{"@type":"EntryPoint","urlTemplate":"https:\/\/tourtravelandmore.com\/es\/?s={search_term_string}"},"query-input":{"@type":"PropertyValueSpecification","valueRequired":true,"valueName":"search_term_string"}}],"inLanguage":"es"},{"@type":"Organization","@id":"https:\/\/tourtravelandmore.com\/es\/#organization","name":"Tour Travel And More","url":"https:\/\/tourtravelandmore.com\/es\/","logo":{"@type":"ImageObject","inLanguage":"es","@id":"https:\/\/tourtravelandmore.com\/es\/#\/schema\/logo\/image\/","url":"https:\/\/tourtravelandmore.com\/wp-content\/uploads\/2022\/12\/cropped-logo-cabecera-new.png","contentUrl":"https:\/\/tourtravelandmore.com\/wp-content\/uploads\/2022\/12\/cropped-logo-cabecera-new.png","width":430,"height":61,"caption":"Tour Travel And More"},"image":{"@id":"https:\/\/tourtravelandmore.com\/es\/#\/schema\/logo\/image\/"},"sameAs":["https:\/\/www.facebook.com\/tourtravelandmore\/","https:\/\/x.com\/TourTravel_More"]}]}},"_links":{"self":[{"href":"https:\/\/tourtravelandmore.com\/es\/wp-json\/wp\/v2\/product\/177853","targetHints":{"allow":["GET"]}}],"collection":[{"href":"https:\/\/tourtravelandmore.com\/es\/wp-json\/wp\/v2\/product"}],"about":[{"href":"https:\/\/tourtravelandmore.com\/es\/wp-json\/wp\/v2\/types\/product"}],"replies":[{"embeddable":true,"href":"https:\/\/tourtravelandmore.com\/es\/wp-json\/wp\/v2\/comments?post=177853"}],"wp:featuredmedia":[{"embeddable":true,"href":"https:\/\/tourtravelandmore.com\/es\/wp-json\/wp\/v2\/media\/177872"}],"wp:attachment":[{"href":"https:\/\/tourtravelandmore.com\/es\/wp-json\/wp\/v2\/media?parent=177853"}],"wp:term":[{"taxonomy":"product_brand","embeddable":true,"href":"https:\/\/tourtravelandmore.com\/es\/wp-json\/wp\/v2\/product_brand?post=177853"},{"taxonomy":"product_cat","embeddable":true,"href":"https:\/\/tourtravelandmore.com\/es\/wp-json\/wp\/v2\/product_cat?post=177853"},{"taxonomy":"product_tag","embeddable":true,"href":"https:\/\/tourtravelandmore.com\/es\/wp-json\/wp\/v2\/product_tag?post=177853"}],"curies":[{"name":"wp","href":"https:\/\/api.w.org\/{rel}","templated":true}]}}