{"id":177822,"date":"2024-09-10T17:03:56","date_gmt":"2024-09-10T15:03:56","guid":{"rendered":"https:\/\/tourtravelandmore.com\/?post_type=product&#038;p=177822"},"modified":"2024-09-10T17:36:22","modified_gmt":"2024-09-10T15:36:22","slug":"tour-privado-a-pie-ciudad-subterranea-y-centro-de-montreal-copy","status":"publish","type":"product","link":"https:\/\/tourtravelandmore.com\/es\/tours\/canada-es\/montreal-es\/montreal-actividades-es\/tour-privado-a-pie-ciudad-subterranea-y-centro-de-montreal-copy\/","title":{"rendered":"Tour privado a pie: Viejo Montreal y Ciudad Subterr\u00e1nea"},"content":{"rendered":"<h2>\n<b>Descripci\u00f3n del Tour Privado de Montreal<\/b><\/h2>\n<p>Montreal es verdaderamente una ciudad \u00fanica en Norteam\u00e9rica. Esta ciudad es tambi\u00e9n la capital econ\u00f3mica y cultural de <b><strong>Quebec.<\/strong><\/b> <a href=\"https:\/\/es.wikipedia.org\/wiki\/Montreal\">Montreal<\/a> es una ciudad que posee un gran encanto europeo. A veces puede sentirse como si estuviera en Europa pero en Norteam\u00e9rica. Disfrute de este <b><strong>Tour Privado de Montreal<\/strong><\/b> y conozca al m\u00e1ximo esta ciudad.<\/p>\n<p>Explore el encanto hist\u00f3rico y las maravillas modernas de Montreal en este recorrido privado a pie de 4 horas. Comience su viaje en el Viejo Montreal, donde las calles adoquinadas, la arquitectura centenaria y las vibrantes plazas le transportar\u00e1n atr\u00e1s en el tiempo. Su gu\u00eda experto compartir\u00e1 con usted historias fascinantes sobre la rica historia de la ciudad, desde su fundaci\u00f3n en el siglo XVII hasta su papel como centro cultural en la actualidad.<\/p>\n<p>Para esta visita privada, concertaremos un punto de encuentro en un lugar c\u00e9ntrico de <b><strong>Montreal.<\/strong><\/b> D\u00edganos en qu\u00e9 barrio se encuentra o d\u00f3nde est\u00e1 su hotel y organizaremos un punto de encuentro.<\/p>\n<p>Nuestro conductor privado y nuestro gu\u00eda tur\u00edstico independiente le recoger\u00e1n en un c\u00f3modo veh\u00edculo y comenzar\u00e1n este tour privado.<\/p>\n<p>Tras la c\u00f3moda recogida, comenzaremos este <b><strong>tour<\/strong><\/b> privado <b><strong>por Montreal.<\/strong><\/b><\/p>\n<h2>Puntos de inter\u00e9s<\/h2>\n<p>Pasee por las pintorescas calles, visitando lugares emblem\u00e1ticos como la <b><strong>Bas\u00edlica de Notre-Dame,<\/strong><\/b> el <b><strong>Viejo Puerto<\/strong><\/b> y la bulliciosa <b><strong>Place Jacques-Cartier.<\/strong><\/b> Descubra joyas ocultas y secretos locales mientras explora el coraz\u00f3n del barrio m\u00e1s antiguo de la ciudad.<\/p>\n<p>A continuaci\u00f3n, descienda a la famosa <b><strong>Ciudad Subterr\u00e1nea<\/strong><\/b> <b><strong>de Montreal<\/strong><\/b> <b><strong>,<\/strong><\/b> una vasta red de t\u00faneles y caminos que conectan centros comerciales, hoteles y atracciones por todo el centro de la ciudad. Experimente el contraste entre el encanto hist\u00f3rico de la superficie y las comodidades modernas de la parte inferior mientras su gu\u00eda le revela la historia y la funci\u00f3n \u00fanicas de esta maravilla subterr\u00e1nea.<\/p>\n<p>Este recorrido privado le ofrece una experiencia personalizada, permiti\u00e9ndole explorar a su propio ritmo y centrarse en los aspectos de la ciudad que m\u00e1s le interesen. Tanto si es un aficionado a la historia, un entusiasta de la arquitectura o simplemente siente curiosidad por el car\u00e1cter \u00fanico de Montreal, este recorrido ofrece algo para todos.<\/p>\n<p>Por \u00faltimo, nuestro recorrido privado terminar\u00e1 en su hotel de Montreal.<\/p>\n<p><a href=\"https:\/\/tourtravelandmore.com\/es\/ciudad\/canada-es\/\">\u00a1Consulte nuestros recorridos privados a pie y otros recorridos privados en Montreal!<\/a><\/p>\n","protected":false},"excerpt":{"rendered":"<p id=\"tw-target-text\" class=\"tw-data-text tw-text-large XcVN5d tw-ta\" dir=\"ltr\" data-placeholder=\"Traducci\u00f3n\">\u00danase a nosotros en este <strong>tour privado por Montreal<\/strong> y tenga la oportunidad de disfrutar de la parte hist\u00f3rica de Montreal. Una experiencia privada verdaderamente asombrosa.<\/p>\n","protected":false},"featured_media":177841,"comment_status":"open","ping_status":"closed","template":"","meta":{"_acf_changed":false},"product_brand":[],"product_cat":[2789,2791,2799,2802,1602],"product_tag":[],"class_list":{"0":"post-177822","1":"product","2":"type-product","3":"status-publish","4":"has-post-thumbnail","6":"product_cat-canada-es","7":"product_cat-montreal-es","8":"product_cat-montreal-actividades-es","9":"product_cat-montreal-tours-es","10":"product_cat-eeuu-es","12":"first","13":"instock","14":"shipping-taxable","15":"purchasable","16":"product-type-simple"},"acf":[],"yoast_head":"<!-- This site is optimized with the Yoast SEO Premium plugin v25.3.1 (Yoast SEO v25.3.1) - https:\/\/yoast.com\/wordpress\/plugins\/seo\/ -->\n<title>Tour privado a pie: Viejo Montreal y Ciudad Subterr\u00e1nea | TTM<\/title>\n<meta name=\"description\" content=\"\u00danase a nosotros en este tour privado por Montreal y tenga la oportunidad de disfrutar de la parte hist\u00f3rica de Montreal \u2705\" \/>\n<meta name=\"robots\" content=\"index, follow, max-snippet:-1, max-image-preview:large, max-video-preview:-1\" \/>\n<link rel=\"canonical\" href=\"https:\/\/tourtravelandmore.com\/es\/tours\/canada-es\/montreal-es\/montreal-actividades-es\/tour-privado-a-pie-ciudad-subterranea-y-centro-de-montreal-copy\/\" \/>\n<meta property=\"og:locale\" content=\"es_ES\" \/>\n<meta property=\"og:type\" content=\"article\" \/>\n<meta property=\"og:title\" content=\"Tour privado a pie: Viejo Montreal y Ciudad Subterr\u00e1nea\" \/>\n<meta property=\"og:description\" content=\"\u00danase a nosotros en este tour privado por Montreal y tenga la oportunidad de disfrutar de la parte hist\u00f3rica de Montreal \u2705\" \/>\n<meta property=\"og:url\" content=\"https:\/\/tourtravelandmore.com\/es\/tours\/canada-es\/montreal-es\/montreal-actividades-es\/tour-privado-a-pie-ciudad-subterranea-y-centro-de-montreal-copy\/\" \/>\n<meta property=\"og:site_name\" content=\"Tour Travel And More\" \/>\n<meta property=\"article:publisher\" content=\"https:\/\/www.facebook.com\/tourtravelandmore\/\" \/>\n<meta property=\"article:modified_time\" content=\"2024-09-10T15:36:22+00:00\" \/>\n<meta property=\"og:image\" content=\"https:\/\/tourtravelandmore.com\/wp-content\/uploads\/2024\/09\/pexels-celine-chamiot-poncet-168535-2889701.jpg\" \/>\n\t<meta property=\"og:image:width\" content=\"1280\" \/>\n\t<meta property=\"og:image:height\" content=\"960\" \/>\n\t<meta property=\"og:image:type\" content=\"image\/jpeg\" \/>\n<meta name=\"twitter:card\" content=\"summary_large_image\" \/>\n<meta name=\"twitter:site\" content=\"@TourTravel_More\" \/>\n<meta name=\"twitter:label1\" content=\"Tiempo de lectura\" \/>\n\t<meta name=\"twitter:data1\" content=\"2 minutos\" \/>\n<script type=\"application\/ld+json\" class=\"yoast-schema-graph\">{\"@context\":\"https:\/\/schema.org\",\"@graph\":[{\"@type\":\"WebPage\",\"@id\":\"https:\/\/tourtravelandmore.com\/es\/tours\/canada-es\/montreal-es\/montreal-actividades-es\/tour-privado-a-pie-ciudad-subterranea-y-centro-de-montreal-copy\/\",\"url\":\"https:\/\/tourtravelandmore.com\/es\/tours\/canada-es\/montreal-es\/montreal-actividades-es\/tour-privado-a-pie-ciudad-subterranea-y-centro-de-montreal-copy\/\",\"name\":\"Tour privado a pie: Viejo Montreal y Ciudad Subterr\u00e1nea | TTM\",\"isPartOf\":{\"@id\":\"https:\/\/tourtravelandmore.com\/es\/#website\"},\"primaryImageOfPage\":{\"@id\":\"https:\/\/tourtravelandmore.com\/es\/tours\/canada-es\/montreal-es\/montreal-actividades-es\/tour-privado-a-pie-ciudad-subterranea-y-centro-de-montreal-copy\/#primaryimage\"},\"image\":{\"@id\":\"https:\/\/tourtravelandmore.com\/es\/tours\/canada-es\/montreal-es\/montreal-actividades-es\/tour-privado-a-pie-ciudad-subterranea-y-centro-de-montreal-copy\/#primaryimage\"},\"thumbnailUrl\":\"https:\/\/tourtravelandmore.com\/wp-content\/uploads\/2024\/09\/pexels-celine-chamiot-poncet-168535-2889701.jpg\",\"datePublished\":\"2024-09-10T15:03:56+00:00\",\"dateModified\":\"2024-09-10T15:36:22+00:00\",\"description\":\"\u00danase a nosotros en este tour privado por Montreal y tenga la oportunidad de disfrutar de la parte hist\u00f3rica de Montreal \u2705\",\"breadcrumb\":{\"@id\":\"https:\/\/tourtravelandmore.com\/es\/tours\/canada-es\/montreal-es\/montreal-actividades-es\/tour-privado-a-pie-ciudad-subterranea-y-centro-de-montreal-copy\/#breadcrumb\"},\"inLanguage\":\"es\",\"potentialAction\":[{\"@type\":\"ReadAction\",\"target\":[\"https:\/\/tourtravelandmore.com\/es\/tours\/canada-es\/montreal-es\/montreal-actividades-es\/tour-privado-a-pie-ciudad-subterranea-y-centro-de-montreal-copy\/\"]}]},{\"@type\":\"ImageObject\",\"inLanguage\":\"es\",\"@id\":\"https:\/\/tourtravelandmore.com\/es\/tours\/canada-es\/montreal-es\/montreal-actividades-es\/tour-privado-a-pie-ciudad-subterranea-y-centro-de-montreal-copy\/#primaryimage\",\"url\":\"https:\/\/tourtravelandmore.com\/wp-content\/uploads\/2024\/09\/pexels-celine-chamiot-poncet-168535-2889701.jpg\",\"contentUrl\":\"https:\/\/tourtravelandmore.com\/wp-content\/uploads\/2024\/09\/pexels-celine-chamiot-poncet-168535-2889701.jpg\",\"width\":1280,\"height\":960},{\"@type\":\"BreadcrumbList\",\"@id\":\"https:\/\/tourtravelandmore.com\/es\/tours\/canada-es\/montreal-es\/montreal-actividades-es\/tour-privado-a-pie-ciudad-subterranea-y-centro-de-montreal-copy\/#breadcrumb\",\"itemListElement\":[{\"@type\":\"ListItem\",\"position\":1,\"name\":\"Home\",\"item\":\"https:\/\/tourtravelandmore.com\/es\/\"},{\"@type\":\"ListItem\",\"position\":2,\"name\":\"Tours\",\"item\":\"https:\/\/tourtravelandmore.com\/es\/tours\/\"},{\"@type\":\"ListItem\",\"position\":3,\"name\":\"Tour privado a pie: Viejo Montreal y Ciudad Subterr\u00e1nea\"}]},{\"@type\":\"WebSite\",\"@id\":\"https:\/\/tourtravelandmore.com\/es\/#website\",\"url\":\"https:\/\/tourtravelandmore.com\/es\/\",\"name\":\"Tour Travel And More\",\"description\":\"Private sightseeing tours and luxury transfers in Spain\",\"publisher\":{\"@id\":\"https:\/\/tourtravelandmore.com\/es\/#organization\"},\"potentialAction\":[{\"@type\":\"SearchAction\",\"target\":{\"@type\":\"EntryPoint\",\"urlTemplate\":\"https:\/\/tourtravelandmore.com\/es\/?s={search_term_string}\"},\"query-input\":{\"@type\":\"PropertyValueSpecification\",\"valueRequired\":true,\"valueName\":\"search_term_string\"}}],\"inLanguage\":\"es\"},{\"@type\":\"Organization\",\"@id\":\"https:\/\/tourtravelandmore.com\/es\/#organization\",\"name\":\"Tour Travel And More\",\"url\":\"https:\/\/tourtravelandmore.com\/es\/\",\"logo\":{\"@type\":\"ImageObject\",\"inLanguage\":\"es\",\"@id\":\"https:\/\/tourtravelandmore.com\/es\/#\/schema\/logo\/image\/\",\"url\":\"https:\/\/tourtravelandmore.com\/wp-content\/uploads\/2022\/12\/cropped-logo-cabecera-new.png\",\"contentUrl\":\"https:\/\/tourtravelandmore.com\/wp-content\/uploads\/2022\/12\/cropped-logo-cabecera-new.png\",\"width\":430,\"height\":61,\"caption\":\"Tour Travel And More\"},\"image\":{\"@id\":\"https:\/\/tourtravelandmore.com\/es\/#\/schema\/logo\/image\/\"},\"sameAs\":[\"https:\/\/www.facebook.com\/tourtravelandmore\/\",\"https:\/\/x.com\/TourTravel_More\"]}]}<\/script>\n<!-- \/ Yoast SEO Premium plugin. -->","yoast_head_json":{"title":"Tour privado a pie: Viejo Montreal y Ciudad Subterr\u00e1nea | TTM","description":"\u00danase a nosotros en este tour privado por Montreal y tenga la oportunidad de disfrutar de la parte hist\u00f3rica de Montreal \u2705","robots":{"index":"index","follow":"follow","max-snippet":"max-snippet:-1","max-image-preview":"max-image-preview:large","max-video-preview":"max-video-preview:-1"},"canonical":"https:\/\/tourtravelandmore.com\/es\/tours\/canada-es\/montreal-es\/montreal-actividades-es\/tour-privado-a-pie-ciudad-subterranea-y-centro-de-montreal-copy\/","og_locale":"es_ES","og_type":"article","og_title":"Tour privado a pie: Viejo Montreal y Ciudad Subterr\u00e1nea","og_description":"\u00danase a nosotros en este tour privado por Montreal y tenga la oportunidad de disfrutar de la parte hist\u00f3rica de Montreal \u2705","og_url":"https:\/\/tourtravelandmore.com\/es\/tours\/canada-es\/montreal-es\/montreal-actividades-es\/tour-privado-a-pie-ciudad-subterranea-y-centro-de-montreal-copy\/","og_site_name":"Tour Travel And More","article_publisher":"https:\/\/www.facebook.com\/tourtravelandmore\/","article_modified_time":"2024-09-10T15:36:22+00:00","og_image":[{"width":1280,"height":960,"url":"https:\/\/tourtravelandmore.com\/wp-content\/uploads\/2024\/09\/pexels-celine-chamiot-poncet-168535-2889701.jpg","type":"image\/jpeg"}],"twitter_card":"summary_large_image","twitter_site":"@TourTravel_More","twitter_misc":{"Tiempo de lectura":"2 minutos"},"schema":{"@context":"https:\/\/schema.org","@graph":[{"@type":"WebPage","@id":"https:\/\/tourtravelandmore.com\/es\/tours\/canada-es\/montreal-es\/montreal-actividades-es\/tour-privado-a-pie-ciudad-subterranea-y-centro-de-montreal-copy\/","url":"https:\/\/tourtravelandmore.com\/es\/tours\/canada-es\/montreal-es\/montreal-actividades-es\/tour-privado-a-pie-ciudad-subterranea-y-centro-de-montreal-copy\/","name":"Tour privado a pie: Viejo Montreal y Ciudad Subterr\u00e1nea | TTM","isPartOf":{"@id":"https:\/\/tourtravelandmore.com\/es\/#website"},"primaryImageOfPage":{"@id":"https:\/\/tourtravelandmore.com\/es\/tours\/canada-es\/montreal-es\/montreal-actividades-es\/tour-privado-a-pie-ciudad-subterranea-y-centro-de-montreal-copy\/#primaryimage"},"image":{"@id":"https:\/\/tourtravelandmore.com\/es\/tours\/canada-es\/montreal-es\/montreal-actividades-es\/tour-privado-a-pie-ciudad-subterranea-y-centro-de-montreal-copy\/#primaryimage"},"thumbnailUrl":"https:\/\/tourtravelandmore.com\/wp-content\/uploads\/2024\/09\/pexels-celine-chamiot-poncet-168535-2889701.jpg","datePublished":"2024-09-10T15:03:56+00:00","dateModified":"2024-09-10T15:36:22+00:00","description":"\u00danase a nosotros en este tour privado por Montreal y tenga la oportunidad de disfrutar de la parte hist\u00f3rica de Montreal \u2705","breadcrumb":{"@id":"https:\/\/tourtravelandmore.com\/es\/tours\/canada-es\/montreal-es\/montreal-actividades-es\/tour-privado-a-pie-ciudad-subterranea-y-centro-de-montreal-copy\/#breadcrumb"},"inLanguage":"es","potentialAction":[{"@type":"ReadAction","target":["https:\/\/tourtravelandmore.com\/es\/tours\/canada-es\/montreal-es\/montreal-actividades-es\/tour-privado-a-pie-ciudad-subterranea-y-centro-de-montreal-copy\/"]}]},{"@type":"ImageObject","inLanguage":"es","@id":"https:\/\/tourtravelandmore.com\/es\/tours\/canada-es\/montreal-es\/montreal-actividades-es\/tour-privado-a-pie-ciudad-subterranea-y-centro-de-montreal-copy\/#primaryimage","url":"https:\/\/tourtravelandmore.com\/wp-content\/uploads\/2024\/09\/pexels-celine-chamiot-poncet-168535-2889701.jpg","contentUrl":"https:\/\/tourtravelandmore.com\/wp-content\/uploads\/2024\/09\/pexels-celine-chamiot-poncet-168535-2889701.jpg","width":1280,"height":960},{"@type":"BreadcrumbList","@id":"https:\/\/tourtravelandmore.com\/es\/tours\/canada-es\/montreal-es\/montreal-actividades-es\/tour-privado-a-pie-ciudad-subterranea-y-centro-de-montreal-copy\/#breadcrumb","itemListElement":[{"@type":"ListItem","position":1,"name":"Home","item":"https:\/\/tourtravelandmore.com\/es\/"},{"@type":"ListItem","position":2,"name":"Tours","item":"https:\/\/tourtravelandmore.com\/es\/tours\/"},{"@type":"ListItem","position":3,"name":"Tour privado a pie: Viejo Montreal y Ciudad Subterr\u00e1nea"}]},{"@type":"WebSite","@id":"https:\/\/tourtravelandmore.com\/es\/#website","url":"https:\/\/tourtravelandmore.com\/es\/","name":"Tour Travel And More","description":"Private sightseeing tours and luxury transfers in Spain","publisher":{"@id":"https:\/\/tourtravelandmore.com\/es\/#organization"},"potentialAction":[{"@type":"SearchAction","target":{"@type":"EntryPoint","urlTemplate":"https:\/\/tourtravelandmore.com\/es\/?s={search_term_string}"},"query-input":{"@type":"PropertyValueSpecification","valueRequired":true,"valueName":"search_term_string"}}],"inLanguage":"es"},{"@type":"Organization","@id":"https:\/\/tourtravelandmore.com\/es\/#organization","name":"Tour Travel And More","url":"https:\/\/tourtravelandmore.com\/es\/","logo":{"@type":"ImageObject","inLanguage":"es","@id":"https:\/\/tourtravelandmore.com\/es\/#\/schema\/logo\/image\/","url":"https:\/\/tourtravelandmore.com\/wp-content\/uploads\/2022\/12\/cropped-logo-cabecera-new.png","contentUrl":"https:\/\/tourtravelandmore.com\/wp-content\/uploads\/2022\/12\/cropped-logo-cabecera-new.png","width":430,"height":61,"caption":"Tour Travel And More"},"image":{"@id":"https:\/\/tourtravelandmore.com\/es\/#\/schema\/logo\/image\/"},"sameAs":["https:\/\/www.facebook.com\/tourtravelandmore\/","https:\/\/x.com\/TourTravel_More"]}]}},"_links":{"self":[{"href":"https:\/\/tourtravelandmore.com\/es\/wp-json\/wp\/v2\/product\/177822","targetHints":{"allow":["GET"]}}],"collection":[{"href":"https:\/\/tourtravelandmore.com\/es\/wp-json\/wp\/v2\/product"}],"about":[{"href":"https:\/\/tourtravelandmore.com\/es\/wp-json\/wp\/v2\/types\/product"}],"replies":[{"embeddable":true,"href":"https:\/\/tourtravelandmore.com\/es\/wp-json\/wp\/v2\/comments?post=177822"}],"wp:featuredmedia":[{"embeddable":true,"href":"https:\/\/tourtravelandmore.com\/es\/wp-json\/wp\/v2\/media\/177841"}],"wp:attachment":[{"href":"https:\/\/tourtravelandmore.com\/es\/wp-json\/wp\/v2\/media?parent=177822"}],"wp:term":[{"taxonomy":"product_brand","embeddable":true,"href":"https:\/\/tourtravelandmore.com\/es\/wp-json\/wp\/v2\/product_brand?post=177822"},{"taxonomy":"product_cat","embeddable":true,"href":"https:\/\/tourtravelandmore.com\/es\/wp-json\/wp\/v2\/product_cat?post=177822"},{"taxonomy":"product_tag","embeddable":true,"href":"https:\/\/tourtravelandmore.com\/es\/wp-json\/wp\/v2\/product_tag?post=177822"}],"curies":[{"name":"wp","href":"https:\/\/api.w.org\/{rel}","templated":true}]}}