{"id":177791,"date":"2024-09-10T16:29:37","date_gmt":"2024-09-10T14:29:37","guid":{"rendered":"https:\/\/tourtravelandmore.com\/?post_type=product&#038;p=177791"},"modified":"2024-09-10T20:14:47","modified_gmt":"2024-09-10T18:14:47","slug":"tour-privado-de-montreal-copy","status":"publish","type":"product","link":"https:\/\/tourtravelandmore.com\/es\/tours\/canada-es\/montreal-es\/montreal-actividades-es\/tour-privado-de-montreal-copy\/","title":{"rendered":"Tour privado a pie: Ciudad subterr\u00e1nea y centro de Montreal"},"content":{"rendered":"<h2><b>Descripci\u00f3n del Tour Privado de Montreal<\/b><\/h2>\n<p>Montreal es verdaderamente una ciudad \u00fanica en Norteam\u00e9rica. Esta ciudad es tambi\u00e9n la capital econ\u00f3mica y cultural de <b><strong>Quebec.<\/strong><\/b> <a href=\"https:\/\/es.wikipedia.org\/wiki\/Montreal\">Montreal<\/a> es una ciudad que posee un gran encanto europeo. A veces puede sentirse como si estuviera en Europa pero en Norteam\u00e9rica. Disfrute de este <b><strong>Tour Privado de Montreal<\/strong><\/b> y conozca al m\u00e1ximo esta ciudad.<\/p>\n<p>Descubra el mundo oculto bajo las bulliciosas calles de Montreal con nuestro exclusivo <b><strong>Recorrido Privado a pie<\/strong><\/b> de 3 horas por la <b><strong>Ciudad Subterr\u00e1nea<\/strong><\/b> y el <b><strong>centro de la ciudad.<\/strong><\/b> Esta experiencia \u00fanica le permitir\u00e1 explorar el mayor complejo subterr\u00e1neo del mundo, conocido como R\u00c9SO, que abarca m\u00e1s de 33 kil\u00f3metros de t\u00faneles y caminos. Conducido por un experto gu\u00eda local, recorrer\u00e1 esta fascinante red que conecta los principales edificios, centros comerciales, hoteles y estaciones de metro, todo ello mientras aprende sobre la historia, la arquitectura y la cultura que hacen de Montreal una ciudad tan distintiva.<\/p>\n<p>Para este recorrido privado, organizaremos la recogida en cualquier punto de <b><strong>Montreal.<\/strong><\/b> D\u00edganos en qu\u00e9 barrio se encuentra o d\u00f3nde est\u00e1 su hotel y organizaremos una recogida privada.<\/p>\n<p>Tras la c\u00f3moda recogida, comenzaremos este <b><strong>recorrido<\/strong><\/b> privado <b><strong>por Montreal.<\/strong><\/b><\/p>\n<h2>Puntos de inter\u00e9s<\/h2>\n<p>Montreal tiene tanto que ofrecer que haremos todo lo posible para ayudarle a explorar los mejores lugares de la ciudad.<\/p>\n<p>Mientras pasea por el coraz\u00f3n del centro de Montreal, su gu\u00eda le ofrecer\u00e1 comentarios perspicaces, destacando la vibrante escena art\u00edstica de la ciudad, sus joyas arquitect\u00f3nicas y su mezcla de lo antiguo y lo nuevo. Ver\u00e1 lugares emblem\u00e1ticos, se maravillar\u00e1 ante impresionantes instalaciones de arte p\u00fablico y comprender\u00e1 mejor c\u00f3mo la Ciudad Subterr\u00e1nea se ha convertido en una parte integral de la vida cotidiana de los lugare\u00f1os, especialmente durante los duros meses de invierno. Este recorrido es perfecto para los viajeros que buscan conocer Montreal desde una perspectiva diferente, lejos de los t\u00edpicos caminos tur\u00edsticos.<\/p>\n<p><b><strong>Explore R\u00c9SO (Ciudad subterr\u00e1nea).<\/strong><\/b> Navegue por el mayor complejo subterr\u00e1neo del mundo, parte esencial del paisaje urbano de Montreal.<\/p>\n<p>Adem\u00e1s, visitar\u00e1 <b><strong>el centro de Montreal.<\/strong><\/b> Descubra el vibrante coraz\u00f3n de la ciudad, con sus principales monumentos y joyas ocultas que mezclan modernidad y encanto hist\u00f3rico.<\/p>\n<p>Por \u00faltimo, nuestro recorrido privado terminar\u00e1 en su hotel de Montreal.<\/p>\n<p><a href=\"https:\/\/tourtravelandmore.com\/es\/ciudad\/canada-es\/\">\u00a1Eche un vistazo a nuestros recorridos privados a pie y a otros recorridos privados en Montreal!<\/a><\/p>\n","protected":false},"excerpt":{"rendered":"<p id=\"tw-target-text\" class=\"tw-data-text tw-text-large XcVN5d tw-ta\" dir=\"ltr\" data-placeholder=\"Traducci\u00f3n\">\u00danase a nosotros en este <strong>tour privado por Montreal<\/strong> y tenga la oportunidad de disfrutar de la parte hist\u00f3rica de Montreal. Una experiencia privada verdaderamente asombrosa.<\/p>\n","protected":false},"featured_media":177810,"comment_status":"open","ping_status":"closed","template":"","meta":{"_acf_changed":false},"product_brand":[],"product_cat":[2789,2791,2799,2802,1602],"product_tag":[],"class_list":{"0":"post-177791","1":"product","2":"type-product","3":"status-publish","4":"has-post-thumbnail","6":"product_cat-canada-es","7":"product_cat-montreal-es","8":"product_cat-montreal-actividades-es","9":"product_cat-montreal-tours-es","10":"product_cat-eeuu-es","12":"first","13":"instock","14":"shipping-taxable","15":"purchasable","16":"product-type-simple"},"acf":[],"yoast_head":"<!-- This site is optimized with the Yoast SEO Premium plugin v25.3.1 (Yoast SEO v25.3.1) - https:\/\/yoast.com\/wordpress\/plugins\/seo\/ -->\n<title>Tour privado a pie: Ciudad subterr\u00e1nea y centro de Montreal | TTM<\/title>\n<meta name=\"description\" content=\"\u00danase a nosotros en este tour privado por Montreal y tenga la oportunidad de disfrutar de la parte hist\u00f3rica de Montreal \u2705\" \/>\n<meta name=\"robots\" content=\"index, follow, max-snippet:-1, max-image-preview:large, max-video-preview:-1\" \/>\n<link rel=\"canonical\" href=\"https:\/\/tourtravelandmore.com\/es\/tours\/canada-es\/montreal-es\/montreal-actividades-es\/tour-privado-de-montreal-copy\/\" \/>\n<meta property=\"og:locale\" content=\"es_ES\" \/>\n<meta property=\"og:type\" content=\"article\" \/>\n<meta property=\"og:title\" content=\"Tour privado a pie: Ciudad subterr\u00e1nea y centro de Montreal\" \/>\n<meta property=\"og:description\" content=\"\u00danase a nosotros en este tour privado por Montreal y tenga la oportunidad de disfrutar de la parte hist\u00f3rica de Montreal \u2705\" \/>\n<meta property=\"og:url\" content=\"https:\/\/tourtravelandmore.com\/es\/tours\/canada-es\/montreal-es\/montreal-actividades-es\/tour-privado-de-montreal-copy\/\" \/>\n<meta property=\"og:site_name\" content=\"Tour Travel And More\" \/>\n<meta property=\"article:publisher\" content=\"https:\/\/www.facebook.com\/tourtravelandmore\/\" \/>\n<meta property=\"article:modified_time\" content=\"2024-09-10T18:14:47+00:00\" \/>\n<meta property=\"og:image\" content=\"https:\/\/tourtravelandmore.com\/wp-content\/uploads\/2024\/09\/pexels-nancy-bourque-2244823-scaled.jpg\" \/>\n\t<meta property=\"og:image:width\" content=\"2560\" \/>\n\t<meta property=\"og:image:height\" content=\"1707\" \/>\n\t<meta property=\"og:image:type\" content=\"image\/jpeg\" \/>\n<meta name=\"twitter:card\" content=\"summary_large_image\" \/>\n<meta name=\"twitter:site\" content=\"@TourTravel_More\" \/>\n<meta name=\"twitter:label1\" content=\"Tiempo de lectura\" \/>\n\t<meta name=\"twitter:data1\" content=\"2 minutos\" \/>\n<script type=\"application\/ld+json\" class=\"yoast-schema-graph\">{\"@context\":\"https:\/\/schema.org\",\"@graph\":[{\"@type\":\"WebPage\",\"@id\":\"https:\/\/tourtravelandmore.com\/es\/tours\/canada-es\/montreal-es\/montreal-actividades-es\/tour-privado-de-montreal-copy\/\",\"url\":\"https:\/\/tourtravelandmore.com\/es\/tours\/canada-es\/montreal-es\/montreal-actividades-es\/tour-privado-de-montreal-copy\/\",\"name\":\"Tour privado a pie: Ciudad subterr\u00e1nea y centro de Montreal | TTM\",\"isPartOf\":{\"@id\":\"https:\/\/tourtravelandmore.com\/es\/#website\"},\"primaryImageOfPage\":{\"@id\":\"https:\/\/tourtravelandmore.com\/es\/tours\/canada-es\/montreal-es\/montreal-actividades-es\/tour-privado-de-montreal-copy\/#primaryimage\"},\"image\":{\"@id\":\"https:\/\/tourtravelandmore.com\/es\/tours\/canada-es\/montreal-es\/montreal-actividades-es\/tour-privado-de-montreal-copy\/#primaryimage\"},\"thumbnailUrl\":\"https:\/\/tourtravelandmore.com\/wp-content\/uploads\/2024\/09\/pexels-nancy-bourque-2244823-scaled.jpg\",\"datePublished\":\"2024-09-10T14:29:37+00:00\",\"dateModified\":\"2024-09-10T18:14:47+00:00\",\"description\":\"\u00danase a nosotros en este tour privado por Montreal y tenga la oportunidad de disfrutar de la parte hist\u00f3rica de Montreal \u2705\",\"breadcrumb\":{\"@id\":\"https:\/\/tourtravelandmore.com\/es\/tours\/canada-es\/montreal-es\/montreal-actividades-es\/tour-privado-de-montreal-copy\/#breadcrumb\"},\"inLanguage\":\"es\",\"potentialAction\":[{\"@type\":\"ReadAction\",\"target\":[\"https:\/\/tourtravelandmore.com\/es\/tours\/canada-es\/montreal-es\/montreal-actividades-es\/tour-privado-de-montreal-copy\/\"]}]},{\"@type\":\"ImageObject\",\"inLanguage\":\"es\",\"@id\":\"https:\/\/tourtravelandmore.com\/es\/tours\/canada-es\/montreal-es\/montreal-actividades-es\/tour-privado-de-montreal-copy\/#primaryimage\",\"url\":\"https:\/\/tourtravelandmore.com\/wp-content\/uploads\/2024\/09\/pexels-nancy-bourque-2244823-scaled.jpg\",\"contentUrl\":\"https:\/\/tourtravelandmore.com\/wp-content\/uploads\/2024\/09\/pexels-nancy-bourque-2244823-scaled.jpg\",\"width\":2560,\"height\":1707},{\"@type\":\"BreadcrumbList\",\"@id\":\"https:\/\/tourtravelandmore.com\/es\/tours\/canada-es\/montreal-es\/montreal-actividades-es\/tour-privado-de-montreal-copy\/#breadcrumb\",\"itemListElement\":[{\"@type\":\"ListItem\",\"position\":1,\"name\":\"Home\",\"item\":\"https:\/\/tourtravelandmore.com\/es\/\"},{\"@type\":\"ListItem\",\"position\":2,\"name\":\"Tours\",\"item\":\"https:\/\/tourtravelandmore.com\/es\/tours\/\"},{\"@type\":\"ListItem\",\"position\":3,\"name\":\"Tour privado a pie: Ciudad subterr\u00e1nea y centro de Montreal\"}]},{\"@type\":\"WebSite\",\"@id\":\"https:\/\/tourtravelandmore.com\/es\/#website\",\"url\":\"https:\/\/tourtravelandmore.com\/es\/\",\"name\":\"Tour Travel And More\",\"description\":\"Private sightseeing tours and luxury transfers in Spain\",\"publisher\":{\"@id\":\"https:\/\/tourtravelandmore.com\/es\/#organization\"},\"potentialAction\":[{\"@type\":\"SearchAction\",\"target\":{\"@type\":\"EntryPoint\",\"urlTemplate\":\"https:\/\/tourtravelandmore.com\/es\/?s={search_term_string}\"},\"query-input\":{\"@type\":\"PropertyValueSpecification\",\"valueRequired\":true,\"valueName\":\"search_term_string\"}}],\"inLanguage\":\"es\"},{\"@type\":\"Organization\",\"@id\":\"https:\/\/tourtravelandmore.com\/es\/#organization\",\"name\":\"Tour Travel And More\",\"url\":\"https:\/\/tourtravelandmore.com\/es\/\",\"logo\":{\"@type\":\"ImageObject\",\"inLanguage\":\"es\",\"@id\":\"https:\/\/tourtravelandmore.com\/es\/#\/schema\/logo\/image\/\",\"url\":\"https:\/\/tourtravelandmore.com\/wp-content\/uploads\/2022\/12\/cropped-logo-cabecera-new.png\",\"contentUrl\":\"https:\/\/tourtravelandmore.com\/wp-content\/uploads\/2022\/12\/cropped-logo-cabecera-new.png\",\"width\":430,\"height\":61,\"caption\":\"Tour Travel And More\"},\"image\":{\"@id\":\"https:\/\/tourtravelandmore.com\/es\/#\/schema\/logo\/image\/\"},\"sameAs\":[\"https:\/\/www.facebook.com\/tourtravelandmore\/\",\"https:\/\/x.com\/TourTravel_More\"]}]}<\/script>\n<!-- \/ Yoast SEO Premium plugin. -->","yoast_head_json":{"title":"Tour privado a pie: Ciudad subterr\u00e1nea y centro de Montreal | TTM","description":"\u00danase a nosotros en este tour privado por Montreal y tenga la oportunidad de disfrutar de la parte hist\u00f3rica de Montreal \u2705","robots":{"index":"index","follow":"follow","max-snippet":"max-snippet:-1","max-image-preview":"max-image-preview:large","max-video-preview":"max-video-preview:-1"},"canonical":"https:\/\/tourtravelandmore.com\/es\/tours\/canada-es\/montreal-es\/montreal-actividades-es\/tour-privado-de-montreal-copy\/","og_locale":"es_ES","og_type":"article","og_title":"Tour privado a pie: Ciudad subterr\u00e1nea y centro de Montreal","og_description":"\u00danase a nosotros en este tour privado por Montreal y tenga la oportunidad de disfrutar de la parte hist\u00f3rica de Montreal \u2705","og_url":"https:\/\/tourtravelandmore.com\/es\/tours\/canada-es\/montreal-es\/montreal-actividades-es\/tour-privado-de-montreal-copy\/","og_site_name":"Tour Travel And More","article_publisher":"https:\/\/www.facebook.com\/tourtravelandmore\/","article_modified_time":"2024-09-10T18:14:47+00:00","og_image":[{"width":2560,"height":1707,"url":"https:\/\/tourtravelandmore.com\/wp-content\/uploads\/2024\/09\/pexels-nancy-bourque-2244823-scaled.jpg","type":"image\/jpeg"}],"twitter_card":"summary_large_image","twitter_site":"@TourTravel_More","twitter_misc":{"Tiempo de lectura":"2 minutos"},"schema":{"@context":"https:\/\/schema.org","@graph":[{"@type":"WebPage","@id":"https:\/\/tourtravelandmore.com\/es\/tours\/canada-es\/montreal-es\/montreal-actividades-es\/tour-privado-de-montreal-copy\/","url":"https:\/\/tourtravelandmore.com\/es\/tours\/canada-es\/montreal-es\/montreal-actividades-es\/tour-privado-de-montreal-copy\/","name":"Tour privado a pie: Ciudad subterr\u00e1nea y centro de Montreal | TTM","isPartOf":{"@id":"https:\/\/tourtravelandmore.com\/es\/#website"},"primaryImageOfPage":{"@id":"https:\/\/tourtravelandmore.com\/es\/tours\/canada-es\/montreal-es\/montreal-actividades-es\/tour-privado-de-montreal-copy\/#primaryimage"},"image":{"@id":"https:\/\/tourtravelandmore.com\/es\/tours\/canada-es\/montreal-es\/montreal-actividades-es\/tour-privado-de-montreal-copy\/#primaryimage"},"thumbnailUrl":"https:\/\/tourtravelandmore.com\/wp-content\/uploads\/2024\/09\/pexels-nancy-bourque-2244823-scaled.jpg","datePublished":"2024-09-10T14:29:37+00:00","dateModified":"2024-09-10T18:14:47+00:00","description":"\u00danase a nosotros en este tour privado por Montreal y tenga la oportunidad de disfrutar de la parte hist\u00f3rica de Montreal \u2705","breadcrumb":{"@id":"https:\/\/tourtravelandmore.com\/es\/tours\/canada-es\/montreal-es\/montreal-actividades-es\/tour-privado-de-montreal-copy\/#breadcrumb"},"inLanguage":"es","potentialAction":[{"@type":"ReadAction","target":["https:\/\/tourtravelandmore.com\/es\/tours\/canada-es\/montreal-es\/montreal-actividades-es\/tour-privado-de-montreal-copy\/"]}]},{"@type":"ImageObject","inLanguage":"es","@id":"https:\/\/tourtravelandmore.com\/es\/tours\/canada-es\/montreal-es\/montreal-actividades-es\/tour-privado-de-montreal-copy\/#primaryimage","url":"https:\/\/tourtravelandmore.com\/wp-content\/uploads\/2024\/09\/pexels-nancy-bourque-2244823-scaled.jpg","contentUrl":"https:\/\/tourtravelandmore.com\/wp-content\/uploads\/2024\/09\/pexels-nancy-bourque-2244823-scaled.jpg","width":2560,"height":1707},{"@type":"BreadcrumbList","@id":"https:\/\/tourtravelandmore.com\/es\/tours\/canada-es\/montreal-es\/montreal-actividades-es\/tour-privado-de-montreal-copy\/#breadcrumb","itemListElement":[{"@type":"ListItem","position":1,"name":"Home","item":"https:\/\/tourtravelandmore.com\/es\/"},{"@type":"ListItem","position":2,"name":"Tours","item":"https:\/\/tourtravelandmore.com\/es\/tours\/"},{"@type":"ListItem","position":3,"name":"Tour privado a pie: Ciudad subterr\u00e1nea y centro de Montreal"}]},{"@type":"WebSite","@id":"https:\/\/tourtravelandmore.com\/es\/#website","url":"https:\/\/tourtravelandmore.com\/es\/","name":"Tour Travel And More","description":"Private sightseeing tours and luxury transfers in Spain","publisher":{"@id":"https:\/\/tourtravelandmore.com\/es\/#organization"},"potentialAction":[{"@type":"SearchAction","target":{"@type":"EntryPoint","urlTemplate":"https:\/\/tourtravelandmore.com\/es\/?s={search_term_string}"},"query-input":{"@type":"PropertyValueSpecification","valueRequired":true,"valueName":"search_term_string"}}],"inLanguage":"es"},{"@type":"Organization","@id":"https:\/\/tourtravelandmore.com\/es\/#organization","name":"Tour Travel And More","url":"https:\/\/tourtravelandmore.com\/es\/","logo":{"@type":"ImageObject","inLanguage":"es","@id":"https:\/\/tourtravelandmore.com\/es\/#\/schema\/logo\/image\/","url":"https:\/\/tourtravelandmore.com\/wp-content\/uploads\/2022\/12\/cropped-logo-cabecera-new.png","contentUrl":"https:\/\/tourtravelandmore.com\/wp-content\/uploads\/2022\/12\/cropped-logo-cabecera-new.png","width":430,"height":61,"caption":"Tour Travel And More"},"image":{"@id":"https:\/\/tourtravelandmore.com\/es\/#\/schema\/logo\/image\/"},"sameAs":["https:\/\/www.facebook.com\/tourtravelandmore\/","https:\/\/x.com\/TourTravel_More"]}]}},"_links":{"self":[{"href":"https:\/\/tourtravelandmore.com\/es\/wp-json\/wp\/v2\/product\/177791","targetHints":{"allow":["GET"]}}],"collection":[{"href":"https:\/\/tourtravelandmore.com\/es\/wp-json\/wp\/v2\/product"}],"about":[{"href":"https:\/\/tourtravelandmore.com\/es\/wp-json\/wp\/v2\/types\/product"}],"replies":[{"embeddable":true,"href":"https:\/\/tourtravelandmore.com\/es\/wp-json\/wp\/v2\/comments?post=177791"}],"wp:featuredmedia":[{"embeddable":true,"href":"https:\/\/tourtravelandmore.com\/es\/wp-json\/wp\/v2\/media\/177810"}],"wp:attachment":[{"href":"https:\/\/tourtravelandmore.com\/es\/wp-json\/wp\/v2\/media?parent=177791"}],"wp:term":[{"taxonomy":"product_brand","embeddable":true,"href":"https:\/\/tourtravelandmore.com\/es\/wp-json\/wp\/v2\/product_brand?post=177791"},{"taxonomy":"product_cat","embeddable":true,"href":"https:\/\/tourtravelandmore.com\/es\/wp-json\/wp\/v2\/product_cat?post=177791"},{"taxonomy":"product_tag","embeddable":true,"href":"https:\/\/tourtravelandmore.com\/es\/wp-json\/wp\/v2\/product_tag?post=177791"}],"curies":[{"name":"wp","href":"https:\/\/api.w.org\/{rel}","templated":true}]}}